





{"id":42340,"date":"2021-08-20T17:38:19","date_gmt":"2021-08-20T15:38:19","guid":{"rendered":"https:\/\/repliquemangacine.fr\/?post_type=product&#038;p=42340"},"modified":"2025-11-10T16:22:23","modified_gmt":"2025-11-10T15:22:23","slug":"hoja-oculta-bandera-negra-guantelete-assassins-creed","status":"publish","type":"product","link":"https:\/\/repliquemangacine.fr\/es\/gantelets-assassins-creed\/lame-dissimulee-gantelet-assassins-creed-black-flag\/","title":{"rendered":"Hoja de guantelete oculta"},"content":{"rendered":"<h2>Hoja de guantelete oculta en Assassin's Creed Black Flag.<\/h2>\n<p>Para empezar, el <strong>Hoja de guantelete oculta<\/strong> en Assassin\u2019s Creed Black Flag es una de las espadas secretas de Edward. De hecho, se ha profundizado en el manejo de dos armas. Edward es capaz de llevar hasta cuatro pistolas y encadenar tantos enemigos en pocos segundos.<\/p>\n<p>Adem\u00e1s de sus pistolas y sus cuchillas secretas, Edward est\u00e1 equipado con un par de sables. La cerbatana, que apareci\u00f3 en Assassin's Creed III: Liberation, vuelve a aparecer en Black Flag, al igual que la daga con cuerda.<\/p>\n<p><a href=\"https:\/\/assassinscreed.fandom.com\/fr\/wiki\/Assassin's_Creed_IV:_Black_Flag\" target=\"_blank\" rel=\"noopener noreferrer\">Assassin's Creed Black Flag<\/a> es la historia de Edward Kenway, un joven brit\u00e1nico sediento de peligros y aventuras. Pirata feroz y avezado luchador, su b\u00fasqueda de gloria y fortuna le granjea el respeto de piratas legendarios. Tambi\u00e9n se ve inmerso en el coraz\u00f3n de la antigua guerra entre los Asesinos y los Templarios.<\/p>\n<h2>Your Hidden Blade Gauntlet in Assassin's Creed al mejor precio<\/h2>\n<p>Te ofrecemos una amplia selecci\u00f3n de r\u00e9plicas del famoso videojuego Assassin\u2019s Creed.<\/p>\n<p>Lo primero y m\u00e1s importante,<\/p>\n<ul>\n<li>El famoso <a href=\"https:\/\/repliquemangacine.fr\/es\/assassins-creed\/varilla-espada-assassins-creed\/\">Bast\u00f3n espada de Jacob<\/a> en Assassin's Creed Syndicate.<\/li>\n<li>Tambi\u00e9n est\u00e1n todos los <a href=\"https:\/\/repliquemangacine.fr\/es\/assassins-creed\/hachas-assassins-creed-valhalla\/\">dos ejes Eivor<\/a> Varinsdottir en Assassin's Creed Valhalla.<\/li>\n<li>Pero tambi\u00e9n la <a href=\"https:\/\/repliquemangacine.fr\/es\/assassins-creed\/edward-kenway-pistola-italiana-de-chispa-assassin-s-creed-iv\/\">La pistola de Edward Kenway<\/a> en Assassin's Creed Black Flag.<\/li>\n<li>Y muchos m\u00e1s por descubrir en nuestra tienda en l\u00ednea.<\/li>\n<\/ul>\n<p>Por eso, aqu\u00ed tienes unas ideas geniales para regalar a los fans de la hist\u00f3rica serie de videojuegos Assassin's Creed.<\/p>\n<p>En conclusi\u00f3n, puede utilizar el <strong>Hoja de guantelete oculta<\/strong> para tus desfiles de cosplay o para tus fiestas tem\u00e1ticas.<\/p>\n<p>Pero, ante todo, esta hoja es una pieza de colecci\u00f3n y decoraci\u00f3n.<\/p>\n<h2>Nuestros \u00faltimos lanzamientos baratos de Assassin's Creed<\/h2>\n<p>Nuestro objetivo es satisfacerle, por eso hacemos todo lo posible para encontrar los objetos de colecci\u00f3n que busca. \u00a1No dude en hacernos llegar sus solicitudes y comentarios para que podamos continuar juntos esta aventura!<\/p>\n<p>Siempre a la vanguardia de las novedades y atentos a sus b\u00fasquedas de productos, tenemos el placer de ofrecerle algunas peque\u00f1as joyas como:<\/p>\n<ul>\n<li>Las dos Hachas de Eivor en Assassin's creed Valhalla.<\/li>\n<li>La \u00faltima incorporaci\u00f3n a la <a href=\"https:\/\/repliquemangacine.fr\/es\/assassins-creed-espadas-assassins-creed-armas\/marteau-thor-assassins-creed-valhalla\/\">martillo de thor<\/a> en Assassin's Creed Valhalla<\/li>\n<li>Y hay mucho m\u00e1s por venir, como las figuritas de Assassin's Creed.<\/li>\n<\/ul>\n<p>r\u00e9plica Manga Cin\u00e9 es una empresa familiar francesa.<\/p>","protected":false},"excerpt":{"rendered":"<p>Guantelete con hoja pirata oculta usado por Edward Kenway en Assassin's Creed IV Black Flag.<\/p>\n<ul>\n<li>Hoja retr\u00e1ctil de pl\u00e1stico con resorte.<\/li>\n<li>Bloquea y suelta la hoja con una acci\u00f3n de navaja interruptora, igual que en el juego.<\/li>\n<li>La hoja se sujeta a la parte inferior del antebrazo mediante correas ajustables.<\/li>\n<li>Guantelete negro estilo polipiel.<\/li>\n<li>Hebilla en forma de calavera, r\u00e9plica exacta de la que llevaba Edward Kenway.<\/li>\n<li>Este broche en forma de lazo tambi\u00e9n se puede llevar puesto.<\/li>\n<li>Se entrega en una caja con el logotipo del juego<\/li>\n<\/ul>","protected":false},"featured_media":42341,"template":"","meta":[],"product_brand":[896],"product_cat":[48,835,23],"product_tag":[],"class_list":{"0":"post-42340","1":"product","2":"type-product","3":"status-publish","4":"has-post-thumbnail","6":"product_brand-replique-manga-cine","7":"product_cat-epees-assassins-creed-armes-assassins-creed","8":"product_cat-gantelets-assassins-creed","9":"product_cat-repliques-manga-jeux-video","11":"first","12":"outofstock","13":"taxable","14":"shipping-taxable","15":"purchasable","16":"product-type-simple"},"yoast_head":"<!-- This site is optimized with the Yoast SEO plugin v27.4 - https:\/\/yoast.com\/product\/yoast-seo-wordpress\/ -->\n<title>Lame dissimul\u00e9e gantelet - R\u00e9plique Manga Cin\u00e9<\/title>\n<meta name=\"description\" content=\"Commandez vite ! Cette Lame dissimul\u00e9e gantelet dans Assassin&#039;s Creed Black flag au meilleur prix. Brassard en simili cuir noir. Lame r\u00e9tractable\" \/>\n<meta name=\"robots\" content=\"index, follow, max-snippet:-1, max-image-preview:large, max-video-preview:-1\" \/>\n<link rel=\"canonical\" href=\"https:\/\/repliquemangacine.fr\/es\/guanteletes-assassins-creed\/hoja-oculta-bandera-negra-guantelete-assassins-creed\/\" \/>\n<meta property=\"og:locale\" content=\"es_ES\" \/>\n<meta property=\"og:type\" content=\"article\" \/>\n<meta property=\"og:title\" content=\"Lame dissimul\u00e9e gantelet - R\u00e9plique Manga Cin\u00e9\" \/>\n<meta property=\"og:description\" content=\"Commandez vite ! Cette Lame dissimul\u00e9e gantelet dans Assassin&#039;s Creed Black flag au meilleur prix. Brassard en simili cuir noir. Lame r\u00e9tractable\" \/>\n<meta property=\"og:url\" content=\"https:\/\/repliquemangacine.fr\/es\/guanteletes-assassins-creed\/hoja-oculta-bandera-negra-guantelete-assassins-creed\/\" \/>\n<meta property=\"og:site_name\" content=\"R\u00e9plique Manga Cin\u00e9\" \/>\n<meta property=\"article:publisher\" content=\"https:\/\/www.facebook.com\/RepliqueMangaCine\" \/>\n<meta property=\"article:modified_time\" content=\"2025-11-10T15:22:23+00:00\" \/>\n<meta property=\"og:image\" content=\"https:\/\/repliquemangacine.fr\/wp-content\/uploads\/2023\/10\/lame-pirate.jpg\" \/>\n\t<meta property=\"og:image:width\" content=\"800\" \/>\n\t<meta property=\"og:image:height\" content=\"800\" \/>\n\t<meta property=\"og:image:type\" content=\"image\/jpeg\" \/>\n<meta name=\"twitter:card\" content=\"summary_large_image\" \/>\n<meta name=\"twitter:label1\" content=\"Tiempo de lectura\" \/>\n\t<meta name=\"twitter:data1\" content=\"2 minutos\" \/>\n<script type=\"application\/ld+json\" class=\"yoast-schema-graph\">{\"@context\":\"https:\\\/\\\/schema.org\",\"@graph\":[{\"@type\":\"WebPage\",\"@id\":\"https:\\\/\\\/repliquemangacine.fr\\\/gantelets-assassins-creed\\\/lame-dissimulee-gantelet-assassins-creed-black-flag\\\/\",\"url\":\"https:\\\/\\\/repliquemangacine.fr\\\/gantelets-assassins-creed\\\/lame-dissimulee-gantelet-assassins-creed-black-flag\\\/\",\"name\":\"Lame dissimul\u00e9e gantelet - R\u00e9plique Manga Cin\u00e9\",\"isPartOf\":{\"@id\":\"https:\\\/\\\/repliquemangacine.fr\\\/#website\"},\"primaryImageOfPage\":{\"@id\":\"https:\\\/\\\/repliquemangacine.fr\\\/gantelets-assassins-creed\\\/lame-dissimulee-gantelet-assassins-creed-black-flag\\\/#primaryimage\"},\"image\":{\"@id\":\"https:\\\/\\\/repliquemangacine.fr\\\/gantelets-assassins-creed\\\/lame-dissimulee-gantelet-assassins-creed-black-flag\\\/#primaryimage\"},\"thumbnailUrl\":\"https:\\\/\\\/repliquemangacine.fr\\\/wp-content\\\/uploads\\\/2023\\\/10\\\/lame-pirate.jpg\",\"datePublished\":\"2021-08-20T15:38:19+00:00\",\"dateModified\":\"2025-11-10T15:22:23+00:00\",\"description\":\"Commandez vite ! Cette Lame dissimul\u00e9e gantelet dans Assassin's Creed Black flag au meilleur prix. Brassard en simili cuir noir. Lame r\u00e9tractable\",\"breadcrumb\":{\"@id\":\"https:\\\/\\\/repliquemangacine.fr\\\/gantelets-assassins-creed\\\/lame-dissimulee-gantelet-assassins-creed-black-flag\\\/#breadcrumb\"},\"inLanguage\":\"es\",\"potentialAction\":[{\"@type\":\"ReadAction\",\"target\":[\"https:\\\/\\\/repliquemangacine.fr\\\/gantelets-assassins-creed\\\/lame-dissimulee-gantelet-assassins-creed-black-flag\\\/\"]}]},{\"@type\":\"ImageObject\",\"inLanguage\":\"es\",\"@id\":\"https:\\\/\\\/repliquemangacine.fr\\\/gantelets-assassins-creed\\\/lame-dissimulee-gantelet-assassins-creed-black-flag\\\/#primaryimage\",\"url\":\"https:\\\/\\\/repliquemangacine.fr\\\/wp-content\\\/uploads\\\/2023\\\/10\\\/lame-pirate.jpg\",\"contentUrl\":\"https:\\\/\\\/repliquemangacine.fr\\\/wp-content\\\/uploads\\\/2023\\\/10\\\/lame-pirate.jpg\",\"width\":800,\"height\":800,\"caption\":\"Lame dissimul\u00e9e gantelet\"},{\"@type\":\"BreadcrumbList\",\"@id\":\"https:\\\/\\\/repliquemangacine.fr\\\/gantelets-assassins-creed\\\/lame-dissimulee-gantelet-assassins-creed-black-flag\\\/#breadcrumb\",\"itemListElement\":[{\"@type\":\"ListItem\",\"position\":1,\"name\":\"Accueil\",\"item\":\"https:\\\/\\\/repliquemangacine.fr\\\/\"},{\"@type\":\"ListItem\",\"position\":2,\"name\":\"Produits\",\"item\":\"https:\\\/\\\/repliquemangacine.fr\\\/boutique\\\/\"},{\"@type\":\"ListItem\",\"position\":3,\"name\":\"Lame dissimul\u00e9e gantelet\"}]},{\"@type\":\"WebSite\",\"@id\":\"https:\\\/\\\/repliquemangacine.fr\\\/#website\",\"url\":\"https:\\\/\\\/repliquemangacine.fr\\\/\",\"name\":\"R\u00e9plique Manga Cin\u00e9\",\"description\":\"\",\"publisher\":{\"@id\":\"https:\\\/\\\/repliquemangacine.fr\\\/#organization\"},\"potentialAction\":[{\"@type\":\"SearchAction\",\"target\":{\"@type\":\"EntryPoint\",\"urlTemplate\":\"https:\\\/\\\/repliquemangacine.fr\\\/?s={search_term_string}\"},\"query-input\":{\"@type\":\"PropertyValueSpecification\",\"valueRequired\":true,\"valueName\":\"search_term_string\"}}],\"inLanguage\":\"es\"},{\"@type\":\"Organization\",\"@id\":\"https:\\\/\\\/repliquemangacine.fr\\\/#organization\",\"name\":\"R\u00e9plique Manga Cin\u00e9\",\"url\":\"https:\\\/\\\/repliquemangacine.fr\\\/\",\"logo\":{\"@type\":\"ImageObject\",\"inLanguage\":\"es\",\"@id\":\"https:\\\/\\\/repliquemangacine.fr\\\/#\\\/schema\\\/logo\\\/image\\\/\",\"url\":\"https:\\\/\\\/repliquemangacine.fr\\\/wp-content\\\/uploads\\\/2023\\\/10\\\/RMC-500250.png\",\"contentUrl\":\"https:\\\/\\\/repliquemangacine.fr\\\/wp-content\\\/uploads\\\/2023\\\/10\\\/RMC-500250.png\",\"width\":500,\"height\":250,\"caption\":\"R\u00e9plique Manga Cin\u00e9\"},\"image\":{\"@id\":\"https:\\\/\\\/repliquemangacine.fr\\\/#\\\/schema\\\/logo\\\/image\\\/\"},\"sameAs\":[\"https:\\\/\\\/www.facebook.com\\\/RepliqueMangaCine\",\"https:\\\/\\\/www.instagram.com\\\/repliquemangacine.fr\\\/\"]}]}<\/script>\n<!-- \/ Yoast SEO plugin. -->","yoast_head_json":{"title":"Hoja de guantelete oculta - R\u00e9plique Manga Cin\u00e9","description":"\u00a1P\u00eddelo ya! Este guantelete oculto Blade en la bandera de Assassin's Creed Black al mejor precio. Pu\u00f1o de cuero artificial negro. Hoja retr\u00e1ctil","robots":{"index":"index","follow":"follow","max-snippet":"max-snippet:-1","max-image-preview":"max-image-preview:large","max-video-preview":"max-video-preview:-1"},"canonical":"https:\/\/repliquemangacine.fr\/es\/guanteletes-assassins-creed\/hoja-oculta-bandera-negra-guantelete-assassins-creed\/","og_locale":"es_ES","og_type":"article","og_title":"Lame dissimul\u00e9e gantelet - R\u00e9plique Manga Cin\u00e9","og_description":"Commandez vite ! Cette Lame dissimul\u00e9e gantelet dans Assassin's Creed Black flag au meilleur prix. Brassard en simili cuir noir. Lame r\u00e9tractable","og_url":"https:\/\/repliquemangacine.fr\/es\/guanteletes-assassins-creed\/hoja-oculta-bandera-negra-guantelete-assassins-creed\/","og_site_name":"R\u00e9plique Manga Cin\u00e9","article_publisher":"https:\/\/www.facebook.com\/RepliqueMangaCine","article_modified_time":"2025-11-10T15:22:23+00:00","og_image":[{"width":800,"height":800,"url":"https:\/\/repliquemangacine.fr\/wp-content\/uploads\/2023\/10\/lame-pirate.jpg","type":"image\/jpeg"}],"twitter_card":"summary_large_image","twitter_misc":{"Tiempo de lectura":"2 minutos"},"schema":{"@context":"https:\/\/schema.org","@graph":[{"@type":"WebPage","@id":"https:\/\/repliquemangacine.fr\/gantelets-assassins-creed\/lame-dissimulee-gantelet-assassins-creed-black-flag\/","url":"https:\/\/repliquemangacine.fr\/gantelets-assassins-creed\/lame-dissimulee-gantelet-assassins-creed-black-flag\/","name":"Hoja de guantelete oculta - R\u00e9plique Manga Cin\u00e9","isPartOf":{"@id":"https:\/\/repliquemangacine.fr\/#website"},"primaryImageOfPage":{"@id":"https:\/\/repliquemangacine.fr\/gantelets-assassins-creed\/lame-dissimulee-gantelet-assassins-creed-black-flag\/#primaryimage"},"image":{"@id":"https:\/\/repliquemangacine.fr\/gantelets-assassins-creed\/lame-dissimulee-gantelet-assassins-creed-black-flag\/#primaryimage"},"thumbnailUrl":"https:\/\/repliquemangacine.fr\/wp-content\/uploads\/2023\/10\/lame-pirate.jpg","datePublished":"2021-08-20T15:38:19+00:00","dateModified":"2025-11-10T15:22:23+00:00","description":"\u00a1P\u00eddelo ya! Este guantelete oculto Blade en la bandera de Assassin's Creed Black al mejor precio. Pu\u00f1o de cuero artificial negro. Hoja retr\u00e1ctil","breadcrumb":{"@id":"https:\/\/repliquemangacine.fr\/gantelets-assassins-creed\/lame-dissimulee-gantelet-assassins-creed-black-flag\/#breadcrumb"},"inLanguage":"es","potentialAction":[{"@type":"ReadAction","target":["https:\/\/repliquemangacine.fr\/gantelets-assassins-creed\/lame-dissimulee-gantelet-assassins-creed-black-flag\/"]}]},{"@type":"ImageObject","inLanguage":"es","@id":"https:\/\/repliquemangacine.fr\/gantelets-assassins-creed\/lame-dissimulee-gantelet-assassins-creed-black-flag\/#primaryimage","url":"https:\/\/repliquemangacine.fr\/wp-content\/uploads\/2023\/10\/lame-pirate.jpg","contentUrl":"https:\/\/repliquemangacine.fr\/wp-content\/uploads\/2023\/10\/lame-pirate.jpg","width":800,"height":800,"caption":"Lame dissimul\u00e9e gantelet"},{"@type":"BreadcrumbList","@id":"https:\/\/repliquemangacine.fr\/gantelets-assassins-creed\/lame-dissimulee-gantelet-assassins-creed-black-flag\/#breadcrumb","itemListElement":[{"@type":"ListItem","position":1,"name":"Accueil","item":"https:\/\/repliquemangacine.fr\/"},{"@type":"ListItem","position":2,"name":"Produits","item":"https:\/\/repliquemangacine.fr\/boutique\/"},{"@type":"ListItem","position":3,"name":"Lame dissimul\u00e9e gantelet"}]},{"@type":"WebSite","@id":"https:\/\/repliquemangacine.fr\/#website","url":"https:\/\/repliquemangacine.fr\/","name":"R\u00e9plique Manga Cin\u00e9","description":"","publisher":{"@id":"https:\/\/repliquemangacine.fr\/#organization"},"potentialAction":[{"@type":"SearchAction","target":{"@type":"EntryPoint","urlTemplate":"https:\/\/repliquemangacine.fr\/?s={search_term_string}"},"query-input":{"@type":"PropertyValueSpecification","valueRequired":true,"valueName":"search_term_string"}}],"inLanguage":"es"},{"@type":"Organization","@id":"https:\/\/repliquemangacine.fr\/#organization","name":"R\u00e9plique Manga Cin\u00e9","url":"https:\/\/repliquemangacine.fr\/","logo":{"@type":"ImageObject","inLanguage":"es","@id":"https:\/\/repliquemangacine.fr\/#\/schema\/logo\/image\/","url":"https:\/\/repliquemangacine.fr\/wp-content\/uploads\/2023\/10\/RMC-500250.png","contentUrl":"https:\/\/repliquemangacine.fr\/wp-content\/uploads\/2023\/10\/RMC-500250.png","width":500,"height":250,"caption":"R\u00e9plique Manga Cin\u00e9"},"image":{"@id":"https:\/\/repliquemangacine.fr\/#\/schema\/logo\/image\/"},"sameAs":["https:\/\/www.facebook.com\/RepliqueMangaCine","https:\/\/www.instagram.com\/repliquemangacine.fr\/"]}]}},"_links":{"self":[{"href":"https:\/\/repliquemangacine.fr\/es\/wp-json\/wp\/v2\/product\/42340","targetHints":{"allow":["GET"]}}],"collection":[{"href":"https:\/\/repliquemangacine.fr\/es\/wp-json\/wp\/v2\/product"}],"about":[{"href":"https:\/\/repliquemangacine.fr\/es\/wp-json\/wp\/v2\/types\/product"}],"wp:featuredmedia":[{"embeddable":true,"href":"https:\/\/repliquemangacine.fr\/es\/wp-json\/wp\/v2\/media\/42341"}],"wp:attachment":[{"href":"https:\/\/repliquemangacine.fr\/es\/wp-json\/wp\/v2\/media?parent=42340"}],"wp:term":[{"taxonomy":"product_brand","embeddable":true,"href":"https:\/\/repliquemangacine.fr\/es\/wp-json\/wp\/v2\/product_brand?post=42340"},{"taxonomy":"product_cat","embeddable":true,"href":"https:\/\/repliquemangacine.fr\/es\/wp-json\/wp\/v2\/product_cat?post=42340"},{"taxonomy":"product_tag","embeddable":true,"href":"https:\/\/repliquemangacine.fr\/es\/wp-json\/wp\/v2\/product_tag?post=42340"}],"curies":[{"name":"wp","href":"https:\/\/api.w.org\/{rel}","templated":true}]}}