





{"id":42325,"date":"2021-08-20T12:52:27","date_gmt":"2021-08-20T10:52:27","guid":{"rendered":"https:\/\/repliquemangacine.fr\/?post_type=product&#038;p=42325"},"modified":"2025-09-23T18:02:38","modified_gmt":"2025-09-23T16:02:38","slug":"ghost-blade-assassins-creed-unity","status":"publish","type":"product","link":"https:\/\/repliquemangacine.fr\/es\/gantelets-assassins-creed\/lame-fantome-assassins-creed-unity\/","title":{"rendered":"Hoja fantasma de Assassin's Creed Unity"},"content":{"rendered":"<h2>Assassin's Creed-Unity Phantom Blade.<\/h2>\n<p>Para empezar, el <strong>Assassin's Creed-Unity Ghost Blade<\/strong> Es una modificaci\u00f3n de la hoja secreta introducida y adoptada por las cofrad\u00edas francesas de los Asesinos, especialmente durante la Revoluci\u00f3n.<\/p>\n<p>Esta ballesta miniatura y retr\u00e1ctil, sujeta al brazalete, permit\u00eda disparar silenciosamente cuchillas afiladas a unos veinte metros de distancia.<\/p>\n<p>La hoja extra\u00edda, diferente de la hoja secreta, se coloca debajo de esta \u00faltima. El arco se despliega tras accionar un mecanismo de tracci\u00f3n con forma de insignia de los Asesinos, conectado a ambos extremos de la ballesta mediante cuerdas.<\/p>\n<p>La <a href=\"https:\/\/assassinscreed.fandom.com\/fr\/wiki\/Lame_fant\u00f4me\" target=\"_blank\" rel=\"noopener noreferrer\">Hoja fantasma<\/a> pod\u00eda disparar dos tipos de proyectiles: cuchillas est\u00e1ndar y cuchillas \"furia\" impregnadas de veneno. Una vez mejorada el arma, su usuario, incluido Arno Dorian, pod\u00eda disparar dos cuchillas sin tener que volver a amartillar la ballesta.<\/p>\n<h2>Tu Assassin's Creed-Unity Phantom Blade al mejor precio.<\/h2>\n<p>Te ofrecemos una amplia selecci\u00f3n de r\u00e9plicas del famoso videojuego Assassin\u2019s Creed.<\/p>\n<p>Lo primero y m\u00e1s importante,<\/p>\n<ul>\n<li>El famoso <a href=\"https:\/\/repliquemangacine.fr\/es\/assassins-creed\/epee-daltair-assassins-creed\/\">espada de Alta\u00efr<\/a> en la primera parte de la serie.<\/li>\n<li>Tambi\u00e9n existe la <a href=\"https:\/\/repliquemangacine.fr\/es\/assassins-creed\/assassin-s-creed-odyssey-replica-lanza-rota-de-leonidas\/\">La lanza rota de Le\u00f3nidas<\/a> en Assassin's Creed Odyssey.<\/li>\n<li>Pero tambi\u00e9n el sublime conjunto de <a href=\"https:\/\/repliquemangacine.fr\/es\/assassins-creed\/hachas-assassins-creed-valhalla\/\">dos hachas en Assassin's Creed Valhalla<\/a> utilizado por Eivor Varinsdottir.<\/li>\n<li>Y muchos m\u00e1s por descubrir en nuestra tienda en l\u00ednea.<\/li>\n<\/ul>\n<p>Por eso, aqu\u00ed tienes unas ideas geniales para regalar a los fans de la hist\u00f3rica serie de videojuegos Assassin's Creed.<\/p>\n<p>En conclusi\u00f3n, puedes utilizar la espada fantasma Assassin's Creed Unity para tus desfiles de cosplay o para tus fiestas tem\u00e1ticas. Pero, ante todo, esta espada es una pieza de colecci\u00f3n y decoraci\u00f3n.<\/p>\n<h2>Nuestros \u00faltimos lanzamientos baratos de Assassin's Creed<\/h2>\n<p>Nuestro objetivo es satisfacerle, por eso hacemos todo lo posible para encontrar los objetos de colecci\u00f3n que busca. \u00a1No dude en hacernos llegar sus solicitudes y comentarios para que podamos continuar juntos esta aventura!<\/p>\n<p>Siempre a la vanguardia de las novedades y atentos a sus b\u00fasquedas de productos, tenemos el placer de ofrecerle algunas peque\u00f1as joyas como:<\/p>\n<ul>\n<li>La \u00faltima incorporaci\u00f3n a la <a href=\"https:\/\/repliquemangacine.fr\/es\/assassins-creed-espadas-assassins-creed-armas\/marteau-thor-assassins-creed-valhalla\/\">El martillo de Thor en Assassin's Creed Valhalla<\/a><\/li>\n<li>Y hay mucho m\u00e1s por venir, como las figuritas de Assassin's Creed.<\/li>\n<\/ul>\n<p>r\u00e9plica Manga Cin\u00e9 es una empresa familiar francesa.<\/p>","protected":false},"excerpt":{"rendered":"<p>Hoja fantasma de Arno inspirada en Assassin's Creed Unity.<\/p>\n<ul>\n<li>Hoja secreta con bloqueo y desbloqueo.<\/li>\n<li>Brazo de ballesta desplegable y retr\u00e1ctil y armaz\u00f3n de pl\u00e1stico blando.<\/li>\n<li>Hoja de PVC y ballesta.<\/li>\n<li>Guantelete termopl\u00e1stico.<\/li>\n<li>Correa ajustable para adaptarse a todas las tallas.<\/li>\n<\/ul>","protected":false},"featured_media":42326,"template":"","meta":[],"product_brand":[896],"product_cat":[48,835,23],"product_tag":[],"class_list":{"0":"post-42325","1":"product","2":"type-product","3":"status-publish","4":"has-post-thumbnail","6":"product_brand-replique-manga-cine","7":"product_cat-epees-assassins-creed-armes-assassins-creed","8":"product_cat-gantelets-assassins-creed","9":"product_cat-repliques-manga-jeux-video","11":"first","12":"outofstock","13":"taxable","14":"shipping-taxable","15":"purchasable","16":"product-type-simple"},"yoast_head":"<!-- This site is optimized with the Yoast SEO plugin v27.4 - https:\/\/yoast.com\/product\/yoast-seo-wordpress\/ -->\n<title>Lame Fant\u00f4me Assassin&#039;s Creed-Unity - R\u00e9plique Manga Cin\u00e9<\/title>\n<meta name=\"description\" content=\"Achetez vite ! Votre Lame Fant\u00f4me Assassin&#039;s Creed-Unity au meilleur prix. Lame r\u00e9tractable \u00e0 ressort - Bras d&#039;arbal\u00e8te d\u00e9ployables - Envoi 24\/48h\" \/>\n<meta name=\"robots\" content=\"index, follow, max-snippet:-1, max-image-preview:large, max-video-preview:-1\" \/>\n<link rel=\"canonical\" href=\"https:\/\/repliquemangacine.fr\/es\/guanteletes-assassins-creed\/ghost-blade-assassins-creed-unity\/\" \/>\n<meta property=\"og:locale\" content=\"es_ES\" \/>\n<meta property=\"og:type\" content=\"article\" \/>\n<meta property=\"og:title\" content=\"Lame Fant\u00f4me Assassin&#039;s Creed-Unity - R\u00e9plique Manga Cin\u00e9\" \/>\n<meta property=\"og:description\" content=\"Achetez vite ! Votre Lame Fant\u00f4me Assassin&#039;s Creed-Unity au meilleur prix. Lame r\u00e9tractable \u00e0 ressort - Bras d&#039;arbal\u00e8te d\u00e9ployables - Envoi 24\/48h\" \/>\n<meta property=\"og:url\" content=\"https:\/\/repliquemangacine.fr\/es\/guanteletes-assassins-creed\/ghost-blade-assassins-creed-unity\/\" \/>\n<meta property=\"og:site_name\" content=\"R\u00e9plique Manga Cin\u00e9\" \/>\n<meta property=\"article:publisher\" content=\"https:\/\/www.facebook.com\/RepliqueMangaCine\" \/>\n<meta property=\"article:modified_time\" content=\"2025-09-23T16:02:38+00:00\" \/>\n<meta property=\"og:image\" content=\"https:\/\/repliquemangacine.fr\/wp-content\/uploads\/2023\/10\/lame-fantome.jpg\" \/>\n\t<meta property=\"og:image:width\" content=\"800\" \/>\n\t<meta property=\"og:image:height\" content=\"800\" \/>\n\t<meta property=\"og:image:type\" content=\"image\/jpeg\" \/>\n<meta name=\"twitter:card\" content=\"summary_large_image\" \/>\n<meta name=\"twitter:label1\" content=\"Tiempo de lectura\" \/>\n\t<meta name=\"twitter:data1\" content=\"1 minuto\" \/>\n<script type=\"application\/ld+json\" class=\"yoast-schema-graph\">{\"@context\":\"https:\\\/\\\/schema.org\",\"@graph\":[{\"@type\":\"WebPage\",\"@id\":\"https:\\\/\\\/repliquemangacine.fr\\\/gantelets-assassins-creed\\\/lame-fantome-assassins-creed-unity\\\/\",\"url\":\"https:\\\/\\\/repliquemangacine.fr\\\/gantelets-assassins-creed\\\/lame-fantome-assassins-creed-unity\\\/\",\"name\":\"Lame Fant\u00f4me Assassin's Creed-Unity - R\u00e9plique Manga Cin\u00e9\",\"isPartOf\":{\"@id\":\"https:\\\/\\\/repliquemangacine.fr\\\/#website\"},\"primaryImageOfPage\":{\"@id\":\"https:\\\/\\\/repliquemangacine.fr\\\/gantelets-assassins-creed\\\/lame-fantome-assassins-creed-unity\\\/#primaryimage\"},\"image\":{\"@id\":\"https:\\\/\\\/repliquemangacine.fr\\\/gantelets-assassins-creed\\\/lame-fantome-assassins-creed-unity\\\/#primaryimage\"},\"thumbnailUrl\":\"https:\\\/\\\/repliquemangacine.fr\\\/wp-content\\\/uploads\\\/2023\\\/10\\\/lame-fantome.jpg\",\"datePublished\":\"2021-08-20T10:52:27+00:00\",\"dateModified\":\"2025-09-23T16:02:38+00:00\",\"description\":\"Achetez vite ! Votre Lame Fant\u00f4me Assassin's Creed-Unity au meilleur prix. Lame r\u00e9tractable \u00e0 ressort - Bras d'arbal\u00e8te d\u00e9ployables - Envoi 24\\\/48h\",\"breadcrumb\":{\"@id\":\"https:\\\/\\\/repliquemangacine.fr\\\/gantelets-assassins-creed\\\/lame-fantome-assassins-creed-unity\\\/#breadcrumb\"},\"inLanguage\":\"es\",\"potentialAction\":[{\"@type\":\"ReadAction\",\"target\":[\"https:\\\/\\\/repliquemangacine.fr\\\/gantelets-assassins-creed\\\/lame-fantome-assassins-creed-unity\\\/\"]}]},{\"@type\":\"ImageObject\",\"inLanguage\":\"es\",\"@id\":\"https:\\\/\\\/repliquemangacine.fr\\\/gantelets-assassins-creed\\\/lame-fantome-assassins-creed-unity\\\/#primaryimage\",\"url\":\"https:\\\/\\\/repliquemangacine.fr\\\/wp-content\\\/uploads\\\/2023\\\/10\\\/lame-fantome.jpg\",\"contentUrl\":\"https:\\\/\\\/repliquemangacine.fr\\\/wp-content\\\/uploads\\\/2023\\\/10\\\/lame-fantome.jpg\",\"width\":800,\"height\":800,\"caption\":\"lame-fantome Assassin's Creed avec arbal\u00e8te\"},{\"@type\":\"BreadcrumbList\",\"@id\":\"https:\\\/\\\/repliquemangacine.fr\\\/gantelets-assassins-creed\\\/lame-fantome-assassins-creed-unity\\\/#breadcrumb\",\"itemListElement\":[{\"@type\":\"ListItem\",\"position\":1,\"name\":\"Accueil\",\"item\":\"https:\\\/\\\/repliquemangacine.fr\\\/\"},{\"@type\":\"ListItem\",\"position\":2,\"name\":\"Produits\",\"item\":\"https:\\\/\\\/repliquemangacine.fr\\\/boutique\\\/\"},{\"@type\":\"ListItem\",\"position\":3,\"name\":\"Lame Fant\u00f4me Assassin&#8217;s Creed Unity\"}]},{\"@type\":\"WebSite\",\"@id\":\"https:\\\/\\\/repliquemangacine.fr\\\/#website\",\"url\":\"https:\\\/\\\/repliquemangacine.fr\\\/\",\"name\":\"R\u00e9plique Manga Cin\u00e9\",\"description\":\"\",\"publisher\":{\"@id\":\"https:\\\/\\\/repliquemangacine.fr\\\/#organization\"},\"potentialAction\":[{\"@type\":\"SearchAction\",\"target\":{\"@type\":\"EntryPoint\",\"urlTemplate\":\"https:\\\/\\\/repliquemangacine.fr\\\/?s={search_term_string}\"},\"query-input\":{\"@type\":\"PropertyValueSpecification\",\"valueRequired\":true,\"valueName\":\"search_term_string\"}}],\"inLanguage\":\"es\"},{\"@type\":\"Organization\",\"@id\":\"https:\\\/\\\/repliquemangacine.fr\\\/#organization\",\"name\":\"R\u00e9plique Manga Cin\u00e9\",\"url\":\"https:\\\/\\\/repliquemangacine.fr\\\/\",\"logo\":{\"@type\":\"ImageObject\",\"inLanguage\":\"es\",\"@id\":\"https:\\\/\\\/repliquemangacine.fr\\\/#\\\/schema\\\/logo\\\/image\\\/\",\"url\":\"https:\\\/\\\/repliquemangacine.fr\\\/wp-content\\\/uploads\\\/2023\\\/10\\\/RMC-500250.png\",\"contentUrl\":\"https:\\\/\\\/repliquemangacine.fr\\\/wp-content\\\/uploads\\\/2023\\\/10\\\/RMC-500250.png\",\"width\":500,\"height\":250,\"caption\":\"R\u00e9plique Manga Cin\u00e9\"},\"image\":{\"@id\":\"https:\\\/\\\/repliquemangacine.fr\\\/#\\\/schema\\\/logo\\\/image\\\/\"},\"sameAs\":[\"https:\\\/\\\/www.facebook.com\\\/RepliqueMangaCine\",\"https:\\\/\\\/www.instagram.com\\\/repliquemangacine.fr\\\/\"]}]}<\/script>\n<!-- \/ Yoast SEO plugin. -->","yoast_head_json":{"title":"Assassin's Creed-Unity Ghost Blade - R\u00e9plique Manga Cin\u00e9","description":"\u00a1C\u00f3mpralo ya! Tu Assassin's Creed-Unity Ghost Blade al mejor precio. Hoja retr\u00e1ctil con resorte - Brazos de ballesta desplegables - Env\u00edo 24\/48h","robots":{"index":"index","follow":"follow","max-snippet":"max-snippet:-1","max-image-preview":"max-image-preview:large","max-video-preview":"max-video-preview:-1"},"canonical":"https:\/\/repliquemangacine.fr\/es\/guanteletes-assassins-creed\/ghost-blade-assassins-creed-unity\/","og_locale":"es_ES","og_type":"article","og_title":"Lame Fant\u00f4me Assassin's Creed-Unity - R\u00e9plique Manga Cin\u00e9","og_description":"Achetez vite ! Votre Lame Fant\u00f4me Assassin's Creed-Unity au meilleur prix. Lame r\u00e9tractable \u00e0 ressort - Bras d'arbal\u00e8te d\u00e9ployables - Envoi 24\/48h","og_url":"https:\/\/repliquemangacine.fr\/es\/guanteletes-assassins-creed\/ghost-blade-assassins-creed-unity\/","og_site_name":"R\u00e9plique Manga Cin\u00e9","article_publisher":"https:\/\/www.facebook.com\/RepliqueMangaCine","article_modified_time":"2025-09-23T16:02:38+00:00","og_image":[{"width":800,"height":800,"url":"https:\/\/repliquemangacine.fr\/wp-content\/uploads\/2023\/10\/lame-fantome.jpg","type":"image\/jpeg"}],"twitter_card":"summary_large_image","twitter_misc":{"Tiempo de lectura":"1 minuto"},"schema":{"@context":"https:\/\/schema.org","@graph":[{"@type":"WebPage","@id":"https:\/\/repliquemangacine.fr\/gantelets-assassins-creed\/lame-fantome-assassins-creed-unity\/","url":"https:\/\/repliquemangacine.fr\/gantelets-assassins-creed\/lame-fantome-assassins-creed-unity\/","name":"Assassin's Creed-Unity Ghost Blade - R\u00e9plique Manga Cin\u00e9","isPartOf":{"@id":"https:\/\/repliquemangacine.fr\/#website"},"primaryImageOfPage":{"@id":"https:\/\/repliquemangacine.fr\/gantelets-assassins-creed\/lame-fantome-assassins-creed-unity\/#primaryimage"},"image":{"@id":"https:\/\/repliquemangacine.fr\/gantelets-assassins-creed\/lame-fantome-assassins-creed-unity\/#primaryimage"},"thumbnailUrl":"https:\/\/repliquemangacine.fr\/wp-content\/uploads\/2023\/10\/lame-fantome.jpg","datePublished":"2021-08-20T10:52:27+00:00","dateModified":"2025-09-23T16:02:38+00:00","description":"\u00a1C\u00f3mpralo ya! Tu Assassin's Creed-Unity Ghost Blade al mejor precio. Hoja retr\u00e1ctil con resorte - Brazos de ballesta desplegables - Env\u00edo 24\/48h","breadcrumb":{"@id":"https:\/\/repliquemangacine.fr\/gantelets-assassins-creed\/lame-fantome-assassins-creed-unity\/#breadcrumb"},"inLanguage":"es","potentialAction":[{"@type":"ReadAction","target":["https:\/\/repliquemangacine.fr\/gantelets-assassins-creed\/lame-fantome-assassins-creed-unity\/"]}]},{"@type":"ImageObject","inLanguage":"es","@id":"https:\/\/repliquemangacine.fr\/gantelets-assassins-creed\/lame-fantome-assassins-creed-unity\/#primaryimage","url":"https:\/\/repliquemangacine.fr\/wp-content\/uploads\/2023\/10\/lame-fantome.jpg","contentUrl":"https:\/\/repliquemangacine.fr\/wp-content\/uploads\/2023\/10\/lame-fantome.jpg","width":800,"height":800,"caption":"lame-fantome Assassin's Creed avec arbal\u00e8te"},{"@type":"BreadcrumbList","@id":"https:\/\/repliquemangacine.fr\/gantelets-assassins-creed\/lame-fantome-assassins-creed-unity\/#breadcrumb","itemListElement":[{"@type":"ListItem","position":1,"name":"Accueil","item":"https:\/\/repliquemangacine.fr\/"},{"@type":"ListItem","position":2,"name":"Produits","item":"https:\/\/repliquemangacine.fr\/boutique\/"},{"@type":"ListItem","position":3,"name":"Lame Fant\u00f4me Assassin&#8217;s Creed Unity"}]},{"@type":"WebSite","@id":"https:\/\/repliquemangacine.fr\/#website","url":"https:\/\/repliquemangacine.fr\/","name":"R\u00e9plique Manga Cin\u00e9","description":"","publisher":{"@id":"https:\/\/repliquemangacine.fr\/#organization"},"potentialAction":[{"@type":"SearchAction","target":{"@type":"EntryPoint","urlTemplate":"https:\/\/repliquemangacine.fr\/?s={search_term_string}"},"query-input":{"@type":"PropertyValueSpecification","valueRequired":true,"valueName":"search_term_string"}}],"inLanguage":"es"},{"@type":"Organization","@id":"https:\/\/repliquemangacine.fr\/#organization","name":"R\u00e9plique Manga Cin\u00e9","url":"https:\/\/repliquemangacine.fr\/","logo":{"@type":"ImageObject","inLanguage":"es","@id":"https:\/\/repliquemangacine.fr\/#\/schema\/logo\/image\/","url":"https:\/\/repliquemangacine.fr\/wp-content\/uploads\/2023\/10\/RMC-500250.png","contentUrl":"https:\/\/repliquemangacine.fr\/wp-content\/uploads\/2023\/10\/RMC-500250.png","width":500,"height":250,"caption":"R\u00e9plique Manga Cin\u00e9"},"image":{"@id":"https:\/\/repliquemangacine.fr\/#\/schema\/logo\/image\/"},"sameAs":["https:\/\/www.facebook.com\/RepliqueMangaCine","https:\/\/www.instagram.com\/repliquemangacine.fr\/"]}]}},"_links":{"self":[{"href":"https:\/\/repliquemangacine.fr\/es\/wp-json\/wp\/v2\/product\/42325","targetHints":{"allow":["GET"]}}],"collection":[{"href":"https:\/\/repliquemangacine.fr\/es\/wp-json\/wp\/v2\/product"}],"about":[{"href":"https:\/\/repliquemangacine.fr\/es\/wp-json\/wp\/v2\/types\/product"}],"wp:featuredmedia":[{"embeddable":true,"href":"https:\/\/repliquemangacine.fr\/es\/wp-json\/wp\/v2\/media\/42326"}],"wp:attachment":[{"href":"https:\/\/repliquemangacine.fr\/es\/wp-json\/wp\/v2\/media?parent=42325"}],"wp:term":[{"taxonomy":"product_brand","embeddable":true,"href":"https:\/\/repliquemangacine.fr\/es\/wp-json\/wp\/v2\/product_brand?post=42325"},{"taxonomy":"product_cat","embeddable":true,"href":"https:\/\/repliquemangacine.fr\/es\/wp-json\/wp\/v2\/product_cat?post=42325"},{"taxonomy":"product_tag","embeddable":true,"href":"https:\/\/repliquemangacine.fr\/es\/wp-json\/wp\/v2\/product_tag?post=42325"}],"curies":[{"name":"wp","href":"https:\/\/api.w.org\/{rel}","templated":true}]}}