





{"id":42318,"date":"2021-08-20T11:39:02","date_gmt":"2021-08-20T09:39:02","guid":{"rendered":"https:\/\/repliquemangacine.fr\/?post_type=product&#038;p=42318"},"modified":"2025-09-23T18:02:38","modified_gmt":"2025-09-23T16:02:38","slug":"guantelete-dassassin-hoja-secreta","status":"publish","type":"product","link":"https:\/\/repliquemangacine.fr\/es\/gantelets-assassins-creed\/gantelet-dassassin-lame-secrete\/","title":{"rendered":"Guantelete de asesino, hoja secreta"},"content":{"rendered":"<h2>Hoja secreta del Guantelete del Asesino en Assassin's Creed Syndicate.<\/h2>\n<p>Para empezar, la hoja secreta del Guantelete del Asesino en <a href=\"https:\/\/assassinscreed.fandom.com\/wiki\/Assassin's_Creed:_Syndicate\" target=\"_blank\" rel=\"noopener noreferrer\">Assassin's Creed Syndicate<\/a> es distribuido por Ubisoft.<\/p>\n<p>En 1868, los dos asesinos brit\u00e1nicos Evie y Jacob Frye se propusieron recuperar Londres de manos de los templarios brit\u00e1nicos. Tras una guerra entre bandas con el jefe de una de ellas, los Frye se hicieron con su pistola de garfio rota.<\/p>\n<p>Convencido de que la pistola a\u00fan pod\u00eda resultar \u00fatil, Henry Green se las present\u00f3 al inventor Alexander Graham Bell, quien modific\u00f3 el lanzador para adaptarlo a los guanteletes de los Frye. Bell a\u00f1adi\u00f3 entonces una pistola de dardos al brazalete, lo que permit\u00eda a los gemelos disparar dardos alucin\u00f3genos a sus objetivos.<\/p>\n<p>Los Asesinos acumulan una gran variedad de equipamiento a su disposici\u00f3n, pero comienzan el juego con una hoja oculta en su guantelete de Asesino, bombas de humo y cuchillos arrojadizos.<\/p>\n<h2>Tu Guantelete de Asesino Secret Blade al mejor precio<\/h2>\n<p>Te ofrecemos una amplia selecci\u00f3n de r\u00e9plicas del famoso videojuego Assassin\u2019s Creed.<\/p>\n<p>En primer lugar,<\/p>\n<ul>\n<li>El famoso <a href=\"https:\/\/repliquemangacine.fr\/es\/assassins-creed\/varilla-espada-assassins-creed\/\">Bast\u00f3n espada de Jacob<\/a> en Assassin's Creed Syndicate.<\/li>\n<li>Tambi\u00e9n existe la <a href=\"https:\/\/repliquemangacine.fr\/es\/assassins-creed\/tomahawk-des-assassins-hache-connor-kenway\/\">Hacha Tomahawk<\/a> en Assassin's Creed 3.<\/li>\n<li>Pero tambi\u00e9n <a href=\"https:\/\/repliquemangacine.fr\/es\/assassins-creed\/altair-assassin-s-creed-cuchillos-arrojadizos\/\">Cuchillos arrojadizos Alta\u00efr<\/a>.<\/li>\n<li>Y muchos m\u00e1s por descubrir en nuestra tienda en l\u00ednea.<\/li>\n<\/ul>\n<p>Por eso, aqu\u00ed tienes unas ideas geniales para regalar a los fans de la hist\u00f3rica serie de videojuegos Assassin's Creed.<\/p>\n<p>En conclusi\u00f3n, puedes utilizar el guantelete de asesino con hoja secreta para tus desfiles de cosplay o para tus fiestas tem\u00e1ticas. Pero, ante todo, esta hoja es una pieza de colecci\u00f3n y decoraci\u00f3n.<\/p>\n<h2>Nuestros \u00faltimos lanzamientos baratos de Assassin's Creed<\/h2>\n<p>Nuestro objetivo es satisfacerle, por eso hacemos todo lo posible para encontrar los objetos de colecci\u00f3n que busca. \u00a1No dude en hacernos llegar sus solicitudes y comentarios para que podamos continuar juntos esta aventura!<\/p>\n<p>Siempre a la vanguardia de las novedades y atentos a sus b\u00fasquedas de productos, tenemos el placer de ofrecerle algunas peque\u00f1as joyas como:<\/p>\n<ul>\n<li>Las dos Hachas de Eivor en Assassin's creed Valhalla<\/li>\n<li>La \u00faltima incorporaci\u00f3n a la <a href=\"https:\/\/repliquemangacine.fr\/es\/assassins-creed-espadas-assassins-creed-armas\/marteau-thor-assassins-creed-valhalla\/\">El martillo de Thor en Assassin's Creed Valhalla<\/a><\/li>\n<li>Y hay mucho m\u00e1s por venir, como las figuritas de Assassin's Creed.<\/li>\n<\/ul>\n<p>r\u00e9plica Manga Cin\u00e9 es una empresa familiar francesa.<\/p>","protected":false},"excerpt":{"rendered":"<p>Esta r\u00e9plica a tama\u00f1o real del arma de Jacob est\u00e1 hecha de :<\/p>\n<ul>\n<li>Funcional hoja secreta retr\u00e1ctil accionada por resorte con bloqueo y desbloqueo de la hoja.<\/li>\n<li>Guantelete ABS.<\/li>\n<li>Hoja de ABS, con lanzador de garfios y ca\u00f1\u00f3n de dardos.<\/li>\n<li>Caja con los colores de Assassin's Creed Syndicate de Ubicollectible Ubisoft.<\/li>\n<\/ul>","protected":false},"featured_media":42319,"template":"","meta":[],"product_brand":[896],"product_cat":[48,835,23],"product_tag":[],"class_list":{"0":"post-42318","1":"product","2":"type-product","3":"status-publish","4":"has-post-thumbnail","6":"product_brand-replique-manga-cine","7":"product_cat-epees-assassins-creed-armes-assassins-creed","8":"product_cat-gantelets-assassins-creed","9":"product_cat-repliques-manga-jeux-video","11":"first","12":"outofstock","13":"sale","14":"taxable","15":"shipping-taxable","16":"purchasable","17":"product-type-simple"},"yoast_head":"<!-- This site is optimized with the Yoast SEO plugin v27.4 - https:\/\/yoast.com\/product\/yoast-seo-wordpress\/ -->\n<title>Gantelet d&#039;Assassin lame secr\u00e8te - R\u00e9plique Manga Cin\u00e9<\/title>\n<meta name=\"description\" content=\"Commandez vite ! Votre Gantelet d&#039;Assassin lame secr\u00e8te dans Assassin&#039;s Creed Syndicate d&#039;Ubisoft au meilleur prix. Lame en ABS r\u00e9tractable \u00e0 ressort.\" \/>\n<meta name=\"robots\" content=\"index, follow, max-snippet:-1, max-image-preview:large, max-video-preview:-1\" \/>\n<link rel=\"canonical\" href=\"https:\/\/repliquemangacine.fr\/es\/guanteletes-assassins-creed\/guantelete-dassassin-hoja-secreta\/\" \/>\n<meta property=\"og:locale\" content=\"es_ES\" \/>\n<meta property=\"og:type\" content=\"article\" \/>\n<meta property=\"og:title\" content=\"Gantelet d&#039;Assassin lame secr\u00e8te - R\u00e9plique Manga Cin\u00e9\" \/>\n<meta property=\"og:description\" content=\"Commandez vite ! Votre Gantelet d&#039;Assassin lame secr\u00e8te dans Assassin&#039;s Creed Syndicate d&#039;Ubisoft au meilleur prix. Lame en ABS r\u00e9tractable \u00e0 ressort.\" \/>\n<meta property=\"og:url\" content=\"https:\/\/repliquemangacine.fr\/es\/guanteletes-assassins-creed\/guantelete-dassassin-hoja-secreta\/\" \/>\n<meta property=\"og:site_name\" content=\"R\u00e9plique Manga Cin\u00e9\" \/>\n<meta property=\"article:publisher\" content=\"https:\/\/www.facebook.com\/RepliqueMangaCine\" \/>\n<meta property=\"article:modified_time\" content=\"2025-09-23T16:02:38+00:00\" \/>\n<meta property=\"og:image\" content=\"https:\/\/repliquemangacine.fr\/wp-content\/uploads\/2023\/10\/gantelet-dassassin.jpg\" \/>\n\t<meta property=\"og:image:width\" content=\"800\" \/>\n\t<meta property=\"og:image:height\" content=\"800\" \/>\n\t<meta property=\"og:image:type\" content=\"image\/jpeg\" \/>\n<meta name=\"twitter:card\" content=\"summary_large_image\" \/>\n<meta name=\"twitter:label1\" content=\"Tiempo de lectura\" \/>\n\t<meta name=\"twitter:data1\" content=\"2 minutos\" \/>\n<script type=\"application\/ld+json\" class=\"yoast-schema-graph\">{\"@context\":\"https:\\\/\\\/schema.org\",\"@graph\":[{\"@type\":\"WebPage\",\"@id\":\"https:\\\/\\\/repliquemangacine.fr\\\/gantelets-assassins-creed\\\/gantelet-dassassin-lame-secrete\\\/\",\"url\":\"https:\\\/\\\/repliquemangacine.fr\\\/gantelets-assassins-creed\\\/gantelet-dassassin-lame-secrete\\\/\",\"name\":\"Gantelet d'Assassin lame secr\u00e8te - R\u00e9plique Manga Cin\u00e9\",\"isPartOf\":{\"@id\":\"https:\\\/\\\/repliquemangacine.fr\\\/#website\"},\"primaryImageOfPage\":{\"@id\":\"https:\\\/\\\/repliquemangacine.fr\\\/gantelets-assassins-creed\\\/gantelet-dassassin-lame-secrete\\\/#primaryimage\"},\"image\":{\"@id\":\"https:\\\/\\\/repliquemangacine.fr\\\/gantelets-assassins-creed\\\/gantelet-dassassin-lame-secrete\\\/#primaryimage\"},\"thumbnailUrl\":\"https:\\\/\\\/repliquemangacine.fr\\\/wp-content\\\/uploads\\\/2023\\\/10\\\/gantelet-dassassin.jpg\",\"datePublished\":\"2021-08-20T09:39:02+00:00\",\"dateModified\":\"2025-09-23T16:02:38+00:00\",\"description\":\"Commandez vite ! Votre Gantelet d'Assassin lame secr\u00e8te dans Assassin's Creed Syndicate d'Ubisoft au meilleur prix. Lame en ABS r\u00e9tractable \u00e0 ressort.\",\"breadcrumb\":{\"@id\":\"https:\\\/\\\/repliquemangacine.fr\\\/gantelets-assassins-creed\\\/gantelet-dassassin-lame-secrete\\\/#breadcrumb\"},\"inLanguage\":\"es\",\"potentialAction\":[{\"@type\":\"ReadAction\",\"target\":[\"https:\\\/\\\/repliquemangacine.fr\\\/gantelets-assassins-creed\\\/gantelet-dassassin-lame-secrete\\\/\"]}]},{\"@type\":\"ImageObject\",\"inLanguage\":\"es\",\"@id\":\"https:\\\/\\\/repliquemangacine.fr\\\/gantelets-assassins-creed\\\/gantelet-dassassin-lame-secrete\\\/#primaryimage\",\"url\":\"https:\\\/\\\/repliquemangacine.fr\\\/wp-content\\\/uploads\\\/2023\\\/10\\\/gantelet-dassassin.jpg\",\"contentUrl\":\"https:\\\/\\\/repliquemangacine.fr\\\/wp-content\\\/uploads\\\/2023\\\/10\\\/gantelet-dassassin.jpg\",\"width\":800,\"height\":800,\"caption\":\"Gantelet d'Assassin lame secr\u00e8te\"},{\"@type\":\"BreadcrumbList\",\"@id\":\"https:\\\/\\\/repliquemangacine.fr\\\/gantelets-assassins-creed\\\/gantelet-dassassin-lame-secrete\\\/#breadcrumb\",\"itemListElement\":[{\"@type\":\"ListItem\",\"position\":1,\"name\":\"Accueil\",\"item\":\"https:\\\/\\\/repliquemangacine.fr\\\/\"},{\"@type\":\"ListItem\",\"position\":2,\"name\":\"Produits\",\"item\":\"https:\\\/\\\/repliquemangacine.fr\\\/boutique\\\/\"},{\"@type\":\"ListItem\",\"position\":3,\"name\":\"Gantelet d&#8217;Assassin lame secr\u00e8te\"}]},{\"@type\":\"WebSite\",\"@id\":\"https:\\\/\\\/repliquemangacine.fr\\\/#website\",\"url\":\"https:\\\/\\\/repliquemangacine.fr\\\/\",\"name\":\"R\u00e9plique Manga Cin\u00e9\",\"description\":\"\",\"publisher\":{\"@id\":\"https:\\\/\\\/repliquemangacine.fr\\\/#organization\"},\"potentialAction\":[{\"@type\":\"SearchAction\",\"target\":{\"@type\":\"EntryPoint\",\"urlTemplate\":\"https:\\\/\\\/repliquemangacine.fr\\\/?s={search_term_string}\"},\"query-input\":{\"@type\":\"PropertyValueSpecification\",\"valueRequired\":true,\"valueName\":\"search_term_string\"}}],\"inLanguage\":\"es\"},{\"@type\":\"Organization\",\"@id\":\"https:\\\/\\\/repliquemangacine.fr\\\/#organization\",\"name\":\"R\u00e9plique Manga Cin\u00e9\",\"url\":\"https:\\\/\\\/repliquemangacine.fr\\\/\",\"logo\":{\"@type\":\"ImageObject\",\"inLanguage\":\"es\",\"@id\":\"https:\\\/\\\/repliquemangacine.fr\\\/#\\\/schema\\\/logo\\\/image\\\/\",\"url\":\"https:\\\/\\\/repliquemangacine.fr\\\/wp-content\\\/uploads\\\/2023\\\/10\\\/RMC-500250.png\",\"contentUrl\":\"https:\\\/\\\/repliquemangacine.fr\\\/wp-content\\\/uploads\\\/2023\\\/10\\\/RMC-500250.png\",\"width\":500,\"height\":250,\"caption\":\"R\u00e9plique Manga Cin\u00e9\"},\"image\":{\"@id\":\"https:\\\/\\\/repliquemangacine.fr\\\/#\\\/schema\\\/logo\\\/image\\\/\"},\"sameAs\":[\"https:\\\/\\\/www.facebook.com\\\/RepliqueMangaCine\",\"https:\\\/\\\/www.instagram.com\\\/repliquemangacine.fr\\\/\"]}]}<\/script>\n<!-- \/ Yoast SEO plugin. -->","yoast_head_json":{"title":"Guantelete de asesino Secret Blade - R\u00e9plique Manga Cin\u00e9","description":"\u00a1P\u00eddelo ya! Tu hoja secreta de Assassin's Gauntlet en Assassin's Creed Syndicate de Ubisoft al mejor precio. Hoja ABS retr\u00e1ctil con resorte.","robots":{"index":"index","follow":"follow","max-snippet":"max-snippet:-1","max-image-preview":"max-image-preview:large","max-video-preview":"max-video-preview:-1"},"canonical":"https:\/\/repliquemangacine.fr\/es\/guanteletes-assassins-creed\/guantelete-dassassin-hoja-secreta\/","og_locale":"es_ES","og_type":"article","og_title":"Gantelet d'Assassin lame secr\u00e8te - R\u00e9plique Manga Cin\u00e9","og_description":"Commandez vite ! Votre Gantelet d'Assassin lame secr\u00e8te dans Assassin's Creed Syndicate d'Ubisoft au meilleur prix. Lame en ABS r\u00e9tractable \u00e0 ressort.","og_url":"https:\/\/repliquemangacine.fr\/es\/guanteletes-assassins-creed\/guantelete-dassassin-hoja-secreta\/","og_site_name":"R\u00e9plique Manga Cin\u00e9","article_publisher":"https:\/\/www.facebook.com\/RepliqueMangaCine","article_modified_time":"2025-09-23T16:02:38+00:00","og_image":[{"width":800,"height":800,"url":"https:\/\/repliquemangacine.fr\/wp-content\/uploads\/2023\/10\/gantelet-dassassin.jpg","type":"image\/jpeg"}],"twitter_card":"summary_large_image","twitter_misc":{"Tiempo de lectura":"2 minutos"},"schema":{"@context":"https:\/\/schema.org","@graph":[{"@type":"WebPage","@id":"https:\/\/repliquemangacine.fr\/gantelets-assassins-creed\/gantelet-dassassin-lame-secrete\/","url":"https:\/\/repliquemangacine.fr\/gantelets-assassins-creed\/gantelet-dassassin-lame-secrete\/","name":"Guantelete de asesino Secret Blade - R\u00e9plique Manga Cin\u00e9","isPartOf":{"@id":"https:\/\/repliquemangacine.fr\/#website"},"primaryImageOfPage":{"@id":"https:\/\/repliquemangacine.fr\/gantelets-assassins-creed\/gantelet-dassassin-lame-secrete\/#primaryimage"},"image":{"@id":"https:\/\/repliquemangacine.fr\/gantelets-assassins-creed\/gantelet-dassassin-lame-secrete\/#primaryimage"},"thumbnailUrl":"https:\/\/repliquemangacine.fr\/wp-content\/uploads\/2023\/10\/gantelet-dassassin.jpg","datePublished":"2021-08-20T09:39:02+00:00","dateModified":"2025-09-23T16:02:38+00:00","description":"\u00a1P\u00eddelo ya! Tu hoja secreta de Assassin's Gauntlet en Assassin's Creed Syndicate de Ubisoft al mejor precio. Hoja ABS retr\u00e1ctil con resorte.","breadcrumb":{"@id":"https:\/\/repliquemangacine.fr\/gantelets-assassins-creed\/gantelet-dassassin-lame-secrete\/#breadcrumb"},"inLanguage":"es","potentialAction":[{"@type":"ReadAction","target":["https:\/\/repliquemangacine.fr\/gantelets-assassins-creed\/gantelet-dassassin-lame-secrete\/"]}]},{"@type":"ImageObject","inLanguage":"es","@id":"https:\/\/repliquemangacine.fr\/gantelets-assassins-creed\/gantelet-dassassin-lame-secrete\/#primaryimage","url":"https:\/\/repliquemangacine.fr\/wp-content\/uploads\/2023\/10\/gantelet-dassassin.jpg","contentUrl":"https:\/\/repliquemangacine.fr\/wp-content\/uploads\/2023\/10\/gantelet-dassassin.jpg","width":800,"height":800,"caption":"Gantelet d'Assassin lame secr\u00e8te"},{"@type":"BreadcrumbList","@id":"https:\/\/repliquemangacine.fr\/gantelets-assassins-creed\/gantelet-dassassin-lame-secrete\/#breadcrumb","itemListElement":[{"@type":"ListItem","position":1,"name":"Accueil","item":"https:\/\/repliquemangacine.fr\/"},{"@type":"ListItem","position":2,"name":"Produits","item":"https:\/\/repliquemangacine.fr\/boutique\/"},{"@type":"ListItem","position":3,"name":"Gantelet d&#8217;Assassin lame secr\u00e8te"}]},{"@type":"WebSite","@id":"https:\/\/repliquemangacine.fr\/#website","url":"https:\/\/repliquemangacine.fr\/","name":"R\u00e9plique Manga Cin\u00e9","description":"","publisher":{"@id":"https:\/\/repliquemangacine.fr\/#organization"},"potentialAction":[{"@type":"SearchAction","target":{"@type":"EntryPoint","urlTemplate":"https:\/\/repliquemangacine.fr\/?s={search_term_string}"},"query-input":{"@type":"PropertyValueSpecification","valueRequired":true,"valueName":"search_term_string"}}],"inLanguage":"es"},{"@type":"Organization","@id":"https:\/\/repliquemangacine.fr\/#organization","name":"R\u00e9plique Manga Cin\u00e9","url":"https:\/\/repliquemangacine.fr\/","logo":{"@type":"ImageObject","inLanguage":"es","@id":"https:\/\/repliquemangacine.fr\/#\/schema\/logo\/image\/","url":"https:\/\/repliquemangacine.fr\/wp-content\/uploads\/2023\/10\/RMC-500250.png","contentUrl":"https:\/\/repliquemangacine.fr\/wp-content\/uploads\/2023\/10\/RMC-500250.png","width":500,"height":250,"caption":"R\u00e9plique Manga Cin\u00e9"},"image":{"@id":"https:\/\/repliquemangacine.fr\/#\/schema\/logo\/image\/"},"sameAs":["https:\/\/www.facebook.com\/RepliqueMangaCine","https:\/\/www.instagram.com\/repliquemangacine.fr\/"]}]}},"_links":{"self":[{"href":"https:\/\/repliquemangacine.fr\/es\/wp-json\/wp\/v2\/product\/42318","targetHints":{"allow":["GET"]}}],"collection":[{"href":"https:\/\/repliquemangacine.fr\/es\/wp-json\/wp\/v2\/product"}],"about":[{"href":"https:\/\/repliquemangacine.fr\/es\/wp-json\/wp\/v2\/types\/product"}],"wp:featuredmedia":[{"embeddable":true,"href":"https:\/\/repliquemangacine.fr\/es\/wp-json\/wp\/v2\/media\/42319"}],"wp:attachment":[{"href":"https:\/\/repliquemangacine.fr\/es\/wp-json\/wp\/v2\/media?parent=42318"}],"wp:term":[{"taxonomy":"product_brand","embeddable":true,"href":"https:\/\/repliquemangacine.fr\/es\/wp-json\/wp\/v2\/product_brand?post=42318"},{"taxonomy":"product_cat","embeddable":true,"href":"https:\/\/repliquemangacine.fr\/es\/wp-json\/wp\/v2\/product_cat?post=42318"},{"taxonomy":"product_tag","embeddable":true,"href":"https:\/\/repliquemangacine.fr\/es\/wp-json\/wp\/v2\/product_tag?post=42318"}],"curies":[{"name":"wp","href":"https:\/\/api.w.org\/{rel}","templated":true}]}}