





{"id":41743,"date":"2021-08-02T14:17:34","date_gmt":"2021-08-02T12:17:34","guid":{"rendered":"https:\/\/repliquemangacine.fr\/?post_type=product&#038;p=41743"},"modified":"2026-03-12T12:11:23","modified_gmt":"2026-03-12T11:11:23","slug":"tablero-de-ajedrez-de-los-magos-juego-de-ajedrez-hp","status":"publish","type":"product","link":"https:\/\/repliquemangacine.fr\/es\/divers-goodies\/echiquier-des-sorciers-jeu-dechec-hp\/","title":{"rendered":"Juego de ajedrez Harry Potter"},"content":{"rendered":"<h2>Tablero de ajedrez oficial de los magos en Harry Potter.<\/h2>\n<p>Para empezar, este <strong>El tablero de los brujos<\/strong>es una r\u00e9plica aut\u00e9ntica de Harry PotterTM con licencia oficial distribuida por <a href=\"https:\/\/noblecollection.fr\/echiquier-des-sorciers-harry-potter-p-4658.html\" target=\"_blank\" rel=\"noopener noreferrer\">Colecci\u00f3n Noble<\/a>.<\/p>\n<p>Ron ense\u00f1a a Harry a jugar durante las vacaciones de Navidad de 1991. Harry juega contra Ron con las fichas que le presta Seamus Finnigan, pero estos no conf\u00edan en \u00e9l y discuten sus decisiones.<\/p>\n<p>Harry recibe un juego de ajedrez versi\u00f3n mago como regalo en un petardo sorpresa durante la cena de Navidad. Estrena este juego siendo derrotado por Ron.<\/p>\n<p>Por \u00faltimo, el ajedrez gigante, que es una de las protecciones de la piedra filosofal (la de Minerva McGonagall). Ron se encarga de la prueba, ya que es mucho mejor jugador de ajedrez que Harry y Hermione. Tendr\u00e1n que sustituir a las piezas negras para cruzar la sala.<\/p>\n<h2>Tu pieza de coleccionista de Harry Potter al mejor precio<\/h2>\n<p>Le ofrecemos una amplia selecci\u00f3n de productos coleccionables y oficiales de Harry Potter de Noble Collection.<\/p>\n<p>Lo primero y m\u00e1s importante,<\/p>\n<ul>\n<li>El famoso <a href=\"https:\/\/repliquemangacine.fr\/es\/harry-potter\/el-deluminador-de-ron-weasley\/\">Deluminador de Ron<\/a>que hered\u00f3 cuando Dumbledore muri\u00f3.<\/li>\n<li>L'<a href=\"https:\/\/repliquemangacine.fr\/es\/coleccionistas-de-harry-potter\/harry-potter-godric-gryffindor-espada\/\">Espada Godric Gryffindor<\/a> que Harry usa para luchar contra el Basilisco.<\/li>\n<li>Y muchos m\u00e1s por descubrir en nuestra tienda en l\u00ednea.<\/li>\n<li>Por supuesto, para hacer felices a sus hijos, tambi\u00e9n tenemos todos los palillos no oficiales en nuestro sitio, pero a precios bajos.<\/li>\n<\/ul>\n<p>Por eso, aqu\u00ed tienes una idea estupenda para regalar a todos los fans de Harry Potter.<\/p>\n<p>En conclusi\u00f3n, tambi\u00e9n puede utilizar este <strong>El tablero de los brujos<\/strong> para tus cosplays o fiestas tem\u00e1ticas. Pero, ante todo, es una pieza de colecci\u00f3n y decoraci\u00f3n.<\/p>\n<p>R\u00e9plique Manga Cin\u00e9 es una empresa familiar francesa.<\/p>\n<p>&nbsp;<\/p>","protected":false},"excerpt":{"rendered":"<p>Tablero de ajedrez oficial de Harry Potter distribuido por The Noble Collection.<\/p>\n<ul>\n<li>Reconstrucci\u00f3n detallada del ajedrez del mago de Harry Potter y la piedra filosofal.<\/li>\n<li>Autorizado oficialmente por Warner Bros.<\/li>\n<li>32 piezas de ajedrez con bolsa.<\/li>\n<li>Tablero de juego 45 cm X 45 cm<\/li>\n<li>Las piezas de ajedrez miden de 5 a 10 cm.<\/li>\n<\/ul>","protected":false},"featured_media":41744,"template":"","meta":[],"product_brand":[896],"product_cat":[87,98,24,94,41],"product_tag":[],"class_list":{"0":"post-41743","1":"product","2":"type-product","3":"status-publish","4":"has-post-thumbnail","6":"product_brand-replique-manga-cine","7":"product_cat-collectors-et-goodies-harry-potter","8":"product_cat-divers-goodies","9":"product_cat-films-series-tv-vente-de-katana-epee-et-produits-derives","10":"product_cat-goodies","11":"product_cat-baguettes-et-goodies-harry-potter","13":"first","14":"instock","15":"taxable","16":"shipping-taxable","17":"purchasable","18":"product-type-simple"},"yoast_head":"<!-- This site is optimized with the Yoast SEO plugin v27.4 - https:\/\/yoast.com\/product\/yoast-seo-wordpress\/ -->\n<title>Echiquier des sorciers - Harry Potter | R\u00e9plique Manga Cin\u00e9<\/title>\n<meta name=\"description\" content=\"Superbe Echiquier des sorciers dans Harry Potter au meilleur prix - Jeu de 32 pi\u00e8ces - Plateau Harry Potter - Sous licence Officielle - Envoi 24\/48h\" \/>\n<meta name=\"robots\" content=\"index, follow, max-snippet:-1, max-image-preview:large, max-video-preview:-1\" \/>\n<link rel=\"canonical\" href=\"https:\/\/repliquemangacine.fr\/es\/varias-golosinas\/tablero-de-ajedrez-de-los-magos-juego-de-ajedrez-hp\/\" \/>\n<meta property=\"og:locale\" content=\"es_ES\" \/>\n<meta property=\"og:type\" content=\"article\" \/>\n<meta property=\"og:title\" content=\"Echiquier des sorciers - Harry Potter | R\u00e9plique Manga Cin\u00e9\" \/>\n<meta property=\"og:description\" content=\"Superbe Echiquier des sorciers dans Harry Potter au meilleur prix - Jeu de 32 pi\u00e8ces - Plateau Harry Potter - Sous licence Officielle - Envoi 24\/48h\" \/>\n<meta property=\"og:url\" content=\"https:\/\/repliquemangacine.fr\/es\/varias-golosinas\/tablero-de-ajedrez-de-los-magos-juego-de-ajedrez-hp\/\" \/>\n<meta property=\"og:site_name\" content=\"R\u00e9plique Manga Cin\u00e9\" \/>\n<meta property=\"article:publisher\" content=\"https:\/\/www.facebook.com\/RepliqueMangaCine\" \/>\n<meta property=\"article:modified_time\" content=\"2026-03-12T11:11:23+00:00\" \/>\n<meta property=\"og:image\" content=\"https:\/\/repliquemangacine.fr\/wp-content\/uploads\/2023\/10\/jeu-dechec-hp.jpg\" \/>\n\t<meta property=\"og:image:width\" content=\"800\" \/>\n\t<meta property=\"og:image:height\" content=\"800\" \/>\n\t<meta property=\"og:image:type\" content=\"image\/jpeg\" \/>\n<meta name=\"twitter:card\" content=\"summary_large_image\" \/>\n<meta name=\"twitter:label1\" content=\"Tiempo de lectura\" \/>\n\t<meta name=\"twitter:data1\" content=\"2 minutos\" \/>\n<script type=\"application\/ld+json\" class=\"yoast-schema-graph\">{\"@context\":\"https:\\\/\\\/schema.org\",\"@graph\":[{\"@type\":\"WebPage\",\"@id\":\"https:\\\/\\\/repliquemangacine.fr\\\/divers-goodies\\\/echiquier-des-sorciers-jeu-dechec-hp\\\/\",\"url\":\"https:\\\/\\\/repliquemangacine.fr\\\/divers-goodies\\\/echiquier-des-sorciers-jeu-dechec-hp\\\/\",\"name\":\"Echiquier des sorciers - Harry Potter | R\u00e9plique Manga Cin\u00e9\",\"isPartOf\":{\"@id\":\"https:\\\/\\\/repliquemangacine.fr\\\/#website\"},\"primaryImageOfPage\":{\"@id\":\"https:\\\/\\\/repliquemangacine.fr\\\/divers-goodies\\\/echiquier-des-sorciers-jeu-dechec-hp\\\/#primaryimage\"},\"image\":{\"@id\":\"https:\\\/\\\/repliquemangacine.fr\\\/divers-goodies\\\/echiquier-des-sorciers-jeu-dechec-hp\\\/#primaryimage\"},\"thumbnailUrl\":\"https:\\\/\\\/repliquemangacine.fr\\\/wp-content\\\/uploads\\\/2023\\\/10\\\/jeu-dechec-hp.jpg\",\"datePublished\":\"2021-08-02T12:17:34+00:00\",\"dateModified\":\"2026-03-12T11:11:23+00:00\",\"description\":\"Superbe Echiquier des sorciers dans Harry Potter au meilleur prix - Jeu de 32 pi\u00e8ces - Plateau Harry Potter - Sous licence Officielle - Envoi 24\\\/48h\",\"breadcrumb\":{\"@id\":\"https:\\\/\\\/repliquemangacine.fr\\\/divers-goodies\\\/echiquier-des-sorciers-jeu-dechec-hp\\\/#breadcrumb\"},\"inLanguage\":\"es\",\"potentialAction\":[{\"@type\":\"ReadAction\",\"target\":[\"https:\\\/\\\/repliquemangacine.fr\\\/divers-goodies\\\/echiquier-des-sorciers-jeu-dechec-hp\\\/\"]}]},{\"@type\":\"ImageObject\",\"inLanguage\":\"es\",\"@id\":\"https:\\\/\\\/repliquemangacine.fr\\\/divers-goodies\\\/echiquier-des-sorciers-jeu-dechec-hp\\\/#primaryimage\",\"url\":\"https:\\\/\\\/repliquemangacine.fr\\\/wp-content\\\/uploads\\\/2023\\\/10\\\/jeu-dechec-hp.jpg\",\"contentUrl\":\"https:\\\/\\\/repliquemangacine.fr\\\/wp-content\\\/uploads\\\/2023\\\/10\\\/jeu-dechec-hp.jpg\",\"width\":800,\"height\":800,\"caption\":\"Jeu \u00e9chec Harry Potter 32 pi\u00e8ces\"},{\"@type\":\"BreadcrumbList\",\"@id\":\"https:\\\/\\\/repliquemangacine.fr\\\/divers-goodies\\\/echiquier-des-sorciers-jeu-dechec-hp\\\/#breadcrumb\",\"itemListElement\":[{\"@type\":\"ListItem\",\"position\":1,\"name\":\"Accueil\",\"item\":\"https:\\\/\\\/repliquemangacine.fr\\\/\"},{\"@type\":\"ListItem\",\"position\":2,\"name\":\"Produits\",\"item\":\"https:\\\/\\\/repliquemangacine.fr\\\/boutique\\\/\"},{\"@type\":\"ListItem\",\"position\":3,\"name\":\"Jeu d&#8217;\u00e9chec Harry Potter\"}]},{\"@type\":\"WebSite\",\"@id\":\"https:\\\/\\\/repliquemangacine.fr\\\/#website\",\"url\":\"https:\\\/\\\/repliquemangacine.fr\\\/\",\"name\":\"R\u00e9plique Manga Cin\u00e9\",\"description\":\"\",\"publisher\":{\"@id\":\"https:\\\/\\\/repliquemangacine.fr\\\/#organization\"},\"potentialAction\":[{\"@type\":\"SearchAction\",\"target\":{\"@type\":\"EntryPoint\",\"urlTemplate\":\"https:\\\/\\\/repliquemangacine.fr\\\/?s={search_term_string}\"},\"query-input\":{\"@type\":\"PropertyValueSpecification\",\"valueRequired\":true,\"valueName\":\"search_term_string\"}}],\"inLanguage\":\"es\"},{\"@type\":\"Organization\",\"@id\":\"https:\\\/\\\/repliquemangacine.fr\\\/#organization\",\"name\":\"R\u00e9plique Manga Cin\u00e9\",\"url\":\"https:\\\/\\\/repliquemangacine.fr\\\/\",\"logo\":{\"@type\":\"ImageObject\",\"inLanguage\":\"es\",\"@id\":\"https:\\\/\\\/repliquemangacine.fr\\\/#\\\/schema\\\/logo\\\/image\\\/\",\"url\":\"https:\\\/\\\/repliquemangacine.fr\\\/wp-content\\\/uploads\\\/2023\\\/10\\\/RMC-500250.png\",\"contentUrl\":\"https:\\\/\\\/repliquemangacine.fr\\\/wp-content\\\/uploads\\\/2023\\\/10\\\/RMC-500250.png\",\"width\":500,\"height\":250,\"caption\":\"R\u00e9plique Manga Cin\u00e9\"},\"image\":{\"@id\":\"https:\\\/\\\/repliquemangacine.fr\\\/#\\\/schema\\\/logo\\\/image\\\/\"},\"sameAs\":[\"https:\\\/\\\/www.facebook.com\\\/RepliqueMangaCine\",\"https:\\\/\\\/www.instagram.com\\\/repliquemangacine.fr\\\/\"]}]}<\/script>\n<!-- \/ Yoast SEO plugin. -->","yoast_head_json":{"title":"Tablero de ajedrez de los magos - Harry Potter | R\u00e9plique Manga Cin\u00e9","description":"Magn\u00edfico Tablero de Ajedrez de Mago de Harry Potter al mejor precio - 32 piezas - Tablero de Harry Potter - Bajo Licencia Oficial - Env\u00edo 24\/48h","robots":{"index":"index","follow":"follow","max-snippet":"max-snippet:-1","max-image-preview":"max-image-preview:large","max-video-preview":"max-video-preview:-1"},"canonical":"https:\/\/repliquemangacine.fr\/es\/varias-golosinas\/tablero-de-ajedrez-de-los-magos-juego-de-ajedrez-hp\/","og_locale":"es_ES","og_type":"article","og_title":"Echiquier des sorciers - Harry Potter | R\u00e9plique Manga Cin\u00e9","og_description":"Superbe Echiquier des sorciers dans Harry Potter au meilleur prix - Jeu de 32 pi\u00e8ces - Plateau Harry Potter - Sous licence Officielle - Envoi 24\/48h","og_url":"https:\/\/repliquemangacine.fr\/es\/varias-golosinas\/tablero-de-ajedrez-de-los-magos-juego-de-ajedrez-hp\/","og_site_name":"R\u00e9plique Manga Cin\u00e9","article_publisher":"https:\/\/www.facebook.com\/RepliqueMangaCine","article_modified_time":"2026-03-12T11:11:23+00:00","og_image":[{"width":800,"height":800,"url":"https:\/\/repliquemangacine.fr\/wp-content\/uploads\/2023\/10\/jeu-dechec-hp.jpg","type":"image\/jpeg"}],"twitter_card":"summary_large_image","twitter_misc":{"Tiempo de lectura":"2 minutos"},"schema":{"@context":"https:\/\/schema.org","@graph":[{"@type":"WebPage","@id":"https:\/\/repliquemangacine.fr\/divers-goodies\/echiquier-des-sorciers-jeu-dechec-hp\/","url":"https:\/\/repliquemangacine.fr\/divers-goodies\/echiquier-des-sorciers-jeu-dechec-hp\/","name":"Tablero de ajedrez de los magos - Harry Potter | R\u00e9plique Manga Cin\u00e9","isPartOf":{"@id":"https:\/\/repliquemangacine.fr\/#website"},"primaryImageOfPage":{"@id":"https:\/\/repliquemangacine.fr\/divers-goodies\/echiquier-des-sorciers-jeu-dechec-hp\/#primaryimage"},"image":{"@id":"https:\/\/repliquemangacine.fr\/divers-goodies\/echiquier-des-sorciers-jeu-dechec-hp\/#primaryimage"},"thumbnailUrl":"https:\/\/repliquemangacine.fr\/wp-content\/uploads\/2023\/10\/jeu-dechec-hp.jpg","datePublished":"2021-08-02T12:17:34+00:00","dateModified":"2026-03-12T11:11:23+00:00","description":"Magn\u00edfico Tablero de Ajedrez de Mago de Harry Potter al mejor precio - 32 piezas - Tablero de Harry Potter - Bajo Licencia Oficial - Env\u00edo 24\/48h","breadcrumb":{"@id":"https:\/\/repliquemangacine.fr\/divers-goodies\/echiquier-des-sorciers-jeu-dechec-hp\/#breadcrumb"},"inLanguage":"es","potentialAction":[{"@type":"ReadAction","target":["https:\/\/repliquemangacine.fr\/divers-goodies\/echiquier-des-sorciers-jeu-dechec-hp\/"]}]},{"@type":"ImageObject","inLanguage":"es","@id":"https:\/\/repliquemangacine.fr\/divers-goodies\/echiquier-des-sorciers-jeu-dechec-hp\/#primaryimage","url":"https:\/\/repliquemangacine.fr\/wp-content\/uploads\/2023\/10\/jeu-dechec-hp.jpg","contentUrl":"https:\/\/repliquemangacine.fr\/wp-content\/uploads\/2023\/10\/jeu-dechec-hp.jpg","width":800,"height":800,"caption":"Jeu \u00e9chec Harry Potter 32 pi\u00e8ces"},{"@type":"BreadcrumbList","@id":"https:\/\/repliquemangacine.fr\/divers-goodies\/echiquier-des-sorciers-jeu-dechec-hp\/#breadcrumb","itemListElement":[{"@type":"ListItem","position":1,"name":"Accueil","item":"https:\/\/repliquemangacine.fr\/"},{"@type":"ListItem","position":2,"name":"Produits","item":"https:\/\/repliquemangacine.fr\/boutique\/"},{"@type":"ListItem","position":3,"name":"Jeu d&#8217;\u00e9chec Harry Potter"}]},{"@type":"WebSite","@id":"https:\/\/repliquemangacine.fr\/#website","url":"https:\/\/repliquemangacine.fr\/","name":"R\u00e9plique Manga Cin\u00e9","description":"","publisher":{"@id":"https:\/\/repliquemangacine.fr\/#organization"},"potentialAction":[{"@type":"SearchAction","target":{"@type":"EntryPoint","urlTemplate":"https:\/\/repliquemangacine.fr\/?s={search_term_string}"},"query-input":{"@type":"PropertyValueSpecification","valueRequired":true,"valueName":"search_term_string"}}],"inLanguage":"es"},{"@type":"Organization","@id":"https:\/\/repliquemangacine.fr\/#organization","name":"R\u00e9plique Manga Cin\u00e9","url":"https:\/\/repliquemangacine.fr\/","logo":{"@type":"ImageObject","inLanguage":"es","@id":"https:\/\/repliquemangacine.fr\/#\/schema\/logo\/image\/","url":"https:\/\/repliquemangacine.fr\/wp-content\/uploads\/2023\/10\/RMC-500250.png","contentUrl":"https:\/\/repliquemangacine.fr\/wp-content\/uploads\/2023\/10\/RMC-500250.png","width":500,"height":250,"caption":"R\u00e9plique Manga Cin\u00e9"},"image":{"@id":"https:\/\/repliquemangacine.fr\/#\/schema\/logo\/image\/"},"sameAs":["https:\/\/www.facebook.com\/RepliqueMangaCine","https:\/\/www.instagram.com\/repliquemangacine.fr\/"]}]}},"_links":{"self":[{"href":"https:\/\/repliquemangacine.fr\/es\/wp-json\/wp\/v2\/product\/41743","targetHints":{"allow":["GET"]}}],"collection":[{"href":"https:\/\/repliquemangacine.fr\/es\/wp-json\/wp\/v2\/product"}],"about":[{"href":"https:\/\/repliquemangacine.fr\/es\/wp-json\/wp\/v2\/types\/product"}],"wp:featuredmedia":[{"embeddable":true,"href":"https:\/\/repliquemangacine.fr\/es\/wp-json\/wp\/v2\/media\/41744"}],"wp:attachment":[{"href":"https:\/\/repliquemangacine.fr\/es\/wp-json\/wp\/v2\/media?parent=41743"}],"wp:term":[{"taxonomy":"product_brand","embeddable":true,"href":"https:\/\/repliquemangacine.fr\/es\/wp-json\/wp\/v2\/product_brand?post=41743"},{"taxonomy":"product_cat","embeddable":true,"href":"https:\/\/repliquemangacine.fr\/es\/wp-json\/wp\/v2\/product_cat?post=41743"},{"taxonomy":"product_tag","embeddable":true,"href":"https:\/\/repliquemangacine.fr\/es\/wp-json\/wp\/v2\/product_tag?post=41743"}],"curies":[{"name":"wp","href":"https:\/\/api.w.org\/{rel}","templated":true}]}}