





{"id":41693,"date":"2021-07-31T18:35:00","date_gmt":"2021-07-31T16:35:00","guid":{"rendered":"https:\/\/repliquemangacine.fr\/?post_type=product&#038;p=41693"},"modified":"2025-11-09T12:42:19","modified_gmt":"2025-11-09T11:42:19","slug":"dragon-meliodas-siete-pecados-capitales-box-set","status":"publish","type":"product","link":"https:\/\/repliquemangacine.fr\/es\/porte-cles-goodies\/coffret-dragon-meliodas-seven-deadly-sins\/","title":{"rendered":"Los Siete Pecados Capitales dragon meliodas box set"},"content":{"rendered":"<h2>Juego de meliodas drag\u00f3n de 10 piezas.<\/h2>\n<p>Para empezar, este <strong>Juego de drag\u00f3n Meliodas<\/strong> es un complemento esencial para tu colecci\u00f3n.<\/p>\n<p>Seven Deadly Sins (Nanatsu no taizai, \u00abLos siete pecados capitales\u00bb) es un manga animado.<\/p>\n<p>Hace 10 a\u00f1os, en el reino de Britannia, un grupo de caballeros muy crueles, los <a href=\"https:\/\/seven-deadly-sins.fandom.com\/fr\/wiki\/Seven_Deadly_Sins\" target=\"_blank\" rel=\"noopener noreferrer\">Los siete pecados capitales<\/a> (Los siete pecados capitales), cometieron un crimen abominable. Desde entonces, han desaparecido y nadie sabe qu\u00e9 ha sido de ellos. La princesa Elizabeth est\u00e1 dispuesta a todo para encontrar a estos legendarios caballeros. A sus ojos, representan la \u00fanica esperanza del reino contra los todopoderosos Caballeros Sagrados que han derrocado al poder y siembran el terror.<\/p>\n<p>Meliodas, un chico con una fuerza excepcional, y Hawk, su cerdo, marcan el comienzo de una aventura llena de giros inesperados, donde la magia y los combates est\u00e1n a la orden del d\u00eda.<\/p>\n<h2>Tu juego de meliodas drag\u00f3n de 10 piezas al mejor precio.<\/h2>\n<p>Te ofrecemos una amplia selecci\u00f3n de r\u00e9plicas de tu manga favorito Seven Deadly Sins.<\/p>\n<p>Lo primero y m\u00e1s importante,<\/p>\n<ul>\n<li>L'<a href=\"https:\/\/repliquemangacine.fr\/es\/katana-y-manga-espada-anime-otros-manga\/meliodas-espada-dragon\/\">espada del drag\u00f3n<\/a> o la espada rota de Meliodas en el manga Seven Deadly Sins.<\/li>\n<li>Tambi\u00e9n hay una r\u00e9plica del<a href=\"https:\/\/repliquemangacine.fr\/es\/katana-y-manga-espada-anime-otros-manga\/la-espada-de-liz-en-los-siete-pecados-capitales\/\">La espada de Liz<\/a> para M\u00e9liodas.<\/li>\n<li>Y la alfombrilla de rat\u00f3n de Seven Deadly Sins ( Nanatsu no taizai).<\/li>\n<li>Y mucho m\u00e1s por descubrir en nuestra tienda en l\u00ednea.<\/li>\n<\/ul>\n<p>Por eso, aqu\u00ed tienes unas ideas fant\u00e1sticas para regalar a todos los fans del manga animado.<\/p>\n<p>En conclusi\u00f3n, puede utilizar su <strong>drag\u00f3n meliodas set<\/strong> en su vida cotidiana. En un llavero o colgante, como desee.<\/p>\n<h2>\u00bfC\u00f3mo mantengo la hoja de mi espada de los Siete Pecados Capitales?<\/h2>\n<p>Las espadas de colecci\u00f3n y decorativas se fabrican y ensamblan de forma simplificada. Como su uso es decorativo, no cuentan con los elementos de seguridad necesarios para una espada japonesa destinada al entrenamiento.<\/p>\n<p>Sin embargo, su <strong>drag\u00f3n meliodas set<\/strong> a una hoja de acero que hay que cuidar para evitar que se estropee con el tiempo. Cuando exponga su katana, sus amigos sentir\u00e1n curiosidad por ver la hoja y tocarla. Aqu\u00ed es donde hay que tener cuidado, ya que la acidez de los dedos es muy perjudicial para el acero, sea cual sea su calidad.<\/p>\n<p>Sin embargo, si esto ocurre, no te asustes, todo lo que necesitas es un pa\u00f1o humedecido con un poco de aceite y limpiar las huellas dactilares. Si haces esto, tu espada durar\u00e1 mucho tiempo.<\/p>","protected":false},"excerpt":{"rendered":"<p>Magn\u00edfico estuche de 10 espadas de acero, las armas de Los siete pecados capitales miden entre 8 y 12 cm.<\/p>\n<p>Este paquete incluye :<\/p>\n<ul>\n<li>Lanza Chastiefol de King<\/li>\n<li>Hacha Rhitta d'Escanor<\/li>\n<li>El hacha martillo Gideon de Diane<\/li>\n<li>La espada del drag\u00f3n<\/li>\n<li>Vaina de espada de drag\u00f3n<\/li>\n<li>Llave del escudo del sombrero del jabal\u00ed<\/li>\n<li>Medalla con logotipo - Di\u00e1metro: 3,5 cm<\/li>\n<li>1 cadena de 60 cm<\/li>\n<li>1 llavero y 1 mosquet\u00f3n<\/li>\n<\/ul>\n<p>Viene en una caja de coleccionista con los colores del manga.<\/p>\n<p>&nbsp;<\/p>","protected":false},"featured_media":41694,"template":"","meta":[],"product_brand":[896],"product_cat":[98,94,23,96,110],"product_tag":[],"class_list":{"0":"post-41693","1":"product","2":"type-product","3":"status-publish","4":"has-post-thumbnail","6":"product_brand-replique-manga-cine","7":"product_cat-divers-goodies","8":"product_cat-goodies","9":"product_cat-repliques-manga-jeux-video","10":"product_cat-porte-cles-goodies","11":"product_cat-epees-seven-deadly-sins","13":"first","14":"outofstock","15":"taxable","16":"shipping-taxable","17":"purchasable","18":"product-type-simple"},"yoast_head":"<!-- This site is optimized with the Yoast SEO plugin v27.4 - https:\/\/yoast.com\/product\/yoast-seo-wordpress\/ -->\n<title>Coffret dragon meliodas Seven Deadly Sins - R\u00e9plique Manga Cin\u00e9<\/title>\n<meta name=\"description\" content=\"Offrez-vous ce coffret dragon meliodas Seven Deadly Sins au meilleur prix. Tout en acier - Coffret de 10 pi\u00e8ces - Envoi 24\/48h\" \/>\n<meta name=\"robots\" content=\"index, follow, max-snippet:-1, max-image-preview:large, max-video-preview:-1\" \/>\n<link rel=\"canonical\" href=\"https:\/\/repliquemangacine.fr\/es\/siete-pecados-capitales-espadas\/dragon-meliodas-siete-pecados-capitales-box-set\/\" \/>\n<meta property=\"og:locale\" content=\"es_ES\" \/>\n<meta property=\"og:type\" content=\"article\" \/>\n<meta property=\"og:title\" content=\"Coffret dragon meliodas Seven Deadly Sins - R\u00e9plique Manga Cin\u00e9\" \/>\n<meta property=\"og:description\" content=\"Offrez-vous ce coffret dragon meliodas Seven Deadly Sins au meilleur prix. Tout en acier - Coffret de 10 pi\u00e8ces - Envoi 24\/48h\" \/>\n<meta property=\"og:url\" content=\"https:\/\/repliquemangacine.fr\/es\/siete-pecados-capitales-espadas\/dragon-meliodas-siete-pecados-capitales-box-set\/\" \/>\n<meta property=\"og:site_name\" content=\"R\u00e9plique Manga Cin\u00e9\" \/>\n<meta property=\"article:publisher\" content=\"https:\/\/www.facebook.com\/RepliqueMangaCine\" \/>\n<meta property=\"article:modified_time\" content=\"2025-11-09T11:42:19+00:00\" \/>\n<meta property=\"og:image\" content=\"https:\/\/repliquemangacine.fr\/wp-content\/uploads\/2023\/10\/coffret-dragon-meliodas.jpg\" \/>\n\t<meta property=\"og:image:width\" content=\"500\" \/>\n\t<meta property=\"og:image:height\" content=\"500\" \/>\n\t<meta property=\"og:image:type\" content=\"image\/jpeg\" \/>\n<meta name=\"twitter:card\" content=\"summary_large_image\" \/>\n<meta name=\"twitter:label1\" content=\"Tiempo de lectura\" \/>\n\t<meta name=\"twitter:data1\" content=\"1 minuto\" \/>\n<script type=\"application\/ld+json\" class=\"yoast-schema-graph\">{\"@context\":\"https:\\\/\\\/schema.org\",\"@graph\":[{\"@type\":\"WebPage\",\"@id\":\"https:\\\/\\\/repliquemangacine.fr\\\/epees-seven-deadly-sins\\\/coffret-dragon-meliodas-seven-deadly-sins\\\/\",\"url\":\"https:\\\/\\\/repliquemangacine.fr\\\/epees-seven-deadly-sins\\\/coffret-dragon-meliodas-seven-deadly-sins\\\/\",\"name\":\"Coffret dragon meliodas Seven Deadly Sins - R\u00e9plique Manga Cin\u00e9\",\"isPartOf\":{\"@id\":\"https:\\\/\\\/repliquemangacine.fr\\\/#website\"},\"primaryImageOfPage\":{\"@id\":\"https:\\\/\\\/repliquemangacine.fr\\\/epees-seven-deadly-sins\\\/coffret-dragon-meliodas-seven-deadly-sins\\\/#primaryimage\"},\"image\":{\"@id\":\"https:\\\/\\\/repliquemangacine.fr\\\/epees-seven-deadly-sins\\\/coffret-dragon-meliodas-seven-deadly-sins\\\/#primaryimage\"},\"thumbnailUrl\":\"https:\\\/\\\/repliquemangacine.fr\\\/wp-content\\\/uploads\\\/2023\\\/10\\\/coffret-dragon-meliodas.jpg\",\"datePublished\":\"2021-07-31T16:35:00+00:00\",\"dateModified\":\"2025-11-09T11:42:19+00:00\",\"description\":\"Offrez-vous ce coffret dragon meliodas Seven Deadly Sins au meilleur prix. Tout en acier - Coffret de 10 pi\u00e8ces - Envoi 24\\\/48h\",\"breadcrumb\":{\"@id\":\"https:\\\/\\\/repliquemangacine.fr\\\/epees-seven-deadly-sins\\\/coffret-dragon-meliodas-seven-deadly-sins\\\/#breadcrumb\"},\"inLanguage\":\"es\",\"potentialAction\":[{\"@type\":\"ReadAction\",\"target\":[\"https:\\\/\\\/repliquemangacine.fr\\\/epees-seven-deadly-sins\\\/coffret-dragon-meliodas-seven-deadly-sins\\\/\"]}]},{\"@type\":\"ImageObject\",\"inLanguage\":\"es\",\"@id\":\"https:\\\/\\\/repliquemangacine.fr\\\/epees-seven-deadly-sins\\\/coffret-dragon-meliodas-seven-deadly-sins\\\/#primaryimage\",\"url\":\"https:\\\/\\\/repliquemangacine.fr\\\/wp-content\\\/uploads\\\/2023\\\/10\\\/coffret-dragon-meliodas.jpg\",\"contentUrl\":\"https:\\\/\\\/repliquemangacine.fr\\\/wp-content\\\/uploads\\\/2023\\\/10\\\/coffret-dragon-meliodas.jpg\",\"width\":500,\"height\":500,\"caption\":\"coffret dragon meliodas 10 pi\u00e8ces\"},{\"@type\":\"BreadcrumbList\",\"@id\":\"https:\\\/\\\/repliquemangacine.fr\\\/epees-seven-deadly-sins\\\/coffret-dragon-meliodas-seven-deadly-sins\\\/#breadcrumb\",\"itemListElement\":[{\"@type\":\"ListItem\",\"position\":1,\"name\":\"Accueil\",\"item\":\"https:\\\/\\\/repliquemangacine.fr\\\/\"},{\"@type\":\"ListItem\",\"position\":2,\"name\":\"Produits\",\"item\":\"https:\\\/\\\/repliquemangacine.fr\\\/boutique\\\/\"},{\"@type\":\"ListItem\",\"position\":3,\"name\":\"Coffret dragon meliodas Seven Deadly Sins\"}]},{\"@type\":\"WebSite\",\"@id\":\"https:\\\/\\\/repliquemangacine.fr\\\/#website\",\"url\":\"https:\\\/\\\/repliquemangacine.fr\\\/\",\"name\":\"R\u00e9plique Manga Cin\u00e9\",\"description\":\"\",\"publisher\":{\"@id\":\"https:\\\/\\\/repliquemangacine.fr\\\/#organization\"},\"potentialAction\":[{\"@type\":\"SearchAction\",\"target\":{\"@type\":\"EntryPoint\",\"urlTemplate\":\"https:\\\/\\\/repliquemangacine.fr\\\/?s={search_term_string}\"},\"query-input\":{\"@type\":\"PropertyValueSpecification\",\"valueRequired\":true,\"valueName\":\"search_term_string\"}}],\"inLanguage\":\"es\"},{\"@type\":\"Organization\",\"@id\":\"https:\\\/\\\/repliquemangacine.fr\\\/#organization\",\"name\":\"R\u00e9plique Manga Cin\u00e9\",\"url\":\"https:\\\/\\\/repliquemangacine.fr\\\/\",\"logo\":{\"@type\":\"ImageObject\",\"inLanguage\":\"es\",\"@id\":\"https:\\\/\\\/repliquemangacine.fr\\\/#\\\/schema\\\/logo\\\/image\\\/\",\"url\":\"https:\\\/\\\/repliquemangacine.fr\\\/wp-content\\\/uploads\\\/2023\\\/10\\\/RMC-500250.png\",\"contentUrl\":\"https:\\\/\\\/repliquemangacine.fr\\\/wp-content\\\/uploads\\\/2023\\\/10\\\/RMC-500250.png\",\"width\":500,\"height\":250,\"caption\":\"R\u00e9plique Manga Cin\u00e9\"},\"image\":{\"@id\":\"https:\\\/\\\/repliquemangacine.fr\\\/#\\\/schema\\\/logo\\\/image\\\/\"},\"sameAs\":[\"https:\\\/\\\/www.facebook.com\\\/RepliqueMangaCine\",\"https:\\\/\\\/www.instagram.com\\\/repliquemangacine.fr\\\/\"]}]}<\/script>\n<!-- \/ Yoast SEO plugin. -->","yoast_head_json":{"title":"Siete pecados capitales drag\u00f3n meliodas caja - R\u00e9plique Manga Cin\u00e9","description":"Reg\u00e1late este set de meliodas de drag\u00f3n de los Siete Pecados Capitales al mejor precio. Todo acero - Caja de 10 piezas - Env\u00edo 24\/48h","robots":{"index":"index","follow":"follow","max-snippet":"max-snippet:-1","max-image-preview":"max-image-preview:large","max-video-preview":"max-video-preview:-1"},"canonical":"https:\/\/repliquemangacine.fr\/es\/siete-pecados-capitales-espadas\/dragon-meliodas-siete-pecados-capitales-box-set\/","og_locale":"es_ES","og_type":"article","og_title":"Coffret dragon meliodas Seven Deadly Sins - R\u00e9plique Manga Cin\u00e9","og_description":"Offrez-vous ce coffret dragon meliodas Seven Deadly Sins au meilleur prix. Tout en acier - Coffret de 10 pi\u00e8ces - Envoi 24\/48h","og_url":"https:\/\/repliquemangacine.fr\/es\/siete-pecados-capitales-espadas\/dragon-meliodas-siete-pecados-capitales-box-set\/","og_site_name":"R\u00e9plique Manga Cin\u00e9","article_publisher":"https:\/\/www.facebook.com\/RepliqueMangaCine","article_modified_time":"2025-11-09T11:42:19+00:00","og_image":[{"width":500,"height":500,"url":"https:\/\/repliquemangacine.fr\/wp-content\/uploads\/2023\/10\/coffret-dragon-meliodas.jpg","type":"image\/jpeg"}],"twitter_card":"summary_large_image","twitter_misc":{"Tiempo de lectura":"1 minuto"},"schema":{"@context":"https:\/\/schema.org","@graph":[{"@type":"WebPage","@id":"https:\/\/repliquemangacine.fr\/epees-seven-deadly-sins\/coffret-dragon-meliodas-seven-deadly-sins\/","url":"https:\/\/repliquemangacine.fr\/epees-seven-deadly-sins\/coffret-dragon-meliodas-seven-deadly-sins\/","name":"Siete pecados capitales drag\u00f3n meliodas caja - R\u00e9plique Manga Cin\u00e9","isPartOf":{"@id":"https:\/\/repliquemangacine.fr\/#website"},"primaryImageOfPage":{"@id":"https:\/\/repliquemangacine.fr\/epees-seven-deadly-sins\/coffret-dragon-meliodas-seven-deadly-sins\/#primaryimage"},"image":{"@id":"https:\/\/repliquemangacine.fr\/epees-seven-deadly-sins\/coffret-dragon-meliodas-seven-deadly-sins\/#primaryimage"},"thumbnailUrl":"https:\/\/repliquemangacine.fr\/wp-content\/uploads\/2023\/10\/coffret-dragon-meliodas.jpg","datePublished":"2021-07-31T16:35:00+00:00","dateModified":"2025-11-09T11:42:19+00:00","description":"Reg\u00e1late este set de meliodas de drag\u00f3n de los Siete Pecados Capitales al mejor precio. Todo acero - Caja de 10 piezas - Env\u00edo 24\/48h","breadcrumb":{"@id":"https:\/\/repliquemangacine.fr\/epees-seven-deadly-sins\/coffret-dragon-meliodas-seven-deadly-sins\/#breadcrumb"},"inLanguage":"es","potentialAction":[{"@type":"ReadAction","target":["https:\/\/repliquemangacine.fr\/epees-seven-deadly-sins\/coffret-dragon-meliodas-seven-deadly-sins\/"]}]},{"@type":"ImageObject","inLanguage":"es","@id":"https:\/\/repliquemangacine.fr\/epees-seven-deadly-sins\/coffret-dragon-meliodas-seven-deadly-sins\/#primaryimage","url":"https:\/\/repliquemangacine.fr\/wp-content\/uploads\/2023\/10\/coffret-dragon-meliodas.jpg","contentUrl":"https:\/\/repliquemangacine.fr\/wp-content\/uploads\/2023\/10\/coffret-dragon-meliodas.jpg","width":500,"height":500,"caption":"coffret dragon meliodas 10 pi\u00e8ces"},{"@type":"BreadcrumbList","@id":"https:\/\/repliquemangacine.fr\/epees-seven-deadly-sins\/coffret-dragon-meliodas-seven-deadly-sins\/#breadcrumb","itemListElement":[{"@type":"ListItem","position":1,"name":"Accueil","item":"https:\/\/repliquemangacine.fr\/"},{"@type":"ListItem","position":2,"name":"Produits","item":"https:\/\/repliquemangacine.fr\/boutique\/"},{"@type":"ListItem","position":3,"name":"Coffret dragon meliodas Seven Deadly Sins"}]},{"@type":"WebSite","@id":"https:\/\/repliquemangacine.fr\/#website","url":"https:\/\/repliquemangacine.fr\/","name":"R\u00e9plique Manga Cin\u00e9","description":"","publisher":{"@id":"https:\/\/repliquemangacine.fr\/#organization"},"potentialAction":[{"@type":"SearchAction","target":{"@type":"EntryPoint","urlTemplate":"https:\/\/repliquemangacine.fr\/?s={search_term_string}"},"query-input":{"@type":"PropertyValueSpecification","valueRequired":true,"valueName":"search_term_string"}}],"inLanguage":"es"},{"@type":"Organization","@id":"https:\/\/repliquemangacine.fr\/#organization","name":"R\u00e9plique Manga Cin\u00e9","url":"https:\/\/repliquemangacine.fr\/","logo":{"@type":"ImageObject","inLanguage":"es","@id":"https:\/\/repliquemangacine.fr\/#\/schema\/logo\/image\/","url":"https:\/\/repliquemangacine.fr\/wp-content\/uploads\/2023\/10\/RMC-500250.png","contentUrl":"https:\/\/repliquemangacine.fr\/wp-content\/uploads\/2023\/10\/RMC-500250.png","width":500,"height":250,"caption":"R\u00e9plique Manga Cin\u00e9"},"image":{"@id":"https:\/\/repliquemangacine.fr\/#\/schema\/logo\/image\/"},"sameAs":["https:\/\/www.facebook.com\/RepliqueMangaCine","https:\/\/www.instagram.com\/repliquemangacine.fr\/"]}]}},"_links":{"self":[{"href":"https:\/\/repliquemangacine.fr\/es\/wp-json\/wp\/v2\/product\/41693","targetHints":{"allow":["GET"]}}],"collection":[{"href":"https:\/\/repliquemangacine.fr\/es\/wp-json\/wp\/v2\/product"}],"about":[{"href":"https:\/\/repliquemangacine.fr\/es\/wp-json\/wp\/v2\/types\/product"}],"wp:featuredmedia":[{"embeddable":true,"href":"https:\/\/repliquemangacine.fr\/es\/wp-json\/wp\/v2\/media\/41694"}],"wp:attachment":[{"href":"https:\/\/repliquemangacine.fr\/es\/wp-json\/wp\/v2\/media?parent=41693"}],"wp:term":[{"taxonomy":"product_brand","embeddable":true,"href":"https:\/\/repliquemangacine.fr\/es\/wp-json\/wp\/v2\/product_brand?post=41693"},{"taxonomy":"product_cat","embeddable":true,"href":"https:\/\/repliquemangacine.fr\/es\/wp-json\/wp\/v2\/product_cat?post=41693"},{"taxonomy":"product_tag","embeddable":true,"href":"https:\/\/repliquemangacine.fr\/es\/wp-json\/wp\/v2\/product_tag?post=41693"}],"curies":[{"name":"wp","href":"https:\/\/api.w.org\/{rel}","templated":true}]}}