





{"id":41686,"date":"2021-07-31T18:07:36","date_gmt":"2021-07-31T16:07:36","guid":{"rendered":"https:\/\/repliquemangacine.fr\/?post_type=product&#038;p=41686"},"modified":"2025-09-23T18:02:38","modified_gmt":"2025-09-23T16:02:38","slug":"juego-de-espadas-meliodas-de-10-piezas","status":"publish","type":"product","link":"https:\/\/repliquemangacine.fr\/es\/porte-cles-goodies\/coffret-epee-meliodas-10-pieces\/","title":{"rendered":"Meliodas Lostvayne Juego de 10 piezas"},"content":{"rendered":"<h2>Juego de 10 piezas Meliodas Lostvayne.<\/h2>\n<p>Para empezar, este <strong>Meliodas Lostvayne box set<\/strong> es un complemento esencial para tu colecci\u00f3n.<\/p>\n<p>Seven Deadly Sins (Nanatsu no taizai, \u00abLos siete pecados capitales\u00bb) es un manga animado.<\/p>\n<p>Hace 10 a\u00f1os, en el reino de Britannia, un grupo de caballeros muy crueles, los <a href=\"https:\/\/seven-deadly-sins.fandom.com\/fr\/wiki\/Seven_Deadly_Sins\" target=\"_blank\" rel=\"noopener noreferrer\">Los siete pecados capitales<\/a> (Los siete pecados capitales), cometieron un crimen abominable. Desde entonces, han desaparecido y nadie sabe qu\u00e9 ha sido de ellos. La princesa Elizabeth est\u00e1 dispuesta a todo para encontrar a estos legendarios caballeros. A sus ojos, representan la \u00fanica esperanza del reino contra los todopoderosos Caballeros Sagrados que han derrocado al poder y siembran el terror.<\/p>\n<p>Meliodas, un chico con una fuerza excepcional, y Hawk, su cerdo, marcan el comienzo de una aventura llena de giros inesperados, donde la magia y los combates est\u00e1n a la orden del d\u00eda.<\/p>\n<h2>Tu Pack Meliodas Lostvayne 10 piezas al mejor precio.<\/h2>\n<p>Te ofrecemos una amplia selecci\u00f3n de r\u00e9plicas de tu manga favorito Seven Deadly Sins.<\/p>\n<p>Lo primero y m\u00e1s importante,<\/p>\n<ul>\n<li>L'<a href=\"https:\/\/repliquemangacine.fr\/es\/katana-y-manga-espada-anime-otros-manga\/meliodas-espada-dragon\/\">espada del drag\u00f3n<\/a> o la espada rota de Meliodas en el manga Seven Deadly Sins.<\/li>\n<li>Tambi\u00e9n hay una r\u00e9plica del<a href=\"https:\/\/repliquemangacine.fr\/es\/katana-y-manga-espada-anime-otros-manga\/meliodas-espada-tesoro-sagrado-lostvayne\/\">espada tesoro sagrado<\/a> de Meliodas.<\/li>\n<li>As\u00ed como el <a href=\"https:\/\/repliquemangacine.fr\/es\/varias-golosinas\/alfombrilla-de-raton-60-x-40-los-siete-mortales\/\">Alfombrilla de rat\u00f3n Seven Deadly Sins<\/a> ( Nanatsu no taizai).<\/li>\n<li>Y mucho m\u00e1s por descubrir en nuestra tienda en l\u00ednea.<\/li>\n<\/ul>\n<p>Por eso, aqu\u00ed tienes unas ideas fant\u00e1sticas para regalar a todos los fans del manga animado.<\/p>\n<p>En conclusi\u00f3n, puede utilizar su <strong>Meliodas Lostvayne box set<\/strong> en su vida cotidiana. En un llavero o colgante, como desee.<\/p>\n<h2>\u00bfC\u00f3mo mantengo la hoja de mi espada de los Siete Pecados Capitales?<\/h2>\n<p>Las espadas de colecci\u00f3n y decorativas se fabrican y ensamblan de forma simplificada. Como su uso es decorativo, no cuentan con los elementos de seguridad necesarios para una espada japonesa destinada al entrenamiento.<\/p>\n<p>Sin embargo, su <strong>Meliodas Lostvayne box set<\/strong> a una hoja de acero que hay que cuidar para evitar que se estropee con el tiempo. Cuando exponga su katana, sus amigos sentir\u00e1n curiosidad por ver la hoja y tocarla. Aqu\u00ed es donde hay que tener cuidado, ya que la acidez de los dedos es muy perjudicial para el acero, sea cual sea su calidad.<\/p>\n<p>Sin embargo, si esto ocurre, no te asustes, todo lo que necesitas es un pa\u00f1o humedecido con un poco de aceite y limpiar las huellas dactilares. Si haces esto, tu espada durar\u00e1 mucho tiempo.<\/p>","protected":false},"excerpt":{"rendered":"<p>Conjunto de 10 piezas de acero de las espadas de Meliodas en Los siete pecados capitales.<\/p>\n<p>Este paquete incluye :<\/p>\n<ul>\n<li>3 espadas Meliodas - Entre 10,5 cm y 13,5 cm de longitud<\/li>\n<li>2 Fundas para espadas - 8 cm de largo<\/li>\n<li>1 Medalla con logotipo - Di\u00e1metro: 3,5 cm<\/li>\n<li>1 personaje M\u00e9liodas - Altura 6cm<\/li>\n<li>1 cadena de 60 cm<\/li>\n<li>1 llavero y 1 mosquet\u00f3n<\/li>\n<\/ul>\n<p>Viene en una caja de coleccionista con los colores del manga.<\/p>","protected":false},"featured_media":41687,"template":"","meta":[],"product_brand":[896],"product_cat":[98,94,23,96,110],"product_tag":[],"class_list":{"0":"post-41686","1":"product","2":"type-product","3":"status-publish","4":"has-post-thumbnail","6":"product_brand-replique-manga-cine","7":"product_cat-divers-goodies","8":"product_cat-goodies","9":"product_cat-repliques-manga-jeux-video","10":"product_cat-porte-cles-goodies","11":"product_cat-epees-seven-deadly-sins","13":"first","14":"outofstock","15":"taxable","16":"shipping-taxable","17":"purchasable","18":"product-type-simple"},"yoast_head":"<!-- This site is optimized with the Yoast SEO plugin v27.4 - https:\/\/yoast.com\/product\/yoast-seo-wordpress\/ -->\n<title>Coffret Meliodas Lostvayne 10 pi\u00e8ces - R\u00e9plique Manga Cin\u00e9<\/title>\n<meta name=\"description\" content=\"Offrez-vous ! Ce superbe Coffret Meliodas Lostvayne dans The Seven Deadly Sins au meilleur prix - Coffret de 10 pi\u00e8ces - Envoi 24\/48h\" \/>\n<meta name=\"robots\" content=\"index, follow, max-snippet:-1, max-image-preview:large, max-video-preview:-1\" \/>\n<link rel=\"canonical\" href=\"https:\/\/repliquemangacine.fr\/es\/siete-pecados-capitales-espadas\/juego-de-espadas-meliodas-de-10-piezas\/\" \/>\n<meta property=\"og:locale\" content=\"es_ES\" \/>\n<meta property=\"og:type\" content=\"article\" \/>\n<meta property=\"og:title\" content=\"Coffret Meliodas Lostvayne 10 pi\u00e8ces - R\u00e9plique Manga Cin\u00e9\" \/>\n<meta property=\"og:description\" content=\"Offrez-vous ! Ce superbe Coffret Meliodas Lostvayne dans The Seven Deadly Sins au meilleur prix - Coffret de 10 pi\u00e8ces - Envoi 24\/48h\" \/>\n<meta property=\"og:url\" content=\"https:\/\/repliquemangacine.fr\/es\/siete-pecados-capitales-espadas\/juego-de-espadas-meliodas-de-10-piezas\/\" \/>\n<meta property=\"og:site_name\" content=\"R\u00e9plique Manga Cin\u00e9\" \/>\n<meta property=\"article:publisher\" content=\"https:\/\/www.facebook.com\/RepliqueMangaCine\" \/>\n<meta property=\"article:modified_time\" content=\"2025-09-23T16:02:38+00:00\" \/>\n<meta property=\"og:image\" content=\"https:\/\/repliquemangacine.fr\/wp-content\/uploads\/2023\/10\/coffret-meliodas-sins.jpg\" \/>\n\t<meta property=\"og:image:width\" content=\"800\" \/>\n\t<meta property=\"og:image:height\" content=\"800\" \/>\n\t<meta property=\"og:image:type\" content=\"image\/jpeg\" \/>\n<meta name=\"twitter:card\" content=\"summary_large_image\" \/>\n<meta name=\"twitter:label1\" content=\"Tiempo de lectura\" \/>\n\t<meta name=\"twitter:data1\" content=\"1 minuto\" \/>\n<script type=\"application\/ld+json\" class=\"yoast-schema-graph\">{\"@context\":\"https:\\\/\\\/schema.org\",\"@graph\":[{\"@type\":\"WebPage\",\"@id\":\"https:\\\/\\\/repliquemangacine.fr\\\/en\\\/seven-deadly-sins-swords\\\/10-piece-meliodas-sword-set\\\/\",\"url\":\"https:\\\/\\\/repliquemangacine.fr\\\/en\\\/seven-deadly-sins-swords\\\/10-piece-meliodas-sword-set\\\/\",\"name\":\"Coffret Meliodas Lostvayne 10 pi\u00e8ces - R\u00e9plique Manga Cin\u00e9\",\"isPartOf\":{\"@id\":\"https:\\\/\\\/repliquemangacine.fr\\\/#website\"},\"primaryImageOfPage\":{\"@id\":\"https:\\\/\\\/repliquemangacine.fr\\\/en\\\/seven-deadly-sins-swords\\\/10-piece-meliodas-sword-set\\\/#primaryimage\"},\"image\":{\"@id\":\"https:\\\/\\\/repliquemangacine.fr\\\/en\\\/seven-deadly-sins-swords\\\/10-piece-meliodas-sword-set\\\/#primaryimage\"},\"thumbnailUrl\":\"https:\\\/\\\/repliquemangacine.fr\\\/wp-content\\\/uploads\\\/2023\\\/10\\\/coffret-meliodas-sins.jpg\",\"datePublished\":\"2021-07-31T16:07:36+00:00\",\"dateModified\":\"2025-09-23T16:02:38+00:00\",\"description\":\"Offrez-vous ! Ce superbe Coffret Meliodas Lostvayne dans The Seven Deadly Sins au meilleur prix - Coffret de 10 pi\u00e8ces - Envoi 24\\\/48h\",\"breadcrumb\":{\"@id\":\"https:\\\/\\\/repliquemangacine.fr\\\/en\\\/seven-deadly-sins-swords\\\/10-piece-meliodas-sword-set\\\/#breadcrumb\"},\"inLanguage\":\"es\",\"potentialAction\":[{\"@type\":\"ReadAction\",\"target\":[\"https:\\\/\\\/repliquemangacine.fr\\\/en\\\/seven-deadly-sins-swords\\\/10-piece-meliodas-sword-set\\\/\"]}]},{\"@type\":\"ImageObject\",\"inLanguage\":\"es\",\"@id\":\"https:\\\/\\\/repliquemangacine.fr\\\/en\\\/seven-deadly-sins-swords\\\/10-piece-meliodas-sword-set\\\/#primaryimage\",\"url\":\"https:\\\/\\\/repliquemangacine.fr\\\/wp-content\\\/uploads\\\/2023\\\/10\\\/coffret-meliodas-sins.jpg\",\"contentUrl\":\"https:\\\/\\\/repliquemangacine.fr\\\/wp-content\\\/uploads\\\/2023\\\/10\\\/coffret-meliodas-sins.jpg\",\"width\":800,\"height\":800,\"caption\":\"coffret \u00e9p\u00e9es-meliodas porte cl\u00e9s\"},{\"@type\":\"BreadcrumbList\",\"@id\":\"https:\\\/\\\/repliquemangacine.fr\\\/en\\\/seven-deadly-sins-swords\\\/10-piece-meliodas-sword-set\\\/#breadcrumb\",\"itemListElement\":[{\"@type\":\"ListItem\",\"position\":1,\"name\":\"Accueil\",\"item\":\"https:\\\/\\\/repliquemangacine.fr\\\/\"},{\"@type\":\"ListItem\",\"position\":2,\"name\":\"Produits\",\"item\":\"https:\\\/\\\/repliquemangacine.fr\\\/boutique\\\/\"},{\"@type\":\"ListItem\",\"position\":3,\"name\":\"Coffret Meliodas Lostvayne 10 pi\u00e8ces\"}]},{\"@type\":\"WebSite\",\"@id\":\"https:\\\/\\\/repliquemangacine.fr\\\/#website\",\"url\":\"https:\\\/\\\/repliquemangacine.fr\\\/\",\"name\":\"R\u00e9plique Manga Cin\u00e9\",\"description\":\"\",\"publisher\":{\"@id\":\"https:\\\/\\\/repliquemangacine.fr\\\/#organization\"},\"potentialAction\":[{\"@type\":\"SearchAction\",\"target\":{\"@type\":\"EntryPoint\",\"urlTemplate\":\"https:\\\/\\\/repliquemangacine.fr\\\/?s={search_term_string}\"},\"query-input\":{\"@type\":\"PropertyValueSpecification\",\"valueRequired\":true,\"valueName\":\"search_term_string\"}}],\"inLanguage\":\"es\"},{\"@type\":\"Organization\",\"@id\":\"https:\\\/\\\/repliquemangacine.fr\\\/#organization\",\"name\":\"R\u00e9plique Manga Cin\u00e9\",\"url\":\"https:\\\/\\\/repliquemangacine.fr\\\/\",\"logo\":{\"@type\":\"ImageObject\",\"inLanguage\":\"es\",\"@id\":\"https:\\\/\\\/repliquemangacine.fr\\\/#\\\/schema\\\/logo\\\/image\\\/\",\"url\":\"https:\\\/\\\/repliquemangacine.fr\\\/wp-content\\\/uploads\\\/2023\\\/10\\\/RMC-500250.png\",\"contentUrl\":\"https:\\\/\\\/repliquemangacine.fr\\\/wp-content\\\/uploads\\\/2023\\\/10\\\/RMC-500250.png\",\"width\":500,\"height\":250,\"caption\":\"R\u00e9plique Manga Cin\u00e9\"},\"image\":{\"@id\":\"https:\\\/\\\/repliquemangacine.fr\\\/#\\\/schema\\\/logo\\\/image\\\/\"},\"sameAs\":[\"https:\\\/\\\/www.facebook.com\\\/RepliqueMangaCine\",\"https:\\\/\\\/www.instagram.com\\\/repliquemangacine.fr\\\/\"]}]}<\/script>\n<!-- \/ Yoast SEO plugin. -->","yoast_head_json":{"title":"Meliodas Lostvayne Juego de 10 piezas - R\u00e9plique Manga Cin\u00e9","description":"\u00a1Date un capricho! Este magn\u00edfico Set de Regalo Meliodas Lostvayne en Los Siete Pecados Capitales al mejor precio - Caja de 10 piezas - Env\u00edo 24\/48h","robots":{"index":"index","follow":"follow","max-snippet":"max-snippet:-1","max-image-preview":"max-image-preview:large","max-video-preview":"max-video-preview:-1"},"canonical":"https:\/\/repliquemangacine.fr\/es\/siete-pecados-capitales-espadas\/juego-de-espadas-meliodas-de-10-piezas\/","og_locale":"es_ES","og_type":"article","og_title":"Coffret Meliodas Lostvayne 10 pi\u00e8ces - R\u00e9plique Manga Cin\u00e9","og_description":"Offrez-vous ! Ce superbe Coffret Meliodas Lostvayne dans The Seven Deadly Sins au meilleur prix - Coffret de 10 pi\u00e8ces - Envoi 24\/48h","og_url":"https:\/\/repliquemangacine.fr\/es\/siete-pecados-capitales-espadas\/juego-de-espadas-meliodas-de-10-piezas\/","og_site_name":"R\u00e9plique Manga Cin\u00e9","article_publisher":"https:\/\/www.facebook.com\/RepliqueMangaCine","article_modified_time":"2025-09-23T16:02:38+00:00","og_image":[{"width":800,"height":800,"url":"https:\/\/repliquemangacine.fr\/wp-content\/uploads\/2023\/10\/coffret-meliodas-sins.jpg","type":"image\/jpeg"}],"twitter_card":"summary_large_image","twitter_misc":{"Tiempo de lectura":"1 minuto"},"schema":{"@context":"https:\/\/schema.org","@graph":[{"@type":"WebPage","@id":"https:\/\/repliquemangacine.fr\/en\/seven-deadly-sins-swords\/10-piece-meliodas-sword-set\/","url":"https:\/\/repliquemangacine.fr\/en\/seven-deadly-sins-swords\/10-piece-meliodas-sword-set\/","name":"Meliodas Lostvayne Juego de 10 piezas - R\u00e9plique Manga Cin\u00e9","isPartOf":{"@id":"https:\/\/repliquemangacine.fr\/#website"},"primaryImageOfPage":{"@id":"https:\/\/repliquemangacine.fr\/en\/seven-deadly-sins-swords\/10-piece-meliodas-sword-set\/#primaryimage"},"image":{"@id":"https:\/\/repliquemangacine.fr\/en\/seven-deadly-sins-swords\/10-piece-meliodas-sword-set\/#primaryimage"},"thumbnailUrl":"https:\/\/repliquemangacine.fr\/wp-content\/uploads\/2023\/10\/coffret-meliodas-sins.jpg","datePublished":"2021-07-31T16:07:36+00:00","dateModified":"2025-09-23T16:02:38+00:00","description":"\u00a1Date un capricho! Este magn\u00edfico Set de Regalo Meliodas Lostvayne en Los Siete Pecados Capitales al mejor precio - Caja de 10 piezas - Env\u00edo 24\/48h","breadcrumb":{"@id":"https:\/\/repliquemangacine.fr\/en\/seven-deadly-sins-swords\/10-piece-meliodas-sword-set\/#breadcrumb"},"inLanguage":"es","potentialAction":[{"@type":"ReadAction","target":["https:\/\/repliquemangacine.fr\/en\/seven-deadly-sins-swords\/10-piece-meliodas-sword-set\/"]}]},{"@type":"ImageObject","inLanguage":"es","@id":"https:\/\/repliquemangacine.fr\/en\/seven-deadly-sins-swords\/10-piece-meliodas-sword-set\/#primaryimage","url":"https:\/\/repliquemangacine.fr\/wp-content\/uploads\/2023\/10\/coffret-meliodas-sins.jpg","contentUrl":"https:\/\/repliquemangacine.fr\/wp-content\/uploads\/2023\/10\/coffret-meliodas-sins.jpg","width":800,"height":800,"caption":"coffret \u00e9p\u00e9es-meliodas porte cl\u00e9s"},{"@type":"BreadcrumbList","@id":"https:\/\/repliquemangacine.fr\/en\/seven-deadly-sins-swords\/10-piece-meliodas-sword-set\/#breadcrumb","itemListElement":[{"@type":"ListItem","position":1,"name":"Accueil","item":"https:\/\/repliquemangacine.fr\/"},{"@type":"ListItem","position":2,"name":"Produits","item":"https:\/\/repliquemangacine.fr\/boutique\/"},{"@type":"ListItem","position":3,"name":"Coffret Meliodas Lostvayne 10 pi\u00e8ces"}]},{"@type":"WebSite","@id":"https:\/\/repliquemangacine.fr\/#website","url":"https:\/\/repliquemangacine.fr\/","name":"R\u00e9plique Manga Cin\u00e9","description":"","publisher":{"@id":"https:\/\/repliquemangacine.fr\/#organization"},"potentialAction":[{"@type":"SearchAction","target":{"@type":"EntryPoint","urlTemplate":"https:\/\/repliquemangacine.fr\/?s={search_term_string}"},"query-input":{"@type":"PropertyValueSpecification","valueRequired":true,"valueName":"search_term_string"}}],"inLanguage":"es"},{"@type":"Organization","@id":"https:\/\/repliquemangacine.fr\/#organization","name":"R\u00e9plique Manga Cin\u00e9","url":"https:\/\/repliquemangacine.fr\/","logo":{"@type":"ImageObject","inLanguage":"es","@id":"https:\/\/repliquemangacine.fr\/#\/schema\/logo\/image\/","url":"https:\/\/repliquemangacine.fr\/wp-content\/uploads\/2023\/10\/RMC-500250.png","contentUrl":"https:\/\/repliquemangacine.fr\/wp-content\/uploads\/2023\/10\/RMC-500250.png","width":500,"height":250,"caption":"R\u00e9plique Manga Cin\u00e9"},"image":{"@id":"https:\/\/repliquemangacine.fr\/#\/schema\/logo\/image\/"},"sameAs":["https:\/\/www.facebook.com\/RepliqueMangaCine","https:\/\/www.instagram.com\/repliquemangacine.fr\/"]}]}},"_links":{"self":[{"href":"https:\/\/repliquemangacine.fr\/es\/wp-json\/wp\/v2\/product\/41686","targetHints":{"allow":["GET"]}}],"collection":[{"href":"https:\/\/repliquemangacine.fr\/es\/wp-json\/wp\/v2\/product"}],"about":[{"href":"https:\/\/repliquemangacine.fr\/es\/wp-json\/wp\/v2\/types\/product"}],"wp:featuredmedia":[{"embeddable":true,"href":"https:\/\/repliquemangacine.fr\/es\/wp-json\/wp\/v2\/media\/41687"}],"wp:attachment":[{"href":"https:\/\/repliquemangacine.fr\/es\/wp-json\/wp\/v2\/media?parent=41686"}],"wp:term":[{"taxonomy":"product_brand","embeddable":true,"href":"https:\/\/repliquemangacine.fr\/es\/wp-json\/wp\/v2\/product_brand?post=41686"},{"taxonomy":"product_cat","embeddable":true,"href":"https:\/\/repliquemangacine.fr\/es\/wp-json\/wp\/v2\/product_cat?post=41686"},{"taxonomy":"product_tag","embeddable":true,"href":"https:\/\/repliquemangacine.fr\/es\/wp-json\/wp\/v2\/product_tag?post=41686"}],"curies":[{"name":"wp","href":"https:\/\/api.w.org\/{rel}","templated":true}]}}