





{"id":41681,"date":"2021-07-31T17:10:46","date_gmt":"2021-07-31T15:10:46","guid":{"rendered":"https:\/\/repliquemangacine.fr\/?post_type=product&#038;p=41681"},"modified":"2025-09-23T18:02:38","modified_gmt":"2025-09-23T16:02:38","slug":"harry-potter-juego-de-19-piezas","status":"publish","type":"product","link":"https:\/\/repliquemangacine.fr\/es\/porte-cles-goodies\/coffret-harry-potter-19-pieces\/","title":{"rendered":"Juego de 19 piezas Harry Potter"},"content":{"rendered":"<h2>Estuche de 19 piezas de Harry Potter.<\/h2>\n<p>Para empezar, el <strong>Harry Potter box set<\/strong>, entregado en una caja coleccionable con la imagen de la saga. Conjunto de 19 piezas que pueden ser llaveros o collares, seg\u00fan se desee.<\/p>\n<p>La serie de pel\u00edculas Harry Potter es una saga fant\u00e1stica estadounidense-brit\u00e1nica de ocho pel\u00edculas. Adaptada de las siete novelas hom\u00f3nimas de la escritora J. K. Rowling.<\/p>\n<p>La trama principal de la serie conduce al enfrentamiento entre Harry y Lord Voldemort, un poderoso mago oscuro en busca de la inmortalidad.<\/p>\n<p>De hecho, la escuela m\u00e1gica de Hogwarts no ha dejado de hacer so\u00f1ar a muchos de nosotros. Harry Potter, un fen\u00f3meno planetario, ha sido el centro de atenci\u00f3n de los medios de comunicaci\u00f3n durante m\u00e1s de diez a\u00f1os. Cabe destacar que si la calidad de la obra es tan apreciada entre los muggles es porque tiene todos los ingredientes necesarios para alcanzar el \u00e9xito y la fama.<\/p>\n<h2>Tu caja de coleccionista al mejor precio.<\/h2>\n<p>Le ofrecemos una amplia selecci\u00f3n de objetos de colecci\u00f3n de la saga Harry Potter.<\/p>\n<p>Lo primero y m\u00e1s importante,<\/p>\n<ul>\n<li>Le <a href=\"https:\/\/repliquemangacine.fr\/es\/coleccionistas-y-objetos-de-harry-potter\/harry-potter-escoba-de-fuego\/\">Escoba \u00c9clair de Feu<\/a> con licencia oficial y certificado de autenticidad.<\/li>\n<li>Tambi\u00e9n existe el famoso tablero de ajedrez oficial distribuido por <a href=\"https:\/\/noblecollection.fr\/\" target=\"_blank\" rel=\"noopener noreferrer\">Colecci\u00f3n Noble<\/a>.<\/li>\n<li>As\u00ed como el<a href=\"https:\/\/repliquemangacine.fr\/es\/coleccionistas-y-objetos-de-harry-potter\/harry-potter-godric-gryffindor-espada\/\">Espada Gryffindor<\/a> que est\u00e1 vinculada a las opciones depeau.<\/li>\n<li>Y muchos m\u00e1s por descubrir en nuestra tienda en l\u00ednea.<\/li>\n<\/ul>\n<p>Por eso, esta es una idea genial para regalar a todos los fans de la saga Harry Potter.<\/p>\n<p>En conclusi\u00f3n, puede utilizar el <strong>Harry Potter box set<\/strong> en la vida cotidiana, ya sea como collar o llavero, seg\u00fan sus preferencias. Pero, ante todo, es una pieza de colecci\u00f3n.<\/p>\n<p>R\u00e9plique Manga Cin\u00e9 es una empresa familiar francesa.<\/p>","protected":false},"excerpt":{"rendered":"<p>Caja de coleccionista con llavero y\/o collar.<\/p>\n<ul>\n<li>Piezas antiguas de acero.<\/li>\n<li>1 Inversor de tiempo<\/li>\n<li>1 Anillo con logotipo<\/li>\n<li>4 Baguettes de 8 cm de largo.<\/li>\n<li>4 Crestas de la casa.<\/li>\n<li>Insignia 1 HP<\/li>\n<li>1 Vif d'or colgante<\/li>\n<li>1 Medalla de balance<\/li>\n<li>2 tri\u00e1ngulos HP<\/li>\n<li>2 anillos el\u00e1sticos.<\/li>\n<li>2 cadenas de unos 60 cm de largo cada una<\/li>\n<\/ul>","protected":false},"featured_media":41682,"template":"","meta":[],"product_brand":[896],"product_cat":[87,98,24,94,41,96],"product_tag":[],"class_list":{"0":"post-41681","1":"product","2":"type-product","3":"status-publish","4":"has-post-thumbnail","6":"product_brand-replique-manga-cine","7":"product_cat-collectors-et-goodies-harry-potter","8":"product_cat-divers-goodies","9":"product_cat-films-series-tv-vente-de-katana-epee-et-produits-derives","10":"product_cat-goodies","11":"product_cat-baguettes-et-goodies-harry-potter","12":"product_cat-porte-cles-goodies","14":"first","15":"outofstock","16":"sale","17":"taxable","18":"shipping-taxable","19":"purchasable","20":"product-type-simple"},"yoast_head":"<!-- This site is optimized with the Yoast SEO plugin v27.3 - https:\/\/yoast.com\/product\/yoast-seo-wordpress\/ -->\n<title>Coffret Harry Potter - Porte-cl\u00e9s et pendentif 19 pi\u00e8ces | RMC<\/title>\n<meta name=\"description\" content=\"Superbe Coffret Harry Potter au meilleur prix - Tout en m\u00e9tal - Baguettes magiques et blason - Coffret collector de 19 pi\u00e8ces - Envoi 24\/48h\" \/>\n<meta name=\"robots\" content=\"index, follow, max-snippet:-1, max-image-preview:large, max-video-preview:-1\" \/>\n<link rel=\"canonical\" href=\"https:\/\/repliquemangacine.fr\/es\/varias-golosinas\/harry-potter-juego-de-19-piezas\/\" \/>\n<meta property=\"og:locale\" content=\"es_ES\" \/>\n<meta property=\"og:type\" content=\"article\" \/>\n<meta property=\"og:title\" content=\"Coffret Harry Potter - Porte-cl\u00e9s et pendentif 19 pi\u00e8ces | RMC\" \/>\n<meta property=\"og:description\" content=\"Superbe Coffret Harry Potter au meilleur prix - Tout en m\u00e9tal - Baguettes magiques et blason - Coffret collector de 19 pi\u00e8ces - Envoi 24\/48h\" \/>\n<meta property=\"og:url\" content=\"https:\/\/repliquemangacine.fr\/es\/varias-golosinas\/harry-potter-juego-de-19-piezas\/\" \/>\n<meta property=\"og:site_name\" content=\"R\u00e9plique Manga Cin\u00e9\" \/>\n<meta property=\"article:publisher\" content=\"https:\/\/www.facebook.com\/RepliqueMangaCine\" \/>\n<meta property=\"article:modified_time\" content=\"2025-09-23T16:02:38+00:00\" \/>\n<meta property=\"og:image\" content=\"https:\/\/repliquemangacine.fr\/wp-content\/uploads\/2023\/10\/coffret-harry-potter.jpg\" \/>\n\t<meta property=\"og:image:width\" content=\"800\" \/>\n\t<meta property=\"og:image:height\" content=\"800\" \/>\n\t<meta property=\"og:image:type\" content=\"image\/jpeg\" \/>\n<meta name=\"twitter:card\" content=\"summary_large_image\" \/>\n<meta name=\"twitter:label1\" content=\"Tiempo de lectura\" \/>\n\t<meta name=\"twitter:data1\" content=\"1 minuto\" \/>\n<script type=\"application\/ld+json\" class=\"yoast-schema-graph\">{\"@context\":\"https:\\\/\\\/schema.org\",\"@graph\":[{\"@type\":\"WebPage\",\"@id\":\"https:\\\/\\\/repliquemangacine.fr\\\/en\\\/various-goodies\\\/harry-potter-19-piece-set\\\/\",\"url\":\"https:\\\/\\\/repliquemangacine.fr\\\/en\\\/various-goodies\\\/harry-potter-19-piece-set\\\/\",\"name\":\"Coffret Harry Potter - Porte-cl\u00e9s et pendentif 19 pi\u00e8ces | RMC\",\"isPartOf\":{\"@id\":\"https:\\\/\\\/repliquemangacine.fr\\\/#website\"},\"primaryImageOfPage\":{\"@id\":\"https:\\\/\\\/repliquemangacine.fr\\\/en\\\/various-goodies\\\/harry-potter-19-piece-set\\\/#primaryimage\"},\"image\":{\"@id\":\"https:\\\/\\\/repliquemangacine.fr\\\/en\\\/various-goodies\\\/harry-potter-19-piece-set\\\/#primaryimage\"},\"thumbnailUrl\":\"https:\\\/\\\/repliquemangacine.fr\\\/wp-content\\\/uploads\\\/2023\\\/10\\\/coffret-harry-potter.jpg\",\"datePublished\":\"2021-07-31T15:10:46+00:00\",\"dateModified\":\"2025-09-23T16:02:38+00:00\",\"description\":\"Superbe Coffret Harry Potter au meilleur prix - Tout en m\u00e9tal - Baguettes magiques et blason - Coffret collector de 19 pi\u00e8ces - Envoi 24\\\/48h\",\"breadcrumb\":{\"@id\":\"https:\\\/\\\/repliquemangacine.fr\\\/en\\\/various-goodies\\\/harry-potter-19-piece-set\\\/#breadcrumb\"},\"inLanguage\":\"es\",\"potentialAction\":[{\"@type\":\"ReadAction\",\"target\":[\"https:\\\/\\\/repliquemangacine.fr\\\/en\\\/various-goodies\\\/harry-potter-19-piece-set\\\/\"]}]},{\"@type\":\"ImageObject\",\"inLanguage\":\"es\",\"@id\":\"https:\\\/\\\/repliquemangacine.fr\\\/en\\\/various-goodies\\\/harry-potter-19-piece-set\\\/#primaryimage\",\"url\":\"https:\\\/\\\/repliquemangacine.fr\\\/wp-content\\\/uploads\\\/2023\\\/10\\\/coffret-harry-potter.jpg\",\"contentUrl\":\"https:\\\/\\\/repliquemangacine.fr\\\/wp-content\\\/uploads\\\/2023\\\/10\\\/coffret-harry-potter.jpg\",\"width\":800,\"height\":800,\"caption\":\"Coffret porte cl\u00e9s et collier Harry Potter\"},{\"@type\":\"BreadcrumbList\",\"@id\":\"https:\\\/\\\/repliquemangacine.fr\\\/en\\\/various-goodies\\\/harry-potter-19-piece-set\\\/#breadcrumb\",\"itemListElement\":[{\"@type\":\"ListItem\",\"position\":1,\"name\":\"Accueil\",\"item\":\"https:\\\/\\\/repliquemangacine.fr\\\/\"},{\"@type\":\"ListItem\",\"position\":2,\"name\":\"Produits\",\"item\":\"https:\\\/\\\/repliquemangacine.fr\\\/boutique\\\/\"},{\"@type\":\"ListItem\",\"position\":3,\"name\":\"Coffret 19 pi\u00e8ces Harry Potter\"}]},{\"@type\":\"WebSite\",\"@id\":\"https:\\\/\\\/repliquemangacine.fr\\\/#website\",\"url\":\"https:\\\/\\\/repliquemangacine.fr\\\/\",\"name\":\"R\u00e9plique Manga Cin\u00e9\",\"description\":\"\",\"publisher\":{\"@id\":\"https:\\\/\\\/repliquemangacine.fr\\\/#organization\"},\"potentialAction\":[{\"@type\":\"SearchAction\",\"target\":{\"@type\":\"EntryPoint\",\"urlTemplate\":\"https:\\\/\\\/repliquemangacine.fr\\\/?s={search_term_string}\"},\"query-input\":{\"@type\":\"PropertyValueSpecification\",\"valueRequired\":true,\"valueName\":\"search_term_string\"}}],\"inLanguage\":\"es\"},{\"@type\":\"Organization\",\"@id\":\"https:\\\/\\\/repliquemangacine.fr\\\/#organization\",\"name\":\"R\u00e9plique Manga Cin\u00e9\",\"url\":\"https:\\\/\\\/repliquemangacine.fr\\\/\",\"logo\":{\"@type\":\"ImageObject\",\"inLanguage\":\"es\",\"@id\":\"https:\\\/\\\/repliquemangacine.fr\\\/#\\\/schema\\\/logo\\\/image\\\/\",\"url\":\"https:\\\/\\\/repliquemangacine.fr\\\/wp-content\\\/uploads\\\/2023\\\/10\\\/RMC-500250.png\",\"contentUrl\":\"https:\\\/\\\/repliquemangacine.fr\\\/wp-content\\\/uploads\\\/2023\\\/10\\\/RMC-500250.png\",\"width\":500,\"height\":250,\"caption\":\"R\u00e9plique Manga Cin\u00e9\"},\"image\":{\"@id\":\"https:\\\/\\\/repliquemangacine.fr\\\/#\\\/schema\\\/logo\\\/image\\\/\"},\"sameAs\":[\"https:\\\/\\\/www.facebook.com\\\/RepliqueMangaCine\",\"https:\\\/\\\/www.instagram.com\\\/repliquemangacine.fr\\\/\"]}]}<\/script>\n<!-- \/ Yoast SEO plugin. -->","yoast_head_json":{"title":"Juego Harry Potter - Llavero y colgante de 19 piezas | RMC","description":"Magn\u00edfico estuche de Harry Potter al mejor precio - Todo de metal - Varitas m\u00e1gicas y escudo de armas - Estuche de coleccionista de 19 piezas - Env\u00edo 24\/48h","robots":{"index":"index","follow":"follow","max-snippet":"max-snippet:-1","max-image-preview":"max-image-preview:large","max-video-preview":"max-video-preview:-1"},"canonical":"https:\/\/repliquemangacine.fr\/es\/varias-golosinas\/harry-potter-juego-de-19-piezas\/","og_locale":"es_ES","og_type":"article","og_title":"Coffret Harry Potter - Porte-cl\u00e9s et pendentif 19 pi\u00e8ces | RMC","og_description":"Superbe Coffret Harry Potter au meilleur prix - Tout en m\u00e9tal - Baguettes magiques et blason - Coffret collector de 19 pi\u00e8ces - Envoi 24\/48h","og_url":"https:\/\/repliquemangacine.fr\/es\/varias-golosinas\/harry-potter-juego-de-19-piezas\/","og_site_name":"R\u00e9plique Manga Cin\u00e9","article_publisher":"https:\/\/www.facebook.com\/RepliqueMangaCine","article_modified_time":"2025-09-23T16:02:38+00:00","og_image":[{"width":800,"height":800,"url":"https:\/\/repliquemangacine.fr\/wp-content\/uploads\/2023\/10\/coffret-harry-potter.jpg","type":"image\/jpeg"}],"twitter_card":"summary_large_image","twitter_misc":{"Tiempo de lectura":"1 minuto"},"schema":{"@context":"https:\/\/schema.org","@graph":[{"@type":"WebPage","@id":"https:\/\/repliquemangacine.fr\/en\/various-goodies\/harry-potter-19-piece-set\/","url":"https:\/\/repliquemangacine.fr\/en\/various-goodies\/harry-potter-19-piece-set\/","name":"Juego Harry Potter - Llavero y colgante de 19 piezas | RMC","isPartOf":{"@id":"https:\/\/repliquemangacine.fr\/#website"},"primaryImageOfPage":{"@id":"https:\/\/repliquemangacine.fr\/en\/various-goodies\/harry-potter-19-piece-set\/#primaryimage"},"image":{"@id":"https:\/\/repliquemangacine.fr\/en\/various-goodies\/harry-potter-19-piece-set\/#primaryimage"},"thumbnailUrl":"https:\/\/repliquemangacine.fr\/wp-content\/uploads\/2023\/10\/coffret-harry-potter.jpg","datePublished":"2021-07-31T15:10:46+00:00","dateModified":"2025-09-23T16:02:38+00:00","description":"Magn\u00edfico estuche de Harry Potter al mejor precio - Todo de metal - Varitas m\u00e1gicas y escudo de armas - Estuche de coleccionista de 19 piezas - Env\u00edo 24\/48h","breadcrumb":{"@id":"https:\/\/repliquemangacine.fr\/en\/various-goodies\/harry-potter-19-piece-set\/#breadcrumb"},"inLanguage":"es","potentialAction":[{"@type":"ReadAction","target":["https:\/\/repliquemangacine.fr\/en\/various-goodies\/harry-potter-19-piece-set\/"]}]},{"@type":"ImageObject","inLanguage":"es","@id":"https:\/\/repliquemangacine.fr\/en\/various-goodies\/harry-potter-19-piece-set\/#primaryimage","url":"https:\/\/repliquemangacine.fr\/wp-content\/uploads\/2023\/10\/coffret-harry-potter.jpg","contentUrl":"https:\/\/repliquemangacine.fr\/wp-content\/uploads\/2023\/10\/coffret-harry-potter.jpg","width":800,"height":800,"caption":"Coffret porte cl\u00e9s et collier Harry Potter"},{"@type":"BreadcrumbList","@id":"https:\/\/repliquemangacine.fr\/en\/various-goodies\/harry-potter-19-piece-set\/#breadcrumb","itemListElement":[{"@type":"ListItem","position":1,"name":"Accueil","item":"https:\/\/repliquemangacine.fr\/"},{"@type":"ListItem","position":2,"name":"Produits","item":"https:\/\/repliquemangacine.fr\/boutique\/"},{"@type":"ListItem","position":3,"name":"Coffret 19 pi\u00e8ces Harry Potter"}]},{"@type":"WebSite","@id":"https:\/\/repliquemangacine.fr\/#website","url":"https:\/\/repliquemangacine.fr\/","name":"R\u00e9plique Manga Cin\u00e9","description":"","publisher":{"@id":"https:\/\/repliquemangacine.fr\/#organization"},"potentialAction":[{"@type":"SearchAction","target":{"@type":"EntryPoint","urlTemplate":"https:\/\/repliquemangacine.fr\/?s={search_term_string}"},"query-input":{"@type":"PropertyValueSpecification","valueRequired":true,"valueName":"search_term_string"}}],"inLanguage":"es"},{"@type":"Organization","@id":"https:\/\/repliquemangacine.fr\/#organization","name":"R\u00e9plique Manga Cin\u00e9","url":"https:\/\/repliquemangacine.fr\/","logo":{"@type":"ImageObject","inLanguage":"es","@id":"https:\/\/repliquemangacine.fr\/#\/schema\/logo\/image\/","url":"https:\/\/repliquemangacine.fr\/wp-content\/uploads\/2023\/10\/RMC-500250.png","contentUrl":"https:\/\/repliquemangacine.fr\/wp-content\/uploads\/2023\/10\/RMC-500250.png","width":500,"height":250,"caption":"R\u00e9plique Manga Cin\u00e9"},"image":{"@id":"https:\/\/repliquemangacine.fr\/#\/schema\/logo\/image\/"},"sameAs":["https:\/\/www.facebook.com\/RepliqueMangaCine","https:\/\/www.instagram.com\/repliquemangacine.fr\/"]}]}},"_links":{"self":[{"href":"https:\/\/repliquemangacine.fr\/es\/wp-json\/wp\/v2\/product\/41681","targetHints":{"allow":["GET"]}}],"collection":[{"href":"https:\/\/repliquemangacine.fr\/es\/wp-json\/wp\/v2\/product"}],"about":[{"href":"https:\/\/repliquemangacine.fr\/es\/wp-json\/wp\/v2\/types\/product"}],"wp:featuredmedia":[{"embeddable":true,"href":"https:\/\/repliquemangacine.fr\/es\/wp-json\/wp\/v2\/media\/41682"}],"wp:attachment":[{"href":"https:\/\/repliquemangacine.fr\/es\/wp-json\/wp\/v2\/media?parent=41681"}],"wp:term":[{"taxonomy":"product_brand","embeddable":true,"href":"https:\/\/repliquemangacine.fr\/es\/wp-json\/wp\/v2\/product_brand?post=41681"},{"taxonomy":"product_cat","embeddable":true,"href":"https:\/\/repliquemangacine.fr\/es\/wp-json\/wp\/v2\/product_cat?post=41681"},{"taxonomy":"product_tag","embeddable":true,"href":"https:\/\/repliquemangacine.fr\/es\/wp-json\/wp\/v2\/product_tag?post=41681"}],"curies":[{"name":"wp","href":"https:\/\/api.w.org\/{rel}","templated":true}]}}