





{"id":41671,"date":"2021-07-30T19:11:58","date_gmt":"2021-07-30T17:11:58","guid":{"rendered":"https:\/\/repliquemangacine.fr\/?post_type=product&#038;p=41671"},"modified":"2025-12-07T02:02:31","modified_gmt":"2025-12-07T01:02:31","slug":"marvel-avengers-set-11-piezas","status":"publish","type":"product","link":"https:\/\/repliquemangacine.fr\/es\/porte-cles-goodies\/coffret-marvel-avengers-set-11-pieces\/","title":{"rendered":"Set de 11 piezas Marvel Avengers"},"content":{"rendered":"<p>Esta es una gran idea de regalo para todos los fans de Marvel. En primer lugar, esta caja es un complemento esencial para tu colecci\u00f3n.<\/p>","protected":false},"excerpt":{"rendered":"<p>Esta caja es absolutamente brillante.<\/p>\n<p>Todas las piezas son de acero macizo en los colores de tus h\u00e9roes favoritos. Puedes elegir llevar cada pieza como llavero o colgante, como prefieras.<\/p>\n<p>Esta magn\u00edfica caja incluye:<\/p>\n<ul>\n<li>Pu\u00f1o de Hulk - Altura: 6cm - Peso: 24 grs<\/li>\n<li>Guante de Thanos - Longitud: 7.5cm - Peso: 27grs<\/li>\n<li>M\u00e1scara Iron Man - Longitud: 6cm - Peso: 16 grs<\/li>\n<li>Escudo del Capit\u00e1n Am\u00e9rica - Di\u00e1metro: 5cm - Peso: 15 grs<\/li>\n<li>Strombreaker Thor - Longitud: 8.5cm - Peso: 27 grs<\/li>\n<li>Logo Avengers - Di\u00e1metro: 5cm - Peso: 12grs<\/li>\n<li>Logo Capit\u00e1n Marvel - Di\u00e1metro: 4cm - Peso: 10 grs<\/li>\n<li>Llave Viuda Negra - Longitud: 5.5cm - Peso: 7 grs<\/li>\n<li>Espada Ronin - Longitud: 10.5cm - Peso: 5 grs<\/li>\n<li>Llavero met\u00e1lico<\/li>\n<li>Cadena met\u00e1lica de 60 cm con peque\u00f1o cierre de mosquet\u00f3n<\/li>\n<\/ul>\n<p>Se entrega en una caja con los colores de tus superh\u00e9roes.<\/p>\n<p>Peso total de la caja: 480grs - Dimensiones 28 X 16.5 X 4 cm<\/p>","protected":false},"featured_media":41672,"template":"","meta":[],"product_brand":[896],"product_cat":[98,24,94,96,59],"product_tag":[],"class_list":{"0":"post-41671","1":"product","2":"type-product","3":"status-publish","4":"has-post-thumbnail","6":"product_brand-replique-manga-cine","7":"product_cat-divers-goodies","8":"product_cat-films-series-tv-vente-de-katana-epee-et-produits-derives","9":"product_cat-goodies","10":"product_cat-porte-cles-goodies","11":"product_cat-super-heros-marvel","13":"first","14":"outofstock","15":"taxable","16":"shipping-taxable","17":"purchasable","18":"product-type-simple"},"yoast_head":"<!-- This site is optimized with the Yoast SEO plugin v27.4 - https:\/\/yoast.com\/product\/yoast-seo-wordpress\/ -->\n<title>Coffret Marvel Avengers set 11 pi\u00e8ces - R\u00e9plique Manga Cin\u00e9<\/title>\n<meta name=\"description\" content=\"En exclusivit\u00e9 ! Superbe coffret Avengers Endgame de 11 pi\u00e8ces, porte cl\u00e9s ou collier selon vos envies. Thanos, Hulk, Thor, Captain Am\u00e9rica.\" \/>\n<meta name=\"robots\" content=\"index, follow, max-snippet:-1, max-image-preview:large, max-video-preview:-1\" \/>\n<link rel=\"canonical\" href=\"https:\/\/repliquemangacine.fr\/es\/varias-golosinas\/marvel-avengers-set-11-piezas\/\" \/>\n<meta property=\"og:locale\" content=\"es_ES\" \/>\n<meta property=\"og:type\" content=\"article\" \/>\n<meta property=\"og:title\" content=\"Coffret Marvel Avengers set 11 pi\u00e8ces - R\u00e9plique Manga Cin\u00e9\" \/>\n<meta property=\"og:description\" content=\"En exclusivit\u00e9 ! Superbe coffret Avengers Endgame de 11 pi\u00e8ces, porte cl\u00e9s ou collier selon vos envies. Thanos, Hulk, Thor, Captain Am\u00e9rica.\" \/>\n<meta property=\"og:url\" content=\"https:\/\/repliquemangacine.fr\/es\/varias-golosinas\/marvel-avengers-set-11-piezas\/\" \/>\n<meta property=\"og:site_name\" content=\"R\u00e9plique Manga Cin\u00e9\" \/>\n<meta property=\"article:publisher\" content=\"https:\/\/www.facebook.com\/RepliqueMangaCine\" \/>\n<meta property=\"article:modified_time\" content=\"2025-12-07T01:02:31+00:00\" \/>\n<meta property=\"og:image\" content=\"https:\/\/repliquemangacine.fr\/wp-content\/uploads\/2023\/10\/coffret-marvel.jpg\" \/>\n\t<meta property=\"og:image:width\" content=\"800\" \/>\n\t<meta property=\"og:image:height\" content=\"800\" \/>\n\t<meta property=\"og:image:type\" content=\"image\/jpeg\" \/>\n<meta name=\"twitter:card\" content=\"summary_large_image\" \/>\n<meta name=\"twitter:label1\" content=\"Tiempo de lectura\" \/>\n\t<meta name=\"twitter:data1\" content=\"1 minuto\" \/>\n<script type=\"application\/ld+json\" class=\"yoast-schema-graph\">{\"@context\":\"https:\\\/\\\/schema.org\",\"@graph\":[{\"@type\":\"WebPage\",\"@id\":\"https:\\\/\\\/repliquemangacine.fr\\\/divers-goodies\\\/coffret-marvel-avengers-set-11-pieces\\\/\",\"url\":\"https:\\\/\\\/repliquemangacine.fr\\\/divers-goodies\\\/coffret-marvel-avengers-set-11-pieces\\\/\",\"name\":\"Coffret Marvel Avengers set 11 pi\u00e8ces - R\u00e9plique Manga Cin\u00e9\",\"isPartOf\":{\"@id\":\"https:\\\/\\\/repliquemangacine.fr\\\/#website\"},\"primaryImageOfPage\":{\"@id\":\"https:\\\/\\\/repliquemangacine.fr\\\/divers-goodies\\\/coffret-marvel-avengers-set-11-pieces\\\/#primaryimage\"},\"image\":{\"@id\":\"https:\\\/\\\/repliquemangacine.fr\\\/divers-goodies\\\/coffret-marvel-avengers-set-11-pieces\\\/#primaryimage\"},\"thumbnailUrl\":\"https:\\\/\\\/repliquemangacine.fr\\\/wp-content\\\/uploads\\\/2023\\\/10\\\/coffret-marvel.jpg\",\"datePublished\":\"2021-07-30T17:11:58+00:00\",\"dateModified\":\"2025-12-07T01:02:31+00:00\",\"description\":\"En exclusivit\u00e9 ! Superbe coffret Avengers Endgame de 11 pi\u00e8ces, porte cl\u00e9s ou collier selon vos envies. Thanos, Hulk, Thor, Captain Am\u00e9rica.\",\"breadcrumb\":{\"@id\":\"https:\\\/\\\/repliquemangacine.fr\\\/divers-goodies\\\/coffret-marvel-avengers-set-11-pieces\\\/#breadcrumb\"},\"inLanguage\":\"es\",\"potentialAction\":[{\"@type\":\"ReadAction\",\"target\":[\"https:\\\/\\\/repliquemangacine.fr\\\/divers-goodies\\\/coffret-marvel-avengers-set-11-pieces\\\/\"]}]},{\"@type\":\"ImageObject\",\"inLanguage\":\"es\",\"@id\":\"https:\\\/\\\/repliquemangacine.fr\\\/divers-goodies\\\/coffret-marvel-avengers-set-11-pieces\\\/#primaryimage\",\"url\":\"https:\\\/\\\/repliquemangacine.fr\\\/wp-content\\\/uploads\\\/2023\\\/10\\\/coffret-marvel.jpg\",\"contentUrl\":\"https:\\\/\\\/repliquemangacine.fr\\\/wp-content\\\/uploads\\\/2023\\\/10\\\/coffret-marvel.jpg\",\"width\":800,\"height\":800,\"caption\":\"coffret 11 pi\u00e8ces -marvel porte cl\u00e9s et collier\"},{\"@type\":\"BreadcrumbList\",\"@id\":\"https:\\\/\\\/repliquemangacine.fr\\\/divers-goodies\\\/coffret-marvel-avengers-set-11-pieces\\\/#breadcrumb\",\"itemListElement\":[{\"@type\":\"ListItem\",\"position\":1,\"name\":\"Accueil\",\"item\":\"https:\\\/\\\/repliquemangacine.fr\\\/\"},{\"@type\":\"ListItem\",\"position\":2,\"name\":\"Produits\",\"item\":\"https:\\\/\\\/repliquemangacine.fr\\\/boutique\\\/\"},{\"@type\":\"ListItem\",\"position\":3,\"name\":\"Coffret Marvel Avengers set 11 pi\u00e8ces\"}]},{\"@type\":\"WebSite\",\"@id\":\"https:\\\/\\\/repliquemangacine.fr\\\/#website\",\"url\":\"https:\\\/\\\/repliquemangacine.fr\\\/\",\"name\":\"R\u00e9plique Manga Cin\u00e9\",\"description\":\"\",\"publisher\":{\"@id\":\"https:\\\/\\\/repliquemangacine.fr\\\/#organization\"},\"potentialAction\":[{\"@type\":\"SearchAction\",\"target\":{\"@type\":\"EntryPoint\",\"urlTemplate\":\"https:\\\/\\\/repliquemangacine.fr\\\/?s={search_term_string}\"},\"query-input\":{\"@type\":\"PropertyValueSpecification\",\"valueRequired\":true,\"valueName\":\"search_term_string\"}}],\"inLanguage\":\"es\"},{\"@type\":\"Organization\",\"@id\":\"https:\\\/\\\/repliquemangacine.fr\\\/#organization\",\"name\":\"R\u00e9plique Manga Cin\u00e9\",\"url\":\"https:\\\/\\\/repliquemangacine.fr\\\/\",\"logo\":{\"@type\":\"ImageObject\",\"inLanguage\":\"es\",\"@id\":\"https:\\\/\\\/repliquemangacine.fr\\\/#\\\/schema\\\/logo\\\/image\\\/\",\"url\":\"https:\\\/\\\/repliquemangacine.fr\\\/wp-content\\\/uploads\\\/2023\\\/10\\\/RMC-500250.png\",\"contentUrl\":\"https:\\\/\\\/repliquemangacine.fr\\\/wp-content\\\/uploads\\\/2023\\\/10\\\/RMC-500250.png\",\"width\":500,\"height\":250,\"caption\":\"R\u00e9plique Manga Cin\u00e9\"},\"image\":{\"@id\":\"https:\\\/\\\/repliquemangacine.fr\\\/#\\\/schema\\\/logo\\\/image\\\/\"},\"sameAs\":[\"https:\\\/\\\/www.facebook.com\\\/RepliqueMangaCine\",\"https:\\\/\\\/www.instagram.com\\\/repliquemangacine.fr\\\/\"]}]}<\/script>\n<!-- \/ Yoast SEO plugin. -->","yoast_head_json":{"title":"Marvel Avengers Juego de 11 piezas - R\u00e9plique Manga Cin\u00e9","description":"\u00a1Exclusivo! Magn\u00edfico set de caja de 11 piezas de Avengers Endgame, llavero o collar a tu gusto. Thanos, Hulk, Thor, Capit\u00e1n Am\u00e9rica.","robots":{"index":"index","follow":"follow","max-snippet":"max-snippet:-1","max-image-preview":"max-image-preview:large","max-video-preview":"max-video-preview:-1"},"canonical":"https:\/\/repliquemangacine.fr\/es\/varias-golosinas\/marvel-avengers-set-11-piezas\/","og_locale":"es_ES","og_type":"article","og_title":"Coffret Marvel Avengers set 11 pi\u00e8ces - R\u00e9plique Manga Cin\u00e9","og_description":"En exclusivit\u00e9 ! Superbe coffret Avengers Endgame de 11 pi\u00e8ces, porte cl\u00e9s ou collier selon vos envies. Thanos, Hulk, Thor, Captain Am\u00e9rica.","og_url":"https:\/\/repliquemangacine.fr\/es\/varias-golosinas\/marvel-avengers-set-11-piezas\/","og_site_name":"R\u00e9plique Manga Cin\u00e9","article_publisher":"https:\/\/www.facebook.com\/RepliqueMangaCine","article_modified_time":"2025-12-07T01:02:31+00:00","og_image":[{"width":800,"height":800,"url":"https:\/\/repliquemangacine.fr\/wp-content\/uploads\/2023\/10\/coffret-marvel.jpg","type":"image\/jpeg"}],"twitter_card":"summary_large_image","twitter_misc":{"Tiempo de lectura":"1 minuto"},"schema":{"@context":"https:\/\/schema.org","@graph":[{"@type":"WebPage","@id":"https:\/\/repliquemangacine.fr\/divers-goodies\/coffret-marvel-avengers-set-11-pieces\/","url":"https:\/\/repliquemangacine.fr\/divers-goodies\/coffret-marvel-avengers-set-11-pieces\/","name":"Marvel Avengers Juego de 11 piezas - R\u00e9plique Manga Cin\u00e9","isPartOf":{"@id":"https:\/\/repliquemangacine.fr\/#website"},"primaryImageOfPage":{"@id":"https:\/\/repliquemangacine.fr\/divers-goodies\/coffret-marvel-avengers-set-11-pieces\/#primaryimage"},"image":{"@id":"https:\/\/repliquemangacine.fr\/divers-goodies\/coffret-marvel-avengers-set-11-pieces\/#primaryimage"},"thumbnailUrl":"https:\/\/repliquemangacine.fr\/wp-content\/uploads\/2023\/10\/coffret-marvel.jpg","datePublished":"2021-07-30T17:11:58+00:00","dateModified":"2025-12-07T01:02:31+00:00","description":"\u00a1Exclusivo! Magn\u00edfico set de caja de 11 piezas de Avengers Endgame, llavero o collar a tu gusto. Thanos, Hulk, Thor, Capit\u00e1n Am\u00e9rica.","breadcrumb":{"@id":"https:\/\/repliquemangacine.fr\/divers-goodies\/coffret-marvel-avengers-set-11-pieces\/#breadcrumb"},"inLanguage":"es","potentialAction":[{"@type":"ReadAction","target":["https:\/\/repliquemangacine.fr\/divers-goodies\/coffret-marvel-avengers-set-11-pieces\/"]}]},{"@type":"ImageObject","inLanguage":"es","@id":"https:\/\/repliquemangacine.fr\/divers-goodies\/coffret-marvel-avengers-set-11-pieces\/#primaryimage","url":"https:\/\/repliquemangacine.fr\/wp-content\/uploads\/2023\/10\/coffret-marvel.jpg","contentUrl":"https:\/\/repliquemangacine.fr\/wp-content\/uploads\/2023\/10\/coffret-marvel.jpg","width":800,"height":800,"caption":"coffret 11 pi\u00e8ces -marvel porte cl\u00e9s et collier"},{"@type":"BreadcrumbList","@id":"https:\/\/repliquemangacine.fr\/divers-goodies\/coffret-marvel-avengers-set-11-pieces\/#breadcrumb","itemListElement":[{"@type":"ListItem","position":1,"name":"Accueil","item":"https:\/\/repliquemangacine.fr\/"},{"@type":"ListItem","position":2,"name":"Produits","item":"https:\/\/repliquemangacine.fr\/boutique\/"},{"@type":"ListItem","position":3,"name":"Coffret Marvel Avengers set 11 pi\u00e8ces"}]},{"@type":"WebSite","@id":"https:\/\/repliquemangacine.fr\/#website","url":"https:\/\/repliquemangacine.fr\/","name":"R\u00e9plique Manga Cin\u00e9","description":"","publisher":{"@id":"https:\/\/repliquemangacine.fr\/#organization"},"potentialAction":[{"@type":"SearchAction","target":{"@type":"EntryPoint","urlTemplate":"https:\/\/repliquemangacine.fr\/?s={search_term_string}"},"query-input":{"@type":"PropertyValueSpecification","valueRequired":true,"valueName":"search_term_string"}}],"inLanguage":"es"},{"@type":"Organization","@id":"https:\/\/repliquemangacine.fr\/#organization","name":"R\u00e9plique Manga Cin\u00e9","url":"https:\/\/repliquemangacine.fr\/","logo":{"@type":"ImageObject","inLanguage":"es","@id":"https:\/\/repliquemangacine.fr\/#\/schema\/logo\/image\/","url":"https:\/\/repliquemangacine.fr\/wp-content\/uploads\/2023\/10\/RMC-500250.png","contentUrl":"https:\/\/repliquemangacine.fr\/wp-content\/uploads\/2023\/10\/RMC-500250.png","width":500,"height":250,"caption":"R\u00e9plique Manga Cin\u00e9"},"image":{"@id":"https:\/\/repliquemangacine.fr\/#\/schema\/logo\/image\/"},"sameAs":["https:\/\/www.facebook.com\/RepliqueMangaCine","https:\/\/www.instagram.com\/repliquemangacine.fr\/"]}]}},"_links":{"self":[{"href":"https:\/\/repliquemangacine.fr\/es\/wp-json\/wp\/v2\/product\/41671","targetHints":{"allow":["GET"]}}],"collection":[{"href":"https:\/\/repliquemangacine.fr\/es\/wp-json\/wp\/v2\/product"}],"about":[{"href":"https:\/\/repliquemangacine.fr\/es\/wp-json\/wp\/v2\/types\/product"}],"wp:featuredmedia":[{"embeddable":true,"href":"https:\/\/repliquemangacine.fr\/es\/wp-json\/wp\/v2\/media\/41672"}],"wp:attachment":[{"href":"https:\/\/repliquemangacine.fr\/es\/wp-json\/wp\/v2\/media?parent=41671"}],"wp:term":[{"taxonomy":"product_brand","embeddable":true,"href":"https:\/\/repliquemangacine.fr\/es\/wp-json\/wp\/v2\/product_brand?post=41671"},{"taxonomy":"product_cat","embeddable":true,"href":"https:\/\/repliquemangacine.fr\/es\/wp-json\/wp\/v2\/product_cat?post=41671"},{"taxonomy":"product_tag","embeddable":true,"href":"https:\/\/repliquemangacine.fr\/es\/wp-json\/wp\/v2\/product_tag?post=41671"}],"curies":[{"name":"wp","href":"https:\/\/api.w.org\/{rel}","templated":true}]}}