





{"id":41660,"date":"2021-07-30T17:51:12","date_gmt":"2021-07-30T15:51:12","guid":{"rendered":"https:\/\/repliquemangacine.fr\/?post_type=product&#038;p=41660"},"modified":"2025-12-03T21:30:52","modified_gmt":"2025-12-03T20:30:52","slug":"naruto-juego-de-28-piezas","status":"publish","type":"product","link":"https:\/\/repliquemangacine.fr\/es\/porte-cles-goodies\/coffret-naruto-set-de-28-pieces\/","title":{"rendered":"Naruto set de 28 piezas"},"content":{"rendered":"<h2>Espl\u00e9ndido set de 28 piezas de Naruto<\/h2>\n<p>El set de 28 piezas de Naruto es una mezcla de medallas, collares, llaveros y mucho m\u00e1s del famoso manga anime.<\/p>\n<p><a href=\"https:\/\/naruto.fandom.com\/fr\/wiki\/Accueil\">Naruto<\/a> es un manga sh\u014dnen escrito y dibujado por Masashi Kishimoto. Tras su \u00e9xito en formato manga, los estudios Pierrot y Aniplex realizaron una adaptaci\u00f3n al anime. Con m\u00e1s de 250 millones de copias editadas, Naruto es uno de los mangas m\u00e1s vendidos del mundo.<\/p>\n<p>La historia comienza durante la adolescencia de Naruto, cuando ten\u00eda unos doce a\u00f1os. Hu\u00e9rfano, mal estudiante y gran bromista, hace todas las travesuras posibles para llamar la atenci\u00f3n. Su sue\u00f1o es convertirse en el mejor Hokage para ser reconocido por los habitantes de su pueblo.<\/p>\n<p>El comienzo de la historia se centra en cuatro personajes principales: Naruto Uzumaki, por supuesto, pero tambi\u00e9n Sakura Haruno, Sasuke Uchiwa y su sensei Kakashi Hatake, presentes en casi todos los primeros cap\u00edtulos del manga y protagonistas de los mismos.<\/p>\n<h3>Ofrecemos una amplia gama de r\u00e9plicas del manga animado Naruto<\/h3>\n<p>Lo primero y m\u00e1s importante,<\/p>\n<ul>\n<li>Chokut\u014d de Sasuke Uchiwa llamado <a href=\"https:\/\/repliquemangacine.fr\/es\/katana-goodies-naruto\/katana-sasuke-espada-kusanagi\/\">Espada Kusanagi<\/a> en Naruto<\/li>\n<li>Tambi\u00e9n est\u00e1 L'immense <a href=\"https:\/\/repliquemangacine.fr\/es\/katana-goodies-naruto\/espada-zabuza-espada-kubikiribocho\/\">espada de Zabuza<\/a> Momochi, el Kubikirib\u00f4ch\u00f4 que parece un cuchillo de carnicero gigante.<\/li>\n<li>Adem\u00e1s de una r\u00e9plica id\u00e9ntica del <a href=\"https:\/\/repliquemangacine.fr\/es\/katana-goodies-naruto\/kunai-despace-time-minato\/\">Kunai espacio-tiempo<\/a> que utiliza Minato<\/li>\n<li>Y mucho m\u00e1s.<\/li>\n<\/ul>\n<p>Es una gran idea de regalo para todos los entusiastas de la Edad Media.<\/p>\n<h3>Tambi\u00e9n puedes utilizar este set de 28 piezas de Naruto en la vida cotidiana como collares o llaveros.<\/h3>\n<p>Ante todo, esta caja coleccionable es una pieza de colecci\u00f3n y decoraci\u00f3n.<\/p>\n<p>R\u00e9plique Manga Cin\u00e9 es una empresa familiar francesa.<\/p>\n<p><strong>Tenga en cuenta que todas nuestras r\u00e9plicas son objetos de colecci\u00f3n y decoraci\u00f3n. Puede utilizarlas para recreaciones hist\u00f3ricas, desfiles de cosplay o decoraci\u00f3n de interiores. En consecuencia, no es posible acudir a lugares p\u00fablicos con estas r\u00e9plicas.<\/strong><\/p>","protected":false},"excerpt":{"rendered":"<p>He aqu\u00ed una idea de regalo para todos los amantes de Naruto.<\/p>\n<p>Este set de acero de 28 piezas representa todo el universo Naruto. Este set incluye:<\/p>\n<ul>\n<li>1 Kunai de 16 cm<\/li>\n<li>1 diadema de Konoha<\/li>\n<li>1 Anillo<\/li>\n<li>1 Shuriken que puede utilizarse como llavero o collar<\/li>\n<li>1 paquete de 3 mini kuna<\/li>\n<li>2 collares, incluido el del primer hokage<\/li>\n<li>16 logotipos con formas diferentes que tambi\u00e9n se pueden utilizar como llaveros o collares, como desee.<\/li>\n<li>5 tubos para collares o llaveros<\/li>\n<\/ul>\n<p>Viene en una caja de color Naruto.<\/p>","protected":false},"featured_media":41661,"template":"","meta":[],"product_brand":[896],"product_cat":[98,94,23,42,96],"product_tag":[],"class_list":{"0":"post-41660","1":"product","2":"type-product","3":"status-publish","4":"has-post-thumbnail","6":"product_brand-replique-manga-cine","7":"product_cat-divers-goodies","8":"product_cat-goodies","9":"product_cat-repliques-manga-jeux-video","10":"product_cat-katana-goodies-naruto-kunai","11":"product_cat-porte-cles-goodies","13":"first","14":"outofstock","15":"taxable","16":"shipping-taxable","17":"purchasable","18":"product-type-simple"},"yoast_head":"<!-- This site is optimized with the Yoast SEO plugin v27.4 - https:\/\/yoast.com\/product\/yoast-seo-wordpress\/ -->\n<title>Coffret 28 pi\u00e8ces Naruto - Goodies Naruto - R\u00e9plique Manga Cin\u00e9<\/title>\n<meta name=\"description\" content=\"En exclusivit\u00e9 ! Retrouvez ce superbe Coffret 28 pi\u00e8ces Naruto, kunai, bandeau, porte cl\u00e9s, colliers... Les fans vont \u00eatre ravis !\" \/>\n<meta name=\"robots\" content=\"index, follow, max-snippet:-1, max-image-preview:large, max-video-preview:-1\" \/>\n<link rel=\"canonical\" href=\"https:\/\/repliquemangacine.fr\/es\/varias-golosinas\/naruto-juego-de-28-piezas\/\" \/>\n<meta property=\"og:locale\" content=\"es_ES\" \/>\n<meta property=\"og:type\" content=\"article\" \/>\n<meta property=\"og:title\" content=\"Coffret 28 pi\u00e8ces Naruto - Goodies Naruto - R\u00e9plique Manga Cin\u00e9\" \/>\n<meta property=\"og:description\" content=\"En exclusivit\u00e9 ! Retrouvez ce superbe Coffret 28 pi\u00e8ces Naruto, kunai, bandeau, porte cl\u00e9s, colliers... Les fans vont \u00eatre ravis !\" \/>\n<meta property=\"og:url\" content=\"https:\/\/repliquemangacine.fr\/es\/varias-golosinas\/naruto-juego-de-28-piezas\/\" \/>\n<meta property=\"og:site_name\" content=\"R\u00e9plique Manga Cin\u00e9\" \/>\n<meta property=\"article:publisher\" content=\"https:\/\/www.facebook.com\/RepliqueMangaCine\" \/>\n<meta property=\"article:modified_time\" content=\"2025-12-03T20:30:52+00:00\" \/>\n<meta property=\"og:image\" content=\"https:\/\/repliquemangacine.fr\/wp-content\/uploads\/2023\/10\/coffret-naruto.jpg\" \/>\n\t<meta property=\"og:image:width\" content=\"800\" \/>\n\t<meta property=\"og:image:height\" content=\"799\" \/>\n\t<meta property=\"og:image:type\" content=\"image\/jpeg\" \/>\n<meta name=\"twitter:card\" content=\"summary_large_image\" \/>\n<meta name=\"twitter:label1\" content=\"Tiempo de lectura\" \/>\n\t<meta name=\"twitter:data1\" content=\"1 minuto\" \/>\n<script type=\"application\/ld+json\" class=\"yoast-schema-graph\">{\"@context\":\"https:\\\/\\\/schema.org\",\"@graph\":[{\"@type\":\"WebPage\",\"@id\":\"https:\\\/\\\/repliquemangacine.fr\\\/divers-goodies\\\/coffret-naruto-set-de-28-pieces\\\/\",\"url\":\"https:\\\/\\\/repliquemangacine.fr\\\/divers-goodies\\\/coffret-naruto-set-de-28-pieces\\\/\",\"name\":\"Coffret 28 pi\u00e8ces Naruto - Goodies Naruto - R\u00e9plique Manga Cin\u00e9\",\"isPartOf\":{\"@id\":\"https:\\\/\\\/repliquemangacine.fr\\\/#website\"},\"primaryImageOfPage\":{\"@id\":\"https:\\\/\\\/repliquemangacine.fr\\\/divers-goodies\\\/coffret-naruto-set-de-28-pieces\\\/#primaryimage\"},\"image\":{\"@id\":\"https:\\\/\\\/repliquemangacine.fr\\\/divers-goodies\\\/coffret-naruto-set-de-28-pieces\\\/#primaryimage\"},\"thumbnailUrl\":\"https:\\\/\\\/repliquemangacine.fr\\\/wp-content\\\/uploads\\\/2023\\\/10\\\/coffret-naruto.jpg\",\"datePublished\":\"2021-07-30T15:51:12+00:00\",\"dateModified\":\"2025-12-03T20:30:52+00:00\",\"description\":\"En exclusivit\u00e9 ! Retrouvez ce superbe Coffret 28 pi\u00e8ces Naruto, kunai, bandeau, porte cl\u00e9s, colliers... Les fans vont \u00eatre ravis !\",\"breadcrumb\":{\"@id\":\"https:\\\/\\\/repliquemangacine.fr\\\/divers-goodies\\\/coffret-naruto-set-de-28-pieces\\\/#breadcrumb\"},\"inLanguage\":\"es\",\"potentialAction\":[{\"@type\":\"ReadAction\",\"target\":[\"https:\\\/\\\/repliquemangacine.fr\\\/divers-goodies\\\/coffret-naruto-set-de-28-pieces\\\/\"]}]},{\"@type\":\"ImageObject\",\"inLanguage\":\"es\",\"@id\":\"https:\\\/\\\/repliquemangacine.fr\\\/divers-goodies\\\/coffret-naruto-set-de-28-pieces\\\/#primaryimage\",\"url\":\"https:\\\/\\\/repliquemangacine.fr\\\/wp-content\\\/uploads\\\/2023\\\/10\\\/coffret-naruto.jpg\",\"contentUrl\":\"https:\\\/\\\/repliquemangacine.fr\\\/wp-content\\\/uploads\\\/2023\\\/10\\\/coffret-naruto.jpg\",\"width\":800,\"height\":799,\"caption\":\"coffret-naruto set de 28 pi\u00e8ces\"},{\"@type\":\"BreadcrumbList\",\"@id\":\"https:\\\/\\\/repliquemangacine.fr\\\/divers-goodies\\\/coffret-naruto-set-de-28-pieces\\\/#breadcrumb\",\"itemListElement\":[{\"@type\":\"ListItem\",\"position\":1,\"name\":\"Accueil\",\"item\":\"https:\\\/\\\/repliquemangacine.fr\\\/\"},{\"@type\":\"ListItem\",\"position\":2,\"name\":\"Produits\",\"item\":\"https:\\\/\\\/repliquemangacine.fr\\\/boutique\\\/\"},{\"@type\":\"ListItem\",\"position\":3,\"name\":\"Coffret Naruto set de 28 pi\u00e8ces\"}]},{\"@type\":\"WebSite\",\"@id\":\"https:\\\/\\\/repliquemangacine.fr\\\/#website\",\"url\":\"https:\\\/\\\/repliquemangacine.fr\\\/\",\"name\":\"R\u00e9plique Manga Cin\u00e9\",\"description\":\"\",\"publisher\":{\"@id\":\"https:\\\/\\\/repliquemangacine.fr\\\/#organization\"},\"potentialAction\":[{\"@type\":\"SearchAction\",\"target\":{\"@type\":\"EntryPoint\",\"urlTemplate\":\"https:\\\/\\\/repliquemangacine.fr\\\/?s={search_term_string}\"},\"query-input\":{\"@type\":\"PropertyValueSpecification\",\"valueRequired\":true,\"valueName\":\"search_term_string\"}}],\"inLanguage\":\"es\"},{\"@type\":\"Organization\",\"@id\":\"https:\\\/\\\/repliquemangacine.fr\\\/#organization\",\"name\":\"R\u00e9plique Manga Cin\u00e9\",\"url\":\"https:\\\/\\\/repliquemangacine.fr\\\/\",\"logo\":{\"@type\":\"ImageObject\",\"inLanguage\":\"es\",\"@id\":\"https:\\\/\\\/repliquemangacine.fr\\\/#\\\/schema\\\/logo\\\/image\\\/\",\"url\":\"https:\\\/\\\/repliquemangacine.fr\\\/wp-content\\\/uploads\\\/2023\\\/10\\\/RMC-500250.png\",\"contentUrl\":\"https:\\\/\\\/repliquemangacine.fr\\\/wp-content\\\/uploads\\\/2023\\\/10\\\/RMC-500250.png\",\"width\":500,\"height\":250,\"caption\":\"R\u00e9plique Manga Cin\u00e9\"},\"image\":{\"@id\":\"https:\\\/\\\/repliquemangacine.fr\\\/#\\\/schema\\\/logo\\\/image\\\/\"},\"sameAs\":[\"https:\\\/\\\/www.facebook.com\\\/RepliqueMangaCine\",\"https:\\\/\\\/www.instagram.com\\\/repliquemangacine.fr\\\/\"]}]}<\/script>\n<!-- \/ Yoast SEO plugin. -->","yoast_head_json":{"title":"Naruto Juego de 28 piezas - Naruto Goodies - R\u00e9plique Manga Cin\u00e9","description":"\u00a1Exclusivo! Este magn\u00edfico set de 28 piezas de Naruto incluye kunai, diademas, llaveros, collares y mucho m\u00e1s. \u00a1Los fans estar\u00e1n encantados!","robots":{"index":"index","follow":"follow","max-snippet":"max-snippet:-1","max-image-preview":"max-image-preview:large","max-video-preview":"max-video-preview:-1"},"canonical":"https:\/\/repliquemangacine.fr\/es\/varias-golosinas\/naruto-juego-de-28-piezas\/","og_locale":"es_ES","og_type":"article","og_title":"Coffret 28 pi\u00e8ces Naruto - Goodies Naruto - R\u00e9plique Manga Cin\u00e9","og_description":"En exclusivit\u00e9 ! Retrouvez ce superbe Coffret 28 pi\u00e8ces Naruto, kunai, bandeau, porte cl\u00e9s, colliers... Les fans vont \u00eatre ravis !","og_url":"https:\/\/repliquemangacine.fr\/es\/varias-golosinas\/naruto-juego-de-28-piezas\/","og_site_name":"R\u00e9plique Manga Cin\u00e9","article_publisher":"https:\/\/www.facebook.com\/RepliqueMangaCine","article_modified_time":"2025-12-03T20:30:52+00:00","og_image":[{"width":800,"height":799,"url":"https:\/\/repliquemangacine.fr\/wp-content\/uploads\/2023\/10\/coffret-naruto.jpg","type":"image\/jpeg"}],"twitter_card":"summary_large_image","twitter_misc":{"Tiempo de lectura":"1 minuto"},"schema":{"@context":"https:\/\/schema.org","@graph":[{"@type":"WebPage","@id":"https:\/\/repliquemangacine.fr\/divers-goodies\/coffret-naruto-set-de-28-pieces\/","url":"https:\/\/repliquemangacine.fr\/divers-goodies\/coffret-naruto-set-de-28-pieces\/","name":"Naruto Juego de 28 piezas - Naruto Goodies - R\u00e9plique Manga Cin\u00e9","isPartOf":{"@id":"https:\/\/repliquemangacine.fr\/#website"},"primaryImageOfPage":{"@id":"https:\/\/repliquemangacine.fr\/divers-goodies\/coffret-naruto-set-de-28-pieces\/#primaryimage"},"image":{"@id":"https:\/\/repliquemangacine.fr\/divers-goodies\/coffret-naruto-set-de-28-pieces\/#primaryimage"},"thumbnailUrl":"https:\/\/repliquemangacine.fr\/wp-content\/uploads\/2023\/10\/coffret-naruto.jpg","datePublished":"2021-07-30T15:51:12+00:00","dateModified":"2025-12-03T20:30:52+00:00","description":"\u00a1Exclusivo! Este magn\u00edfico set de 28 piezas de Naruto incluye kunai, diademas, llaveros, collares y mucho m\u00e1s. \u00a1Los fans estar\u00e1n encantados!","breadcrumb":{"@id":"https:\/\/repliquemangacine.fr\/divers-goodies\/coffret-naruto-set-de-28-pieces\/#breadcrumb"},"inLanguage":"es","potentialAction":[{"@type":"ReadAction","target":["https:\/\/repliquemangacine.fr\/divers-goodies\/coffret-naruto-set-de-28-pieces\/"]}]},{"@type":"ImageObject","inLanguage":"es","@id":"https:\/\/repliquemangacine.fr\/divers-goodies\/coffret-naruto-set-de-28-pieces\/#primaryimage","url":"https:\/\/repliquemangacine.fr\/wp-content\/uploads\/2023\/10\/coffret-naruto.jpg","contentUrl":"https:\/\/repliquemangacine.fr\/wp-content\/uploads\/2023\/10\/coffret-naruto.jpg","width":800,"height":799,"caption":"coffret-naruto set de 28 pi\u00e8ces"},{"@type":"BreadcrumbList","@id":"https:\/\/repliquemangacine.fr\/divers-goodies\/coffret-naruto-set-de-28-pieces\/#breadcrumb","itemListElement":[{"@type":"ListItem","position":1,"name":"Accueil","item":"https:\/\/repliquemangacine.fr\/"},{"@type":"ListItem","position":2,"name":"Produits","item":"https:\/\/repliquemangacine.fr\/boutique\/"},{"@type":"ListItem","position":3,"name":"Coffret Naruto set de 28 pi\u00e8ces"}]},{"@type":"WebSite","@id":"https:\/\/repliquemangacine.fr\/#website","url":"https:\/\/repliquemangacine.fr\/","name":"R\u00e9plique Manga Cin\u00e9","description":"","publisher":{"@id":"https:\/\/repliquemangacine.fr\/#organization"},"potentialAction":[{"@type":"SearchAction","target":{"@type":"EntryPoint","urlTemplate":"https:\/\/repliquemangacine.fr\/?s={search_term_string}"},"query-input":{"@type":"PropertyValueSpecification","valueRequired":true,"valueName":"search_term_string"}}],"inLanguage":"es"},{"@type":"Organization","@id":"https:\/\/repliquemangacine.fr\/#organization","name":"R\u00e9plique Manga Cin\u00e9","url":"https:\/\/repliquemangacine.fr\/","logo":{"@type":"ImageObject","inLanguage":"es","@id":"https:\/\/repliquemangacine.fr\/#\/schema\/logo\/image\/","url":"https:\/\/repliquemangacine.fr\/wp-content\/uploads\/2023\/10\/RMC-500250.png","contentUrl":"https:\/\/repliquemangacine.fr\/wp-content\/uploads\/2023\/10\/RMC-500250.png","width":500,"height":250,"caption":"R\u00e9plique Manga Cin\u00e9"},"image":{"@id":"https:\/\/repliquemangacine.fr\/#\/schema\/logo\/image\/"},"sameAs":["https:\/\/www.facebook.com\/RepliqueMangaCine","https:\/\/www.instagram.com\/repliquemangacine.fr\/"]}]}},"_links":{"self":[{"href":"https:\/\/repliquemangacine.fr\/es\/wp-json\/wp\/v2\/product\/41660","targetHints":{"allow":["GET"]}}],"collection":[{"href":"https:\/\/repliquemangacine.fr\/es\/wp-json\/wp\/v2\/product"}],"about":[{"href":"https:\/\/repliquemangacine.fr\/es\/wp-json\/wp\/v2\/types\/product"}],"wp:featuredmedia":[{"embeddable":true,"href":"https:\/\/repliquemangacine.fr\/es\/wp-json\/wp\/v2\/media\/41661"}],"wp:attachment":[{"href":"https:\/\/repliquemangacine.fr\/es\/wp-json\/wp\/v2\/media?parent=41660"}],"wp:term":[{"taxonomy":"product_brand","embeddable":true,"href":"https:\/\/repliquemangacine.fr\/es\/wp-json\/wp\/v2\/product_brand?post=41660"},{"taxonomy":"product_cat","embeddable":true,"href":"https:\/\/repliquemangacine.fr\/es\/wp-json\/wp\/v2\/product_cat?post=41660"},{"taxonomy":"product_tag","embeddable":true,"href":"https:\/\/repliquemangacine.fr\/es\/wp-json\/wp\/v2\/product_tag?post=41660"}],"curies":[{"name":"wp","href":"https:\/\/api.w.org\/{rel}","templated":true}]}}