





{"id":41610,"date":"2021-07-28T17:14:56","date_gmt":"2021-07-28T15:14:56","guid":{"rendered":"https:\/\/repliquemangacine.fr\/?post_type=product&#038;p=41610"},"modified":"2025-09-23T18:02:38","modified_gmt":"2025-09-23T16:02:38","slug":"juego-de-tronos-3d-targaryen-llavero","status":"publish","type":"product","link":"https:\/\/repliquemangacine.fr\/es\/porte-cles-goodies\/porte-cles-3d-targaryen-game-of-thrones\/","title":{"rendered":"Llavero 3D Targaryen de Juego de Tronos"},"content":{"rendered":"<p>Esta es una gran idea de regalo para los fans de la serie Juego de Tronos. En primer lugar, es un objeto de coleccionista, pero tambi\u00e9n puedes usarlo...<\/p>","protected":false},"excerpt":{"rendered":"<p>\u00a1Absolutamente magn\u00edfico! Este llavero de Fuego y Sangre de Juego de Tronos. Todo en acero envejecido, los tres dragones emblema de la Casa Targaryen est\u00e1n magn\u00edficamente acabados. En el reverso figura el nombre \"Fuego y Sangre Targaryen\" sobre un ala de drag\u00f3n. Se entrega en un bl\u00edster con los colores del emblema Targaryen.<\/p>\n<p>Una idea de regalo \u00fatil para todos los fans de la serie<\/p>\n<p>Di\u00e1metro: 5cm - Longitud con cadena y anilla: 11cm - Peso: 43 Grs<\/p>","protected":false},"featured_media":41611,"template":"","meta":[],"product_brand":[896],"product_cat":[81,24,47,94,105,96],"product_tag":[],"class_list":{"0":"post-41610","1":"product","2":"type-product","3":"status-publish","4":"has-post-thumbnail","6":"product_brand-replique-manga-cine","7":"product_cat-collectors-et-goodies-game-of-thrones","8":"product_cat-films-series-tv-vente-de-katana-epee-et-produits-derives","9":"product_cat-game-of-thrones","10":"product_cat-goodies","11":"product_cat-house-of-the-dragon","12":"product_cat-porte-cles-goodies","14":"first","15":"outofstock","16":"taxable","17":"shipping-taxable","18":"purchasable","19":"product-type-simple"},"yoast_head":"<!-- This site is optimized with the Yoast SEO plugin v27.4 - https:\/\/yoast.com\/product\/yoast-seo-wordpress\/ -->\n<title>Porte cl\u00e9s Targaryen 3D Game of Thrones - R\u00e9plique Manga Cin\u00e9<\/title>\n<meta name=\"description\" content=\"Superbe porte cl\u00e9s repr\u00e9sentant les trois dragons embl\u00e8me de la maison Targaryen. Tout en acier vieilli, finition incroyable !\" \/>\n<meta name=\"robots\" content=\"index, follow, max-snippet:-1, max-image-preview:large, max-video-preview:-1\" \/>\n<link rel=\"canonical\" href=\"https:\/\/repliquemangacine.fr\/es\/casa-del-dragon\/juego-de-tronos-3d-targaryen-llavero\/\" \/>\n<meta property=\"og:locale\" content=\"es_ES\" \/>\n<meta property=\"og:type\" content=\"article\" \/>\n<meta property=\"og:title\" content=\"Porte cl\u00e9s Targaryen 3D Game of Thrones - R\u00e9plique Manga Cin\u00e9\" \/>\n<meta property=\"og:description\" content=\"Superbe porte cl\u00e9s repr\u00e9sentant les trois dragons embl\u00e8me de la maison Targaryen. Tout en acier vieilli, finition incroyable !\" \/>\n<meta property=\"og:url\" content=\"https:\/\/repliquemangacine.fr\/es\/casa-del-dragon\/juego-de-tronos-3d-targaryen-llavero\/\" \/>\n<meta property=\"og:site_name\" content=\"R\u00e9plique Manga Cin\u00e9\" \/>\n<meta property=\"article:publisher\" content=\"https:\/\/www.facebook.com\/RepliqueMangaCine\" \/>\n<meta property=\"article:modified_time\" content=\"2025-09-23T16:02:38+00:00\" \/>\n<meta property=\"og:image\" content=\"https:\/\/repliquemangacine.fr\/wp-content\/uploads\/2023\/10\/porte-cles-gargaryen.jpg\" \/>\n\t<meta property=\"og:image:width\" content=\"800\" \/>\n\t<meta property=\"og:image:height\" content=\"800\" \/>\n\t<meta property=\"og:image:type\" content=\"image\/jpeg\" \/>\n<meta name=\"twitter:card\" content=\"summary_large_image\" \/>\n<meta name=\"twitter:label1\" content=\"Tiempo de lectura\" \/>\n\t<meta name=\"twitter:data1\" content=\"1 minuto\" \/>\n<script type=\"application\/ld+json\" class=\"yoast-schema-graph\">{\"@context\":\"https:\\\/\\\/schema.org\",\"@graph\":[{\"@type\":\"WebPage\",\"@id\":\"https:\\\/\\\/repliquemangacine.fr\\\/house-of-the-dragon\\\/porte-cles-3d-targaryen-game-of-thrones\\\/\",\"url\":\"https:\\\/\\\/repliquemangacine.fr\\\/house-of-the-dragon\\\/porte-cles-3d-targaryen-game-of-thrones\\\/\",\"name\":\"Porte cl\u00e9s Targaryen 3D Game of Thrones - R\u00e9plique Manga Cin\u00e9\",\"isPartOf\":{\"@id\":\"https:\\\/\\\/repliquemangacine.fr\\\/#website\"},\"primaryImageOfPage\":{\"@id\":\"https:\\\/\\\/repliquemangacine.fr\\\/house-of-the-dragon\\\/porte-cles-3d-targaryen-game-of-thrones\\\/#primaryimage\"},\"image\":{\"@id\":\"https:\\\/\\\/repliquemangacine.fr\\\/house-of-the-dragon\\\/porte-cles-3d-targaryen-game-of-thrones\\\/#primaryimage\"},\"thumbnailUrl\":\"https:\\\/\\\/repliquemangacine.fr\\\/wp-content\\\/uploads\\\/2023\\\/10\\\/porte-cles-gargaryen.jpg\",\"datePublished\":\"2021-07-28T15:14:56+00:00\",\"dateModified\":\"2025-09-23T16:02:38+00:00\",\"description\":\"Superbe porte cl\u00e9s repr\u00e9sentant les trois dragons embl\u00e8me de la maison Targaryen. Tout en acier vieilli, finition incroyable !\",\"breadcrumb\":{\"@id\":\"https:\\\/\\\/repliquemangacine.fr\\\/house-of-the-dragon\\\/porte-cles-3d-targaryen-game-of-thrones\\\/#breadcrumb\"},\"inLanguage\":\"es\",\"potentialAction\":[{\"@type\":\"ReadAction\",\"target\":[\"https:\\\/\\\/repliquemangacine.fr\\\/house-of-the-dragon\\\/porte-cles-3d-targaryen-game-of-thrones\\\/\"]}]},{\"@type\":\"ImageObject\",\"inLanguage\":\"es\",\"@id\":\"https:\\\/\\\/repliquemangacine.fr\\\/house-of-the-dragon\\\/porte-cles-3d-targaryen-game-of-thrones\\\/#primaryimage\",\"url\":\"https:\\\/\\\/repliquemangacine.fr\\\/wp-content\\\/uploads\\\/2023\\\/10\\\/porte-cles-gargaryen.jpg\",\"contentUrl\":\"https:\\\/\\\/repliquemangacine.fr\\\/wp-content\\\/uploads\\\/2023\\\/10\\\/porte-cles-gargaryen.jpg\",\"width\":800,\"height\":800,\"caption\":\"Porte-Cl\u00e9s-Targaryen Game of Thrones\"},{\"@type\":\"BreadcrumbList\",\"@id\":\"https:\\\/\\\/repliquemangacine.fr\\\/house-of-the-dragon\\\/porte-cles-3d-targaryen-game-of-thrones\\\/#breadcrumb\",\"itemListElement\":[{\"@type\":\"ListItem\",\"position\":1,\"name\":\"Accueil\",\"item\":\"https:\\\/\\\/repliquemangacine.fr\\\/\"},{\"@type\":\"ListItem\",\"position\":2,\"name\":\"Produits\",\"item\":\"https:\\\/\\\/repliquemangacine.fr\\\/boutique\\\/\"},{\"@type\":\"ListItem\",\"position\":3,\"name\":\"Porte cl\u00e9s Targaryen 3D Game of Thrones\"}]},{\"@type\":\"WebSite\",\"@id\":\"https:\\\/\\\/repliquemangacine.fr\\\/#website\",\"url\":\"https:\\\/\\\/repliquemangacine.fr\\\/\",\"name\":\"R\u00e9plique Manga Cin\u00e9\",\"description\":\"\",\"publisher\":{\"@id\":\"https:\\\/\\\/repliquemangacine.fr\\\/#organization\"},\"potentialAction\":[{\"@type\":\"SearchAction\",\"target\":{\"@type\":\"EntryPoint\",\"urlTemplate\":\"https:\\\/\\\/repliquemangacine.fr\\\/?s={search_term_string}\"},\"query-input\":{\"@type\":\"PropertyValueSpecification\",\"valueRequired\":true,\"valueName\":\"search_term_string\"}}],\"inLanguage\":\"es\"},{\"@type\":\"Organization\",\"@id\":\"https:\\\/\\\/repliquemangacine.fr\\\/#organization\",\"name\":\"R\u00e9plique Manga Cin\u00e9\",\"url\":\"https:\\\/\\\/repliquemangacine.fr\\\/\",\"logo\":{\"@type\":\"ImageObject\",\"inLanguage\":\"es\",\"@id\":\"https:\\\/\\\/repliquemangacine.fr\\\/#\\\/schema\\\/logo\\\/image\\\/\",\"url\":\"https:\\\/\\\/repliquemangacine.fr\\\/wp-content\\\/uploads\\\/2023\\\/10\\\/RMC-500250.png\",\"contentUrl\":\"https:\\\/\\\/repliquemangacine.fr\\\/wp-content\\\/uploads\\\/2023\\\/10\\\/RMC-500250.png\",\"width\":500,\"height\":250,\"caption\":\"R\u00e9plique Manga Cin\u00e9\"},\"image\":{\"@id\":\"https:\\\/\\\/repliquemangacine.fr\\\/#\\\/schema\\\/logo\\\/image\\\/\"},\"sameAs\":[\"https:\\\/\\\/www.facebook.com\\\/RepliqueMangaCine\",\"https:\\\/\\\/www.instagram.com\\\/repliquemangacine.fr\\\/\"]}]}<\/script>\n<!-- \/ Yoast SEO plugin. -->","yoast_head_json":{"title":"Llavero 3D Targaryen de Juego de Tronos - R\u00e9plique Manga Cin\u00e9","description":"Magn\u00edfico llavero que representa a los tres dragones emblem\u00e1ticos de la Casa Targaryen. \u00a1Todo en acero envejecido con un acabado incre\u00edble!","robots":{"index":"index","follow":"follow","max-snippet":"max-snippet:-1","max-image-preview":"max-image-preview:large","max-video-preview":"max-video-preview:-1"},"canonical":"https:\/\/repliquemangacine.fr\/es\/casa-del-dragon\/juego-de-tronos-3d-targaryen-llavero\/","og_locale":"es_ES","og_type":"article","og_title":"Porte cl\u00e9s Targaryen 3D Game of Thrones - R\u00e9plique Manga Cin\u00e9","og_description":"Superbe porte cl\u00e9s repr\u00e9sentant les trois dragons embl\u00e8me de la maison Targaryen. Tout en acier vieilli, finition incroyable !","og_url":"https:\/\/repliquemangacine.fr\/es\/casa-del-dragon\/juego-de-tronos-3d-targaryen-llavero\/","og_site_name":"R\u00e9plique Manga Cin\u00e9","article_publisher":"https:\/\/www.facebook.com\/RepliqueMangaCine","article_modified_time":"2025-09-23T16:02:38+00:00","og_image":[{"width":800,"height":800,"url":"https:\/\/repliquemangacine.fr\/wp-content\/uploads\/2023\/10\/porte-cles-gargaryen.jpg","type":"image\/jpeg"}],"twitter_card":"summary_large_image","twitter_misc":{"Tiempo de lectura":"1 minuto"},"schema":{"@context":"https:\/\/schema.org","@graph":[{"@type":"WebPage","@id":"https:\/\/repliquemangacine.fr\/house-of-the-dragon\/porte-cles-3d-targaryen-game-of-thrones\/","url":"https:\/\/repliquemangacine.fr\/house-of-the-dragon\/porte-cles-3d-targaryen-game-of-thrones\/","name":"Llavero 3D Targaryen de Juego de Tronos - R\u00e9plique Manga Cin\u00e9","isPartOf":{"@id":"https:\/\/repliquemangacine.fr\/#website"},"primaryImageOfPage":{"@id":"https:\/\/repliquemangacine.fr\/house-of-the-dragon\/porte-cles-3d-targaryen-game-of-thrones\/#primaryimage"},"image":{"@id":"https:\/\/repliquemangacine.fr\/house-of-the-dragon\/porte-cles-3d-targaryen-game-of-thrones\/#primaryimage"},"thumbnailUrl":"https:\/\/repliquemangacine.fr\/wp-content\/uploads\/2023\/10\/porte-cles-gargaryen.jpg","datePublished":"2021-07-28T15:14:56+00:00","dateModified":"2025-09-23T16:02:38+00:00","description":"Magn\u00edfico llavero que representa a los tres dragones emblem\u00e1ticos de la Casa Targaryen. \u00a1Todo en acero envejecido con un acabado incre\u00edble!","breadcrumb":{"@id":"https:\/\/repliquemangacine.fr\/house-of-the-dragon\/porte-cles-3d-targaryen-game-of-thrones\/#breadcrumb"},"inLanguage":"es","potentialAction":[{"@type":"ReadAction","target":["https:\/\/repliquemangacine.fr\/house-of-the-dragon\/porte-cles-3d-targaryen-game-of-thrones\/"]}]},{"@type":"ImageObject","inLanguage":"es","@id":"https:\/\/repliquemangacine.fr\/house-of-the-dragon\/porte-cles-3d-targaryen-game-of-thrones\/#primaryimage","url":"https:\/\/repliquemangacine.fr\/wp-content\/uploads\/2023\/10\/porte-cles-gargaryen.jpg","contentUrl":"https:\/\/repliquemangacine.fr\/wp-content\/uploads\/2023\/10\/porte-cles-gargaryen.jpg","width":800,"height":800,"caption":"Porte-Cl\u00e9s-Targaryen Game of Thrones"},{"@type":"BreadcrumbList","@id":"https:\/\/repliquemangacine.fr\/house-of-the-dragon\/porte-cles-3d-targaryen-game-of-thrones\/#breadcrumb","itemListElement":[{"@type":"ListItem","position":1,"name":"Accueil","item":"https:\/\/repliquemangacine.fr\/"},{"@type":"ListItem","position":2,"name":"Produits","item":"https:\/\/repliquemangacine.fr\/boutique\/"},{"@type":"ListItem","position":3,"name":"Porte cl\u00e9s Targaryen 3D Game of Thrones"}]},{"@type":"WebSite","@id":"https:\/\/repliquemangacine.fr\/#website","url":"https:\/\/repliquemangacine.fr\/","name":"R\u00e9plique Manga Cin\u00e9","description":"","publisher":{"@id":"https:\/\/repliquemangacine.fr\/#organization"},"potentialAction":[{"@type":"SearchAction","target":{"@type":"EntryPoint","urlTemplate":"https:\/\/repliquemangacine.fr\/?s={search_term_string}"},"query-input":{"@type":"PropertyValueSpecification","valueRequired":true,"valueName":"search_term_string"}}],"inLanguage":"es"},{"@type":"Organization","@id":"https:\/\/repliquemangacine.fr\/#organization","name":"R\u00e9plique Manga Cin\u00e9","url":"https:\/\/repliquemangacine.fr\/","logo":{"@type":"ImageObject","inLanguage":"es","@id":"https:\/\/repliquemangacine.fr\/#\/schema\/logo\/image\/","url":"https:\/\/repliquemangacine.fr\/wp-content\/uploads\/2023\/10\/RMC-500250.png","contentUrl":"https:\/\/repliquemangacine.fr\/wp-content\/uploads\/2023\/10\/RMC-500250.png","width":500,"height":250,"caption":"R\u00e9plique Manga Cin\u00e9"},"image":{"@id":"https:\/\/repliquemangacine.fr\/#\/schema\/logo\/image\/"},"sameAs":["https:\/\/www.facebook.com\/RepliqueMangaCine","https:\/\/www.instagram.com\/repliquemangacine.fr\/"]}]}},"_links":{"self":[{"href":"https:\/\/repliquemangacine.fr\/es\/wp-json\/wp\/v2\/product\/41610","targetHints":{"allow":["GET"]}}],"collection":[{"href":"https:\/\/repliquemangacine.fr\/es\/wp-json\/wp\/v2\/product"}],"about":[{"href":"https:\/\/repliquemangacine.fr\/es\/wp-json\/wp\/v2\/types\/product"}],"wp:featuredmedia":[{"embeddable":true,"href":"https:\/\/repliquemangacine.fr\/es\/wp-json\/wp\/v2\/media\/41611"}],"wp:attachment":[{"href":"https:\/\/repliquemangacine.fr\/es\/wp-json\/wp\/v2\/media?parent=41610"}],"wp:term":[{"taxonomy":"product_brand","embeddable":true,"href":"https:\/\/repliquemangacine.fr\/es\/wp-json\/wp\/v2\/product_brand?post=41610"},{"taxonomy":"product_cat","embeddable":true,"href":"https:\/\/repliquemangacine.fr\/es\/wp-json\/wp\/v2\/product_cat?post=41610"},{"taxonomy":"product_tag","embeddable":true,"href":"https:\/\/repliquemangacine.fr\/es\/wp-json\/wp\/v2\/product_tag?post=41610"}],"curies":[{"name":"wp","href":"https:\/\/api.w.org\/{rel}","templated":true}]}}