





{"id":41468,"date":"2021-07-23T15:38:58","date_gmt":"2021-07-23T13:38:58","guid":{"rendered":"https:\/\/repliquemangacine.fr\/?post_type=product&#038;p=41468"},"modified":"2026-04-11T12:08:32","modified_gmt":"2026-04-11T10:08:32","slug":"balas-de-prueba-para-mauser-y-mg-34","status":"publish","type":"product","link":"https:\/\/repliquemangacine.fr\/es\/reproductions-armes-seconde-guerre-mondiale-denix\/balles-factice-pour-mauser-et-mg-34\/","title":{"rendered":"Balas de prueba Mauser y MG 34"},"content":{"rendered":"<h2>Balas de prueba Mauser y MG 34<\/h2>\n<p>Para empezar, el <strong>Balas de prueba Mauser y MG 34<\/strong> son objetos que imitan, a veces de forma muy realista, munici\u00f3n real. Las armas y los accesorios suelen ser juguetes o r\u00e9plicas destinadas a coleccionistas.<\/p>\n<p>El fusil Mauser K98 es un rifle de repetici\u00f3n manual con cerrojo fabricado por la empresa Mauser Waffenfabrik. Adoptado en 1935 por el ej\u00e9rcito alem\u00e1n. Todos los soldados alemanes est\u00e1n equipados con el fusil K98. Un arma segura y fiable, con un funcionamiento sin problemas.<\/p>\n<p>Lo mismo ocurre con la cinta de munici\u00f3n de la ametralladora MG34. Un complemento esencial para dar m\u00e1s realismo a tu rifle Mauser y MG 34 de la marca. <a href=\"https:\/\/www.denix.fr\/\" target=\"_blank\" rel=\"noopener noreferrer\">Denix<\/a>.<\/p>\n<h2>Your Mauser and MG 34 dummy bullets at the best price.<\/h2>\n<p>Le ofrecemos una amplia selecci\u00f3n de reproducciones de armas Denix.<\/p>\n<p>Lo primero y m\u00e1s importante,<\/p>\n<ul>\n<li>Haz que tu ametralladora MG 34 sea a\u00fan m\u00e1s realista con este <a href=\"https:\/\/repliquemangacine.fr\/es\/equipamiento-militar\/bande-munitions-pour-mg-34\/\">cintur\u00f3n de municiones<\/a> en metal.<\/li>\n<li>Tambi\u00e9n existe la <a href=\"https:\/\/repliquemangacine.fr\/es\/guerra-mundial\/replica-de-ametralladora-mg34-con-tripodes-denix\/\">Ametralladora MG34<\/a> para su cintur\u00f3n de municiones.<\/li>\n<li>As\u00ed como el <a href=\"https:\/\/repliquemangacine.fr\/es\/reproducciones-darmes\/fusil-mauser-k98\/\">fusil mauser k98<\/a><\/li>\n<li>Y muchos m\u00e1s por descubrir en nuestra tienda en l\u00ednea.<\/li>\n<\/ul>\n<p>Por eso es una magn\u00edfica idea de regalo para todos los amantes de las armas hist\u00f3ricas.<\/p>\n<p>En conclusi\u00f3n, puede utilizar estos <strong>Balas de prueba Mauser y MG 34<\/strong> para sus reconstrucciones y decorados hist\u00f3ricos.<\/p>\n<p>Ante todo, son piezas de colecci\u00f3n y decoraci\u00f3n.<\/p>\n<h2>\u00bfC\u00f3mo se fabrican sus objetos de colecci\u00f3n?<\/h2>\n<p>Para empezar, todos nuestros productos derivados son de la m\u00e1xima calidad, fabricados con meticulosa atenci\u00f3n al detalle. Una parte se hace a mano, para reproducir hasta el m\u00e1s m\u00ednimo detalle. Las partes m\u00e1s importantes se mecanizan con m\u00e1quinas muy precisas. Los grabados se hacen generalmente con punta de diamante o l\u00e1ser.<\/p>\n<p>Vos <strong>Balas de prueba Mauser y MG 34<\/strong>, fabricado para reproducir con exactitud todos los detalles. Con el fin de estar a la altura del legado de las obras maestras originales. Se hace hincapi\u00e9 en la creaci\u00f3n de r\u00e9plicas de alta calidad que sean lo m\u00e1s precisas posible desde el punto de vista hist\u00f3rico.<\/p>\n<p>En conclusi\u00f3n, importadas de China, Espa\u00f1a o la India, \u00a1nuestras r\u00e9plicas le sorprender\u00e1n!<\/p>\n<p>R\u00e9plique Manga Cin\u00e9 es una empresa familiar francesa.<\/p>","protected":false},"excerpt":{"rendered":"<p>Las balas de prueba son un complemento esencial para que su rifle Denix Mauser y MG 34 sea a\u00fan m\u00e1s realista.<\/p>\n<ul>\n<li>Fabricado \u00edntegramente en metal chapado en oro.<\/li>\n<li>Estas balas no contienen carga explosiva.<\/li>\n<li>Envasado en bolsas de 5 balas.<\/li>\n<li>Altura: 8 cm - Peso: 40 grs<\/li>\n<\/ul>","protected":false},"featured_media":41469,"template":"","meta":[],"product_brand":[896],"product_cat":[25,102,46,54,85,28,76],"product_tag":[],"class_list":{"0":"post-41468","1":"product","2":"type-product","3":"status-publish","4":"has-post-thumbnail","6":"product_brand-replique-manga-cine","7":"product_cat-armes-historiques","8":"product_cat-denix","9":"product_cat-fusil-d-assaut-fusil-moderne","10":"product_cat-armes-accessoires-guerre-mondiale","11":"product_cat-dagues-et-accessoires-seconde-guerre-mondiale-materiels-militaria","12":"product_cat-repliques-darmes","13":"product_cat-reproductions-armes-seconde-guerre-mondiale-denix","15":"first","16":"outofstock","17":"taxable","18":"shipping-taxable","19":"purchasable","20":"product-type-simple"},"yoast_head":"<!-- This site is optimized with the Yoast SEO plugin v27.4 - https:\/\/yoast.com\/product\/yoast-seo-wordpress\/ -->\n<title>Balles Factices Mauser et MG 34 - Denix | R\u00e9plique Manga Cin\u00e9<\/title>\n<meta name=\"description\" content=\"Offrez-vous, ces Balles Factices Mauser et MG 34 au meilleur prix - Tout en m\u00e9tal dor\u00e9 - R\u00e9alisme incroyable sign\u00e9 Denix - Hauteur : 8 cm - Poids : 40 grs\" \/>\n<meta name=\"robots\" content=\"index, follow, max-snippet:-1, max-image-preview:large, max-video-preview:-1\" \/>\n<link rel=\"canonical\" href=\"https:\/\/repliquemangacine.fr\/es\/denix\/balas-de-prueba-para-mauser-y-mg-34\/\" \/>\n<meta property=\"og:locale\" content=\"es_ES\" \/>\n<meta property=\"og:type\" content=\"article\" \/>\n<meta property=\"og:title\" content=\"Balles Factices Mauser et MG 34 - Denix | R\u00e9plique Manga Cin\u00e9\" \/>\n<meta property=\"og:description\" content=\"Offrez-vous, ces Balles Factices Mauser et MG 34 au meilleur prix - Tout en m\u00e9tal dor\u00e9 - R\u00e9alisme incroyable sign\u00e9 Denix - Hauteur : 8 cm - Poids : 40 grs\" \/>\n<meta property=\"og:url\" content=\"https:\/\/repliquemangacine.fr\/es\/denix\/balas-de-prueba-para-mauser-y-mg-34\/\" \/>\n<meta property=\"og:site_name\" content=\"R\u00e9plique Manga Cin\u00e9\" \/>\n<meta property=\"article:publisher\" content=\"https:\/\/www.facebook.com\/RepliqueMangaCine\" \/>\n<meta property=\"article:modified_time\" content=\"2026-04-11T10:08:32+00:00\" \/>\n<meta property=\"og:image\" content=\"https:\/\/repliquemangacine.fr\/wp-content\/uploads\/2023\/10\/ba60.jpg\" \/>\n\t<meta property=\"og:image:width\" content=\"800\" \/>\n\t<meta property=\"og:image:height\" content=\"800\" \/>\n\t<meta property=\"og:image:type\" content=\"image\/jpeg\" \/>\n<meta name=\"twitter:card\" content=\"summary_large_image\" \/>\n<meta name=\"twitter:label1\" content=\"Tiempo de lectura\" \/>\n\t<meta name=\"twitter:data1\" content=\"2 minutos\" \/>\n<script type=\"application\/ld+json\" class=\"yoast-schema-graph\">{\"@context\":\"https:\\\/\\\/schema.org\",\"@graph\":[{\"@type\":\"WebPage\",\"@id\":\"https:\\\/\\\/repliquemangacine.fr\\\/denix\\\/balles-factice-pour-mauser-et-mg-34\\\/\",\"url\":\"https:\\\/\\\/repliquemangacine.fr\\\/denix\\\/balles-factice-pour-mauser-et-mg-34\\\/\",\"name\":\"Balles Factices Mauser et MG 34 - Denix | R\u00e9plique Manga Cin\u00e9\",\"isPartOf\":{\"@id\":\"https:\\\/\\\/repliquemangacine.fr\\\/#website\"},\"primaryImageOfPage\":{\"@id\":\"https:\\\/\\\/repliquemangacine.fr\\\/denix\\\/balles-factice-pour-mauser-et-mg-34\\\/#primaryimage\"},\"image\":{\"@id\":\"https:\\\/\\\/repliquemangacine.fr\\\/denix\\\/balles-factice-pour-mauser-et-mg-34\\\/#primaryimage\"},\"thumbnailUrl\":\"https:\\\/\\\/repliquemangacine.fr\\\/wp-content\\\/uploads\\\/2023\\\/10\\\/ba60.jpg\",\"datePublished\":\"2021-07-23T13:38:58+00:00\",\"dateModified\":\"2026-04-11T10:08:32+00:00\",\"description\":\"Offrez-vous, ces Balles Factices Mauser et MG 34 au meilleur prix - Tout en m\u00e9tal dor\u00e9 - R\u00e9alisme incroyable sign\u00e9 Denix - Hauteur : 8 cm - Poids : 40 grs\",\"breadcrumb\":{\"@id\":\"https:\\\/\\\/repliquemangacine.fr\\\/denix\\\/balles-factice-pour-mauser-et-mg-34\\\/#breadcrumb\"},\"inLanguage\":\"es\",\"potentialAction\":[{\"@type\":\"ReadAction\",\"target\":[\"https:\\\/\\\/repliquemangacine.fr\\\/denix\\\/balles-factice-pour-mauser-et-mg-34\\\/\"]}]},{\"@type\":\"ImageObject\",\"inLanguage\":\"es\",\"@id\":\"https:\\\/\\\/repliquemangacine.fr\\\/denix\\\/balles-factice-pour-mauser-et-mg-34\\\/#primaryimage\",\"url\":\"https:\\\/\\\/repliquemangacine.fr\\\/wp-content\\\/uploads\\\/2023\\\/10\\\/ba60.jpg\",\"contentUrl\":\"https:\\\/\\\/repliquemangacine.fr\\\/wp-content\\\/uploads\\\/2023\\\/10\\\/ba60.jpg\",\"width\":800,\"height\":800,\"caption\":\"Balles Factice Fusil Mauser ou MG 34\"},{\"@type\":\"BreadcrumbList\",\"@id\":\"https:\\\/\\\/repliquemangacine.fr\\\/denix\\\/balles-factice-pour-mauser-et-mg-34\\\/#breadcrumb\",\"itemListElement\":[{\"@type\":\"ListItem\",\"position\":1,\"name\":\"Accueil\",\"item\":\"https:\\\/\\\/repliquemangacine.fr\\\/\"},{\"@type\":\"ListItem\",\"position\":2,\"name\":\"Produits\",\"item\":\"https:\\\/\\\/repliquemangacine.fr\\\/boutique\\\/\"},{\"@type\":\"ListItem\",\"position\":3,\"name\":\"Balles Factices Mauser et MG 34\"}]},{\"@type\":\"WebSite\",\"@id\":\"https:\\\/\\\/repliquemangacine.fr\\\/#website\",\"url\":\"https:\\\/\\\/repliquemangacine.fr\\\/\",\"name\":\"R\u00e9plique Manga Cin\u00e9\",\"description\":\"\",\"publisher\":{\"@id\":\"https:\\\/\\\/repliquemangacine.fr\\\/#organization\"},\"potentialAction\":[{\"@type\":\"SearchAction\",\"target\":{\"@type\":\"EntryPoint\",\"urlTemplate\":\"https:\\\/\\\/repliquemangacine.fr\\\/?s={search_term_string}\"},\"query-input\":{\"@type\":\"PropertyValueSpecification\",\"valueRequired\":true,\"valueName\":\"search_term_string\"}}],\"inLanguage\":\"es\"},{\"@type\":\"Organization\",\"@id\":\"https:\\\/\\\/repliquemangacine.fr\\\/#organization\",\"name\":\"R\u00e9plique Manga Cin\u00e9\",\"url\":\"https:\\\/\\\/repliquemangacine.fr\\\/\",\"logo\":{\"@type\":\"ImageObject\",\"inLanguage\":\"es\",\"@id\":\"https:\\\/\\\/repliquemangacine.fr\\\/#\\\/schema\\\/logo\\\/image\\\/\",\"url\":\"https:\\\/\\\/repliquemangacine.fr\\\/wp-content\\\/uploads\\\/2023\\\/10\\\/RMC-500250.png\",\"contentUrl\":\"https:\\\/\\\/repliquemangacine.fr\\\/wp-content\\\/uploads\\\/2023\\\/10\\\/RMC-500250.png\",\"width\":500,\"height\":250,\"caption\":\"R\u00e9plique Manga Cin\u00e9\"},\"image\":{\"@id\":\"https:\\\/\\\/repliquemangacine.fr\\\/#\\\/schema\\\/logo\\\/image\\\/\"},\"sameAs\":[\"https:\\\/\\\/www.facebook.com\\\/RepliqueMangaCine\",\"https:\\\/\\\/www.instagram.com\\\/repliquemangacine.fr\\\/\"]}]}<\/script>\n<!-- \/ Yoast SEO plugin. -->","yoast_head_json":{"title":"Balas Mauser y MG 34 - Denix | R\u00e9plique Manga Cin\u00e9","description":"Reg\u00e1late estas balas de prueba Mauser y MG 34 al mejor precio - Todas en metal dorado - Incre\u00edble realismo de Denix - Altura: 8 cm - Peso: 40 grs","robots":{"index":"index","follow":"follow","max-snippet":"max-snippet:-1","max-image-preview":"max-image-preview:large","max-video-preview":"max-video-preview:-1"},"canonical":"https:\/\/repliquemangacine.fr\/es\/denix\/balas-de-prueba-para-mauser-y-mg-34\/","og_locale":"es_ES","og_type":"article","og_title":"Balles Factices Mauser et MG 34 - Denix | R\u00e9plique Manga Cin\u00e9","og_description":"Offrez-vous, ces Balles Factices Mauser et MG 34 au meilleur prix - Tout en m\u00e9tal dor\u00e9 - R\u00e9alisme incroyable sign\u00e9 Denix - Hauteur : 8 cm - Poids : 40 grs","og_url":"https:\/\/repliquemangacine.fr\/es\/denix\/balas-de-prueba-para-mauser-y-mg-34\/","og_site_name":"R\u00e9plique Manga Cin\u00e9","article_publisher":"https:\/\/www.facebook.com\/RepliqueMangaCine","article_modified_time":"2026-04-11T10:08:32+00:00","og_image":[{"width":800,"height":800,"url":"https:\/\/repliquemangacine.fr\/wp-content\/uploads\/2023\/10\/ba60.jpg","type":"image\/jpeg"}],"twitter_card":"summary_large_image","twitter_misc":{"Tiempo de lectura":"2 minutos"},"schema":{"@context":"https:\/\/schema.org","@graph":[{"@type":"WebPage","@id":"https:\/\/repliquemangacine.fr\/denix\/balles-factice-pour-mauser-et-mg-34\/","url":"https:\/\/repliquemangacine.fr\/denix\/balles-factice-pour-mauser-et-mg-34\/","name":"Balas Mauser y MG 34 - Denix | R\u00e9plique Manga Cin\u00e9","isPartOf":{"@id":"https:\/\/repliquemangacine.fr\/#website"},"primaryImageOfPage":{"@id":"https:\/\/repliquemangacine.fr\/denix\/balles-factice-pour-mauser-et-mg-34\/#primaryimage"},"image":{"@id":"https:\/\/repliquemangacine.fr\/denix\/balles-factice-pour-mauser-et-mg-34\/#primaryimage"},"thumbnailUrl":"https:\/\/repliquemangacine.fr\/wp-content\/uploads\/2023\/10\/ba60.jpg","datePublished":"2021-07-23T13:38:58+00:00","dateModified":"2026-04-11T10:08:32+00:00","description":"Reg\u00e1late estas balas de prueba Mauser y MG 34 al mejor precio - Todas en metal dorado - Incre\u00edble realismo de Denix - Altura: 8 cm - Peso: 40 grs","breadcrumb":{"@id":"https:\/\/repliquemangacine.fr\/denix\/balles-factice-pour-mauser-et-mg-34\/#breadcrumb"},"inLanguage":"es","potentialAction":[{"@type":"ReadAction","target":["https:\/\/repliquemangacine.fr\/denix\/balles-factice-pour-mauser-et-mg-34\/"]}]},{"@type":"ImageObject","inLanguage":"es","@id":"https:\/\/repliquemangacine.fr\/denix\/balles-factice-pour-mauser-et-mg-34\/#primaryimage","url":"https:\/\/repliquemangacine.fr\/wp-content\/uploads\/2023\/10\/ba60.jpg","contentUrl":"https:\/\/repliquemangacine.fr\/wp-content\/uploads\/2023\/10\/ba60.jpg","width":800,"height":800,"caption":"Balles Factice Fusil Mauser ou MG 34"},{"@type":"BreadcrumbList","@id":"https:\/\/repliquemangacine.fr\/denix\/balles-factice-pour-mauser-et-mg-34\/#breadcrumb","itemListElement":[{"@type":"ListItem","position":1,"name":"Accueil","item":"https:\/\/repliquemangacine.fr\/"},{"@type":"ListItem","position":2,"name":"Produits","item":"https:\/\/repliquemangacine.fr\/boutique\/"},{"@type":"ListItem","position":3,"name":"Balles Factices Mauser et MG 34"}]},{"@type":"WebSite","@id":"https:\/\/repliquemangacine.fr\/#website","url":"https:\/\/repliquemangacine.fr\/","name":"R\u00e9plique Manga Cin\u00e9","description":"","publisher":{"@id":"https:\/\/repliquemangacine.fr\/#organization"},"potentialAction":[{"@type":"SearchAction","target":{"@type":"EntryPoint","urlTemplate":"https:\/\/repliquemangacine.fr\/?s={search_term_string}"},"query-input":{"@type":"PropertyValueSpecification","valueRequired":true,"valueName":"search_term_string"}}],"inLanguage":"es"},{"@type":"Organization","@id":"https:\/\/repliquemangacine.fr\/#organization","name":"R\u00e9plique Manga Cin\u00e9","url":"https:\/\/repliquemangacine.fr\/","logo":{"@type":"ImageObject","inLanguage":"es","@id":"https:\/\/repliquemangacine.fr\/#\/schema\/logo\/image\/","url":"https:\/\/repliquemangacine.fr\/wp-content\/uploads\/2023\/10\/RMC-500250.png","contentUrl":"https:\/\/repliquemangacine.fr\/wp-content\/uploads\/2023\/10\/RMC-500250.png","width":500,"height":250,"caption":"R\u00e9plique Manga Cin\u00e9"},"image":{"@id":"https:\/\/repliquemangacine.fr\/#\/schema\/logo\/image\/"},"sameAs":["https:\/\/www.facebook.com\/RepliqueMangaCine","https:\/\/www.instagram.com\/repliquemangacine.fr\/"]}]}},"_links":{"self":[{"href":"https:\/\/repliquemangacine.fr\/es\/wp-json\/wp\/v2\/product\/41468","targetHints":{"allow":["GET"]}}],"collection":[{"href":"https:\/\/repliquemangacine.fr\/es\/wp-json\/wp\/v2\/product"}],"about":[{"href":"https:\/\/repliquemangacine.fr\/es\/wp-json\/wp\/v2\/types\/product"}],"wp:featuredmedia":[{"embeddable":true,"href":"https:\/\/repliquemangacine.fr\/es\/wp-json\/wp\/v2\/media\/41469"}],"wp:attachment":[{"href":"https:\/\/repliquemangacine.fr\/es\/wp-json\/wp\/v2\/media?parent=41468"}],"wp:term":[{"taxonomy":"product_brand","embeddable":true,"href":"https:\/\/repliquemangacine.fr\/es\/wp-json\/wp\/v2\/product_brand?post=41468"},{"taxonomy":"product_cat","embeddable":true,"href":"https:\/\/repliquemangacine.fr\/es\/wp-json\/wp\/v2\/product_cat?post=41468"},{"taxonomy":"product_tag","embeddable":true,"href":"https:\/\/repliquemangacine.fr\/es\/wp-json\/wp\/v2\/product_tag?post=41468"}],"curies":[{"name":"wp","href":"https:\/\/api.w.org\/{rel}","templated":true}]}}