





{"id":41446,"date":"2021-07-22T17:28:45","date_gmt":"2021-07-22T15:28:45","guid":{"rendered":"https:\/\/repliquemangacine.fr\/?post_type=product&#038;p=41446"},"modified":"2025-11-30T19:19:27","modified_gmt":"2025-11-30T18:19:27","slug":"colgante-dr-strange-dagamotto-eye","status":"publish","type":"product","link":"https:\/\/repliquemangacine.fr\/es\/divers-goodies\/pendentif-oeil-dagamotto-du-dr-strange\/","title":{"rendered":"Colgante Dr. Extra\u00f1o Ojo de Agamotto"},"content":{"rendered":"<h2>R\u00e9plica del colgante Dr. Strange Agamotto Eye del universo Marvel.<\/h2>\n<p>El colgante Ojo de Agamotto destaca por su realismo.<\/p>\n<p>El Ojo de Agamotto es una poderosa reliquia creada por Agamotto, el primer hechicero supremo, como dispositivo de contenci\u00f3n para la Gema del Tiempo. El Ojo ha sido protegido por los maestros de las artes m\u00edsticas durante generaciones.<\/p>\n<p>Como contenedor de la Gema del Tiempo, el Ojo de Agamotto permite a su portador utilizar el poder de la Gema del Infinito sin tener que tocarla f\u00edsicamente. Reforzado por su Gema del Infinito, el Ojo posee enormes poderes basados en el tiempo. Es capaz de controlar el flujo del tiempo a peque\u00f1a o gran escala. A gran escala, la piedra puede retroceder en el tiempo para deshacer acontecimientos enteros, incluso hasta el punto de devolver la vida a los muertos, retrocediendo hasta un momento anterior a su muerte.<\/p>\n<p>Agamotto fue el primer hechicero supremo de la Tierra, fundador de los Maestros de las Artes M\u00edsticas, constructor de los Santuarios y creador del Ojo de Agamotto. Como primer hechicero supremo y fundador de los Maestros de las Artes M\u00edsticas, Agamotto es un hechicero inmensamente poderoso, probablemente el m\u00e1s grande de la historia.<\/p>\n<p>Su comprensi\u00f3n de la magia es tan grande que puede crear poderosas reliquias m\u00e1gicas como el Ojo de Agamotto. Esto permite a los hechiceros explotar el poder de una Gema del Infinito. Tambi\u00e9n construy\u00f3 los Santuarios, estructuras completas capaces de generar una poderosa barrera. Capaces de proteger a la Tierra de amenazas extradimensionales tan poderosas como Dormammu.<\/p>\n<h3>Ofrecemos una amplia gama de r\u00e9plicas de tus superh\u00e9roes Marvel.<\/h3>\n<p>Lo primero y m\u00e1s importante,<\/p>\n<ul>\n<li>El tridente de Aquaman en escala Oficial pero 1\/1 distribuido por <a href=\"https:\/\/www.noblecollection.fr\/\">Colecci\u00f3n Noble<\/a>.<\/li>\n<li>Tambi\u00e9n est\u00e1 la r\u00e9plica de <a href=\"https:\/\/repliquemangacine.fr\/es\/peliculas-series-tv-venta-de-espadas-katana-y-productos-relacionados\/x-men-griffes-de-wolverine-replique\/\">Las garras de Lobezno<\/a> de la serie de pel\u00edculas X-Men y utilizado por Lobezno Logan.<\/li>\n<li>As\u00ed como el <a href=\"https:\/\/repliquemangacine.fr\/es\/superheroes\/mug-3d-batman-dc-universe\/\">Taza 3D con m\u00e1scara de Batman<\/a> el caballero de Ciudad G\u00f3tica.<\/li>\n<li>Y mucho, mucho m\u00e1s.<\/li>\n<\/ul>\n<p>Una gran idea de regalo para todos los fans de Marvel.<\/p>\n<h3>Tambi\u00e9n puedes utilizar el Colgante Ojo de Agamotto del Dr. Extra\u00f1o en la vida cotidiana.<\/h3>\n<p>Ante todo, los colgantes Ojo de Agamotto Dr Strange son tambi\u00e9n piezas de colecci\u00f3n y decoraci\u00f3n.<\/p>\n<p>Un objeto imprescindible para los fans de Marvel. Que disfruten de la visita.<\/p>\n<p>R\u00e9plique Manga Cin\u00e9 es una empresa familiar francesa.<\/p>","protected":false},"excerpt":{"rendered":"<p>Magn\u00edfico amuleto colgante del Dr. Extra\u00f1o el Ojo de Agamotto en Vengadores.<\/p>\n<ul>\n<li>Fabricado \u00edntegramente en acero envejecido con acabado en bronce.<\/li>\n<li>La parte delantera es hueca y calada, con una cuenta de resina verde en el interior.<\/li>\n<li>El monograma \"Doctor Strange\" est\u00e1 superpuesto en la parte posterior.<\/li>\n<li>El collar es un cord\u00f3n negro con un peque\u00f1o mosquet\u00f3n.<\/li>\n<li>Se suministra en un bl\u00edster de Avengers.<\/li>\n<li>Ancho del ojo: 4.5cm - Largo del collar: 42cm aprox - Peso: 15grs<\/li>\n<\/ul>","protected":false},"featured_media":41447,"template":"","meta":[],"product_brand":[896],"product_cat":[98,24,94,101,59],"product_tag":[],"class_list":{"0":"post-41446","1":"product","2":"type-product","3":"status-publish","4":"has-post-thumbnail","6":"product_brand-replique-manga-cine","7":"product_cat-divers-goodies","8":"product_cat-films-series-tv-vente-de-katana-epee-et-produits-derives","9":"product_cat-goodies","10":"product_cat-soldes","11":"product_cat-super-heros-marvel","13":"first","14":"outofstock","15":"sale","16":"taxable","17":"shipping-taxable","18":"purchasable","19":"product-type-simple"},"yoast_head":"<!-- This site is optimized with the Yoast SEO plugin v27.5 - https:\/\/yoast.com\/product\/yoast-seo-wordpress\/ -->\n<title>Pendentif Oeil d\u2019Agamotto - Dr Strange - R\u00e9plique Manga Cin\u00e9<\/title>\n<meta name=\"description\" content=\"Superbe amulette Pendentif Oeil d\u2019Agamotto dans Avengers. En m\u00e9tal vieilli. Tr\u00e8s belle finition. Une id\u00e9e cadeau pour tous les fans !\" \/>\n<meta name=\"robots\" content=\"index, follow, max-snippet:-1, max-image-preview:large, max-video-preview:-1\" \/>\n<link rel=\"canonical\" href=\"https:\/\/repliquemangacine.fr\/es\/saldos\/colgante-dr-strange-dagamotto-eye\/\" \/>\n<meta property=\"og:locale\" content=\"es_ES\" \/>\n<meta property=\"og:type\" content=\"article\" \/>\n<meta property=\"og:title\" content=\"Pendentif Oeil d\u2019Agamotto - Dr Strange - R\u00e9plique Manga Cin\u00e9\" \/>\n<meta property=\"og:description\" content=\"Superbe amulette Pendentif Oeil d\u2019Agamotto dans Avengers. En m\u00e9tal vieilli. Tr\u00e8s belle finition. Une id\u00e9e cadeau pour tous les fans !\" \/>\n<meta property=\"og:url\" content=\"https:\/\/repliquemangacine.fr\/es\/saldos\/colgante-dr-strange-dagamotto-eye\/\" \/>\n<meta property=\"og:site_name\" content=\"R\u00e9plique Manga Cin\u00e9\" \/>\n<meta property=\"article:publisher\" content=\"https:\/\/www.facebook.com\/RepliqueMangaCine\" \/>\n<meta property=\"article:modified_time\" content=\"2025-11-30T18:19:27+00:00\" \/>\n<meta property=\"og:image\" content=\"https:\/\/repliquemangacine.fr\/wp-content\/uploads\/2023\/10\/collier-oeil.jpg\" \/>\n\t<meta property=\"og:image:width\" content=\"800\" \/>\n\t<meta property=\"og:image:height\" content=\"800\" \/>\n\t<meta property=\"og:image:type\" content=\"image\/jpeg\" \/>\n<meta name=\"twitter:card\" content=\"summary_large_image\" \/>\n<meta name=\"twitter:label1\" content=\"Tiempo de lectura\" \/>\n\t<meta name=\"twitter:data1\" content=\"1 minuto\" \/>\n<script type=\"application\/ld+json\" class=\"yoast-schema-graph\">{\"@context\":\"https:\\\/\\\/schema.org\",\"@graph\":[{\"@type\":\"WebPage\",\"@id\":\"https:\\\/\\\/repliquemangacine.fr\\\/soldes\\\/pendentif-oeil-dagamotto-du-dr-strange\\\/\",\"url\":\"https:\\\/\\\/repliquemangacine.fr\\\/soldes\\\/pendentif-oeil-dagamotto-du-dr-strange\\\/\",\"name\":\"Pendentif Oeil d\u2019Agamotto - Dr Strange - R\u00e9plique Manga Cin\u00e9\",\"isPartOf\":{\"@id\":\"https:\\\/\\\/repliquemangacine.fr\\\/#website\"},\"primaryImageOfPage\":{\"@id\":\"https:\\\/\\\/repliquemangacine.fr\\\/soldes\\\/pendentif-oeil-dagamotto-du-dr-strange\\\/#primaryimage\"},\"image\":{\"@id\":\"https:\\\/\\\/repliquemangacine.fr\\\/soldes\\\/pendentif-oeil-dagamotto-du-dr-strange\\\/#primaryimage\"},\"thumbnailUrl\":\"https:\\\/\\\/repliquemangacine.fr\\\/wp-content\\\/uploads\\\/2023\\\/10\\\/collier-oeil.jpg\",\"datePublished\":\"2021-07-22T15:28:45+00:00\",\"dateModified\":\"2025-11-30T18:19:27+00:00\",\"description\":\"Superbe amulette Pendentif Oeil d\u2019Agamotto dans Avengers. En m\u00e9tal vieilli. Tr\u00e8s belle finition. Une id\u00e9e cadeau pour tous les fans !\",\"breadcrumb\":{\"@id\":\"https:\\\/\\\/repliquemangacine.fr\\\/soldes\\\/pendentif-oeil-dagamotto-du-dr-strange\\\/#breadcrumb\"},\"inLanguage\":\"es\",\"potentialAction\":[{\"@type\":\"ReadAction\",\"target\":[\"https:\\\/\\\/repliquemangacine.fr\\\/soldes\\\/pendentif-oeil-dagamotto-du-dr-strange\\\/\"]}]},{\"@type\":\"ImageObject\",\"inLanguage\":\"es\",\"@id\":\"https:\\\/\\\/repliquemangacine.fr\\\/soldes\\\/pendentif-oeil-dagamotto-du-dr-strange\\\/#primaryimage\",\"url\":\"https:\\\/\\\/repliquemangacine.fr\\\/wp-content\\\/uploads\\\/2023\\\/10\\\/collier-oeil.jpg\",\"contentUrl\":\"https:\\\/\\\/repliquemangacine.fr\\\/wp-content\\\/uploads\\\/2023\\\/10\\\/collier-oeil.jpg\",\"width\":800,\"height\":800,\"caption\":\"Pendentif Oeil d\u2019Agamotto Dr Strange\"},{\"@type\":\"BreadcrumbList\",\"@id\":\"https:\\\/\\\/repliquemangacine.fr\\\/soldes\\\/pendentif-oeil-dagamotto-du-dr-strange\\\/#breadcrumb\",\"itemListElement\":[{\"@type\":\"ListItem\",\"position\":1,\"name\":\"Accueil\",\"item\":\"https:\\\/\\\/repliquemangacine.fr\\\/\"},{\"@type\":\"ListItem\",\"position\":2,\"name\":\"Produits\",\"item\":\"https:\\\/\\\/repliquemangacine.fr\\\/boutique\\\/\"},{\"@type\":\"ListItem\",\"position\":3,\"name\":\"Pendentif Oeil d\u2019Agamotto Dr Strange\"}]},{\"@type\":\"WebSite\",\"@id\":\"https:\\\/\\\/repliquemangacine.fr\\\/#website\",\"url\":\"https:\\\/\\\/repliquemangacine.fr\\\/\",\"name\":\"R\u00e9plique Manga Cin\u00e9\",\"description\":\"\",\"publisher\":{\"@id\":\"https:\\\/\\\/repliquemangacine.fr\\\/#organization\"},\"potentialAction\":[{\"@type\":\"SearchAction\",\"target\":{\"@type\":\"EntryPoint\",\"urlTemplate\":\"https:\\\/\\\/repliquemangacine.fr\\\/?s={search_term_string}\"},\"query-input\":{\"@type\":\"PropertyValueSpecification\",\"valueRequired\":true,\"valueName\":\"search_term_string\"}}],\"inLanguage\":\"es\"},{\"@type\":\"Organization\",\"@id\":\"https:\\\/\\\/repliquemangacine.fr\\\/#organization\",\"name\":\"R\u00e9plique Manga Cin\u00e9\",\"url\":\"https:\\\/\\\/repliquemangacine.fr\\\/\",\"logo\":{\"@type\":\"ImageObject\",\"inLanguage\":\"es\",\"@id\":\"https:\\\/\\\/repliquemangacine.fr\\\/#\\\/schema\\\/logo\\\/image\\\/\",\"url\":\"https:\\\/\\\/repliquemangacine.fr\\\/wp-content\\\/uploads\\\/2023\\\/10\\\/RMC-500250.png\",\"contentUrl\":\"https:\\\/\\\/repliquemangacine.fr\\\/wp-content\\\/uploads\\\/2023\\\/10\\\/RMC-500250.png\",\"width\":500,\"height\":250,\"caption\":\"R\u00e9plique Manga Cin\u00e9\"},\"image\":{\"@id\":\"https:\\\/\\\/repliquemangacine.fr\\\/#\\\/schema\\\/logo\\\/image\\\/\"},\"sameAs\":[\"https:\\\/\\\/www.facebook.com\\\/RepliqueMangaCine\",\"https:\\\/\\\/www.instagram.com\\\/repliquemangacine.fr\\\/\"]}]}<\/script>\n<!-- \/ Yoast SEO plugin. -->","yoast_head_json":{"title":"Colgante Ojo de Agamotto - Dr Strange - R\u00e9plique Manga Cin\u00e9","description":"Magn\u00edfico amuleto colgante Ojo de Agamotto de los Vengadores. Metal envejecido. Precioso acabado. \u00a1Una idea de regalo para todos los fans!","robots":{"index":"index","follow":"follow","max-snippet":"max-snippet:-1","max-image-preview":"max-image-preview:large","max-video-preview":"max-video-preview:-1"},"canonical":"https:\/\/repliquemangacine.fr\/es\/saldos\/colgante-dr-strange-dagamotto-eye\/","og_locale":"es_ES","og_type":"article","og_title":"Pendentif Oeil d\u2019Agamotto - Dr Strange - R\u00e9plique Manga Cin\u00e9","og_description":"Superbe amulette Pendentif Oeil d\u2019Agamotto dans Avengers. En m\u00e9tal vieilli. Tr\u00e8s belle finition. Une id\u00e9e cadeau pour tous les fans !","og_url":"https:\/\/repliquemangacine.fr\/es\/saldos\/colgante-dr-strange-dagamotto-eye\/","og_site_name":"R\u00e9plique Manga Cin\u00e9","article_publisher":"https:\/\/www.facebook.com\/RepliqueMangaCine","article_modified_time":"2025-11-30T18:19:27+00:00","og_image":[{"width":800,"height":800,"url":"https:\/\/repliquemangacine.fr\/wp-content\/uploads\/2023\/10\/collier-oeil.jpg","type":"image\/jpeg"}],"twitter_card":"summary_large_image","twitter_misc":{"Tiempo de lectura":"1 minuto"},"schema":{"@context":"https:\/\/schema.org","@graph":[{"@type":"WebPage","@id":"https:\/\/repliquemangacine.fr\/soldes\/pendentif-oeil-dagamotto-du-dr-strange\/","url":"https:\/\/repliquemangacine.fr\/soldes\/pendentif-oeil-dagamotto-du-dr-strange\/","name":"Colgante Ojo de Agamotto - Dr Strange - R\u00e9plique Manga Cin\u00e9","isPartOf":{"@id":"https:\/\/repliquemangacine.fr\/#website"},"primaryImageOfPage":{"@id":"https:\/\/repliquemangacine.fr\/soldes\/pendentif-oeil-dagamotto-du-dr-strange\/#primaryimage"},"image":{"@id":"https:\/\/repliquemangacine.fr\/soldes\/pendentif-oeil-dagamotto-du-dr-strange\/#primaryimage"},"thumbnailUrl":"https:\/\/repliquemangacine.fr\/wp-content\/uploads\/2023\/10\/collier-oeil.jpg","datePublished":"2021-07-22T15:28:45+00:00","dateModified":"2025-11-30T18:19:27+00:00","description":"Magn\u00edfico amuleto colgante Ojo de Agamotto de los Vengadores. Metal envejecido. Precioso acabado. \u00a1Una idea de regalo para todos los fans!","breadcrumb":{"@id":"https:\/\/repliquemangacine.fr\/soldes\/pendentif-oeil-dagamotto-du-dr-strange\/#breadcrumb"},"inLanguage":"es","potentialAction":[{"@type":"ReadAction","target":["https:\/\/repliquemangacine.fr\/soldes\/pendentif-oeil-dagamotto-du-dr-strange\/"]}]},{"@type":"ImageObject","inLanguage":"es","@id":"https:\/\/repliquemangacine.fr\/soldes\/pendentif-oeil-dagamotto-du-dr-strange\/#primaryimage","url":"https:\/\/repliquemangacine.fr\/wp-content\/uploads\/2023\/10\/collier-oeil.jpg","contentUrl":"https:\/\/repliquemangacine.fr\/wp-content\/uploads\/2023\/10\/collier-oeil.jpg","width":800,"height":800,"caption":"Pendentif Oeil d\u2019Agamotto Dr Strange"},{"@type":"BreadcrumbList","@id":"https:\/\/repliquemangacine.fr\/soldes\/pendentif-oeil-dagamotto-du-dr-strange\/#breadcrumb","itemListElement":[{"@type":"ListItem","position":1,"name":"Accueil","item":"https:\/\/repliquemangacine.fr\/"},{"@type":"ListItem","position":2,"name":"Produits","item":"https:\/\/repliquemangacine.fr\/boutique\/"},{"@type":"ListItem","position":3,"name":"Pendentif Oeil d\u2019Agamotto Dr Strange"}]},{"@type":"WebSite","@id":"https:\/\/repliquemangacine.fr\/#website","url":"https:\/\/repliquemangacine.fr\/","name":"R\u00e9plique Manga Cin\u00e9","description":"","publisher":{"@id":"https:\/\/repliquemangacine.fr\/#organization"},"potentialAction":[{"@type":"SearchAction","target":{"@type":"EntryPoint","urlTemplate":"https:\/\/repliquemangacine.fr\/?s={search_term_string}"},"query-input":{"@type":"PropertyValueSpecification","valueRequired":true,"valueName":"search_term_string"}}],"inLanguage":"es"},{"@type":"Organization","@id":"https:\/\/repliquemangacine.fr\/#organization","name":"R\u00e9plique Manga Cin\u00e9","url":"https:\/\/repliquemangacine.fr\/","logo":{"@type":"ImageObject","inLanguage":"es","@id":"https:\/\/repliquemangacine.fr\/#\/schema\/logo\/image\/","url":"https:\/\/repliquemangacine.fr\/wp-content\/uploads\/2023\/10\/RMC-500250.png","contentUrl":"https:\/\/repliquemangacine.fr\/wp-content\/uploads\/2023\/10\/RMC-500250.png","width":500,"height":250,"caption":"R\u00e9plique Manga Cin\u00e9"},"image":{"@id":"https:\/\/repliquemangacine.fr\/#\/schema\/logo\/image\/"},"sameAs":["https:\/\/www.facebook.com\/RepliqueMangaCine","https:\/\/www.instagram.com\/repliquemangacine.fr\/"]}]}},"_links":{"self":[{"href":"https:\/\/repliquemangacine.fr\/es\/wp-json\/wp\/v2\/product\/41446","targetHints":{"allow":["GET"]}}],"collection":[{"href":"https:\/\/repliquemangacine.fr\/es\/wp-json\/wp\/v2\/product"}],"about":[{"href":"https:\/\/repliquemangacine.fr\/es\/wp-json\/wp\/v2\/types\/product"}],"wp:featuredmedia":[{"embeddable":true,"href":"https:\/\/repliquemangacine.fr\/es\/wp-json\/wp\/v2\/media\/41447"}],"wp:attachment":[{"href":"https:\/\/repliquemangacine.fr\/es\/wp-json\/wp\/v2\/media?parent=41446"}],"wp:term":[{"taxonomy":"product_brand","embeddable":true,"href":"https:\/\/repliquemangacine.fr\/es\/wp-json\/wp\/v2\/product_brand?post=41446"},{"taxonomy":"product_cat","embeddable":true,"href":"https:\/\/repliquemangacine.fr\/es\/wp-json\/wp\/v2\/product_cat?post=41446"},{"taxonomy":"product_tag","embeddable":true,"href":"https:\/\/repliquemangacine.fr\/es\/wp-json\/wp\/v2\/product_tag?post=41446"}],"curies":[{"name":"wp","href":"https:\/\/api.w.org\/{rel}","templated":true}]}}