





{"id":41410,"date":"2021-07-21T18:56:13","date_gmt":"2021-07-21T16:56:13","guid":{"rendered":"https:\/\/repliquemangacine.fr\/?post_type=product&#038;p=41410"},"modified":"2025-09-23T18:02:37","modified_gmt":"2025-09-23T16:02:37","slug":"llavero-stormbreaker-de-thor","status":"publish","type":"product","link":"https:\/\/repliquemangacine.fr\/es\/porte-cles-goodies\/porte-cles-stormbreaker-de-thor\/","title":{"rendered":"Llavero Stormbreaker de Thor"},"content":{"rendered":"<h2>R\u00e9plica del llavero Thor Stormbreaker de metal.<\/h2>\n<p>El llavero Stormbreaker de <a href=\"https:\/\/universcinematographiquemarvel.fandom.com\/fr\/wiki\/Thor_Odinson\">Thor<\/a>, Este martillo-hacha es totalmente met\u00e1lico.<\/p>\n<p>Stormbreaker es un hacha encantada de fabricaci\u00f3n enana, forjada con uru en Nidavellir y con la capacidad de invocar al Bifrost. Tras la destrucci\u00f3n de Mj\u00f8lnir, Thor utiliz\u00f3 esta arma.<\/p>\n<p>El Stormbreaker aparece en la pel\u00edcula Avengers: Infinity War. Pero tambi\u00e9n en la \u00faltima pel\u00edcula Thor: Love And Thunder.<\/p>\n<p>Stormbreaker es capaz de concentrar y mejorar los poderes de Thor. Debido a su composici\u00f3n de Uru, el arma es casi indestructible y capaz de resistir las explosiones de energ\u00eda creadas por las Gemas del Infinito. Tambi\u00e9n es capaz de canalizar la energ\u00eda dimensional e invocar el Bifrost, lo que permiti\u00f3 a Thor teletransportarse, junto con Rocket Raccoon y Groot, a Wakanda.<\/p>\n<p>Al igual que Mj\u00f8lnir antes que \u00e9l, Stormbreaker volver\u00e1 a las manos de Thor cuando sea invocado y golpear\u00e1 a sus oponentes con una fuerza enorme. Puede brillar con una llama azul de otro mundo que crepita con electricidad y parece tener la capacidad de dirigirse hacia un objetivo si Thor as\u00ed lo desea. Adem\u00e1s, el arma permite al usuario volar sin esfuerzo mientras la utiliza, a diferencia de Mj\u00f8lnir, que obligaba al usuario a girarla a gran velocidad para levantarse del suelo.<\/p>\n<p>Debido a su mayor tama\u00f1o y peso, al tener tanto el filo de un hacha como la cabeza de un martillo en su estructura, as\u00ed como un mango alargado que permite manejar el arma con ambas manos, es un arma cuerpo a cuerpo mucho m\u00e1s poderosa que Mj\u00f8lnir. Eitri lleg\u00f3 incluso a decir que Stormbreaker estaba destinada a ser el arma m\u00e1s poderosa de la historia de Asgard.<\/p>\n<h3>Ofrecemos una amplia gama de r\u00e9plicas de tus superh\u00e9roes Marvel.<\/h3>\n<p>Lo primero y m\u00e1s importante,<\/p>\n<ul>\n<li>Le <a href=\"https:\/\/repliquemangacine.fr\/es\/superheroes\/llavero-escudo-capitan-america\/\">Llavero con el escudo del Capit\u00e1n Am\u00e9rica<\/a> no oficial.<\/li>\n<li>Tambi\u00e9n existe la <a href=\"https:\/\/repliquemangacine.fr\/es\/superheroes\/marvel-avengers-set-11-piezas\/\">Caja de coleccionista Marvel<\/a> de 11 piezas.<\/li>\n<li>Adem\u00e1s del original <a href=\"https:\/\/repliquemangacine.fr\/es\/superheroes\/taza-guantelete-de-thanos-marvel\/\">Taza guante de Thanos<\/a> en Avengers Endgame.<\/li>\n<li>Y mucho, mucho m\u00e1s.<\/li>\n<\/ul>\n<p>Una gran idea de regalo para todos los fans de Marvel.<\/p>\n<h3>Tambi\u00e9n puedes usar este llavero Stormbreaker de Thor para tus llaves.<\/h3>\n<p>Ante todo, este llavero es tambi\u00e9n una pieza de colecci\u00f3n.<\/p>\n<p>Disfrute de su visita<\/p>\n<p>R\u00e9plique Manga Cin\u00e9 es una empresa familiar francesa.<\/p>","protected":false},"excerpt":{"rendered":"<p>Magn\u00edfico llavero con el martillo hacha, el rompetormentas utilizado por Thor en Los Vengadores.<\/p>\n<ul>\n<li>Todo en metal de aspecto bronce envejecido, con un acabado impecable.<\/li>\n<li>Anillo totalmente de acero con un di\u00e1metro de 3 cm.<\/li>\n<li>Se entrega en su bl\u00edster Avengers<\/li>\n<li>Imprescindible para todos los fans del universo Marvel.<\/li>\n<li>Longitud del martillo: 6cm - Longitud total con anilla: 12cm - Peso: 15 Grs<\/li>\n<\/ul>","protected":false},"featured_media":41411,"template":"","meta":[],"product_brand":[896],"product_cat":[24,94,96,101,59],"product_tag":[],"class_list":{"0":"post-41410","1":"product","2":"type-product","3":"status-publish","4":"has-post-thumbnail","6":"product_brand-replique-manga-cine","7":"product_cat-films-series-tv-vente-de-katana-epee-et-produits-derives","8":"product_cat-goodies","9":"product_cat-porte-cles-goodies","10":"product_cat-soldes","11":"product_cat-super-heros-marvel","13":"first","14":"instock","15":"sale","16":"taxable","17":"shipping-taxable","18":"purchasable","19":"product-type-simple"},"yoast_head":"<!-- This site is optimized with the Yoast SEO plugin v27.4 - https:\/\/yoast.com\/product\/yoast-seo-wordpress\/ -->\n<title>Porte cl\u00e9s Stormbreaker de Thor-Avengers - R\u00e9plique Manga Cin\u00e9<\/title>\n<meta name=\"description\" content=\"Porte cl\u00e9s Stormbreaker utilis\u00e9 par Thor dans les Avengers. Les fans de l&#039;univers Marvel vont \u00eatre ravis ! Un cadeau utile\" \/>\n<meta name=\"robots\" content=\"index, follow, max-snippet:-1, max-image-preview:large, max-video-preview:-1\" \/>\n<link rel=\"canonical\" href=\"https:\/\/repliquemangacine.fr\/es\/saldos\/llavero-stormbreaker-de-thor\/\" \/>\n<meta property=\"og:locale\" content=\"es_ES\" \/>\n<meta property=\"og:type\" content=\"article\" \/>\n<meta property=\"og:title\" content=\"Porte cl\u00e9s Stormbreaker de Thor-Avengers - R\u00e9plique Manga Cin\u00e9\" \/>\n<meta property=\"og:description\" content=\"Porte cl\u00e9s Stormbreaker utilis\u00e9 par Thor dans les Avengers. Les fans de l&#039;univers Marvel vont \u00eatre ravis ! Un cadeau utile\" \/>\n<meta property=\"og:url\" content=\"https:\/\/repliquemangacine.fr\/es\/saldos\/llavero-stormbreaker-de-thor\/\" \/>\n<meta property=\"og:site_name\" content=\"R\u00e9plique Manga Cin\u00e9\" \/>\n<meta property=\"article:publisher\" content=\"https:\/\/www.facebook.com\/RepliqueMangaCine\" \/>\n<meta property=\"article:modified_time\" content=\"2025-09-23T16:02:37+00:00\" \/>\n<meta property=\"og:image\" content=\"https:\/\/repliquemangacine.fr\/wp-content\/uploads\/2023\/10\/porte-cles-marteau-hache.jpg\" \/>\n\t<meta property=\"og:image:width\" content=\"800\" \/>\n\t<meta property=\"og:image:height\" content=\"800\" \/>\n\t<meta property=\"og:image:type\" content=\"image\/jpeg\" \/>\n<meta name=\"twitter:card\" content=\"summary_large_image\" \/>\n<meta name=\"twitter:label1\" content=\"Tiempo de lectura\" \/>\n\t<meta name=\"twitter:data1\" content=\"1 minuto\" \/>\n<script type=\"application\/ld+json\" class=\"yoast-schema-graph\">{\"@context\":\"https:\\\/\\\/schema.org\",\"@graph\":[{\"@type\":\"WebPage\",\"@id\":\"https:\\\/\\\/repliquemangacine.fr\\\/soldes\\\/porte-cles-stormbreaker-de-thor\\\/\",\"url\":\"https:\\\/\\\/repliquemangacine.fr\\\/soldes\\\/porte-cles-stormbreaker-de-thor\\\/\",\"name\":\"Porte cl\u00e9s Stormbreaker de Thor-Avengers - R\u00e9plique Manga Cin\u00e9\",\"isPartOf\":{\"@id\":\"https:\\\/\\\/repliquemangacine.fr\\\/#website\"},\"primaryImageOfPage\":{\"@id\":\"https:\\\/\\\/repliquemangacine.fr\\\/soldes\\\/porte-cles-stormbreaker-de-thor\\\/#primaryimage\"},\"image\":{\"@id\":\"https:\\\/\\\/repliquemangacine.fr\\\/soldes\\\/porte-cles-stormbreaker-de-thor\\\/#primaryimage\"},\"thumbnailUrl\":\"https:\\\/\\\/repliquemangacine.fr\\\/wp-content\\\/uploads\\\/2023\\\/10\\\/porte-cles-marteau-hache.jpg\",\"datePublished\":\"2021-07-21T16:56:13+00:00\",\"dateModified\":\"2025-09-23T16:02:37+00:00\",\"description\":\"Porte cl\u00e9s Stormbreaker utilis\u00e9 par Thor dans les Avengers. Les fans de l'univers Marvel vont \u00eatre ravis ! Un cadeau utile\",\"breadcrumb\":{\"@id\":\"https:\\\/\\\/repliquemangacine.fr\\\/soldes\\\/porte-cles-stormbreaker-de-thor\\\/#breadcrumb\"},\"inLanguage\":\"es\",\"potentialAction\":[{\"@type\":\"ReadAction\",\"target\":[\"https:\\\/\\\/repliquemangacine.fr\\\/soldes\\\/porte-cles-stormbreaker-de-thor\\\/\"]}]},{\"@type\":\"ImageObject\",\"inLanguage\":\"es\",\"@id\":\"https:\\\/\\\/repliquemangacine.fr\\\/soldes\\\/porte-cles-stormbreaker-de-thor\\\/#primaryimage\",\"url\":\"https:\\\/\\\/repliquemangacine.fr\\\/wp-content\\\/uploads\\\/2023\\\/10\\\/porte-cles-marteau-hache.jpg\",\"contentUrl\":\"https:\\\/\\\/repliquemangacine.fr\\\/wp-content\\\/uploads\\\/2023\\\/10\\\/porte-cles-marteau-hache.jpg\",\"width\":800,\"height\":800,\"caption\":\"Porte cl\u00e9s Stormbreaker - Thor\"},{\"@type\":\"BreadcrumbList\",\"@id\":\"https:\\\/\\\/repliquemangacine.fr\\\/soldes\\\/porte-cles-stormbreaker-de-thor\\\/#breadcrumb\",\"itemListElement\":[{\"@type\":\"ListItem\",\"position\":1,\"name\":\"Accueil\",\"item\":\"https:\\\/\\\/repliquemangacine.fr\\\/\"},{\"@type\":\"ListItem\",\"position\":2,\"name\":\"Produits\",\"item\":\"https:\\\/\\\/repliquemangacine.fr\\\/boutique\\\/\"},{\"@type\":\"ListItem\",\"position\":3,\"name\":\"Porte cl\u00e9s Stormbreaker de Thor\"}]},{\"@type\":\"WebSite\",\"@id\":\"https:\\\/\\\/repliquemangacine.fr\\\/#website\",\"url\":\"https:\\\/\\\/repliquemangacine.fr\\\/\",\"name\":\"R\u00e9plique Manga Cin\u00e9\",\"description\":\"\",\"publisher\":{\"@id\":\"https:\\\/\\\/repliquemangacine.fr\\\/#organization\"},\"potentialAction\":[{\"@type\":\"SearchAction\",\"target\":{\"@type\":\"EntryPoint\",\"urlTemplate\":\"https:\\\/\\\/repliquemangacine.fr\\\/?s={search_term_string}\"},\"query-input\":{\"@type\":\"PropertyValueSpecification\",\"valueRequired\":true,\"valueName\":\"search_term_string\"}}],\"inLanguage\":\"es\"},{\"@type\":\"Organization\",\"@id\":\"https:\\\/\\\/repliquemangacine.fr\\\/#organization\",\"name\":\"R\u00e9plique Manga Cin\u00e9\",\"url\":\"https:\\\/\\\/repliquemangacine.fr\\\/\",\"logo\":{\"@type\":\"ImageObject\",\"inLanguage\":\"es\",\"@id\":\"https:\\\/\\\/repliquemangacine.fr\\\/#\\\/schema\\\/logo\\\/image\\\/\",\"url\":\"https:\\\/\\\/repliquemangacine.fr\\\/wp-content\\\/uploads\\\/2023\\\/10\\\/RMC-500250.png\",\"contentUrl\":\"https:\\\/\\\/repliquemangacine.fr\\\/wp-content\\\/uploads\\\/2023\\\/10\\\/RMC-500250.png\",\"width\":500,\"height\":250,\"caption\":\"R\u00e9plique Manga Cin\u00e9\"},\"image\":{\"@id\":\"https:\\\/\\\/repliquemangacine.fr\\\/#\\\/schema\\\/logo\\\/image\\\/\"},\"sameAs\":[\"https:\\\/\\\/www.facebook.com\\\/RepliqueMangaCine\",\"https:\\\/\\\/www.instagram.com\\\/repliquemangacine.fr\\\/\"]}]}<\/script>\n<!-- \/ Yoast SEO plugin. -->","yoast_head_json":{"title":"Llavero Stormbreaker de Thor-Avengers - R\u00e9plique Manga Cin\u00e9","description":"Llavero Stormbreaker utilizado por Thor en Los Vengadores. Los fans del universo Marvel estar\u00e1n encantados. Un regalo \u00fatil","robots":{"index":"index","follow":"follow","max-snippet":"max-snippet:-1","max-image-preview":"max-image-preview:large","max-video-preview":"max-video-preview:-1"},"canonical":"https:\/\/repliquemangacine.fr\/es\/saldos\/llavero-stormbreaker-de-thor\/","og_locale":"es_ES","og_type":"article","og_title":"Porte cl\u00e9s Stormbreaker de Thor-Avengers - R\u00e9plique Manga Cin\u00e9","og_description":"Porte cl\u00e9s Stormbreaker utilis\u00e9 par Thor dans les Avengers. Les fans de l'univers Marvel vont \u00eatre ravis ! Un cadeau utile","og_url":"https:\/\/repliquemangacine.fr\/es\/saldos\/llavero-stormbreaker-de-thor\/","og_site_name":"R\u00e9plique Manga Cin\u00e9","article_publisher":"https:\/\/www.facebook.com\/RepliqueMangaCine","article_modified_time":"2025-09-23T16:02:37+00:00","og_image":[{"width":800,"height":800,"url":"https:\/\/repliquemangacine.fr\/wp-content\/uploads\/2023\/10\/porte-cles-marteau-hache.jpg","type":"image\/jpeg"}],"twitter_card":"summary_large_image","twitter_misc":{"Tiempo de lectura":"1 minuto"},"schema":{"@context":"https:\/\/schema.org","@graph":[{"@type":"WebPage","@id":"https:\/\/repliquemangacine.fr\/soldes\/porte-cles-stormbreaker-de-thor\/","url":"https:\/\/repliquemangacine.fr\/soldes\/porte-cles-stormbreaker-de-thor\/","name":"Llavero Stormbreaker de Thor-Avengers - R\u00e9plique Manga Cin\u00e9","isPartOf":{"@id":"https:\/\/repliquemangacine.fr\/#website"},"primaryImageOfPage":{"@id":"https:\/\/repliquemangacine.fr\/soldes\/porte-cles-stormbreaker-de-thor\/#primaryimage"},"image":{"@id":"https:\/\/repliquemangacine.fr\/soldes\/porte-cles-stormbreaker-de-thor\/#primaryimage"},"thumbnailUrl":"https:\/\/repliquemangacine.fr\/wp-content\/uploads\/2023\/10\/porte-cles-marteau-hache.jpg","datePublished":"2021-07-21T16:56:13+00:00","dateModified":"2025-09-23T16:02:37+00:00","description":"Llavero Stormbreaker utilizado por Thor en Los Vengadores. Los fans del universo Marvel estar\u00e1n encantados. Un regalo \u00fatil","breadcrumb":{"@id":"https:\/\/repliquemangacine.fr\/soldes\/porte-cles-stormbreaker-de-thor\/#breadcrumb"},"inLanguage":"es","potentialAction":[{"@type":"ReadAction","target":["https:\/\/repliquemangacine.fr\/soldes\/porte-cles-stormbreaker-de-thor\/"]}]},{"@type":"ImageObject","inLanguage":"es","@id":"https:\/\/repliquemangacine.fr\/soldes\/porte-cles-stormbreaker-de-thor\/#primaryimage","url":"https:\/\/repliquemangacine.fr\/wp-content\/uploads\/2023\/10\/porte-cles-marteau-hache.jpg","contentUrl":"https:\/\/repliquemangacine.fr\/wp-content\/uploads\/2023\/10\/porte-cles-marteau-hache.jpg","width":800,"height":800,"caption":"Porte cl\u00e9s Stormbreaker - Thor"},{"@type":"BreadcrumbList","@id":"https:\/\/repliquemangacine.fr\/soldes\/porte-cles-stormbreaker-de-thor\/#breadcrumb","itemListElement":[{"@type":"ListItem","position":1,"name":"Accueil","item":"https:\/\/repliquemangacine.fr\/"},{"@type":"ListItem","position":2,"name":"Produits","item":"https:\/\/repliquemangacine.fr\/boutique\/"},{"@type":"ListItem","position":3,"name":"Porte cl\u00e9s Stormbreaker de Thor"}]},{"@type":"WebSite","@id":"https:\/\/repliquemangacine.fr\/#website","url":"https:\/\/repliquemangacine.fr\/","name":"R\u00e9plique Manga Cin\u00e9","description":"","publisher":{"@id":"https:\/\/repliquemangacine.fr\/#organization"},"potentialAction":[{"@type":"SearchAction","target":{"@type":"EntryPoint","urlTemplate":"https:\/\/repliquemangacine.fr\/?s={search_term_string}"},"query-input":{"@type":"PropertyValueSpecification","valueRequired":true,"valueName":"search_term_string"}}],"inLanguage":"es"},{"@type":"Organization","@id":"https:\/\/repliquemangacine.fr\/#organization","name":"R\u00e9plique Manga Cin\u00e9","url":"https:\/\/repliquemangacine.fr\/","logo":{"@type":"ImageObject","inLanguage":"es","@id":"https:\/\/repliquemangacine.fr\/#\/schema\/logo\/image\/","url":"https:\/\/repliquemangacine.fr\/wp-content\/uploads\/2023\/10\/RMC-500250.png","contentUrl":"https:\/\/repliquemangacine.fr\/wp-content\/uploads\/2023\/10\/RMC-500250.png","width":500,"height":250,"caption":"R\u00e9plique Manga Cin\u00e9"},"image":{"@id":"https:\/\/repliquemangacine.fr\/#\/schema\/logo\/image\/"},"sameAs":["https:\/\/www.facebook.com\/RepliqueMangaCine","https:\/\/www.instagram.com\/repliquemangacine.fr\/"]}]}},"_links":{"self":[{"href":"https:\/\/repliquemangacine.fr\/es\/wp-json\/wp\/v2\/product\/41410","targetHints":{"allow":["GET"]}}],"collection":[{"href":"https:\/\/repliquemangacine.fr\/es\/wp-json\/wp\/v2\/product"}],"about":[{"href":"https:\/\/repliquemangacine.fr\/es\/wp-json\/wp\/v2\/types\/product"}],"wp:featuredmedia":[{"embeddable":true,"href":"https:\/\/repliquemangacine.fr\/es\/wp-json\/wp\/v2\/media\/41411"}],"wp:attachment":[{"href":"https:\/\/repliquemangacine.fr\/es\/wp-json\/wp\/v2\/media?parent=41410"}],"wp:term":[{"taxonomy":"product_brand","embeddable":true,"href":"https:\/\/repliquemangacine.fr\/es\/wp-json\/wp\/v2\/product_brand?post=41410"},{"taxonomy":"product_cat","embeddable":true,"href":"https:\/\/repliquemangacine.fr\/es\/wp-json\/wp\/v2\/product_cat?post=41410"},{"taxonomy":"product_tag","embeddable":true,"href":"https:\/\/repliquemangacine.fr\/es\/wp-json\/wp\/v2\/product_tag?post=41410"}],"curies":[{"name":"wp","href":"https:\/\/api.w.org\/{rel}","templated":true}]}}