





{"id":41367,"date":"2021-07-20T18:12:07","date_gmt":"2021-07-20T16:12:07","guid":{"rendered":"https:\/\/repliquemangacine.fr\/?post_type=product&#038;p=41367"},"modified":"2026-03-19T05:49:19","modified_gmt":"2026-03-19T04:49:19","slug":"llavero-vikingo-simbolo-v-serie-vikinga","status":"publish","type":"product","link":"https:\/\/repliquemangacine.fr\/es\/porte-cles-goodies\/porte-cles-vikings-symbole-v-serie-viking\/","title":{"rendered":"Llavero Viking V Symbol Viking Series"},"content":{"rendered":"<p>El significado del s\u00edmbolo escandinavo Valknut est\u00e1 relacionado con Wotan y Od\u00edn.<br \/>\nEsta es una magn\u00edfica idea de regalo para los fans de la serie Vikings. Ante todo, es una pieza de colecci\u00f3n, pero tambi\u00e9n se puede utilizar.<\/p>","protected":false},"excerpt":{"rendered":"<p>Magn\u00edfico llavero Vikings de acero inoxidable con aspecto envejecido. Este llavero presenta el s\u00edmbolo de la V, que es el logotipo de la serie de televisi\u00f3n, con un magn\u00edfico acabado.                            La V est\u00e1 sujeta por una minicadena y termina con un llavero. Se entrega en un bl\u00edster con los colores de la serie.<\/p>\n<p>Altura del s\u00edmbolo: 5cm - Longitud total del llavero: 10cm - Peso 20 grs<\/p>","protected":false},"featured_media":41368,"template":"","meta":[],"product_brand":[896],"product_cat":[24,94,96,57],"product_tag":[],"class_list":{"0":"post-41367","1":"product","2":"type-product","3":"status-publish","4":"has-post-thumbnail","6":"product_brand-replique-manga-cine","7":"product_cat-films-series-tv-vente-de-katana-epee-et-produits-derives","8":"product_cat-goodies","9":"product_cat-porte-cles-goodies","10":"product_cat-armes-vikings","12":"first","13":"instock","14":"sale","15":"taxable","16":"shipping-taxable","17":"purchasable","18":"product-type-simple"},"yoast_head":"<!-- This site is optimized with the Yoast SEO plugin v27.4 - https:\/\/yoast.com\/product\/yoast-seo-wordpress\/ -->\n<title>Vikings - Porte-cl\u00e9s symbole de la s\u00e9rie t\u00e9l\u00e9vis\u00e9e - Vente de goodies<\/title>\n<meta name=\"description\" content=\"Retrouvez l&#039;univers de la s\u00e9rie Viking avec ce superbe porte-cl\u00e9s tout en m\u00e9tal vieilli finement travaill\u00e9. Pour les fans de Ragnar Lodbrok.\" \/>\n<meta name=\"robots\" content=\"index, follow, max-snippet:-1, max-image-preview:large, max-video-preview:-1\" \/>\n<link rel=\"canonical\" href=\"https:\/\/repliquemangacine.fr\/es\/llaveros\/llavero-vikingo-simbolo-v-serie-vikinga\/\" \/>\n<meta property=\"og:locale\" content=\"es_ES\" \/>\n<meta property=\"og:type\" content=\"article\" \/>\n<meta property=\"og:title\" content=\"Vikings - Porte-cl\u00e9s symbole de la s\u00e9rie t\u00e9l\u00e9vis\u00e9e - Vente de goodies\" \/>\n<meta property=\"og:description\" content=\"Retrouvez l&#039;univers de la s\u00e9rie Viking avec ce superbe porte-cl\u00e9s tout en m\u00e9tal vieilli finement travaill\u00e9. Pour les fans de Ragnar Lodbrok.\" \/>\n<meta property=\"og:url\" content=\"https:\/\/repliquemangacine.fr\/es\/llaveros\/llavero-vikingo-simbolo-v-serie-vikinga\/\" \/>\n<meta property=\"og:site_name\" content=\"R\u00e9plique Manga Cin\u00e9\" \/>\n<meta property=\"article:publisher\" content=\"https:\/\/www.facebook.com\/RepliqueMangaCine\" \/>\n<meta property=\"article:modified_time\" content=\"2026-03-19T04:49:19+00:00\" \/>\n<meta property=\"og:image\" content=\"https:\/\/repliquemangacine.fr\/wp-content\/uploads\/2023\/10\/porte-cles-viking-.jpg\" \/>\n\t<meta property=\"og:image:width\" content=\"800\" \/>\n\t<meta property=\"og:image:height\" content=\"800\" \/>\n\t<meta property=\"og:image:type\" content=\"image\/jpeg\" \/>\n<meta name=\"twitter:card\" content=\"summary_large_image\" \/>\n<meta name=\"twitter:label1\" content=\"Tiempo de lectura\" \/>\n\t<meta name=\"twitter:data1\" content=\"1 minuto\" \/>\n<script type=\"application\/ld+json\" class=\"yoast-schema-graph\">{\"@context\":\"https:\\\/\\\/schema.org\",\"@graph\":[{\"@type\":\"WebPage\",\"@id\":\"https:\\\/\\\/repliquemangacine.fr\\\/de\\\/schlusselanhanger-goodies\\\/schlusselanhanger-wikinger-symbol-v-serie-viking\\\/\",\"url\":\"https:\\\/\\\/repliquemangacine.fr\\\/de\\\/schlusselanhanger-goodies\\\/schlusselanhanger-wikinger-symbol-v-serie-viking\\\/\",\"name\":\"Vikings - Porte-cl\u00e9s symbole de la s\u00e9rie t\u00e9l\u00e9vis\u00e9e - Vente de goodies\",\"isPartOf\":{\"@id\":\"https:\\\/\\\/repliquemangacine.fr\\\/#website\"},\"primaryImageOfPage\":{\"@id\":\"https:\\\/\\\/repliquemangacine.fr\\\/de\\\/schlusselanhanger-goodies\\\/schlusselanhanger-wikinger-symbol-v-serie-viking\\\/#primaryimage\"},\"image\":{\"@id\":\"https:\\\/\\\/repliquemangacine.fr\\\/de\\\/schlusselanhanger-goodies\\\/schlusselanhanger-wikinger-symbol-v-serie-viking\\\/#primaryimage\"},\"thumbnailUrl\":\"https:\\\/\\\/repliquemangacine.fr\\\/wp-content\\\/uploads\\\/2023\\\/10\\\/porte-cles-viking-.jpg\",\"datePublished\":\"2021-07-20T16:12:07+00:00\",\"dateModified\":\"2026-03-19T04:49:19+00:00\",\"description\":\"Retrouvez l'univers de la s\u00e9rie Viking avec ce superbe porte-cl\u00e9s tout en m\u00e9tal vieilli finement travaill\u00e9. Pour les fans de Ragnar Lodbrok.\",\"breadcrumb\":{\"@id\":\"https:\\\/\\\/repliquemangacine.fr\\\/de\\\/schlusselanhanger-goodies\\\/schlusselanhanger-wikinger-symbol-v-serie-viking\\\/#breadcrumb\"},\"inLanguage\":\"es\",\"potentialAction\":[{\"@type\":\"ReadAction\",\"target\":[\"https:\\\/\\\/repliquemangacine.fr\\\/de\\\/schlusselanhanger-goodies\\\/schlusselanhanger-wikinger-symbol-v-serie-viking\\\/\"]}]},{\"@type\":\"ImageObject\",\"inLanguage\":\"es\",\"@id\":\"https:\\\/\\\/repliquemangacine.fr\\\/de\\\/schlusselanhanger-goodies\\\/schlusselanhanger-wikinger-symbol-v-serie-viking\\\/#primaryimage\",\"url\":\"https:\\\/\\\/repliquemangacine.fr\\\/wp-content\\\/uploads\\\/2023\\\/10\\\/porte-cles-viking-.jpg\",\"contentUrl\":\"https:\\\/\\\/repliquemangacine.fr\\\/wp-content\\\/uploads\\\/2023\\\/10\\\/porte-cles-viking-.jpg\",\"width\":800,\"height\":800,\"caption\":\"Porte-cl\u00e9s-Vikings symbole\"},{\"@type\":\"BreadcrumbList\",\"@id\":\"https:\\\/\\\/repliquemangacine.fr\\\/de\\\/schlusselanhanger-goodies\\\/schlusselanhanger-wikinger-symbol-v-serie-viking\\\/#breadcrumb\",\"itemListElement\":[{\"@type\":\"ListItem\",\"position\":1,\"name\":\"Accueil\",\"item\":\"https:\\\/\\\/repliquemangacine.fr\\\/\"},{\"@type\":\"ListItem\",\"position\":2,\"name\":\"Produits\",\"item\":\"https:\\\/\\\/repliquemangacine.fr\\\/boutique\\\/\"},{\"@type\":\"ListItem\",\"position\":3,\"name\":\"Porte cl\u00e9s Vikings Symbole V S\u00e9rie Viking\"}]},{\"@type\":\"WebSite\",\"@id\":\"https:\\\/\\\/repliquemangacine.fr\\\/#website\",\"url\":\"https:\\\/\\\/repliquemangacine.fr\\\/\",\"name\":\"R\u00e9plique Manga Cin\u00e9\",\"description\":\"\",\"publisher\":{\"@id\":\"https:\\\/\\\/repliquemangacine.fr\\\/#organization\"},\"potentialAction\":[{\"@type\":\"SearchAction\",\"target\":{\"@type\":\"EntryPoint\",\"urlTemplate\":\"https:\\\/\\\/repliquemangacine.fr\\\/?s={search_term_string}\"},\"query-input\":{\"@type\":\"PropertyValueSpecification\",\"valueRequired\":true,\"valueName\":\"search_term_string\"}}],\"inLanguage\":\"es\"},{\"@type\":\"Organization\",\"@id\":\"https:\\\/\\\/repliquemangacine.fr\\\/#organization\",\"name\":\"R\u00e9plique Manga Cin\u00e9\",\"url\":\"https:\\\/\\\/repliquemangacine.fr\\\/\",\"logo\":{\"@type\":\"ImageObject\",\"inLanguage\":\"es\",\"@id\":\"https:\\\/\\\/repliquemangacine.fr\\\/#\\\/schema\\\/logo\\\/image\\\/\",\"url\":\"https:\\\/\\\/repliquemangacine.fr\\\/wp-content\\\/uploads\\\/2023\\\/10\\\/RMC-500250.png\",\"contentUrl\":\"https:\\\/\\\/repliquemangacine.fr\\\/wp-content\\\/uploads\\\/2023\\\/10\\\/RMC-500250.png\",\"width\":500,\"height\":250,\"caption\":\"R\u00e9plique Manga Cin\u00e9\"},\"image\":{\"@id\":\"https:\\\/\\\/repliquemangacine.fr\\\/#\\\/schema\\\/logo\\\/image\\\/\"},\"sameAs\":[\"https:\\\/\\\/www.facebook.com\\\/RepliqueMangaCine\",\"https:\\\/\\\/www.instagram.com\\\/repliquemangacine.fr\\\/\"]}]}<\/script>\n<!-- \/ Yoast SEO plugin. -->","yoast_head_json":{"title":"Vikings - Llavero s\u00edmbolo de la serie de TV - Venta de golosinas","description":"Vuelve al mundo de la serie Vikingos con este magn\u00edfico llavero, todo en metal envejecido finamente trabajado. Para fans de Ragnar Lodbrok.","robots":{"index":"index","follow":"follow","max-snippet":"max-snippet:-1","max-image-preview":"max-image-preview:large","max-video-preview":"max-video-preview:-1"},"canonical":"https:\/\/repliquemangacine.fr\/es\/llaveros\/llavero-vikingo-simbolo-v-serie-vikinga\/","og_locale":"es_ES","og_type":"article","og_title":"Vikings - Porte-cl\u00e9s symbole de la s\u00e9rie t\u00e9l\u00e9vis\u00e9e - Vente de goodies","og_description":"Retrouvez l'univers de la s\u00e9rie Viking avec ce superbe porte-cl\u00e9s tout en m\u00e9tal vieilli finement travaill\u00e9. Pour les fans de Ragnar Lodbrok.","og_url":"https:\/\/repliquemangacine.fr\/es\/llaveros\/llavero-vikingo-simbolo-v-serie-vikinga\/","og_site_name":"R\u00e9plique Manga Cin\u00e9","article_publisher":"https:\/\/www.facebook.com\/RepliqueMangaCine","article_modified_time":"2026-03-19T04:49:19+00:00","og_image":[{"width":800,"height":800,"url":"https:\/\/repliquemangacine.fr\/wp-content\/uploads\/2023\/10\/porte-cles-viking-.jpg","type":"image\/jpeg"}],"twitter_card":"summary_large_image","twitter_misc":{"Tiempo de lectura":"1 minuto"},"schema":{"@context":"https:\/\/schema.org","@graph":[{"@type":"WebPage","@id":"https:\/\/repliquemangacine.fr\/de\/schlusselanhanger-goodies\/schlusselanhanger-wikinger-symbol-v-serie-viking\/","url":"https:\/\/repliquemangacine.fr\/de\/schlusselanhanger-goodies\/schlusselanhanger-wikinger-symbol-v-serie-viking\/","name":"Vikings - Llavero s\u00edmbolo de la serie de TV - Venta de golosinas","isPartOf":{"@id":"https:\/\/repliquemangacine.fr\/#website"},"primaryImageOfPage":{"@id":"https:\/\/repliquemangacine.fr\/de\/schlusselanhanger-goodies\/schlusselanhanger-wikinger-symbol-v-serie-viking\/#primaryimage"},"image":{"@id":"https:\/\/repliquemangacine.fr\/de\/schlusselanhanger-goodies\/schlusselanhanger-wikinger-symbol-v-serie-viking\/#primaryimage"},"thumbnailUrl":"https:\/\/repliquemangacine.fr\/wp-content\/uploads\/2023\/10\/porte-cles-viking-.jpg","datePublished":"2021-07-20T16:12:07+00:00","dateModified":"2026-03-19T04:49:19+00:00","description":"Vuelve al mundo de la serie Vikingos con este magn\u00edfico llavero, todo en metal envejecido finamente trabajado. Para fans de Ragnar Lodbrok.","breadcrumb":{"@id":"https:\/\/repliquemangacine.fr\/de\/schlusselanhanger-goodies\/schlusselanhanger-wikinger-symbol-v-serie-viking\/#breadcrumb"},"inLanguage":"es","potentialAction":[{"@type":"ReadAction","target":["https:\/\/repliquemangacine.fr\/de\/schlusselanhanger-goodies\/schlusselanhanger-wikinger-symbol-v-serie-viking\/"]}]},{"@type":"ImageObject","inLanguage":"es","@id":"https:\/\/repliquemangacine.fr\/de\/schlusselanhanger-goodies\/schlusselanhanger-wikinger-symbol-v-serie-viking\/#primaryimage","url":"https:\/\/repliquemangacine.fr\/wp-content\/uploads\/2023\/10\/porte-cles-viking-.jpg","contentUrl":"https:\/\/repliquemangacine.fr\/wp-content\/uploads\/2023\/10\/porte-cles-viking-.jpg","width":800,"height":800,"caption":"Porte-cl\u00e9s-Vikings symbole"},{"@type":"BreadcrumbList","@id":"https:\/\/repliquemangacine.fr\/de\/schlusselanhanger-goodies\/schlusselanhanger-wikinger-symbol-v-serie-viking\/#breadcrumb","itemListElement":[{"@type":"ListItem","position":1,"name":"Accueil","item":"https:\/\/repliquemangacine.fr\/"},{"@type":"ListItem","position":2,"name":"Produits","item":"https:\/\/repliquemangacine.fr\/boutique\/"},{"@type":"ListItem","position":3,"name":"Porte cl\u00e9s Vikings Symbole V S\u00e9rie Viking"}]},{"@type":"WebSite","@id":"https:\/\/repliquemangacine.fr\/#website","url":"https:\/\/repliquemangacine.fr\/","name":"R\u00e9plique Manga Cin\u00e9","description":"","publisher":{"@id":"https:\/\/repliquemangacine.fr\/#organization"},"potentialAction":[{"@type":"SearchAction","target":{"@type":"EntryPoint","urlTemplate":"https:\/\/repliquemangacine.fr\/?s={search_term_string}"},"query-input":{"@type":"PropertyValueSpecification","valueRequired":true,"valueName":"search_term_string"}}],"inLanguage":"es"},{"@type":"Organization","@id":"https:\/\/repliquemangacine.fr\/#organization","name":"R\u00e9plique Manga Cin\u00e9","url":"https:\/\/repliquemangacine.fr\/","logo":{"@type":"ImageObject","inLanguage":"es","@id":"https:\/\/repliquemangacine.fr\/#\/schema\/logo\/image\/","url":"https:\/\/repliquemangacine.fr\/wp-content\/uploads\/2023\/10\/RMC-500250.png","contentUrl":"https:\/\/repliquemangacine.fr\/wp-content\/uploads\/2023\/10\/RMC-500250.png","width":500,"height":250,"caption":"R\u00e9plique Manga Cin\u00e9"},"image":{"@id":"https:\/\/repliquemangacine.fr\/#\/schema\/logo\/image\/"},"sameAs":["https:\/\/www.facebook.com\/RepliqueMangaCine","https:\/\/www.instagram.com\/repliquemangacine.fr\/"]}]}},"_links":{"self":[{"href":"https:\/\/repliquemangacine.fr\/es\/wp-json\/wp\/v2\/product\/41367","targetHints":{"allow":["GET"]}}],"collection":[{"href":"https:\/\/repliquemangacine.fr\/es\/wp-json\/wp\/v2\/product"}],"about":[{"href":"https:\/\/repliquemangacine.fr\/es\/wp-json\/wp\/v2\/types\/product"}],"wp:featuredmedia":[{"embeddable":true,"href":"https:\/\/repliquemangacine.fr\/es\/wp-json\/wp\/v2\/media\/41368"}],"wp:attachment":[{"href":"https:\/\/repliquemangacine.fr\/es\/wp-json\/wp\/v2\/media?parent=41367"}],"wp:term":[{"taxonomy":"product_brand","embeddable":true,"href":"https:\/\/repliquemangacine.fr\/es\/wp-json\/wp\/v2\/product_brand?post=41367"},{"taxonomy":"product_cat","embeddable":true,"href":"https:\/\/repliquemangacine.fr\/es\/wp-json\/wp\/v2\/product_cat?post=41367"},{"taxonomy":"product_tag","embeddable":true,"href":"https:\/\/repliquemangacine.fr\/es\/wp-json\/wp\/v2\/product_tag?post=41367"}],"curies":[{"name":"wp","href":"https:\/\/api.w.org\/{rel}","templated":true}]}}