





{"id":41364,"date":"2021-07-20T16:59:02","date_gmt":"2021-07-20T14:59:02","guid":{"rendered":"https:\/\/repliquemangacine.fr\/?post_type=product&#038;p=41364"},"modified":"2025-12-16T12:31:35","modified_gmt":"2025-12-16T11:31:35","slug":"llavero-giyu-tomioka","status":"publish","type":"product","link":"https:\/\/repliquemangacine.fr\/es\/porte-cles-goodies\/porte-cles-giyu-tomioka\/","title":{"rendered":"Llavero Giyu Demon Slayer"},"content":{"rendered":"<p>Llavero Giyu Tomioka \u2013 Kimetsu no Yaiba o Demon Slayer cuenta la historia de Tanjiro, un joven cuyo padre ha fallecido. Un d\u00eda, cuando sale a vender carb\u00f3n al pueblo cercano, encuentra a toda su familia asesinada. La \u00fanica superviviente es su hermana, Nezuko, que se ha convertido en demonio. Parece haber conservado algunos pensamientos humanos. (Entrevista realizada por Famdon)<\/p>\n<p>Tanjiro emprender\u00e1 entonces un largo viaje para encontrar la manera de convertir a su hermana de nuevo en humana y vengar a su familia...<\/p>\n<p>Demon Slayer es el manga m\u00e1s vendido en 2019, con m\u00e1s de 12 millones de vol\u00famenes, por delante de One Piece. ( Declaraciones recogidas por <a href=\"https:\/\/kimetsu-no-yaiba.fandom.com\/fr\/wiki\/Wiki_Kimetsu_no_Yaiba\">Fandom<\/a> )<\/p>\n<p>Para concluir, Giyu Tomioka es el primer compa\u00f1ero de viaje de Tanjir\u014d, el Cazador de demonios y el Pilar del Agua.<\/p>\n<p>Tambi\u00e9n te ofrecemos todas las katanas de Demon Slayer. Como la katana de Tanjiro Kamado y su guarda redonda de metal con forma de flor. Tambi\u00e9n est\u00e1 la <a href=\"https:\/\/repliquemangacine.fr\/es\/cazador-de-demonios\/katana-cazademonios-giyu\/\">Katana de Giyu Tomioka<\/a> con su hoja serigrafiada con s\u00edmbolos japoneses que combinar\u00e1 a la perfecci\u00f3n con tu llavero. Y mucho m\u00e1s por descubrir.<\/p>\n<p>Tambi\u00e9n existe, para pasar un rato en familia, el <a href=\"https:\/\/repliquemangacine.fr\/es\/cazador-de-demonios\/puzzle-demon-slayer-1000-pieces-poster\/\">Rompecabezas Cazademonios<\/a> de 1000 unidades con un p\u00f3ster de regalo para los fans.<\/p>\n<p>Aqu\u00ed tienes una  magn\u00edfica idea de regalo para los fans de Demon Slayer: el llavero Giyu Tomioka.<\/p>\n<p>&nbsp;<\/p>","protected":false},"excerpt":{"rendered":"<p>Magn\u00edfico llavero inspirado en el personaje Giyu Tomioka de Demon Slayer.<br \/>\nLa figurita Chibi est\u00e1 hecha de goma blanda, sujeta por una minicadena y rematada con un llavero. Ambas caras son id\u00e9nticas.<br \/>\nSe suministra en bl\u00edster<\/p>\n<p>Altura del personaje: 8.5cm - Longitud total del llavero: 13.5cm - Peso 20 grs<\/p>","protected":false},"featured_media":41365,"template":"","meta":[],"product_brand":[896],"product_cat":[63,94,23,96,101],"product_tag":[],"class_list":{"0":"post-41364","1":"product","2":"type-product","3":"status-publish","4":"has-post-thumbnail","6":"product_brand-replique-manga-cine","7":"product_cat-katana-demon-slayer","8":"product_cat-goodies","9":"product_cat-repliques-manga-jeux-video","10":"product_cat-porte-cles-goodies","11":"product_cat-soldes","13":"first","14":"instock","15":"sale","16":"taxable","17":"shipping-taxable","18":"purchasable","19":"product-type-simple"},"yoast_head":"<!-- This site is optimized with the Yoast SEO plugin v27.4 - https:\/\/yoast.com\/product\/yoast-seo-wordpress\/ -->\n<title>Porte-cl\u00e9s Giyu Tomioka - Chibi Demon Slayer - R\u00e9plique Manga Cin\u00e9<\/title>\n<meta name=\"description\" content=\"Superbe Porte-cl\u00e9s Giyu Tomioka en figurine Chibi en caoutchouc inspir\u00e9 de D\u00e9mon Slayer. Un cadeau bien utile pour les fans.\" \/>\n<meta name=\"robots\" content=\"index, follow, max-snippet:-1, max-image-preview:large, max-video-preview:-1\" \/>\n<link rel=\"canonical\" href=\"https:\/\/repliquemangacine.fr\/es\/saldos\/llavero-giyu-tomioka\/\" \/>\n<meta property=\"og:locale\" content=\"es_ES\" \/>\n<meta property=\"og:type\" content=\"article\" \/>\n<meta property=\"og:title\" content=\"Porte-cl\u00e9s Giyu Tomioka - Chibi Demon Slayer - R\u00e9plique Manga Cin\u00e9\" \/>\n<meta property=\"og:description\" content=\"Superbe Porte-cl\u00e9s Giyu Tomioka en figurine Chibi en caoutchouc inspir\u00e9 de D\u00e9mon Slayer. Un cadeau bien utile pour les fans.\" \/>\n<meta property=\"og:url\" content=\"https:\/\/repliquemangacine.fr\/es\/saldos\/llavero-giyu-tomioka\/\" \/>\n<meta property=\"og:site_name\" content=\"R\u00e9plique Manga Cin\u00e9\" \/>\n<meta property=\"article:publisher\" content=\"https:\/\/www.facebook.com\/RepliqueMangaCine\" \/>\n<meta property=\"article:modified_time\" content=\"2025-12-16T11:31:35+00:00\" \/>\n<meta property=\"og:image\" content=\"https:\/\/repliquemangacine.fr\/wp-content\/uploads\/2023\/10\/porte-cles-demon-slayers-3.jpg\" \/>\n\t<meta property=\"og:image:width\" content=\"800\" \/>\n\t<meta property=\"og:image:height\" content=\"800\" \/>\n\t<meta property=\"og:image:type\" content=\"image\/jpeg\" \/>\n<meta name=\"twitter:card\" content=\"summary_large_image\" \/>\n<meta name=\"twitter:label1\" content=\"Tiempo de lectura\" \/>\n\t<meta name=\"twitter:data1\" content=\"1 minuto\" \/>\n<script type=\"application\/ld+json\" class=\"yoast-schema-graph\">{\"@context\":\"https:\\\/\\\/schema.org\",\"@graph\":[{\"@type\":\"WebPage\",\"@id\":\"https:\\\/\\\/repliquemangacine.fr\\\/soldes\\\/porte-cles-giyu-tomioka\\\/\",\"url\":\"https:\\\/\\\/repliquemangacine.fr\\\/soldes\\\/porte-cles-giyu-tomioka\\\/\",\"name\":\"Porte-cl\u00e9s Giyu Tomioka - Chibi Demon Slayer - R\u00e9plique Manga Cin\u00e9\",\"isPartOf\":{\"@id\":\"https:\\\/\\\/repliquemangacine.fr\\\/#website\"},\"primaryImageOfPage\":{\"@id\":\"https:\\\/\\\/repliquemangacine.fr\\\/soldes\\\/porte-cles-giyu-tomioka\\\/#primaryimage\"},\"image\":{\"@id\":\"https:\\\/\\\/repliquemangacine.fr\\\/soldes\\\/porte-cles-giyu-tomioka\\\/#primaryimage\"},\"thumbnailUrl\":\"https:\\\/\\\/repliquemangacine.fr\\\/wp-content\\\/uploads\\\/2023\\\/10\\\/porte-cles-demon-slayers-3.jpg\",\"datePublished\":\"2021-07-20T14:59:02+00:00\",\"dateModified\":\"2025-12-16T11:31:35+00:00\",\"description\":\"Superbe Porte-cl\u00e9s Giyu Tomioka en figurine Chibi en caoutchouc inspir\u00e9 de D\u00e9mon Slayer. Un cadeau bien utile pour les fans.\",\"breadcrumb\":{\"@id\":\"https:\\\/\\\/repliquemangacine.fr\\\/soldes\\\/porte-cles-giyu-tomioka\\\/#breadcrumb\"},\"inLanguage\":\"es\",\"potentialAction\":[{\"@type\":\"ReadAction\",\"target\":[\"https:\\\/\\\/repliquemangacine.fr\\\/soldes\\\/porte-cles-giyu-tomioka\\\/\"]}]},{\"@type\":\"ImageObject\",\"inLanguage\":\"es\",\"@id\":\"https:\\\/\\\/repliquemangacine.fr\\\/soldes\\\/porte-cles-giyu-tomioka\\\/#primaryimage\",\"url\":\"https:\\\/\\\/repliquemangacine.fr\\\/wp-content\\\/uploads\\\/2023\\\/10\\\/porte-cles-demon-slayers-3.jpg\",\"contentUrl\":\"https:\\\/\\\/repliquemangacine.fr\\\/wp-content\\\/uploads\\\/2023\\\/10\\\/porte-cles-demon-slayers-3.jpg\",\"width\":800,\"height\":800,\"caption\":\"Porte-cl\u00e9s Giyu Tomioka - D\u00e9mon Slayer\"},{\"@type\":\"BreadcrumbList\",\"@id\":\"https:\\\/\\\/repliquemangacine.fr\\\/soldes\\\/porte-cles-giyu-tomioka\\\/#breadcrumb\",\"itemListElement\":[{\"@type\":\"ListItem\",\"position\":1,\"name\":\"Accueil\",\"item\":\"https:\\\/\\\/repliquemangacine.fr\\\/\"},{\"@type\":\"ListItem\",\"position\":2,\"name\":\"Produits\",\"item\":\"https:\\\/\\\/repliquemangacine.fr\\\/boutique\\\/\"},{\"@type\":\"ListItem\",\"position\":3,\"name\":\"Porte-cl\u00e9s Giyu Demon Slayer\"}]},{\"@type\":\"WebSite\",\"@id\":\"https:\\\/\\\/repliquemangacine.fr\\\/#website\",\"url\":\"https:\\\/\\\/repliquemangacine.fr\\\/\",\"name\":\"R\u00e9plique Manga Cin\u00e9\",\"description\":\"\",\"publisher\":{\"@id\":\"https:\\\/\\\/repliquemangacine.fr\\\/#organization\"},\"potentialAction\":[{\"@type\":\"SearchAction\",\"target\":{\"@type\":\"EntryPoint\",\"urlTemplate\":\"https:\\\/\\\/repliquemangacine.fr\\\/?s={search_term_string}\"},\"query-input\":{\"@type\":\"PropertyValueSpecification\",\"valueRequired\":true,\"valueName\":\"search_term_string\"}}],\"inLanguage\":\"es\"},{\"@type\":\"Organization\",\"@id\":\"https:\\\/\\\/repliquemangacine.fr\\\/#organization\",\"name\":\"R\u00e9plique Manga Cin\u00e9\",\"url\":\"https:\\\/\\\/repliquemangacine.fr\\\/\",\"logo\":{\"@type\":\"ImageObject\",\"inLanguage\":\"es\",\"@id\":\"https:\\\/\\\/repliquemangacine.fr\\\/#\\\/schema\\\/logo\\\/image\\\/\",\"url\":\"https:\\\/\\\/repliquemangacine.fr\\\/wp-content\\\/uploads\\\/2023\\\/10\\\/RMC-500250.png\",\"contentUrl\":\"https:\\\/\\\/repliquemangacine.fr\\\/wp-content\\\/uploads\\\/2023\\\/10\\\/RMC-500250.png\",\"width\":500,\"height\":250,\"caption\":\"R\u00e9plique Manga Cin\u00e9\"},\"image\":{\"@id\":\"https:\\\/\\\/repliquemangacine.fr\\\/#\\\/schema\\\/logo\\\/image\\\/\"},\"sameAs\":[\"https:\\\/\\\/www.facebook.com\\\/RepliqueMangaCine\",\"https:\\\/\\\/www.instagram.com\\\/repliquemangacine.fr\\\/\"]}]}<\/script>\n<!-- \/ Yoast SEO plugin. -->","yoast_head_json":{"title":"Llavero Giyu Tomioka - Chibi Demon Slayer - R\u00e9plique Manga Cin\u00e9","description":"Magn\u00edfico llavero Chibi de goma de Giyu Tomioka inspirado en Demon Slayer. Un regalo \u00fatil para los fans.","robots":{"index":"index","follow":"follow","max-snippet":"max-snippet:-1","max-image-preview":"max-image-preview:large","max-video-preview":"max-video-preview:-1"},"canonical":"https:\/\/repliquemangacine.fr\/es\/saldos\/llavero-giyu-tomioka\/","og_locale":"es_ES","og_type":"article","og_title":"Porte-cl\u00e9s Giyu Tomioka - Chibi Demon Slayer - R\u00e9plique Manga Cin\u00e9","og_description":"Superbe Porte-cl\u00e9s Giyu Tomioka en figurine Chibi en caoutchouc inspir\u00e9 de D\u00e9mon Slayer. Un cadeau bien utile pour les fans.","og_url":"https:\/\/repliquemangacine.fr\/es\/saldos\/llavero-giyu-tomioka\/","og_site_name":"R\u00e9plique Manga Cin\u00e9","article_publisher":"https:\/\/www.facebook.com\/RepliqueMangaCine","article_modified_time":"2025-12-16T11:31:35+00:00","og_image":[{"width":800,"height":800,"url":"https:\/\/repliquemangacine.fr\/wp-content\/uploads\/2023\/10\/porte-cles-demon-slayers-3.jpg","type":"image\/jpeg"}],"twitter_card":"summary_large_image","twitter_misc":{"Tiempo de lectura":"1 minuto"},"schema":{"@context":"https:\/\/schema.org","@graph":[{"@type":"WebPage","@id":"https:\/\/repliquemangacine.fr\/soldes\/porte-cles-giyu-tomioka\/","url":"https:\/\/repliquemangacine.fr\/soldes\/porte-cles-giyu-tomioka\/","name":"Llavero Giyu Tomioka - Chibi Demon Slayer - R\u00e9plique Manga Cin\u00e9","isPartOf":{"@id":"https:\/\/repliquemangacine.fr\/#website"},"primaryImageOfPage":{"@id":"https:\/\/repliquemangacine.fr\/soldes\/porte-cles-giyu-tomioka\/#primaryimage"},"image":{"@id":"https:\/\/repliquemangacine.fr\/soldes\/porte-cles-giyu-tomioka\/#primaryimage"},"thumbnailUrl":"https:\/\/repliquemangacine.fr\/wp-content\/uploads\/2023\/10\/porte-cles-demon-slayers-3.jpg","datePublished":"2021-07-20T14:59:02+00:00","dateModified":"2025-12-16T11:31:35+00:00","description":"Magn\u00edfico llavero Chibi de goma de Giyu Tomioka inspirado en Demon Slayer. Un regalo \u00fatil para los fans.","breadcrumb":{"@id":"https:\/\/repliquemangacine.fr\/soldes\/porte-cles-giyu-tomioka\/#breadcrumb"},"inLanguage":"es","potentialAction":[{"@type":"ReadAction","target":["https:\/\/repliquemangacine.fr\/soldes\/porte-cles-giyu-tomioka\/"]}]},{"@type":"ImageObject","inLanguage":"es","@id":"https:\/\/repliquemangacine.fr\/soldes\/porte-cles-giyu-tomioka\/#primaryimage","url":"https:\/\/repliquemangacine.fr\/wp-content\/uploads\/2023\/10\/porte-cles-demon-slayers-3.jpg","contentUrl":"https:\/\/repliquemangacine.fr\/wp-content\/uploads\/2023\/10\/porte-cles-demon-slayers-3.jpg","width":800,"height":800,"caption":"Porte-cl\u00e9s Giyu Tomioka - D\u00e9mon Slayer"},{"@type":"BreadcrumbList","@id":"https:\/\/repliquemangacine.fr\/soldes\/porte-cles-giyu-tomioka\/#breadcrumb","itemListElement":[{"@type":"ListItem","position":1,"name":"Accueil","item":"https:\/\/repliquemangacine.fr\/"},{"@type":"ListItem","position":2,"name":"Produits","item":"https:\/\/repliquemangacine.fr\/boutique\/"},{"@type":"ListItem","position":3,"name":"Porte-cl\u00e9s Giyu Demon Slayer"}]},{"@type":"WebSite","@id":"https:\/\/repliquemangacine.fr\/#website","url":"https:\/\/repliquemangacine.fr\/","name":"R\u00e9plique Manga Cin\u00e9","description":"","publisher":{"@id":"https:\/\/repliquemangacine.fr\/#organization"},"potentialAction":[{"@type":"SearchAction","target":{"@type":"EntryPoint","urlTemplate":"https:\/\/repliquemangacine.fr\/?s={search_term_string}"},"query-input":{"@type":"PropertyValueSpecification","valueRequired":true,"valueName":"search_term_string"}}],"inLanguage":"es"},{"@type":"Organization","@id":"https:\/\/repliquemangacine.fr\/#organization","name":"R\u00e9plique Manga Cin\u00e9","url":"https:\/\/repliquemangacine.fr\/","logo":{"@type":"ImageObject","inLanguage":"es","@id":"https:\/\/repliquemangacine.fr\/#\/schema\/logo\/image\/","url":"https:\/\/repliquemangacine.fr\/wp-content\/uploads\/2023\/10\/RMC-500250.png","contentUrl":"https:\/\/repliquemangacine.fr\/wp-content\/uploads\/2023\/10\/RMC-500250.png","width":500,"height":250,"caption":"R\u00e9plique Manga Cin\u00e9"},"image":{"@id":"https:\/\/repliquemangacine.fr\/#\/schema\/logo\/image\/"},"sameAs":["https:\/\/www.facebook.com\/RepliqueMangaCine","https:\/\/www.instagram.com\/repliquemangacine.fr\/"]}]}},"_links":{"self":[{"href":"https:\/\/repliquemangacine.fr\/es\/wp-json\/wp\/v2\/product\/41364","targetHints":{"allow":["GET"]}}],"collection":[{"href":"https:\/\/repliquemangacine.fr\/es\/wp-json\/wp\/v2\/product"}],"about":[{"href":"https:\/\/repliquemangacine.fr\/es\/wp-json\/wp\/v2\/types\/product"}],"wp:featuredmedia":[{"embeddable":true,"href":"https:\/\/repliquemangacine.fr\/es\/wp-json\/wp\/v2\/media\/41365"}],"wp:attachment":[{"href":"https:\/\/repliquemangacine.fr\/es\/wp-json\/wp\/v2\/media?parent=41364"}],"wp:term":[{"taxonomy":"product_brand","embeddable":true,"href":"https:\/\/repliquemangacine.fr\/es\/wp-json\/wp\/v2\/product_brand?post=41364"},{"taxonomy":"product_cat","embeddable":true,"href":"https:\/\/repliquemangacine.fr\/es\/wp-json\/wp\/v2\/product_cat?post=41364"},{"taxonomy":"product_tag","embeddable":true,"href":"https:\/\/repliquemangacine.fr\/es\/wp-json\/wp\/v2\/product_tag?post=41364"}],"curies":[{"name":"wp","href":"https:\/\/api.w.org\/{rel}","templated":true}]}}