





{"id":41361,"date":"2021-07-20T16:47:50","date_gmt":"2021-07-20T14:47:50","guid":{"rendered":"https:\/\/repliquemangacine.fr\/?post_type=product&#038;p=41361"},"modified":"2025-09-23T18:02:36","modified_gmt":"2025-09-23T16:02:36","slug":"tanjiro-kamado-llavero-demon-slayer","status":"publish","type":"product","link":"https:\/\/repliquemangacine.fr\/es\/porte-cles-goodies\/porte-cles-tanjiro-kamado-demon-slayer\/","title":{"rendered":"Llavero Tanjiro Kamado"},"content":{"rendered":"<p>Llavero Tanjiro Kamado \u2013 Kimetsu no Yaiba o Demon Slayer cuenta la historia de Tanjiro, un joven cuyo padre ha fallecido. Un d\u00eda, cuando sale a vender carb\u00f3n al pueblo cercano, encuentra a toda su familia asesinada. La \u00fanica superviviente es su hermana, Nezuko, que se ha convertido en un demonio. Parece que ha conservado algunos pensamientos humanos. (Entrevista realizada por Famdon). Tanjiro emprender\u00e1 entonces un largo viaje para encontrar la manera de volver a convertir a su hermana en humana y tambi\u00e9n para vengar a su familia...<\/p>\n<p>Demon Slayer es el manga m\u00e1s vendido en 2019, con m\u00e1s de 12 millones de vol\u00famenes, por delante de One Piece. ( Declaraciones recogidas por <a href=\"https:\/\/kimetsu-no-yaiba.fandom.com\/fr\/wiki\/Tanjiro_Kamado\">Fandom<\/a> )<\/p>\n<p>Para concluir, Tanjiro Kamado es el personaje principal de Demon Slayer, especializado en el aliento de agua.<\/p>\n<p>Tambi\u00e9n te ofrecemos todas las katanas de Demon Slayer. Como la <a href=\"https:\/\/repliquemangacine.fr\/es\/cazador-de-demonios\/katana-tanjiro-kamado-demon-slayer\/\">Katana de Tanjiro Kamado<\/a> y su guarda redonda de metal en forma de flor, que combinar\u00e1 de maravilla con tu llavero. Tambi\u00e9n est\u00e1 el <a href=\"https:\/\/repliquemangacine.fr\/es\/cazador-de-demonios\/katana-mitsuri-kanroji-cazademonios\/\">Katana Mitsuri Kanroji<\/a> y su hoja negra con una onda rosa, as\u00ed como una serigraf\u00eda de s\u00edmbolos japoneses. Y mucho m\u00e1s por descubrir.<\/p>\n<p>Tambi\u00e9n existe, para pasar un rato en familia, el <a href=\"https:\/\/repliquemangacine.fr\/es\/cazador-de-demonios\/puzzle-demon-slayer-1000-pieces-poster\/\">Rompecabezas Cazademonios<\/a> de 1000 unidades con un p\u00f3ster de regalo para los fans.<\/p>\n<p>Aqu\u00ed tienes una  magn\u00edfica idea de regalo: este llavero de Tanjiro Kamado para los fans de Demon Slayer.<\/p>","protected":false},"excerpt":{"rendered":"<p>Magn\u00edfico llavero inspirado en el personaje Tanjir\u014d Kamado de Demon Slayer.<\/p>\n<p>La figurita Chibi est\u00e1 hecha de goma blanda, sujeta por una minicadena y rematada con un llavero.<\/p>\n<p>Ambos lados son id\u00e9nticos.<\/p>\n<p>Se suministra en bl\u00edster<\/p>\n<p>Altura del personaje: 8.5cm - Longitud total del llavero: 13.5cm - Peso 20 grs<\/p>","protected":false},"featured_media":41362,"template":"","meta":[],"product_brand":[896],"product_cat":[63,94,23,96],"product_tag":[],"class_list":{"0":"post-41361","1":"product","2":"type-product","3":"status-publish","4":"has-post-thumbnail","6":"product_brand-replique-manga-cine","7":"product_cat-katana-demon-slayer","8":"product_cat-goodies","9":"product_cat-repliques-manga-jeux-video","10":"product_cat-porte-cles-goodies","12":"first","13":"instock","14":"sale","15":"taxable","16":"shipping-taxable","17":"purchasable","18":"product-type-simple"},"yoast_head":"<!-- This site is optimized with the Yoast SEO plugin v27.4 - https:\/\/yoast.com\/product\/yoast-seo-wordpress\/ -->\n<title>Porte-cl\u00e9s Tanjiro Kamado - Figurine Chibi - R\u00e9plique Manga Cin\u00e9<\/title>\n<meta name=\"description\" content=\"Voil\u00e0 un petit cadeau bien utile ! Ce Porte-cl\u00e9s Tanjiro Kamado figurine Chibi ravira tous les fans ! Livr\u00e9 avec son blister...\" \/>\n<meta name=\"robots\" content=\"index, follow, max-snippet:-1, max-image-preview:large, max-video-preview:-1\" \/>\n<link rel=\"canonical\" href=\"https:\/\/repliquemangacine.fr\/es\/llaveros\/tanjiro-kamado-llavero-demon-slayer\/\" \/>\n<meta property=\"og:locale\" content=\"es_ES\" \/>\n<meta property=\"og:type\" content=\"article\" \/>\n<meta property=\"og:title\" content=\"Porte-cl\u00e9s Tanjiro Kamado - Figurine Chibi - R\u00e9plique Manga Cin\u00e9\" \/>\n<meta property=\"og:description\" content=\"Voil\u00e0 un petit cadeau bien utile ! Ce Porte-cl\u00e9s Tanjiro Kamado figurine Chibi ravira tous les fans ! Livr\u00e9 avec son blister...\" \/>\n<meta property=\"og:url\" content=\"https:\/\/repliquemangacine.fr\/es\/llaveros\/tanjiro-kamado-llavero-demon-slayer\/\" \/>\n<meta property=\"og:site_name\" content=\"R\u00e9plique Manga Cin\u00e9\" \/>\n<meta property=\"article:publisher\" content=\"https:\/\/www.facebook.com\/RepliqueMangaCine\" \/>\n<meta property=\"article:modified_time\" content=\"2025-09-23T16:02:36+00:00\" \/>\n<meta property=\"og:image\" content=\"https:\/\/repliquemangacine.fr\/wp-content\/uploads\/2023\/10\/porte-cles-demon-slayers-2.jpg\" \/>\n\t<meta property=\"og:image:width\" content=\"800\" \/>\n\t<meta property=\"og:image:height\" content=\"800\" \/>\n\t<meta property=\"og:image:type\" content=\"image\/jpeg\" \/>\n<meta name=\"twitter:card\" content=\"summary_large_image\" \/>\n<meta name=\"twitter:label1\" content=\"Tiempo de lectura\" \/>\n\t<meta name=\"twitter:data1\" content=\"1 minuto\" \/>\n<script type=\"application\/ld+json\" class=\"yoast-schema-graph\">{\"@context\":\"https:\\\/\\\/schema.org\",\"@graph\":[{\"@type\":\"WebPage\",\"@id\":\"https:\\\/\\\/repliquemangacine.fr\\\/porte-cles-goodies\\\/porte-cles-tanjiro-kamado-demon-slayer\\\/\",\"url\":\"https:\\\/\\\/repliquemangacine.fr\\\/porte-cles-goodies\\\/porte-cles-tanjiro-kamado-demon-slayer\\\/\",\"name\":\"Porte-cl\u00e9s Tanjiro Kamado - Figurine Chibi - R\u00e9plique Manga Cin\u00e9\",\"isPartOf\":{\"@id\":\"https:\\\/\\\/repliquemangacine.fr\\\/#website\"},\"primaryImageOfPage\":{\"@id\":\"https:\\\/\\\/repliquemangacine.fr\\\/porte-cles-goodies\\\/porte-cles-tanjiro-kamado-demon-slayer\\\/#primaryimage\"},\"image\":{\"@id\":\"https:\\\/\\\/repliquemangacine.fr\\\/porte-cles-goodies\\\/porte-cles-tanjiro-kamado-demon-slayer\\\/#primaryimage\"},\"thumbnailUrl\":\"https:\\\/\\\/repliquemangacine.fr\\\/wp-content\\\/uploads\\\/2023\\\/10\\\/porte-cles-demon-slayers-2.jpg\",\"datePublished\":\"2021-07-20T14:47:50+00:00\",\"dateModified\":\"2025-09-23T16:02:36+00:00\",\"description\":\"Voil\u00e0 un petit cadeau bien utile ! Ce Porte-cl\u00e9s Tanjiro Kamado figurine Chibi ravira tous les fans ! Livr\u00e9 avec son blister...\",\"breadcrumb\":{\"@id\":\"https:\\\/\\\/repliquemangacine.fr\\\/porte-cles-goodies\\\/porte-cles-tanjiro-kamado-demon-slayer\\\/#breadcrumb\"},\"inLanguage\":\"es\",\"potentialAction\":[{\"@type\":\"ReadAction\",\"target\":[\"https:\\\/\\\/repliquemangacine.fr\\\/porte-cles-goodies\\\/porte-cles-tanjiro-kamado-demon-slayer\\\/\"]}]},{\"@type\":\"ImageObject\",\"inLanguage\":\"es\",\"@id\":\"https:\\\/\\\/repliquemangacine.fr\\\/porte-cles-goodies\\\/porte-cles-tanjiro-kamado-demon-slayer\\\/#primaryimage\",\"url\":\"https:\\\/\\\/repliquemangacine.fr\\\/wp-content\\\/uploads\\\/2023\\\/10\\\/porte-cles-demon-slayers-2.jpg\",\"contentUrl\":\"https:\\\/\\\/repliquemangacine.fr\\\/wp-content\\\/uploads\\\/2023\\\/10\\\/porte-cles-demon-slayers-2.jpg\",\"width\":800,\"height\":800,\"caption\":\"Porte-cl\u00e9s Tanjir\u014d Kamado Demon slayer\"},{\"@type\":\"BreadcrumbList\",\"@id\":\"https:\\\/\\\/repliquemangacine.fr\\\/porte-cles-goodies\\\/porte-cles-tanjiro-kamado-demon-slayer\\\/#breadcrumb\",\"itemListElement\":[{\"@type\":\"ListItem\",\"position\":1,\"name\":\"Accueil\",\"item\":\"https:\\\/\\\/repliquemangacine.fr\\\/\"},{\"@type\":\"ListItem\",\"position\":2,\"name\":\"Produits\",\"item\":\"https:\\\/\\\/repliquemangacine.fr\\\/boutique\\\/\"},{\"@type\":\"ListItem\",\"position\":3,\"name\":\"Porte-cl\u00e9s Tanjiro Kamado\"}]},{\"@type\":\"WebSite\",\"@id\":\"https:\\\/\\\/repliquemangacine.fr\\\/#website\",\"url\":\"https:\\\/\\\/repliquemangacine.fr\\\/\",\"name\":\"R\u00e9plique Manga Cin\u00e9\",\"description\":\"\",\"publisher\":{\"@id\":\"https:\\\/\\\/repliquemangacine.fr\\\/#organization\"},\"potentialAction\":[{\"@type\":\"SearchAction\",\"target\":{\"@type\":\"EntryPoint\",\"urlTemplate\":\"https:\\\/\\\/repliquemangacine.fr\\\/?s={search_term_string}\"},\"query-input\":{\"@type\":\"PropertyValueSpecification\",\"valueRequired\":true,\"valueName\":\"search_term_string\"}}],\"inLanguage\":\"es\"},{\"@type\":\"Organization\",\"@id\":\"https:\\\/\\\/repliquemangacine.fr\\\/#organization\",\"name\":\"R\u00e9plique Manga Cin\u00e9\",\"url\":\"https:\\\/\\\/repliquemangacine.fr\\\/\",\"logo\":{\"@type\":\"ImageObject\",\"inLanguage\":\"es\",\"@id\":\"https:\\\/\\\/repliquemangacine.fr\\\/#\\\/schema\\\/logo\\\/image\\\/\",\"url\":\"https:\\\/\\\/repliquemangacine.fr\\\/wp-content\\\/uploads\\\/2023\\\/10\\\/RMC-500250.png\",\"contentUrl\":\"https:\\\/\\\/repliquemangacine.fr\\\/wp-content\\\/uploads\\\/2023\\\/10\\\/RMC-500250.png\",\"width\":500,\"height\":250,\"caption\":\"R\u00e9plique Manga Cin\u00e9\"},\"image\":{\"@id\":\"https:\\\/\\\/repliquemangacine.fr\\\/#\\\/schema\\\/logo\\\/image\\\/\"},\"sameAs\":[\"https:\\\/\\\/www.facebook.com\\\/RepliqueMangaCine\",\"https:\\\/\\\/www.instagram.com\\\/repliquemangacine.fr\\\/\"]}]}<\/script>\n<!-- \/ Yoast SEO plugin. -->","yoast_head_json":{"title":"Llavero Tanjiro Kamado - Figura chibi - R\u00e9plique Manga Cin\u00e9","description":"\u00a1Aqu\u00ed tienes un regalito muy \u00fatil! Este llavero en forma de figurita de Tanjiro Kamado Chibi har\u00e1 las delicias de todos los fans. Se entrega en su propio bl\u00edster...","robots":{"index":"index","follow":"follow","max-snippet":"max-snippet:-1","max-image-preview":"max-image-preview:large","max-video-preview":"max-video-preview:-1"},"canonical":"https:\/\/repliquemangacine.fr\/es\/llaveros\/tanjiro-kamado-llavero-demon-slayer\/","og_locale":"es_ES","og_type":"article","og_title":"Porte-cl\u00e9s Tanjiro Kamado - Figurine Chibi - R\u00e9plique Manga Cin\u00e9","og_description":"Voil\u00e0 un petit cadeau bien utile ! Ce Porte-cl\u00e9s Tanjiro Kamado figurine Chibi ravira tous les fans ! Livr\u00e9 avec son blister...","og_url":"https:\/\/repliquemangacine.fr\/es\/llaveros\/tanjiro-kamado-llavero-demon-slayer\/","og_site_name":"R\u00e9plique Manga Cin\u00e9","article_publisher":"https:\/\/www.facebook.com\/RepliqueMangaCine","article_modified_time":"2025-09-23T16:02:36+00:00","og_image":[{"width":800,"height":800,"url":"https:\/\/repliquemangacine.fr\/wp-content\/uploads\/2023\/10\/porte-cles-demon-slayers-2.jpg","type":"image\/jpeg"}],"twitter_card":"summary_large_image","twitter_misc":{"Tiempo de lectura":"1 minuto"},"schema":{"@context":"https:\/\/schema.org","@graph":[{"@type":"WebPage","@id":"https:\/\/repliquemangacine.fr\/porte-cles-goodies\/porte-cles-tanjiro-kamado-demon-slayer\/","url":"https:\/\/repliquemangacine.fr\/porte-cles-goodies\/porte-cles-tanjiro-kamado-demon-slayer\/","name":"Llavero Tanjiro Kamado - Figura chibi - R\u00e9plique Manga Cin\u00e9","isPartOf":{"@id":"https:\/\/repliquemangacine.fr\/#website"},"primaryImageOfPage":{"@id":"https:\/\/repliquemangacine.fr\/porte-cles-goodies\/porte-cles-tanjiro-kamado-demon-slayer\/#primaryimage"},"image":{"@id":"https:\/\/repliquemangacine.fr\/porte-cles-goodies\/porte-cles-tanjiro-kamado-demon-slayer\/#primaryimage"},"thumbnailUrl":"https:\/\/repliquemangacine.fr\/wp-content\/uploads\/2023\/10\/porte-cles-demon-slayers-2.jpg","datePublished":"2021-07-20T14:47:50+00:00","dateModified":"2025-09-23T16:02:36+00:00","description":"\u00a1Aqu\u00ed tienes un regalito muy \u00fatil! Este llavero en forma de figurita de Tanjiro Kamado Chibi har\u00e1 las delicias de todos los fans. Se entrega en su propio bl\u00edster...","breadcrumb":{"@id":"https:\/\/repliquemangacine.fr\/porte-cles-goodies\/porte-cles-tanjiro-kamado-demon-slayer\/#breadcrumb"},"inLanguage":"es","potentialAction":[{"@type":"ReadAction","target":["https:\/\/repliquemangacine.fr\/porte-cles-goodies\/porte-cles-tanjiro-kamado-demon-slayer\/"]}]},{"@type":"ImageObject","inLanguage":"es","@id":"https:\/\/repliquemangacine.fr\/porte-cles-goodies\/porte-cles-tanjiro-kamado-demon-slayer\/#primaryimage","url":"https:\/\/repliquemangacine.fr\/wp-content\/uploads\/2023\/10\/porte-cles-demon-slayers-2.jpg","contentUrl":"https:\/\/repliquemangacine.fr\/wp-content\/uploads\/2023\/10\/porte-cles-demon-slayers-2.jpg","width":800,"height":800,"caption":"Porte-cl\u00e9s Tanjir\u014d Kamado Demon slayer"},{"@type":"BreadcrumbList","@id":"https:\/\/repliquemangacine.fr\/porte-cles-goodies\/porte-cles-tanjiro-kamado-demon-slayer\/#breadcrumb","itemListElement":[{"@type":"ListItem","position":1,"name":"Accueil","item":"https:\/\/repliquemangacine.fr\/"},{"@type":"ListItem","position":2,"name":"Produits","item":"https:\/\/repliquemangacine.fr\/boutique\/"},{"@type":"ListItem","position":3,"name":"Porte-cl\u00e9s Tanjiro Kamado"}]},{"@type":"WebSite","@id":"https:\/\/repliquemangacine.fr\/#website","url":"https:\/\/repliquemangacine.fr\/","name":"R\u00e9plique Manga Cin\u00e9","description":"","publisher":{"@id":"https:\/\/repliquemangacine.fr\/#organization"},"potentialAction":[{"@type":"SearchAction","target":{"@type":"EntryPoint","urlTemplate":"https:\/\/repliquemangacine.fr\/?s={search_term_string}"},"query-input":{"@type":"PropertyValueSpecification","valueRequired":true,"valueName":"search_term_string"}}],"inLanguage":"es"},{"@type":"Organization","@id":"https:\/\/repliquemangacine.fr\/#organization","name":"R\u00e9plique Manga Cin\u00e9","url":"https:\/\/repliquemangacine.fr\/","logo":{"@type":"ImageObject","inLanguage":"es","@id":"https:\/\/repliquemangacine.fr\/#\/schema\/logo\/image\/","url":"https:\/\/repliquemangacine.fr\/wp-content\/uploads\/2023\/10\/RMC-500250.png","contentUrl":"https:\/\/repliquemangacine.fr\/wp-content\/uploads\/2023\/10\/RMC-500250.png","width":500,"height":250,"caption":"R\u00e9plique Manga Cin\u00e9"},"image":{"@id":"https:\/\/repliquemangacine.fr\/#\/schema\/logo\/image\/"},"sameAs":["https:\/\/www.facebook.com\/RepliqueMangaCine","https:\/\/www.instagram.com\/repliquemangacine.fr\/"]}]}},"_links":{"self":[{"href":"https:\/\/repliquemangacine.fr\/es\/wp-json\/wp\/v2\/product\/41361","targetHints":{"allow":["GET"]}}],"collection":[{"href":"https:\/\/repliquemangacine.fr\/es\/wp-json\/wp\/v2\/product"}],"about":[{"href":"https:\/\/repliquemangacine.fr\/es\/wp-json\/wp\/v2\/types\/product"}],"wp:featuredmedia":[{"embeddable":true,"href":"https:\/\/repliquemangacine.fr\/es\/wp-json\/wp\/v2\/media\/41362"}],"wp:attachment":[{"href":"https:\/\/repliquemangacine.fr\/es\/wp-json\/wp\/v2\/media?parent=41361"}],"wp:term":[{"taxonomy":"product_brand","embeddable":true,"href":"https:\/\/repliquemangacine.fr\/es\/wp-json\/wp\/v2\/product_brand?post=41361"},{"taxonomy":"product_cat","embeddable":true,"href":"https:\/\/repliquemangacine.fr\/es\/wp-json\/wp\/v2\/product_cat?post=41361"},{"taxonomy":"product_tag","embeddable":true,"href":"https:\/\/repliquemangacine.fr\/es\/wp-json\/wp\/v2\/product_tag?post=41361"}],"curies":[{"name":"wp","href":"https:\/\/api.w.org\/{rel}","templated":true}]}}