





{"id":41355,"date":"2021-07-20T16:29:10","date_gmt":"2021-07-20T14:29:10","guid":{"rendered":"https:\/\/repliquemangacine.fr\/?post_type=product&#038;p=41355"},"modified":"2025-09-23T18:02:36","modified_gmt":"2025-09-23T16:02:36","slug":"inosuke-hashibira-llavero-demon-slayer","status":"publish","type":"product","link":"https:\/\/repliquemangacine.fr\/es\/porte-cles-goodies\/porte-cles-inosuke-hashibira-demon-slayer\/","title":{"rendered":"Llavero Inosuke Hashibira"},"content":{"rendered":"<p>Porte-cl\u00e9s Inosuke Hashibira - Kimetsu no Yaiba o Demon Slayer cuenta la historia de Tanjiro. Tanjiro es un joven cuyo padre ha muerto. Un d\u00eda, cuando va a vender carb\u00f3n a un pueblo cercano, encuentra a toda su familia asesinada. La \u00fanica superviviente es su hermana, Nezuko, que ha sido transformada en demonio. Parece haber conservado algunos pensamientos humanos. ( Entrevista realizada por <a href=\"https:\/\/kimetsu-no-yaiba.fandom.com\/fr\/wiki\/Inosuke_Hashibira\">Fandom<\/a> ).<\/p>\n<p>Tanjiro emprender\u00e1 entonces un largo viaje para encontrar la manera de convertir a su hermana de nuevo en humana y vengar a su familia...<\/p>\n<p>Cabe destacar que Demon Slayer es el manga m\u00e1s vendido en 2019, con m\u00e1s de 12 millones de vol\u00famenes, por delante de One Piece. ( Entrevista realizada por Fandom )<\/p>\n<p>Para concluir, Inosuke Hashibira es el compa\u00f1ero de viaje de Tanjir\u014d, es col\u00e9rico y orgulloso. Su estilo de lucha es \u201cel aliento de la bestia\u201d.\u201d<\/p>\n<p>Tambi\u00e9n te ofrecemos todas las katanas de Demon Slayer. Como la <a href=\"https:\/\/repliquemangacine.fr\/es\/cazador-de-demonios\/katana-tanjiro-kamado-demon-slayer\/\">Katana de Tanjiro Kamado<\/a> y su protector met\u00e1lico redondo en forma de flor. Tambi\u00e9n est\u00e1 el <a href=\"https:\/\/repliquemangacine.fr\/es\/cazador-de-demonios\/katana-de-inosuke-hashibira-cazademonios\/\">katana Inosuke Hashibira<\/a> con su hoja llena de muescas, que quedar\u00e1 genial con tu llavero. Y mucho m\u00e1s por descubrir.<\/p>\n<p>Tambi\u00e9n existe, para pasar un rato en familia, el <a href=\"https:\/\/repliquemangacine.fr\/es\/cazador-de-demonios\/puzzle-demon-slayer-1000-pieces-poster\/\">Rompecabezas Cazademonios<\/a> de 1000 unidades con un p\u00f3ster de regalo para los fans.<\/p>\n<p>Aqu\u00ed tienes una idea estupenda para regalar: este llavero de Inosuke Hashibira para los fans de Demon Slayer.<\/p>","protected":false},"excerpt":{"rendered":"<p>Magn\u00edfico llavero inspirado en el personaje Inosuke Hashibira de Demon Slayer.<br \/>\nLa figurita Chibi est\u00e1 hecha de goma blanda, sujeta por una minicadena y rematada con un llavero. Ambas caras son id\u00e9nticas.<br \/>\nSe suministra en bl\u00edster<\/p>\n<p>Altura del personaje: 8.5cm - Longitud total del llavero: 13.5cm - Peso 20 grs<\/p>","protected":false},"featured_media":41356,"template":"","meta":[],"product_brand":[896],"product_cat":[63,94,23,96],"product_tag":[],"class_list":{"0":"post-41355","1":"product","2":"type-product","3":"status-publish","4":"has-post-thumbnail","6":"product_brand-replique-manga-cine","7":"product_cat-katana-demon-slayer","8":"product_cat-goodies","9":"product_cat-repliques-manga-jeux-video","10":"product_cat-porte-cles-goodies","12":"first","13":"instock","14":"sale","15":"taxable","16":"shipping-taxable","17":"purchasable","18":"product-type-simple"},"yoast_head":"<!-- This site is optimized with the Yoast SEO plugin v27.4 - https:\/\/yoast.com\/product\/yoast-seo-wordpress\/ -->\n<title>Porte-cl\u00e9s Inosuke Hashibira-Demon Slayer - R\u00e9plique Manga Cine<\/title>\n<meta name=\"description\" content=\"Commandez vite ! Ce superbe Porte-cl\u00e9s Inosuke Hashibira dans D\u00e9mon Slayer. Cette petite figurine chibi vous sera tr\u00e8s utile !\" \/>\n<meta name=\"robots\" content=\"index, follow, max-snippet:-1, max-image-preview:large, max-video-preview:-1\" \/>\n<link rel=\"canonical\" href=\"https:\/\/repliquemangacine.fr\/es\/llaveros\/inosuke-hashibira-llavero-demon-slayer\/\" \/>\n<meta property=\"og:locale\" content=\"es_ES\" \/>\n<meta property=\"og:type\" content=\"article\" \/>\n<meta property=\"og:title\" content=\"Porte-cl\u00e9s Inosuke Hashibira-Demon Slayer - R\u00e9plique Manga Cine\" \/>\n<meta property=\"og:description\" content=\"Commandez vite ! Ce superbe Porte-cl\u00e9s Inosuke Hashibira dans D\u00e9mon Slayer. Cette petite figurine chibi vous sera tr\u00e8s utile !\" \/>\n<meta property=\"og:url\" content=\"https:\/\/repliquemangacine.fr\/es\/llaveros\/inosuke-hashibira-llavero-demon-slayer\/\" \/>\n<meta property=\"og:site_name\" content=\"R\u00e9plique Manga Cin\u00e9\" \/>\n<meta property=\"article:publisher\" content=\"https:\/\/www.facebook.com\/RepliqueMangaCine\" \/>\n<meta property=\"article:modified_time\" content=\"2025-09-23T16:02:36+00:00\" \/>\n<meta property=\"og:image\" content=\"https:\/\/repliquemangacine.fr\/wp-content\/uploads\/2023\/10\/porte-cles-demon-slayers.jpg\" \/>\n\t<meta property=\"og:image:width\" content=\"800\" \/>\n\t<meta property=\"og:image:height\" content=\"800\" \/>\n\t<meta property=\"og:image:type\" content=\"image\/jpeg\" \/>\n<meta name=\"twitter:card\" content=\"summary_large_image\" \/>\n<meta name=\"twitter:label1\" content=\"Tiempo de lectura\" \/>\n\t<meta name=\"twitter:data1\" content=\"1 minuto\" \/>\n<script type=\"application\/ld+json\" class=\"yoast-schema-graph\">{\"@context\":\"https:\\\/\\\/schema.org\",\"@graph\":[{\"@type\":\"WebPage\",\"@id\":\"https:\\\/\\\/repliquemangacine.fr\\\/en\\\/key-ring-goodies\\\/key-ring-inosuke-hashibira-demon-slayer\\\/\",\"url\":\"https:\\\/\\\/repliquemangacine.fr\\\/en\\\/key-ring-goodies\\\/key-ring-inosuke-hashibira-demon-slayer\\\/\",\"name\":\"Porte-cl\u00e9s Inosuke Hashibira-Demon Slayer - R\u00e9plique Manga Cine\",\"isPartOf\":{\"@id\":\"https:\\\/\\\/repliquemangacine.fr\\\/#website\"},\"primaryImageOfPage\":{\"@id\":\"https:\\\/\\\/repliquemangacine.fr\\\/en\\\/key-ring-goodies\\\/key-ring-inosuke-hashibira-demon-slayer\\\/#primaryimage\"},\"image\":{\"@id\":\"https:\\\/\\\/repliquemangacine.fr\\\/en\\\/key-ring-goodies\\\/key-ring-inosuke-hashibira-demon-slayer\\\/#primaryimage\"},\"thumbnailUrl\":\"https:\\\/\\\/repliquemangacine.fr\\\/wp-content\\\/uploads\\\/2023\\\/10\\\/porte-cles-demon-slayers.jpg\",\"datePublished\":\"2021-07-20T14:29:10+00:00\",\"dateModified\":\"2025-09-23T16:02:36+00:00\",\"description\":\"Commandez vite ! Ce superbe Porte-cl\u00e9s Inosuke Hashibira dans D\u00e9mon Slayer. Cette petite figurine chibi vous sera tr\u00e8s utile !\",\"breadcrumb\":{\"@id\":\"https:\\\/\\\/repliquemangacine.fr\\\/en\\\/key-ring-goodies\\\/key-ring-inosuke-hashibira-demon-slayer\\\/#breadcrumb\"},\"inLanguage\":\"es\",\"potentialAction\":[{\"@type\":\"ReadAction\",\"target\":[\"https:\\\/\\\/repliquemangacine.fr\\\/en\\\/key-ring-goodies\\\/key-ring-inosuke-hashibira-demon-slayer\\\/\"]}]},{\"@type\":\"ImageObject\",\"inLanguage\":\"es\",\"@id\":\"https:\\\/\\\/repliquemangacine.fr\\\/en\\\/key-ring-goodies\\\/key-ring-inosuke-hashibira-demon-slayer\\\/#primaryimage\",\"url\":\"https:\\\/\\\/repliquemangacine.fr\\\/wp-content\\\/uploads\\\/2023\\\/10\\\/porte-cles-demon-slayers.jpg\",\"contentUrl\":\"https:\\\/\\\/repliquemangacine.fr\\\/wp-content\\\/uploads\\\/2023\\\/10\\\/porte-cles-demon-slayers.jpg\",\"width\":800,\"height\":800,\"caption\":\"Porte-cl\u00e9s Inosuke Hashibira D\u00e9mon Slayer\"},{\"@type\":\"BreadcrumbList\",\"@id\":\"https:\\\/\\\/repliquemangacine.fr\\\/en\\\/key-ring-goodies\\\/key-ring-inosuke-hashibira-demon-slayer\\\/#breadcrumb\",\"itemListElement\":[{\"@type\":\"ListItem\",\"position\":1,\"name\":\"Accueil\",\"item\":\"https:\\\/\\\/repliquemangacine.fr\\\/\"},{\"@type\":\"ListItem\",\"position\":2,\"name\":\"Produits\",\"item\":\"https:\\\/\\\/repliquemangacine.fr\\\/boutique\\\/\"},{\"@type\":\"ListItem\",\"position\":3,\"name\":\"Porte-cl\u00e9s Inosuke Hashibira\"}]},{\"@type\":\"WebSite\",\"@id\":\"https:\\\/\\\/repliquemangacine.fr\\\/#website\",\"url\":\"https:\\\/\\\/repliquemangacine.fr\\\/\",\"name\":\"R\u00e9plique Manga Cin\u00e9\",\"description\":\"\",\"publisher\":{\"@id\":\"https:\\\/\\\/repliquemangacine.fr\\\/#organization\"},\"potentialAction\":[{\"@type\":\"SearchAction\",\"target\":{\"@type\":\"EntryPoint\",\"urlTemplate\":\"https:\\\/\\\/repliquemangacine.fr\\\/?s={search_term_string}\"},\"query-input\":{\"@type\":\"PropertyValueSpecification\",\"valueRequired\":true,\"valueName\":\"search_term_string\"}}],\"inLanguage\":\"es\"},{\"@type\":\"Organization\",\"@id\":\"https:\\\/\\\/repliquemangacine.fr\\\/#organization\",\"name\":\"R\u00e9plique Manga Cin\u00e9\",\"url\":\"https:\\\/\\\/repliquemangacine.fr\\\/\",\"logo\":{\"@type\":\"ImageObject\",\"inLanguage\":\"es\",\"@id\":\"https:\\\/\\\/repliquemangacine.fr\\\/#\\\/schema\\\/logo\\\/image\\\/\",\"url\":\"https:\\\/\\\/repliquemangacine.fr\\\/wp-content\\\/uploads\\\/2023\\\/10\\\/RMC-500250.png\",\"contentUrl\":\"https:\\\/\\\/repliquemangacine.fr\\\/wp-content\\\/uploads\\\/2023\\\/10\\\/RMC-500250.png\",\"width\":500,\"height\":250,\"caption\":\"R\u00e9plique Manga Cin\u00e9\"},\"image\":{\"@id\":\"https:\\\/\\\/repliquemangacine.fr\\\/#\\\/schema\\\/logo\\\/image\\\/\"},\"sameAs\":[\"https:\\\/\\\/www.facebook.com\\\/RepliqueMangaCine\",\"https:\\\/\\\/www.instagram.com\\\/repliquemangacine.fr\\\/\"]}]}<\/script>\n<!-- \/ Yoast SEO plugin. -->","yoast_head_json":{"title":"Llavero Inosuke Hashibira-Demon Slayer - Manga Cine r\u00e9plica","description":"\u00a1P\u00eddelo ya! Este magn\u00edfico llavero de Inosuke Hashibira en Demon Slayer. \u00a1Esta figurita chibi te ser\u00e1 muy \u00fatil!","robots":{"index":"index","follow":"follow","max-snippet":"max-snippet:-1","max-image-preview":"max-image-preview:large","max-video-preview":"max-video-preview:-1"},"canonical":"https:\/\/repliquemangacine.fr\/es\/llaveros\/inosuke-hashibira-llavero-demon-slayer\/","og_locale":"es_ES","og_type":"article","og_title":"Porte-cl\u00e9s Inosuke Hashibira-Demon Slayer - R\u00e9plique Manga Cine","og_description":"Commandez vite ! Ce superbe Porte-cl\u00e9s Inosuke Hashibira dans D\u00e9mon Slayer. Cette petite figurine chibi vous sera tr\u00e8s utile !","og_url":"https:\/\/repliquemangacine.fr\/es\/llaveros\/inosuke-hashibira-llavero-demon-slayer\/","og_site_name":"R\u00e9plique Manga Cin\u00e9","article_publisher":"https:\/\/www.facebook.com\/RepliqueMangaCine","article_modified_time":"2025-09-23T16:02:36+00:00","og_image":[{"width":800,"height":800,"url":"https:\/\/repliquemangacine.fr\/wp-content\/uploads\/2023\/10\/porte-cles-demon-slayers.jpg","type":"image\/jpeg"}],"twitter_card":"summary_large_image","twitter_misc":{"Tiempo de lectura":"1 minuto"},"schema":{"@context":"https:\/\/schema.org","@graph":[{"@type":"WebPage","@id":"https:\/\/repliquemangacine.fr\/en\/key-ring-goodies\/key-ring-inosuke-hashibira-demon-slayer\/","url":"https:\/\/repliquemangacine.fr\/en\/key-ring-goodies\/key-ring-inosuke-hashibira-demon-slayer\/","name":"Llavero Inosuke Hashibira-Demon Slayer - Manga Cine r\u00e9plica","isPartOf":{"@id":"https:\/\/repliquemangacine.fr\/#website"},"primaryImageOfPage":{"@id":"https:\/\/repliquemangacine.fr\/en\/key-ring-goodies\/key-ring-inosuke-hashibira-demon-slayer\/#primaryimage"},"image":{"@id":"https:\/\/repliquemangacine.fr\/en\/key-ring-goodies\/key-ring-inosuke-hashibira-demon-slayer\/#primaryimage"},"thumbnailUrl":"https:\/\/repliquemangacine.fr\/wp-content\/uploads\/2023\/10\/porte-cles-demon-slayers.jpg","datePublished":"2021-07-20T14:29:10+00:00","dateModified":"2025-09-23T16:02:36+00:00","description":"\u00a1P\u00eddelo ya! Este magn\u00edfico llavero de Inosuke Hashibira en Demon Slayer. \u00a1Esta figurita chibi te ser\u00e1 muy \u00fatil!","breadcrumb":{"@id":"https:\/\/repliquemangacine.fr\/en\/key-ring-goodies\/key-ring-inosuke-hashibira-demon-slayer\/#breadcrumb"},"inLanguage":"es","potentialAction":[{"@type":"ReadAction","target":["https:\/\/repliquemangacine.fr\/en\/key-ring-goodies\/key-ring-inosuke-hashibira-demon-slayer\/"]}]},{"@type":"ImageObject","inLanguage":"es","@id":"https:\/\/repliquemangacine.fr\/en\/key-ring-goodies\/key-ring-inosuke-hashibira-demon-slayer\/#primaryimage","url":"https:\/\/repliquemangacine.fr\/wp-content\/uploads\/2023\/10\/porte-cles-demon-slayers.jpg","contentUrl":"https:\/\/repliquemangacine.fr\/wp-content\/uploads\/2023\/10\/porte-cles-demon-slayers.jpg","width":800,"height":800,"caption":"Porte-cl\u00e9s Inosuke Hashibira D\u00e9mon Slayer"},{"@type":"BreadcrumbList","@id":"https:\/\/repliquemangacine.fr\/en\/key-ring-goodies\/key-ring-inosuke-hashibira-demon-slayer\/#breadcrumb","itemListElement":[{"@type":"ListItem","position":1,"name":"Accueil","item":"https:\/\/repliquemangacine.fr\/"},{"@type":"ListItem","position":2,"name":"Produits","item":"https:\/\/repliquemangacine.fr\/boutique\/"},{"@type":"ListItem","position":3,"name":"Porte-cl\u00e9s Inosuke Hashibira"}]},{"@type":"WebSite","@id":"https:\/\/repliquemangacine.fr\/#website","url":"https:\/\/repliquemangacine.fr\/","name":"R\u00e9plique Manga Cin\u00e9","description":"","publisher":{"@id":"https:\/\/repliquemangacine.fr\/#organization"},"potentialAction":[{"@type":"SearchAction","target":{"@type":"EntryPoint","urlTemplate":"https:\/\/repliquemangacine.fr\/?s={search_term_string}"},"query-input":{"@type":"PropertyValueSpecification","valueRequired":true,"valueName":"search_term_string"}}],"inLanguage":"es"},{"@type":"Organization","@id":"https:\/\/repliquemangacine.fr\/#organization","name":"R\u00e9plique Manga Cin\u00e9","url":"https:\/\/repliquemangacine.fr\/","logo":{"@type":"ImageObject","inLanguage":"es","@id":"https:\/\/repliquemangacine.fr\/#\/schema\/logo\/image\/","url":"https:\/\/repliquemangacine.fr\/wp-content\/uploads\/2023\/10\/RMC-500250.png","contentUrl":"https:\/\/repliquemangacine.fr\/wp-content\/uploads\/2023\/10\/RMC-500250.png","width":500,"height":250,"caption":"R\u00e9plique Manga Cin\u00e9"},"image":{"@id":"https:\/\/repliquemangacine.fr\/#\/schema\/logo\/image\/"},"sameAs":["https:\/\/www.facebook.com\/RepliqueMangaCine","https:\/\/www.instagram.com\/repliquemangacine.fr\/"]}]}},"_links":{"self":[{"href":"https:\/\/repliquemangacine.fr\/es\/wp-json\/wp\/v2\/product\/41355","targetHints":{"allow":["GET"]}}],"collection":[{"href":"https:\/\/repliquemangacine.fr\/es\/wp-json\/wp\/v2\/product"}],"about":[{"href":"https:\/\/repliquemangacine.fr\/es\/wp-json\/wp\/v2\/types\/product"}],"wp:featuredmedia":[{"embeddable":true,"href":"https:\/\/repliquemangacine.fr\/es\/wp-json\/wp\/v2\/media\/41356"}],"wp:attachment":[{"href":"https:\/\/repliquemangacine.fr\/es\/wp-json\/wp\/v2\/media?parent=41355"}],"wp:term":[{"taxonomy":"product_brand","embeddable":true,"href":"https:\/\/repliquemangacine.fr\/es\/wp-json\/wp\/v2\/product_brand?post=41355"},{"taxonomy":"product_cat","embeddable":true,"href":"https:\/\/repliquemangacine.fr\/es\/wp-json\/wp\/v2\/product_cat?post=41355"},{"taxonomy":"product_tag","embeddable":true,"href":"https:\/\/repliquemangacine.fr\/es\/wp-json\/wp\/v2\/product_tag?post=41355"}],"curies":[{"name":"wp","href":"https:\/\/api.w.org\/{rel}","templated":true}]}}