





{"id":41339,"date":"2021-07-20T13:50:11","date_gmt":"2021-07-20T11:50:11","guid":{"rendered":"https:\/\/repliquemangacine.fr\/?post_type=product&#038;p=41339"},"modified":"2025-11-07T15:57:39","modified_gmt":"2025-11-07T14:57:39","slug":"taza-guantelete-de-thanos-marvel","status":"publish","type":"product","link":"https:\/\/repliquemangacine.fr\/es\/mugs-manga\/mug-gant-de-thanos-marvel\/","title":{"rendered":"Taza Marvel Glove of Thanos"},"content":{"rendered":"<h2>Taza de cer\u00e1mica Thanos Glove del universo Marvel.<\/h2>\n<p>La taza Guante de Thanos es totalmente de cer\u00e1mica con sus piedras del infinito de todos los colores.<\/p>\n<p>Thanos es un supervillano del universo Marvel,  apodado el tit\u00e1n loco.<\/p>\n<p>Considerado por todos como la personificaci\u00f3n definitiva del sadismo, <a href=\"https:\/\/universcinematographiquemarvel.fandom.com\/fr\/wiki\/Thanos#Personnalit\u00e9\">Thanos<\/a> es en realidad un alma atormentada por su traum\u00e1tico pasado. Extremadamente seguro de s\u00ed mismo y arrogante, parec\u00eda casi imposible intimidarlo. A pesar de la crueldad de Thanos, no carec\u00eda de compasi\u00f3n, especialmente hacia los ni\u00f1os.<\/p>\n<p>Thanos es un tit\u00e1n inmensamente poderoso, temido en toda la galaxia como uno de los seres m\u00e1s poderosos del universo. Es capaz de luchar f\u00e1cilmente contra otros seres poderosos como Thor y Hulk. Incluso Thor reconoci\u00f3 que necesitaba Stormbreaker si ten\u00eda que enfrentarse a Thanos, ya que luchar contra \u00e9l sin ella ser\u00eda un suicidio.<\/p>\n<p>Para concluir, derrotado por Iron Man, Thanos ve c\u00f3mo la muerte le sonr\u00ede. Visiblemente desolado, al ver salir el sol, Thanos encuentra un poco de consuelo. Lo disfruta sin verg\u00fcenza, mientras acepta su derrota y su destino con dignidad.<\/p>\n<h3>Ofrecemos una amplia gama de r\u00e9plicas del universo Marvel.<\/h3>\n<p>Lo primero y m\u00e1s importante,<\/p>\n<ul>\n<li>L'<a href=\"https:\/\/repliquemangacine.fr\/es\/superheroes\/double-epee-de-thanos-avengers-endgame\/\">espada de doble hoja<\/a> del poderoso Thanos hecho de fibra de vidrio.<\/li>\n<li>Entonces el <a href=\"https:\/\/repliquemangacine.fr\/es\/superheroes\/marteau-de-thor-mjoellnir-en-metal-avec-base\/\">Mj\u00f6llnir, el martillo de Thor<\/a> en su versi\u00f3n de lujo totalmente met\u00e1lica y su base de presentaci\u00f3n, tambi\u00e9n est\u00e1 disponible en resina.<\/li>\n<li>Tambi\u00e9n est\u00e1 el famoso <a href=\"https:\/\/repliquemangacine.fr\/es\/superheroes\/capitan-america-escudo-version-de-lujo\/\">El escudo del Capit\u00e1n Am\u00e9rica<\/a> Escala 1\/1, todo metal.<\/li>\n<li>Adem\u00e1s de la r\u00e9plica del colgante amuleto del Dr. Extra\u00f1o, el<a href=\"https:\/\/repliquemangacine.fr\/es\/superheroes\/ojo-de-agamotto-amuleto-colgante-dr-strange\/\">Ojo de Agamotto<\/a> en Vengadores.<\/li>\n<li>Y muchos m\u00e1s.<\/li>\n<\/ul>\n<p>He aqu\u00ed una gran idea de regalo para todos los fans de los superh\u00e9roes de Marvel<\/p>\n<h3>Puedes usar la Taza Guante de Thanos en la vida cotidiana.<\/h3>\n<p>Por encima de todo, esta taza es un objeto de coleccionista y una pieza decorativa.<\/p>","protected":false},"excerpt":{"rendered":"<p>\u00a1En exclusiva para R\u00e9plique Manga Cin\u00e9!<\/p>\n<ul>\n<li>Estupenda taza de cer\u00e1mica con la forma del guante de Thanos y sus piedras del infinito en todos los colores.<\/li>\n<li>Mango ancho para un agarre seguro.<\/li>\n<li>Se presenta en una caja del color de los Vengadores.<\/li>\n<li>Todo un regalo para los aficionados.<\/li>\n<li>Altura de la taza: 11cm - Anchura con asa: 16.5cm - Di\u00e1metro: 8.5cm - Peso: 565 grs<\/li>\n<\/ul>","protected":false},"featured_media":41340,"template":"","meta":[],"product_brand":[896],"product_cat":[24,94,95,101,59],"product_tag":[],"class_list":{"0":"post-41339","1":"product","2":"type-product","3":"status-publish","4":"has-post-thumbnail","6":"product_brand-replique-manga-cine","7":"product_cat-films-series-tv-vente-de-katana-epee-et-produits-derives","8":"product_cat-goodies","9":"product_cat-mugs-manga","10":"product_cat-soldes","11":"product_cat-super-heros-marvel","13":"first","14":"instock","15":"sale","16":"taxable","17":"shipping-taxable","18":"purchasable","19":"product-type-simple"},"yoast_head":"<!-- This site is optimized with the Yoast SEO plugin v27.4 - https:\/\/yoast.com\/product\/yoast-seo-wordpress\/ -->\n<title>Mug Gant de Thanos- Avengers Infinity War - R\u00e9plique Manga Cin\u00e9<\/title>\n<meta name=\"description\" content=\"Magnifique Mug Gant de Thanos en c\u00e9ramic et pierre de l&#039;infinity de chez Marvel. Cette tasse de collection vous ira a ravir !\" \/>\n<meta name=\"robots\" content=\"index, follow, max-snippet:-1, max-image-preview:large, max-video-preview:-1\" \/>\n<link rel=\"canonical\" href=\"https:\/\/repliquemangacine.fr\/es\/saldos\/taza-guantelete-de-thanos-marvel\/\" \/>\n<meta property=\"og:locale\" content=\"es_ES\" \/>\n<meta property=\"og:type\" content=\"article\" \/>\n<meta property=\"og:title\" content=\"Mug Gant de Thanos- Avengers Infinity War - R\u00e9plique Manga Cin\u00e9\" \/>\n<meta property=\"og:description\" content=\"Magnifique Mug Gant de Thanos en c\u00e9ramic et pierre de l&#039;infinity de chez Marvel. Cette tasse de collection vous ira a ravir !\" \/>\n<meta property=\"og:url\" content=\"https:\/\/repliquemangacine.fr\/es\/saldos\/taza-guantelete-de-thanos-marvel\/\" \/>\n<meta property=\"og:site_name\" content=\"R\u00e9plique Manga Cin\u00e9\" \/>\n<meta property=\"article:publisher\" content=\"https:\/\/www.facebook.com\/RepliqueMangaCine\" \/>\n<meta property=\"article:modified_time\" content=\"2025-11-07T14:57:39+00:00\" \/>\n<meta property=\"og:image\" content=\"https:\/\/repliquemangacine.fr\/wp-content\/uploads\/2023\/10\/tasse-thanos.jpg\" \/>\n\t<meta property=\"og:image:width\" content=\"800\" \/>\n\t<meta property=\"og:image:height\" content=\"800\" \/>\n\t<meta property=\"og:image:type\" content=\"image\/jpeg\" \/>\n<meta name=\"twitter:card\" content=\"summary_large_image\" \/>\n<meta name=\"twitter:label1\" content=\"Tiempo de lectura\" \/>\n\t<meta name=\"twitter:data1\" content=\"1 minuto\" \/>\n<script type=\"application\/ld+json\" class=\"yoast-schema-graph\">{\"@context\":\"https:\\\/\\\/schema.org\",\"@graph\":[{\"@type\":\"WebPage\",\"@id\":\"https:\\\/\\\/repliquemangacine.fr\\\/soldes\\\/mug-gant-de-thanos-marvel\\\/\",\"url\":\"https:\\\/\\\/repliquemangacine.fr\\\/soldes\\\/mug-gant-de-thanos-marvel\\\/\",\"name\":\"Mug Gant de Thanos- Avengers Infinity War - R\u00e9plique Manga Cin\u00e9\",\"isPartOf\":{\"@id\":\"https:\\\/\\\/repliquemangacine.fr\\\/#website\"},\"primaryImageOfPage\":{\"@id\":\"https:\\\/\\\/repliquemangacine.fr\\\/soldes\\\/mug-gant-de-thanos-marvel\\\/#primaryimage\"},\"image\":{\"@id\":\"https:\\\/\\\/repliquemangacine.fr\\\/soldes\\\/mug-gant-de-thanos-marvel\\\/#primaryimage\"},\"thumbnailUrl\":\"https:\\\/\\\/repliquemangacine.fr\\\/wp-content\\\/uploads\\\/2023\\\/10\\\/tasse-thanos.jpg\",\"datePublished\":\"2021-07-20T11:50:11+00:00\",\"dateModified\":\"2025-11-07T14:57:39+00:00\",\"description\":\"Magnifique Mug Gant de Thanos en c\u00e9ramic et pierre de l'infinity de chez Marvel. Cette tasse de collection vous ira a ravir !\",\"breadcrumb\":{\"@id\":\"https:\\\/\\\/repliquemangacine.fr\\\/soldes\\\/mug-gant-de-thanos-marvel\\\/#breadcrumb\"},\"inLanguage\":\"es\",\"potentialAction\":[{\"@type\":\"ReadAction\",\"target\":[\"https:\\\/\\\/repliquemangacine.fr\\\/soldes\\\/mug-gant-de-thanos-marvel\\\/\"]}]},{\"@type\":\"ImageObject\",\"inLanguage\":\"es\",\"@id\":\"https:\\\/\\\/repliquemangacine.fr\\\/soldes\\\/mug-gant-de-thanos-marvel\\\/#primaryimage\",\"url\":\"https:\\\/\\\/repliquemangacine.fr\\\/wp-content\\\/uploads\\\/2023\\\/10\\\/tasse-thanos.jpg\",\"contentUrl\":\"https:\\\/\\\/repliquemangacine.fr\\\/wp-content\\\/uploads\\\/2023\\\/10\\\/tasse-thanos.jpg\",\"width\":800,\"height\":800,\"caption\":\"Mug gant de thanos Marvel\"},{\"@type\":\"BreadcrumbList\",\"@id\":\"https:\\\/\\\/repliquemangacine.fr\\\/soldes\\\/mug-gant-de-thanos-marvel\\\/#breadcrumb\",\"itemListElement\":[{\"@type\":\"ListItem\",\"position\":1,\"name\":\"Accueil\",\"item\":\"https:\\\/\\\/repliquemangacine.fr\\\/\"},{\"@type\":\"ListItem\",\"position\":2,\"name\":\"Produits\",\"item\":\"https:\\\/\\\/repliquemangacine.fr\\\/boutique\\\/\"},{\"@type\":\"ListItem\",\"position\":3,\"name\":\"Mug Gant de Thanos Marvel\"}]},{\"@type\":\"WebSite\",\"@id\":\"https:\\\/\\\/repliquemangacine.fr\\\/#website\",\"url\":\"https:\\\/\\\/repliquemangacine.fr\\\/\",\"name\":\"R\u00e9plique Manga Cin\u00e9\",\"description\":\"\",\"publisher\":{\"@id\":\"https:\\\/\\\/repliquemangacine.fr\\\/#organization\"},\"potentialAction\":[{\"@type\":\"SearchAction\",\"target\":{\"@type\":\"EntryPoint\",\"urlTemplate\":\"https:\\\/\\\/repliquemangacine.fr\\\/?s={search_term_string}\"},\"query-input\":{\"@type\":\"PropertyValueSpecification\",\"valueRequired\":true,\"valueName\":\"search_term_string\"}}],\"inLanguage\":\"es\"},{\"@type\":\"Organization\",\"@id\":\"https:\\\/\\\/repliquemangacine.fr\\\/#organization\",\"name\":\"R\u00e9plique Manga Cin\u00e9\",\"url\":\"https:\\\/\\\/repliquemangacine.fr\\\/\",\"logo\":{\"@type\":\"ImageObject\",\"inLanguage\":\"es\",\"@id\":\"https:\\\/\\\/repliquemangacine.fr\\\/#\\\/schema\\\/logo\\\/image\\\/\",\"url\":\"https:\\\/\\\/repliquemangacine.fr\\\/wp-content\\\/uploads\\\/2023\\\/10\\\/RMC-500250.png\",\"contentUrl\":\"https:\\\/\\\/repliquemangacine.fr\\\/wp-content\\\/uploads\\\/2023\\\/10\\\/RMC-500250.png\",\"width\":500,\"height\":250,\"caption\":\"R\u00e9plique Manga Cin\u00e9\"},\"image\":{\"@id\":\"https:\\\/\\\/repliquemangacine.fr\\\/#\\\/schema\\\/logo\\\/image\\\/\"},\"sameAs\":[\"https:\\\/\\\/www.facebook.com\\\/RepliqueMangaCine\",\"https:\\\/\\\/www.instagram.com\\\/repliquemangacine.fr\\\/\"]}]}<\/script>\n<!-- \/ Yoast SEO plugin. -->","yoast_head_json":{"title":"Taza Guante de Thanos - Avengers Infinity War - R\u00e9plique Manga Cin\u00e9","description":"Magn\u00edfica Taza Guante de Thanos de cer\u00e1mica y piedra del infinito de Marvel. \u00a1Esta taza de coleccionista te quedar\u00e1 genial!","robots":{"index":"index","follow":"follow","max-snippet":"max-snippet:-1","max-image-preview":"max-image-preview:large","max-video-preview":"max-video-preview:-1"},"canonical":"https:\/\/repliquemangacine.fr\/es\/saldos\/taza-guantelete-de-thanos-marvel\/","og_locale":"es_ES","og_type":"article","og_title":"Mug Gant de Thanos- Avengers Infinity War - R\u00e9plique Manga Cin\u00e9","og_description":"Magnifique Mug Gant de Thanos en c\u00e9ramic et pierre de l'infinity de chez Marvel. Cette tasse de collection vous ira a ravir !","og_url":"https:\/\/repliquemangacine.fr\/es\/saldos\/taza-guantelete-de-thanos-marvel\/","og_site_name":"R\u00e9plique Manga Cin\u00e9","article_publisher":"https:\/\/www.facebook.com\/RepliqueMangaCine","article_modified_time":"2025-11-07T14:57:39+00:00","og_image":[{"width":800,"height":800,"url":"https:\/\/repliquemangacine.fr\/wp-content\/uploads\/2023\/10\/tasse-thanos.jpg","type":"image\/jpeg"}],"twitter_card":"summary_large_image","twitter_misc":{"Tiempo de lectura":"1 minuto"},"schema":{"@context":"https:\/\/schema.org","@graph":[{"@type":"WebPage","@id":"https:\/\/repliquemangacine.fr\/soldes\/mug-gant-de-thanos-marvel\/","url":"https:\/\/repliquemangacine.fr\/soldes\/mug-gant-de-thanos-marvel\/","name":"Taza Guante de Thanos - Avengers Infinity War - R\u00e9plique Manga Cin\u00e9","isPartOf":{"@id":"https:\/\/repliquemangacine.fr\/#website"},"primaryImageOfPage":{"@id":"https:\/\/repliquemangacine.fr\/soldes\/mug-gant-de-thanos-marvel\/#primaryimage"},"image":{"@id":"https:\/\/repliquemangacine.fr\/soldes\/mug-gant-de-thanos-marvel\/#primaryimage"},"thumbnailUrl":"https:\/\/repliquemangacine.fr\/wp-content\/uploads\/2023\/10\/tasse-thanos.jpg","datePublished":"2021-07-20T11:50:11+00:00","dateModified":"2025-11-07T14:57:39+00:00","description":"Magn\u00edfica Taza Guante de Thanos de cer\u00e1mica y piedra del infinito de Marvel. \u00a1Esta taza de coleccionista te quedar\u00e1 genial!","breadcrumb":{"@id":"https:\/\/repliquemangacine.fr\/soldes\/mug-gant-de-thanos-marvel\/#breadcrumb"},"inLanguage":"es","potentialAction":[{"@type":"ReadAction","target":["https:\/\/repliquemangacine.fr\/soldes\/mug-gant-de-thanos-marvel\/"]}]},{"@type":"ImageObject","inLanguage":"es","@id":"https:\/\/repliquemangacine.fr\/soldes\/mug-gant-de-thanos-marvel\/#primaryimage","url":"https:\/\/repliquemangacine.fr\/wp-content\/uploads\/2023\/10\/tasse-thanos.jpg","contentUrl":"https:\/\/repliquemangacine.fr\/wp-content\/uploads\/2023\/10\/tasse-thanos.jpg","width":800,"height":800,"caption":"Mug gant de thanos Marvel"},{"@type":"BreadcrumbList","@id":"https:\/\/repliquemangacine.fr\/soldes\/mug-gant-de-thanos-marvel\/#breadcrumb","itemListElement":[{"@type":"ListItem","position":1,"name":"Accueil","item":"https:\/\/repliquemangacine.fr\/"},{"@type":"ListItem","position":2,"name":"Produits","item":"https:\/\/repliquemangacine.fr\/boutique\/"},{"@type":"ListItem","position":3,"name":"Mug Gant de Thanos Marvel"}]},{"@type":"WebSite","@id":"https:\/\/repliquemangacine.fr\/#website","url":"https:\/\/repliquemangacine.fr\/","name":"R\u00e9plique Manga Cin\u00e9","description":"","publisher":{"@id":"https:\/\/repliquemangacine.fr\/#organization"},"potentialAction":[{"@type":"SearchAction","target":{"@type":"EntryPoint","urlTemplate":"https:\/\/repliquemangacine.fr\/?s={search_term_string}"},"query-input":{"@type":"PropertyValueSpecification","valueRequired":true,"valueName":"search_term_string"}}],"inLanguage":"es"},{"@type":"Organization","@id":"https:\/\/repliquemangacine.fr\/#organization","name":"R\u00e9plique Manga Cin\u00e9","url":"https:\/\/repliquemangacine.fr\/","logo":{"@type":"ImageObject","inLanguage":"es","@id":"https:\/\/repliquemangacine.fr\/#\/schema\/logo\/image\/","url":"https:\/\/repliquemangacine.fr\/wp-content\/uploads\/2023\/10\/RMC-500250.png","contentUrl":"https:\/\/repliquemangacine.fr\/wp-content\/uploads\/2023\/10\/RMC-500250.png","width":500,"height":250,"caption":"R\u00e9plique Manga Cin\u00e9"},"image":{"@id":"https:\/\/repliquemangacine.fr\/#\/schema\/logo\/image\/"},"sameAs":["https:\/\/www.facebook.com\/RepliqueMangaCine","https:\/\/www.instagram.com\/repliquemangacine.fr\/"]}]}},"_links":{"self":[{"href":"https:\/\/repliquemangacine.fr\/es\/wp-json\/wp\/v2\/product\/41339","targetHints":{"allow":["GET"]}}],"collection":[{"href":"https:\/\/repliquemangacine.fr\/es\/wp-json\/wp\/v2\/product"}],"about":[{"href":"https:\/\/repliquemangacine.fr\/es\/wp-json\/wp\/v2\/types\/product"}],"wp:featuredmedia":[{"embeddable":true,"href":"https:\/\/repliquemangacine.fr\/es\/wp-json\/wp\/v2\/media\/41340"}],"wp:attachment":[{"href":"https:\/\/repliquemangacine.fr\/es\/wp-json\/wp\/v2\/media?parent=41339"}],"wp:term":[{"taxonomy":"product_brand","embeddable":true,"href":"https:\/\/repliquemangacine.fr\/es\/wp-json\/wp\/v2\/product_brand?post=41339"},{"taxonomy":"product_cat","embeddable":true,"href":"https:\/\/repliquemangacine.fr\/es\/wp-json\/wp\/v2\/product_cat?post=41339"},{"taxonomy":"product_tag","embeddable":true,"href":"https:\/\/repliquemangacine.fr\/es\/wp-json\/wp\/v2\/product_tag?post=41339"}],"curies":[{"name":"wp","href":"https:\/\/api.w.org\/{rel}","templated":true}]}}