





{"id":41073,"date":"2021-07-07T15:58:34","date_gmt":"2021-07-07T13:58:34","guid":{"rendered":"https:\/\/repliquemangacine.fr\/?post_type=product&#038;p=41073"},"modified":"2025-12-07T22:20:57","modified_gmt":"2025-12-07T21:20:57","slug":"espada-de-leonidas-de-la-pelicula-301","status":"publish","type":"product","link":"https:\/\/repliquemangacine.fr\/es\/katana-les-epees-de-films-et-series\/sabre-de-leonidas-du-film-300\/","title":{"rendered":"Espada de Le\u00f3nidas en la pel\u00edcula 300"},"content":{"rendered":"<h2>Espada de Le\u00f3nidas de la pel\u00edcula 300.<\/h2>\n<p>Para empezar, el <strong>Espada de Le\u00f3nidas<\/strong> de la pel\u00edcula 300 es la r\u00e9plica id\u00e9ntica que utiliza Gerard Butler, alias el rey Le\u00f3nidas.<\/p>\n<p>300 es una pel\u00edcula \u00e9pica estadounidense coescrita y dirigida por Zack Snyder. <a href=\"https:\/\/fr.wikipedia.org\/wiki\/L\u00e9onidas_Ier_de_Sparte\" target=\"_blank\" rel=\"noopener noreferrer\">Le\u00f3nidas<\/a> se convirti\u00f3 en rey de Esparta tras superar las pruebas rituales espartanas. Un mensajero persa le informa de que el rey Jerjes planea invadir Grecia y someter su ciudad, pero se niega a negociar ning\u00fan acuerdo.<\/p>\n<p>En contra de la opini\u00f3n de los \u00e9foros, corrompidos por el oro persa, parte al encuentro del enemigo con los 300 mejores soldados de su ciudad, y en el camino se le unen Daxos y sus arcadios. Le\u00f3nidas decide combatir al ej\u00e9rcito persa en el estrecho y rocoso paso de las Term\u00f3pilas.<\/p>\n<h2>Tu Espada Leonidas al mejor precio.<\/h2>\n<p>Le ofrecemos todas las reproducciones de armas hist\u00f3ricas.<\/p>\n<p>Lo primero y m\u00e1s importante,<\/p>\n<ul>\n<li>El magn\u00edfico <a href=\"https:\/\/repliquemangacine.fr\/es\/armas-historicas\/espada-negra-julio-cesar\/\">La espada de Jules<\/a> Reproducci\u00f3n de C\u00e9sar Denix.<\/li>\n<li>Tambi\u00e9n existe la <a href=\"https:\/\/repliquemangacine.fr\/es\/otras-peliculas\/casco-de-gladiador-maximus-con-pinchos\/\">Casco Maximus<\/a> de la pel\u00edcula Gladiator<\/li>\n<li>Y la espada de caballer\u00eda romana, tambi\u00e9n conocida como Spatha.<\/li>\n<li>Y muchos m\u00e1s por descubrir en nuestra tienda en l\u00ednea.<\/li>\n<\/ul>\n<p>Por eso, aqu\u00ed tienes unas ideas estupendas para regalar a los aficionados al cine.<\/p>\n<p>En conclusi\u00f3n, tambi\u00e9n puede utilizar el <strong>Espada de Le\u00f3nidas<\/strong> de la pel\u00edcula 300 para sus representaciones hist\u00f3ricas o veladas tem\u00e1ticas. Pero sobre todo, la espada de Le\u00f3nidas es una pieza de coleccionista y una pieza decorativa.<\/p>\n<h2>\u00bfC\u00f3mo se mantiene la hoja de la katana de la pel\u00edcula 300?<\/h2>\n<p>Las katanas de colecci\u00f3n y decorativas se fabrican y ensamblan de forma simplificada. Como su uso es decorativo, no cuentan con los elementos de seguridad exigidos a una espada japonesa destinada al entrenamiento.<\/p>\n<p>Sin embargo, su <strong>Espada de Le\u00f3nidas<\/strong> a una hoja de acero que hay que cuidar para evitar que se estropee con el tiempo. Cuando exponga su katana, sus amigos sentir\u00e1n curiosidad por ver la hoja y tocarla. Aqu\u00ed es donde hay que tener cuidado, ya que la acidez de los dedos es muy perjudicial para el acero, sea cual sea su calidad.<\/p>\n<p>Sin embargo, si esto ocurre, no te asustes, todo lo que necesitas es un pa\u00f1o humedecido con un poco de aceite y limpiar las huellas dactilares. Si haces esto, tu espada durar\u00e1 mucho tiempo.<\/p>","protected":false},"excerpt":{"rendered":"<p>Sable utilizado por G\u00e9rard Butler alias \"Rey Le\u00f3nidas\" en la pel\u00edcula \"300\".<\/p>\n<ul>\n<li>Fabricado en una sola pieza.<\/li>\n<li>La hoja es de acero 440.<\/li>\n<li>Guarda de acero.<\/li>\n<li>Asa recubierta con una tira de polipiel.<\/li>\n<li>Funda de imitaci\u00f3n de cuero marr\u00f3n.<\/li>\n<li>Longitud de la hoja: 54 cm - Longitud total: 71 cm<\/li>\n<\/ul>","protected":false},"featured_media":41074,"template":"","meta":[],"product_brand":[896],"product_cat":[31,25,91,66,73,24],"product_tag":[],"class_list":{"0":"post-41073","1":"product","2":"type-product","3":"status-publish","4":"has-post-thumbnail","6":"product_brand-replique-manga-cine","7":"product_cat-armes-antiques","8":"product_cat-armes-historiques","9":"product_cat-katana-les-epees-de-films-et-series","10":"product_cat-repliques-d-armes-films-et-series","11":"product_cat-epees-glaives-antique","12":"product_cat-films-series-tv-vente-de-katana-epee-et-produits-derives","14":"first","15":"instock","16":"taxable","17":"shipping-taxable","18":"purchasable","19":"product-type-simple"},"yoast_head":"<!-- This site is optimized with the Yoast SEO plugin v27.4 - https:\/\/yoast.com\/product\/yoast-seo-wordpress\/ -->\n<title>Sabre L\u00e9onidas du film 300 - R\u00e9plique Manga Cin\u00e9<\/title>\n<meta name=\"description\" content=\"Offrez-vous le Sabre L\u00e9onidas du film 300 au meilleur prix. Lame en acier 440 - Garde en m\u00e9tal plein - Fourreau en similicuir - Longueur totale : 71 cm\" \/>\n<meta name=\"robots\" content=\"index, follow, max-snippet:-1, max-image-preview:large, max-video-preview:-1\" \/>\n<link rel=\"canonical\" href=\"https:\/\/repliquemangacine.fr\/es\/espadas-katana-de-peliculas-y-series\/espada-de-leonidas-de-la-pelicula-301\/\" \/>\n<meta property=\"og:locale\" content=\"es_ES\" \/>\n<meta property=\"og:type\" content=\"article\" \/>\n<meta property=\"og:title\" content=\"Sabre L\u00e9onidas du film 300 - R\u00e9plique Manga Cin\u00e9\" \/>\n<meta property=\"og:description\" content=\"Offrez-vous le Sabre L\u00e9onidas du film 300 au meilleur prix. Lame en acier 440 - Garde en m\u00e9tal plein - Fourreau en similicuir - Longueur totale : 71 cm\" \/>\n<meta property=\"og:url\" content=\"https:\/\/repliquemangacine.fr\/es\/espadas-katana-de-peliculas-y-series\/espada-de-leonidas-de-la-pelicula-301\/\" \/>\n<meta property=\"og:site_name\" content=\"R\u00e9plique Manga Cin\u00e9\" \/>\n<meta property=\"article:publisher\" content=\"https:\/\/www.facebook.com\/RepliqueMangaCine\" \/>\n<meta property=\"article:modified_time\" content=\"2025-12-07T21:20:57+00:00\" \/>\n<meta property=\"og:image\" content=\"https:\/\/repliquemangacine.fr\/wp-content\/uploads\/2023\/10\/epee-300.jpg\" \/>\n\t<meta property=\"og:image:width\" content=\"800\" \/>\n\t<meta property=\"og:image:height\" content=\"800\" \/>\n\t<meta property=\"og:image:type\" content=\"image\/jpeg\" \/>\n<meta name=\"twitter:card\" content=\"summary_large_image\" \/>\n<meta name=\"twitter:label1\" content=\"Tiempo de lectura\" \/>\n\t<meta name=\"twitter:data1\" content=\"1 minuto\" \/>\n<script type=\"application\/ld+json\" class=\"yoast-schema-graph\">{\"@context\":\"https:\\\/\\\/schema.org\",\"@graph\":[{\"@type\":\"WebPage\",\"@id\":\"https:\\\/\\\/repliquemangacine.fr\\\/de\\\/katana-die-schwerter-aus-filmen-und-serien\\\/leonidas-schwert-aus-dem-film-300\\\/\",\"url\":\"https:\\\/\\\/repliquemangacine.fr\\\/de\\\/katana-die-schwerter-aus-filmen-und-serien\\\/leonidas-schwert-aus-dem-film-300\\\/\",\"name\":\"Sabre L\u00e9onidas du film 300 - R\u00e9plique Manga Cin\u00e9\",\"isPartOf\":{\"@id\":\"https:\\\/\\\/repliquemangacine.fr\\\/#website\"},\"primaryImageOfPage\":{\"@id\":\"https:\\\/\\\/repliquemangacine.fr\\\/de\\\/katana-die-schwerter-aus-filmen-und-serien\\\/leonidas-schwert-aus-dem-film-300\\\/#primaryimage\"},\"image\":{\"@id\":\"https:\\\/\\\/repliquemangacine.fr\\\/de\\\/katana-die-schwerter-aus-filmen-und-serien\\\/leonidas-schwert-aus-dem-film-300\\\/#primaryimage\"},\"thumbnailUrl\":\"https:\\\/\\\/repliquemangacine.fr\\\/wp-content\\\/uploads\\\/2023\\\/10\\\/epee-300.jpg\",\"datePublished\":\"2021-07-07T13:58:34+00:00\",\"dateModified\":\"2025-12-07T21:20:57+00:00\",\"description\":\"Offrez-vous le Sabre L\u00e9onidas du film 300 au meilleur prix. Lame en acier 440 - Garde en m\u00e9tal plein - Fourreau en similicuir - Longueur totale : 71 cm\",\"breadcrumb\":{\"@id\":\"https:\\\/\\\/repliquemangacine.fr\\\/de\\\/katana-die-schwerter-aus-filmen-und-serien\\\/leonidas-schwert-aus-dem-film-300\\\/#breadcrumb\"},\"inLanguage\":\"es\",\"potentialAction\":[{\"@type\":\"ReadAction\",\"target\":[\"https:\\\/\\\/repliquemangacine.fr\\\/de\\\/katana-die-schwerter-aus-filmen-und-serien\\\/leonidas-schwert-aus-dem-film-300\\\/\"]}]},{\"@type\":\"ImageObject\",\"inLanguage\":\"es\",\"@id\":\"https:\\\/\\\/repliquemangacine.fr\\\/de\\\/katana-die-schwerter-aus-filmen-und-serien\\\/leonidas-schwert-aus-dem-film-300\\\/#primaryimage\",\"url\":\"https:\\\/\\\/repliquemangacine.fr\\\/wp-content\\\/uploads\\\/2023\\\/10\\\/epee-300.jpg\",\"contentUrl\":\"https:\\\/\\\/repliquemangacine.fr\\\/wp-content\\\/uploads\\\/2023\\\/10\\\/epee-300.jpg\",\"width\":800,\"height\":800,\"caption\":\"Sabre L\u00e9onidas du film 300\"},{\"@type\":\"BreadcrumbList\",\"@id\":\"https:\\\/\\\/repliquemangacine.fr\\\/de\\\/katana-die-schwerter-aus-filmen-und-serien\\\/leonidas-schwert-aus-dem-film-300\\\/#breadcrumb\",\"itemListElement\":[{\"@type\":\"ListItem\",\"position\":1,\"name\":\"Accueil\",\"item\":\"https:\\\/\\\/repliquemangacine.fr\\\/\"},{\"@type\":\"ListItem\",\"position\":2,\"name\":\"Produits\",\"item\":\"https:\\\/\\\/repliquemangacine.fr\\\/boutique\\\/\"},{\"@type\":\"ListItem\",\"position\":3,\"name\":\"Sabre L\u00e9onidas du film 300\"}]},{\"@type\":\"WebSite\",\"@id\":\"https:\\\/\\\/repliquemangacine.fr\\\/#website\",\"url\":\"https:\\\/\\\/repliquemangacine.fr\\\/\",\"name\":\"R\u00e9plique Manga Cin\u00e9\",\"description\":\"\",\"publisher\":{\"@id\":\"https:\\\/\\\/repliquemangacine.fr\\\/#organization\"},\"potentialAction\":[{\"@type\":\"SearchAction\",\"target\":{\"@type\":\"EntryPoint\",\"urlTemplate\":\"https:\\\/\\\/repliquemangacine.fr\\\/?s={search_term_string}\"},\"query-input\":{\"@type\":\"PropertyValueSpecification\",\"valueRequired\":true,\"valueName\":\"search_term_string\"}}],\"inLanguage\":\"es\"},{\"@type\":\"Organization\",\"@id\":\"https:\\\/\\\/repliquemangacine.fr\\\/#organization\",\"name\":\"R\u00e9plique Manga Cin\u00e9\",\"url\":\"https:\\\/\\\/repliquemangacine.fr\\\/\",\"logo\":{\"@type\":\"ImageObject\",\"inLanguage\":\"es\",\"@id\":\"https:\\\/\\\/repliquemangacine.fr\\\/#\\\/schema\\\/logo\\\/image\\\/\",\"url\":\"https:\\\/\\\/repliquemangacine.fr\\\/wp-content\\\/uploads\\\/2023\\\/10\\\/RMC-500250.png\",\"contentUrl\":\"https:\\\/\\\/repliquemangacine.fr\\\/wp-content\\\/uploads\\\/2023\\\/10\\\/RMC-500250.png\",\"width\":500,\"height\":250,\"caption\":\"R\u00e9plique Manga Cin\u00e9\"},\"image\":{\"@id\":\"https:\\\/\\\/repliquemangacine.fr\\\/#\\\/schema\\\/logo\\\/image\\\/\"},\"sameAs\":[\"https:\\\/\\\/www.facebook.com\\\/RepliqueMangaCine\",\"https:\\\/\\\/www.instagram.com\\\/repliquemangacine.fr\\\/\"]}]}<\/script>\n<!-- \/ Yoast SEO plugin. -->","yoast_head_json":{"title":"Espada de Le\u00f3nidas de la pel\u00edcula 300 - R\u00e9plique Manga Cin\u00e9","description":"Reg\u00e1late el sable Le\u00f3nidas de la pel\u00edcula 300 al mejor precio. Hoja de acero 440 - Guarda completa de metal - Vaina de polipiel - Longitud total: 71 cm","robots":{"index":"index","follow":"follow","max-snippet":"max-snippet:-1","max-image-preview":"max-image-preview:large","max-video-preview":"max-video-preview:-1"},"canonical":"https:\/\/repliquemangacine.fr\/es\/espadas-katana-de-peliculas-y-series\/espada-de-leonidas-de-la-pelicula-301\/","og_locale":"es_ES","og_type":"article","og_title":"Sabre L\u00e9onidas du film 300 - R\u00e9plique Manga Cin\u00e9","og_description":"Offrez-vous le Sabre L\u00e9onidas du film 300 au meilleur prix. Lame en acier 440 - Garde en m\u00e9tal plein - Fourreau en similicuir - Longueur totale : 71 cm","og_url":"https:\/\/repliquemangacine.fr\/es\/espadas-katana-de-peliculas-y-series\/espada-de-leonidas-de-la-pelicula-301\/","og_site_name":"R\u00e9plique Manga Cin\u00e9","article_publisher":"https:\/\/www.facebook.com\/RepliqueMangaCine","article_modified_time":"2025-12-07T21:20:57+00:00","og_image":[{"width":800,"height":800,"url":"https:\/\/repliquemangacine.fr\/wp-content\/uploads\/2023\/10\/epee-300.jpg","type":"image\/jpeg"}],"twitter_card":"summary_large_image","twitter_misc":{"Tiempo de lectura":"1 minuto"},"schema":{"@context":"https:\/\/schema.org","@graph":[{"@type":"WebPage","@id":"https:\/\/repliquemangacine.fr\/de\/katana-die-schwerter-aus-filmen-und-serien\/leonidas-schwert-aus-dem-film-300\/","url":"https:\/\/repliquemangacine.fr\/de\/katana-die-schwerter-aus-filmen-und-serien\/leonidas-schwert-aus-dem-film-300\/","name":"Espada de Le\u00f3nidas de la pel\u00edcula 300 - R\u00e9plique Manga Cin\u00e9","isPartOf":{"@id":"https:\/\/repliquemangacine.fr\/#website"},"primaryImageOfPage":{"@id":"https:\/\/repliquemangacine.fr\/de\/katana-die-schwerter-aus-filmen-und-serien\/leonidas-schwert-aus-dem-film-300\/#primaryimage"},"image":{"@id":"https:\/\/repliquemangacine.fr\/de\/katana-die-schwerter-aus-filmen-und-serien\/leonidas-schwert-aus-dem-film-300\/#primaryimage"},"thumbnailUrl":"https:\/\/repliquemangacine.fr\/wp-content\/uploads\/2023\/10\/epee-300.jpg","datePublished":"2021-07-07T13:58:34+00:00","dateModified":"2025-12-07T21:20:57+00:00","description":"Reg\u00e1late el sable Le\u00f3nidas de la pel\u00edcula 300 al mejor precio. Hoja de acero 440 - Guarda completa de metal - Vaina de polipiel - Longitud total: 71 cm","breadcrumb":{"@id":"https:\/\/repliquemangacine.fr\/de\/katana-die-schwerter-aus-filmen-und-serien\/leonidas-schwert-aus-dem-film-300\/#breadcrumb"},"inLanguage":"es","potentialAction":[{"@type":"ReadAction","target":["https:\/\/repliquemangacine.fr\/de\/katana-die-schwerter-aus-filmen-und-serien\/leonidas-schwert-aus-dem-film-300\/"]}]},{"@type":"ImageObject","inLanguage":"es","@id":"https:\/\/repliquemangacine.fr\/de\/katana-die-schwerter-aus-filmen-und-serien\/leonidas-schwert-aus-dem-film-300\/#primaryimage","url":"https:\/\/repliquemangacine.fr\/wp-content\/uploads\/2023\/10\/epee-300.jpg","contentUrl":"https:\/\/repliquemangacine.fr\/wp-content\/uploads\/2023\/10\/epee-300.jpg","width":800,"height":800,"caption":"Sabre L\u00e9onidas du film 300"},{"@type":"BreadcrumbList","@id":"https:\/\/repliquemangacine.fr\/de\/katana-die-schwerter-aus-filmen-und-serien\/leonidas-schwert-aus-dem-film-300\/#breadcrumb","itemListElement":[{"@type":"ListItem","position":1,"name":"Accueil","item":"https:\/\/repliquemangacine.fr\/"},{"@type":"ListItem","position":2,"name":"Produits","item":"https:\/\/repliquemangacine.fr\/boutique\/"},{"@type":"ListItem","position":3,"name":"Sabre L\u00e9onidas du film 300"}]},{"@type":"WebSite","@id":"https:\/\/repliquemangacine.fr\/#website","url":"https:\/\/repliquemangacine.fr\/","name":"R\u00e9plique Manga Cin\u00e9","description":"","publisher":{"@id":"https:\/\/repliquemangacine.fr\/#organization"},"potentialAction":[{"@type":"SearchAction","target":{"@type":"EntryPoint","urlTemplate":"https:\/\/repliquemangacine.fr\/?s={search_term_string}"},"query-input":{"@type":"PropertyValueSpecification","valueRequired":true,"valueName":"search_term_string"}}],"inLanguage":"es"},{"@type":"Organization","@id":"https:\/\/repliquemangacine.fr\/#organization","name":"R\u00e9plique Manga Cin\u00e9","url":"https:\/\/repliquemangacine.fr\/","logo":{"@type":"ImageObject","inLanguage":"es","@id":"https:\/\/repliquemangacine.fr\/#\/schema\/logo\/image\/","url":"https:\/\/repliquemangacine.fr\/wp-content\/uploads\/2023\/10\/RMC-500250.png","contentUrl":"https:\/\/repliquemangacine.fr\/wp-content\/uploads\/2023\/10\/RMC-500250.png","width":500,"height":250,"caption":"R\u00e9plique Manga Cin\u00e9"},"image":{"@id":"https:\/\/repliquemangacine.fr\/#\/schema\/logo\/image\/"},"sameAs":["https:\/\/www.facebook.com\/RepliqueMangaCine","https:\/\/www.instagram.com\/repliquemangacine.fr\/"]}]}},"_links":{"self":[{"href":"https:\/\/repliquemangacine.fr\/es\/wp-json\/wp\/v2\/product\/41073","targetHints":{"allow":["GET"]}}],"collection":[{"href":"https:\/\/repliquemangacine.fr\/es\/wp-json\/wp\/v2\/product"}],"about":[{"href":"https:\/\/repliquemangacine.fr\/es\/wp-json\/wp\/v2\/types\/product"}],"wp:featuredmedia":[{"embeddable":true,"href":"https:\/\/repliquemangacine.fr\/es\/wp-json\/wp\/v2\/media\/41074"}],"wp:attachment":[{"href":"https:\/\/repliquemangacine.fr\/es\/wp-json\/wp\/v2\/media?parent=41073"}],"wp:term":[{"taxonomy":"product_brand","embeddable":true,"href":"https:\/\/repliquemangacine.fr\/es\/wp-json\/wp\/v2\/product_brand?post=41073"},{"taxonomy":"product_cat","embeddable":true,"href":"https:\/\/repliquemangacine.fr\/es\/wp-json\/wp\/v2\/product_cat?post=41073"},{"taxonomy":"product_tag","embeddable":true,"href":"https:\/\/repliquemangacine.fr\/es\/wp-json\/wp\/v2\/product_tag?post=41073"}],"curies":[{"name":"wp","href":"https:\/\/api.w.org\/{rel}","templated":true}]}}