





{"id":40383,"date":"2021-05-21T13:36:57","date_gmt":"2021-05-21T11:36:57","guid":{"rendered":"https:\/\/repliquemangacine.fr\/?post_type=product&#038;p=40383"},"modified":"2025-12-01T19:08:21","modified_gmt":"2025-12-01T18:08:21","slug":"replica-de-ametralladora-mg34-con-tripodes-denix","status":"publish","type":"product","link":"https:\/\/repliquemangacine.fr\/es\/reproductions-armes-seconde-guerre-mondiale-denix\/replique-mitrailleuse-mg34-avec-trepieds-denix\/","title":{"rendered":"Ametralladora MG-34 Denix"},"content":{"rendered":"<h2>R\u00e9plica de ametralladora MG34 - Denix.<\/h2>\n<p>Para empezar, el <strong>Ametralladora MG34<\/strong> o Maschinengewehr 34, ametralladora alemana de retroceso y refrigeraci\u00f3n por aire, utilizada durante la Segunda Guerra Mundial.<\/p>\n<p>Su versatilidad era revolucionaria, ya que permit\u00eda utilizarlo sobre su b\u00edpode para el tiro antia\u00e9reo. Adem\u00e1s, el b\u00edpode ten\u00eda dos posiciones.<\/p>\n<p>La ametralladora ten\u00eda un selector de disparo que permit\u00eda disparar tiro a tiro al presionar la base del gatillo.<\/p>\n<p>Se utiliz\u00f3 hasta la aparici\u00f3n masiva de la MG 42, menos costosa y menos sensible a la suciedad. No obstante, la MG34 se utiliz\u00f3 durante toda la guerra, en su versi\u00f3n de ca\u00f1\u00f3n pesado montado en blindados, MG 34T.<\/p>\n<p>Alemania hab\u00eda logrado fabricar lo que probablemente se convertir\u00eda en la mejor ametralladora de la Segunda Guerra Mundial.<\/p>\n<h2>Tu ametralladora MG34 al mejor precio.<\/h2>\n<p>Ofrecemos una amplia gama de reproducciones de armas hist\u00f3ricas.<\/p>\n<p>Lo primero y m\u00e1s importante,<\/p>\n<ul>\n<li>La ametralladora, la <a href=\"https:\/\/repliquemangacine.fr\/es\/reproducciones-darmes\/pistolet-mitrailleur-mp40-denix\/\">MP40<\/a> apodado \"Schmeisser\" por los aliados.<\/li>\n<li>Adem\u00e1s del emblem\u00e1tico fusil <a href=\"https:\/\/repliquemangacine.fr\/es\/armas-historicas\/fusil-garand-m1\/\">M1 Garand<\/a> G.I. americano<\/li>\n<li>Tambi\u00e9n est\u00e1 el Rifle Ingl\u00e9s <a href=\"https:\/\/repliquemangacine.fr\/es\/reproducciones-darmes\/lee-enfield-smle-mark-iii-rifle-ingles\/\">Lee-Enfield SMLE<\/a> Marca II<\/li>\n<li>Y muchos m\u00e1s por descubrir en nuestra tienda en l\u00ednea.<\/li>\n<\/ul>\n<p>Por eso es una magn\u00edfica idea de regalo para todos los amantes de las armas hist\u00f3ricas.<\/p>\n<p>En conclusi\u00f3n, puede utilizar esta <strong>Ametralladora MG34<\/strong> para sus recreaciones hist\u00f3ricas. Pero, sobre todo, esta arma es una pieza de coleccionista y una pieza decorativa.<\/p>\n<p>R\u00e9plique Manga Cin\u00e9 es una empresa francesa y distribuidor oficial de la marca <a href=\"https:\/\/www.denix.fr\/fr\/catalogue\/guerres-mondiales-1914-1945\/mitraillettes-et-mitrailleuses\/1317\/\" target=\"_blank\" rel=\"noopener noreferrer\">Denix<\/a>.<\/p>\n<h2>\u00bfC\u00f3mo se fabrican las r\u00e9plicas de armas Denix?<\/h2>\n<p>Utilizadas en recreaciones hist\u00f3ricas, pel\u00edculas, series y por coleccionistas. Las reproducciones Denix est\u00e1n fabricadas con materiales de alta calidad. Cuidadosamente elaboradas y ensambladas para crear armas de colecci\u00f3n realistas.<\/p>\n<ul>\n<li>Los metales se encuentran en una aleaci\u00f3n met\u00e1lica conocida como Zamac, cuya composici\u00f3n b\u00e1sica es zinc en 95%.<\/li>\n<li>Las piezas de pl\u00e1stico de las r\u00e9plicas son de ABS moldeado, que ofrece una gran resistencia.<\/li>\n<li>Las maderas elegidas por su belleza y durabilidad, como la caoba, el olivo o el nogal, dar\u00e1n a sus culatas y barricas un aspecto elegante y aut\u00e9ntico.<\/li>\n<\/ul>\n<p>Cabe se\u00f1alar que todas las reproducciones Denix son id\u00e9nticas a los originales, como su <strong>Ametralladora MG34<\/strong>.<\/p>","protected":false},"excerpt":{"rendered":"<p>Esta reproducci\u00f3n de la ametralladora MG-34 es id\u00e9ntica a la original.<\/p>\n<ul>\n<li>Culata de madera maciza.<\/li>\n<li>Cuerpo y piezas met\u00e1licas de Zamac.<\/li>\n<li>Dispara y golpea como una verdadera MG34.<\/li>\n<li>No apto para disparar.<\/li>\n<li>B\u00edpode m\u00f3vil.<\/li>\n<li>Longitud total: 122 cm - Peso: 6940 Grs<\/li>\n<li><strong>No se requiere autorizaci\u00f3n. Venta y posesi\u00f3n libres<\/strong><\/li>\n<\/ul>\n<p><iframe title=\"Reproductor de v\u00eddeo YouTube\" src=\"https:\/\/www.youtube.com\/embed\/IY47UBjv7lU\" width=\"560\" height=\"315\" frameborder=\"0\" allowfullscreen=\"allowfullscreen\"><\/iframe><\/p>\n<p><strong>\u00a0<\/strong><\/p>","protected":false},"featured_media":40384,"template":"","meta":[],"product_brand":[896],"product_cat":[25,102,46,54,28,76],"product_tag":[],"class_list":{"0":"post-40383","1":"product","2":"type-product","3":"status-publish","4":"has-post-thumbnail","6":"product_brand-replique-manga-cine","7":"product_cat-armes-historiques","8":"product_cat-denix","9":"product_cat-fusil-d-assaut-fusil-moderne","10":"product_cat-armes-accessoires-guerre-mondiale","11":"product_cat-repliques-darmes","12":"product_cat-reproductions-armes-seconde-guerre-mondiale-denix","14":"first","15":"instock","16":"taxable","17":"shipping-taxable","18":"purchasable","19":"product-type-simple"},"yoast_head":"<!-- This site is optimized with the Yoast SEO plugin v27.4 - https:\/\/yoast.com\/product\/yoast-seo-wordpress\/ -->\n<title>Mitrailleuse MG34 avec Bipieds - Denix - R\u00e9plique Manga Cin\u00e9<\/title>\n<meta name=\"description\" content=\"Offrez-vous la Mitrailleuse MG34 de Denix au meilleur prix - Tout en acier Zamac - M\u00e9canisme fonctionnel - Bipieds - Inapte au tir - Longueur : 122 cm\" \/>\n<meta name=\"robots\" content=\"index, follow, max-snippet:-1, max-image-preview:large, max-video-preview:-1\" \/>\n<link rel=\"canonical\" href=\"https:\/\/repliquemangacine.fr\/es\/denix\/replica-de-ametralladora-mg34-con-tripodes-denix\/\" \/>\n<meta property=\"og:locale\" content=\"es_ES\" \/>\n<meta property=\"og:type\" content=\"article\" \/>\n<meta property=\"og:title\" content=\"Mitrailleuse MG34 avec Bipieds - Denix - R\u00e9plique Manga Cin\u00e9\" \/>\n<meta property=\"og:description\" content=\"Offrez-vous la Mitrailleuse MG34 de Denix au meilleur prix - Tout en acier Zamac - M\u00e9canisme fonctionnel - Bipieds - Inapte au tir - Longueur : 122 cm\" \/>\n<meta property=\"og:url\" content=\"https:\/\/repliquemangacine.fr\/es\/denix\/replica-de-ametralladora-mg34-con-tripodes-denix\/\" \/>\n<meta property=\"og:site_name\" content=\"R\u00e9plique Manga Cin\u00e9\" \/>\n<meta property=\"article:publisher\" content=\"https:\/\/www.facebook.com\/RepliqueMangaCine\" \/>\n<meta property=\"article:modified_time\" content=\"2025-12-01T18:08:21+00:00\" \/>\n<meta property=\"og:image\" content=\"https:\/\/repliquemangacine.fr\/wp-content\/uploads\/2023\/10\/mitrailleuse-mg-34-denix.jpg\" \/>\n\t<meta property=\"og:image:width\" content=\"600\" \/>\n\t<meta property=\"og:image:height\" content=\"600\" \/>\n\t<meta property=\"og:image:type\" content=\"image\/jpeg\" \/>\n<meta name=\"twitter:card\" content=\"summary_large_image\" \/>\n<meta name=\"twitter:label1\" content=\"Tiempo de lectura\" \/>\n\t<meta name=\"twitter:data1\" content=\"3 minutos\" \/>\n<script type=\"application\/ld+json\" class=\"yoast-schema-graph\">{\"@context\":\"https:\\\/\\\/schema.org\",\"@graph\":[{\"@type\":\"WebPage\",\"@id\":\"https:\\\/\\\/repliquemangacine.fr\\\/de\\\/denix\\\/replika-maschinengewehr-mg34-mit-stativen-denix\\\/\",\"url\":\"https:\\\/\\\/repliquemangacine.fr\\\/de\\\/denix\\\/replika-maschinengewehr-mg34-mit-stativen-denix\\\/\",\"name\":\"Mitrailleuse MG34 avec Bipieds - Denix - R\u00e9plique Manga Cin\u00e9\",\"isPartOf\":{\"@id\":\"https:\\\/\\\/repliquemangacine.fr\\\/#website\"},\"primaryImageOfPage\":{\"@id\":\"https:\\\/\\\/repliquemangacine.fr\\\/de\\\/denix\\\/replika-maschinengewehr-mg34-mit-stativen-denix\\\/#primaryimage\"},\"image\":{\"@id\":\"https:\\\/\\\/repliquemangacine.fr\\\/de\\\/denix\\\/replika-maschinengewehr-mg34-mit-stativen-denix\\\/#primaryimage\"},\"thumbnailUrl\":\"https:\\\/\\\/repliquemangacine.fr\\\/wp-content\\\/uploads\\\/2023\\\/10\\\/mitrailleuse-mg-34-denix.jpg\",\"datePublished\":\"2021-05-21T11:36:57+00:00\",\"dateModified\":\"2025-12-01T18:08:21+00:00\",\"description\":\"Offrez-vous la Mitrailleuse MG34 de Denix au meilleur prix - Tout en acier Zamac - M\u00e9canisme fonctionnel - Bipieds - Inapte au tir - Longueur : 122 cm\",\"breadcrumb\":{\"@id\":\"https:\\\/\\\/repliquemangacine.fr\\\/de\\\/denix\\\/replika-maschinengewehr-mg34-mit-stativen-denix\\\/#breadcrumb\"},\"inLanguage\":\"es\",\"potentialAction\":[{\"@type\":\"ReadAction\",\"target\":[\"https:\\\/\\\/repliquemangacine.fr\\\/de\\\/denix\\\/replika-maschinengewehr-mg34-mit-stativen-denix\\\/\"]}]},{\"@type\":\"ImageObject\",\"inLanguage\":\"es\",\"@id\":\"https:\\\/\\\/repliquemangacine.fr\\\/de\\\/denix\\\/replika-maschinengewehr-mg34-mit-stativen-denix\\\/#primaryimage\",\"url\":\"https:\\\/\\\/repliquemangacine.fr\\\/wp-content\\\/uploads\\\/2023\\\/10\\\/mitrailleuse-mg-34-denix.jpg\",\"contentUrl\":\"https:\\\/\\\/repliquemangacine.fr\\\/wp-content\\\/uploads\\\/2023\\\/10\\\/mitrailleuse-mg-34-denix.jpg\",\"width\":600,\"height\":600,\"caption\":\"mitrailleuse-mg-34-denix\"},{\"@type\":\"BreadcrumbList\",\"@id\":\"https:\\\/\\\/repliquemangacine.fr\\\/de\\\/denix\\\/replika-maschinengewehr-mg34-mit-stativen-denix\\\/#breadcrumb\",\"itemListElement\":[{\"@type\":\"ListItem\",\"position\":1,\"name\":\"Accueil\",\"item\":\"https:\\\/\\\/repliquemangacine.fr\\\/\"},{\"@type\":\"ListItem\",\"position\":2,\"name\":\"Produits\",\"item\":\"https:\\\/\\\/repliquemangacine.fr\\\/boutique\\\/\"},{\"@type\":\"ListItem\",\"position\":3,\"name\":\"Mitrailleuse MG-34 Denix\"}]},{\"@type\":\"WebSite\",\"@id\":\"https:\\\/\\\/repliquemangacine.fr\\\/#website\",\"url\":\"https:\\\/\\\/repliquemangacine.fr\\\/\",\"name\":\"R\u00e9plique Manga Cin\u00e9\",\"description\":\"\",\"publisher\":{\"@id\":\"https:\\\/\\\/repliquemangacine.fr\\\/#organization\"},\"potentialAction\":[{\"@type\":\"SearchAction\",\"target\":{\"@type\":\"EntryPoint\",\"urlTemplate\":\"https:\\\/\\\/repliquemangacine.fr\\\/?s={search_term_string}\"},\"query-input\":{\"@type\":\"PropertyValueSpecification\",\"valueRequired\":true,\"valueName\":\"search_term_string\"}}],\"inLanguage\":\"es\"},{\"@type\":\"Organization\",\"@id\":\"https:\\\/\\\/repliquemangacine.fr\\\/#organization\",\"name\":\"R\u00e9plique Manga Cin\u00e9\",\"url\":\"https:\\\/\\\/repliquemangacine.fr\\\/\",\"logo\":{\"@type\":\"ImageObject\",\"inLanguage\":\"es\",\"@id\":\"https:\\\/\\\/repliquemangacine.fr\\\/#\\\/schema\\\/logo\\\/image\\\/\",\"url\":\"https:\\\/\\\/repliquemangacine.fr\\\/wp-content\\\/uploads\\\/2023\\\/10\\\/RMC-500250.png\",\"contentUrl\":\"https:\\\/\\\/repliquemangacine.fr\\\/wp-content\\\/uploads\\\/2023\\\/10\\\/RMC-500250.png\",\"width\":500,\"height\":250,\"caption\":\"R\u00e9plique Manga Cin\u00e9\"},\"image\":{\"@id\":\"https:\\\/\\\/repliquemangacine.fr\\\/#\\\/schema\\\/logo\\\/image\\\/\"},\"sameAs\":[\"https:\\\/\\\/www.facebook.com\\\/RepliqueMangaCine\",\"https:\\\/\\\/www.instagram.com\\\/repliquemangacine.fr\\\/\"]}]}<\/script>\n<!-- \/ Yoast SEO plugin. -->","yoast_head_json":{"title":"MG34 Ametralladora con b\u00edpodes - Denix - R\u00e9plique Manga Cin\u00e9","description":"Reg\u00e1lese la ametralladora Denix MG34 al mejor precio - Toda de acero Zamac - Mecanismo funcional - B\u00edpodes - No dispara - Longitud: 122 cm","robots":{"index":"index","follow":"follow","max-snippet":"max-snippet:-1","max-image-preview":"max-image-preview:large","max-video-preview":"max-video-preview:-1"},"canonical":"https:\/\/repliquemangacine.fr\/es\/denix\/replica-de-ametralladora-mg34-con-tripodes-denix\/","og_locale":"es_ES","og_type":"article","og_title":"Mitrailleuse MG34 avec Bipieds - Denix - R\u00e9plique Manga Cin\u00e9","og_description":"Offrez-vous la Mitrailleuse MG34 de Denix au meilleur prix - Tout en acier Zamac - M\u00e9canisme fonctionnel - Bipieds - Inapte au tir - Longueur : 122 cm","og_url":"https:\/\/repliquemangacine.fr\/es\/denix\/replica-de-ametralladora-mg34-con-tripodes-denix\/","og_site_name":"R\u00e9plique Manga Cin\u00e9","article_publisher":"https:\/\/www.facebook.com\/RepliqueMangaCine","article_modified_time":"2025-12-01T18:08:21+00:00","og_image":[{"width":600,"height":600,"url":"https:\/\/repliquemangacine.fr\/wp-content\/uploads\/2023\/10\/mitrailleuse-mg-34-denix.jpg","type":"image\/jpeg"}],"twitter_card":"summary_large_image","twitter_misc":{"Tiempo de lectura":"3 minutos"},"schema":{"@context":"https:\/\/schema.org","@graph":[{"@type":"WebPage","@id":"https:\/\/repliquemangacine.fr\/de\/denix\/replika-maschinengewehr-mg34-mit-stativen-denix\/","url":"https:\/\/repliquemangacine.fr\/de\/denix\/replika-maschinengewehr-mg34-mit-stativen-denix\/","name":"MG34 Ametralladora con b\u00edpodes - Denix - R\u00e9plique Manga Cin\u00e9","isPartOf":{"@id":"https:\/\/repliquemangacine.fr\/#website"},"primaryImageOfPage":{"@id":"https:\/\/repliquemangacine.fr\/de\/denix\/replika-maschinengewehr-mg34-mit-stativen-denix\/#primaryimage"},"image":{"@id":"https:\/\/repliquemangacine.fr\/de\/denix\/replika-maschinengewehr-mg34-mit-stativen-denix\/#primaryimage"},"thumbnailUrl":"https:\/\/repliquemangacine.fr\/wp-content\/uploads\/2023\/10\/mitrailleuse-mg-34-denix.jpg","datePublished":"2021-05-21T11:36:57+00:00","dateModified":"2025-12-01T18:08:21+00:00","description":"Reg\u00e1lese la ametralladora Denix MG34 al mejor precio - Toda de acero Zamac - Mecanismo funcional - B\u00edpodes - No dispara - Longitud: 122 cm","breadcrumb":{"@id":"https:\/\/repliquemangacine.fr\/de\/denix\/replika-maschinengewehr-mg34-mit-stativen-denix\/#breadcrumb"},"inLanguage":"es","potentialAction":[{"@type":"ReadAction","target":["https:\/\/repliquemangacine.fr\/de\/denix\/replika-maschinengewehr-mg34-mit-stativen-denix\/"]}]},{"@type":"ImageObject","inLanguage":"es","@id":"https:\/\/repliquemangacine.fr\/de\/denix\/replika-maschinengewehr-mg34-mit-stativen-denix\/#primaryimage","url":"https:\/\/repliquemangacine.fr\/wp-content\/uploads\/2023\/10\/mitrailleuse-mg-34-denix.jpg","contentUrl":"https:\/\/repliquemangacine.fr\/wp-content\/uploads\/2023\/10\/mitrailleuse-mg-34-denix.jpg","width":600,"height":600,"caption":"mitrailleuse-mg-34-denix"},{"@type":"BreadcrumbList","@id":"https:\/\/repliquemangacine.fr\/de\/denix\/replika-maschinengewehr-mg34-mit-stativen-denix\/#breadcrumb","itemListElement":[{"@type":"ListItem","position":1,"name":"Accueil","item":"https:\/\/repliquemangacine.fr\/"},{"@type":"ListItem","position":2,"name":"Produits","item":"https:\/\/repliquemangacine.fr\/boutique\/"},{"@type":"ListItem","position":3,"name":"Mitrailleuse MG-34 Denix"}]},{"@type":"WebSite","@id":"https:\/\/repliquemangacine.fr\/#website","url":"https:\/\/repliquemangacine.fr\/","name":"R\u00e9plique Manga Cin\u00e9","description":"","publisher":{"@id":"https:\/\/repliquemangacine.fr\/#organization"},"potentialAction":[{"@type":"SearchAction","target":{"@type":"EntryPoint","urlTemplate":"https:\/\/repliquemangacine.fr\/?s={search_term_string}"},"query-input":{"@type":"PropertyValueSpecification","valueRequired":true,"valueName":"search_term_string"}}],"inLanguage":"es"},{"@type":"Organization","@id":"https:\/\/repliquemangacine.fr\/#organization","name":"R\u00e9plique Manga Cin\u00e9","url":"https:\/\/repliquemangacine.fr\/","logo":{"@type":"ImageObject","inLanguage":"es","@id":"https:\/\/repliquemangacine.fr\/#\/schema\/logo\/image\/","url":"https:\/\/repliquemangacine.fr\/wp-content\/uploads\/2023\/10\/RMC-500250.png","contentUrl":"https:\/\/repliquemangacine.fr\/wp-content\/uploads\/2023\/10\/RMC-500250.png","width":500,"height":250,"caption":"R\u00e9plique Manga Cin\u00e9"},"image":{"@id":"https:\/\/repliquemangacine.fr\/#\/schema\/logo\/image\/"},"sameAs":["https:\/\/www.facebook.com\/RepliqueMangaCine","https:\/\/www.instagram.com\/repliquemangacine.fr\/"]}]}},"_links":{"self":[{"href":"https:\/\/repliquemangacine.fr\/es\/wp-json\/wp\/v2\/product\/40383","targetHints":{"allow":["GET"]}}],"collection":[{"href":"https:\/\/repliquemangacine.fr\/es\/wp-json\/wp\/v2\/product"}],"about":[{"href":"https:\/\/repliquemangacine.fr\/es\/wp-json\/wp\/v2\/types\/product"}],"wp:featuredmedia":[{"embeddable":true,"href":"https:\/\/repliquemangacine.fr\/es\/wp-json\/wp\/v2\/media\/40384"}],"wp:attachment":[{"href":"https:\/\/repliquemangacine.fr\/es\/wp-json\/wp\/v2\/media?parent=40383"}],"wp:term":[{"taxonomy":"product_brand","embeddable":true,"href":"https:\/\/repliquemangacine.fr\/es\/wp-json\/wp\/v2\/product_brand?post=40383"},{"taxonomy":"product_cat","embeddable":true,"href":"https:\/\/repliquemangacine.fr\/es\/wp-json\/wp\/v2\/product_cat?post=40383"},{"taxonomy":"product_tag","embeddable":true,"href":"https:\/\/repliquemangacine.fr\/es\/wp-json\/wp\/v2\/product_tag?post=40383"}],"curies":[{"name":"wp","href":"https:\/\/api.w.org\/{rel}","templated":true}]}}