





{"id":29336,"date":"2021-03-18T14:21:43","date_gmt":"2021-03-18T13:21:43","guid":{"rendered":"https:\/\/repliquemangacine.fr\/?post_type=product&#038;p=29336"},"modified":"2026-03-12T12:09:49","modified_gmt":"2026-03-12T11:09:49","slug":"bate-de-beisbol-harley-quinn","status":"publish","type":"product","link":"https:\/\/repliquemangacine.fr\/es\/super-heros-marvel\/harley-quinn-batte-de-baseball\/","title":{"rendered":"Harley Quinn - Bate de b\u00e9isbol"},"content":{"rendered":"<h2>El bate de Harley Quinn en Escuadr\u00f3n Suicida DC.<\/h2>\n<p>Para empezar, el murci\u00e9lago de Harley Quinn en Escuadr\u00f3n Suicida, bajo licencia oficial de Suicide Squad DC comics distribuido por <a href=\"https:\/\/noblecollection.fr\/harley-quinn-batte-baseball-suicide-squad-comics-p-5546.html\" target=\"_blank\" rel=\"noopener noreferrer\">La Colecci\u00f3n Noble<\/a>.<\/p>\n<p>Harleen Frances Quinzel, una joven psiquiatra, trabaja en la rehabilitaci\u00f3n de pacientes en el manicomio de Arkham hasta que conoce al Joker.<\/p>\n<p>Harleen se enamora del psic\u00f3pata. Le ayuda a escapar varias veces, antes de ser descubierta. Destituida, obtiene su propia celda en el manicomio.<\/p>\n<p>Su relaci\u00f3n amorosa con el Joker est\u00e1 marcada por el exceso y el abuso. Maltratada psicol\u00f3gica y f\u00edsicamente por su \u00abcabrito\u00bb o su \u00abpato\u00bb, seg\u00fan las versiones, siempre vuelve con \u00e9l. Esta relaci\u00f3n tambi\u00e9n est\u00e1 salpicada de largos periodos de separaci\u00f3n o de los conflictos habituales que caracterizan a esta pareja.<\/p>\n<h2>Tu Murci\u00e9lago Harley Quinn al mejor precio.<\/h2>\n<p>Le ofrecemos todas las r\u00e9plicas de objetos de colecci\u00f3n de sus superh\u00e9roes favoritos.<\/p>\n<p>Lo primero y m\u00e1s importante,<\/p>\n<ul>\n<li>El famoso <a href=\"https:\/\/repliquemangacine.fr\/es\/superheroes\/el-baston-del-escuadron-suicida-del-joker\/\">Bast\u00f3n Joker<\/a> con brillantes en el mango.<\/li>\n<li>Tambi\u00e9n hay <a href=\"https:\/\/repliquemangacine.fr\/es\/superheroes\/palo-luminoso-viuda-negra\/\">Bastones luminosos Black Widow<\/a> con bot\u00f3n interruptor en las asas.<\/li>\n<li>Adem\u00e1s de la enorme <a href=\"https:\/\/repliquemangacine.fr\/es\/superheroes\/double-epee-de-thanos-avengers-endgame\/\">espada de Thanos<\/a> en fibra de vidrio.<\/li>\n<li>Y muchos m\u00e1s del universo Marvel.<\/li>\n<\/ul>\n<p>Por eso, esta es una idea estupenda para regalar a los fans de Batman y Suicide Squad.<\/p>\n<p>En conclusi\u00f3n, puedes utilizar este bate de Harley Quinn Suicide Squad en tus desfiles de cosplay durante las convenciones. Pero, ante todo, se trata de una pieza de colecci\u00f3n y decoraci\u00f3n.<\/p>\n<h2>\u00bfC\u00f3mo se fabrican nuestros productos Marvel?<\/h2>\n<p>Para empezar, todos nuestros productos derivados son de la m\u00e1xima calidad, fabricados con meticulosa atenci\u00f3n al detalle. Una parte se hace a mano, para reproducir hasta el m\u00e1s m\u00ednimo detalle. Las partes m\u00e1s importantes se mecanizan con m\u00e1quinas muy precisas. Los grabados se hacen generalmente con punta de diamante o l\u00e1ser.<\/p>\n<p>Tu bate de Harley Quinn ha sido fabricado para reproducir con exactitud todos los detalles. La cinta adhesiva de tela desgastada y sucia recubre el mango. Inscripciones \u201cGood Night\u201d en may\u00fasculas.<\/p>\n<p>En conclusi\u00f3n, nuestras r\u00e9plicas, importadas de China o Espa\u00f1a, \u00a1le sorprender\u00e1n!<\/p>\n<p>R\u00e9plique Manga Cin\u00e9 es una empresa familiar francesa.<\/p>\n<p>Disfrute de su visita.<\/p>","protected":false},"excerpt":{"rendered":"<p>R\u00e9plica aut\u00e9ntica del bate de Harley Quinn de la pel\u00edcula Escuadr\u00f3n Suicida.<\/p>\n<ul>\n<li>Inscripciones alrededor y \"Buenas noches\" en may\u00fasculas.<\/li>\n<li>Todo en madera.<\/li>\n<li>Cinta de tela desgastada y sucia cubre el mango.<\/li>\n<li>Caja de coleccionista con los colores de la pel\u00edcula.<\/li>\n<li>Bajo licencia oficial de Escuadr\u00f3n Suicida -DC Comics<\/li>\n<li>Tama\u00f1o real 80 cm - Peso 1,4 Kg<\/li>\n<\/ul>","protected":false},"featured_media":29337,"template":"","meta":[],"product_brand":[896],"product_cat":[24,59],"product_tag":[],"class_list":{"0":"post-29336","1":"product","2":"type-product","3":"status-publish","4":"has-post-thumbnail","6":"product_brand-replique-manga-cine","7":"product_cat-films-series-tv-vente-de-katana-epee-et-produits-derives","8":"product_cat-super-heros-marvel","10":"first","11":"instock","12":"taxable","13":"shipping-taxable","14":"purchasable","15":"product-type-simple"},"yoast_head":"<!-- This site is optimized with the Yoast SEO plugin v27.4 - https:\/\/yoast.com\/product\/yoast-seo-wordpress\/ -->\n<title>Batte de Harley Quinn - Suicide Squad - R\u00e9plique Manga Cin\u00e9<\/title>\n<meta name=\"description\" content=\"D\u00e9couvrez la Batte de Harley Quinn dans Suicide Squad au meilleur prix. Tout en bois - Boite collector - Licence Officielle - Longueur : 80 cm\" \/>\n<meta name=\"robots\" content=\"index, follow, max-snippet:-1, max-image-preview:large, max-video-preview:-1\" \/>\n<link rel=\"canonical\" href=\"https:\/\/repliquemangacine.fr\/es\/superheroes-marvel\/bate-de-beisbol-harley-quinn\/\" \/>\n<meta property=\"og:locale\" content=\"es_ES\" \/>\n<meta property=\"og:type\" content=\"article\" \/>\n<meta property=\"og:title\" content=\"Batte de Harley Quinn - Suicide Squad - R\u00e9plique Manga Cin\u00e9\" \/>\n<meta property=\"og:description\" content=\"D\u00e9couvrez la Batte de Harley Quinn dans Suicide Squad au meilleur prix. Tout en bois - Boite collector - Licence Officielle - Longueur : 80 cm\" \/>\n<meta property=\"og:url\" content=\"https:\/\/repliquemangacine.fr\/es\/superheroes-marvel\/bate-de-beisbol-harley-quinn\/\" \/>\n<meta property=\"og:site_name\" content=\"R\u00e9plique Manga Cin\u00e9\" \/>\n<meta property=\"article:publisher\" content=\"https:\/\/www.facebook.com\/RepliqueMangaCine\" \/>\n<meta property=\"article:modified_time\" content=\"2026-03-12T11:09:49+00:00\" \/>\n<meta property=\"og:image\" content=\"https:\/\/repliquemangacine.fr\/wp-content\/uploads\/2023\/10\/4016-batte-de-baseball-harley-quinn.jpg\" \/>\n\t<meta property=\"og:image:width\" content=\"800\" \/>\n\t<meta property=\"og:image:height\" content=\"800\" \/>\n\t<meta property=\"og:image:type\" content=\"image\/jpeg\" \/>\n<meta name=\"twitter:card\" content=\"summary_large_image\" \/>\n<meta name=\"twitter:label1\" content=\"Tiempo de lectura\" \/>\n\t<meta name=\"twitter:data1\" content=\"3 minutos\" \/>\n<script type=\"application\/ld+json\" class=\"yoast-schema-graph\">{\"@context\":\"https:\\\/\\\/schema.org\",\"@graph\":[{\"@type\":\"WebPage\",\"@id\":\"https:\\\/\\\/repliquemangacine.fr\\\/super-heros-marvel\\\/harley-quinn-batte-de-baseball\\\/\",\"url\":\"https:\\\/\\\/repliquemangacine.fr\\\/super-heros-marvel\\\/harley-quinn-batte-de-baseball\\\/\",\"name\":\"Batte de Harley Quinn - Suicide Squad - R\u00e9plique Manga Cin\u00e9\",\"isPartOf\":{\"@id\":\"https:\\\/\\\/repliquemangacine.fr\\\/#website\"},\"primaryImageOfPage\":{\"@id\":\"https:\\\/\\\/repliquemangacine.fr\\\/super-heros-marvel\\\/harley-quinn-batte-de-baseball\\\/#primaryimage\"},\"image\":{\"@id\":\"https:\\\/\\\/repliquemangacine.fr\\\/super-heros-marvel\\\/harley-quinn-batte-de-baseball\\\/#primaryimage\"},\"thumbnailUrl\":\"https:\\\/\\\/repliquemangacine.fr\\\/wp-content\\\/uploads\\\/2023\\\/10\\\/4016-batte-de-baseball-harley-quinn.jpg\",\"datePublished\":\"2021-03-18T13:21:43+00:00\",\"dateModified\":\"2026-03-12T11:09:49+00:00\",\"description\":\"D\u00e9couvrez la Batte de Harley Quinn dans Suicide Squad au meilleur prix. Tout en bois - Boite collector - Licence Officielle - Longueur : 80 cm\",\"breadcrumb\":{\"@id\":\"https:\\\/\\\/repliquemangacine.fr\\\/super-heros-marvel\\\/harley-quinn-batte-de-baseball\\\/#breadcrumb\"},\"inLanguage\":\"es\",\"potentialAction\":[{\"@type\":\"ReadAction\",\"target\":[\"https:\\\/\\\/repliquemangacine.fr\\\/super-heros-marvel\\\/harley-quinn-batte-de-baseball\\\/\"]}]},{\"@type\":\"ImageObject\",\"inLanguage\":\"es\",\"@id\":\"https:\\\/\\\/repliquemangacine.fr\\\/super-heros-marvel\\\/harley-quinn-batte-de-baseball\\\/#primaryimage\",\"url\":\"https:\\\/\\\/repliquemangacine.fr\\\/wp-content\\\/uploads\\\/2023\\\/10\\\/4016-batte-de-baseball-harley-quinn.jpg\",\"contentUrl\":\"https:\\\/\\\/repliquemangacine.fr\\\/wp-content\\\/uploads\\\/2023\\\/10\\\/4016-batte-de-baseball-harley-quinn.jpg\",\"width\":800,\"height\":800,\"caption\":\"batte de baseball harley quinn\"},{\"@type\":\"BreadcrumbList\",\"@id\":\"https:\\\/\\\/repliquemangacine.fr\\\/super-heros-marvel\\\/harley-quinn-batte-de-baseball\\\/#breadcrumb\",\"itemListElement\":[{\"@type\":\"ListItem\",\"position\":1,\"name\":\"Accueil\",\"item\":\"https:\\\/\\\/repliquemangacine.fr\\\/\"},{\"@type\":\"ListItem\",\"position\":2,\"name\":\"Produits\",\"item\":\"https:\\\/\\\/repliquemangacine.fr\\\/boutique\\\/\"},{\"@type\":\"ListItem\",\"position\":3,\"name\":\"Harley Quinn &#8211; Batte de Baseball\"}]},{\"@type\":\"WebSite\",\"@id\":\"https:\\\/\\\/repliquemangacine.fr\\\/#website\",\"url\":\"https:\\\/\\\/repliquemangacine.fr\\\/\",\"name\":\"R\u00e9plique Manga Cin\u00e9\",\"description\":\"\",\"publisher\":{\"@id\":\"https:\\\/\\\/repliquemangacine.fr\\\/#organization\"},\"potentialAction\":[{\"@type\":\"SearchAction\",\"target\":{\"@type\":\"EntryPoint\",\"urlTemplate\":\"https:\\\/\\\/repliquemangacine.fr\\\/?s={search_term_string}\"},\"query-input\":{\"@type\":\"PropertyValueSpecification\",\"valueRequired\":true,\"valueName\":\"search_term_string\"}}],\"inLanguage\":\"es\"},{\"@type\":\"Organization\",\"@id\":\"https:\\\/\\\/repliquemangacine.fr\\\/#organization\",\"name\":\"R\u00e9plique Manga Cin\u00e9\",\"url\":\"https:\\\/\\\/repliquemangacine.fr\\\/\",\"logo\":{\"@type\":\"ImageObject\",\"inLanguage\":\"es\",\"@id\":\"https:\\\/\\\/repliquemangacine.fr\\\/#\\\/schema\\\/logo\\\/image\\\/\",\"url\":\"https:\\\/\\\/repliquemangacine.fr\\\/wp-content\\\/uploads\\\/2023\\\/10\\\/RMC-500250.png\",\"contentUrl\":\"https:\\\/\\\/repliquemangacine.fr\\\/wp-content\\\/uploads\\\/2023\\\/10\\\/RMC-500250.png\",\"width\":500,\"height\":250,\"caption\":\"R\u00e9plique Manga Cin\u00e9\"},\"image\":{\"@id\":\"https:\\\/\\\/repliquemangacine.fr\\\/#\\\/schema\\\/logo\\\/image\\\/\"},\"sameAs\":[\"https:\\\/\\\/www.facebook.com\\\/RepliqueMangaCine\",\"https:\\\/\\\/www.instagram.com\\\/repliquemangacine.fr\\\/\"]}]}<\/script>\n<!-- \/ Yoast SEO plugin. -->","yoast_head_json":{"title":"Bate Harley Quinn - Escuadr\u00f3n Suicida - R\u00e9plique Manga Cin\u00e9","description":"Descubre el murci\u00e9lago de Harley Quinn en Escuadr\u00f3n Suicida al mejor precio. Todo de madera - Caja de coleccionista - Licencia oficial - Longitud: 80 cm.","robots":{"index":"index","follow":"follow","max-snippet":"max-snippet:-1","max-image-preview":"max-image-preview:large","max-video-preview":"max-video-preview:-1"},"canonical":"https:\/\/repliquemangacine.fr\/es\/superheroes-marvel\/bate-de-beisbol-harley-quinn\/","og_locale":"es_ES","og_type":"article","og_title":"Batte de Harley Quinn - Suicide Squad - R\u00e9plique Manga Cin\u00e9","og_description":"D\u00e9couvrez la Batte de Harley Quinn dans Suicide Squad au meilleur prix. Tout en bois - Boite collector - Licence Officielle - Longueur : 80 cm","og_url":"https:\/\/repliquemangacine.fr\/es\/superheroes-marvel\/bate-de-beisbol-harley-quinn\/","og_site_name":"R\u00e9plique Manga Cin\u00e9","article_publisher":"https:\/\/www.facebook.com\/RepliqueMangaCine","article_modified_time":"2026-03-12T11:09:49+00:00","og_image":[{"width":800,"height":800,"url":"https:\/\/repliquemangacine.fr\/wp-content\/uploads\/2023\/10\/4016-batte-de-baseball-harley-quinn.jpg","type":"image\/jpeg"}],"twitter_card":"summary_large_image","twitter_misc":{"Tiempo de lectura":"3 minutos"},"schema":{"@context":"https:\/\/schema.org","@graph":[{"@type":"WebPage","@id":"https:\/\/repliquemangacine.fr\/super-heros-marvel\/harley-quinn-batte-de-baseball\/","url":"https:\/\/repliquemangacine.fr\/super-heros-marvel\/harley-quinn-batte-de-baseball\/","name":"Bate Harley Quinn - Escuadr\u00f3n Suicida - R\u00e9plique Manga Cin\u00e9","isPartOf":{"@id":"https:\/\/repliquemangacine.fr\/#website"},"primaryImageOfPage":{"@id":"https:\/\/repliquemangacine.fr\/super-heros-marvel\/harley-quinn-batte-de-baseball\/#primaryimage"},"image":{"@id":"https:\/\/repliquemangacine.fr\/super-heros-marvel\/harley-quinn-batte-de-baseball\/#primaryimage"},"thumbnailUrl":"https:\/\/repliquemangacine.fr\/wp-content\/uploads\/2023\/10\/4016-batte-de-baseball-harley-quinn.jpg","datePublished":"2021-03-18T13:21:43+00:00","dateModified":"2026-03-12T11:09:49+00:00","description":"Descubre el murci\u00e9lago de Harley Quinn en Escuadr\u00f3n Suicida al mejor precio. Todo de madera - Caja de coleccionista - Licencia oficial - Longitud: 80 cm.","breadcrumb":{"@id":"https:\/\/repliquemangacine.fr\/super-heros-marvel\/harley-quinn-batte-de-baseball\/#breadcrumb"},"inLanguage":"es","potentialAction":[{"@type":"ReadAction","target":["https:\/\/repliquemangacine.fr\/super-heros-marvel\/harley-quinn-batte-de-baseball\/"]}]},{"@type":"ImageObject","inLanguage":"es","@id":"https:\/\/repliquemangacine.fr\/super-heros-marvel\/harley-quinn-batte-de-baseball\/#primaryimage","url":"https:\/\/repliquemangacine.fr\/wp-content\/uploads\/2023\/10\/4016-batte-de-baseball-harley-quinn.jpg","contentUrl":"https:\/\/repliquemangacine.fr\/wp-content\/uploads\/2023\/10\/4016-batte-de-baseball-harley-quinn.jpg","width":800,"height":800,"caption":"batte de baseball harley quinn"},{"@type":"BreadcrumbList","@id":"https:\/\/repliquemangacine.fr\/super-heros-marvel\/harley-quinn-batte-de-baseball\/#breadcrumb","itemListElement":[{"@type":"ListItem","position":1,"name":"Accueil","item":"https:\/\/repliquemangacine.fr\/"},{"@type":"ListItem","position":2,"name":"Produits","item":"https:\/\/repliquemangacine.fr\/boutique\/"},{"@type":"ListItem","position":3,"name":"Harley Quinn &#8211; Batte de Baseball"}]},{"@type":"WebSite","@id":"https:\/\/repliquemangacine.fr\/#website","url":"https:\/\/repliquemangacine.fr\/","name":"R\u00e9plique Manga Cin\u00e9","description":"","publisher":{"@id":"https:\/\/repliquemangacine.fr\/#organization"},"potentialAction":[{"@type":"SearchAction","target":{"@type":"EntryPoint","urlTemplate":"https:\/\/repliquemangacine.fr\/?s={search_term_string}"},"query-input":{"@type":"PropertyValueSpecification","valueRequired":true,"valueName":"search_term_string"}}],"inLanguage":"es"},{"@type":"Organization","@id":"https:\/\/repliquemangacine.fr\/#organization","name":"R\u00e9plique Manga Cin\u00e9","url":"https:\/\/repliquemangacine.fr\/","logo":{"@type":"ImageObject","inLanguage":"es","@id":"https:\/\/repliquemangacine.fr\/#\/schema\/logo\/image\/","url":"https:\/\/repliquemangacine.fr\/wp-content\/uploads\/2023\/10\/RMC-500250.png","contentUrl":"https:\/\/repliquemangacine.fr\/wp-content\/uploads\/2023\/10\/RMC-500250.png","width":500,"height":250,"caption":"R\u00e9plique Manga Cin\u00e9"},"image":{"@id":"https:\/\/repliquemangacine.fr\/#\/schema\/logo\/image\/"},"sameAs":["https:\/\/www.facebook.com\/RepliqueMangaCine","https:\/\/www.instagram.com\/repliquemangacine.fr\/"]}]}},"_links":{"self":[{"href":"https:\/\/repliquemangacine.fr\/es\/wp-json\/wp\/v2\/product\/29336","targetHints":{"allow":["GET"]}}],"collection":[{"href":"https:\/\/repliquemangacine.fr\/es\/wp-json\/wp\/v2\/product"}],"about":[{"href":"https:\/\/repliquemangacine.fr\/es\/wp-json\/wp\/v2\/types\/product"}],"wp:featuredmedia":[{"embeddable":true,"href":"https:\/\/repliquemangacine.fr\/es\/wp-json\/wp\/v2\/media\/29337"}],"wp:attachment":[{"href":"https:\/\/repliquemangacine.fr\/es\/wp-json\/wp\/v2\/media?parent=29336"}],"wp:term":[{"taxonomy":"product_brand","embeddable":true,"href":"https:\/\/repliquemangacine.fr\/es\/wp-json\/wp\/v2\/product_brand?post=29336"},{"taxonomy":"product_cat","embeddable":true,"href":"https:\/\/repliquemangacine.fr\/es\/wp-json\/wp\/v2\/product_cat?post=29336"},{"taxonomy":"product_tag","embeddable":true,"href":"https:\/\/repliquemangacine.fr\/es\/wp-json\/wp\/v2\/product_tag?post=29336"}],"curies":[{"name":"wp","href":"https:\/\/api.w.org\/{rel}","templated":true}]}}