





{"id":29322,"date":"2021-03-11T15:02:21","date_gmt":"2021-03-11T14:02:21","guid":{"rendered":"https:\/\/repliquemangacine.fr\/?post_type=product&#038;p=29322"},"modified":"2026-04-16T03:11:56","modified_gmt":"2026-04-16T01:11:56","slug":"sable-de-caballeria-estadounidense-1860","status":"publish","type":"product","link":"https:\/\/repliquemangacine.fr\/es\/sabres-1er-empire\/sabre-cavalerie-us-1860\/","title":{"rendered":"Sable de caballer\u00eda estadounidense 1860"},"content":{"rendered":"<h2>R\u00e9plica 1860 Sable de Caballer\u00eda EE.UU.<\/h2>\n<p>Para empezar, el <strong>Espada de caballer\u00eda 1860<\/strong> tambi\u00e9n conocido como M1862, utilizado por la caballer\u00eda estadounidense del <a href=\"https:\/\/www.geo.fr\/histoire\/les-grandes-etapes-de-la-guerre-de-secession-201481\" target=\"_blank\" rel=\"noopener noreferrer\">Guerra Civil Americana<\/a>.<\/p>\n<p>Al final de la guerra civil, se hab\u00edan fabricado m\u00e1s de 300 000 sables de 1860. No solo los llevaba la caballer\u00eda, sino tambi\u00e9n muchos oficiales de infanter\u00eda y del Estado Mayor. De hecho, la espada de los oficiales del ej\u00e9rcito y los oficiales de campa\u00f1a modelo 1850 deb\u00eda comprarse de forma privada.<\/p>\n<p>La caballer\u00eda lo utiliza en las pel\u00edculas del oeste, muchos de ellos son antig\u00fcedades originales compradas por la industria cinematogr\u00e1fica en la d\u00e9cada de 1920, cuando el equipo excedente de la guerra civil era barato.<\/p>\n<h2>Tu Sable de Caballer\u00eda 1860 al mejor precio.<\/h2>\n<p>Le ofrecemos una amplia selecci\u00f3n de reproducciones de armas hist\u00f3ricas.<\/p>\n<p>Lo primero y m\u00e1s importante,<\/p>\n<ul>\n<li>Reproducci\u00f3n de la espada ceremonial de los Marines <a href=\"https:\/\/repliquemangacine.fr\/es\/espadas-del-i-imperio\/sabre-marine-m1859-nco-usa-united-cutlery\/\">M1859<\/a> bajo licencia oficial del USMC.<\/li>\n<li>As\u00ed como el <a href=\"https:\/\/repliquemangacine.fr\/es\/espadas-del-i-imperio\/encendedor-de-sable-del-1er-imperio-de-infanteria-napoleonica\/\">Encendedor Sabre<\/a> Modelo de infanter\u00eda napole\u00f3nica AN XI.<\/li>\n<li>Tambi\u00e9n existe la <a href=\"https:\/\/repliquemangacine.fr\/es\/espadas-del-i-imperio\/sable-ordre-militaire-saint-georges\/\">sable de la orden militar de San Jorge<\/a> \"por su valor\", Rusia 1913.<\/li>\n<li>Y muchos m\u00e1s por descubrir en nuestra tienda en l\u00ednea.<\/li>\n<\/ul>\n<p>Por eso, es una idea estupenda para regalar a todos los apasionados de la historia.<\/p>\n<p>En conclusi\u00f3n, puede utilizar este <strong>Espada de caballer\u00eda 1860<\/strong> para sus recreaciones hist\u00f3ricas. Pero, sobre todo, esta arma es una pieza de coleccionista y una pieza decorativa.<\/p>\n<h2>\u00bfC\u00f3mo se mantiene la hoja de su espada hist\u00f3rica?<\/h2>\n<p>Espadas de colecci\u00f3n y decoraci\u00f3n, fabricadas y ensambladas de forma simplificada. Al ser de uso decorativo, no cuentan con los elementos de seguridad necesarios para una espada japonesa destinada al entrenamiento.<\/p>\n<p>Sin embargo, su <strong>Espada de caballer\u00eda 1860<\/strong> a una hoja de acero que hay que cuidar para evitar que se estropee con el tiempo. Cuando exponga su katana, sus amigos sentir\u00e1n curiosidad por ver la hoja y tocarla. Aqu\u00ed es donde hay que tener cuidado, ya que la acidez de los dedos es muy perjudicial para el acero, sea cual sea su calidad.<\/p>\n<p>Sin embargo, si esto ocurre, no te asustes, todo lo que necesitas es un pa\u00f1o humedecido con un poco de aceite y limpiar las huellas dactilares. Si haces esto, tu espada durar\u00e1 mucho tiempo.<\/p>","protected":false},"excerpt":{"rendered":"<p>Magn\u00edfica r\u00e9plica del sable de caballer\u00eda estadounidense modelo 1860.<\/p>\n<ul>\n<li>Hoja de acero de alto carbono sin afilar.<\/li>\n<li>Empu\u00f1adura de lat\u00f3n de 3 puntas.<\/li>\n<li>Empu\u00f1adura antideslizante.<\/li>\n<li>Vaina de acero.<\/li>\n<li>Longitud hoja: 92 cm - Longitud total: 107 cm - Peso: 1050 grs<\/li>\n<\/ul>","protected":false},"featured_media":29323,"template":"","meta":[],"product_brand":[896],"product_cat":[25,37,74],"product_tag":[],"class_list":{"0":"post-29322","1":"product","2":"type-product","3":"status-publish","4":"has-post-thumbnail","6":"product_brand-replique-manga-cine","7":"product_cat-armes-historiques","8":"product_cat-premier-empire","9":"product_cat-sabres-1er-empire","11":"first","12":"outofstock","13":"taxable","14":"shipping-taxable","15":"purchasable","16":"product-type-simple"},"yoast_head":"<!-- This site is optimized with the Yoast SEO plugin v27.4 - https:\/\/yoast.com\/product\/yoast-seo-wordpress\/ -->\n<title>Sabre de Cavalerie 1860 - Arme historique - R\u00e9plique Manga Cin\u00e9<\/title>\n<meta name=\"description\" content=\"D\u00e9couvrez vite ! Cette r\u00e9plique du Sabre de Cavalerie 1860 US au meilleur prix. Lame en acier carbone - Garde en laiton - Fourreau acier - Longueur : 107 cm\" \/>\n<meta name=\"robots\" content=\"index, follow, max-snippet:-1, max-image-preview:large, max-video-preview:-1\" \/>\n<link rel=\"canonical\" href=\"https:\/\/repliquemangacine.fr\/es\/espadas-del-i-imperio\/sable-de-caballeria-estadounidense-1860\/\" \/>\n<meta property=\"og:locale\" content=\"es_ES\" \/>\n<meta property=\"og:type\" content=\"article\" \/>\n<meta property=\"og:title\" content=\"Sabre de Cavalerie 1860 - Arme historique - R\u00e9plique Manga Cin\u00e9\" \/>\n<meta property=\"og:description\" content=\"D\u00e9couvrez vite ! Cette r\u00e9plique du Sabre de Cavalerie 1860 US au meilleur prix. Lame en acier carbone - Garde en laiton - Fourreau acier - Longueur : 107 cm\" \/>\n<meta property=\"og:url\" content=\"https:\/\/repliquemangacine.fr\/es\/espadas-del-i-imperio\/sable-de-caballeria-estadounidense-1860\/\" \/>\n<meta property=\"og:site_name\" content=\"R\u00e9plique Manga Cin\u00e9\" \/>\n<meta property=\"article:publisher\" content=\"https:\/\/www.facebook.com\/RepliqueMangaCine\" \/>\n<meta property=\"article:modified_time\" content=\"2026-04-16T01:11:56+00:00\" \/>\n<meta property=\"og:image\" content=\"https:\/\/repliquemangacine.fr\/wp-content\/uploads\/2023\/10\/3995-Sabre-cavalerie-US-1860.jpg\" \/>\n\t<meta property=\"og:image:width\" content=\"800\" \/>\n\t<meta property=\"og:image:height\" content=\"800\" \/>\n\t<meta property=\"og:image:type\" content=\"image\/jpeg\" \/>\n<meta name=\"twitter:card\" content=\"summary_large_image\" \/>\n<meta name=\"twitter:label1\" content=\"Tiempo de lectura\" \/>\n\t<meta name=\"twitter:data1\" content=\"2 minutos\" \/>\n<script type=\"application\/ld+json\" class=\"yoast-schema-graph\">{\"@context\":\"https:\\\/\\\/schema.org\",\"@graph\":[{\"@type\":\"WebPage\",\"@id\":\"https:\\\/\\\/repliquemangacine.fr\\\/sabres-1er-empire\\\/sabre-cavalerie-us-1860\\\/\",\"url\":\"https:\\\/\\\/repliquemangacine.fr\\\/sabres-1er-empire\\\/sabre-cavalerie-us-1860\\\/\",\"name\":\"Sabre de Cavalerie 1860 - Arme historique - R\u00e9plique Manga Cin\u00e9\",\"isPartOf\":{\"@id\":\"https:\\\/\\\/repliquemangacine.fr\\\/#website\"},\"primaryImageOfPage\":{\"@id\":\"https:\\\/\\\/repliquemangacine.fr\\\/sabres-1er-empire\\\/sabre-cavalerie-us-1860\\\/#primaryimage\"},\"image\":{\"@id\":\"https:\\\/\\\/repliquemangacine.fr\\\/sabres-1er-empire\\\/sabre-cavalerie-us-1860\\\/#primaryimage\"},\"thumbnailUrl\":\"https:\\\/\\\/repliquemangacine.fr\\\/wp-content\\\/uploads\\\/2023\\\/10\\\/3995-Sabre-cavalerie-US-1860.jpg\",\"datePublished\":\"2021-03-11T14:02:21+00:00\",\"dateModified\":\"2026-04-16T01:11:56+00:00\",\"description\":\"D\u00e9couvrez vite ! Cette r\u00e9plique du Sabre de Cavalerie 1860 US au meilleur prix. Lame en acier carbone - Garde en laiton - Fourreau acier - Longueur : 107 cm\",\"breadcrumb\":{\"@id\":\"https:\\\/\\\/repliquemangacine.fr\\\/sabres-1er-empire\\\/sabre-cavalerie-us-1860\\\/#breadcrumb\"},\"inLanguage\":\"es\",\"potentialAction\":[{\"@type\":\"ReadAction\",\"target\":[\"https:\\\/\\\/repliquemangacine.fr\\\/sabres-1er-empire\\\/sabre-cavalerie-us-1860\\\/\"]}]},{\"@type\":\"ImageObject\",\"inLanguage\":\"es\",\"@id\":\"https:\\\/\\\/repliquemangacine.fr\\\/sabres-1er-empire\\\/sabre-cavalerie-us-1860\\\/#primaryimage\",\"url\":\"https:\\\/\\\/repliquemangacine.fr\\\/wp-content\\\/uploads\\\/2023\\\/10\\\/3995-Sabre-cavalerie-US-1860.jpg\",\"contentUrl\":\"https:\\\/\\\/repliquemangacine.fr\\\/wp-content\\\/uploads\\\/2023\\\/10\\\/3995-Sabre-cavalerie-US-1860.jpg\",\"width\":800,\"height\":800,\"caption\":\"Sabre cavalerie US 1860\"},{\"@type\":\"BreadcrumbList\",\"@id\":\"https:\\\/\\\/repliquemangacine.fr\\\/sabres-1er-empire\\\/sabre-cavalerie-us-1860\\\/#breadcrumb\",\"itemListElement\":[{\"@type\":\"ListItem\",\"position\":1,\"name\":\"Accueil\",\"item\":\"https:\\\/\\\/repliquemangacine.fr\\\/\"},{\"@type\":\"ListItem\",\"position\":2,\"name\":\"Produits\",\"item\":\"https:\\\/\\\/repliquemangacine.fr\\\/boutique\\\/\"},{\"@type\":\"ListItem\",\"position\":3,\"name\":\"Sabre cavalerie US 1860\"}]},{\"@type\":\"WebSite\",\"@id\":\"https:\\\/\\\/repliquemangacine.fr\\\/#website\",\"url\":\"https:\\\/\\\/repliquemangacine.fr\\\/\",\"name\":\"R\u00e9plique Manga Cin\u00e9\",\"description\":\"\",\"publisher\":{\"@id\":\"https:\\\/\\\/repliquemangacine.fr\\\/#organization\"},\"potentialAction\":[{\"@type\":\"SearchAction\",\"target\":{\"@type\":\"EntryPoint\",\"urlTemplate\":\"https:\\\/\\\/repliquemangacine.fr\\\/?s={search_term_string}\"},\"query-input\":{\"@type\":\"PropertyValueSpecification\",\"valueRequired\":true,\"valueName\":\"search_term_string\"}}],\"inLanguage\":\"es\"},{\"@type\":\"Organization\",\"@id\":\"https:\\\/\\\/repliquemangacine.fr\\\/#organization\",\"name\":\"R\u00e9plique Manga Cin\u00e9\",\"url\":\"https:\\\/\\\/repliquemangacine.fr\\\/\",\"logo\":{\"@type\":\"ImageObject\",\"inLanguage\":\"es\",\"@id\":\"https:\\\/\\\/repliquemangacine.fr\\\/#\\\/schema\\\/logo\\\/image\\\/\",\"url\":\"https:\\\/\\\/repliquemangacine.fr\\\/wp-content\\\/uploads\\\/2023\\\/10\\\/RMC-500250.png\",\"contentUrl\":\"https:\\\/\\\/repliquemangacine.fr\\\/wp-content\\\/uploads\\\/2023\\\/10\\\/RMC-500250.png\",\"width\":500,\"height\":250,\"caption\":\"R\u00e9plique Manga Cin\u00e9\"},\"image\":{\"@id\":\"https:\\\/\\\/repliquemangacine.fr\\\/#\\\/schema\\\/logo\\\/image\\\/\"},\"sameAs\":[\"https:\\\/\\\/www.facebook.com\\\/RepliqueMangaCine\",\"https:\\\/\\\/www.instagram.com\\\/repliquemangacine.fr\\\/\"]}]}<\/script>\n<!-- \/ Yoast SEO plugin. -->","yoast_head_json":{"title":"Sable de caballer\u00eda 1860 - Arma hist\u00f3rica - R\u00e9plique Manga Cin\u00e9","description":"\u00a1Desc\u00fabralo ahora! Esta r\u00e9plica del sable de caballer\u00eda estadounidense de 1860 al mejor precio. Hoja de acero al carbono - Guarda de lat\u00f3n - Vaina de acero - Longitud: 107 cm","robots":{"index":"index","follow":"follow","max-snippet":"max-snippet:-1","max-image-preview":"max-image-preview:large","max-video-preview":"max-video-preview:-1"},"canonical":"https:\/\/repliquemangacine.fr\/es\/espadas-del-i-imperio\/sable-de-caballeria-estadounidense-1860\/","og_locale":"es_ES","og_type":"article","og_title":"Sabre de Cavalerie 1860 - Arme historique - R\u00e9plique Manga Cin\u00e9","og_description":"D\u00e9couvrez vite ! Cette r\u00e9plique du Sabre de Cavalerie 1860 US au meilleur prix. Lame en acier carbone - Garde en laiton - Fourreau acier - Longueur : 107 cm","og_url":"https:\/\/repliquemangacine.fr\/es\/espadas-del-i-imperio\/sable-de-caballeria-estadounidense-1860\/","og_site_name":"R\u00e9plique Manga Cin\u00e9","article_publisher":"https:\/\/www.facebook.com\/RepliqueMangaCine","article_modified_time":"2026-04-16T01:11:56+00:00","og_image":[{"width":800,"height":800,"url":"https:\/\/repliquemangacine.fr\/wp-content\/uploads\/2023\/10\/3995-Sabre-cavalerie-US-1860.jpg","type":"image\/jpeg"}],"twitter_card":"summary_large_image","twitter_misc":{"Tiempo de lectura":"2 minutos"},"schema":{"@context":"https:\/\/schema.org","@graph":[{"@type":"WebPage","@id":"https:\/\/repliquemangacine.fr\/sabres-1er-empire\/sabre-cavalerie-us-1860\/","url":"https:\/\/repliquemangacine.fr\/sabres-1er-empire\/sabre-cavalerie-us-1860\/","name":"Sable de caballer\u00eda 1860 - Arma hist\u00f3rica - R\u00e9plique Manga Cin\u00e9","isPartOf":{"@id":"https:\/\/repliquemangacine.fr\/#website"},"primaryImageOfPage":{"@id":"https:\/\/repliquemangacine.fr\/sabres-1er-empire\/sabre-cavalerie-us-1860\/#primaryimage"},"image":{"@id":"https:\/\/repliquemangacine.fr\/sabres-1er-empire\/sabre-cavalerie-us-1860\/#primaryimage"},"thumbnailUrl":"https:\/\/repliquemangacine.fr\/wp-content\/uploads\/2023\/10\/3995-Sabre-cavalerie-US-1860.jpg","datePublished":"2021-03-11T14:02:21+00:00","dateModified":"2026-04-16T01:11:56+00:00","description":"\u00a1Desc\u00fabralo ahora! Esta r\u00e9plica del sable de caballer\u00eda estadounidense de 1860 al mejor precio. Hoja de acero al carbono - Guarda de lat\u00f3n - Vaina de acero - Longitud: 107 cm","breadcrumb":{"@id":"https:\/\/repliquemangacine.fr\/sabres-1er-empire\/sabre-cavalerie-us-1860\/#breadcrumb"},"inLanguage":"es","potentialAction":[{"@type":"ReadAction","target":["https:\/\/repliquemangacine.fr\/sabres-1er-empire\/sabre-cavalerie-us-1860\/"]}]},{"@type":"ImageObject","inLanguage":"es","@id":"https:\/\/repliquemangacine.fr\/sabres-1er-empire\/sabre-cavalerie-us-1860\/#primaryimage","url":"https:\/\/repliquemangacine.fr\/wp-content\/uploads\/2023\/10\/3995-Sabre-cavalerie-US-1860.jpg","contentUrl":"https:\/\/repliquemangacine.fr\/wp-content\/uploads\/2023\/10\/3995-Sabre-cavalerie-US-1860.jpg","width":800,"height":800,"caption":"Sabre cavalerie US 1860"},{"@type":"BreadcrumbList","@id":"https:\/\/repliquemangacine.fr\/sabres-1er-empire\/sabre-cavalerie-us-1860\/#breadcrumb","itemListElement":[{"@type":"ListItem","position":1,"name":"Accueil","item":"https:\/\/repliquemangacine.fr\/"},{"@type":"ListItem","position":2,"name":"Produits","item":"https:\/\/repliquemangacine.fr\/boutique\/"},{"@type":"ListItem","position":3,"name":"Sabre cavalerie US 1860"}]},{"@type":"WebSite","@id":"https:\/\/repliquemangacine.fr\/#website","url":"https:\/\/repliquemangacine.fr\/","name":"R\u00e9plique Manga Cin\u00e9","description":"","publisher":{"@id":"https:\/\/repliquemangacine.fr\/#organization"},"potentialAction":[{"@type":"SearchAction","target":{"@type":"EntryPoint","urlTemplate":"https:\/\/repliquemangacine.fr\/?s={search_term_string}"},"query-input":{"@type":"PropertyValueSpecification","valueRequired":true,"valueName":"search_term_string"}}],"inLanguage":"es"},{"@type":"Organization","@id":"https:\/\/repliquemangacine.fr\/#organization","name":"R\u00e9plique Manga Cin\u00e9","url":"https:\/\/repliquemangacine.fr\/","logo":{"@type":"ImageObject","inLanguage":"es","@id":"https:\/\/repliquemangacine.fr\/#\/schema\/logo\/image\/","url":"https:\/\/repliquemangacine.fr\/wp-content\/uploads\/2023\/10\/RMC-500250.png","contentUrl":"https:\/\/repliquemangacine.fr\/wp-content\/uploads\/2023\/10\/RMC-500250.png","width":500,"height":250,"caption":"R\u00e9plique Manga Cin\u00e9"},"image":{"@id":"https:\/\/repliquemangacine.fr\/#\/schema\/logo\/image\/"},"sameAs":["https:\/\/www.facebook.com\/RepliqueMangaCine","https:\/\/www.instagram.com\/repliquemangacine.fr\/"]}]}},"_links":{"self":[{"href":"https:\/\/repliquemangacine.fr\/es\/wp-json\/wp\/v2\/product\/29322","targetHints":{"allow":["GET"]}}],"collection":[{"href":"https:\/\/repliquemangacine.fr\/es\/wp-json\/wp\/v2\/product"}],"about":[{"href":"https:\/\/repliquemangacine.fr\/es\/wp-json\/wp\/v2\/types\/product"}],"wp:featuredmedia":[{"embeddable":true,"href":"https:\/\/repliquemangacine.fr\/es\/wp-json\/wp\/v2\/media\/29323"}],"wp:attachment":[{"href":"https:\/\/repliquemangacine.fr\/es\/wp-json\/wp\/v2\/media?parent=29322"}],"wp:term":[{"taxonomy":"product_brand","embeddable":true,"href":"https:\/\/repliquemangacine.fr\/es\/wp-json\/wp\/v2\/product_brand?post=29322"},{"taxonomy":"product_cat","embeddable":true,"href":"https:\/\/repliquemangacine.fr\/es\/wp-json\/wp\/v2\/product_cat?post=29322"},{"taxonomy":"product_tag","embeddable":true,"href":"https:\/\/repliquemangacine.fr\/es\/wp-json\/wp\/v2\/product_tag?post=29322"}],"curies":[{"name":"wp","href":"https:\/\/api.w.org\/{rel}","templated":true}]}}