





{"id":29310,"date":"2021-02-03T15:39:18","date_gmt":"2021-02-03T14:39:18","guid":{"rendered":"https:\/\/repliquemangacine.fr\/?post_type=product&#038;p=29310"},"modified":"2026-03-01T20:23:07","modified_gmt":"2026-03-01T19:23:07","slug":"espada-vikinga-ironside","status":"publish","type":"product","link":"https:\/\/repliquemangacine.fr\/es\/epees-serie-tv-vikings\/epee-viking-ironside\/","title":{"rendered":"Espada vikinga Ironside"},"content":{"rendered":"<h2>Espada vikinga Ironside de Condor<\/h2>\n<p>Para empezar, el<strong>Espada vikinga Ironside<\/strong> de Condor recibe su nombre en honor a Bj\u00f6rn Ironside, el legendario rey vikingo que rein\u00f3 en Upsal en el siglo IX en Suecia. Es el primer hijo del m\u00edtico Ragnar Lodbrok.<\/p>\n<p>Durante m\u00e1s de 100 a\u00f1os, los vikingos llevaron a cabo numerosas incursiones sangrientas en Francia. Estos guerreros procedentes de Noruega obtuvieron numerosas victorias. Incluso se establecieron de forma permanente en Normand\u00eda, regi\u00f3n que debe su nombre a estos invasores.<\/p>\n<p>Notables navegantes, los vikingos tambi\u00e9n se aventuraron hasta la pen\u00ednsula ib\u00e9rica en 844. Los vikingos penetraron en el Mediterr\u00e1neo por el estrecho de Gibraltar.<\/p>\n<p>Reconocidos como temibles guerreros, los vikingos nunca lograron formar un verdadero ej\u00e9rcito.<\/p>\n<h2>Tu Espada Vikinga Ironside al mejor precio.<\/h2>\n<p>Le ofrecemos una amplia selecci\u00f3n de espadas, as\u00ed como cascos y escudos de la \u00e9poca vikinga.<\/p>\n<p>Lo primero y m\u00e1s importante,<\/p>\n<ul>\n<li>el <a href=\"https:\/\/repliquemangacine.fr\/es\/armas-vikingas\/serie-vikingos-hacha-ragnar-lothbrok-hacha\/\">El hacha de una mano de Ragnar Lothbrok<\/a> de la serie Vikingos.<\/li>\n<li>Tambi\u00e9n existe la <a href=\"https:\/\/repliquemangacine.fr\/es\/vikingo\/escudo-vikingo-redondo-decorativo\/\">escudo redondo<\/a> de madera, con remaches decorativos.<\/li>\n<li>Y muchos m\u00e1s.<\/li>\n<li>Si busca una pulsera, un anillo o incluso un tatuaje, visite nuestra tienda asociada. <a href=\"https:\/\/www.viking-clan.com\/\" target=\"_blank\" rel=\"noopener noreferrer\">Clan vikingo<\/a>.<\/li>\n<\/ul>\n<p>Por eso, es una idea estupenda para regalar a los aficionados a la \u00e9poca vikinga, pero tambi\u00e9n a los fans de la famosa serie.<\/p>\n<p>En conclusi\u00f3n, tambi\u00e9n puedes utilizar esta espada para tus desfiles de cosplay o tus recreaciones hist\u00f3ricas. Pero, ante todo, la\u2019<strong>Espada vikinga Ironside<\/strong>Es una pieza de coleccionista, adem\u00e1s de decorativa.<\/p>\n<h2>\u00bfC\u00f3mo mantengo la hoja de mi espada?<\/h2>\n<p>Las espadas de colecci\u00f3n y decorativas se fabrican y ensamblan de forma simplificada. Como su uso es decorativo, no cuentan con los elementos de seguridad necesarios para una espada japonesa destinada al entrenamiento.<\/p>\n<p>Sin embargo, su <strong>Espada vikinga Ironside<\/strong> a una hoja de acero que hay que cuidar para evitar que se estropee con el tiempo. Cuando exponga su katana, sus amigos sentir\u00e1n curiosidad por ver la hoja y tocarla. Aqu\u00ed es donde hay que tener cuidado, ya que la acidez de los dedos es muy perjudicial para el acero, sea cual sea su calidad.<\/p>\n<p>Sin embargo, si esto ocurre, no te asustes, todo lo que necesitas es un pa\u00f1o humedecido con un poco de aceite y limpiar las huellas dactilares. Si haces esto, tu espada durar\u00e1 mucho tiempo.<\/p>","protected":false},"excerpt":{"rendered":"<p>Magn\u00edfica r\u00e9plica de la espada vikinga Ironside<\/p>\n<ul>\n<li>Hoja de acero afilado, pulido de alto carbono 1075.<\/li>\n<li>Empu\u00f1adura y pomo de acero envejecido martillado.<\/li>\n<li>Mango de madera dura recubierto de cuero.<\/li>\n<li>Vaina recubierta de cuero.<\/li>\n<li>Longitud hoja: 77 cm - Longitud total: 93 cm - Peso: 1810 grs<\/li>\n<\/ul>","protected":false},"featured_media":29311,"template":"","meta":[],"product_brand":[896],"product_cat":[25,112,24,103,57],"product_tag":[],"class_list":{"0":"post-29310","1":"product","2":"type-product","3":"status-publish","4":"has-post-thumbnail","6":"product_brand-replique-manga-cine","7":"product_cat-armes-historiques","8":"product_cat-epees-serie-tv-vikings","9":"product_cat-films-series-tv-vente-de-katana-epee-et-produits-derives","10":"product_cat-armes-et-accessoires-vikings","11":"product_cat-armes-vikings","13":"first","14":"outofstock","15":"taxable","16":"shipping-taxable","17":"purchasable","18":"product-type-simple"},"yoast_head":"<!-- This site is optimized with the Yoast SEO plugin v27.4 - https:\/\/yoast.com\/product\/yoast-seo-wordpress\/ -->\n<title>Ep\u00e9e Viking Ironside - Vente Ep\u00e9es Vikings - R\u00e9plique Manga Cin\u00e9<\/title>\n<meta name=\"description\" content=\"Commandez vite ! Cette r\u00e9plique de l&#039;Ep\u00e9e Viking Ironside au meilleur prix. Lame en acier poli - Haute teneur en carbone - Fourreau cuir - Longueur : 93 cm\" \/>\n<meta name=\"robots\" content=\"index, follow, max-snippet:-1, max-image-preview:large, max-video-preview:-1\" \/>\n<link rel=\"canonical\" href=\"https:\/\/repliquemangacine.fr\/es\/espadas-serie-vikingos\/espada-vikinga-ironside\/\" \/>\n<meta property=\"og:locale\" content=\"es_ES\" \/>\n<meta property=\"og:type\" content=\"article\" \/>\n<meta property=\"og:title\" content=\"Ep\u00e9e Viking Ironside - Vente Ep\u00e9es Vikings - R\u00e9plique Manga Cin\u00e9\" \/>\n<meta property=\"og:description\" content=\"Commandez vite ! Cette r\u00e9plique de l&#039;Ep\u00e9e Viking Ironside au meilleur prix. Lame en acier poli - Haute teneur en carbone - Fourreau cuir - Longueur : 93 cm\" \/>\n<meta property=\"og:url\" content=\"https:\/\/repliquemangacine.fr\/es\/espadas-serie-vikingos\/espada-vikinga-ironside\/\" \/>\n<meta property=\"og:site_name\" content=\"R\u00e9plique Manga Cin\u00e9\" \/>\n<meta property=\"article:publisher\" content=\"https:\/\/www.facebook.com\/RepliqueMangaCine\" \/>\n<meta property=\"article:modified_time\" content=\"2026-03-01T19:23:07+00:00\" \/>\n<meta property=\"og:image\" content=\"https:\/\/repliquemangacine.fr\/wp-content\/uploads\/2023\/10\/3983-Epee-Viking-Ironside.jpg\" \/>\n\t<meta property=\"og:image:width\" content=\"800\" \/>\n\t<meta property=\"og:image:height\" content=\"800\" \/>\n\t<meta property=\"og:image:type\" content=\"image\/jpeg\" \/>\n<meta name=\"twitter:card\" content=\"summary_large_image\" \/>\n<meta name=\"twitter:label1\" content=\"Tiempo de lectura\" \/>\n\t<meta name=\"twitter:data1\" content=\"1 minuto\" \/>\n<script type=\"application\/ld+json\" class=\"yoast-schema-graph\">{\"@context\":\"https:\\\/\\\/schema.org\",\"@graph\":[{\"@type\":\"WebPage\",\"@id\":\"https:\\\/\\\/repliquemangacine.fr\\\/en\\\/swords-tv-series-vikings\\\/ironside-viking-sword\\\/\",\"url\":\"https:\\\/\\\/repliquemangacine.fr\\\/en\\\/swords-tv-series-vikings\\\/ironside-viking-sword\\\/\",\"name\":\"Ep\u00e9e Viking Ironside - Vente Ep\u00e9es Vikings - R\u00e9plique Manga Cin\u00e9\",\"isPartOf\":{\"@id\":\"https:\\\/\\\/repliquemangacine.fr\\\/#website\"},\"primaryImageOfPage\":{\"@id\":\"https:\\\/\\\/repliquemangacine.fr\\\/en\\\/swords-tv-series-vikings\\\/ironside-viking-sword\\\/#primaryimage\"},\"image\":{\"@id\":\"https:\\\/\\\/repliquemangacine.fr\\\/en\\\/swords-tv-series-vikings\\\/ironside-viking-sword\\\/#primaryimage\"},\"thumbnailUrl\":\"https:\\\/\\\/repliquemangacine.fr\\\/wp-content\\\/uploads\\\/2023\\\/10\\\/3983-Epee-Viking-Ironside.jpg\",\"datePublished\":\"2021-02-03T14:39:18+00:00\",\"dateModified\":\"2026-03-01T19:23:07+00:00\",\"description\":\"Commandez vite ! Cette r\u00e9plique de l'Ep\u00e9e Viking Ironside au meilleur prix. Lame en acier poli - Haute teneur en carbone - Fourreau cuir - Longueur : 93 cm\",\"breadcrumb\":{\"@id\":\"https:\\\/\\\/repliquemangacine.fr\\\/en\\\/swords-tv-series-vikings\\\/ironside-viking-sword\\\/#breadcrumb\"},\"inLanguage\":\"es\",\"potentialAction\":[{\"@type\":\"ReadAction\",\"target\":[\"https:\\\/\\\/repliquemangacine.fr\\\/en\\\/swords-tv-series-vikings\\\/ironside-viking-sword\\\/\"]}]},{\"@type\":\"ImageObject\",\"inLanguage\":\"es\",\"@id\":\"https:\\\/\\\/repliquemangacine.fr\\\/en\\\/swords-tv-series-vikings\\\/ironside-viking-sword\\\/#primaryimage\",\"url\":\"https:\\\/\\\/repliquemangacine.fr\\\/wp-content\\\/uploads\\\/2023\\\/10\\\/3983-Epee-Viking-Ironside.jpg\",\"contentUrl\":\"https:\\\/\\\/repliquemangacine.fr\\\/wp-content\\\/uploads\\\/2023\\\/10\\\/3983-Epee-Viking-Ironside.jpg\",\"width\":800,\"height\":800,\"caption\":\"Ep\u00e9e Viking Ironside\"},{\"@type\":\"BreadcrumbList\",\"@id\":\"https:\\\/\\\/repliquemangacine.fr\\\/en\\\/swords-tv-series-vikings\\\/ironside-viking-sword\\\/#breadcrumb\",\"itemListElement\":[{\"@type\":\"ListItem\",\"position\":1,\"name\":\"Accueil\",\"item\":\"https:\\\/\\\/repliquemangacine.fr\\\/\"},{\"@type\":\"ListItem\",\"position\":2,\"name\":\"Produits\",\"item\":\"https:\\\/\\\/repliquemangacine.fr\\\/boutique\\\/\"},{\"@type\":\"ListItem\",\"position\":3,\"name\":\"Ep\u00e9e Viking Ironside\"}]},{\"@type\":\"WebSite\",\"@id\":\"https:\\\/\\\/repliquemangacine.fr\\\/#website\",\"url\":\"https:\\\/\\\/repliquemangacine.fr\\\/\",\"name\":\"R\u00e9plique Manga Cin\u00e9\",\"description\":\"\",\"publisher\":{\"@id\":\"https:\\\/\\\/repliquemangacine.fr\\\/#organization\"},\"potentialAction\":[{\"@type\":\"SearchAction\",\"target\":{\"@type\":\"EntryPoint\",\"urlTemplate\":\"https:\\\/\\\/repliquemangacine.fr\\\/?s={search_term_string}\"},\"query-input\":{\"@type\":\"PropertyValueSpecification\",\"valueRequired\":true,\"valueName\":\"search_term_string\"}}],\"inLanguage\":\"es\"},{\"@type\":\"Organization\",\"@id\":\"https:\\\/\\\/repliquemangacine.fr\\\/#organization\",\"name\":\"R\u00e9plique Manga Cin\u00e9\",\"url\":\"https:\\\/\\\/repliquemangacine.fr\\\/\",\"logo\":{\"@type\":\"ImageObject\",\"inLanguage\":\"es\",\"@id\":\"https:\\\/\\\/repliquemangacine.fr\\\/#\\\/schema\\\/logo\\\/image\\\/\",\"url\":\"https:\\\/\\\/repliquemangacine.fr\\\/wp-content\\\/uploads\\\/2023\\\/10\\\/RMC-500250.png\",\"contentUrl\":\"https:\\\/\\\/repliquemangacine.fr\\\/wp-content\\\/uploads\\\/2023\\\/10\\\/RMC-500250.png\",\"width\":500,\"height\":250,\"caption\":\"R\u00e9plique Manga Cin\u00e9\"},\"image\":{\"@id\":\"https:\\\/\\\/repliquemangacine.fr\\\/#\\\/schema\\\/logo\\\/image\\\/\"},\"sameAs\":[\"https:\\\/\\\/www.facebook.com\\\/RepliqueMangaCine\",\"https:\\\/\\\/www.instagram.com\\\/repliquemangacine.fr\\\/\"]}]}<\/script>\n<!-- \/ Yoast SEO plugin. -->","yoast_head_json":{"title":"Espada vikinga Ironside - Espadas vikingas en venta - R\u00e9plique Manga Cin\u00e9","description":"\u00a1P\u00eddela ya! Esta r\u00e9plica de la Espada Vikinga Ironside al mejor precio. Hoja de acero pulido - Alto contenido en carbono - Vaina de cuero - Longitud: 93 cm","robots":{"index":"index","follow":"follow","max-snippet":"max-snippet:-1","max-image-preview":"max-image-preview:large","max-video-preview":"max-video-preview:-1"},"canonical":"https:\/\/repliquemangacine.fr\/es\/espadas-serie-vikingos\/espada-vikinga-ironside\/","og_locale":"es_ES","og_type":"article","og_title":"Ep\u00e9e Viking Ironside - Vente Ep\u00e9es Vikings - R\u00e9plique Manga Cin\u00e9","og_description":"Commandez vite ! Cette r\u00e9plique de l'Ep\u00e9e Viking Ironside au meilleur prix. Lame en acier poli - Haute teneur en carbone - Fourreau cuir - Longueur : 93 cm","og_url":"https:\/\/repliquemangacine.fr\/es\/espadas-serie-vikingos\/espada-vikinga-ironside\/","og_site_name":"R\u00e9plique Manga Cin\u00e9","article_publisher":"https:\/\/www.facebook.com\/RepliqueMangaCine","article_modified_time":"2026-03-01T19:23:07+00:00","og_image":[{"width":800,"height":800,"url":"https:\/\/repliquemangacine.fr\/wp-content\/uploads\/2023\/10\/3983-Epee-Viking-Ironside.jpg","type":"image\/jpeg"}],"twitter_card":"summary_large_image","twitter_misc":{"Tiempo de lectura":"1 minuto"},"schema":{"@context":"https:\/\/schema.org","@graph":[{"@type":"WebPage","@id":"https:\/\/repliquemangacine.fr\/en\/swords-tv-series-vikings\/ironside-viking-sword\/","url":"https:\/\/repliquemangacine.fr\/en\/swords-tv-series-vikings\/ironside-viking-sword\/","name":"Espada vikinga Ironside - Espadas vikingas en venta - R\u00e9plique Manga Cin\u00e9","isPartOf":{"@id":"https:\/\/repliquemangacine.fr\/#website"},"primaryImageOfPage":{"@id":"https:\/\/repliquemangacine.fr\/en\/swords-tv-series-vikings\/ironside-viking-sword\/#primaryimage"},"image":{"@id":"https:\/\/repliquemangacine.fr\/en\/swords-tv-series-vikings\/ironside-viking-sword\/#primaryimage"},"thumbnailUrl":"https:\/\/repliquemangacine.fr\/wp-content\/uploads\/2023\/10\/3983-Epee-Viking-Ironside.jpg","datePublished":"2021-02-03T14:39:18+00:00","dateModified":"2026-03-01T19:23:07+00:00","description":"\u00a1P\u00eddela ya! Esta r\u00e9plica de la Espada Vikinga Ironside al mejor precio. Hoja de acero pulido - Alto contenido en carbono - Vaina de cuero - Longitud: 93 cm","breadcrumb":{"@id":"https:\/\/repliquemangacine.fr\/en\/swords-tv-series-vikings\/ironside-viking-sword\/#breadcrumb"},"inLanguage":"es","potentialAction":[{"@type":"ReadAction","target":["https:\/\/repliquemangacine.fr\/en\/swords-tv-series-vikings\/ironside-viking-sword\/"]}]},{"@type":"ImageObject","inLanguage":"es","@id":"https:\/\/repliquemangacine.fr\/en\/swords-tv-series-vikings\/ironside-viking-sword\/#primaryimage","url":"https:\/\/repliquemangacine.fr\/wp-content\/uploads\/2023\/10\/3983-Epee-Viking-Ironside.jpg","contentUrl":"https:\/\/repliquemangacine.fr\/wp-content\/uploads\/2023\/10\/3983-Epee-Viking-Ironside.jpg","width":800,"height":800,"caption":"Ep\u00e9e Viking Ironside"},{"@type":"BreadcrumbList","@id":"https:\/\/repliquemangacine.fr\/en\/swords-tv-series-vikings\/ironside-viking-sword\/#breadcrumb","itemListElement":[{"@type":"ListItem","position":1,"name":"Accueil","item":"https:\/\/repliquemangacine.fr\/"},{"@type":"ListItem","position":2,"name":"Produits","item":"https:\/\/repliquemangacine.fr\/boutique\/"},{"@type":"ListItem","position":3,"name":"Ep\u00e9e Viking Ironside"}]},{"@type":"WebSite","@id":"https:\/\/repliquemangacine.fr\/#website","url":"https:\/\/repliquemangacine.fr\/","name":"R\u00e9plique Manga Cin\u00e9","description":"","publisher":{"@id":"https:\/\/repliquemangacine.fr\/#organization"},"potentialAction":[{"@type":"SearchAction","target":{"@type":"EntryPoint","urlTemplate":"https:\/\/repliquemangacine.fr\/?s={search_term_string}"},"query-input":{"@type":"PropertyValueSpecification","valueRequired":true,"valueName":"search_term_string"}}],"inLanguage":"es"},{"@type":"Organization","@id":"https:\/\/repliquemangacine.fr\/#organization","name":"R\u00e9plique Manga Cin\u00e9","url":"https:\/\/repliquemangacine.fr\/","logo":{"@type":"ImageObject","inLanguage":"es","@id":"https:\/\/repliquemangacine.fr\/#\/schema\/logo\/image\/","url":"https:\/\/repliquemangacine.fr\/wp-content\/uploads\/2023\/10\/RMC-500250.png","contentUrl":"https:\/\/repliquemangacine.fr\/wp-content\/uploads\/2023\/10\/RMC-500250.png","width":500,"height":250,"caption":"R\u00e9plique Manga Cin\u00e9"},"image":{"@id":"https:\/\/repliquemangacine.fr\/#\/schema\/logo\/image\/"},"sameAs":["https:\/\/www.facebook.com\/RepliqueMangaCine","https:\/\/www.instagram.com\/repliquemangacine.fr\/"]}]}},"_links":{"self":[{"href":"https:\/\/repliquemangacine.fr\/es\/wp-json\/wp\/v2\/product\/29310","targetHints":{"allow":["GET"]}}],"collection":[{"href":"https:\/\/repliquemangacine.fr\/es\/wp-json\/wp\/v2\/product"}],"about":[{"href":"https:\/\/repliquemangacine.fr\/es\/wp-json\/wp\/v2\/types\/product"}],"wp:featuredmedia":[{"embeddable":true,"href":"https:\/\/repliquemangacine.fr\/es\/wp-json\/wp\/v2\/media\/29311"}],"wp:attachment":[{"href":"https:\/\/repliquemangacine.fr\/es\/wp-json\/wp\/v2\/media?parent=29310"}],"wp:term":[{"taxonomy":"product_brand","embeddable":true,"href":"https:\/\/repliquemangacine.fr\/es\/wp-json\/wp\/v2\/product_brand?post=29310"},{"taxonomy":"product_cat","embeddable":true,"href":"https:\/\/repliquemangacine.fr\/es\/wp-json\/wp\/v2\/product_cat?post=29310"},{"taxonomy":"product_tag","embeddable":true,"href":"https:\/\/repliquemangacine.fr\/es\/wp-json\/wp\/v2\/product_tag?post=29310"}],"curies":[{"name":"wp","href":"https:\/\/api.w.org\/{rel}","templated":true}]}}