





{"id":29300,"date":"2021-01-29T15:11:57","date_gmt":"2021-01-29T14:11:57","guid":{"rendered":"https:\/\/repliquemangacine.fr\/?post_type=product&#038;p=29300"},"modified":"2025-09-23T18:02:36","modified_gmt":"2025-09-23T16:02:36","slug":"meliodas-espada-dragon","status":"publish","type":"product","link":"https:\/\/repliquemangacine.fr\/es\/epees-seven-deadly-sins\/epee-du-dragon-meliodas\/","title":{"rendered":"Espada del drag\u00f3n Meliodas"},"content":{"rendered":"<h2>Espada del drag\u00f3n Meliodas en Siete pecados capitales<\/h2>\n<p>Para empezar, el<strong>Espada del Drag\u00f3n Meliodas<\/strong>, parece tener sus propias capacidades, ya que es uno de los cinco fragmentos del Ata\u00fad de las Tinieblas Eternas.<\/p>\n<p>Meliodas es el Drag\u00f3n de la Ira que lidera los Siete Pecados Capitales. Es el protagonista principal de la serie y propietario de la famosa taberna Boar Hat. Su Tesoro Sagrado es la Espada Cortadora de Demonios Lostvayne y su habilidad principal es el Contraataque Total.<\/p>\n<p>La <a href=\"https:\/\/seven-deadly-sins.fandom.com\/fr\/wiki\/Poign\u00e9e_du_Dragon\" target=\"_blank\" rel=\"noopener noreferrer\">Dragon Grip<\/a> era el arma principal de Meliodas al principio de la serie, hasta que Helbram se la rob\u00f3. In\u00fatil como arma por derecho propio, Meliodas pod\u00eda, no obstante, utilizar esta espada rota junto con su Contador Total. M\u00e1s tarde se revel\u00f3 que el Mango del Drag\u00f3n no era originalmente un arma, sino un fragmento del Cofre de la Oscuridad Eterna.<\/p>\n<h2>Tu Espada Drag\u00f3n Meliodas al mejor precio<\/h2>\n<p>Te ofrecemos una amplia selecci\u00f3n de r\u00e9plicas de tus mangas favoritos.<\/p>\n<p>Lo primero y m\u00e1s importante,<\/p>\n<ul>\n<li>L'<a href=\"https:\/\/repliquemangacine.fr\/es\/otros-manga\/meliodas-espada-tesoro-sagrado-lostvayne\/\">Espada Lostvayne<\/a> La rebanadora de demonios de Meliodas en el manga Seven Deadly Sins.<\/li>\n<li>Tambi\u00e9n hay una r\u00e9plica del<a href=\"https:\/\/repliquemangacine.fr\/es\/otros-manga\/epee-de-liz-dans-seven-deadly-sins-epee-meliodas\/\">La espada de Liz<\/a> dado a Meliodas.<\/li>\n<li>As\u00ed como el <a href=\"https:\/\/repliquemangacine.fr\/es\/otros-manga\/coffret-porte-cles-armes-the-seven-deadly-sins\/\">Juego de llaveros de los Siete Pecados Capitales<\/a> ( Nanatsu no taizai).<\/li>\n<li>Y mucho m\u00e1s por descubrir en nuestra tienda en l\u00ednea.<\/li>\n<\/ul>\n<p>Por eso, aqu\u00ed tienes unas ideas fant\u00e1sticas para regalar a todos los fans del manga animado.<\/p>\n<p>En conclusi\u00f3n, puede utilizar el\u2019<strong>Espada del Drag\u00f3n Meliodas<\/strong> para tus desfiles de Cosplay. Pero sobre todo, esta espada es una pieza de coleccionista y una pieza decorativa.<\/p>\n<h2>\u00bfC\u00f3mo mantengo la hoja de mi espada de los Siete Pecados Capitales?<\/h2>\n<p>Las espadas de colecci\u00f3n y decorativas se fabrican y ensamblan de forma simplificada. Como su uso es decorativo, no cuentan con los elementos de seguridad necesarios para una espada japonesa destinada al entrenamiento.<\/p>\n<p>Sin embargo, su <strong>Espada del drag\u00f3n Meliodas<\/strong> a una hoja de acero que hay que cuidar para evitar que se estropee con el tiempo. Cuando exponga su katana, sus amigos sentir\u00e1n curiosidad por ver la hoja y tocarla. Aqu\u00ed es donde hay que tener cuidado, ya que la acidez de los dedos es muy perjudicial para el acero, sea cual sea su calidad.<\/p>\n<p>Sin embargo, si esto ocurre, no te asustes, todo lo que necesitas es un pa\u00f1o humedecido con un poco de aceite y limpiar las huellas dactilares. Si haces esto, tu espada durar\u00e1 mucho tiempo.<\/p>","protected":false},"excerpt":{"rendered":"<p>R\u00e9plica de la espada del drag\u00f3n o la espada rota de Meliodas en Seven Deadly Sins.<\/p>\n<ul>\n<li>Mango met\u00e1lico de forma especial, estriado como las escamas de un drag\u00f3n.<\/li>\n<li>El pomo forma la cabeza del drag\u00f3n.<\/li>\n<li>Hoja rota exactamente como en el manga.<\/li>\n<li>Funda de Abs marr\u00f3n.<\/li>\n<li>Longitud del mango con la hoja rota: 34cm<\/li>\n<li>Longitud total: 73 cm<\/li>\n<\/ul>","protected":false},"featured_media":29301,"template":"","meta":[],"product_brand":[896],"product_cat":[23,110],"product_tag":[],"class_list":{"0":"post-29300","1":"product","2":"type-product","3":"status-publish","4":"has-post-thumbnail","6":"product_brand-replique-manga-cine","7":"product_cat-repliques-manga-jeux-video","8":"product_cat-epees-seven-deadly-sins","10":"first","11":"instock","12":"sale","13":"taxable","14":"shipping-taxable","15":"purchasable","16":"product-type-simple"},"yoast_head":"<!-- This site is optimized with the Yoast SEO plugin v27.4 - https:\/\/yoast.com\/product\/yoast-seo-wordpress\/ -->\n<title>Ep\u00e9e du Dragon M\u00e9liodas - Ep\u00e9e bris\u00e9e - Boutique en ligne | RMC<\/title>\n<meta name=\"description\" content=\"Offrez-vous l&#039;Ep\u00e9e du Dragon M\u00e9liodas au meilleur prix. Lame en m\u00e9tal. Fourreau - Echelle 1\/1 - Longueur totale : 73cm - Envoi 24\/48h\" \/>\n<meta name=\"robots\" content=\"index, follow, max-snippet:-1, max-image-preview:large, max-video-preview:-1\" \/>\n<link rel=\"canonical\" href=\"https:\/\/repliquemangacine.fr\/es\/siete-pecados-capitales-espadas\/meliodas-espada-dragon\/\" \/>\n<meta property=\"og:locale\" content=\"es_ES\" \/>\n<meta property=\"og:type\" content=\"article\" \/>\n<meta property=\"og:title\" content=\"Ep\u00e9e du Dragon M\u00e9liodas - Ep\u00e9e bris\u00e9e - Boutique en ligne | RMC\" \/>\n<meta property=\"og:description\" content=\"Offrez-vous l&#039;Ep\u00e9e du Dragon M\u00e9liodas au meilleur prix. Lame en m\u00e9tal. Fourreau - Echelle 1\/1 - Longueur totale : 73cm - Envoi 24\/48h\" \/>\n<meta property=\"og:url\" content=\"https:\/\/repliquemangacine.fr\/es\/siete-pecados-capitales-espadas\/meliodas-espada-dragon\/\" \/>\n<meta property=\"og:site_name\" content=\"R\u00e9plique Manga Cin\u00e9\" \/>\n<meta property=\"article:publisher\" content=\"https:\/\/www.facebook.com\/RepliqueMangaCine\" \/>\n<meta property=\"article:modified_time\" content=\"2025-09-23T16:02:36+00:00\" \/>\n<meta property=\"og:image\" content=\"https:\/\/repliquemangacine.fr\/wp-content\/uploads\/2023\/10\/3976-Epee-du-dragon-Meliodas.jpg\" \/>\n\t<meta property=\"og:image:width\" content=\"800\" \/>\n\t<meta property=\"og:image:height\" content=\"800\" \/>\n\t<meta property=\"og:image:type\" content=\"image\/jpeg\" \/>\n<meta name=\"twitter:card\" content=\"summary_large_image\" \/>\n<meta name=\"twitter:label1\" content=\"Tiempo de lectura\" \/>\n\t<meta name=\"twitter:data1\" content=\"1 minuto\" \/>\n<script type=\"application\/ld+json\" class=\"yoast-schema-graph\">{\"@context\":\"https:\\\/\\\/schema.org\",\"@graph\":[{\"@type\":\"WebPage\",\"@id\":\"https:\\\/\\\/repliquemangacine.fr\\\/epees-seven-deadly-sins\\\/epee-du-dragon-meliodas\\\/\",\"url\":\"https:\\\/\\\/repliquemangacine.fr\\\/epees-seven-deadly-sins\\\/epee-du-dragon-meliodas\\\/\",\"name\":\"Ep\u00e9e du Dragon M\u00e9liodas - Ep\u00e9e bris\u00e9e - Boutique en ligne | RMC\",\"isPartOf\":{\"@id\":\"https:\\\/\\\/repliquemangacine.fr\\\/#website\"},\"primaryImageOfPage\":{\"@id\":\"https:\\\/\\\/repliquemangacine.fr\\\/epees-seven-deadly-sins\\\/epee-du-dragon-meliodas\\\/#primaryimage\"},\"image\":{\"@id\":\"https:\\\/\\\/repliquemangacine.fr\\\/epees-seven-deadly-sins\\\/epee-du-dragon-meliodas\\\/#primaryimage\"},\"thumbnailUrl\":\"https:\\\/\\\/repliquemangacine.fr\\\/wp-content\\\/uploads\\\/2023\\\/10\\\/3976-Epee-du-dragon-Meliodas.jpg\",\"datePublished\":\"2021-01-29T14:11:57+00:00\",\"dateModified\":\"2025-09-23T16:02:36+00:00\",\"description\":\"Offrez-vous l'Ep\u00e9e du Dragon M\u00e9liodas au meilleur prix. Lame en m\u00e9tal. Fourreau - Echelle 1\\\/1 - Longueur totale : 73cm - Envoi 24\\\/48h\",\"breadcrumb\":{\"@id\":\"https:\\\/\\\/repliquemangacine.fr\\\/epees-seven-deadly-sins\\\/epee-du-dragon-meliodas\\\/#breadcrumb\"},\"inLanguage\":\"es\",\"potentialAction\":[{\"@type\":\"ReadAction\",\"target\":[\"https:\\\/\\\/repliquemangacine.fr\\\/epees-seven-deadly-sins\\\/epee-du-dragon-meliodas\\\/\"]}]},{\"@type\":\"ImageObject\",\"inLanguage\":\"es\",\"@id\":\"https:\\\/\\\/repliquemangacine.fr\\\/epees-seven-deadly-sins\\\/epee-du-dragon-meliodas\\\/#primaryimage\",\"url\":\"https:\\\/\\\/repliquemangacine.fr\\\/wp-content\\\/uploads\\\/2023\\\/10\\\/3976-Epee-du-dragon-Meliodas.jpg\",\"contentUrl\":\"https:\\\/\\\/repliquemangacine.fr\\\/wp-content\\\/uploads\\\/2023\\\/10\\\/3976-Epee-du-dragon-Meliodas.jpg\",\"width\":800,\"height\":800,\"caption\":\"Ep\u00e9e du dragon Meliodas\"},{\"@type\":\"BreadcrumbList\",\"@id\":\"https:\\\/\\\/repliquemangacine.fr\\\/epees-seven-deadly-sins\\\/epee-du-dragon-meliodas\\\/#breadcrumb\",\"itemListElement\":[{\"@type\":\"ListItem\",\"position\":1,\"name\":\"Accueil\",\"item\":\"https:\\\/\\\/repliquemangacine.fr\\\/\"},{\"@type\":\"ListItem\",\"position\":2,\"name\":\"Produits\",\"item\":\"https:\\\/\\\/repliquemangacine.fr\\\/boutique\\\/\"},{\"@type\":\"ListItem\",\"position\":3,\"name\":\"Ep\u00e9e du dragon Meliodas\"}]},{\"@type\":\"WebSite\",\"@id\":\"https:\\\/\\\/repliquemangacine.fr\\\/#website\",\"url\":\"https:\\\/\\\/repliquemangacine.fr\\\/\",\"name\":\"R\u00e9plique Manga Cin\u00e9\",\"description\":\"\",\"publisher\":{\"@id\":\"https:\\\/\\\/repliquemangacine.fr\\\/#organization\"},\"potentialAction\":[{\"@type\":\"SearchAction\",\"target\":{\"@type\":\"EntryPoint\",\"urlTemplate\":\"https:\\\/\\\/repliquemangacine.fr\\\/?s={search_term_string}\"},\"query-input\":{\"@type\":\"PropertyValueSpecification\",\"valueRequired\":true,\"valueName\":\"search_term_string\"}}],\"inLanguage\":\"es\"},{\"@type\":\"Organization\",\"@id\":\"https:\\\/\\\/repliquemangacine.fr\\\/#organization\",\"name\":\"R\u00e9plique Manga Cin\u00e9\",\"url\":\"https:\\\/\\\/repliquemangacine.fr\\\/\",\"logo\":{\"@type\":\"ImageObject\",\"inLanguage\":\"es\",\"@id\":\"https:\\\/\\\/repliquemangacine.fr\\\/#\\\/schema\\\/logo\\\/image\\\/\",\"url\":\"https:\\\/\\\/repliquemangacine.fr\\\/wp-content\\\/uploads\\\/2023\\\/10\\\/RMC-500250.png\",\"contentUrl\":\"https:\\\/\\\/repliquemangacine.fr\\\/wp-content\\\/uploads\\\/2023\\\/10\\\/RMC-500250.png\",\"width\":500,\"height\":250,\"caption\":\"R\u00e9plique Manga Cin\u00e9\"},\"image\":{\"@id\":\"https:\\\/\\\/repliquemangacine.fr\\\/#\\\/schema\\\/logo\\\/image\\\/\"},\"sameAs\":[\"https:\\\/\\\/www.facebook.com\\\/RepliqueMangaCine\",\"https:\\\/\\\/www.instagram.com\\\/repliquemangacine.fr\\\/\"]}]}<\/script>\n<!-- \/ Yoast SEO plugin. -->","yoast_head_json":{"title":"La espada del drag\u00f3n Meliodas - Broken Sword - Boutique en ligne | RMC","description":"Reg\u00e1late la Espada Drag\u00f3n Meliodas al mejor precio. Hoja de metal. Vaina - Escala 1\/1 - Longitud total : 73cm - Env\u00edo 24\/48h","robots":{"index":"index","follow":"follow","max-snippet":"max-snippet:-1","max-image-preview":"max-image-preview:large","max-video-preview":"max-video-preview:-1"},"canonical":"https:\/\/repliquemangacine.fr\/es\/siete-pecados-capitales-espadas\/meliodas-espada-dragon\/","og_locale":"es_ES","og_type":"article","og_title":"Ep\u00e9e du Dragon M\u00e9liodas - Ep\u00e9e bris\u00e9e - Boutique en ligne | RMC","og_description":"Offrez-vous l'Ep\u00e9e du Dragon M\u00e9liodas au meilleur prix. Lame en m\u00e9tal. Fourreau - Echelle 1\/1 - Longueur totale : 73cm - Envoi 24\/48h","og_url":"https:\/\/repliquemangacine.fr\/es\/siete-pecados-capitales-espadas\/meliodas-espada-dragon\/","og_site_name":"R\u00e9plique Manga Cin\u00e9","article_publisher":"https:\/\/www.facebook.com\/RepliqueMangaCine","article_modified_time":"2025-09-23T16:02:36+00:00","og_image":[{"width":800,"height":800,"url":"https:\/\/repliquemangacine.fr\/wp-content\/uploads\/2023\/10\/3976-Epee-du-dragon-Meliodas.jpg","type":"image\/jpeg"}],"twitter_card":"summary_large_image","twitter_misc":{"Tiempo de lectura":"1 minuto"},"schema":{"@context":"https:\/\/schema.org","@graph":[{"@type":"WebPage","@id":"https:\/\/repliquemangacine.fr\/epees-seven-deadly-sins\/epee-du-dragon-meliodas\/","url":"https:\/\/repliquemangacine.fr\/epees-seven-deadly-sins\/epee-du-dragon-meliodas\/","name":"La espada del drag\u00f3n Meliodas - Broken Sword - Boutique en ligne | RMC","isPartOf":{"@id":"https:\/\/repliquemangacine.fr\/#website"},"primaryImageOfPage":{"@id":"https:\/\/repliquemangacine.fr\/epees-seven-deadly-sins\/epee-du-dragon-meliodas\/#primaryimage"},"image":{"@id":"https:\/\/repliquemangacine.fr\/epees-seven-deadly-sins\/epee-du-dragon-meliodas\/#primaryimage"},"thumbnailUrl":"https:\/\/repliquemangacine.fr\/wp-content\/uploads\/2023\/10\/3976-Epee-du-dragon-Meliodas.jpg","datePublished":"2021-01-29T14:11:57+00:00","dateModified":"2025-09-23T16:02:36+00:00","description":"Reg\u00e1late la Espada Drag\u00f3n Meliodas al mejor precio. Hoja de metal. Vaina - Escala 1\/1 - Longitud total : 73cm - Env\u00edo 24\/48h","breadcrumb":{"@id":"https:\/\/repliquemangacine.fr\/epees-seven-deadly-sins\/epee-du-dragon-meliodas\/#breadcrumb"},"inLanguage":"es","potentialAction":[{"@type":"ReadAction","target":["https:\/\/repliquemangacine.fr\/epees-seven-deadly-sins\/epee-du-dragon-meliodas\/"]}]},{"@type":"ImageObject","inLanguage":"es","@id":"https:\/\/repliquemangacine.fr\/epees-seven-deadly-sins\/epee-du-dragon-meliodas\/#primaryimage","url":"https:\/\/repliquemangacine.fr\/wp-content\/uploads\/2023\/10\/3976-Epee-du-dragon-Meliodas.jpg","contentUrl":"https:\/\/repliquemangacine.fr\/wp-content\/uploads\/2023\/10\/3976-Epee-du-dragon-Meliodas.jpg","width":800,"height":800,"caption":"Ep\u00e9e du dragon Meliodas"},{"@type":"BreadcrumbList","@id":"https:\/\/repliquemangacine.fr\/epees-seven-deadly-sins\/epee-du-dragon-meliodas\/#breadcrumb","itemListElement":[{"@type":"ListItem","position":1,"name":"Accueil","item":"https:\/\/repliquemangacine.fr\/"},{"@type":"ListItem","position":2,"name":"Produits","item":"https:\/\/repliquemangacine.fr\/boutique\/"},{"@type":"ListItem","position":3,"name":"Ep\u00e9e du dragon Meliodas"}]},{"@type":"WebSite","@id":"https:\/\/repliquemangacine.fr\/#website","url":"https:\/\/repliquemangacine.fr\/","name":"R\u00e9plique Manga Cin\u00e9","description":"","publisher":{"@id":"https:\/\/repliquemangacine.fr\/#organization"},"potentialAction":[{"@type":"SearchAction","target":{"@type":"EntryPoint","urlTemplate":"https:\/\/repliquemangacine.fr\/?s={search_term_string}"},"query-input":{"@type":"PropertyValueSpecification","valueRequired":true,"valueName":"search_term_string"}}],"inLanguage":"es"},{"@type":"Organization","@id":"https:\/\/repliquemangacine.fr\/#organization","name":"R\u00e9plique Manga Cin\u00e9","url":"https:\/\/repliquemangacine.fr\/","logo":{"@type":"ImageObject","inLanguage":"es","@id":"https:\/\/repliquemangacine.fr\/#\/schema\/logo\/image\/","url":"https:\/\/repliquemangacine.fr\/wp-content\/uploads\/2023\/10\/RMC-500250.png","contentUrl":"https:\/\/repliquemangacine.fr\/wp-content\/uploads\/2023\/10\/RMC-500250.png","width":500,"height":250,"caption":"R\u00e9plique Manga Cin\u00e9"},"image":{"@id":"https:\/\/repliquemangacine.fr\/#\/schema\/logo\/image\/"},"sameAs":["https:\/\/www.facebook.com\/RepliqueMangaCine","https:\/\/www.instagram.com\/repliquemangacine.fr\/"]}]}},"_links":{"self":[{"href":"https:\/\/repliquemangacine.fr\/es\/wp-json\/wp\/v2\/product\/29300","targetHints":{"allow":["GET"]}}],"collection":[{"href":"https:\/\/repliquemangacine.fr\/es\/wp-json\/wp\/v2\/product"}],"about":[{"href":"https:\/\/repliquemangacine.fr\/es\/wp-json\/wp\/v2\/types\/product"}],"wp:featuredmedia":[{"embeddable":true,"href":"https:\/\/repliquemangacine.fr\/es\/wp-json\/wp\/v2\/media\/29301"}],"wp:attachment":[{"href":"https:\/\/repliquemangacine.fr\/es\/wp-json\/wp\/v2\/media?parent=29300"}],"wp:term":[{"taxonomy":"product_brand","embeddable":true,"href":"https:\/\/repliquemangacine.fr\/es\/wp-json\/wp\/v2\/product_brand?post=29300"},{"taxonomy":"product_cat","embeddable":true,"href":"https:\/\/repliquemangacine.fr\/es\/wp-json\/wp\/v2\/product_cat?post=29300"},{"taxonomy":"product_tag","embeddable":true,"href":"https:\/\/repliquemangacine.fr\/es\/wp-json\/wp\/v2\/product_tag?post=29300"}],"curies":[{"name":"wp","href":"https:\/\/api.w.org\/{rel}","templated":true}]}}