





{"id":29291,"date":"2021-01-28T14:01:42","date_gmt":"2021-01-28T13:01:42","guid":{"rendered":"https:\/\/repliquemangacine.fr\/?post_type=product&#038;p=29291"},"modified":"2025-11-26T10:59:55","modified_gmt":"2025-11-26T09:59:55","slug":"katana-forja-nieve-eterna","status":"publish","type":"product","link":"https:\/\/repliquemangacine.fr\/es\/katana-forge\/katana-forge-neige-eternelle\/","title":{"rendered":"Katana forjada Neige Eternelle"},"content":{"rendered":"<h2>R\u00e9plica de la Katana de Nieve Forjada para entrenamiento de corte.<\/h2>\n<p>La Katana Forjada Nieve est\u00e1 fabricada seg\u00fan la t\u00e9cnica de un maestro herrero.<\/p>\n<p>La espada japonesa (Nihonto) describe un conjunto de armas blancas, fabricadas seg\u00fan las t\u00e9cnicas japonesas. Esta denominaci\u00f3n incluye la Tachi, la Wakizashi, la Tanto y, por supuesto, la famosa Katana. Hay que saber que la espada japonesa fue creada para usos b\u00e9licos. Actualmente se considera una obra de arte en s\u00ed misma.<\/p>\n<p>La katana es la espada japonesa m\u00e1s popular. La llevaban los samur\u00e1is japoneses y ha pasado por varias generaciones. Por eso hay <a href=\"https:\/\/www.touken.or.jp\/english\/\">museos<\/a> en Jap\u00f3n.<\/p>\n<p>Empecemos por las hojas: es importante saber para qu\u00e9 quieres usar tu katana.<\/p>\n<ul>\n<li>Para los principiantes, el acero 1045 (contenido de carbono 0,45%) est\u00e1 dise\u00f1ado para iniciarse en el corte de objetos blandos.<\/li>\n<li>Para el accionamiento de corte, el acero 1060 (0,60% carbono) es ideal para los soportes tradicionales.<\/li>\n<li>Para un uso intensivo, el acero 1095 (carbono 0,95%) se reserva a los usuarios experimentados en tatami o bamb\u00fa verde.<\/li>\n<\/ul>\n<p>Tu sable tambi\u00e9n debe tener una ranura (Bo-Hi) que aligere la hoja entre 150 y 200 gramos.<\/p>\n<p>A continuaci\u00f3n, la funda (Saya) es el estuche de la hoja, para protegerla de los golpes. La funda debe ajustarse a la forma de la hoja. Por lo general, est\u00e1 recubierta de laca de color, que puede variar seg\u00fan la moda de la \u00e9poca y el artesano.<\/p>\n<p>Por \u00faltimo, la guarda (Tsuba) es lo segundo que se observa despu\u00e9s de la hoja. Originalmente, la tsuba solo ten\u00eda una funci\u00f3n defensiva, proteger las manos del practicante y evitar que estas se deslizaran desde la empu\u00f1adura (tsuka) hacia la hoja. Sin embargo, con el tiempo, la guarda se convirti\u00f3 en un s\u00edmbolo que indicaba el nivel social. As\u00ed, se empezaron a forjar tsuba con una est\u00e9tica mucho m\u00e1s elaborada.<\/p>\n<h3>Ofrecemos una amplia gama de espadas japonesas para entrenamiento y decoraci\u00f3n.<\/h3>\n<p>Lo primero y m\u00e1s importante,<\/p>\n<ul>\n<li>Le <a href=\"https:\/\/repliquemangacine.fr\/es\/cazador-de-demonios\/kyojuro-cortando-katana\/\">La katana cortante de Kyojuro<\/a> en el manga anime Demon Slayer.<\/li>\n<li>Pero tambi\u00e9n la <a href=\"https:\/\/repliquemangacine.fr\/es\/lejia\/bankai-ichigo-tensa-zangetsu-corte-142cm\/\">Katana de Ichigo<\/a> en Bleach con su espada larga.<\/li>\n<li>Y muchos m\u00e1s.<\/li>\n<\/ul>\n<p>Es una gran idea de regalo para los amantes de las artes marciales.<\/p>\n<h3>Tambi\u00e9n puede utilizar esta Katana Forg\u00e9 Neige para su primer corte, o para su colecci\u00f3n.<\/h3>\n<p>Por encima de todo, la Katana Forg\u00e9 Neige es tambi\u00e9n una pieza de colecci\u00f3n y un objeto decorativo.<\/p>\n<p><strong>ADVERTENCIA<\/strong><\/p>\n<p><strong>Todas las katanas de la marca Fudoshin son \u00fanicamente para decoraci\u00f3n o entrenamiento de corte en rollos de paja de arroz tejida. Si el comprador o poseedor de este producto lo utiliza para cualquier otro prop\u00f3sito, \u00e9l\/ella asume todo el riesgo y responsabilidad por cualquier mal uso de este producto. Si el comprador o poseedor de este producto lo utiliza para cualquier otro fin, asume todo el riesgo y la responsabilidad por el uso indebido de este producto.<\/strong><\/p>","protected":false},"excerpt":{"rendered":"<p>Magn\u00edfica katana de corte de la marca Fudoshin.<\/p>\n<ul>\n<li>Hoja de acero Maru forjada a mano con garganta afilada.<\/li>\n<li>Acero grado 1045 (acero duro, 0,45% carbono).<\/li>\n<li>Mango (Igual) en raya.<\/li>\n<li>Empu\u00f1adura de aleaci\u00f3n (tsuba), cobreada y ennegrecida.<\/li>\n<li>Vaina de madera lacada en blanco.<\/li>\n<li>Desmontable para mantenimiento.<\/li>\n<li>Se entrega en una caja que incluye: 1 funda protectora, soporte y manual de instrucciones.<\/li>\n<li>Certificado de autenticidad.<\/li>\n<\/ul>\n<p>Longitud de la hoja: 67,5 cm - Grosor: 7\/5,5 mm<\/p>\n<p>Peso de la katana sin vaina: 995 grs - Peso de la vaina sola: 235grs<\/p>\n<p><strong>Venta estrictamente prohibida a menores.<\/strong><\/p>","protected":false},"featured_media":29292,"template":"","meta":[],"product_brand":[896],"product_cat":[26,38],"product_tag":[],"class_list":{"0":"post-29291","1":"product","2":"type-product","3":"status-publish","4":"has-post-thumbnail","6":"product_brand-replique-manga-cine","7":"product_cat-katana-epee","8":"product_cat-katana-forge","10":"first","11":"outofstock","12":"taxable","13":"shipping-taxable","14":"purchasable","15":"product-type-simple"},"yoast_head":"<!-- This site is optimized with the Yoast SEO plugin v27.4 - https:\/\/yoast.com\/product\/yoast-seo-wordpress\/ -->\n<title>Katana Forg\u00e9 Neige - Fudoshin - R\u00e9plique Manga Cin\u00e9<\/title>\n<meta name=\"description\" content=\"Commandez vite ! ce magnifique Katana Forg\u00e9 Neige. Fait d&#039;une seule pi\u00e8ce. Lame \u00e0 gorge tranchante Maru. Livr\u00e9 avec certificat d&#039;authenticit\u00e9\" \/>\n<meta name=\"robots\" content=\"index, follow, max-snippet:-1, max-image-preview:large, max-video-preview:-1\" \/>\n<link rel=\"canonical\" href=\"https:\/\/repliquemangacine.fr\/es\/forja-de-katanas\/katana-forja-nieve-eterna\/\" \/>\n<meta property=\"og:locale\" content=\"es_ES\" \/>\n<meta property=\"og:type\" content=\"article\" \/>\n<meta property=\"og:title\" content=\"Katana Forg\u00e9 Neige - Fudoshin - R\u00e9plique Manga Cin\u00e9\" \/>\n<meta property=\"og:description\" content=\"Commandez vite ! ce magnifique Katana Forg\u00e9 Neige. Fait d&#039;une seule pi\u00e8ce. Lame \u00e0 gorge tranchante Maru. Livr\u00e9 avec certificat d&#039;authenticit\u00e9\" \/>\n<meta property=\"og:url\" content=\"https:\/\/repliquemangacine.fr\/es\/forja-de-katanas\/katana-forja-nieve-eterna\/\" \/>\n<meta property=\"og:site_name\" content=\"R\u00e9plique Manga Cin\u00e9\" \/>\n<meta property=\"article:publisher\" content=\"https:\/\/www.facebook.com\/RepliqueMangaCine\" \/>\n<meta property=\"article:modified_time\" content=\"2025-11-26T09:59:55+00:00\" \/>\n<meta property=\"og:image\" content=\"https:\/\/repliquemangacine.fr\/wp-content\/uploads\/2023\/10\/3967-Katana-forge-main.jpg\" \/>\n\t<meta property=\"og:image:width\" content=\"800\" \/>\n\t<meta property=\"og:image:height\" content=\"800\" \/>\n\t<meta property=\"og:image:type\" content=\"image\/jpeg\" \/>\n<meta name=\"twitter:card\" content=\"summary_large_image\" \/>\n<meta name=\"twitter:label1\" content=\"Tiempo de lectura\" \/>\n\t<meta name=\"twitter:data1\" content=\"2 minutos\" \/>\n<script type=\"application\/ld+json\" class=\"yoast-schema-graph\">{\"@context\":\"https:\\\/\\\/schema.org\",\"@graph\":[{\"@type\":\"WebPage\",\"@id\":\"https:\\\/\\\/repliquemangacine.fr\\\/katana-forge\\\/katana-forge-neige-eternelle\\\/\",\"url\":\"https:\\\/\\\/repliquemangacine.fr\\\/katana-forge\\\/katana-forge-neige-eternelle\\\/\",\"name\":\"Katana Forg\u00e9 Neige - Fudoshin - R\u00e9plique Manga Cin\u00e9\",\"isPartOf\":{\"@id\":\"https:\\\/\\\/repliquemangacine.fr\\\/#website\"},\"primaryImageOfPage\":{\"@id\":\"https:\\\/\\\/repliquemangacine.fr\\\/katana-forge\\\/katana-forge-neige-eternelle\\\/#primaryimage\"},\"image\":{\"@id\":\"https:\\\/\\\/repliquemangacine.fr\\\/katana-forge\\\/katana-forge-neige-eternelle\\\/#primaryimage\"},\"thumbnailUrl\":\"https:\\\/\\\/repliquemangacine.fr\\\/wp-content\\\/uploads\\\/2023\\\/10\\\/3967-Katana-forge-main.jpg\",\"datePublished\":\"2021-01-28T13:01:42+00:00\",\"dateModified\":\"2025-11-26T09:59:55+00:00\",\"description\":\"Commandez vite ! ce magnifique Katana Forg\u00e9 Neige. Fait d'une seule pi\u00e8ce. Lame \u00e0 gorge tranchante Maru. Livr\u00e9 avec certificat d'authenticit\u00e9\",\"breadcrumb\":{\"@id\":\"https:\\\/\\\/repliquemangacine.fr\\\/katana-forge\\\/katana-forge-neige-eternelle\\\/#breadcrumb\"},\"inLanguage\":\"es\",\"potentialAction\":[{\"@type\":\"ReadAction\",\"target\":[\"https:\\\/\\\/repliquemangacine.fr\\\/katana-forge\\\/katana-forge-neige-eternelle\\\/\"]}]},{\"@type\":\"ImageObject\",\"inLanguage\":\"es\",\"@id\":\"https:\\\/\\\/repliquemangacine.fr\\\/katana-forge\\\/katana-forge-neige-eternelle\\\/#primaryimage\",\"url\":\"https:\\\/\\\/repliquemangacine.fr\\\/wp-content\\\/uploads\\\/2023\\\/10\\\/3967-Katana-forge-main.jpg\",\"contentUrl\":\"https:\\\/\\\/repliquemangacine.fr\\\/wp-content\\\/uploads\\\/2023\\\/10\\\/3967-Katana-forge-main.jpg\",\"width\":800,\"height\":800,\"caption\":\"Katana forg\u00e9 main\"},{\"@type\":\"BreadcrumbList\",\"@id\":\"https:\\\/\\\/repliquemangacine.fr\\\/katana-forge\\\/katana-forge-neige-eternelle\\\/#breadcrumb\",\"itemListElement\":[{\"@type\":\"ListItem\",\"position\":1,\"name\":\"Accueil\",\"item\":\"https:\\\/\\\/repliquemangacine.fr\\\/\"},{\"@type\":\"ListItem\",\"position\":2,\"name\":\"Produits\",\"item\":\"https:\\\/\\\/repliquemangacine.fr\\\/boutique\\\/\"},{\"@type\":\"ListItem\",\"position\":3,\"name\":\"Katana forg\u00e9 Neige Eternelle\"}]},{\"@type\":\"WebSite\",\"@id\":\"https:\\\/\\\/repliquemangacine.fr\\\/#website\",\"url\":\"https:\\\/\\\/repliquemangacine.fr\\\/\",\"name\":\"R\u00e9plique Manga Cin\u00e9\",\"description\":\"\",\"publisher\":{\"@id\":\"https:\\\/\\\/repliquemangacine.fr\\\/#organization\"},\"potentialAction\":[{\"@type\":\"SearchAction\",\"target\":{\"@type\":\"EntryPoint\",\"urlTemplate\":\"https:\\\/\\\/repliquemangacine.fr\\\/?s={search_term_string}\"},\"query-input\":{\"@type\":\"PropertyValueSpecification\",\"valueRequired\":true,\"valueName\":\"search_term_string\"}}],\"inLanguage\":\"es\"},{\"@type\":\"Organization\",\"@id\":\"https:\\\/\\\/repliquemangacine.fr\\\/#organization\",\"name\":\"R\u00e9plique Manga Cin\u00e9\",\"url\":\"https:\\\/\\\/repliquemangacine.fr\\\/\",\"logo\":{\"@type\":\"ImageObject\",\"inLanguage\":\"es\",\"@id\":\"https:\\\/\\\/repliquemangacine.fr\\\/#\\\/schema\\\/logo\\\/image\\\/\",\"url\":\"https:\\\/\\\/repliquemangacine.fr\\\/wp-content\\\/uploads\\\/2023\\\/10\\\/RMC-500250.png\",\"contentUrl\":\"https:\\\/\\\/repliquemangacine.fr\\\/wp-content\\\/uploads\\\/2023\\\/10\\\/RMC-500250.png\",\"width\":500,\"height\":250,\"caption\":\"R\u00e9plique Manga Cin\u00e9\"},\"image\":{\"@id\":\"https:\\\/\\\/repliquemangacine.fr\\\/#\\\/schema\\\/logo\\\/image\\\/\"},\"sameAs\":[\"https:\\\/\\\/www.facebook.com\\\/RepliqueMangaCine\",\"https:\\\/\\\/www.instagram.com\\\/repliquemangacine.fr\\\/\"]}]}<\/script>\n<!-- \/ Yoast SEO plugin. -->","yoast_head_json":{"title":"Katana de Nieve Forjada - Fudoshin - R\u00e9plique Manga Cin\u00e9","description":"\u00a1Pide ya esta magn\u00edfica Katana de Nieve Forjada! Fabricada en una sola pieza. Hoja con filo Maru. Se entrega con certificado de autenticidad","robots":{"index":"index","follow":"follow","max-snippet":"max-snippet:-1","max-image-preview":"max-image-preview:large","max-video-preview":"max-video-preview:-1"},"canonical":"https:\/\/repliquemangacine.fr\/es\/forja-de-katanas\/katana-forja-nieve-eterna\/","og_locale":"es_ES","og_type":"article","og_title":"Katana Forg\u00e9 Neige - Fudoshin - R\u00e9plique Manga Cin\u00e9","og_description":"Commandez vite ! ce magnifique Katana Forg\u00e9 Neige. Fait d'une seule pi\u00e8ce. Lame \u00e0 gorge tranchante Maru. Livr\u00e9 avec certificat d'authenticit\u00e9","og_url":"https:\/\/repliquemangacine.fr\/es\/forja-de-katanas\/katana-forja-nieve-eterna\/","og_site_name":"R\u00e9plique Manga Cin\u00e9","article_publisher":"https:\/\/www.facebook.com\/RepliqueMangaCine","article_modified_time":"2025-11-26T09:59:55+00:00","og_image":[{"width":800,"height":800,"url":"https:\/\/repliquemangacine.fr\/wp-content\/uploads\/2023\/10\/3967-Katana-forge-main.jpg","type":"image\/jpeg"}],"twitter_card":"summary_large_image","twitter_misc":{"Tiempo de lectura":"2 minutos"},"schema":{"@context":"https:\/\/schema.org","@graph":[{"@type":"WebPage","@id":"https:\/\/repliquemangacine.fr\/katana-forge\/katana-forge-neige-eternelle\/","url":"https:\/\/repliquemangacine.fr\/katana-forge\/katana-forge-neige-eternelle\/","name":"Katana de Nieve Forjada - Fudoshin - R\u00e9plique Manga Cin\u00e9","isPartOf":{"@id":"https:\/\/repliquemangacine.fr\/#website"},"primaryImageOfPage":{"@id":"https:\/\/repliquemangacine.fr\/katana-forge\/katana-forge-neige-eternelle\/#primaryimage"},"image":{"@id":"https:\/\/repliquemangacine.fr\/katana-forge\/katana-forge-neige-eternelle\/#primaryimage"},"thumbnailUrl":"https:\/\/repliquemangacine.fr\/wp-content\/uploads\/2023\/10\/3967-Katana-forge-main.jpg","datePublished":"2021-01-28T13:01:42+00:00","dateModified":"2025-11-26T09:59:55+00:00","description":"\u00a1Pide ya esta magn\u00edfica Katana de Nieve Forjada! Fabricada en una sola pieza. Hoja con filo Maru. Se entrega con certificado de autenticidad","breadcrumb":{"@id":"https:\/\/repliquemangacine.fr\/katana-forge\/katana-forge-neige-eternelle\/#breadcrumb"},"inLanguage":"es","potentialAction":[{"@type":"ReadAction","target":["https:\/\/repliquemangacine.fr\/katana-forge\/katana-forge-neige-eternelle\/"]}]},{"@type":"ImageObject","inLanguage":"es","@id":"https:\/\/repliquemangacine.fr\/katana-forge\/katana-forge-neige-eternelle\/#primaryimage","url":"https:\/\/repliquemangacine.fr\/wp-content\/uploads\/2023\/10\/3967-Katana-forge-main.jpg","contentUrl":"https:\/\/repliquemangacine.fr\/wp-content\/uploads\/2023\/10\/3967-Katana-forge-main.jpg","width":800,"height":800,"caption":"Katana forg\u00e9 main"},{"@type":"BreadcrumbList","@id":"https:\/\/repliquemangacine.fr\/katana-forge\/katana-forge-neige-eternelle\/#breadcrumb","itemListElement":[{"@type":"ListItem","position":1,"name":"Accueil","item":"https:\/\/repliquemangacine.fr\/"},{"@type":"ListItem","position":2,"name":"Produits","item":"https:\/\/repliquemangacine.fr\/boutique\/"},{"@type":"ListItem","position":3,"name":"Katana forg\u00e9 Neige Eternelle"}]},{"@type":"WebSite","@id":"https:\/\/repliquemangacine.fr\/#website","url":"https:\/\/repliquemangacine.fr\/","name":"R\u00e9plique Manga Cin\u00e9","description":"","publisher":{"@id":"https:\/\/repliquemangacine.fr\/#organization"},"potentialAction":[{"@type":"SearchAction","target":{"@type":"EntryPoint","urlTemplate":"https:\/\/repliquemangacine.fr\/?s={search_term_string}"},"query-input":{"@type":"PropertyValueSpecification","valueRequired":true,"valueName":"search_term_string"}}],"inLanguage":"es"},{"@type":"Organization","@id":"https:\/\/repliquemangacine.fr\/#organization","name":"R\u00e9plique Manga Cin\u00e9","url":"https:\/\/repliquemangacine.fr\/","logo":{"@type":"ImageObject","inLanguage":"es","@id":"https:\/\/repliquemangacine.fr\/#\/schema\/logo\/image\/","url":"https:\/\/repliquemangacine.fr\/wp-content\/uploads\/2023\/10\/RMC-500250.png","contentUrl":"https:\/\/repliquemangacine.fr\/wp-content\/uploads\/2023\/10\/RMC-500250.png","width":500,"height":250,"caption":"R\u00e9plique Manga Cin\u00e9"},"image":{"@id":"https:\/\/repliquemangacine.fr\/#\/schema\/logo\/image\/"},"sameAs":["https:\/\/www.facebook.com\/RepliqueMangaCine","https:\/\/www.instagram.com\/repliquemangacine.fr\/"]}]}},"_links":{"self":[{"href":"https:\/\/repliquemangacine.fr\/es\/wp-json\/wp\/v2\/product\/29291","targetHints":{"allow":["GET"]}}],"collection":[{"href":"https:\/\/repliquemangacine.fr\/es\/wp-json\/wp\/v2\/product"}],"about":[{"href":"https:\/\/repliquemangacine.fr\/es\/wp-json\/wp\/v2\/types\/product"}],"wp:featuredmedia":[{"embeddable":true,"href":"https:\/\/repliquemangacine.fr\/es\/wp-json\/wp\/v2\/media\/29292"}],"wp:attachment":[{"href":"https:\/\/repliquemangacine.fr\/es\/wp-json\/wp\/v2\/media?parent=29291"}],"wp:term":[{"taxonomy":"product_brand","embeddable":true,"href":"https:\/\/repliquemangacine.fr\/es\/wp-json\/wp\/v2\/product_brand?post=29291"},{"taxonomy":"product_cat","embeddable":true,"href":"https:\/\/repliquemangacine.fr\/es\/wp-json\/wp\/v2\/product_cat?post=29291"},{"taxonomy":"product_tag","embeddable":true,"href":"https:\/\/repliquemangacine.fr\/es\/wp-json\/wp\/v2\/product_tag?post=29291"}],"curies":[{"name":"wp","href":"https:\/\/api.w.org\/{rel}","templated":true}]}}