





{"id":29277,"date":"2021-01-22T13:17:23","date_gmt":"2021-01-22T12:17:23","guid":{"rendered":"https:\/\/repliquemangacine.fr\/?post_type=product&#038;p=29277"},"modified":"2026-04-03T14:50:13","modified_gmt":"2026-04-03T12:50:13","slug":"caballeria-romana-spatha","status":"publish","type":"product","link":"https:\/\/repliquemangacine.fr\/es\/epees-glaives-antique\/spatha-cavalerie-romaine\/","title":{"rendered":"Caballer\u00eda romana Spatha"},"content":{"rendered":"<h2>Espada Spatha de caballer\u00eda romana<\/h2>\n<p>Para empezar, el<strong>Espada Spatha de caballer\u00eda romana<\/strong> es de origen celta. Este tipo de espada de caballer\u00eda romana mide generalmente entre 65 y 100 cent\u00edmetros. Para que pudiera ser utilizada eficazmente por la caballer\u00eda y adoptada m\u00e1s tarde por la infanter\u00eda. No se conoce con exactitud la medida exacta de la spatha. Se caracteriza por una hoja ancha y una guarda estrecha.<\/p>\n<p>El siglo II d. C., \u00e9poca de grandes cambios. La espada corta desaparece y es sustituida por una espada de caballer\u00eda, un arma m\u00e1s larga llamada spatha.<\/p>\n<p>Se utiliz\u00f3 en el norte de Europa durante varios siglos tras la ca\u00edda de Roma, e incluso fue empleada por los vikingos entre los a\u00f1os 800 y 1100. Por su forma y tama\u00f1o, la spatha es el eslab\u00f3n evolutivo entre la espada romana y la espada medieval.<\/p>\n<h2>Tu Espada de Caballer\u00eda Romana Spatha al mejor precio.<\/h2>\n<p>Le ofrecemos una amplia selecci\u00f3n de espadas y glaives de la Antig\u00fcedad.<\/p>\n<p>Lo primero y m\u00e1s importante,<\/p>\n<ul>\n<li>Le <a href=\"https:\/\/repliquemangacine.fr\/es\/armas-historicas\/espada-negra-julio-cesar\/\">Espada romana<\/a> del emperador Julio C\u00e9sar firm\u00f3 <a href=\"https:\/\/www.denix.fr\/\" target=\"_blank\" rel=\"noopener noreferrer\">Denix<\/a><\/li>\n<li>Tambi\u00e9n existe la<a href=\"https:\/\/repliquemangacine.fr\/es\/espadas-espada\/mainz-gladius-tiber-espada\/\">espada de Tiberio<\/a> Mainz Gladius.<\/li>\n<li>As\u00ed como el<a href=\"https:\/\/repliquemangacine.fr\/es\/espadas-espada\/espada-de-fieltro\/\">espada de Feltwell<\/a> r\u00e9plica aut\u00e9ntica firmada Deepeeka.<\/li>\n<li>Y muchos m\u00e1s por descubrir en nuestra tienda en l\u00ednea.<\/li>\n<\/ul>\n<p>Por eso, aqu\u00ed tienes una magn\u00edfica idea de regalo para todos los apasionados de la Antig\u00fcedad.<\/p>\n<p>En conclusi\u00f3n, puede utilizar el\u2019<strong>Espada Spatha de caballer\u00eda romana<\/strong> para sus recreaciones hist\u00f3ricas o veladas tem\u00e1ticas. Pero, sobre todo, es una pieza de coleccionista.<\/p>\n<h2>\u00bfC\u00f3mo mantengo la hoja de mi espada antigua?<\/h2>\n<p>Las espadas de colecci\u00f3n y decorativas se fabrican y ensamblan de forma simplificada. Como su uso es decorativo, no cuentan con los elementos de seguridad necesarios para una espada japonesa destinada al entrenamiento.<\/p>\n<p>Sin embargo, su <strong>Espada Spatha de caballer\u00eda romana<\/strong> a una hoja de acero que hay que cuidar para evitar que se estropee con el tiempo. Cuando exponga su katana, sus amigos sentir\u00e1n curiosidad por ver la hoja y tocarla. Aqu\u00ed es donde hay que tener cuidado, ya que la acidez de los dedos es muy perjudicial para el acero, sea cual sea su calidad.<\/p>\n<p>Sin embargo, si esto ocurre, no te asustes, todo lo que necesitas es un pa\u00f1o humedecido con un poco de aceite y limpiar las huellas dactilares. Si haces esto, tu espada durar\u00e1 mucho tiempo.<\/p>","protected":false},"excerpt":{"rendered":"<p>R\u00e9plica de una espada de caballer\u00eda romana tambi\u00e9n conocida como Spatha.<\/p>\n<ul>\n<li>Hoja ancha de acero.<\/li>\n<li>Mango de ABS moldeado imitaci\u00f3n hueso.<\/li>\n<li>Empu\u00f1adura y pomo de madera con decoraci\u00f3n ABS dorada.<\/li>\n<li>Vaina de madera recubierta de cuero marr\u00f3n con decoraci\u00f3n.<\/li>\n<li>Longitud de la hoja: 76 cm - Longitud total: 104 cm<\/li>\n<\/ul>","protected":false},"featured_media":29278,"template":"","meta":[],"product_brand":[896],"product_cat":[31,25,73],"product_tag":[],"class_list":{"0":"post-29277","1":"product","2":"type-product","3":"status-publish","4":"has-post-thumbnail","6":"product_brand-replique-manga-cine","7":"product_cat-armes-antiques","8":"product_cat-armes-historiques","9":"product_cat-epees-glaives-antique","11":"first","12":"instock","13":"sale","14":"taxable","15":"shipping-taxable","16":"purchasable","17":"product-type-simple"},"yoast_head":"<!-- This site is optimized with the Yoast SEO plugin v27.4 - https:\/\/yoast.com\/product\/yoast-seo-wordpress\/ -->\n<title>Ep\u00e9e Spatha Cavalerie Romaine - Vente Glaive Antique | RMC<\/title>\n<meta name=\"description\" content=\"D\u00e9couvrez votre Ep\u00e9e Spatha Cavalerie Romaine au meilleur prix - Lame en acier - Fourreau en cuir marron - Longueur totale 104 cm - Envoi 24\/48h\" \/>\n<meta name=\"robots\" content=\"index, follow, max-snippet:-1, max-image-preview:large, max-video-preview:-1\" \/>\n<link rel=\"canonical\" href=\"https:\/\/repliquemangacine.fr\/es\/espadas-espada-antigua\/caballeria-romana-spatha\/\" \/>\n<meta property=\"og:locale\" content=\"es_ES\" \/>\n<meta property=\"og:type\" content=\"article\" \/>\n<meta property=\"og:title\" content=\"Ep\u00e9e Spatha Cavalerie Romaine - Vente Glaive Antique | RMC\" \/>\n<meta property=\"og:description\" content=\"D\u00e9couvrez votre Ep\u00e9e Spatha Cavalerie Romaine au meilleur prix - Lame en acier - Fourreau en cuir marron - Longueur totale 104 cm - Envoi 24\/48h\" \/>\n<meta property=\"og:url\" content=\"https:\/\/repliquemangacine.fr\/es\/espadas-espada-antigua\/caballeria-romana-spatha\/\" \/>\n<meta property=\"og:site_name\" content=\"R\u00e9plique Manga Cin\u00e9\" \/>\n<meta property=\"article:publisher\" content=\"https:\/\/www.facebook.com\/RepliqueMangaCine\" \/>\n<meta property=\"article:modified_time\" content=\"2026-04-03T12:50:13+00:00\" \/>\n<meta property=\"og:image\" content=\"https:\/\/repliquemangacine.fr\/wp-content\/uploads\/2023\/10\/glaive.jpg\" \/>\n\t<meta property=\"og:image:width\" content=\"500\" \/>\n\t<meta property=\"og:image:height\" content=\"500\" \/>\n\t<meta property=\"og:image:type\" content=\"image\/jpeg\" \/>\n<meta name=\"twitter:card\" content=\"summary_large_image\" \/>\n<meta name=\"twitter:label1\" content=\"Tiempo de lectura\" \/>\n\t<meta name=\"twitter:data1\" content=\"2 minutos\" \/>\n<script type=\"application\/ld+json\" class=\"yoast-schema-graph\">{\"@context\":\"https:\\\/\\\/schema.org\",\"@graph\":[{\"@type\":\"WebPage\",\"@id\":\"https:\\\/\\\/repliquemangacine.fr\\\/epees-glaives-antique\\\/spatha-cavalerie-romaine\\\/\",\"url\":\"https:\\\/\\\/repliquemangacine.fr\\\/epees-glaives-antique\\\/spatha-cavalerie-romaine\\\/\",\"name\":\"Ep\u00e9e Spatha Cavalerie Romaine - Vente Glaive Antique | RMC\",\"isPartOf\":{\"@id\":\"https:\\\/\\\/repliquemangacine.fr\\\/#website\"},\"primaryImageOfPage\":{\"@id\":\"https:\\\/\\\/repliquemangacine.fr\\\/epees-glaives-antique\\\/spatha-cavalerie-romaine\\\/#primaryimage\"},\"image\":{\"@id\":\"https:\\\/\\\/repliquemangacine.fr\\\/epees-glaives-antique\\\/spatha-cavalerie-romaine\\\/#primaryimage\"},\"thumbnailUrl\":\"https:\\\/\\\/repliquemangacine.fr\\\/wp-content\\\/uploads\\\/2023\\\/10\\\/glaive.jpg\",\"datePublished\":\"2021-01-22T12:17:23+00:00\",\"dateModified\":\"2026-04-03T12:50:13+00:00\",\"description\":\"D\u00e9couvrez votre Ep\u00e9e Spatha Cavalerie Romaine au meilleur prix - Lame en acier - Fourreau en cuir marron - Longueur totale 104 cm - Envoi 24\\\/48h\",\"breadcrumb\":{\"@id\":\"https:\\\/\\\/repliquemangacine.fr\\\/epees-glaives-antique\\\/spatha-cavalerie-romaine\\\/#breadcrumb\"},\"inLanguage\":\"es\",\"potentialAction\":[{\"@type\":\"ReadAction\",\"target\":[\"https:\\\/\\\/repliquemangacine.fr\\\/epees-glaives-antique\\\/spatha-cavalerie-romaine\\\/\"]}]},{\"@type\":\"ImageObject\",\"inLanguage\":\"es\",\"@id\":\"https:\\\/\\\/repliquemangacine.fr\\\/epees-glaives-antique\\\/spatha-cavalerie-romaine\\\/#primaryimage\",\"url\":\"https:\\\/\\\/repliquemangacine.fr\\\/wp-content\\\/uploads\\\/2023\\\/10\\\/glaive.jpg\",\"contentUrl\":\"https:\\\/\\\/repliquemangacine.fr\\\/wp-content\\\/uploads\\\/2023\\\/10\\\/glaive.jpg\",\"width\":500,\"height\":500,\"caption\":\"Spatha Cavalerie Romaine fourreau\"},{\"@type\":\"BreadcrumbList\",\"@id\":\"https:\\\/\\\/repliquemangacine.fr\\\/epees-glaives-antique\\\/spatha-cavalerie-romaine\\\/#breadcrumb\",\"itemListElement\":[{\"@type\":\"ListItem\",\"position\":1,\"name\":\"Accueil\",\"item\":\"https:\\\/\\\/repliquemangacine.fr\\\/\"},{\"@type\":\"ListItem\",\"position\":2,\"name\":\"Produits\",\"item\":\"https:\\\/\\\/repliquemangacine.fr\\\/boutique\\\/\"},{\"@type\":\"ListItem\",\"position\":3,\"name\":\"Spatha Cavalerie Romaine\"}]},{\"@type\":\"WebSite\",\"@id\":\"https:\\\/\\\/repliquemangacine.fr\\\/#website\",\"url\":\"https:\\\/\\\/repliquemangacine.fr\\\/\",\"name\":\"R\u00e9plique Manga Cin\u00e9\",\"description\":\"\",\"publisher\":{\"@id\":\"https:\\\/\\\/repliquemangacine.fr\\\/#organization\"},\"potentialAction\":[{\"@type\":\"SearchAction\",\"target\":{\"@type\":\"EntryPoint\",\"urlTemplate\":\"https:\\\/\\\/repliquemangacine.fr\\\/?s={search_term_string}\"},\"query-input\":{\"@type\":\"PropertyValueSpecification\",\"valueRequired\":true,\"valueName\":\"search_term_string\"}}],\"inLanguage\":\"es\"},{\"@type\":\"Organization\",\"@id\":\"https:\\\/\\\/repliquemangacine.fr\\\/#organization\",\"name\":\"R\u00e9plique Manga Cin\u00e9\",\"url\":\"https:\\\/\\\/repliquemangacine.fr\\\/\",\"logo\":{\"@type\":\"ImageObject\",\"inLanguage\":\"es\",\"@id\":\"https:\\\/\\\/repliquemangacine.fr\\\/#\\\/schema\\\/logo\\\/image\\\/\",\"url\":\"https:\\\/\\\/repliquemangacine.fr\\\/wp-content\\\/uploads\\\/2023\\\/10\\\/RMC-500250.png\",\"contentUrl\":\"https:\\\/\\\/repliquemangacine.fr\\\/wp-content\\\/uploads\\\/2023\\\/10\\\/RMC-500250.png\",\"width\":500,\"height\":250,\"caption\":\"R\u00e9plique Manga Cin\u00e9\"},\"image\":{\"@id\":\"https:\\\/\\\/repliquemangacine.fr\\\/#\\\/schema\\\/logo\\\/image\\\/\"},\"sameAs\":[\"https:\\\/\\\/www.facebook.com\\\/RepliqueMangaCine\",\"https:\\\/\\\/www.instagram.com\\\/repliquemangacine.fr\\\/\"]}]}<\/script>\n<!-- \/ Yoast SEO plugin. -->","yoast_head_json":{"title":"Espada Spatha de Caballer\u00eda Romana - Venta de Glaive Antiguo | RMC","description":"Descubra su Espada Spatha de Caballer\u00eda Romana al mejor precio - Hoja de acero - Vaina de cuero marr\u00f3n - Longitud total 104 cm - Env\u00edo 24\/48h","robots":{"index":"index","follow":"follow","max-snippet":"max-snippet:-1","max-image-preview":"max-image-preview:large","max-video-preview":"max-video-preview:-1"},"canonical":"https:\/\/repliquemangacine.fr\/es\/espadas-espada-antigua\/caballeria-romana-spatha\/","og_locale":"es_ES","og_type":"article","og_title":"Ep\u00e9e Spatha Cavalerie Romaine - Vente Glaive Antique | RMC","og_description":"D\u00e9couvrez votre Ep\u00e9e Spatha Cavalerie Romaine au meilleur prix - Lame en acier - Fourreau en cuir marron - Longueur totale 104 cm - Envoi 24\/48h","og_url":"https:\/\/repliquemangacine.fr\/es\/espadas-espada-antigua\/caballeria-romana-spatha\/","og_site_name":"R\u00e9plique Manga Cin\u00e9","article_publisher":"https:\/\/www.facebook.com\/RepliqueMangaCine","article_modified_time":"2026-04-03T12:50:13+00:00","og_image":[{"width":500,"height":500,"url":"https:\/\/repliquemangacine.fr\/wp-content\/uploads\/2023\/10\/glaive.jpg","type":"image\/jpeg"}],"twitter_card":"summary_large_image","twitter_misc":{"Tiempo de lectura":"2 minutos"},"schema":{"@context":"https:\/\/schema.org","@graph":[{"@type":"WebPage","@id":"https:\/\/repliquemangacine.fr\/epees-glaives-antique\/spatha-cavalerie-romaine\/","url":"https:\/\/repliquemangacine.fr\/epees-glaives-antique\/spatha-cavalerie-romaine\/","name":"Espada Spatha de Caballer\u00eda Romana - Venta de Glaive Antiguo | RMC","isPartOf":{"@id":"https:\/\/repliquemangacine.fr\/#website"},"primaryImageOfPage":{"@id":"https:\/\/repliquemangacine.fr\/epees-glaives-antique\/spatha-cavalerie-romaine\/#primaryimage"},"image":{"@id":"https:\/\/repliquemangacine.fr\/epees-glaives-antique\/spatha-cavalerie-romaine\/#primaryimage"},"thumbnailUrl":"https:\/\/repliquemangacine.fr\/wp-content\/uploads\/2023\/10\/glaive.jpg","datePublished":"2021-01-22T12:17:23+00:00","dateModified":"2026-04-03T12:50:13+00:00","description":"Descubra su Espada Spatha de Caballer\u00eda Romana al mejor precio - Hoja de acero - Vaina de cuero marr\u00f3n - Longitud total 104 cm - Env\u00edo 24\/48h","breadcrumb":{"@id":"https:\/\/repliquemangacine.fr\/epees-glaives-antique\/spatha-cavalerie-romaine\/#breadcrumb"},"inLanguage":"es","potentialAction":[{"@type":"ReadAction","target":["https:\/\/repliquemangacine.fr\/epees-glaives-antique\/spatha-cavalerie-romaine\/"]}]},{"@type":"ImageObject","inLanguage":"es","@id":"https:\/\/repliquemangacine.fr\/epees-glaives-antique\/spatha-cavalerie-romaine\/#primaryimage","url":"https:\/\/repliquemangacine.fr\/wp-content\/uploads\/2023\/10\/glaive.jpg","contentUrl":"https:\/\/repliquemangacine.fr\/wp-content\/uploads\/2023\/10\/glaive.jpg","width":500,"height":500,"caption":"Spatha Cavalerie Romaine fourreau"},{"@type":"BreadcrumbList","@id":"https:\/\/repliquemangacine.fr\/epees-glaives-antique\/spatha-cavalerie-romaine\/#breadcrumb","itemListElement":[{"@type":"ListItem","position":1,"name":"Accueil","item":"https:\/\/repliquemangacine.fr\/"},{"@type":"ListItem","position":2,"name":"Produits","item":"https:\/\/repliquemangacine.fr\/boutique\/"},{"@type":"ListItem","position":3,"name":"Spatha Cavalerie Romaine"}]},{"@type":"WebSite","@id":"https:\/\/repliquemangacine.fr\/#website","url":"https:\/\/repliquemangacine.fr\/","name":"R\u00e9plique Manga Cin\u00e9","description":"","publisher":{"@id":"https:\/\/repliquemangacine.fr\/#organization"},"potentialAction":[{"@type":"SearchAction","target":{"@type":"EntryPoint","urlTemplate":"https:\/\/repliquemangacine.fr\/?s={search_term_string}"},"query-input":{"@type":"PropertyValueSpecification","valueRequired":true,"valueName":"search_term_string"}}],"inLanguage":"es"},{"@type":"Organization","@id":"https:\/\/repliquemangacine.fr\/#organization","name":"R\u00e9plique Manga Cin\u00e9","url":"https:\/\/repliquemangacine.fr\/","logo":{"@type":"ImageObject","inLanguage":"es","@id":"https:\/\/repliquemangacine.fr\/#\/schema\/logo\/image\/","url":"https:\/\/repliquemangacine.fr\/wp-content\/uploads\/2023\/10\/RMC-500250.png","contentUrl":"https:\/\/repliquemangacine.fr\/wp-content\/uploads\/2023\/10\/RMC-500250.png","width":500,"height":250,"caption":"R\u00e9plique Manga Cin\u00e9"},"image":{"@id":"https:\/\/repliquemangacine.fr\/#\/schema\/logo\/image\/"},"sameAs":["https:\/\/www.facebook.com\/RepliqueMangaCine","https:\/\/www.instagram.com\/repliquemangacine.fr\/"]}]}},"_links":{"self":[{"href":"https:\/\/repliquemangacine.fr\/es\/wp-json\/wp\/v2\/product\/29277","targetHints":{"allow":["GET"]}}],"collection":[{"href":"https:\/\/repliquemangacine.fr\/es\/wp-json\/wp\/v2\/product"}],"about":[{"href":"https:\/\/repliquemangacine.fr\/es\/wp-json\/wp\/v2\/types\/product"}],"wp:featuredmedia":[{"embeddable":true,"href":"https:\/\/repliquemangacine.fr\/es\/wp-json\/wp\/v2\/media\/29278"}],"wp:attachment":[{"href":"https:\/\/repliquemangacine.fr\/es\/wp-json\/wp\/v2\/media?parent=29277"}],"wp:term":[{"taxonomy":"product_brand","embeddable":true,"href":"https:\/\/repliquemangacine.fr\/es\/wp-json\/wp\/v2\/product_brand?post=29277"},{"taxonomy":"product_cat","embeddable":true,"href":"https:\/\/repliquemangacine.fr\/es\/wp-json\/wp\/v2\/product_cat?post=29277"},{"taxonomy":"product_tag","embeddable":true,"href":"https:\/\/repliquemangacine.fr\/es\/wp-json\/wp\/v2\/product_tag?post=29277"}],"curies":[{"name":"wp","href":"https:\/\/api.w.org\/{rel}","templated":true}]}}