





{"id":29265,"date":"2021-01-08T14:55:59","date_gmt":"2021-01-08T13:55:59","guid":{"rendered":"https:\/\/repliquemangacine.fr\/?post_type=product&#038;p=29265"},"modified":"2025-12-20T18:01:52","modified_gmt":"2025-12-20T17:01:52","slug":"replica-de-la-version-de-hulk-del-nano-guantelete","status":"publish","type":"product","link":"https:\/\/repliquemangacine.fr\/es\/super-heros-marvel\/replique-du-nano-gauntlet-version-hulk\/","title":{"rendered":"Hulk Vengadores Nano Guantelete"},"content":{"rendered":"<h2>Nano Guantelete de Hulk del Universo Marvel<\/h2>\n<p>Para empezar, el <strong>Guantelete Hulk Nano<\/strong> Es una versi\u00f3n del Guante del Infinito creada por Bruce Banner, Tony Stark y Rocket, utilizada inicialmente para revertir los efectos del Chasquido. Al acercarse el final de la batalla por la Tierra, Thanos llevaba el guante da\u00f1ado e intent\u00f3 utilizarlo para llevar a cabo su plan final.<\/p>\n<p>La r\u00e9plica de Gauntlet result\u00f3 ser tan \u00fatil como su hom\u00f3loga enana. Fue capaz de contener a Capit\u00e1n Marvel durante un tiempo antes de tener que usar la Gema del Poder para atacarlo.<\/p>\n<p>Tras una breve pelea con Stark, <a href=\"https:\/\/universcinematographiquemarvel.fandom.com\/fr\/wiki\/Thanos#Armes\" target=\"_blank\" rel=\"noopener noreferrer\">Thanos<\/a> hizo un intento fanfarr\u00f3n de usar el guantelete, pero no pas\u00f3 nada, ya que Stark fue capaz de asimilar las Piedras del Infinito en su propia armadura.<\/p>\n<h2>Tu Guantelete Nano Hulk al mejor precio.<\/h2>\n<p>Ofrecemos una amplia gama de r\u00e9plicas del universo Marvel.<\/p>\n<p>Lo primero y m\u00e1s importante,<\/p>\n<ul>\n<li>La <a href=\"https:\/\/repliquemangacine.fr\/es\/superheroes\/daga-de-loki\/\">La daga de Loki<\/a> con su hoja especialmente decorada.<\/li>\n<li>Tambi\u00e9n est\u00e1 el famoso Arco<a href=\"https:\/\/repliquemangacine.fr\/es\/superheroes\/arc-reactor-mk1-iron-man-core-reactor\/\"> Reactor<\/a> de Iron Man en la versi\u00f3n MK1.<\/li>\n<li>Adem\u00e1s de la r\u00e9plica de los dos <a href=\"https:\/\/repliquemangacine.fr\/es\/superheroes\/duo-de-deux-sabres-deadpool\/\">Espadas Deadpool<\/a> con una funda para llevarlos a la espalda.<\/li>\n<li>Y muchos m\u00e1s por descubrir en nuestra tienda en l\u00ednea.<\/li>\n<\/ul>\n<p>Por eso, aqu\u00ed tienes una idea genial para regalar a todos los fans de los superh\u00e9roes de Marvel.<\/p>\n<p>En conclusi\u00f3n, puede utilizar <strong>Guantelete Hulk Nano<\/strong> para tus desfiles de Cosplay. Pero sobre todo, esta doble hoja es una pieza de coleccionista y una pieza decorativa.<\/p>\n<h2>\u00bfC\u00f3mo se fabrican nuestros productos Avengers Marvel?<\/h2>\n<p>Para empezar, todos nuestros productos derivados son de alta calidad y est\u00e1n fabricados con especial minuciosidad. De hecho, su fabricaci\u00f3n se realiza en parte de forma manual para reproducir hasta el m\u00e1s m\u00ednimo detalle. En cuanto a las partes m\u00e1s importantes, se mecanizan con m\u00e1quinas de gran precisi\u00f3n. Los grabados se realizan generalmente con una punta de diamante o con l\u00e1ser.<\/p>\n<p>Su <strong>Guantelete Hulk Nano<\/strong> Ha sido fabricado para reproducir con exactitud todos los detalles. Sistema LED luminoso, funciona en tres modos: un modo fijo, un modo intermitente y un modo en el que las piedras se iluminan una a una.<\/p>\n<p>En conclusi\u00f3n, nuestras r\u00e9plicas, importadas de China o Espa\u00f1a, \u00a1le sorprender\u00e1n!<\/p>\n<p>R\u00e9plique Manga Cin\u00e9 es una empresa familiar francesa.<\/p>","protected":false},"excerpt":{"rendered":"<p>R\u00e9plica del \"Nano Gauntlet Hulk\" que lleva Hulk en la pel\u00edcula \"Avengers Endgame\".<\/p>\n<ul>\n<li>En ABS moldeado con acabado en pintura roja metalizada.<\/li>\n<li>Interior de espuma compensada para un confort absoluto.<\/li>\n<li>Sistema LED integrado para iluminar las Piedras del Infinito.<\/li>\n<li>Funciona en tres modos: un modo fijo, un modo intermitente y un modo en el que las piedras se encienden una a una.<\/li>\n<li>Conectores.<\/li>\n<li>Stand de presentaci\u00f3n.<\/li>\n<\/ul>\n<p>Altura del guante sin base: 41 cm - Anchura: 16 cm - Peso: 3,4 kg<\/p>\n<p>Dimensiones del soporte: 23 X18 X31 cm - Altura total del guante y la base: 72 cm<\/p>","protected":false},"featured_media":29266,"template":"","meta":[],"product_brand":[896],"product_cat":[24,59],"product_tag":[],"class_list":{"0":"post-29265","1":"product","2":"type-product","3":"status-publish","4":"has-post-thumbnail","6":"product_brand-replique-manga-cine","7":"product_cat-films-series-tv-vente-de-katana-epee-et-produits-derives","8":"product_cat-super-heros-marvel","10":"first","11":"instock","12":"taxable","13":"shipping-taxable","14":"purchasable","15":"product-type-simple"},"yoast_head":"<!-- This site is optimized with the Yoast SEO plugin v27.4 - https:\/\/yoast.com\/product\/yoast-seo-wordpress\/ -->\n<title>Nano Gantelet Hulk - Avengers - R\u00e9plique Manga Cin\u00e9<\/title>\n<meta name=\"description\" content=\"Commandez le Nano Gantelet Hulk au meilleur prix - Tout en ABS - \u00c9chelle 1\/1- Pierre de l&#039;infini en r\u00e9sine - Syst\u00e8me Led - Hauteur totale : 72 cm\" \/>\n<meta name=\"robots\" content=\"index, follow, max-snippet:-1, max-image-preview:large, max-video-preview:-1\" \/>\n<link rel=\"canonical\" href=\"https:\/\/repliquemangacine.fr\/es\/superheroes-marvel\/replica-de-la-version-de-hulk-del-nano-guantelete\/\" \/>\n<meta property=\"og:locale\" content=\"es_ES\" \/>\n<meta property=\"og:type\" content=\"article\" \/>\n<meta property=\"og:title\" content=\"Nano Gantelet Hulk - Avengers - R\u00e9plique Manga Cin\u00e9\" \/>\n<meta property=\"og:description\" content=\"Commandez le Nano Gantelet Hulk au meilleur prix - Tout en ABS - \u00c9chelle 1\/1- Pierre de l&#039;infini en r\u00e9sine - Syst\u00e8me Led - Hauteur totale : 72 cm\" \/>\n<meta property=\"og:url\" content=\"https:\/\/repliquemangacine.fr\/es\/superheroes-marvel\/replica-de-la-version-de-hulk-del-nano-guantelete\/\" \/>\n<meta property=\"og:site_name\" content=\"R\u00e9plique Manga Cin\u00e9\" \/>\n<meta property=\"article:publisher\" content=\"https:\/\/www.facebook.com\/RepliqueMangaCine\" \/>\n<meta property=\"article:modified_time\" content=\"2025-12-20T17:01:52+00:00\" \/>\n<meta property=\"og:image\" content=\"https:\/\/repliquemangacine.fr\/wp-content\/uploads\/2023\/10\/3943-Nano-Gauntlet-Version-Hulk.jpg\" \/>\n\t<meta property=\"og:image:width\" content=\"800\" \/>\n\t<meta property=\"og:image:height\" content=\"800\" \/>\n\t<meta property=\"og:image:type\" content=\"image\/jpeg\" \/>\n<meta name=\"twitter:card\" content=\"summary_large_image\" \/>\n<meta name=\"twitter:label1\" content=\"Tiempo de lectura\" \/>\n\t<meta name=\"twitter:data1\" content=\"2 minutos\" \/>\n<script type=\"application\/ld+json\" class=\"yoast-schema-graph\">{\"@context\":\"https:\\\/\\\/schema.org\",\"@graph\":[{\"@type\":\"WebPage\",\"@id\":\"https:\\\/\\\/repliquemangacine.fr\\\/super-heros-marvel\\\/replique-du-nano-gauntlet-version-hulk\\\/\",\"url\":\"https:\\\/\\\/repliquemangacine.fr\\\/super-heros-marvel\\\/replique-du-nano-gauntlet-version-hulk\\\/\",\"name\":\"Nano Gantelet Hulk - Avengers - R\u00e9plique Manga Cin\u00e9\",\"isPartOf\":{\"@id\":\"https:\\\/\\\/repliquemangacine.fr\\\/#website\"},\"primaryImageOfPage\":{\"@id\":\"https:\\\/\\\/repliquemangacine.fr\\\/super-heros-marvel\\\/replique-du-nano-gauntlet-version-hulk\\\/#primaryimage\"},\"image\":{\"@id\":\"https:\\\/\\\/repliquemangacine.fr\\\/super-heros-marvel\\\/replique-du-nano-gauntlet-version-hulk\\\/#primaryimage\"},\"thumbnailUrl\":\"https:\\\/\\\/repliquemangacine.fr\\\/wp-content\\\/uploads\\\/2023\\\/10\\\/3943-Nano-Gauntlet-Version-Hulk.jpg\",\"datePublished\":\"2021-01-08T13:55:59+00:00\",\"dateModified\":\"2025-12-20T17:01:52+00:00\",\"description\":\"Commandez le Nano Gantelet Hulk au meilleur prix - Tout en ABS - \u00c9chelle 1\\\/1- Pierre de l'infini en r\u00e9sine - Syst\u00e8me Led - Hauteur totale : 72 cm\",\"breadcrumb\":{\"@id\":\"https:\\\/\\\/repliquemangacine.fr\\\/super-heros-marvel\\\/replique-du-nano-gauntlet-version-hulk\\\/#breadcrumb\"},\"inLanguage\":\"es\",\"potentialAction\":[{\"@type\":\"ReadAction\",\"target\":[\"https:\\\/\\\/repliquemangacine.fr\\\/super-heros-marvel\\\/replique-du-nano-gauntlet-version-hulk\\\/\"]}]},{\"@type\":\"ImageObject\",\"inLanguage\":\"es\",\"@id\":\"https:\\\/\\\/repliquemangacine.fr\\\/super-heros-marvel\\\/replique-du-nano-gauntlet-version-hulk\\\/#primaryimage\",\"url\":\"https:\\\/\\\/repliquemangacine.fr\\\/wp-content\\\/uploads\\\/2023\\\/10\\\/3943-Nano-Gauntlet-Version-Hulk.jpg\",\"contentUrl\":\"https:\\\/\\\/repliquemangacine.fr\\\/wp-content\\\/uploads\\\/2023\\\/10\\\/3943-Nano-Gauntlet-Version-Hulk.jpg\",\"width\":800,\"height\":800,\"caption\":\"Nano Gauntlet Version Hulk\"},{\"@type\":\"BreadcrumbList\",\"@id\":\"https:\\\/\\\/repliquemangacine.fr\\\/super-heros-marvel\\\/replique-du-nano-gauntlet-version-hulk\\\/#breadcrumb\",\"itemListElement\":[{\"@type\":\"ListItem\",\"position\":1,\"name\":\"Accueil\",\"item\":\"https:\\\/\\\/repliquemangacine.fr\\\/\"},{\"@type\":\"ListItem\",\"position\":2,\"name\":\"Produits\",\"item\":\"https:\\\/\\\/repliquemangacine.fr\\\/boutique\\\/\"},{\"@type\":\"ListItem\",\"position\":3,\"name\":\"Nano Gantelet Hulk Avengers\"}]},{\"@type\":\"WebSite\",\"@id\":\"https:\\\/\\\/repliquemangacine.fr\\\/#website\",\"url\":\"https:\\\/\\\/repliquemangacine.fr\\\/\",\"name\":\"R\u00e9plique Manga Cin\u00e9\",\"description\":\"\",\"publisher\":{\"@id\":\"https:\\\/\\\/repliquemangacine.fr\\\/#organization\"},\"potentialAction\":[{\"@type\":\"SearchAction\",\"target\":{\"@type\":\"EntryPoint\",\"urlTemplate\":\"https:\\\/\\\/repliquemangacine.fr\\\/?s={search_term_string}\"},\"query-input\":{\"@type\":\"PropertyValueSpecification\",\"valueRequired\":true,\"valueName\":\"search_term_string\"}}],\"inLanguage\":\"es\"},{\"@type\":\"Organization\",\"@id\":\"https:\\\/\\\/repliquemangacine.fr\\\/#organization\",\"name\":\"R\u00e9plique Manga Cin\u00e9\",\"url\":\"https:\\\/\\\/repliquemangacine.fr\\\/\",\"logo\":{\"@type\":\"ImageObject\",\"inLanguage\":\"es\",\"@id\":\"https:\\\/\\\/repliquemangacine.fr\\\/#\\\/schema\\\/logo\\\/image\\\/\",\"url\":\"https:\\\/\\\/repliquemangacine.fr\\\/wp-content\\\/uploads\\\/2023\\\/10\\\/RMC-500250.png\",\"contentUrl\":\"https:\\\/\\\/repliquemangacine.fr\\\/wp-content\\\/uploads\\\/2023\\\/10\\\/RMC-500250.png\",\"width\":500,\"height\":250,\"caption\":\"R\u00e9plique Manga Cin\u00e9\"},\"image\":{\"@id\":\"https:\\\/\\\/repliquemangacine.fr\\\/#\\\/schema\\\/logo\\\/image\\\/\"},\"sameAs\":[\"https:\\\/\\\/www.facebook.com\\\/RepliqueMangaCine\",\"https:\\\/\\\/www.instagram.com\\\/repliquemangacine.fr\\\/\"]}]}<\/script>\n<!-- \/ Yoast SEO plugin. -->","yoast_head_json":{"title":"Guantelete Hulk Nano - Vengadores - R\u00e9plique Manga Cin\u00e9","description":"Pida el Guantelete Nano de Hulk al mejor precio - Todo ABS - Escala 1\/1 - Piedra del Infinito de Resina - Sistema Led - Altura total: 72 cm","robots":{"index":"index","follow":"follow","max-snippet":"max-snippet:-1","max-image-preview":"max-image-preview:large","max-video-preview":"max-video-preview:-1"},"canonical":"https:\/\/repliquemangacine.fr\/es\/superheroes-marvel\/replica-de-la-version-de-hulk-del-nano-guantelete\/","og_locale":"es_ES","og_type":"article","og_title":"Nano Gantelet Hulk - Avengers - R\u00e9plique Manga Cin\u00e9","og_description":"Commandez le Nano Gantelet Hulk au meilleur prix - Tout en ABS - \u00c9chelle 1\/1- Pierre de l'infini en r\u00e9sine - Syst\u00e8me Led - Hauteur totale : 72 cm","og_url":"https:\/\/repliquemangacine.fr\/es\/superheroes-marvel\/replica-de-la-version-de-hulk-del-nano-guantelete\/","og_site_name":"R\u00e9plique Manga Cin\u00e9","article_publisher":"https:\/\/www.facebook.com\/RepliqueMangaCine","article_modified_time":"2025-12-20T17:01:52+00:00","og_image":[{"width":800,"height":800,"url":"https:\/\/repliquemangacine.fr\/wp-content\/uploads\/2023\/10\/3943-Nano-Gauntlet-Version-Hulk.jpg","type":"image\/jpeg"}],"twitter_card":"summary_large_image","twitter_misc":{"Tiempo de lectura":"2 minutos"},"schema":{"@context":"https:\/\/schema.org","@graph":[{"@type":"WebPage","@id":"https:\/\/repliquemangacine.fr\/super-heros-marvel\/replique-du-nano-gauntlet-version-hulk\/","url":"https:\/\/repliquemangacine.fr\/super-heros-marvel\/replique-du-nano-gauntlet-version-hulk\/","name":"Guantelete Hulk Nano - Vengadores - R\u00e9plique Manga Cin\u00e9","isPartOf":{"@id":"https:\/\/repliquemangacine.fr\/#website"},"primaryImageOfPage":{"@id":"https:\/\/repliquemangacine.fr\/super-heros-marvel\/replique-du-nano-gauntlet-version-hulk\/#primaryimage"},"image":{"@id":"https:\/\/repliquemangacine.fr\/super-heros-marvel\/replique-du-nano-gauntlet-version-hulk\/#primaryimage"},"thumbnailUrl":"https:\/\/repliquemangacine.fr\/wp-content\/uploads\/2023\/10\/3943-Nano-Gauntlet-Version-Hulk.jpg","datePublished":"2021-01-08T13:55:59+00:00","dateModified":"2025-12-20T17:01:52+00:00","description":"Pida el Guantelete Nano de Hulk al mejor precio - Todo ABS - Escala 1\/1 - Piedra del Infinito de Resina - Sistema Led - Altura total: 72 cm","breadcrumb":{"@id":"https:\/\/repliquemangacine.fr\/super-heros-marvel\/replique-du-nano-gauntlet-version-hulk\/#breadcrumb"},"inLanguage":"es","potentialAction":[{"@type":"ReadAction","target":["https:\/\/repliquemangacine.fr\/super-heros-marvel\/replique-du-nano-gauntlet-version-hulk\/"]}]},{"@type":"ImageObject","inLanguage":"es","@id":"https:\/\/repliquemangacine.fr\/super-heros-marvel\/replique-du-nano-gauntlet-version-hulk\/#primaryimage","url":"https:\/\/repliquemangacine.fr\/wp-content\/uploads\/2023\/10\/3943-Nano-Gauntlet-Version-Hulk.jpg","contentUrl":"https:\/\/repliquemangacine.fr\/wp-content\/uploads\/2023\/10\/3943-Nano-Gauntlet-Version-Hulk.jpg","width":800,"height":800,"caption":"Nano Gauntlet Version Hulk"},{"@type":"BreadcrumbList","@id":"https:\/\/repliquemangacine.fr\/super-heros-marvel\/replique-du-nano-gauntlet-version-hulk\/#breadcrumb","itemListElement":[{"@type":"ListItem","position":1,"name":"Accueil","item":"https:\/\/repliquemangacine.fr\/"},{"@type":"ListItem","position":2,"name":"Produits","item":"https:\/\/repliquemangacine.fr\/boutique\/"},{"@type":"ListItem","position":3,"name":"Nano Gantelet Hulk Avengers"}]},{"@type":"WebSite","@id":"https:\/\/repliquemangacine.fr\/#website","url":"https:\/\/repliquemangacine.fr\/","name":"R\u00e9plique Manga Cin\u00e9","description":"","publisher":{"@id":"https:\/\/repliquemangacine.fr\/#organization"},"potentialAction":[{"@type":"SearchAction","target":{"@type":"EntryPoint","urlTemplate":"https:\/\/repliquemangacine.fr\/?s={search_term_string}"},"query-input":{"@type":"PropertyValueSpecification","valueRequired":true,"valueName":"search_term_string"}}],"inLanguage":"es"},{"@type":"Organization","@id":"https:\/\/repliquemangacine.fr\/#organization","name":"R\u00e9plique Manga Cin\u00e9","url":"https:\/\/repliquemangacine.fr\/","logo":{"@type":"ImageObject","inLanguage":"es","@id":"https:\/\/repliquemangacine.fr\/#\/schema\/logo\/image\/","url":"https:\/\/repliquemangacine.fr\/wp-content\/uploads\/2023\/10\/RMC-500250.png","contentUrl":"https:\/\/repliquemangacine.fr\/wp-content\/uploads\/2023\/10\/RMC-500250.png","width":500,"height":250,"caption":"R\u00e9plique Manga Cin\u00e9"},"image":{"@id":"https:\/\/repliquemangacine.fr\/#\/schema\/logo\/image\/"},"sameAs":["https:\/\/www.facebook.com\/RepliqueMangaCine","https:\/\/www.instagram.com\/repliquemangacine.fr\/"]}]}},"_links":{"self":[{"href":"https:\/\/repliquemangacine.fr\/es\/wp-json\/wp\/v2\/product\/29265","targetHints":{"allow":["GET"]}}],"collection":[{"href":"https:\/\/repliquemangacine.fr\/es\/wp-json\/wp\/v2\/product"}],"about":[{"href":"https:\/\/repliquemangacine.fr\/es\/wp-json\/wp\/v2\/types\/product"}],"wp:featuredmedia":[{"embeddable":true,"href":"https:\/\/repliquemangacine.fr\/es\/wp-json\/wp\/v2\/media\/29266"}],"wp:attachment":[{"href":"https:\/\/repliquemangacine.fr\/es\/wp-json\/wp\/v2\/media?parent=29265"}],"wp:term":[{"taxonomy":"product_brand","embeddable":true,"href":"https:\/\/repliquemangacine.fr\/es\/wp-json\/wp\/v2\/product_brand?post=29265"},{"taxonomy":"product_cat","embeddable":true,"href":"https:\/\/repliquemangacine.fr\/es\/wp-json\/wp\/v2\/product_cat?post=29265"},{"taxonomy":"product_tag","embeddable":true,"href":"https:\/\/repliquemangacine.fr\/es\/wp-json\/wp\/v2\/product_tag?post=29265"}],"curies":[{"name":"wp","href":"https:\/\/api.w.org\/{rel}","templated":true}]}}