





{"id":29254,"date":"2021-01-06T15:27:22","date_gmt":"2021-01-06T14:27:22","guid":{"rendered":"https:\/\/repliquemangacine.fr\/?post_type=product&#038;p=29254"},"modified":"2025-11-14T10:48:42","modified_gmt":"2025-11-14T09:48:42","slug":"palo-luminoso-viuda-negra","status":"publish","type":"product","link":"https:\/\/repliquemangacine.fr\/es\/super-heros-marvel\/baton-lumineux-black-widow-noir\/","title":{"rendered":"Bast\u00f3n de la Viuda Negra"},"content":{"rendered":"<h2>Los bastones de Viuda Negra en el universo de los Vengadores.<\/h2>\n<p>Para empezar, el <strong>Bastones Viuda Negra<\/strong>, armas de descargas el\u00e9ctricas capaces de emitir potentes descargas el\u00e9ctricas para neutralizar a sus objetivos. Brillan con una luz azul y son una extensi\u00f3n de la Mordedura de Black Widow.<\/p>\n<p>Poco antes de la Ofensiva de Ultr\u00f3n, Natasha Romanoff recibi\u00f3 los bastones de Tony Stark. Durante la batalla de Sokovia, los utiliz\u00f3 para neutralizar a una docena de Centinelas de Ultr\u00f3n gracias a una combinaci\u00f3n de sus habilidades en artes marciales y sus armas.<\/p>\n<p><a href=\"https:\/\/universcinematographiquemarvel.fandom.com\/fr\/wiki\/Natasha_Romanoff#Personnalit\u00e9\" target=\"_blank\" rel=\"noopener noreferrer\">Natasha Romanoff<\/a> es una de las esp\u00edas y asesinas con m\u00e1s talento del mundo y miembro fundador de los Vengadores. Maestra de las artes marciales y armada con su mordacidad, Natasha se ha convertido en uno de los agentes m\u00e1s eficaces de S.H.I.E.L.D.<\/p>\n<h2>Tus palos de Viuda Negra al mejor precio.<\/h2>\n<p>Ofrecemos una amplia gama de r\u00e9plicas de tus superh\u00e9roes Marvel.<\/p>\n<p>Lo primero y m\u00e1s importante,<\/p>\n<ul>\n<li>Le <a href=\"https:\/\/repliquemangacine.fr\/es\/superheroes\/liga-de-la-justicia-replica-aquaman-tridente-186-cm\/\">El tridente de Aquaman<\/a> en Oficial, pero a escala 1\/1 distribuido por Noble Collection.<\/li>\n<li>Tambi\u00e9n existe la <a href=\"https:\/\/repliquemangacine.fr\/es\/superheroes\/arc-reactor-mk1-iron-man-core-reactor\/\">Arco Reactor de Iron Man<\/a> Versi\u00f3n MK1.<\/li>\n<li>Adem\u00e1s del magn\u00edfico <a href=\"https:\/\/repliquemangacine.fr\/es\/peliculas-series-tv-venta-de-espadas-katana-y-productos-relacionados\/martillo-de-thor-mjoellnir-marvel-hammer-replica\/\">El martillo de Thor<\/a> todo en resina.<\/li>\n<li>Y mucho m\u00e1s por descubrir en nuestra tienda en l\u00ednea.<\/li>\n<\/ul>\n<p>Por eso, esta es una idea estupenda para regalar a todos los fans de Marvel.<\/p>\n<p>En conclusi\u00f3n, tambi\u00e9n puede utilizar los <strong>Bastones Viuda Negra<\/strong> para tus desfiles de Cosplay. Pero sobre todo, tambi\u00e9n es una pieza de coleccionista y una pieza decorativa.<\/p>\n<h2>\u00bfC\u00f3mo se fabrican nuestros productos Avengers Marvel?<\/h2>\n<p>Para empezar, todos nuestros productos derivados son de alta calidad y est\u00e1n fabricados con especial minuciosidad. De hecho, su fabricaci\u00f3n se realiza en parte de forma manual para reproducir hasta el m\u00e1s m\u00ednimo detalle. En cuanto a las partes m\u00e1s importantes, se mecanizan con m\u00e1quinas de gran precisi\u00f3n. Los grabados se realizan generalmente con una punta de diamante o con l\u00e1ser.<\/p>\n<p>Vos <strong>Bastones Viuda Negra<\/strong> fabricados para reproducir con exactitud todos los detalles. Desde piezas met\u00e1licas o ABS mecanizadas hasta leds de alta intensidad.<\/p>\n<p>En conclusi\u00f3n, nuestras r\u00e9plicas, importadas de China o Espa\u00f1a, \u00a1le sorprender\u00e1n!<\/p>\n<p>R\u00e9plique Manga Cin\u00e9 es una empresa familiar francesa.<\/p>\n<p>Disfrute de su visita.<\/p>","protected":false},"excerpt":{"rendered":"<p>R\u00e9plica de los bastones de luz utilizados por Viuda Negra.<\/p>\n<ul>\n<li>Ambos postes est\u00e1n fabricados en ABS moldeado y metal.<\/li>\n<li>Guardas y asas met\u00e1licas con peque\u00f1as ranuras.<\/li>\n<li>Bot\u00f3n interruptor para la iluminaci\u00f3n del bast\u00f3n.<\/li>\n<li>3 pilas LR3 (incluidas).<\/li>\n<li>Los dos polos pueden combinarse.<\/li>\n<li>Atenci\u00f3n: cuando los dos palos est\u00e1n ensamblados, no se encienden.<\/li>\n<li>Dos cilindros met\u00e1licos para mayor rigidez y cambio de aspecto.<\/li>\n<li>Longitud de cada m\u00e1stil: 65 cm y 130 cm montados<\/li>\n<\/ul>","protected":false},"featured_media":29255,"template":"","meta":[],"product_brand":[896],"product_cat":[24,59],"product_tag":[],"class_list":{"0":"post-29254","1":"product","2":"type-product","3":"status-publish","4":"has-post-thumbnail","6":"product_brand-replique-manga-cine","7":"product_cat-films-series-tv-vente-de-katana-epee-et-produits-derives","8":"product_cat-super-heros-marvel","10":"first","11":"instock","12":"taxable","13":"shipping-taxable","14":"purchasable","15":"product-type-simple"},"yoast_head":"<!-- This site is optimized with the Yoast SEO plugin v27.4 - https:\/\/yoast.com\/product\/yoast-seo-wordpress\/ -->\n<title>B\u00e2tons de Black Widow - Vente Produits d\u00e9riv\u00e9s Avengers - RMC<\/title>\n<meta name=\"description\" content=\"En Exclusivit\u00e9 ! Les B\u00e2tons de Black Widow dans l&#039;univers Marvel au meilleur prix. En m\u00e9tal et ABS - Lumineux - Longueur chacun : 65cm - Assembl\u00e9 : 130 cm\" \/>\n<meta name=\"robots\" content=\"index, follow, max-snippet:-1, max-image-preview:large, max-video-preview:-1\" \/>\n<link rel=\"canonical\" href=\"https:\/\/repliquemangacine.fr\/es\/superheroes-marvel\/palo-luminoso-viuda-negra\/\" \/>\n<meta property=\"og:locale\" content=\"es_ES\" \/>\n<meta property=\"og:type\" content=\"article\" \/>\n<meta property=\"og:title\" content=\"B\u00e2tons de Black Widow - Vente Produits d\u00e9riv\u00e9s Avengers - RMC\" \/>\n<meta property=\"og:description\" content=\"En Exclusivit\u00e9 ! Les B\u00e2tons de Black Widow dans l&#039;univers Marvel au meilleur prix. En m\u00e9tal et ABS - Lumineux - Longueur chacun : 65cm - Assembl\u00e9 : 130 cm\" \/>\n<meta property=\"og:url\" content=\"https:\/\/repliquemangacine.fr\/es\/superheroes-marvel\/palo-luminoso-viuda-negra\/\" \/>\n<meta property=\"og:site_name\" content=\"R\u00e9plique Manga Cin\u00e9\" \/>\n<meta property=\"article:publisher\" content=\"https:\/\/www.facebook.com\/RepliqueMangaCine\" \/>\n<meta property=\"article:modified_time\" content=\"2025-11-14T09:48:42+00:00\" \/>\n<meta property=\"og:image\" content=\"https:\/\/repliquemangacine.fr\/wp-content\/uploads\/2023\/10\/3935-Baton-lumineux-Black-Widow.jpg\" \/>\n\t<meta property=\"og:image:width\" content=\"800\" \/>\n\t<meta property=\"og:image:height\" content=\"800\" \/>\n\t<meta property=\"og:image:type\" content=\"image\/jpeg\" \/>\n<meta name=\"twitter:card\" content=\"summary_large_image\" \/>\n<meta name=\"twitter:label1\" content=\"Tiempo de lectura\" \/>\n\t<meta name=\"twitter:data1\" content=\"2 minutos\" \/>\n<script type=\"application\/ld+json\" class=\"yoast-schema-graph\">{\"@context\":\"https:\\\/\\\/schema.org\",\"@graph\":[{\"@type\":\"WebPage\",\"@id\":\"https:\\\/\\\/repliquemangacine.fr\\\/super-heros-marvel\\\/baton-lumineux-black-widow-noir\\\/\",\"url\":\"https:\\\/\\\/repliquemangacine.fr\\\/super-heros-marvel\\\/baton-lumineux-black-widow-noir\\\/\",\"name\":\"B\u00e2tons de Black Widow - Vente Produits d\u00e9riv\u00e9s Avengers - RMC\",\"isPartOf\":{\"@id\":\"https:\\\/\\\/repliquemangacine.fr\\\/#website\"},\"primaryImageOfPage\":{\"@id\":\"https:\\\/\\\/repliquemangacine.fr\\\/super-heros-marvel\\\/baton-lumineux-black-widow-noir\\\/#primaryimage\"},\"image\":{\"@id\":\"https:\\\/\\\/repliquemangacine.fr\\\/super-heros-marvel\\\/baton-lumineux-black-widow-noir\\\/#primaryimage\"},\"thumbnailUrl\":\"https:\\\/\\\/repliquemangacine.fr\\\/wp-content\\\/uploads\\\/2023\\\/10\\\/3935-Baton-lumineux-Black-Widow.jpg\",\"datePublished\":\"2021-01-06T14:27:22+00:00\",\"dateModified\":\"2025-11-14T09:48:42+00:00\",\"description\":\"En Exclusivit\u00e9 ! Les B\u00e2tons de Black Widow dans l'univers Marvel au meilleur prix. En m\u00e9tal et ABS - Lumineux - Longueur chacun : 65cm - Assembl\u00e9 : 130 cm\",\"breadcrumb\":{\"@id\":\"https:\\\/\\\/repliquemangacine.fr\\\/super-heros-marvel\\\/baton-lumineux-black-widow-noir\\\/#breadcrumb\"},\"inLanguage\":\"es\",\"potentialAction\":[{\"@type\":\"ReadAction\",\"target\":[\"https:\\\/\\\/repliquemangacine.fr\\\/super-heros-marvel\\\/baton-lumineux-black-widow-noir\\\/\"]}]},{\"@type\":\"ImageObject\",\"inLanguage\":\"es\",\"@id\":\"https:\\\/\\\/repliquemangacine.fr\\\/super-heros-marvel\\\/baton-lumineux-black-widow-noir\\\/#primaryimage\",\"url\":\"https:\\\/\\\/repliquemangacine.fr\\\/wp-content\\\/uploads\\\/2023\\\/10\\\/3935-Baton-lumineux-Black-Widow.jpg\",\"contentUrl\":\"https:\\\/\\\/repliquemangacine.fr\\\/wp-content\\\/uploads\\\/2023\\\/10\\\/3935-Baton-lumineux-Black-Widow.jpg\",\"width\":800,\"height\":800,\"caption\":\"B\u00e2ton lumineux Black Widow\"},{\"@type\":\"BreadcrumbList\",\"@id\":\"https:\\\/\\\/repliquemangacine.fr\\\/super-heros-marvel\\\/baton-lumineux-black-widow-noir\\\/#breadcrumb\",\"itemListElement\":[{\"@type\":\"ListItem\",\"position\":1,\"name\":\"Accueil\",\"item\":\"https:\\\/\\\/repliquemangacine.fr\\\/\"},{\"@type\":\"ListItem\",\"position\":2,\"name\":\"Produits\",\"item\":\"https:\\\/\\\/repliquemangacine.fr\\\/boutique\\\/\"},{\"@type\":\"ListItem\",\"position\":3,\"name\":\"B\u00e2ton Black Widow noir\"}]},{\"@type\":\"WebSite\",\"@id\":\"https:\\\/\\\/repliquemangacine.fr\\\/#website\",\"url\":\"https:\\\/\\\/repliquemangacine.fr\\\/\",\"name\":\"R\u00e9plique Manga Cin\u00e9\",\"description\":\"\",\"publisher\":{\"@id\":\"https:\\\/\\\/repliquemangacine.fr\\\/#organization\"},\"potentialAction\":[{\"@type\":\"SearchAction\",\"target\":{\"@type\":\"EntryPoint\",\"urlTemplate\":\"https:\\\/\\\/repliquemangacine.fr\\\/?s={search_term_string}\"},\"query-input\":{\"@type\":\"PropertyValueSpecification\",\"valueRequired\":true,\"valueName\":\"search_term_string\"}}],\"inLanguage\":\"es\"},{\"@type\":\"Organization\",\"@id\":\"https:\\\/\\\/repliquemangacine.fr\\\/#organization\",\"name\":\"R\u00e9plique Manga Cin\u00e9\",\"url\":\"https:\\\/\\\/repliquemangacine.fr\\\/\",\"logo\":{\"@type\":\"ImageObject\",\"inLanguage\":\"es\",\"@id\":\"https:\\\/\\\/repliquemangacine.fr\\\/#\\\/schema\\\/logo\\\/image\\\/\",\"url\":\"https:\\\/\\\/repliquemangacine.fr\\\/wp-content\\\/uploads\\\/2023\\\/10\\\/RMC-500250.png\",\"contentUrl\":\"https:\\\/\\\/repliquemangacine.fr\\\/wp-content\\\/uploads\\\/2023\\\/10\\\/RMC-500250.png\",\"width\":500,\"height\":250,\"caption\":\"R\u00e9plique Manga Cin\u00e9\"},\"image\":{\"@id\":\"https:\\\/\\\/repliquemangacine.fr\\\/#\\\/schema\\\/logo\\\/image\\\/\"},\"sameAs\":[\"https:\\\/\\\/www.facebook.com\\\/RepliqueMangaCine\",\"https:\\\/\\\/www.instagram.com\\\/repliquemangacine.fr\\\/\"]}]}<\/script>\n<!-- \/ Yoast SEO plugin. -->","yoast_head_json":{"title":"Bastones de Viuda Negra - Comprar art\u00edculos de Los Vengadores - RMC","description":"\u00a1Exclusivo ! Bastones Marvel de Viuda Negra al mejor precio. Metal y ABS - Luminoso - Longitud cada uno: 65 cm - Montado: 130 cm.","robots":{"index":"index","follow":"follow","max-snippet":"max-snippet:-1","max-image-preview":"max-image-preview:large","max-video-preview":"max-video-preview:-1"},"canonical":"https:\/\/repliquemangacine.fr\/es\/superheroes-marvel\/palo-luminoso-viuda-negra\/","og_locale":"es_ES","og_type":"article","og_title":"B\u00e2tons de Black Widow - Vente Produits d\u00e9riv\u00e9s Avengers - RMC","og_description":"En Exclusivit\u00e9 ! Les B\u00e2tons de Black Widow dans l'univers Marvel au meilleur prix. En m\u00e9tal et ABS - Lumineux - Longueur chacun : 65cm - Assembl\u00e9 : 130 cm","og_url":"https:\/\/repliquemangacine.fr\/es\/superheroes-marvel\/palo-luminoso-viuda-negra\/","og_site_name":"R\u00e9plique Manga Cin\u00e9","article_publisher":"https:\/\/www.facebook.com\/RepliqueMangaCine","article_modified_time":"2025-11-14T09:48:42+00:00","og_image":[{"width":800,"height":800,"url":"https:\/\/repliquemangacine.fr\/wp-content\/uploads\/2023\/10\/3935-Baton-lumineux-Black-Widow.jpg","type":"image\/jpeg"}],"twitter_card":"summary_large_image","twitter_misc":{"Tiempo de lectura":"2 minutos"},"schema":{"@context":"https:\/\/schema.org","@graph":[{"@type":"WebPage","@id":"https:\/\/repliquemangacine.fr\/super-heros-marvel\/baton-lumineux-black-widow-noir\/","url":"https:\/\/repliquemangacine.fr\/super-heros-marvel\/baton-lumineux-black-widow-noir\/","name":"Bastones de Viuda Negra - Comprar art\u00edculos de Los Vengadores - RMC","isPartOf":{"@id":"https:\/\/repliquemangacine.fr\/#website"},"primaryImageOfPage":{"@id":"https:\/\/repliquemangacine.fr\/super-heros-marvel\/baton-lumineux-black-widow-noir\/#primaryimage"},"image":{"@id":"https:\/\/repliquemangacine.fr\/super-heros-marvel\/baton-lumineux-black-widow-noir\/#primaryimage"},"thumbnailUrl":"https:\/\/repliquemangacine.fr\/wp-content\/uploads\/2023\/10\/3935-Baton-lumineux-Black-Widow.jpg","datePublished":"2021-01-06T14:27:22+00:00","dateModified":"2025-11-14T09:48:42+00:00","description":"\u00a1Exclusivo ! Bastones Marvel de Viuda Negra al mejor precio. Metal y ABS - Luminoso - Longitud cada uno: 65 cm - Montado: 130 cm.","breadcrumb":{"@id":"https:\/\/repliquemangacine.fr\/super-heros-marvel\/baton-lumineux-black-widow-noir\/#breadcrumb"},"inLanguage":"es","potentialAction":[{"@type":"ReadAction","target":["https:\/\/repliquemangacine.fr\/super-heros-marvel\/baton-lumineux-black-widow-noir\/"]}]},{"@type":"ImageObject","inLanguage":"es","@id":"https:\/\/repliquemangacine.fr\/super-heros-marvel\/baton-lumineux-black-widow-noir\/#primaryimage","url":"https:\/\/repliquemangacine.fr\/wp-content\/uploads\/2023\/10\/3935-Baton-lumineux-Black-Widow.jpg","contentUrl":"https:\/\/repliquemangacine.fr\/wp-content\/uploads\/2023\/10\/3935-Baton-lumineux-Black-Widow.jpg","width":800,"height":800,"caption":"B\u00e2ton lumineux Black Widow"},{"@type":"BreadcrumbList","@id":"https:\/\/repliquemangacine.fr\/super-heros-marvel\/baton-lumineux-black-widow-noir\/#breadcrumb","itemListElement":[{"@type":"ListItem","position":1,"name":"Accueil","item":"https:\/\/repliquemangacine.fr\/"},{"@type":"ListItem","position":2,"name":"Produits","item":"https:\/\/repliquemangacine.fr\/boutique\/"},{"@type":"ListItem","position":3,"name":"B\u00e2ton Black Widow noir"}]},{"@type":"WebSite","@id":"https:\/\/repliquemangacine.fr\/#website","url":"https:\/\/repliquemangacine.fr\/","name":"R\u00e9plique Manga Cin\u00e9","description":"","publisher":{"@id":"https:\/\/repliquemangacine.fr\/#organization"},"potentialAction":[{"@type":"SearchAction","target":{"@type":"EntryPoint","urlTemplate":"https:\/\/repliquemangacine.fr\/?s={search_term_string}"},"query-input":{"@type":"PropertyValueSpecification","valueRequired":true,"valueName":"search_term_string"}}],"inLanguage":"es"},{"@type":"Organization","@id":"https:\/\/repliquemangacine.fr\/#organization","name":"R\u00e9plique Manga Cin\u00e9","url":"https:\/\/repliquemangacine.fr\/","logo":{"@type":"ImageObject","inLanguage":"es","@id":"https:\/\/repliquemangacine.fr\/#\/schema\/logo\/image\/","url":"https:\/\/repliquemangacine.fr\/wp-content\/uploads\/2023\/10\/RMC-500250.png","contentUrl":"https:\/\/repliquemangacine.fr\/wp-content\/uploads\/2023\/10\/RMC-500250.png","width":500,"height":250,"caption":"R\u00e9plique Manga Cin\u00e9"},"image":{"@id":"https:\/\/repliquemangacine.fr\/#\/schema\/logo\/image\/"},"sameAs":["https:\/\/www.facebook.com\/RepliqueMangaCine","https:\/\/www.instagram.com\/repliquemangacine.fr\/"]}]}},"_links":{"self":[{"href":"https:\/\/repliquemangacine.fr\/es\/wp-json\/wp\/v2\/product\/29254","targetHints":{"allow":["GET"]}}],"collection":[{"href":"https:\/\/repliquemangacine.fr\/es\/wp-json\/wp\/v2\/product"}],"about":[{"href":"https:\/\/repliquemangacine.fr\/es\/wp-json\/wp\/v2\/types\/product"}],"wp:featuredmedia":[{"embeddable":true,"href":"https:\/\/repliquemangacine.fr\/es\/wp-json\/wp\/v2\/media\/29255"}],"wp:attachment":[{"href":"https:\/\/repliquemangacine.fr\/es\/wp-json\/wp\/v2\/media?parent=29254"}],"wp:term":[{"taxonomy":"product_brand","embeddable":true,"href":"https:\/\/repliquemangacine.fr\/es\/wp-json\/wp\/v2\/product_brand?post=29254"},{"taxonomy":"product_cat","embeddable":true,"href":"https:\/\/repliquemangacine.fr\/es\/wp-json\/wp\/v2\/product_cat?post=29254"},{"taxonomy":"product_tag","embeddable":true,"href":"https:\/\/repliquemangacine.fr\/es\/wp-json\/wp\/v2\/product_tag?post=29254"}],"curies":[{"name":"wp","href":"https:\/\/api.w.org\/{rel}","templated":true}]}}