





{"id":29247,"date":"2021-01-06T14:09:20","date_gmt":"2021-01-06T13:09:20","guid":{"rendered":"https:\/\/repliquemangacine.fr\/?post_type=product&#038;p=29247"},"modified":"2025-09-23T18:02:35","modified_gmt":"2025-09-23T16:02:35","slug":"viuda-negra-palos-morados","status":"publish","type":"product","link":"https:\/\/repliquemangacine.fr\/es\/super-heros-marvel\/batons-black-widow-violet\/","title":{"rendered":"Bastones Violeta Viuda Negra"},"content":{"rendered":"<h2>Bastones de Viuda Negra en el universo de los Vengadores.<\/h2>\n<p>Para empezar, los Bastones de Black Widow, armas el\u00e9ctricas capaces de descargar potentes descargas el\u00e9ctricas para neutralizar a sus objetivos. Brillan con una luz azul y son una extensi\u00f3n de la Mordedura de Black Widow.<\/p>\n<p>Romanoff utiliz\u00f3 las porras para derribar a decenas de centinelas de Ultr\u00f3n con una combinaci\u00f3n de sus armas y su dominio de las artes marciales, y luego utiliz\u00f3 estas armas durante la guerra civil de los Vengadores, aunque sin cargarlas de electricidad.<\/p>\n<p><a href=\"https:\/\/universcinematographiquemarvel.fandom.com\/fr\/wiki\/Natasha_Romanoff\" target=\"_blank\" rel=\"noopener noreferrer\">Natasha Romanoff<\/a> es una de las esp\u00edas y asesinas con m\u00e1s talento del mundo y miembro fundador de los Vengadores. Maestra de las artes marciales y armada con su mordacidad, Natasha se ha convertido en uno de los agentes m\u00e1s eficaces de S.H.I.E.L.D.<\/p>\n<h2>Tus palos de Viuda Negra al mejor precio.<\/h2>\n<p>Ofrecemos una amplia gama de r\u00e9plicas de tus superh\u00e9roes Marvel.<\/p>\n<p>Lo primero y m\u00e1s importante,<\/p>\n<ul>\n<li>Le <a href=\"https:\/\/repliquemangacine.fr\/es\/superheroes-marvel\/capitan-america-escudo-version-de-lujo\/\">Escudo del Capit\u00e1n Am\u00e9rica<\/a> y su versi\u00f3n de lujo de pie.<\/li>\n<li>Tambi\u00e9n existe la <a href=\"https:\/\/repliquemangacine.fr\/es\/superheroes\/arc-reactor-mk1-iron-man-core-reactor\/\">Arco Reactor de Iron Man<\/a> Versi\u00f3n MK1.<\/li>\n<li>As\u00ed como la espada<a href=\"https:\/\/repliquemangacine.fr\/es\/superheroes\/replique-epee-god-killer-wonder-woman\/\"> de la Mujer Maravilla<\/a> Asesino de Dios.<\/li>\n<li>Y mucho m\u00e1s por descubrir en nuestra tienda en l\u00ednea.<\/li>\n<\/ul>\n<p>Por eso, esta es una idea estupenda para regalar a todos los fans de Marvel.<\/p>\n<p>En conclusi\u00f3n, tambi\u00e9n puede utilizar los <strong>Bastones Viuda Negra<\/strong> para tus desfiles de Cosplay. Pero sobre todo, tambi\u00e9n es una pieza de coleccionista y una pieza decorativa.<\/p>\n<h2>\u00bfC\u00f3mo se fabrican nuestros productos Avengers Marvel?<\/h2>\n<p>Para empezar, todos nuestros productos derivados son de alta calidad y est\u00e1n fabricados con especial minuciosidad. De hecho, su fabricaci\u00f3n se realiza en parte de forma manual para reproducir hasta el m\u00e1s m\u00ednimo detalle. En cuanto a las partes m\u00e1s importantes, se mecanizan con m\u00e1quinas de gran precisi\u00f3n. Los grabados se realizan generalmente con una punta de diamante o con l\u00e1ser.<\/p>\n<p>Vos <strong>Bastones Viuda Negra<\/strong> fabricados para reproducir con exactitud todos los detalles. Desde piezas met\u00e1licas o ABS mecanizadas hasta leds de alta intensidad.<\/p>\n<p>En conclusi\u00f3n, nuestras r\u00e9plicas, importadas de China o Espa\u00f1a, \u00a1le sorprender\u00e1n!<\/p>\n<p>R\u00e9plique Manga Cin\u00e9 es una empresa familiar francesa.<\/p>\n<p>Disfrute de su visita.<\/p>","protected":false},"excerpt":{"rendered":"<p>R\u00e9plica de los bastones luminosos de la Viuda Negra.<\/p>\n<ul>\n<li>En ABS moldeado y metal gris y morado.<\/li>\n<li>Guardas y asas met\u00e1licas con peque\u00f1as ranuras.<\/li>\n<li>Bot\u00f3n interruptor para la iluminaci\u00f3n del bast\u00f3n.<\/li>\n<li>3 pilas LR3 (incluidas).<\/li>\n<li>Los dos polos pueden combinarse.<\/li>\n<li>Atenci\u00f3n: cuando los dos palos est\u00e1n unidos, no se encienden.<\/li>\n<li>Longitud de las p\u00e9rtigas: 65 cm y 130 cm montadas<\/li>\n<\/ul>","protected":false},"featured_media":29248,"template":"","meta":[],"product_brand":[896],"product_cat":[24,59],"product_tag":[],"class_list":{"0":"post-29247","1":"product","2":"type-product","3":"status-publish","4":"has-post-thumbnail","6":"product_brand-replique-manga-cine","7":"product_cat-films-series-tv-vente-de-katana-epee-et-produits-derives","8":"product_cat-super-heros-marvel","10":"first","11":"instock","12":"taxable","13":"shipping-taxable","14":"purchasable","15":"product-type-simple"},"yoast_head":"<!-- This site is optimized with the Yoast SEO plugin v27.4 - https:\/\/yoast.com\/product\/yoast-seo-wordpress\/ -->\n<title>B\u00e2tons Black Widow - Boutique de Produits d\u00e9riv\u00e9s Marvel - RMC<\/title>\n<meta name=\"description\" content=\"Commandez vite\u202f! les B\u00e2tons Black Widow Violet au meilleur prix. En ABS et m\u00e9tal - Lumineux par leds - Longueur chacun : 65 cm - Rassembl\u00e9s : 130 cm\" \/>\n<meta name=\"robots\" content=\"index, follow, max-snippet:-1, max-image-preview:large, max-video-preview:-1\" \/>\n<link rel=\"canonical\" href=\"https:\/\/repliquemangacine.fr\/es\/superheroes-marvel\/viuda-negra-palos-morados\/\" \/>\n<meta property=\"og:locale\" content=\"es_ES\" \/>\n<meta property=\"og:type\" content=\"article\" \/>\n<meta property=\"og:title\" content=\"B\u00e2tons Black Widow - Boutique de Produits d\u00e9riv\u00e9s Marvel - RMC\" \/>\n<meta property=\"og:description\" content=\"Commandez vite\u202f! les B\u00e2tons Black Widow Violet au meilleur prix. En ABS et m\u00e9tal - Lumineux par leds - Longueur chacun : 65 cm - Rassembl\u00e9s : 130 cm\" \/>\n<meta property=\"og:url\" content=\"https:\/\/repliquemangacine.fr\/es\/superheroes-marvel\/viuda-negra-palos-morados\/\" \/>\n<meta property=\"og:site_name\" content=\"R\u00e9plique Manga Cin\u00e9\" \/>\n<meta property=\"article:publisher\" content=\"https:\/\/www.facebook.com\/RepliqueMangaCine\" \/>\n<meta property=\"article:modified_time\" content=\"2025-09-23T16:02:35+00:00\" \/>\n<meta property=\"og:image\" content=\"https:\/\/repliquemangacine.fr\/wp-content\/uploads\/2023\/10\/3929-Baton-Black-Widow.jpg\" \/>\n\t<meta property=\"og:image:width\" content=\"800\" \/>\n\t<meta property=\"og:image:height\" content=\"800\" \/>\n\t<meta property=\"og:image:type\" content=\"image\/jpeg\" \/>\n<meta name=\"twitter:card\" content=\"summary_large_image\" \/>\n<meta name=\"twitter:label1\" content=\"Tiempo de lectura\" \/>\n\t<meta name=\"twitter:data1\" content=\"2 minutos\" \/>\n<script type=\"application\/ld+json\" class=\"yoast-schema-graph\">{\"@context\":\"https:\\\/\\\/schema.org\",\"@graph\":[{\"@type\":\"WebPage\",\"@id\":\"https:\\\/\\\/repliquemangacine.fr\\\/super-heros-marvel\\\/batons-black-widow-violet\\\/\",\"url\":\"https:\\\/\\\/repliquemangacine.fr\\\/super-heros-marvel\\\/batons-black-widow-violet\\\/\",\"name\":\"B\u00e2tons Black Widow - Boutique de Produits d\u00e9riv\u00e9s Marvel - RMC\",\"isPartOf\":{\"@id\":\"https:\\\/\\\/repliquemangacine.fr\\\/#website\"},\"primaryImageOfPage\":{\"@id\":\"https:\\\/\\\/repliquemangacine.fr\\\/super-heros-marvel\\\/batons-black-widow-violet\\\/#primaryimage\"},\"image\":{\"@id\":\"https:\\\/\\\/repliquemangacine.fr\\\/super-heros-marvel\\\/batons-black-widow-violet\\\/#primaryimage\"},\"thumbnailUrl\":\"https:\\\/\\\/repliquemangacine.fr\\\/wp-content\\\/uploads\\\/2023\\\/10\\\/3929-Baton-Black-Widow.jpg\",\"datePublished\":\"2021-01-06T13:09:20+00:00\",\"dateModified\":\"2025-09-23T16:02:35+00:00\",\"description\":\"Commandez vite\u202f! les B\u00e2tons Black Widow Violet au meilleur prix. En ABS et m\u00e9tal - Lumineux par leds - Longueur chacun : 65 cm - Rassembl\u00e9s : 130 cm\",\"breadcrumb\":{\"@id\":\"https:\\\/\\\/repliquemangacine.fr\\\/super-heros-marvel\\\/batons-black-widow-violet\\\/#breadcrumb\"},\"inLanguage\":\"es\",\"potentialAction\":[{\"@type\":\"ReadAction\",\"target\":[\"https:\\\/\\\/repliquemangacine.fr\\\/super-heros-marvel\\\/batons-black-widow-violet\\\/\"]}]},{\"@type\":\"ImageObject\",\"inLanguage\":\"es\",\"@id\":\"https:\\\/\\\/repliquemangacine.fr\\\/super-heros-marvel\\\/batons-black-widow-violet\\\/#primaryimage\",\"url\":\"https:\\\/\\\/repliquemangacine.fr\\\/wp-content\\\/uploads\\\/2023\\\/10\\\/3929-Baton-Black-Widow.jpg\",\"contentUrl\":\"https:\\\/\\\/repliquemangacine.fr\\\/wp-content\\\/uploads\\\/2023\\\/10\\\/3929-Baton-Black-Widow.jpg\",\"width\":800,\"height\":800,\"caption\":\"Baton Black Widow\"},{\"@type\":\"BreadcrumbList\",\"@id\":\"https:\\\/\\\/repliquemangacine.fr\\\/super-heros-marvel\\\/batons-black-widow-violet\\\/#breadcrumb\",\"itemListElement\":[{\"@type\":\"ListItem\",\"position\":1,\"name\":\"Accueil\",\"item\":\"https:\\\/\\\/repliquemangacine.fr\\\/\"},{\"@type\":\"ListItem\",\"position\":2,\"name\":\"Produits\",\"item\":\"https:\\\/\\\/repliquemangacine.fr\\\/boutique\\\/\"},{\"@type\":\"ListItem\",\"position\":3,\"name\":\"B\u00e2tons Black Widow Violet\"}]},{\"@type\":\"WebSite\",\"@id\":\"https:\\\/\\\/repliquemangacine.fr\\\/#website\",\"url\":\"https:\\\/\\\/repliquemangacine.fr\\\/\",\"name\":\"R\u00e9plique Manga Cin\u00e9\",\"description\":\"\",\"publisher\":{\"@id\":\"https:\\\/\\\/repliquemangacine.fr\\\/#organization\"},\"potentialAction\":[{\"@type\":\"SearchAction\",\"target\":{\"@type\":\"EntryPoint\",\"urlTemplate\":\"https:\\\/\\\/repliquemangacine.fr\\\/?s={search_term_string}\"},\"query-input\":{\"@type\":\"PropertyValueSpecification\",\"valueRequired\":true,\"valueName\":\"search_term_string\"}}],\"inLanguage\":\"es\"},{\"@type\":\"Organization\",\"@id\":\"https:\\\/\\\/repliquemangacine.fr\\\/#organization\",\"name\":\"R\u00e9plique Manga Cin\u00e9\",\"url\":\"https:\\\/\\\/repliquemangacine.fr\\\/\",\"logo\":{\"@type\":\"ImageObject\",\"inLanguage\":\"es\",\"@id\":\"https:\\\/\\\/repliquemangacine.fr\\\/#\\\/schema\\\/logo\\\/image\\\/\",\"url\":\"https:\\\/\\\/repliquemangacine.fr\\\/wp-content\\\/uploads\\\/2023\\\/10\\\/RMC-500250.png\",\"contentUrl\":\"https:\\\/\\\/repliquemangacine.fr\\\/wp-content\\\/uploads\\\/2023\\\/10\\\/RMC-500250.png\",\"width\":500,\"height\":250,\"caption\":\"R\u00e9plique Manga Cin\u00e9\"},\"image\":{\"@id\":\"https:\\\/\\\/repliquemangacine.fr\\\/#\\\/schema\\\/logo\\\/image\\\/\"},\"sameAs\":[\"https:\\\/\\\/www.facebook.com\\\/RepliqueMangaCine\",\"https:\\\/\\\/www.instagram.com\\\/repliquemangacine.fr\\\/\"]}]}<\/script>\n<!-- \/ Yoast SEO plugin. -->","yoast_head_json":{"title":"Bastones Viuda Negra - Tienda Marvel - RMC","description":"Pida ahora las Varillas Violeta Viuda Negra al mejor precio. En ABS y metal - Iluminadas por LEDs - Longitud cada una: 65 cm - Montadas: 130 cm.","robots":{"index":"index","follow":"follow","max-snippet":"max-snippet:-1","max-image-preview":"max-image-preview:large","max-video-preview":"max-video-preview:-1"},"canonical":"https:\/\/repliquemangacine.fr\/es\/superheroes-marvel\/viuda-negra-palos-morados\/","og_locale":"es_ES","og_type":"article","og_title":"B\u00e2tons Black Widow - Boutique de Produits d\u00e9riv\u00e9s Marvel - RMC","og_description":"Commandez vite\u202f! les B\u00e2tons Black Widow Violet au meilleur prix. En ABS et m\u00e9tal - Lumineux par leds - Longueur chacun : 65 cm - Rassembl\u00e9s : 130 cm","og_url":"https:\/\/repliquemangacine.fr\/es\/superheroes-marvel\/viuda-negra-palos-morados\/","og_site_name":"R\u00e9plique Manga Cin\u00e9","article_publisher":"https:\/\/www.facebook.com\/RepliqueMangaCine","article_modified_time":"2025-09-23T16:02:35+00:00","og_image":[{"width":800,"height":800,"url":"https:\/\/repliquemangacine.fr\/wp-content\/uploads\/2023\/10\/3929-Baton-Black-Widow.jpg","type":"image\/jpeg"}],"twitter_card":"summary_large_image","twitter_misc":{"Tiempo de lectura":"2 minutos"},"schema":{"@context":"https:\/\/schema.org","@graph":[{"@type":"WebPage","@id":"https:\/\/repliquemangacine.fr\/super-heros-marvel\/batons-black-widow-violet\/","url":"https:\/\/repliquemangacine.fr\/super-heros-marvel\/batons-black-widow-violet\/","name":"Bastones Viuda Negra - Tienda Marvel - RMC","isPartOf":{"@id":"https:\/\/repliquemangacine.fr\/#website"},"primaryImageOfPage":{"@id":"https:\/\/repliquemangacine.fr\/super-heros-marvel\/batons-black-widow-violet\/#primaryimage"},"image":{"@id":"https:\/\/repliquemangacine.fr\/super-heros-marvel\/batons-black-widow-violet\/#primaryimage"},"thumbnailUrl":"https:\/\/repliquemangacine.fr\/wp-content\/uploads\/2023\/10\/3929-Baton-Black-Widow.jpg","datePublished":"2021-01-06T13:09:20+00:00","dateModified":"2025-09-23T16:02:35+00:00","description":"Pida ahora las Varillas Violeta Viuda Negra al mejor precio. En ABS y metal - Iluminadas por LEDs - Longitud cada una: 65 cm - Montadas: 130 cm.","breadcrumb":{"@id":"https:\/\/repliquemangacine.fr\/super-heros-marvel\/batons-black-widow-violet\/#breadcrumb"},"inLanguage":"es","potentialAction":[{"@type":"ReadAction","target":["https:\/\/repliquemangacine.fr\/super-heros-marvel\/batons-black-widow-violet\/"]}]},{"@type":"ImageObject","inLanguage":"es","@id":"https:\/\/repliquemangacine.fr\/super-heros-marvel\/batons-black-widow-violet\/#primaryimage","url":"https:\/\/repliquemangacine.fr\/wp-content\/uploads\/2023\/10\/3929-Baton-Black-Widow.jpg","contentUrl":"https:\/\/repliquemangacine.fr\/wp-content\/uploads\/2023\/10\/3929-Baton-Black-Widow.jpg","width":800,"height":800,"caption":"Baton Black Widow"},{"@type":"BreadcrumbList","@id":"https:\/\/repliquemangacine.fr\/super-heros-marvel\/batons-black-widow-violet\/#breadcrumb","itemListElement":[{"@type":"ListItem","position":1,"name":"Accueil","item":"https:\/\/repliquemangacine.fr\/"},{"@type":"ListItem","position":2,"name":"Produits","item":"https:\/\/repliquemangacine.fr\/boutique\/"},{"@type":"ListItem","position":3,"name":"B\u00e2tons Black Widow Violet"}]},{"@type":"WebSite","@id":"https:\/\/repliquemangacine.fr\/#website","url":"https:\/\/repliquemangacine.fr\/","name":"R\u00e9plique Manga Cin\u00e9","description":"","publisher":{"@id":"https:\/\/repliquemangacine.fr\/#organization"},"potentialAction":[{"@type":"SearchAction","target":{"@type":"EntryPoint","urlTemplate":"https:\/\/repliquemangacine.fr\/?s={search_term_string}"},"query-input":{"@type":"PropertyValueSpecification","valueRequired":true,"valueName":"search_term_string"}}],"inLanguage":"es"},{"@type":"Organization","@id":"https:\/\/repliquemangacine.fr\/#organization","name":"R\u00e9plique Manga Cin\u00e9","url":"https:\/\/repliquemangacine.fr\/","logo":{"@type":"ImageObject","inLanguage":"es","@id":"https:\/\/repliquemangacine.fr\/#\/schema\/logo\/image\/","url":"https:\/\/repliquemangacine.fr\/wp-content\/uploads\/2023\/10\/RMC-500250.png","contentUrl":"https:\/\/repliquemangacine.fr\/wp-content\/uploads\/2023\/10\/RMC-500250.png","width":500,"height":250,"caption":"R\u00e9plique Manga Cin\u00e9"},"image":{"@id":"https:\/\/repliquemangacine.fr\/#\/schema\/logo\/image\/"},"sameAs":["https:\/\/www.facebook.com\/RepliqueMangaCine","https:\/\/www.instagram.com\/repliquemangacine.fr\/"]}]}},"_links":{"self":[{"href":"https:\/\/repliquemangacine.fr\/es\/wp-json\/wp\/v2\/product\/29247","targetHints":{"allow":["GET"]}}],"collection":[{"href":"https:\/\/repliquemangacine.fr\/es\/wp-json\/wp\/v2\/product"}],"about":[{"href":"https:\/\/repliquemangacine.fr\/es\/wp-json\/wp\/v2\/types\/product"}],"wp:featuredmedia":[{"embeddable":true,"href":"https:\/\/repliquemangacine.fr\/es\/wp-json\/wp\/v2\/media\/29248"}],"wp:attachment":[{"href":"https:\/\/repliquemangacine.fr\/es\/wp-json\/wp\/v2\/media?parent=29247"}],"wp:term":[{"taxonomy":"product_brand","embeddable":true,"href":"https:\/\/repliquemangacine.fr\/es\/wp-json\/wp\/v2\/product_brand?post=29247"},{"taxonomy":"product_cat","embeddable":true,"href":"https:\/\/repliquemangacine.fr\/es\/wp-json\/wp\/v2\/product_cat?post=29247"},{"taxonomy":"product_tag","embeddable":true,"href":"https:\/\/repliquemangacine.fr\/es\/wp-json\/wp\/v2\/product_tag?post=29247"}],"curies":[{"name":"wp","href":"https:\/\/api.w.org\/{rel}","templated":true}]}}