





{"id":29238,"date":"2020-12-30T14:42:23","date_gmt":"2020-12-30T13:42:23","guid":{"rendered":"https:\/\/repliquemangacine.fr\/?post_type=product&#038;p=29238"},"modified":"2025-12-21T22:15:06","modified_gmt":"2025-12-21T21:15:06","slug":"la-espada-del-brujo-geralt-de-riv-the-witcher-temporada-2","status":"publish","type":"product","link":"https:\/\/repliquemangacine.fr\/es\/epee-the-witcher\/epee-sorceleur-geralt-de-riv-the-witcher-saison-2\/","title":{"rendered":"Espada del brujo Geralt de Riv The Witcher"},"content":{"rendered":"<h2>Espada de brujo Geralt de Riv The Witcher.<\/h2>\n<p>Para empezar, el<strong>Espada de brujo Geralt de riv<\/strong> en The Witcher es la espada principal de Geralt en la segunda temporada de la serie de Netflix.<\/p>\n<p><a href=\"https:\/\/witcher-archive.fandom.com\/fr\/wiki\/The_Witcher_(s\u00e9rie)\" target=\"_blank\" rel=\"noopener noreferrer\">The Witcher<\/a>, serie de televisi\u00f3n creada por Lauren Schmidt Hissrich, emitida en Netflix desde el 20 de diciembre de 2019. Basada en la serie Witcher de Andrzej Sapkowski, quien ser\u00e1 el consultor creativo de la serie.<\/p>\n<p>El brujo Geralt, un cazador de monstruos mutantes, lucha por encontrar su lugar en un mundo en el que los humanos suelen ser m\u00e1s crueles que las bestias.<\/p>\n<p>El 25 de septiembre de 2021, la serie fue renovada para una tercera temporada. En 2022, se anunci\u00f3 que Henry Cavill abandonar\u00eda la producci\u00f3n de The Witcher al final de esta temporada y que Liam Hemsworth asumir\u00eda el papel de Geralt de Riv a partir de la cuarta temporada.<\/p>\n<h2>Tu Geralt de Riv Sorcerer's Sword al mejor precio<\/h2>\n<p>Te ofrecemos todas las r\u00e9plicas de la serie de Netflix The Witcher, pero tambi\u00e9n las del videojuego The Witcher 3.<\/p>\n<p>Lo primero y m\u00e1s importante,<\/p>\n<ul>\n<li>L'<a href=\"https:\/\/repliquemangacine.fr\/es\/epee-the-witcher\/espada-lobo-gemelo-geralt-de-riv-the-witcher-3-con-su-medallon-de-regalo\/\">Espada Twin Wolf<\/a> usado para matar monstruos.<\/li>\n<li>As\u00ed como el <a href=\"https:\/\/repliquemangacine.fr\/es\/epee-the-witcher\/medaillon-the-witcher\/\">Medall\u00f3n de The Witcher<\/a> que lleva Geralt.<\/li>\n<li>Y muchos m\u00e1s por descubrir en nuestra tienda en l\u00ednea.<\/li>\n<\/ul>\n<p>Por eso, aqu\u00ed tienes unas ideas geniales para regalar a los fans de The Witcher.<\/p>\n<p>En conclusi\u00f3n, tambi\u00e9n puede utilizar este <strong>Espada de brujo Geralt de Riv<\/strong> The Witcher para tus desfiles de cosplay o tus fiestas tem\u00e1ticas. Pero, ante todo, esta espada de The Witcher es una pieza de colecci\u00f3n y decoraci\u00f3n.<\/p>\n<p>R\u00e9plique Manga Cin\u00e9 es una empresa francesa<\/p>\n<h2>\u00bfC\u00f3mo mantengo la hoja de mi espada The Witcher?<\/h2>\n<p>Las espadas de colecci\u00f3n y decorativas se fabrican y ensamblan de forma simplificada. Como su uso es decorativo, no cuentan con los elementos de seguridad necesarios para una espada japonesa destinada al entrenamiento.<\/p>\n<p>Sin embargo, su <strong>Espada de brujo Geralt de Riv<\/strong> a una hoja de acero que hay que cuidar para evitar que se estropee con el tiempo. Cuando exponga su katana, sus amigos sentir\u00e1n curiosidad por ver la hoja y tocarla. Aqu\u00ed es donde hay que tener cuidado, ya que la acidez de los dedos es muy perjudicial para el acero, sea cual sea su calidad.<\/p>\n<p>Sin embargo, si esto ocurre, no te asustes, todo lo que necesitas es un pa\u00f1o humedecido con un poco de aceite y limpiar las huellas dactilares. Si haces esto, tu espada durar\u00e1 mucho tiempo.<\/p>","protected":false},"excerpt":{"rendered":"<p>R\u00e9plica de la espada de Gerald de Riv en la serie de Netflix The Witcher temporada 2.<\/p>\n<ul>\n<li>Hoja de acero 440 con ranura y grabado.<\/li>\n<li>Guarda de acero decorada.<\/li>\n<li>Mango de ABS moldeado.<\/li>\n<li>Pomo de acero macizo decorado.<\/li>\n<li>Funda de cuero negro.<\/li>\n<li>Longitud de la hoja: 81 cm - Longitud total: 119 cm<\/li>\n<\/ul>\n<p>&nbsp;<\/p>","protected":false},"featured_media":29239,"template":"","meta":[],"product_brand":[896],"product_cat":[23,58],"product_tag":[],"class_list":{"0":"post-29238","1":"product","2":"type-product","3":"status-publish","4":"has-post-thumbnail","6":"product_brand-replique-manga-cine","7":"product_cat-repliques-manga-jeux-video","8":"product_cat-epee-the-witcher","10":"first","11":"instock","12":"taxable","13":"shipping-taxable","14":"purchasable","15":"product-type-simple"},"yoast_head":"<!-- This site is optimized with the Yoast SEO plugin v27.4 - https:\/\/yoast.com\/product\/yoast-seo-wordpress\/ -->\n<title>Ep\u00e9e Sorceleur Geralt de Riv - The Witcher - Vente en ligne | RMC<\/title>\n<meta name=\"description\" content=\"D\u00e9couvrez la nouvelle Ep\u00e9e Sorceleur Geralt de Riv dans The Witcher saison 2 au meilleur prix - Lame acier - Echelle 1\/1 - Longueur 119 cm - Envoi 24\/48h\" \/>\n<meta name=\"robots\" content=\"index, follow, max-snippet:-1, max-image-preview:large, max-video-preview:-1\" \/>\n<link rel=\"canonical\" href=\"https:\/\/repliquemangacine.fr\/es\/epee-the-witcher\/la-espada-del-brujo-geralt-de-riv-the-witcher-temporada-2\/\" \/>\n<meta property=\"og:locale\" content=\"es_ES\" \/>\n<meta property=\"og:type\" content=\"article\" \/>\n<meta property=\"og:title\" content=\"Ep\u00e9e Sorceleur Geralt de Riv - The Witcher - Vente en ligne | RMC\" \/>\n<meta property=\"og:description\" content=\"D\u00e9couvrez la nouvelle Ep\u00e9e Sorceleur Geralt de Riv dans The Witcher saison 2 au meilleur prix - Lame acier - Echelle 1\/1 - Longueur 119 cm - Envoi 24\/48h\" \/>\n<meta property=\"og:url\" content=\"https:\/\/repliquemangacine.fr\/es\/epee-the-witcher\/la-espada-del-brujo-geralt-de-riv-the-witcher-temporada-2\/\" \/>\n<meta property=\"og:site_name\" content=\"R\u00e9plique Manga Cin\u00e9\" \/>\n<meta property=\"article:publisher\" content=\"https:\/\/www.facebook.com\/RepliqueMangaCine\" \/>\n<meta property=\"article:modified_time\" content=\"2025-12-21T21:15:06+00:00\" \/>\n<meta property=\"og:image\" content=\"https:\/\/repliquemangacine.fr\/wp-content\/uploads\/2023\/10\/3918-epee-the-witchergarde.jpg\" \/>\n\t<meta property=\"og:image:width\" content=\"800\" \/>\n\t<meta property=\"og:image:height\" content=\"800\" \/>\n\t<meta property=\"og:image:type\" content=\"image\/jpeg\" \/>\n<meta name=\"twitter:card\" content=\"summary_large_image\" \/>\n<meta name=\"twitter:label1\" content=\"Tiempo de lectura\" \/>\n\t<meta name=\"twitter:data1\" content=\"1 minuto\" \/>\n<script type=\"application\/ld+json\" class=\"yoast-schema-graph\">{\"@context\":\"https:\\\/\\\/schema.org\",\"@graph\":[{\"@type\":\"WebPage\",\"@id\":\"https:\\\/\\\/repliquemangacine.fr\\\/epee-the-witcher\\\/epee-sorceleur-geralt-de-riv-the-witcher-saison-2\\\/\",\"url\":\"https:\\\/\\\/repliquemangacine.fr\\\/epee-the-witcher\\\/epee-sorceleur-geralt-de-riv-the-witcher-saison-2\\\/\",\"name\":\"Ep\u00e9e Sorceleur Geralt de Riv - The Witcher - Vente en ligne | RMC\",\"isPartOf\":{\"@id\":\"https:\\\/\\\/repliquemangacine.fr\\\/#website\"},\"primaryImageOfPage\":{\"@id\":\"https:\\\/\\\/repliquemangacine.fr\\\/epee-the-witcher\\\/epee-sorceleur-geralt-de-riv-the-witcher-saison-2\\\/#primaryimage\"},\"image\":{\"@id\":\"https:\\\/\\\/repliquemangacine.fr\\\/epee-the-witcher\\\/epee-sorceleur-geralt-de-riv-the-witcher-saison-2\\\/#primaryimage\"},\"thumbnailUrl\":\"https:\\\/\\\/repliquemangacine.fr\\\/wp-content\\\/uploads\\\/2023\\\/10\\\/3918-epee-the-witchergarde.jpg\",\"datePublished\":\"2020-12-30T13:42:23+00:00\",\"dateModified\":\"2025-12-21T21:15:06+00:00\",\"description\":\"D\u00e9couvrez la nouvelle Ep\u00e9e Sorceleur Geralt de Riv dans The Witcher saison 2 au meilleur prix - Lame acier - Echelle 1\\\/1 - Longueur 119 cm - Envoi 24\\\/48h\",\"breadcrumb\":{\"@id\":\"https:\\\/\\\/repliquemangacine.fr\\\/epee-the-witcher\\\/epee-sorceleur-geralt-de-riv-the-witcher-saison-2\\\/#breadcrumb\"},\"inLanguage\":\"es\",\"potentialAction\":[{\"@type\":\"ReadAction\",\"target\":[\"https:\\\/\\\/repliquemangacine.fr\\\/epee-the-witcher\\\/epee-sorceleur-geralt-de-riv-the-witcher-saison-2\\\/\"]}]},{\"@type\":\"ImageObject\",\"inLanguage\":\"es\",\"@id\":\"https:\\\/\\\/repliquemangacine.fr\\\/epee-the-witcher\\\/epee-sorceleur-geralt-de-riv-the-witcher-saison-2\\\/#primaryimage\",\"url\":\"https:\\\/\\\/repliquemangacine.fr\\\/wp-content\\\/uploads\\\/2023\\\/10\\\/3918-epee-the-witchergarde.jpg\",\"contentUrl\":\"https:\\\/\\\/repliquemangacine.fr\\\/wp-content\\\/uploads\\\/2023\\\/10\\\/3918-epee-the-witchergarde.jpg\",\"width\":800,\"height\":800,\"caption\":\"Ep\u00e9e Sorceleur The Witcher s2\"},{\"@type\":\"BreadcrumbList\",\"@id\":\"https:\\\/\\\/repliquemangacine.fr\\\/epee-the-witcher\\\/epee-sorceleur-geralt-de-riv-the-witcher-saison-2\\\/#breadcrumb\",\"itemListElement\":[{\"@type\":\"ListItem\",\"position\":1,\"name\":\"Accueil\",\"item\":\"https:\\\/\\\/repliquemangacine.fr\\\/\"},{\"@type\":\"ListItem\",\"position\":2,\"name\":\"Produits\",\"item\":\"https:\\\/\\\/repliquemangacine.fr\\\/boutique\\\/\"},{\"@type\":\"ListItem\",\"position\":3,\"name\":\"Ep\u00e9e Sorceleur Geralt de Riv The Witcher\"}]},{\"@type\":\"WebSite\",\"@id\":\"https:\\\/\\\/repliquemangacine.fr\\\/#website\",\"url\":\"https:\\\/\\\/repliquemangacine.fr\\\/\",\"name\":\"R\u00e9plique Manga Cin\u00e9\",\"description\":\"\",\"publisher\":{\"@id\":\"https:\\\/\\\/repliquemangacine.fr\\\/#organization\"},\"potentialAction\":[{\"@type\":\"SearchAction\",\"target\":{\"@type\":\"EntryPoint\",\"urlTemplate\":\"https:\\\/\\\/repliquemangacine.fr\\\/?s={search_term_string}\"},\"query-input\":{\"@type\":\"PropertyValueSpecification\",\"valueRequired\":true,\"valueName\":\"search_term_string\"}}],\"inLanguage\":\"es\"},{\"@type\":\"Organization\",\"@id\":\"https:\\\/\\\/repliquemangacine.fr\\\/#organization\",\"name\":\"R\u00e9plique Manga Cin\u00e9\",\"url\":\"https:\\\/\\\/repliquemangacine.fr\\\/\",\"logo\":{\"@type\":\"ImageObject\",\"inLanguage\":\"es\",\"@id\":\"https:\\\/\\\/repliquemangacine.fr\\\/#\\\/schema\\\/logo\\\/image\\\/\",\"url\":\"https:\\\/\\\/repliquemangacine.fr\\\/wp-content\\\/uploads\\\/2023\\\/10\\\/RMC-500250.png\",\"contentUrl\":\"https:\\\/\\\/repliquemangacine.fr\\\/wp-content\\\/uploads\\\/2023\\\/10\\\/RMC-500250.png\",\"width\":500,\"height\":250,\"caption\":\"R\u00e9plique Manga Cin\u00e9\"},\"image\":{\"@id\":\"https:\\\/\\\/repliquemangacine.fr\\\/#\\\/schema\\\/logo\\\/image\\\/\"},\"sameAs\":[\"https:\\\/\\\/www.facebook.com\\\/RepliqueMangaCine\",\"https:\\\/\\\/www.instagram.com\\\/repliquemangacine.fr\\\/\"]}]}<\/script>\n<!-- \/ Yoast SEO plugin. -->","yoast_head_json":{"title":"Espada de brujo Geralt of Riv - The Witcher - Venta en l\u00ednea | RMC","description":"Descubre la nueva Espada del Brujo Geralt de Riv en The Witcher temporada 2 al mejor precio - Hoja de acero - Escala 1\/1 - Longitud 119 cm - Env\u00edo 24\/48h","robots":{"index":"index","follow":"follow","max-snippet":"max-snippet:-1","max-image-preview":"max-image-preview:large","max-video-preview":"max-video-preview:-1"},"canonical":"https:\/\/repliquemangacine.fr\/es\/epee-the-witcher\/la-espada-del-brujo-geralt-de-riv-the-witcher-temporada-2\/","og_locale":"es_ES","og_type":"article","og_title":"Ep\u00e9e Sorceleur Geralt de Riv - The Witcher - Vente en ligne | RMC","og_description":"D\u00e9couvrez la nouvelle Ep\u00e9e Sorceleur Geralt de Riv dans The Witcher saison 2 au meilleur prix - Lame acier - Echelle 1\/1 - Longueur 119 cm - Envoi 24\/48h","og_url":"https:\/\/repliquemangacine.fr\/es\/epee-the-witcher\/la-espada-del-brujo-geralt-de-riv-the-witcher-temporada-2\/","og_site_name":"R\u00e9plique Manga Cin\u00e9","article_publisher":"https:\/\/www.facebook.com\/RepliqueMangaCine","article_modified_time":"2025-12-21T21:15:06+00:00","og_image":[{"width":800,"height":800,"url":"https:\/\/repliquemangacine.fr\/wp-content\/uploads\/2023\/10\/3918-epee-the-witchergarde.jpg","type":"image\/jpeg"}],"twitter_card":"summary_large_image","twitter_misc":{"Tiempo de lectura":"1 minuto"},"schema":{"@context":"https:\/\/schema.org","@graph":[{"@type":"WebPage","@id":"https:\/\/repliquemangacine.fr\/epee-the-witcher\/epee-sorceleur-geralt-de-riv-the-witcher-saison-2\/","url":"https:\/\/repliquemangacine.fr\/epee-the-witcher\/epee-sorceleur-geralt-de-riv-the-witcher-saison-2\/","name":"Espada de brujo Geralt of Riv - The Witcher - Venta en l\u00ednea | RMC","isPartOf":{"@id":"https:\/\/repliquemangacine.fr\/#website"},"primaryImageOfPage":{"@id":"https:\/\/repliquemangacine.fr\/epee-the-witcher\/epee-sorceleur-geralt-de-riv-the-witcher-saison-2\/#primaryimage"},"image":{"@id":"https:\/\/repliquemangacine.fr\/epee-the-witcher\/epee-sorceleur-geralt-de-riv-the-witcher-saison-2\/#primaryimage"},"thumbnailUrl":"https:\/\/repliquemangacine.fr\/wp-content\/uploads\/2023\/10\/3918-epee-the-witchergarde.jpg","datePublished":"2020-12-30T13:42:23+00:00","dateModified":"2025-12-21T21:15:06+00:00","description":"Descubre la nueva Espada del Brujo Geralt de Riv en The Witcher temporada 2 al mejor precio - Hoja de acero - Escala 1\/1 - Longitud 119 cm - Env\u00edo 24\/48h","breadcrumb":{"@id":"https:\/\/repliquemangacine.fr\/epee-the-witcher\/epee-sorceleur-geralt-de-riv-the-witcher-saison-2\/#breadcrumb"},"inLanguage":"es","potentialAction":[{"@type":"ReadAction","target":["https:\/\/repliquemangacine.fr\/epee-the-witcher\/epee-sorceleur-geralt-de-riv-the-witcher-saison-2\/"]}]},{"@type":"ImageObject","inLanguage":"es","@id":"https:\/\/repliquemangacine.fr\/epee-the-witcher\/epee-sorceleur-geralt-de-riv-the-witcher-saison-2\/#primaryimage","url":"https:\/\/repliquemangacine.fr\/wp-content\/uploads\/2023\/10\/3918-epee-the-witchergarde.jpg","contentUrl":"https:\/\/repliquemangacine.fr\/wp-content\/uploads\/2023\/10\/3918-epee-the-witchergarde.jpg","width":800,"height":800,"caption":"Ep\u00e9e Sorceleur The Witcher s2"},{"@type":"BreadcrumbList","@id":"https:\/\/repliquemangacine.fr\/epee-the-witcher\/epee-sorceleur-geralt-de-riv-the-witcher-saison-2\/#breadcrumb","itemListElement":[{"@type":"ListItem","position":1,"name":"Accueil","item":"https:\/\/repliquemangacine.fr\/"},{"@type":"ListItem","position":2,"name":"Produits","item":"https:\/\/repliquemangacine.fr\/boutique\/"},{"@type":"ListItem","position":3,"name":"Ep\u00e9e Sorceleur Geralt de Riv The Witcher"}]},{"@type":"WebSite","@id":"https:\/\/repliquemangacine.fr\/#website","url":"https:\/\/repliquemangacine.fr\/","name":"R\u00e9plique Manga Cin\u00e9","description":"","publisher":{"@id":"https:\/\/repliquemangacine.fr\/#organization"},"potentialAction":[{"@type":"SearchAction","target":{"@type":"EntryPoint","urlTemplate":"https:\/\/repliquemangacine.fr\/?s={search_term_string}"},"query-input":{"@type":"PropertyValueSpecification","valueRequired":true,"valueName":"search_term_string"}}],"inLanguage":"es"},{"@type":"Organization","@id":"https:\/\/repliquemangacine.fr\/#organization","name":"R\u00e9plique Manga Cin\u00e9","url":"https:\/\/repliquemangacine.fr\/","logo":{"@type":"ImageObject","inLanguage":"es","@id":"https:\/\/repliquemangacine.fr\/#\/schema\/logo\/image\/","url":"https:\/\/repliquemangacine.fr\/wp-content\/uploads\/2023\/10\/RMC-500250.png","contentUrl":"https:\/\/repliquemangacine.fr\/wp-content\/uploads\/2023\/10\/RMC-500250.png","width":500,"height":250,"caption":"R\u00e9plique Manga Cin\u00e9"},"image":{"@id":"https:\/\/repliquemangacine.fr\/#\/schema\/logo\/image\/"},"sameAs":["https:\/\/www.facebook.com\/RepliqueMangaCine","https:\/\/www.instagram.com\/repliquemangacine.fr\/"]}]}},"_links":{"self":[{"href":"https:\/\/repliquemangacine.fr\/es\/wp-json\/wp\/v2\/product\/29238","targetHints":{"allow":["GET"]}}],"collection":[{"href":"https:\/\/repliquemangacine.fr\/es\/wp-json\/wp\/v2\/product"}],"about":[{"href":"https:\/\/repliquemangacine.fr\/es\/wp-json\/wp\/v2\/types\/product"}],"wp:featuredmedia":[{"embeddable":true,"href":"https:\/\/repliquemangacine.fr\/es\/wp-json\/wp\/v2\/media\/29239"}],"wp:attachment":[{"href":"https:\/\/repliquemangacine.fr\/es\/wp-json\/wp\/v2\/media?parent=29238"}],"wp:term":[{"taxonomy":"product_brand","embeddable":true,"href":"https:\/\/repliquemangacine.fr\/es\/wp-json\/wp\/v2\/product_brand?post=29238"},{"taxonomy":"product_cat","embeddable":true,"href":"https:\/\/repliquemangacine.fr\/es\/wp-json\/wp\/v2\/product_cat?post=29238"},{"taxonomy":"product_tag","embeddable":true,"href":"https:\/\/repliquemangacine.fr\/es\/wp-json\/wp\/v2\/product_tag?post=29238"}],"curies":[{"name":"wp","href":"https:\/\/api.w.org\/{rel}","templated":true}]}}