





{"id":29232,"date":"2020-12-01T16:03:01","date_gmt":"2020-12-01T15:03:01","guid":{"rendered":"https:\/\/repliquemangacine.fr\/?post_type=product&#038;p=29232"},"modified":"2026-01-10T16:57:28","modified_gmt":"2026-01-10T15:57:28","slug":"rick-axe-acero-frio","status":"publish","type":"product","link":"https:\/\/repliquemangacine.fr\/es\/haches-de-guerre-medievale-et-accessoire-medievaux\/hache-de-rick-cold-steel\/","title":{"rendered":"Hacha Cold Steel de Rick Grimes"},"content":{"rendered":"<h2>Hacha Cold Steel de Rick Grimes<\/h2>\n<p>Para empezar, el hacha de Rick Grimes Cold Steel apareci\u00f3 a partir de la temporada 3 en la prisi\u00f3n de la serie de culto The Walking Dead.<\/p>\n<p>Durante a\u00f1os, Cold Steel\u00ae ha intentado comercializar una de las devastadoras hachas de estilo chino que se utilizan con tan impresionante efecto en innumerables pel\u00edculas de kung fu. La versi\u00f3n de Cold Steel\u00ae, el hacha Axe Gang\u00ae, es un arma aut\u00e9nticamente temible, no solo un accesorio para las c\u00e1maras.<\/p>\n<p>Varios miembros del equipo de Cold Steel colaboran estrechamente con Hollywood como asesores en armas, especialistas y core\u00f3grafos de combate.<\/p>\n<p>El hacha es tambi\u00e9n un arma corta tradicional muy potente que se utiliza por pares en algunos estilos de artes marciales chinas, como en el <a href=\"https:\/\/www.mansuriakungfu.com\/history.php\" target=\"_blank\" rel=\"noopener noreferrer\">Kung Fu Mansuria<\/a>.<\/p>\n<h2>Tu Hacha Rick Grimes al mejor precio.<\/h2>\n<p>Le ofrecemos una amplia gama de r\u00e9plicas de armas de la serie de televisi\u00f3n The Walking Dead.<\/p>\n<p>Lo primero y m\u00e1s importante,<\/p>\n<ul>\n<li>La r\u00e9plica del <a href=\"https:\/\/repliquemangacine.fr\/es\/los-muertos-vivientes\/colt-python-rick-grimes\/\">rev\u00f3lver pit\u00f3n<\/a> que es el arma principal de Rick Grimes en la serie de televisi\u00f3n The Walking Dead.<\/li>\n<li>As\u00ed como el <a href=\"https:\/\/repliquemangacine.fr\/es\/los-muertos-vivientes\/carol-dagger-walking-dead\/\">pu\u00f1al<\/a> usado por Carole en la serie TWD, versi\u00f3n con mango de madera.<\/li>\n<li>Tambi\u00e9n existe la <a href=\"https:\/\/repliquemangacine.fr\/es\/los-muertos-vivientes\/katana-de-michonne\/\">La katana de Michonne<\/a> en dos versiones, con y sin corte.<\/li>\n<li>Y muchos m\u00e1s por descubrir en nuestra tienda en l\u00ednea.<\/li>\n<\/ul>\n<p>Por eso es una magn\u00edfica idea de regalo para todos los amantes de las armas hist\u00f3ricas.<\/p>\n<p>En conclusi\u00f3n, puede utilizar esta <strong>Rick Grimes hacha<\/strong> Cold Steel para su pr\u00e1ctica de artes marciales. Pero sobre todo, esta arma es una pieza de coleccionista y una pieza decorativa.<\/p>\n<h2>\u00bfC\u00f3mo debo mantener la hoja de mi hacha?<\/h2>\n<p>Las hachas de colecci\u00f3n y decoraci\u00f3n se fabrican y ensamblan de forma simplificada. Dado que su uso es decorativo, no cuentan con los elementos de seguridad necesarios para una espada japonesa destinada al entrenamiento.<\/p>\n<p>Sin embargo, su <strong>Rick Grimes hacha<\/strong> a una hoja de acero que hay que cuidar para evitar que se estropee con el tiempo. Cuando exponga su katana, sus amigos sentir\u00e1n curiosidad por ver la hoja y tocarla. Aqu\u00ed es donde hay que tener cuidado, ya que la acidez de los dedos es muy perjudicial para el acero, sea cual sea su calidad.<\/p>\n<p>Sin embargo, si esto ocurre, no te asustes, todo lo que necesitas es un pa\u00f1o humedecido con un poco de aceite y limpiar las huellas dactilares. Si haces esto, tu espada durar\u00e1 mucho tiempo.<\/p>","protected":false},"excerpt":{"rendered":"<p>El hacha de Rick en la versi\u00f3n Cold Steel de The Walking Dead.<\/p>\n<ul>\n<li>Hacha con cabeza de acero forjado 1055 de alto contenido en carbono.<\/li>\n<li>Con tratamiento t\u00e9rmico diferencial.<\/li>\n<li>Mango de nogal americano con los caracteres Kanji que significan Axe Gang\u00ae.<\/li>\n<li>Longitud total: aprox. 51,4 cm - Peso: 1 kg<\/li>\n<\/ul>","protected":false},"featured_media":29233,"template":"","meta":[],"product_brand":[896],"product_cat":[25,24,92,43,62],"product_tag":[],"class_list":{"0":"post-29232","1":"product","2":"type-product","3":"status-publish","4":"has-post-thumbnail","6":"product_brand-replique-manga-cine","7":"product_cat-armes-historiques","8":"product_cat-films-series-tv-vente-de-katana-epee-et-produits-derives","9":"product_cat-haches-de-guerre-medievale-et-accessoire-medievaux","10":"product_cat-reproductions-d-armes-et-accessoires-medievales","11":"product_cat-armes-the-walking-dead","13":"first","14":"outofstock","15":"sale","16":"taxable","17":"shipping-taxable","18":"purchasable","19":"product-type-simple"},"yoast_head":"<!-- This site is optimized with the Yoast SEO plugin v27.4 - https:\/\/yoast.com\/product\/yoast-seo-wordpress\/ -->\n<title>Hache de Rick Grimes - Cold Steel - R\u00e9plique Manga Cin\u00e9<\/title>\n<meta name=\"description\" content=\"Offrez-vous la Hache de Rick Grimes dans la s\u00e9rie The Walking Dead au meilleur prix. T\u00eate en acier forg\u00e9 1055 - Haute teneur en carbone. Bois Am\u00e9ricain.\" \/>\n<meta name=\"robots\" content=\"index, follow, max-snippet:-1, max-image-preview:large, max-video-preview:-1\" \/>\n<link rel=\"canonical\" href=\"https:\/\/repliquemangacine.fr\/es\/hachas-de-batalla-medievales-y-accesorios\/rick-axe-acero-frio\/\" \/>\n<meta property=\"og:locale\" content=\"es_ES\" \/>\n<meta property=\"og:type\" content=\"article\" \/>\n<meta property=\"og:title\" content=\"Hache de Rick Grimes - Cold Steel - R\u00e9plique Manga Cin\u00e9\" \/>\n<meta property=\"og:description\" content=\"Offrez-vous la Hache de Rick Grimes dans la s\u00e9rie The Walking Dead au meilleur prix. T\u00eate en acier forg\u00e9 1055 - Haute teneur en carbone. Bois Am\u00e9ricain.\" \/>\n<meta property=\"og:url\" content=\"https:\/\/repliquemangacine.fr\/es\/hachas-de-batalla-medievales-y-accesorios\/rick-axe-acero-frio\/\" \/>\n<meta property=\"og:site_name\" content=\"R\u00e9plique Manga Cin\u00e9\" \/>\n<meta property=\"article:publisher\" content=\"https:\/\/www.facebook.com\/RepliqueMangaCine\" \/>\n<meta property=\"article:modified_time\" content=\"2026-01-10T15:57:28+00:00\" \/>\n<meta property=\"og:image\" content=\"https:\/\/repliquemangacine.fr\/wp-content\/uploads\/2023\/10\/3913-Hache-de-Rick.jpg\" \/>\n\t<meta property=\"og:image:width\" content=\"800\" \/>\n\t<meta property=\"og:image:height\" content=\"800\" \/>\n\t<meta property=\"og:image:type\" content=\"image\/jpeg\" \/>\n<meta name=\"twitter:card\" content=\"summary_large_image\" \/>\n<meta name=\"twitter:label1\" content=\"Tiempo de lectura\" \/>\n\t<meta name=\"twitter:data1\" content=\"1 minuto\" \/>\n<script type=\"application\/ld+json\" class=\"yoast-schema-graph\">{\"@context\":\"https:\\\/\\\/schema.org\",\"@graph\":[{\"@type\":\"WebPage\",\"@id\":\"https:\\\/\\\/repliquemangacine.fr\\\/haches-de-guerre-medievale-et-accessoire-medievaux\\\/hache-de-rick-cold-steel\\\/\",\"url\":\"https:\\\/\\\/repliquemangacine.fr\\\/haches-de-guerre-medievale-et-accessoire-medievaux\\\/hache-de-rick-cold-steel\\\/\",\"name\":\"Hache de Rick Grimes - Cold Steel - R\u00e9plique Manga Cin\u00e9\",\"isPartOf\":{\"@id\":\"https:\\\/\\\/repliquemangacine.fr\\\/#website\"},\"primaryImageOfPage\":{\"@id\":\"https:\\\/\\\/repliquemangacine.fr\\\/haches-de-guerre-medievale-et-accessoire-medievaux\\\/hache-de-rick-cold-steel\\\/#primaryimage\"},\"image\":{\"@id\":\"https:\\\/\\\/repliquemangacine.fr\\\/haches-de-guerre-medievale-et-accessoire-medievaux\\\/hache-de-rick-cold-steel\\\/#primaryimage\"},\"thumbnailUrl\":\"https:\\\/\\\/repliquemangacine.fr\\\/wp-content\\\/uploads\\\/2023\\\/10\\\/3913-Hache-de-Rick.jpg\",\"datePublished\":\"2020-12-01T15:03:01+00:00\",\"dateModified\":\"2026-01-10T15:57:28+00:00\",\"description\":\"Offrez-vous la Hache de Rick Grimes dans la s\u00e9rie The Walking Dead au meilleur prix. T\u00eate en acier forg\u00e9 1055 - Haute teneur en carbone. Bois Am\u00e9ricain.\",\"breadcrumb\":{\"@id\":\"https:\\\/\\\/repliquemangacine.fr\\\/haches-de-guerre-medievale-et-accessoire-medievaux\\\/hache-de-rick-cold-steel\\\/#breadcrumb\"},\"inLanguage\":\"es\",\"potentialAction\":[{\"@type\":\"ReadAction\",\"target\":[\"https:\\\/\\\/repliquemangacine.fr\\\/haches-de-guerre-medievale-et-accessoire-medievaux\\\/hache-de-rick-cold-steel\\\/\"]}]},{\"@type\":\"ImageObject\",\"inLanguage\":\"es\",\"@id\":\"https:\\\/\\\/repliquemangacine.fr\\\/haches-de-guerre-medievale-et-accessoire-medievaux\\\/hache-de-rick-cold-steel\\\/#primaryimage\",\"url\":\"https:\\\/\\\/repliquemangacine.fr\\\/wp-content\\\/uploads\\\/2023\\\/10\\\/3913-Hache-de-Rick.jpg\",\"contentUrl\":\"https:\\\/\\\/repliquemangacine.fr\\\/wp-content\\\/uploads\\\/2023\\\/10\\\/3913-Hache-de-Rick.jpg\",\"width\":800,\"height\":800,\"caption\":\"Hache de Rick\"},{\"@type\":\"BreadcrumbList\",\"@id\":\"https:\\\/\\\/repliquemangacine.fr\\\/haches-de-guerre-medievale-et-accessoire-medievaux\\\/hache-de-rick-cold-steel\\\/#breadcrumb\",\"itemListElement\":[{\"@type\":\"ListItem\",\"position\":1,\"name\":\"Accueil\",\"item\":\"https:\\\/\\\/repliquemangacine.fr\\\/\"},{\"@type\":\"ListItem\",\"position\":2,\"name\":\"Produits\",\"item\":\"https:\\\/\\\/repliquemangacine.fr\\\/boutique\\\/\"},{\"@type\":\"ListItem\",\"position\":3,\"name\":\"Hache de Rick Grimes Cold Steel\"}]},{\"@type\":\"WebSite\",\"@id\":\"https:\\\/\\\/repliquemangacine.fr\\\/#website\",\"url\":\"https:\\\/\\\/repliquemangacine.fr\\\/\",\"name\":\"R\u00e9plique Manga Cin\u00e9\",\"description\":\"\",\"publisher\":{\"@id\":\"https:\\\/\\\/repliquemangacine.fr\\\/#organization\"},\"potentialAction\":[{\"@type\":\"SearchAction\",\"target\":{\"@type\":\"EntryPoint\",\"urlTemplate\":\"https:\\\/\\\/repliquemangacine.fr\\\/?s={search_term_string}\"},\"query-input\":{\"@type\":\"PropertyValueSpecification\",\"valueRequired\":true,\"valueName\":\"search_term_string\"}}],\"inLanguage\":\"es\"},{\"@type\":\"Organization\",\"@id\":\"https:\\\/\\\/repliquemangacine.fr\\\/#organization\",\"name\":\"R\u00e9plique Manga Cin\u00e9\",\"url\":\"https:\\\/\\\/repliquemangacine.fr\\\/\",\"logo\":{\"@type\":\"ImageObject\",\"inLanguage\":\"es\",\"@id\":\"https:\\\/\\\/repliquemangacine.fr\\\/#\\\/schema\\\/logo\\\/image\\\/\",\"url\":\"https:\\\/\\\/repliquemangacine.fr\\\/wp-content\\\/uploads\\\/2023\\\/10\\\/RMC-500250.png\",\"contentUrl\":\"https:\\\/\\\/repliquemangacine.fr\\\/wp-content\\\/uploads\\\/2023\\\/10\\\/RMC-500250.png\",\"width\":500,\"height\":250,\"caption\":\"R\u00e9plique Manga Cin\u00e9\"},\"image\":{\"@id\":\"https:\\\/\\\/repliquemangacine.fr\\\/#\\\/schema\\\/logo\\\/image\\\/\"},\"sameAs\":[\"https:\\\/\\\/www.facebook.com\\\/RepliqueMangaCine\",\"https:\\\/\\\/www.instagram.com\\\/repliquemangacine.fr\\\/\"]}]}<\/script>\n<!-- \/ Yoast SEO plugin. -->","yoast_head_json":{"title":"El hacha de Rick Grimes - Cold Steel - R\u00e9plique Manga Cin\u00e9","description":"Reg\u00e1late el hacha de Rick Grimes de The Walking Dead al mejor precio. Cabeza de acero 1055 forjado - Alto contenido en carbono. Madera americana.","robots":{"index":"index","follow":"follow","max-snippet":"max-snippet:-1","max-image-preview":"max-image-preview:large","max-video-preview":"max-video-preview:-1"},"canonical":"https:\/\/repliquemangacine.fr\/es\/hachas-de-batalla-medievales-y-accesorios\/rick-axe-acero-frio\/","og_locale":"es_ES","og_type":"article","og_title":"Hache de Rick Grimes - Cold Steel - R\u00e9plique Manga Cin\u00e9","og_description":"Offrez-vous la Hache de Rick Grimes dans la s\u00e9rie The Walking Dead au meilleur prix. T\u00eate en acier forg\u00e9 1055 - Haute teneur en carbone. Bois Am\u00e9ricain.","og_url":"https:\/\/repliquemangacine.fr\/es\/hachas-de-batalla-medievales-y-accesorios\/rick-axe-acero-frio\/","og_site_name":"R\u00e9plique Manga Cin\u00e9","article_publisher":"https:\/\/www.facebook.com\/RepliqueMangaCine","article_modified_time":"2026-01-10T15:57:28+00:00","og_image":[{"width":800,"height":800,"url":"https:\/\/repliquemangacine.fr\/wp-content\/uploads\/2023\/10\/3913-Hache-de-Rick.jpg","type":"image\/jpeg"}],"twitter_card":"summary_large_image","twitter_misc":{"Tiempo de lectura":"1 minuto"},"schema":{"@context":"https:\/\/schema.org","@graph":[{"@type":"WebPage","@id":"https:\/\/repliquemangacine.fr\/haches-de-guerre-medievale-et-accessoire-medievaux\/hache-de-rick-cold-steel\/","url":"https:\/\/repliquemangacine.fr\/haches-de-guerre-medievale-et-accessoire-medievaux\/hache-de-rick-cold-steel\/","name":"El hacha de Rick Grimes - Cold Steel - R\u00e9plique Manga Cin\u00e9","isPartOf":{"@id":"https:\/\/repliquemangacine.fr\/#website"},"primaryImageOfPage":{"@id":"https:\/\/repliquemangacine.fr\/haches-de-guerre-medievale-et-accessoire-medievaux\/hache-de-rick-cold-steel\/#primaryimage"},"image":{"@id":"https:\/\/repliquemangacine.fr\/haches-de-guerre-medievale-et-accessoire-medievaux\/hache-de-rick-cold-steel\/#primaryimage"},"thumbnailUrl":"https:\/\/repliquemangacine.fr\/wp-content\/uploads\/2023\/10\/3913-Hache-de-Rick.jpg","datePublished":"2020-12-01T15:03:01+00:00","dateModified":"2026-01-10T15:57:28+00:00","description":"Reg\u00e1late el hacha de Rick Grimes de The Walking Dead al mejor precio. Cabeza de acero 1055 forjado - Alto contenido en carbono. Madera americana.","breadcrumb":{"@id":"https:\/\/repliquemangacine.fr\/haches-de-guerre-medievale-et-accessoire-medievaux\/hache-de-rick-cold-steel\/#breadcrumb"},"inLanguage":"es","potentialAction":[{"@type":"ReadAction","target":["https:\/\/repliquemangacine.fr\/haches-de-guerre-medievale-et-accessoire-medievaux\/hache-de-rick-cold-steel\/"]}]},{"@type":"ImageObject","inLanguage":"es","@id":"https:\/\/repliquemangacine.fr\/haches-de-guerre-medievale-et-accessoire-medievaux\/hache-de-rick-cold-steel\/#primaryimage","url":"https:\/\/repliquemangacine.fr\/wp-content\/uploads\/2023\/10\/3913-Hache-de-Rick.jpg","contentUrl":"https:\/\/repliquemangacine.fr\/wp-content\/uploads\/2023\/10\/3913-Hache-de-Rick.jpg","width":800,"height":800,"caption":"Hache de Rick"},{"@type":"BreadcrumbList","@id":"https:\/\/repliquemangacine.fr\/haches-de-guerre-medievale-et-accessoire-medievaux\/hache-de-rick-cold-steel\/#breadcrumb","itemListElement":[{"@type":"ListItem","position":1,"name":"Accueil","item":"https:\/\/repliquemangacine.fr\/"},{"@type":"ListItem","position":2,"name":"Produits","item":"https:\/\/repliquemangacine.fr\/boutique\/"},{"@type":"ListItem","position":3,"name":"Hache de Rick Grimes Cold Steel"}]},{"@type":"WebSite","@id":"https:\/\/repliquemangacine.fr\/#website","url":"https:\/\/repliquemangacine.fr\/","name":"R\u00e9plique Manga Cin\u00e9","description":"","publisher":{"@id":"https:\/\/repliquemangacine.fr\/#organization"},"potentialAction":[{"@type":"SearchAction","target":{"@type":"EntryPoint","urlTemplate":"https:\/\/repliquemangacine.fr\/?s={search_term_string}"},"query-input":{"@type":"PropertyValueSpecification","valueRequired":true,"valueName":"search_term_string"}}],"inLanguage":"es"},{"@type":"Organization","@id":"https:\/\/repliquemangacine.fr\/#organization","name":"R\u00e9plique Manga Cin\u00e9","url":"https:\/\/repliquemangacine.fr\/","logo":{"@type":"ImageObject","inLanguage":"es","@id":"https:\/\/repliquemangacine.fr\/#\/schema\/logo\/image\/","url":"https:\/\/repliquemangacine.fr\/wp-content\/uploads\/2023\/10\/RMC-500250.png","contentUrl":"https:\/\/repliquemangacine.fr\/wp-content\/uploads\/2023\/10\/RMC-500250.png","width":500,"height":250,"caption":"R\u00e9plique Manga Cin\u00e9"},"image":{"@id":"https:\/\/repliquemangacine.fr\/#\/schema\/logo\/image\/"},"sameAs":["https:\/\/www.facebook.com\/RepliqueMangaCine","https:\/\/www.instagram.com\/repliquemangacine.fr\/"]}]}},"_links":{"self":[{"href":"https:\/\/repliquemangacine.fr\/es\/wp-json\/wp\/v2\/product\/29232","targetHints":{"allow":["GET"]}}],"collection":[{"href":"https:\/\/repliquemangacine.fr\/es\/wp-json\/wp\/v2\/product"}],"about":[{"href":"https:\/\/repliquemangacine.fr\/es\/wp-json\/wp\/v2\/types\/product"}],"wp:featuredmedia":[{"embeddable":true,"href":"https:\/\/repliquemangacine.fr\/es\/wp-json\/wp\/v2\/media\/29233"}],"wp:attachment":[{"href":"https:\/\/repliquemangacine.fr\/es\/wp-json\/wp\/v2\/media?parent=29232"}],"wp:term":[{"taxonomy":"product_brand","embeddable":true,"href":"https:\/\/repliquemangacine.fr\/es\/wp-json\/wp\/v2\/product_brand?post=29232"},{"taxonomy":"product_cat","embeddable":true,"href":"https:\/\/repliquemangacine.fr\/es\/wp-json\/wp\/v2\/product_cat?post=29232"},{"taxonomy":"product_tag","embeddable":true,"href":"https:\/\/repliquemangacine.fr\/es\/wp-json\/wp\/v2\/product_tag?post=29232"}],"curies":[{"name":"wp","href":"https:\/\/api.w.org\/{rel}","templated":true}]}}