





{"id":29227,"date":"2020-11-15T15:25:13","date_gmt":"2020-11-15T14:25:13","guid":{"rendered":"https:\/\/repliquemangacine.fr\/?post_type=product&#038;p=29227"},"modified":"2026-02-01T18:52:39","modified_gmt":"2026-02-01T17:52:39","slug":"doble-zangetsu-ichigo-bleach-zanpakuto","status":"publish","type":"product","link":"https:\/\/repliquemangacine.fr\/es\/katana-bleach\/double-zangetsu-ichigo-bleach-zanpakuto\/","title":{"rendered":"Doble Zangetsu Ichigo Bleach"},"content":{"rendered":"<h2>Doble Zanpakuto Zangetsu Ichigo Bleach<\/h2>\n<p>Para empezar, el <strong>Doble Zanpakuto Zangetsu Ichigo<\/strong> en Bleach es su zanpakuto liberada. Tomando la forma de dos espadas, una representando sus poderes Hollow a trav\u00e9s del White creado por Aizen y la otra representando sus poderes Quincy extra\u00eddos de la mente de Yhwach, a\u00fan los mantiene bajo liberaci\u00f3n constante.<\/p>\n<p><a href=\"https:\/\/bleach.fandom.com\/fr\/wiki\/Ichigo_Kurosaki#Zanpakut\u014d\" target=\"_blank\" rel=\"noopener noreferrer\">Ichigo Kurosaki<\/a> es un humano con la excepcional habilidad de distinguir a los fantasmas. Su vida da un vuelco cuando conoce a Rukia Kuchiki, quien le otorga sus poderes de Shinigami para salvar a su familia de un Hollow. Es el protagonista principal del manga Bleach.<\/p>\n<p>Ichigo es un luchador muy poderoso, incluso en su forma humana, capaz de intimidar a cuatro o cinco matones sin ning\u00fan problema, romperle siete dientes a alguien de un solo pu\u00f1etazo o incluso lanzar por los aires a un Arrancar de una patada.<\/p>\n<h2>Tu Zanpakuto Doble Zangetsu Ichigo al mejor precio.<\/h2>\n<p>Te ofrecemos una amplia selecci\u00f3n de r\u00e9plicas de tu manga animado favorito Bleach.<\/p>\n<p>Lo primero y m\u00e1s importante,<\/p>\n<ul>\n<li>Le <a href=\"https:\/\/repliquemangacine.fr\/es\/blanqueador-katana\/katana-byakuya-senbonzakura-bleach\/\">Katana Byakuya Senbonzakura<\/a> versi\u00f3n con vaina blanca, guarda especial.<\/li>\n<li>Tambi\u00e9n existe la <a href=\"https:\/\/repliquemangacine.fr\/es\/blanqueador-katana\/katana-sakanade-dhirako-shinji\/\">Katana Sakanade de Hirako Shinji<\/a>.<\/li>\n<li>As\u00ed como el <a href=\"https:\/\/repliquemangacine.fr\/es\/blanqueador-katana\/canne-benihime-kisuke-urahara-bleach\/\">Vara espada Benihime<\/a> por Kisuk\u00e9 Urahara.<\/li>\n<li>Y muchos m\u00e1s por descubrir en nuestra tienda en l\u00ednea.<\/li>\n<\/ul>\n<p>Por eso, aqu\u00ed tienes unas ideas fant\u00e1sticas para regalar a todos los fans del manga animado Bleach.<\/p>\n<p>En conclusi\u00f3n, es m\u00e1s interesante pedir el <strong>Doble Zanpakuto Zangetsu Ichigo<\/strong> Bleach para tus desfiles de Cosplay. Pero sobre todo, este Shikai es una pieza de colecci\u00f3n y decoraci\u00f3n. Venta prohibida a menores.<\/p>\n<h2>\u00bfC\u00f3mo se mantiene la hoja de la katana Bleach?<\/h2>\n<p>Las katanas de colecci\u00f3n y decorativas se fabrican y ensamblan de forma simplificada. Como su uso es decorativo, no cuentan con los elementos de seguridad exigidos a una espada japonesa destinada al entrenamiento.<\/p>\n<p>Sin embargo, su <strong>Doble Zanpakuto Zangetsu Ichigo<\/strong> a una hoja de acero que hay que cuidar para evitar que se estropee con el tiempo. Cuando exponga su katana, sus amigos sentir\u00e1n curiosidad por ver la hoja y tocarla. Aqu\u00ed es donde hay que tener cuidado, ya que la acidez de los dedos es muy perjudicial para el acero, sea cual sea su calidad.<\/p>\n<p>Sin embargo, si esto ocurre, no te asustes, todo lo que necesitas es un pa\u00f1o humedecido con un poco de aceite y limpiar las huellas dactilares. Si haces esto, tu espada durar\u00e1 mucho tiempo.<\/p>","protected":false},"excerpt":{"rendered":"<p>Doble Zanpakuto zangetsu \u00faltima versi\u00f3n daga + Shikai utilizado por Ichigo en Bleach.<\/p>\n<ul>\n<li>Cuchillas anchas de acero 440 preafiladas.<\/li>\n<li>Asas recubiertas de trenza de algod\u00f3n negro.<\/li>\n<li>Se suministran con sus respectivas fundas de polipiel negra.<\/li>\n<li>Longitud total daga: 59 cm - Longitud total espada: 103 cm<\/li>\n<\/ul>","protected":false},"featured_media":29228,"template":"","meta":[],"product_brand":[896],"product_cat":[30,23],"product_tag":[],"class_list":{"0":"post-29227","1":"product","2":"type-product","3":"status-publish","4":"has-post-thumbnail","6":"product_brand-replique-manga-cine","7":"product_cat-katana-bleach","8":"product_cat-repliques-manga-jeux-video","10":"first","11":"instock","12":"taxable","13":"shipping-taxable","14":"purchasable","15":"product-type-simple"},"yoast_head":"<!-- This site is optimized with the Yoast SEO plugin v27.4 - https:\/\/yoast.com\/product\/yoast-seo-wordpress\/ -->\n<title>Double Zanpakuto Zangetsu Ichigo - Bleach - Vente en ligne | RMC<\/title>\n<meta name=\"description\" content=\"Commandez vite ! Ce Double Zanpakuto Zangetsu Ichigo dans Bleach au meilleur prix. Lames acier - Longueur totale : 59cm et 103cm - Envoi 24\/48h\" \/>\n<meta name=\"robots\" content=\"index, follow, max-snippet:-1, max-image-preview:large, max-video-preview:-1\" \/>\n<link rel=\"canonical\" href=\"https:\/\/repliquemangacine.fr\/es\/blanqueador-katana\/doble-zangetsu-ichigo-bleach-zanpakuto\/\" \/>\n<meta property=\"og:locale\" content=\"es_ES\" \/>\n<meta property=\"og:type\" content=\"article\" \/>\n<meta property=\"og:title\" content=\"Double Zanpakuto Zangetsu Ichigo - Bleach - Vente en ligne | RMC\" \/>\n<meta property=\"og:description\" content=\"Commandez vite ! Ce Double Zanpakuto Zangetsu Ichigo dans Bleach au meilleur prix. Lames acier - Longueur totale : 59cm et 103cm - Envoi 24\/48h\" \/>\n<meta property=\"og:url\" content=\"https:\/\/repliquemangacine.fr\/es\/blanqueador-katana\/doble-zangetsu-ichigo-bleach-zanpakuto\/\" \/>\n<meta property=\"og:site_name\" content=\"R\u00e9plique Manga Cin\u00e9\" \/>\n<meta property=\"article:publisher\" content=\"https:\/\/www.facebook.com\/RepliqueMangaCine\" \/>\n<meta property=\"article:modified_time\" content=\"2026-02-01T17:52:39+00:00\" \/>\n<meta property=\"og:image\" content=\"https:\/\/repliquemangacine.fr\/wp-content\/uploads\/2023\/10\/3911-Double-Zanpakuto.jpg\" \/>\n\t<meta property=\"og:image:width\" content=\"800\" \/>\n\t<meta property=\"og:image:height\" content=\"800\" \/>\n\t<meta property=\"og:image:type\" content=\"image\/jpeg\" \/>\n<meta name=\"twitter:card\" content=\"summary_large_image\" \/>\n<meta name=\"twitter:label1\" content=\"Tiempo de lectura\" \/>\n\t<meta name=\"twitter:data1\" content=\"1 minuto\" \/>\n<script type=\"application\/ld+json\" class=\"yoast-schema-graph\">{\"@context\":\"https:\\\/\\\/schema.org\",\"@graph\":[{\"@type\":\"WebPage\",\"@id\":\"https:\\\/\\\/repliquemangacine.fr\\\/katana-bleach\\\/double-zangetsu-ichigo-bleach-zanpakuto\\\/\",\"url\":\"https:\\\/\\\/repliquemangacine.fr\\\/katana-bleach\\\/double-zangetsu-ichigo-bleach-zanpakuto\\\/\",\"name\":\"Double Zanpakuto Zangetsu Ichigo - Bleach - Vente en ligne | RMC\",\"isPartOf\":{\"@id\":\"https:\\\/\\\/repliquemangacine.fr\\\/#website\"},\"primaryImageOfPage\":{\"@id\":\"https:\\\/\\\/repliquemangacine.fr\\\/katana-bleach\\\/double-zangetsu-ichigo-bleach-zanpakuto\\\/#primaryimage\"},\"image\":{\"@id\":\"https:\\\/\\\/repliquemangacine.fr\\\/katana-bleach\\\/double-zangetsu-ichigo-bleach-zanpakuto\\\/#primaryimage\"},\"thumbnailUrl\":\"https:\\\/\\\/repliquemangacine.fr\\\/wp-content\\\/uploads\\\/2023\\\/10\\\/3911-Double-Zanpakuto.jpg\",\"datePublished\":\"2020-11-15T14:25:13+00:00\",\"dateModified\":\"2026-02-01T17:52:39+00:00\",\"description\":\"Commandez vite ! Ce Double Zanpakuto Zangetsu Ichigo dans Bleach au meilleur prix. Lames acier - Longueur totale : 59cm et 103cm - Envoi 24\\\/48h\",\"breadcrumb\":{\"@id\":\"https:\\\/\\\/repliquemangacine.fr\\\/katana-bleach\\\/double-zangetsu-ichigo-bleach-zanpakuto\\\/#breadcrumb\"},\"inLanguage\":\"es\",\"potentialAction\":[{\"@type\":\"ReadAction\",\"target\":[\"https:\\\/\\\/repliquemangacine.fr\\\/katana-bleach\\\/double-zangetsu-ichigo-bleach-zanpakuto\\\/\"]}]},{\"@type\":\"ImageObject\",\"inLanguage\":\"es\",\"@id\":\"https:\\\/\\\/repliquemangacine.fr\\\/katana-bleach\\\/double-zangetsu-ichigo-bleach-zanpakuto\\\/#primaryimage\",\"url\":\"https:\\\/\\\/repliquemangacine.fr\\\/wp-content\\\/uploads\\\/2023\\\/10\\\/3911-Double-Zanpakuto.jpg\",\"contentUrl\":\"https:\\\/\\\/repliquemangacine.fr\\\/wp-content\\\/uploads\\\/2023\\\/10\\\/3911-Double-Zanpakuto.jpg\",\"width\":800,\"height\":800,\"caption\":\"Double Zangetsu Ichigo Bleach\"},{\"@type\":\"BreadcrumbList\",\"@id\":\"https:\\\/\\\/repliquemangacine.fr\\\/katana-bleach\\\/double-zangetsu-ichigo-bleach-zanpakuto\\\/#breadcrumb\",\"itemListElement\":[{\"@type\":\"ListItem\",\"position\":1,\"name\":\"Accueil\",\"item\":\"https:\\\/\\\/repliquemangacine.fr\\\/\"},{\"@type\":\"ListItem\",\"position\":2,\"name\":\"Produits\",\"item\":\"https:\\\/\\\/repliquemangacine.fr\\\/boutique\\\/\"},{\"@type\":\"ListItem\",\"position\":3,\"name\":\"Double Zangetsu Ichigo Bleach\"}]},{\"@type\":\"WebSite\",\"@id\":\"https:\\\/\\\/repliquemangacine.fr\\\/#website\",\"url\":\"https:\\\/\\\/repliquemangacine.fr\\\/\",\"name\":\"R\u00e9plique Manga Cin\u00e9\",\"description\":\"\",\"publisher\":{\"@id\":\"https:\\\/\\\/repliquemangacine.fr\\\/#organization\"},\"potentialAction\":[{\"@type\":\"SearchAction\",\"target\":{\"@type\":\"EntryPoint\",\"urlTemplate\":\"https:\\\/\\\/repliquemangacine.fr\\\/?s={search_term_string}\"},\"query-input\":{\"@type\":\"PropertyValueSpecification\",\"valueRequired\":true,\"valueName\":\"search_term_string\"}}],\"inLanguage\":\"es\"},{\"@type\":\"Organization\",\"@id\":\"https:\\\/\\\/repliquemangacine.fr\\\/#organization\",\"name\":\"R\u00e9plique Manga Cin\u00e9\",\"url\":\"https:\\\/\\\/repliquemangacine.fr\\\/\",\"logo\":{\"@type\":\"ImageObject\",\"inLanguage\":\"es\",\"@id\":\"https:\\\/\\\/repliquemangacine.fr\\\/#\\\/schema\\\/logo\\\/image\\\/\",\"url\":\"https:\\\/\\\/repliquemangacine.fr\\\/wp-content\\\/uploads\\\/2023\\\/10\\\/RMC-500250.png\",\"contentUrl\":\"https:\\\/\\\/repliquemangacine.fr\\\/wp-content\\\/uploads\\\/2023\\\/10\\\/RMC-500250.png\",\"width\":500,\"height\":250,\"caption\":\"R\u00e9plique Manga Cin\u00e9\"},\"image\":{\"@id\":\"https:\\\/\\\/repliquemangacine.fr\\\/#\\\/schema\\\/logo\\\/image\\\/\"},\"sameAs\":[\"https:\\\/\\\/www.facebook.com\\\/RepliqueMangaCine\",\"https:\\\/\\\/www.instagram.com\\\/repliquemangacine.fr\\\/\"]}]}<\/script>\n<!-- \/ Yoast SEO plugin. -->","yoast_head_json":{"title":"Doble Zanpakuto Zangetsu Ichigo - Bleach - Venta en l\u00ednea | RMC","description":"\u00a1P\u00eddelo ya! Este Doble Zanpakuto Zangetsu Ichigo en Bleach al mejor precio. Hojas de acero - Longitud total: 59cm y 103cm - Env\u00edo 24\/48h","robots":{"index":"index","follow":"follow","max-snippet":"max-snippet:-1","max-image-preview":"max-image-preview:large","max-video-preview":"max-video-preview:-1"},"canonical":"https:\/\/repliquemangacine.fr\/es\/blanqueador-katana\/doble-zangetsu-ichigo-bleach-zanpakuto\/","og_locale":"es_ES","og_type":"article","og_title":"Double Zanpakuto Zangetsu Ichigo - Bleach - Vente en ligne | RMC","og_description":"Commandez vite ! Ce Double Zanpakuto Zangetsu Ichigo dans Bleach au meilleur prix. Lames acier - Longueur totale : 59cm et 103cm - Envoi 24\/48h","og_url":"https:\/\/repliquemangacine.fr\/es\/blanqueador-katana\/doble-zangetsu-ichigo-bleach-zanpakuto\/","og_site_name":"R\u00e9plique Manga Cin\u00e9","article_publisher":"https:\/\/www.facebook.com\/RepliqueMangaCine","article_modified_time":"2026-02-01T17:52:39+00:00","og_image":[{"width":800,"height":800,"url":"https:\/\/repliquemangacine.fr\/wp-content\/uploads\/2023\/10\/3911-Double-Zanpakuto.jpg","type":"image\/jpeg"}],"twitter_card":"summary_large_image","twitter_misc":{"Tiempo de lectura":"1 minuto"},"schema":{"@context":"https:\/\/schema.org","@graph":[{"@type":"WebPage","@id":"https:\/\/repliquemangacine.fr\/katana-bleach\/double-zangetsu-ichigo-bleach-zanpakuto\/","url":"https:\/\/repliquemangacine.fr\/katana-bleach\/double-zangetsu-ichigo-bleach-zanpakuto\/","name":"Doble Zanpakuto Zangetsu Ichigo - Bleach - Venta en l\u00ednea | RMC","isPartOf":{"@id":"https:\/\/repliquemangacine.fr\/#website"},"primaryImageOfPage":{"@id":"https:\/\/repliquemangacine.fr\/katana-bleach\/double-zangetsu-ichigo-bleach-zanpakuto\/#primaryimage"},"image":{"@id":"https:\/\/repliquemangacine.fr\/katana-bleach\/double-zangetsu-ichigo-bleach-zanpakuto\/#primaryimage"},"thumbnailUrl":"https:\/\/repliquemangacine.fr\/wp-content\/uploads\/2023\/10\/3911-Double-Zanpakuto.jpg","datePublished":"2020-11-15T14:25:13+00:00","dateModified":"2026-02-01T17:52:39+00:00","description":"\u00a1P\u00eddelo ya! Este Doble Zanpakuto Zangetsu Ichigo en Bleach al mejor precio. Hojas de acero - Longitud total: 59cm y 103cm - Env\u00edo 24\/48h","breadcrumb":{"@id":"https:\/\/repliquemangacine.fr\/katana-bleach\/double-zangetsu-ichigo-bleach-zanpakuto\/#breadcrumb"},"inLanguage":"es","potentialAction":[{"@type":"ReadAction","target":["https:\/\/repliquemangacine.fr\/katana-bleach\/double-zangetsu-ichigo-bleach-zanpakuto\/"]}]},{"@type":"ImageObject","inLanguage":"es","@id":"https:\/\/repliquemangacine.fr\/katana-bleach\/double-zangetsu-ichigo-bleach-zanpakuto\/#primaryimage","url":"https:\/\/repliquemangacine.fr\/wp-content\/uploads\/2023\/10\/3911-Double-Zanpakuto.jpg","contentUrl":"https:\/\/repliquemangacine.fr\/wp-content\/uploads\/2023\/10\/3911-Double-Zanpakuto.jpg","width":800,"height":800,"caption":"Double Zangetsu Ichigo Bleach"},{"@type":"BreadcrumbList","@id":"https:\/\/repliquemangacine.fr\/katana-bleach\/double-zangetsu-ichigo-bleach-zanpakuto\/#breadcrumb","itemListElement":[{"@type":"ListItem","position":1,"name":"Accueil","item":"https:\/\/repliquemangacine.fr\/"},{"@type":"ListItem","position":2,"name":"Produits","item":"https:\/\/repliquemangacine.fr\/boutique\/"},{"@type":"ListItem","position":3,"name":"Double Zangetsu Ichigo Bleach"}]},{"@type":"WebSite","@id":"https:\/\/repliquemangacine.fr\/#website","url":"https:\/\/repliquemangacine.fr\/","name":"R\u00e9plique Manga Cin\u00e9","description":"","publisher":{"@id":"https:\/\/repliquemangacine.fr\/#organization"},"potentialAction":[{"@type":"SearchAction","target":{"@type":"EntryPoint","urlTemplate":"https:\/\/repliquemangacine.fr\/?s={search_term_string}"},"query-input":{"@type":"PropertyValueSpecification","valueRequired":true,"valueName":"search_term_string"}}],"inLanguage":"es"},{"@type":"Organization","@id":"https:\/\/repliquemangacine.fr\/#organization","name":"R\u00e9plique Manga Cin\u00e9","url":"https:\/\/repliquemangacine.fr\/","logo":{"@type":"ImageObject","inLanguage":"es","@id":"https:\/\/repliquemangacine.fr\/#\/schema\/logo\/image\/","url":"https:\/\/repliquemangacine.fr\/wp-content\/uploads\/2023\/10\/RMC-500250.png","contentUrl":"https:\/\/repliquemangacine.fr\/wp-content\/uploads\/2023\/10\/RMC-500250.png","width":500,"height":250,"caption":"R\u00e9plique Manga Cin\u00e9"},"image":{"@id":"https:\/\/repliquemangacine.fr\/#\/schema\/logo\/image\/"},"sameAs":["https:\/\/www.facebook.com\/RepliqueMangaCine","https:\/\/www.instagram.com\/repliquemangacine.fr\/"]}]}},"_links":{"self":[{"href":"https:\/\/repliquemangacine.fr\/es\/wp-json\/wp\/v2\/product\/29227","targetHints":{"allow":["GET"]}}],"collection":[{"href":"https:\/\/repliquemangacine.fr\/es\/wp-json\/wp\/v2\/product"}],"about":[{"href":"https:\/\/repliquemangacine.fr\/es\/wp-json\/wp\/v2\/types\/product"}],"wp:featuredmedia":[{"embeddable":true,"href":"https:\/\/repliquemangacine.fr\/es\/wp-json\/wp\/v2\/media\/29228"}],"wp:attachment":[{"href":"https:\/\/repliquemangacine.fr\/es\/wp-json\/wp\/v2\/media?parent=29227"}],"wp:term":[{"taxonomy":"product_brand","embeddable":true,"href":"https:\/\/repliquemangacine.fr\/es\/wp-json\/wp\/v2\/product_brand?post=29227"},{"taxonomy":"product_cat","embeddable":true,"href":"https:\/\/repliquemangacine.fr\/es\/wp-json\/wp\/v2\/product_cat?post=29227"},{"taxonomy":"product_tag","embeddable":true,"href":"https:\/\/repliquemangacine.fr\/es\/wp-json\/wp\/v2\/product_tag?post=29227"}],"curies":[{"name":"wp","href":"https:\/\/api.w.org\/{rel}","templated":true}]}}