





{"id":29208,"date":"2020-11-14T18:15:24","date_gmt":"2020-11-14T17:15:24","guid":{"rendered":"https:\/\/repliquemangacine.fr\/?post_type=product&#038;p=29208"},"modified":"2026-04-15T12:56:59","modified_gmt":"2026-04-15T10:56:59","slug":"coach-gun-1868-escopeta-de-doble-canon","status":"publish","type":"product","link":"https:\/\/repliquemangacine.fr\/es\/repliques-carabine-winchester-western\/fusil-double-canon-coupe-coach-gun-1868\/","title":{"rendered":"Escopeta de doble ca\u00f1\u00f3n recortado"},"content":{"rendered":"<h2>1868 Wyatt Earp escopeta de doble ca\u00f1\u00f3n recortado - Denix<\/h2>\n<p>Para empezar, el <strong>Escopeta de doble ca\u00f1\u00f3n recortado<\/strong> 1868, utilizada por Wyatt Earp para matar a Frank Stilwell. Uno de los asesinos de su hermano Morgan. Coach Gun es el nombre que reciben estas armas, las preferidas por los conductores de diligencias en Estados Unidos.<\/p>\n<p>El alguacil Wyatt Earp, famoso en el oeste americano por su extrema tenacidad frente a quienes violaban la ley. Participantes en el tiroteo del O.K. Corral en Tombstone, junto con Doc Holliday y sus hermanos.<\/p>\n<p>Hollywood se apropia de este modelo. Lo vemos en \u00abEl duelo de los centavos\u00bb con Kirk Douglas, luego en \u00abTombstone\u00bb y, por supuesto, en la pel\u00edcula \u00abWyatt Earp\u00bb, entre otras.<\/p>\n<p>Por \u00faltimo, la versi\u00f3n recortada fue utilizada por el famoso ayudante del sheriff Doc Holliday. Utilizaba un modelo con ca\u00f1ones recortados de 25 cm de longitud, hasta la aparici\u00f3n de las escopetas de bombeo hacia 1900.<\/p>\n<h2>Tu escopeta recortada de doble ca\u00f1\u00f3n al mejor precio.<\/h2>\n<p>Ofrecemos una amplia gama de reproducciones de armas del oeste.<\/p>\n<p>Lo primero y m\u00e1s importante,<\/p>\n<ul>\n<li>Le <a href=\"https:\/\/repliquemangacine.fr\/es\/rifle-winchester-western-country\/fusil-kentucky-148cm-denix\/\">Fusil Kentucky 148 cm<\/a> es un arma t\u00edpica de trampero.<\/li>\n<li>Adem\u00e1s del famoso <a href=\"https:\/\/repliquemangacine.fr\/es\/rifle-winchester\/rifle-henry-guerra-civil-eeuu-1860\/\">Rifle Henry 1860<\/a> de la Guerra Civil estadounidense.<\/li>\n<li>Y muchos m\u00e1s por descubrir en nuestra tienda en l\u00ednea.<\/li>\n<\/ul>\n<p>Por eso, aqu\u00ed tienes unas ideas geniales de regalos para todos los fans del western.<\/p>\n<p>En conclusi\u00f3n, puede utilizar el <strong>Escopeta de doble ca\u00f1\u00f3n recortado<\/strong> 1868 para sus representaciones de western. Pero, ante todo, esta reproducci\u00f3n es un arma de colecci\u00f3n y decoraci\u00f3n.<\/p>\n<p>R\u00e9plique Manga Cin\u00e9 es una empresa familiar francesa y distribuidor oficial de <a href=\"https:\/\/www.denix.fr\/fr\/catalogue\/guerre-civile-occidentale-et-americaine-1861-1899\/pistolets\/1114\/\" target=\"_blank\" rel=\"noopener noreferrer\">Denix<\/a>.<\/p>\n<h2>\u00bfC\u00f3mo se fabrican las r\u00e9plicas de armas Denix?<\/h2>\n<p>Utilizadas en recreaciones hist\u00f3ricas, pel\u00edculas, series y por coleccionistas. Las reproducciones Denix est\u00e1n fabricadas con materiales de alta calidad. Cuidadosamente elaboradas y ensambladas para crear armas de colecci\u00f3n realistas.<\/p>\n<ul>\n<li>Los metales se encuentran en una aleaci\u00f3n met\u00e1lica conocida como Zamac, cuya composici\u00f3n b\u00e1sica es zinc en 95%.<\/li>\n<li>Las piezas de pl\u00e1stico de las r\u00e9plicas son de ABS moldeado, que ofrece una gran resistencia.<\/li>\n<li>Las maderas elegidas por su belleza y durabilidad, como la caoba, el olivo o el nogal, dar\u00e1n a sus culatas y barricas un aspecto elegante y aut\u00e9ntico.<\/li>\n<\/ul>\n<p>Cabe se\u00f1alar que todas las reproducciones Denix son id\u00e9nticas a los originales, como su <strong>Escopeta de doble ca\u00f1\u00f3n recortado<\/strong>.<\/p>","protected":false},"excerpt":{"rendered":"<p>Id\u00e9ntica a la original, reproducci\u00f3n de los ca\u00f1ones serrados Coach Gun.<\/p>\n<ul>\n<li>Culata de madera maciza.<\/li>\n<li>Ca\u00f1\u00f3n met\u00e1lico basculante y aserrado de lado a lado.<\/li>\n<li>Relajaci\u00f3n y perros m\u00f3viles.<\/li>\n<li>Armas y huelgas.<\/li>\n<li>No apto para disparar.<\/li>\n<li>No se requiere autorizaci\u00f3n. Venta y posesi\u00f3n libres.<\/li>\n<li>Longitud: 52,5 cm - Peso: 1.834 g<\/li>\n<\/ul>","protected":false},"featured_media":29209,"template":"","meta":[],"product_brand":[896],"product_cat":[34,39,86,33,102,28,101,27],"product_tag":[],"class_list":{"0":"post-29208","1":"product","2":"type-product","3":"status-publish","4":"has-post-thumbnail","6":"product_brand-replique-manga-cine","7":"product_cat-armes-westerns","8":"product_cat-carabine-winchester","9":"product_cat-repliques-carabine-winchester-western","10":"product_cat-colt-pistolet","11":"product_cat-denix","12":"product_cat-repliques-darmes","13":"product_cat-soldes","14":"product_cat-armes-et-accessoires-western","16":"first","17":"instock","18":"sale","19":"taxable","20":"shipping-taxable","21":"purchasable","22":"product-type-simple"},"yoast_head":"<!-- This site is optimized with the Yoast SEO plugin v27.4 - https:\/\/yoast.com\/product\/yoast-seo-wordpress\/ -->\n<title>Fusil double canon sci\u00e9 - Coach Gun | R\u00e9plique Manga Cin\u00e9<\/title>\n<meta name=\"description\" content=\"Offrez-lui ! Cette reproduction du Fusil double canon sci\u00e9 au meilleur prix - Carcasse en zamac - Crosse en bois - Canon sci\u00e9 - Longueur totale : 52.5 cm\" \/>\n<meta name=\"robots\" content=\"index, follow, max-snippet:-1, max-image-preview:large, max-video-preview:-1\" \/>\n<link rel=\"canonical\" href=\"https:\/\/repliquemangacine.fr\/es\/replica-de-rifle-winchester-western\/coach-gun-1868-escopeta-de-doble-canon\/\" \/>\n<meta property=\"og:locale\" content=\"es_ES\" \/>\n<meta property=\"og:type\" content=\"article\" \/>\n<meta property=\"og:title\" content=\"Fusil double canon sci\u00e9 - Coach Gun | R\u00e9plique Manga Cin\u00e9\" \/>\n<meta property=\"og:description\" content=\"Offrez-lui ! Cette reproduction du Fusil double canon sci\u00e9 au meilleur prix - Carcasse en zamac - Crosse en bois - Canon sci\u00e9 - Longueur totale : 52.5 cm\" \/>\n<meta property=\"og:url\" content=\"https:\/\/repliquemangacine.fr\/es\/replica-de-rifle-winchester-western\/coach-gun-1868-escopeta-de-doble-canon\/\" \/>\n<meta property=\"og:site_name\" content=\"R\u00e9plique Manga Cin\u00e9\" \/>\n<meta property=\"article:publisher\" content=\"https:\/\/www.facebook.com\/RepliqueMangaCine\" \/>\n<meta property=\"article:modified_time\" content=\"2026-04-15T10:56:59+00:00\" \/>\n<meta property=\"og:image\" content=\"https:\/\/repliquemangacine.fr\/wp-content\/uploads\/2023\/10\/3893-Coach-Gun-USA-1868.jpg\" \/>\n\t<meta property=\"og:image:width\" content=\"800\" \/>\n\t<meta property=\"og:image:height\" content=\"800\" \/>\n\t<meta property=\"og:image:type\" content=\"image\/jpeg\" \/>\n<meta name=\"twitter:card\" content=\"summary_large_image\" \/>\n<meta name=\"twitter:label1\" content=\"Tiempo de lectura\" \/>\n\t<meta name=\"twitter:data1\" content=\"2 minutos\" \/>\n<script type=\"application\/ld+json\" class=\"yoast-schema-graph\">{\"@context\":\"https:\\\/\\\/schema.org\",\"@graph\":[{\"@type\":\"WebPage\",\"@id\":\"https:\\\/\\\/repliquemangacine.fr\\\/repliques-carabine-winchester-western\\\/fusil-double-canon-coupe-coach-gun-1868\\\/\",\"url\":\"https:\\\/\\\/repliquemangacine.fr\\\/repliques-carabine-winchester-western\\\/fusil-double-canon-coupe-coach-gun-1868\\\/\",\"name\":\"Fusil double canon sci\u00e9 - Coach Gun | R\u00e9plique Manga Cin\u00e9\",\"isPartOf\":{\"@id\":\"https:\\\/\\\/repliquemangacine.fr\\\/#website\"},\"primaryImageOfPage\":{\"@id\":\"https:\\\/\\\/repliquemangacine.fr\\\/repliques-carabine-winchester-western\\\/fusil-double-canon-coupe-coach-gun-1868\\\/#primaryimage\"},\"image\":{\"@id\":\"https:\\\/\\\/repliquemangacine.fr\\\/repliques-carabine-winchester-western\\\/fusil-double-canon-coupe-coach-gun-1868\\\/#primaryimage\"},\"thumbnailUrl\":\"https:\\\/\\\/repliquemangacine.fr\\\/wp-content\\\/uploads\\\/2023\\\/10\\\/3893-Coach-Gun-USA-1868.jpg\",\"datePublished\":\"2020-11-14T17:15:24+00:00\",\"dateModified\":\"2026-04-15T10:56:59+00:00\",\"description\":\"Offrez-lui ! Cette reproduction du Fusil double canon sci\u00e9 au meilleur prix - Carcasse en zamac - Crosse en bois - Canon sci\u00e9 - Longueur totale : 52.5 cm\",\"breadcrumb\":{\"@id\":\"https:\\\/\\\/repliquemangacine.fr\\\/repliques-carabine-winchester-western\\\/fusil-double-canon-coupe-coach-gun-1868\\\/#breadcrumb\"},\"inLanguage\":\"es\",\"potentialAction\":[{\"@type\":\"ReadAction\",\"target\":[\"https:\\\/\\\/repliquemangacine.fr\\\/repliques-carabine-winchester-western\\\/fusil-double-canon-coupe-coach-gun-1868\\\/\"]}]},{\"@type\":\"ImageObject\",\"inLanguage\":\"es\",\"@id\":\"https:\\\/\\\/repliquemangacine.fr\\\/repliques-carabine-winchester-western\\\/fusil-double-canon-coupe-coach-gun-1868\\\/#primaryimage\",\"url\":\"https:\\\/\\\/repliquemangacine.fr\\\/wp-content\\\/uploads\\\/2023\\\/10\\\/3893-Coach-Gun-USA-1868.jpg\",\"contentUrl\":\"https:\\\/\\\/repliquemangacine.fr\\\/wp-content\\\/uploads\\\/2023\\\/10\\\/3893-Coach-Gun-USA-1868.jpg\",\"width\":800,\"height\":800,\"caption\":\"Fusil double canon coup\u00e9 Coach Gun USA 1868\"},{\"@type\":\"BreadcrumbList\",\"@id\":\"https:\\\/\\\/repliquemangacine.fr\\\/repliques-carabine-winchester-western\\\/fusil-double-canon-coupe-coach-gun-1868\\\/#breadcrumb\",\"itemListElement\":[{\"@type\":\"ListItem\",\"position\":1,\"name\":\"Accueil\",\"item\":\"https:\\\/\\\/repliquemangacine.fr\\\/\"},{\"@type\":\"ListItem\",\"position\":2,\"name\":\"Produits\",\"item\":\"https:\\\/\\\/repliquemangacine.fr\\\/boutique\\\/\"},{\"@type\":\"ListItem\",\"position\":3,\"name\":\"Fusil double canon sci\u00e9\"}]},{\"@type\":\"WebSite\",\"@id\":\"https:\\\/\\\/repliquemangacine.fr\\\/#website\",\"url\":\"https:\\\/\\\/repliquemangacine.fr\\\/\",\"name\":\"R\u00e9plique Manga Cin\u00e9\",\"description\":\"\",\"publisher\":{\"@id\":\"https:\\\/\\\/repliquemangacine.fr\\\/#organization\"},\"potentialAction\":[{\"@type\":\"SearchAction\",\"target\":{\"@type\":\"EntryPoint\",\"urlTemplate\":\"https:\\\/\\\/repliquemangacine.fr\\\/?s={search_term_string}\"},\"query-input\":{\"@type\":\"PropertyValueSpecification\",\"valueRequired\":true,\"valueName\":\"search_term_string\"}}],\"inLanguage\":\"es\"},{\"@type\":\"Organization\",\"@id\":\"https:\\\/\\\/repliquemangacine.fr\\\/#organization\",\"name\":\"R\u00e9plique Manga Cin\u00e9\",\"url\":\"https:\\\/\\\/repliquemangacine.fr\\\/\",\"logo\":{\"@type\":\"ImageObject\",\"inLanguage\":\"es\",\"@id\":\"https:\\\/\\\/repliquemangacine.fr\\\/#\\\/schema\\\/logo\\\/image\\\/\",\"url\":\"https:\\\/\\\/repliquemangacine.fr\\\/wp-content\\\/uploads\\\/2023\\\/10\\\/RMC-500250.png\",\"contentUrl\":\"https:\\\/\\\/repliquemangacine.fr\\\/wp-content\\\/uploads\\\/2023\\\/10\\\/RMC-500250.png\",\"width\":500,\"height\":250,\"caption\":\"R\u00e9plique Manga Cin\u00e9\"},\"image\":{\"@id\":\"https:\\\/\\\/repliquemangacine.fr\\\/#\\\/schema\\\/logo\\\/image\\\/\"},\"sameAs\":[\"https:\\\/\\\/www.facebook.com\\\/RepliqueMangaCine\",\"https:\\\/\\\/www.instagram.com\\\/repliquemangacine.fr\\\/\"]}]}<\/script>\n<!-- \/ Yoast SEO plugin. -->","yoast_head_json":{"title":"Escopeta de doble ca\u00f1\u00f3n recortado - Coach Gun | R\u00e9plique Manga Cin\u00e9","description":"\u00a1Reg\u00e1lala! Esta reproducci\u00f3n de escopeta de ca\u00f1\u00f3n doble aserrado al mejor precio - Armaz\u00f3n de zamac - Culata de madera - Ca\u00f1\u00f3n aserrado - Longitud total: 52,5 cm","robots":{"index":"index","follow":"follow","max-snippet":"max-snippet:-1","max-image-preview":"max-image-preview:large","max-video-preview":"max-video-preview:-1"},"canonical":"https:\/\/repliquemangacine.fr\/es\/replica-de-rifle-winchester-western\/coach-gun-1868-escopeta-de-doble-canon\/","og_locale":"es_ES","og_type":"article","og_title":"Fusil double canon sci\u00e9 - Coach Gun | R\u00e9plique Manga Cin\u00e9","og_description":"Offrez-lui ! Cette reproduction du Fusil double canon sci\u00e9 au meilleur prix - Carcasse en zamac - Crosse en bois - Canon sci\u00e9 - Longueur totale : 52.5 cm","og_url":"https:\/\/repliquemangacine.fr\/es\/replica-de-rifle-winchester-western\/coach-gun-1868-escopeta-de-doble-canon\/","og_site_name":"R\u00e9plique Manga Cin\u00e9","article_publisher":"https:\/\/www.facebook.com\/RepliqueMangaCine","article_modified_time":"2026-04-15T10:56:59+00:00","og_image":[{"width":800,"height":800,"url":"https:\/\/repliquemangacine.fr\/wp-content\/uploads\/2023\/10\/3893-Coach-Gun-USA-1868.jpg","type":"image\/jpeg"}],"twitter_card":"summary_large_image","twitter_misc":{"Tiempo de lectura":"2 minutos"},"schema":{"@context":"https:\/\/schema.org","@graph":[{"@type":"WebPage","@id":"https:\/\/repliquemangacine.fr\/repliques-carabine-winchester-western\/fusil-double-canon-coupe-coach-gun-1868\/","url":"https:\/\/repliquemangacine.fr\/repliques-carabine-winchester-western\/fusil-double-canon-coupe-coach-gun-1868\/","name":"Escopeta de doble ca\u00f1\u00f3n recortado - Coach Gun | R\u00e9plique Manga Cin\u00e9","isPartOf":{"@id":"https:\/\/repliquemangacine.fr\/#website"},"primaryImageOfPage":{"@id":"https:\/\/repliquemangacine.fr\/repliques-carabine-winchester-western\/fusil-double-canon-coupe-coach-gun-1868\/#primaryimage"},"image":{"@id":"https:\/\/repliquemangacine.fr\/repliques-carabine-winchester-western\/fusil-double-canon-coupe-coach-gun-1868\/#primaryimage"},"thumbnailUrl":"https:\/\/repliquemangacine.fr\/wp-content\/uploads\/2023\/10\/3893-Coach-Gun-USA-1868.jpg","datePublished":"2020-11-14T17:15:24+00:00","dateModified":"2026-04-15T10:56:59+00:00","description":"\u00a1Reg\u00e1lala! Esta reproducci\u00f3n de escopeta de ca\u00f1\u00f3n doble aserrado al mejor precio - Armaz\u00f3n de zamac - Culata de madera - Ca\u00f1\u00f3n aserrado - Longitud total: 52,5 cm","breadcrumb":{"@id":"https:\/\/repliquemangacine.fr\/repliques-carabine-winchester-western\/fusil-double-canon-coupe-coach-gun-1868\/#breadcrumb"},"inLanguage":"es","potentialAction":[{"@type":"ReadAction","target":["https:\/\/repliquemangacine.fr\/repliques-carabine-winchester-western\/fusil-double-canon-coupe-coach-gun-1868\/"]}]},{"@type":"ImageObject","inLanguage":"es","@id":"https:\/\/repliquemangacine.fr\/repliques-carabine-winchester-western\/fusil-double-canon-coupe-coach-gun-1868\/#primaryimage","url":"https:\/\/repliquemangacine.fr\/wp-content\/uploads\/2023\/10\/3893-Coach-Gun-USA-1868.jpg","contentUrl":"https:\/\/repliquemangacine.fr\/wp-content\/uploads\/2023\/10\/3893-Coach-Gun-USA-1868.jpg","width":800,"height":800,"caption":"Fusil double canon coup\u00e9 Coach Gun USA 1868"},{"@type":"BreadcrumbList","@id":"https:\/\/repliquemangacine.fr\/repliques-carabine-winchester-western\/fusil-double-canon-coupe-coach-gun-1868\/#breadcrumb","itemListElement":[{"@type":"ListItem","position":1,"name":"Accueil","item":"https:\/\/repliquemangacine.fr\/"},{"@type":"ListItem","position":2,"name":"Produits","item":"https:\/\/repliquemangacine.fr\/boutique\/"},{"@type":"ListItem","position":3,"name":"Fusil double canon sci\u00e9"}]},{"@type":"WebSite","@id":"https:\/\/repliquemangacine.fr\/#website","url":"https:\/\/repliquemangacine.fr\/","name":"R\u00e9plique Manga Cin\u00e9","description":"","publisher":{"@id":"https:\/\/repliquemangacine.fr\/#organization"},"potentialAction":[{"@type":"SearchAction","target":{"@type":"EntryPoint","urlTemplate":"https:\/\/repliquemangacine.fr\/?s={search_term_string}"},"query-input":{"@type":"PropertyValueSpecification","valueRequired":true,"valueName":"search_term_string"}}],"inLanguage":"es"},{"@type":"Organization","@id":"https:\/\/repliquemangacine.fr\/#organization","name":"R\u00e9plique Manga Cin\u00e9","url":"https:\/\/repliquemangacine.fr\/","logo":{"@type":"ImageObject","inLanguage":"es","@id":"https:\/\/repliquemangacine.fr\/#\/schema\/logo\/image\/","url":"https:\/\/repliquemangacine.fr\/wp-content\/uploads\/2023\/10\/RMC-500250.png","contentUrl":"https:\/\/repliquemangacine.fr\/wp-content\/uploads\/2023\/10\/RMC-500250.png","width":500,"height":250,"caption":"R\u00e9plique Manga Cin\u00e9"},"image":{"@id":"https:\/\/repliquemangacine.fr\/#\/schema\/logo\/image\/"},"sameAs":["https:\/\/www.facebook.com\/RepliqueMangaCine","https:\/\/www.instagram.com\/repliquemangacine.fr\/"]}]}},"_links":{"self":[{"href":"https:\/\/repliquemangacine.fr\/es\/wp-json\/wp\/v2\/product\/29208","targetHints":{"allow":["GET"]}}],"collection":[{"href":"https:\/\/repliquemangacine.fr\/es\/wp-json\/wp\/v2\/product"}],"about":[{"href":"https:\/\/repliquemangacine.fr\/es\/wp-json\/wp\/v2\/types\/product"}],"wp:featuredmedia":[{"embeddable":true,"href":"https:\/\/repliquemangacine.fr\/es\/wp-json\/wp\/v2\/media\/29209"}],"wp:attachment":[{"href":"https:\/\/repliquemangacine.fr\/es\/wp-json\/wp\/v2\/media?parent=29208"}],"wp:term":[{"taxonomy":"product_brand","embeddable":true,"href":"https:\/\/repliquemangacine.fr\/es\/wp-json\/wp\/v2\/product_brand?post=29208"},{"taxonomy":"product_cat","embeddable":true,"href":"https:\/\/repliquemangacine.fr\/es\/wp-json\/wp\/v2\/product_cat?post=29208"},{"taxonomy":"product_tag","embeddable":true,"href":"https:\/\/repliquemangacine.fr\/es\/wp-json\/wp\/v2\/product_tag?post=29208"}],"curies":[{"name":"wp","href":"https:\/\/api.w.org\/{rel}","templated":true}]}}