





{"id":29192,"date":"2020-11-07T18:42:28","date_gmt":"2020-11-07T17:42:28","guid":{"rendered":"https:\/\/repliquemangacine.fr\/?post_type=product&#038;p=29192"},"modified":"2026-03-21T07:42:54","modified_gmt":"2026-03-21T06:42:54","slug":"bayoneta-mauser-k98","status":"publish","type":"product","link":"https:\/\/repliquemangacine.fr\/es\/dagues-et-accessoires-seconde-guerre-mondiale-materiels-militaria\/baionnette-mauser-k98\/","title":{"rendered":"BAYONETA MAUSER K98"},"content":{"rendered":"<h2>Bayoneta Mauser k98<\/h2>\n<p>Para empezar, el <strong>Bayoneta Mauser k98<\/strong>, el accesorio indispensable para su rifle alem\u00e1n.<\/p>\n<p>Con la introducci\u00f3n del fusil K98 k, los alemanes desarrollaron una nueva bayoneta, cuyos primeros ejemplares estuvieron disponibles en 1934. La producci\u00f3n se intensific\u00f3 en 1936 y se distribuy\u00f3 a todos los soldados de la Wehrmacht y las Waffen SS.<\/p>\n<p>Cabe destacar que el fusil Mauser k98 o karabiner 98k (a menudo abreviado como K98k, K98) es un arma de repetici\u00f3n manual con cerrojo fabricada por la empresa Mauser Waffenfabrik. Adoptada en 1935 por el ej\u00e9rcito alem\u00e1n.<\/p>\n<p>Por otra parte, todos los soldados alemanes est\u00e1n equipados con el fusil K98. Un arma segura y fiable, que funciona sin problemas.<\/p>\n<h2>Tu Bayoneta Mauser K98 al mejor precio.<\/h2>\n<p>Le ofrecemos una amplia selecci\u00f3n de accesorios militares de la Segunda Guerra Mundial.<\/p>\n<p>Lo primero y m\u00e1s importante,<\/p>\n<ul>\n<li>Le <a href=\"https:\/\/repliquemangacine.fr\/es\/armas-segunda-guerra-mundial\/fusil-mauser-k98\/\">Fusil Mauser K98<\/a> para su cuchillo bayoneta.<\/li>\n<li>Adem\u00e1s de balas Mauser falsas para completar tu artiller\u00eda.<\/li>\n<li>Y mucho m\u00e1s por descubrir en nuestra tienda en l\u00ednea.<\/li>\n<\/ul>\n<p>Por eso, esta es una magn\u00edfica idea de regalo para todos los amantes de las historias.<\/p>\n<p>En conclusi\u00f3n, puede utilizar el <strong>Bayoneta Mauser K98<\/strong> para tus desfiles de cosplay o veladas tem\u00e1ticas. Pero sobre todo, esta espada es una pieza de coleccionista y una pieza decorativa.<\/p>\n<p>R\u00e9plique Manga Cin\u00e9 es una empresa familiar francesa y distribuidor oficial de <a href=\"https:\/\/www.denix.fr\/\" target=\"_blank\" rel=\"noopener noreferrer\">Denix<\/a><\/p>\n<h2>\u00bfC\u00f3mo se mantiene la hoja del cuchillo?<\/h2>\n<p>Los cuchillos de colecci\u00f3n y decorativos se fabrican y ensamblan de forma simplificada. Dado que su uso es decorativo, no cuentan con los elementos de seguridad necesarios para un sable japon\u00e9s destinado al entrenamiento.<\/p>\n<p>Sin embargo, su <strong>Bayoneta Mauser K98<\/strong> una hoja de acero que hay que cuidar para evitar que se estropee con el tiempo. De hecho, vas a exponer tu cuchillo, tus amigos sentir\u00e1n curiosidad por ver la hoja y tocarla. Ah\u00ed es donde hay que tener cuidado, hay que saber que la acidez de los dedos es muy perjudicial para el acero, independientemente de su calidad.<\/p>\n<p>Sin embargo, si esto ocurre, no se preocupe, solo tiene que humedecer un pa\u00f1o con un poco de aceite y limpiar las huellas dactilares. De esta forma, conservar\u00e1 su cuchillo durante mucho tiempo.<\/p>","protected":false},"excerpt":{"rendered":"<p>R\u00e9plica de la bayoneta alemana original.<\/p>\n<ul>\n<li>Hoja de acero con ranura.<\/li>\n<li>Mango con punta met\u00e1lica.<\/li>\n<li>Muesca para ajustar al rifle.<\/li>\n<li>Vaina met\u00e1lica con clip.<\/li>\n<\/ul>\n<p>Longitud hoja: 24 cm - Longitud total: 38 cm - Peso: 500 Grs<\/p>\n<p><strong>Venta prohibida a menores<\/strong><\/p>","protected":false},"featured_media":29193,"template":"","meta":[],"product_brand":[896],"product_cat":[25,54,85],"product_tag":[],"class_list":{"0":"post-29192","1":"product","2":"type-product","3":"status-publish","4":"has-post-thumbnail","6":"product_brand-replique-manga-cine","7":"product_cat-armes-historiques","8":"product_cat-armes-accessoires-guerre-mondiale","9":"product_cat-dagues-et-accessoires-seconde-guerre-mondiale-materiels-militaria","11":"first","12":"outofstock","13":"taxable","14":"shipping-taxable","15":"purchasable","16":"product-type-simple"},"yoast_head":"<!-- This site is optimized with the Yoast SEO plugin v27.4 - https:\/\/yoast.com\/product\/yoast-seo-wordpress\/ -->\n<title>Ba\u00efonnette Mauser K98 - Boutique en ligne | R\u00e9plique Manga Cin\u00e9<\/title>\n<meta name=\"description\" content=\"Offrez-vous votre Ba\u00efonnette Mauser K98 au meilleur prix - Lame en acier avec gorge - Fourreau m\u00e9tal avec clip - Longueur totale : 38 cm - Poids : 500 grs\" \/>\n<meta name=\"robots\" content=\"index, follow, max-snippet:-1, max-image-preview:large, max-video-preview:-1\" \/>\n<link rel=\"canonical\" href=\"https:\/\/repliquemangacine.fr\/es\/dagas-y-accesorios-material-militar-segunda-guerra-mundial\/bayoneta-mauser-k98\/\" \/>\n<meta property=\"og:locale\" content=\"es_ES\" \/>\n<meta property=\"og:type\" content=\"article\" \/>\n<meta property=\"og:title\" content=\"Ba\u00efonnette Mauser K98 - Boutique en ligne | R\u00e9plique Manga Cin\u00e9\" \/>\n<meta property=\"og:description\" content=\"Offrez-vous votre Ba\u00efonnette Mauser K98 au meilleur prix - Lame en acier avec gorge - Fourreau m\u00e9tal avec clip - Longueur totale : 38 cm - Poids : 500 grs\" \/>\n<meta property=\"og:url\" content=\"https:\/\/repliquemangacine.fr\/es\/dagas-y-accesorios-material-militar-segunda-guerra-mundial\/bayoneta-mauser-k98\/\" \/>\n<meta property=\"og:site_name\" content=\"R\u00e9plique Manga Cin\u00e9\" \/>\n<meta property=\"article:publisher\" content=\"https:\/\/www.facebook.com\/RepliqueMangaCine\" \/>\n<meta property=\"article:modified_time\" content=\"2026-03-21T06:42:54+00:00\" \/>\n<meta property=\"og:image\" content=\"https:\/\/repliquemangacine.fr\/wp-content\/uploads\/2023\/10\/3876-Baionnette-Mauser-K98.jpg\" \/>\n\t<meta property=\"og:image:width\" content=\"800\" \/>\n\t<meta property=\"og:image:height\" content=\"800\" \/>\n\t<meta property=\"og:image:type\" content=\"image\/jpeg\" \/>\n<meta name=\"twitter:card\" content=\"summary_large_image\" \/>\n<meta name=\"twitter:label1\" content=\"Tiempo de lectura\" \/>\n\t<meta name=\"twitter:data1\" content=\"2 minutos\" \/>\n<script type=\"application\/ld+json\" class=\"yoast-schema-graph\">{\"@context\":\"https:\\\/\\\/schema.org\",\"@graph\":[{\"@type\":\"WebPage\",\"@id\":\"https:\\\/\\\/repliquemangacine.fr\\\/en\\\/daggers-and-accessories-world-war-ii-militaria-materiel\\\/mauser-k98-bayonet\\\/\",\"url\":\"https:\\\/\\\/repliquemangacine.fr\\\/en\\\/daggers-and-accessories-world-war-ii-militaria-materiel\\\/mauser-k98-bayonet\\\/\",\"name\":\"Ba\u00efonnette Mauser K98 - Boutique en ligne | R\u00e9plique Manga Cin\u00e9\",\"isPartOf\":{\"@id\":\"https:\\\/\\\/repliquemangacine.fr\\\/#website\"},\"primaryImageOfPage\":{\"@id\":\"https:\\\/\\\/repliquemangacine.fr\\\/en\\\/daggers-and-accessories-world-war-ii-militaria-materiel\\\/mauser-k98-bayonet\\\/#primaryimage\"},\"image\":{\"@id\":\"https:\\\/\\\/repliquemangacine.fr\\\/en\\\/daggers-and-accessories-world-war-ii-militaria-materiel\\\/mauser-k98-bayonet\\\/#primaryimage\"},\"thumbnailUrl\":\"https:\\\/\\\/repliquemangacine.fr\\\/wp-content\\\/uploads\\\/2023\\\/10\\\/3876-Baionnette-Mauser-K98.jpg\",\"datePublished\":\"2020-11-07T17:42:28+00:00\",\"dateModified\":\"2026-03-21T06:42:54+00:00\",\"description\":\"Offrez-vous votre Ba\u00efonnette Mauser K98 au meilleur prix - Lame en acier avec gorge - Fourreau m\u00e9tal avec clip - Longueur totale : 38 cm - Poids : 500 grs\",\"breadcrumb\":{\"@id\":\"https:\\\/\\\/repliquemangacine.fr\\\/en\\\/daggers-and-accessories-world-war-ii-militaria-materiel\\\/mauser-k98-bayonet\\\/#breadcrumb\"},\"inLanguage\":\"es\",\"potentialAction\":[{\"@type\":\"ReadAction\",\"target\":[\"https:\\\/\\\/repliquemangacine.fr\\\/en\\\/daggers-and-accessories-world-war-ii-militaria-materiel\\\/mauser-k98-bayonet\\\/\"]}]},{\"@type\":\"ImageObject\",\"inLanguage\":\"es\",\"@id\":\"https:\\\/\\\/repliquemangacine.fr\\\/en\\\/daggers-and-accessories-world-war-ii-militaria-materiel\\\/mauser-k98-bayonet\\\/#primaryimage\",\"url\":\"https:\\\/\\\/repliquemangacine.fr\\\/wp-content\\\/uploads\\\/2023\\\/10\\\/3876-Baionnette-Mauser-K98.jpg\",\"contentUrl\":\"https:\\\/\\\/repliquemangacine.fr\\\/wp-content\\\/uploads\\\/2023\\\/10\\\/3876-Baionnette-Mauser-K98.jpg\",\"width\":800,\"height\":800,\"caption\":\"Ba\u00efonnette Mauser K98\"},{\"@type\":\"BreadcrumbList\",\"@id\":\"https:\\\/\\\/repliquemangacine.fr\\\/en\\\/daggers-and-accessories-world-war-ii-militaria-materiel\\\/mauser-k98-bayonet\\\/#breadcrumb\",\"itemListElement\":[{\"@type\":\"ListItem\",\"position\":1,\"name\":\"Accueil\",\"item\":\"https:\\\/\\\/repliquemangacine.fr\\\/\"},{\"@type\":\"ListItem\",\"position\":2,\"name\":\"Produits\",\"item\":\"https:\\\/\\\/repliquemangacine.fr\\\/boutique\\\/\"},{\"@type\":\"ListItem\",\"position\":3,\"name\":\"BAIONNETTE MAUSER K98\"}]},{\"@type\":\"WebSite\",\"@id\":\"https:\\\/\\\/repliquemangacine.fr\\\/#website\",\"url\":\"https:\\\/\\\/repliquemangacine.fr\\\/\",\"name\":\"R\u00e9plique Manga Cin\u00e9\",\"description\":\"\",\"publisher\":{\"@id\":\"https:\\\/\\\/repliquemangacine.fr\\\/#organization\"},\"potentialAction\":[{\"@type\":\"SearchAction\",\"target\":{\"@type\":\"EntryPoint\",\"urlTemplate\":\"https:\\\/\\\/repliquemangacine.fr\\\/?s={search_term_string}\"},\"query-input\":{\"@type\":\"PropertyValueSpecification\",\"valueRequired\":true,\"valueName\":\"search_term_string\"}}],\"inLanguage\":\"es\"},{\"@type\":\"Organization\",\"@id\":\"https:\\\/\\\/repliquemangacine.fr\\\/#organization\",\"name\":\"R\u00e9plique Manga Cin\u00e9\",\"url\":\"https:\\\/\\\/repliquemangacine.fr\\\/\",\"logo\":{\"@type\":\"ImageObject\",\"inLanguage\":\"es\",\"@id\":\"https:\\\/\\\/repliquemangacine.fr\\\/#\\\/schema\\\/logo\\\/image\\\/\",\"url\":\"https:\\\/\\\/repliquemangacine.fr\\\/wp-content\\\/uploads\\\/2023\\\/10\\\/RMC-500250.png\",\"contentUrl\":\"https:\\\/\\\/repliquemangacine.fr\\\/wp-content\\\/uploads\\\/2023\\\/10\\\/RMC-500250.png\",\"width\":500,\"height\":250,\"caption\":\"R\u00e9plique Manga Cin\u00e9\"},\"image\":{\"@id\":\"https:\\\/\\\/repliquemangacine.fr\\\/#\\\/schema\\\/logo\\\/image\\\/\"},\"sameAs\":[\"https:\\\/\\\/www.facebook.com\\\/RepliqueMangaCine\",\"https:\\\/\\\/www.instagram.com\\\/repliquemangacine.fr\\\/\"]}]}<\/script>\n<!-- \/ Yoast SEO plugin. -->","yoast_head_json":{"title":"Bayoneta Mauser K98 - Boutique en ligne | R\u00e9plique Manga Cin\u00e9","description":"Compra tu Mauser K98 bayoneta al mejor precio - Hoja de acero con ranura - Vaina de metal con clip - Longitud total: 38 cm - Peso: 500 grs","robots":{"index":"index","follow":"follow","max-snippet":"max-snippet:-1","max-image-preview":"max-image-preview:large","max-video-preview":"max-video-preview:-1"},"canonical":"https:\/\/repliquemangacine.fr\/es\/dagas-y-accesorios-material-militar-segunda-guerra-mundial\/bayoneta-mauser-k98\/","og_locale":"es_ES","og_type":"article","og_title":"Ba\u00efonnette Mauser K98 - Boutique en ligne | R\u00e9plique Manga Cin\u00e9","og_description":"Offrez-vous votre Ba\u00efonnette Mauser K98 au meilleur prix - Lame en acier avec gorge - Fourreau m\u00e9tal avec clip - Longueur totale : 38 cm - Poids : 500 grs","og_url":"https:\/\/repliquemangacine.fr\/es\/dagas-y-accesorios-material-militar-segunda-guerra-mundial\/bayoneta-mauser-k98\/","og_site_name":"R\u00e9plique Manga Cin\u00e9","article_publisher":"https:\/\/www.facebook.com\/RepliqueMangaCine","article_modified_time":"2026-03-21T06:42:54+00:00","og_image":[{"width":800,"height":800,"url":"https:\/\/repliquemangacine.fr\/wp-content\/uploads\/2023\/10\/3876-Baionnette-Mauser-K98.jpg","type":"image\/jpeg"}],"twitter_card":"summary_large_image","twitter_misc":{"Tiempo de lectura":"2 minutos"},"schema":{"@context":"https:\/\/schema.org","@graph":[{"@type":"WebPage","@id":"https:\/\/repliquemangacine.fr\/en\/daggers-and-accessories-world-war-ii-militaria-materiel\/mauser-k98-bayonet\/","url":"https:\/\/repliquemangacine.fr\/en\/daggers-and-accessories-world-war-ii-militaria-materiel\/mauser-k98-bayonet\/","name":"Bayoneta Mauser K98 - Boutique en ligne | R\u00e9plique Manga Cin\u00e9","isPartOf":{"@id":"https:\/\/repliquemangacine.fr\/#website"},"primaryImageOfPage":{"@id":"https:\/\/repliquemangacine.fr\/en\/daggers-and-accessories-world-war-ii-militaria-materiel\/mauser-k98-bayonet\/#primaryimage"},"image":{"@id":"https:\/\/repliquemangacine.fr\/en\/daggers-and-accessories-world-war-ii-militaria-materiel\/mauser-k98-bayonet\/#primaryimage"},"thumbnailUrl":"https:\/\/repliquemangacine.fr\/wp-content\/uploads\/2023\/10\/3876-Baionnette-Mauser-K98.jpg","datePublished":"2020-11-07T17:42:28+00:00","dateModified":"2026-03-21T06:42:54+00:00","description":"Compra tu Mauser K98 bayoneta al mejor precio - Hoja de acero con ranura - Vaina de metal con clip - Longitud total: 38 cm - Peso: 500 grs","breadcrumb":{"@id":"https:\/\/repliquemangacine.fr\/en\/daggers-and-accessories-world-war-ii-militaria-materiel\/mauser-k98-bayonet\/#breadcrumb"},"inLanguage":"es","potentialAction":[{"@type":"ReadAction","target":["https:\/\/repliquemangacine.fr\/en\/daggers-and-accessories-world-war-ii-militaria-materiel\/mauser-k98-bayonet\/"]}]},{"@type":"ImageObject","inLanguage":"es","@id":"https:\/\/repliquemangacine.fr\/en\/daggers-and-accessories-world-war-ii-militaria-materiel\/mauser-k98-bayonet\/#primaryimage","url":"https:\/\/repliquemangacine.fr\/wp-content\/uploads\/2023\/10\/3876-Baionnette-Mauser-K98.jpg","contentUrl":"https:\/\/repliquemangacine.fr\/wp-content\/uploads\/2023\/10\/3876-Baionnette-Mauser-K98.jpg","width":800,"height":800,"caption":"Ba\u00efonnette Mauser K98"},{"@type":"BreadcrumbList","@id":"https:\/\/repliquemangacine.fr\/en\/daggers-and-accessories-world-war-ii-militaria-materiel\/mauser-k98-bayonet\/#breadcrumb","itemListElement":[{"@type":"ListItem","position":1,"name":"Accueil","item":"https:\/\/repliquemangacine.fr\/"},{"@type":"ListItem","position":2,"name":"Produits","item":"https:\/\/repliquemangacine.fr\/boutique\/"},{"@type":"ListItem","position":3,"name":"BAIONNETTE MAUSER K98"}]},{"@type":"WebSite","@id":"https:\/\/repliquemangacine.fr\/#website","url":"https:\/\/repliquemangacine.fr\/","name":"R\u00e9plique Manga Cin\u00e9","description":"","publisher":{"@id":"https:\/\/repliquemangacine.fr\/#organization"},"potentialAction":[{"@type":"SearchAction","target":{"@type":"EntryPoint","urlTemplate":"https:\/\/repliquemangacine.fr\/?s={search_term_string}"},"query-input":{"@type":"PropertyValueSpecification","valueRequired":true,"valueName":"search_term_string"}}],"inLanguage":"es"},{"@type":"Organization","@id":"https:\/\/repliquemangacine.fr\/#organization","name":"R\u00e9plique Manga Cin\u00e9","url":"https:\/\/repliquemangacine.fr\/","logo":{"@type":"ImageObject","inLanguage":"es","@id":"https:\/\/repliquemangacine.fr\/#\/schema\/logo\/image\/","url":"https:\/\/repliquemangacine.fr\/wp-content\/uploads\/2023\/10\/RMC-500250.png","contentUrl":"https:\/\/repliquemangacine.fr\/wp-content\/uploads\/2023\/10\/RMC-500250.png","width":500,"height":250,"caption":"R\u00e9plique Manga Cin\u00e9"},"image":{"@id":"https:\/\/repliquemangacine.fr\/#\/schema\/logo\/image\/"},"sameAs":["https:\/\/www.facebook.com\/RepliqueMangaCine","https:\/\/www.instagram.com\/repliquemangacine.fr\/"]}]}},"_links":{"self":[{"href":"https:\/\/repliquemangacine.fr\/es\/wp-json\/wp\/v2\/product\/29192","targetHints":{"allow":["GET"]}}],"collection":[{"href":"https:\/\/repliquemangacine.fr\/es\/wp-json\/wp\/v2\/product"}],"about":[{"href":"https:\/\/repliquemangacine.fr\/es\/wp-json\/wp\/v2\/types\/product"}],"wp:featuredmedia":[{"embeddable":true,"href":"https:\/\/repliquemangacine.fr\/es\/wp-json\/wp\/v2\/media\/29193"}],"wp:attachment":[{"href":"https:\/\/repliquemangacine.fr\/es\/wp-json\/wp\/v2\/media?parent=29192"}],"wp:term":[{"taxonomy":"product_brand","embeddable":true,"href":"https:\/\/repliquemangacine.fr\/es\/wp-json\/wp\/v2\/product_brand?post=29192"},{"taxonomy":"product_cat","embeddable":true,"href":"https:\/\/repliquemangacine.fr\/es\/wp-json\/wp\/v2\/product_cat?post=29192"},{"taxonomy":"product_tag","embeddable":true,"href":"https:\/\/repliquemangacine.fr\/es\/wp-json\/wp\/v2\/product_tag?post=29192"}],"curies":[{"name":"wp","href":"https:\/\/api.w.org\/{rel}","templated":true}]}}