





{"id":29157,"date":"2020-11-07T10:52:05","date_gmt":"2020-11-07T09:52:05","guid":{"rendered":"https:\/\/repliquemangacine.fr\/?post_type=product&#038;p=29157"},"modified":"2026-05-05T13:11:08","modified_gmt":"2026-05-05T11:11:08","slug":"bolsa-de-6-balas-de-prueba-calibre-45","status":"publish","type":"product","link":"https:\/\/repliquemangacine.fr\/es\/holster-accessoires-western\/sachet-de-6-balles-factices-calibre-45\/","title":{"rendered":"Balas de fogueo calibre 45"},"content":{"rendered":"<h2>R\u00e9plica de 6 balas de prueba del calibre 45<\/h2>\n<p>Para empezar, el <strong>Balas de fogueo calibre 45<\/strong> o imitaci\u00f3n de bala, un objeto que a veces imita, de forma muy realista, una munici\u00f3n real. Las armas y balas falsas suelen ser juguetes o r\u00e9plicas destinadas a coleccionistas.<\/p>\n<p>Los rev\u00f3lveres Denix est\u00e1n hechos a mano y son de la m\u00e1xima calidad. Con simulador de mecanismo, carga y disparo.<\/p>\n<p>Cabe destacar que las balas est\u00e1n fabricadas en acero macizo de color dorado. No hay ning\u00fan peligro, ya que estas balas falsas no contienen ninguna carga explosiva. Puede colocarlas en el tambor de su rev\u00f3lver Colt o exponerlas junto a \u00e9l como parte de su colecci\u00f3n.<\/p>\n<p>En conclusi\u00f3n, las balas de fogueo son un complemento esencial para dar m\u00e1s realismo a tu rev\u00f3lver Colt de la marca Denix.<\/p>\n<h2>Tus accesorios western al mejor precio.<\/h2>\n<p>Le ofrecemos una amplia selecci\u00f3n de r\u00e9plicas de armas de Kolser y Denix.<\/p>\n<p>Lo primero y m\u00e1s importante,<\/p>\n<ul>\n<li>La reproducci\u00f3n de <a href=\"https:\/\/repliquemangacine.fr\/es\/revolver-colts\/peacemaker-kolser-5-5-snake\/\">rev\u00f3lver peacemaker 5.5<\/a> de lat\u00f3n con la empu\u00f1adura grabada con una serpiente.<\/li>\n<li>As\u00ed como el Colt 45 llamado <a href=\"https:\/\/repliquemangacine.fr\/es\/pistola-kolser\/peacemaker-5-5-juego-de-kolser-pulido\/\">Pacificador 5.5<\/a> pulido a mano y en su caja.<\/li>\n<li>Tambi\u00e9n existe la <a href=\"https:\/\/repliquemangacine.fr\/es\/accesorios-del-oeste\/blister-de-96-amorces-pour-pistolet-kolser\/\">bl\u00edster de imprimaciones<\/a> para que pueda divertirse con total seguridad.<\/li>\n<li>Y muchos m\u00e1s por descubrir en nuestra tienda en l\u00ednea.<\/li>\n<\/ul>\n<p>Por eso es una magn\u00edfica idea de regalo para todos los amantes de las armas hist\u00f3ricas.<\/p>\n<p>En conclusi\u00f3n, puede utilizar estos <strong>Balas de fogueo calibre 45<\/strong> para sus decorados hist\u00f3ricos. Ante todo, esta arma es una pieza de colecci\u00f3n y decoraci\u00f3n.<\/p>\n<p>R\u00e9plique Manga Cin\u00e9 es una empresa francesa y distribuidor oficial de la marca <a href=\"https:\/\/www.denix.fr\/\" target=\"_blank\" rel=\"noopener noreferrer\">Denix<\/a>.<\/p>\n<p><strong>\u00a0<\/strong><\/p>","protected":false},"excerpt":{"rendered":"<p>Paquete de 6 balas de prueba, calibre 45.<\/p>\n<ul>\n<li>Fabricado \u00edntegramente en metal dorado con punta plateada para mayor realismo.<\/li>\n<li>Estas balas no contienen cargas explosivas.<\/li>\n<li>Es una adici\u00f3n esencial a la colecci\u00f3n del Oeste.<\/li>\n<li>S\u00f3lo bolas decorativas.<\/li>\n<li>No se puede insertar en una r\u00e9plica.<\/li>\n<li>Envasado en bolsas de 6 balas.<\/li>\n<\/ul>","protected":false},"featured_media":29158,"template":"","meta":[],"product_brand":[896],"product_cat":[51,102,90,28,27],"product_tag":[],"class_list":{"0":"post-29157","1":"product","2":"type-product","3":"status-publish","4":"has-post-thumbnail","6":"product_brand-replique-manga-cine","7":"product_cat-accessoires-western","8":"product_cat-denix","9":"product_cat-holster-accessoires-western","10":"product_cat-repliques-darmes","11":"product_cat-armes-et-accessoires-western","13":"first","14":"outofstock","15":"taxable","16":"shipping-taxable","17":"purchasable","18":"product-type-simple"},"yoast_head":"<!-- This site is optimized with the Yoast SEO plugin v27.5 - https:\/\/yoast.com\/product\/yoast-seo-wordpress\/ -->\n<title>Balles Factices calibre 45 - Colt Denix | R\u00e9plique Manga Cin\u00e9<\/title>\n<meta name=\"description\" content=\"Votre sachet de 6 Balles Factices calibre 45 au meilleur prix - Aucune charge explosive - Balle en acier avec embout argent\u00e9 pour plus de r\u00e9alisme. Denix\" \/>\n<meta name=\"robots\" content=\"index, follow, max-snippet:-1, max-image-preview:large, max-video-preview:-1\" \/>\n<link rel=\"canonical\" href=\"https:\/\/repliquemangacine.fr\/es\/accesorios-western-funda\/bolsa-de-6-balas-de-prueba-calibre-45\/\" \/>\n<meta property=\"og:locale\" content=\"es_ES\" \/>\n<meta property=\"og:type\" content=\"article\" \/>\n<meta property=\"og:title\" content=\"Balles Factices calibre 45 - Colt Denix | R\u00e9plique Manga Cin\u00e9\" \/>\n<meta property=\"og:description\" content=\"Votre sachet de 6 Balles Factices calibre 45 au meilleur prix - Aucune charge explosive - Balle en acier avec embout argent\u00e9 pour plus de r\u00e9alisme. Denix\" \/>\n<meta property=\"og:url\" content=\"https:\/\/repliquemangacine.fr\/es\/accesorios-western-funda\/bolsa-de-6-balas-de-prueba-calibre-45\/\" \/>\n<meta property=\"og:site_name\" content=\"R\u00e9plique Manga Cin\u00e9\" \/>\n<meta property=\"article:publisher\" content=\"https:\/\/www.facebook.com\/RepliqueMangaCine\" \/>\n<meta property=\"article:modified_time\" content=\"2026-05-05T11:11:08+00:00\" \/>\n<meta property=\"og:image\" content=\"https:\/\/repliquemangacine.fr\/wp-content\/uploads\/2023\/10\/3850-Balle-factice-calibre-45-pour-colt.jpg\" \/>\n\t<meta property=\"og:image:width\" content=\"800\" \/>\n\t<meta property=\"og:image:height\" content=\"800\" \/>\n\t<meta property=\"og:image:type\" content=\"image\/jpeg\" \/>\n<meta name=\"twitter:card\" content=\"summary_large_image\" \/>\n<meta name=\"twitter:label1\" content=\"Tiempo de lectura\" \/>\n\t<meta name=\"twitter:data1\" content=\"1 minuto\" \/>\n<script type=\"application\/ld+json\" class=\"yoast-schema-graph\">{\"@context\":\"https:\\\/\\\/schema.org\",\"@graph\":[{\"@type\":\"WebPage\",\"@id\":\"https:\\\/\\\/repliquemangacine.fr\\\/holster-accessoires-western\\\/sachet-de-6-balles-factices-calibre-45\\\/\",\"url\":\"https:\\\/\\\/repliquemangacine.fr\\\/holster-accessoires-western\\\/sachet-de-6-balles-factices-calibre-45\\\/\",\"name\":\"Balles Factices calibre 45 - Colt Denix | R\u00e9plique Manga Cin\u00e9\",\"isPartOf\":{\"@id\":\"https:\\\/\\\/repliquemangacine.fr\\\/#website\"},\"primaryImageOfPage\":{\"@id\":\"https:\\\/\\\/repliquemangacine.fr\\\/holster-accessoires-western\\\/sachet-de-6-balles-factices-calibre-45\\\/#primaryimage\"},\"image\":{\"@id\":\"https:\\\/\\\/repliquemangacine.fr\\\/holster-accessoires-western\\\/sachet-de-6-balles-factices-calibre-45\\\/#primaryimage\"},\"thumbnailUrl\":\"https:\\\/\\\/repliquemangacine.fr\\\/wp-content\\\/uploads\\\/2023\\\/10\\\/3850-Balle-factice-calibre-45-pour-colt.jpg\",\"datePublished\":\"2020-11-07T09:52:05+00:00\",\"dateModified\":\"2026-05-05T11:11:08+00:00\",\"description\":\"Votre sachet de 6 Balles Factices calibre 45 au meilleur prix - Aucune charge explosive - Balle en acier avec embout argent\u00e9 pour plus de r\u00e9alisme. Denix\",\"breadcrumb\":{\"@id\":\"https:\\\/\\\/repliquemangacine.fr\\\/holster-accessoires-western\\\/sachet-de-6-balles-factices-calibre-45\\\/#breadcrumb\"},\"inLanguage\":\"es\",\"potentialAction\":[{\"@type\":\"ReadAction\",\"target\":[\"https:\\\/\\\/repliquemangacine.fr\\\/holster-accessoires-western\\\/sachet-de-6-balles-factices-calibre-45\\\/\"]}]},{\"@type\":\"ImageObject\",\"inLanguage\":\"es\",\"@id\":\"https:\\\/\\\/repliquemangacine.fr\\\/holster-accessoires-western\\\/sachet-de-6-balles-factices-calibre-45\\\/#primaryimage\",\"url\":\"https:\\\/\\\/repliquemangacine.fr\\\/wp-content\\\/uploads\\\/2023\\\/10\\\/3850-Balle-factice-calibre-45-pour-colt.jpg\",\"contentUrl\":\"https:\\\/\\\/repliquemangacine.fr\\\/wp-content\\\/uploads\\\/2023\\\/10\\\/3850-Balle-factice-calibre-45-pour-colt.jpg\",\"width\":800,\"height\":800,\"caption\":\"Balle factice calibre 45 pour colt\"},{\"@type\":\"BreadcrumbList\",\"@id\":\"https:\\\/\\\/repliquemangacine.fr\\\/holster-accessoires-western\\\/sachet-de-6-balles-factices-calibre-45\\\/#breadcrumb\",\"itemListElement\":[{\"@type\":\"ListItem\",\"position\":1,\"name\":\"Accueil\",\"item\":\"https:\\\/\\\/repliquemangacine.fr\\\/\"},{\"@type\":\"ListItem\",\"position\":2,\"name\":\"Produits\",\"item\":\"https:\\\/\\\/repliquemangacine.fr\\\/boutique\\\/\"},{\"@type\":\"ListItem\",\"position\":3,\"name\":\"Balles Factices calibre 45\"}]},{\"@type\":\"WebSite\",\"@id\":\"https:\\\/\\\/repliquemangacine.fr\\\/#website\",\"url\":\"https:\\\/\\\/repliquemangacine.fr\\\/\",\"name\":\"R\u00e9plique Manga Cin\u00e9\",\"description\":\"\",\"publisher\":{\"@id\":\"https:\\\/\\\/repliquemangacine.fr\\\/#organization\"},\"potentialAction\":[{\"@type\":\"SearchAction\",\"target\":{\"@type\":\"EntryPoint\",\"urlTemplate\":\"https:\\\/\\\/repliquemangacine.fr\\\/?s={search_term_string}\"},\"query-input\":{\"@type\":\"PropertyValueSpecification\",\"valueRequired\":true,\"valueName\":\"search_term_string\"}}],\"inLanguage\":\"es\"},{\"@type\":\"Organization\",\"@id\":\"https:\\\/\\\/repliquemangacine.fr\\\/#organization\",\"name\":\"R\u00e9plique Manga Cin\u00e9\",\"url\":\"https:\\\/\\\/repliquemangacine.fr\\\/\",\"logo\":{\"@type\":\"ImageObject\",\"inLanguage\":\"es\",\"@id\":\"https:\\\/\\\/repliquemangacine.fr\\\/#\\\/schema\\\/logo\\\/image\\\/\",\"url\":\"https:\\\/\\\/repliquemangacine.fr\\\/wp-content\\\/uploads\\\/2023\\\/10\\\/RMC-500250.png\",\"contentUrl\":\"https:\\\/\\\/repliquemangacine.fr\\\/wp-content\\\/uploads\\\/2023\\\/10\\\/RMC-500250.png\",\"width\":500,\"height\":250,\"caption\":\"R\u00e9plique Manga Cin\u00e9\"},\"image\":{\"@id\":\"https:\\\/\\\/repliquemangacine.fr\\\/#\\\/schema\\\/logo\\\/image\\\/\"},\"sameAs\":[\"https:\\\/\\\/www.facebook.com\\\/RepliqueMangaCine\",\"https:\\\/\\\/www.instagram.com\\\/repliquemangacine.fr\\\/\"]}]}<\/script>\n<!-- \/ Yoast SEO plugin. -->","yoast_head_json":{"title":"Balas de prueba calibre 45 - Colt Denix | R\u00e9plique Manga Cin\u00e9","description":"Su pack de 6 balas de broma calibre 45 al mejor precio - Sin carga explosiva - Bala de acero con punta plateada para mayor realismo. Denix","robots":{"index":"index","follow":"follow","max-snippet":"max-snippet:-1","max-image-preview":"max-image-preview:large","max-video-preview":"max-video-preview:-1"},"canonical":"https:\/\/repliquemangacine.fr\/es\/accesorios-western-funda\/bolsa-de-6-balas-de-prueba-calibre-45\/","og_locale":"es_ES","og_type":"article","og_title":"Balles Factices calibre 45 - Colt Denix | R\u00e9plique Manga Cin\u00e9","og_description":"Votre sachet de 6 Balles Factices calibre 45 au meilleur prix - Aucune charge explosive - Balle en acier avec embout argent\u00e9 pour plus de r\u00e9alisme. Denix","og_url":"https:\/\/repliquemangacine.fr\/es\/accesorios-western-funda\/bolsa-de-6-balas-de-prueba-calibre-45\/","og_site_name":"R\u00e9plique Manga Cin\u00e9","article_publisher":"https:\/\/www.facebook.com\/RepliqueMangaCine","article_modified_time":"2026-05-05T11:11:08+00:00","og_image":[{"width":800,"height":800,"url":"https:\/\/repliquemangacine.fr\/wp-content\/uploads\/2023\/10\/3850-Balle-factice-calibre-45-pour-colt.jpg","type":"image\/jpeg"}],"twitter_card":"summary_large_image","twitter_misc":{"Tiempo de lectura":"1 minuto"},"schema":{"@context":"https:\/\/schema.org","@graph":[{"@type":"WebPage","@id":"https:\/\/repliquemangacine.fr\/holster-accessoires-western\/sachet-de-6-balles-factices-calibre-45\/","url":"https:\/\/repliquemangacine.fr\/holster-accessoires-western\/sachet-de-6-balles-factices-calibre-45\/","name":"Balas de prueba calibre 45 - Colt Denix | R\u00e9plique Manga Cin\u00e9","isPartOf":{"@id":"https:\/\/repliquemangacine.fr\/#website"},"primaryImageOfPage":{"@id":"https:\/\/repliquemangacine.fr\/holster-accessoires-western\/sachet-de-6-balles-factices-calibre-45\/#primaryimage"},"image":{"@id":"https:\/\/repliquemangacine.fr\/holster-accessoires-western\/sachet-de-6-balles-factices-calibre-45\/#primaryimage"},"thumbnailUrl":"https:\/\/repliquemangacine.fr\/wp-content\/uploads\/2023\/10\/3850-Balle-factice-calibre-45-pour-colt.jpg","datePublished":"2020-11-07T09:52:05+00:00","dateModified":"2026-05-05T11:11:08+00:00","description":"Su pack de 6 balas de broma calibre 45 al mejor precio - Sin carga explosiva - Bala de acero con punta plateada para mayor realismo. Denix","breadcrumb":{"@id":"https:\/\/repliquemangacine.fr\/holster-accessoires-western\/sachet-de-6-balles-factices-calibre-45\/#breadcrumb"},"inLanguage":"es","potentialAction":[{"@type":"ReadAction","target":["https:\/\/repliquemangacine.fr\/holster-accessoires-western\/sachet-de-6-balles-factices-calibre-45\/"]}]},{"@type":"ImageObject","inLanguage":"es","@id":"https:\/\/repliquemangacine.fr\/holster-accessoires-western\/sachet-de-6-balles-factices-calibre-45\/#primaryimage","url":"https:\/\/repliquemangacine.fr\/wp-content\/uploads\/2023\/10\/3850-Balle-factice-calibre-45-pour-colt.jpg","contentUrl":"https:\/\/repliquemangacine.fr\/wp-content\/uploads\/2023\/10\/3850-Balle-factice-calibre-45-pour-colt.jpg","width":800,"height":800,"caption":"Balle factice calibre 45 pour colt"},{"@type":"BreadcrumbList","@id":"https:\/\/repliquemangacine.fr\/holster-accessoires-western\/sachet-de-6-balles-factices-calibre-45\/#breadcrumb","itemListElement":[{"@type":"ListItem","position":1,"name":"Accueil","item":"https:\/\/repliquemangacine.fr\/"},{"@type":"ListItem","position":2,"name":"Produits","item":"https:\/\/repliquemangacine.fr\/boutique\/"},{"@type":"ListItem","position":3,"name":"Balles Factices calibre 45"}]},{"@type":"WebSite","@id":"https:\/\/repliquemangacine.fr\/#website","url":"https:\/\/repliquemangacine.fr\/","name":"R\u00e9plique Manga Cin\u00e9","description":"","publisher":{"@id":"https:\/\/repliquemangacine.fr\/#organization"},"potentialAction":[{"@type":"SearchAction","target":{"@type":"EntryPoint","urlTemplate":"https:\/\/repliquemangacine.fr\/?s={search_term_string}"},"query-input":{"@type":"PropertyValueSpecification","valueRequired":true,"valueName":"search_term_string"}}],"inLanguage":"es"},{"@type":"Organization","@id":"https:\/\/repliquemangacine.fr\/#organization","name":"R\u00e9plique Manga Cin\u00e9","url":"https:\/\/repliquemangacine.fr\/","logo":{"@type":"ImageObject","inLanguage":"es","@id":"https:\/\/repliquemangacine.fr\/#\/schema\/logo\/image\/","url":"https:\/\/repliquemangacine.fr\/wp-content\/uploads\/2023\/10\/RMC-500250.png","contentUrl":"https:\/\/repliquemangacine.fr\/wp-content\/uploads\/2023\/10\/RMC-500250.png","width":500,"height":250,"caption":"R\u00e9plique Manga Cin\u00e9"},"image":{"@id":"https:\/\/repliquemangacine.fr\/#\/schema\/logo\/image\/"},"sameAs":["https:\/\/www.facebook.com\/RepliqueMangaCine","https:\/\/www.instagram.com\/repliquemangacine.fr\/"]}]}},"_links":{"self":[{"href":"https:\/\/repliquemangacine.fr\/es\/wp-json\/wp\/v2\/product\/29157","targetHints":{"allow":["GET"]}}],"collection":[{"href":"https:\/\/repliquemangacine.fr\/es\/wp-json\/wp\/v2\/product"}],"about":[{"href":"https:\/\/repliquemangacine.fr\/es\/wp-json\/wp\/v2\/types\/product"}],"wp:featuredmedia":[{"embeddable":true,"href":"https:\/\/repliquemangacine.fr\/es\/wp-json\/wp\/v2\/media\/29158"}],"wp:attachment":[{"href":"https:\/\/repliquemangacine.fr\/es\/wp-json\/wp\/v2\/media?parent=29157"}],"wp:term":[{"taxonomy":"product_brand","embeddable":true,"href":"https:\/\/repliquemangacine.fr\/es\/wp-json\/wp\/v2\/product_brand?post=29157"},{"taxonomy":"product_cat","embeddable":true,"href":"https:\/\/repliquemangacine.fr\/es\/wp-json\/wp\/v2\/product_cat?post=29157"},{"taxonomy":"product_tag","embeddable":true,"href":"https:\/\/repliquemangacine.fr\/es\/wp-json\/wp\/v2\/product_tag?post=29157"}],"curies":[{"name":"wp","href":"https:\/\/api.w.org\/{rel}","templated":true}]}}