





{"id":29107,"date":"2020-10-22T11:48:54","date_gmt":"2020-10-22T09:48:54","guid":{"rendered":"https:\/\/repliquemangacine.fr\/?post_type=product&#038;p=29107"},"modified":"2025-09-23T18:02:33","modified_gmt":"2025-09-23T16:02:33","slug":"espada-romana-2","status":"publish","type":"product","link":"https:\/\/repliquemangacine.fr\/es\/epees-glaives-antique\/glaive-romain-2\/","title":{"rendered":"Espada romana roja"},"content":{"rendered":"<h2>Espada romana roja<\/h2>\n<p>Para empezar, el <strong>Espada romana roja<\/strong> (llamada gladius en lat\u00edn) se utiliza para designar una espada corta, arma de los legionarios romanos. Espada conocida como \u00abde Tiberio\u00bb.\u00bb<\/p>\n<p>Por desgracia, se sabe poco o nada sobre la evoluci\u00f3n del gladius durante los cuatro siglos anteriores a la era cristiana. Las espadas romanas halladas en yacimientos arqueol\u00f3gicos solo datan del siglo I a. C.<\/p>\n<p>La \u00fanica caracter\u00edstica que confirma su parentesco con el gladius romano es el hecho de que tienen exactamente el mismo tipo de vaina. Los romanos conservaron los cuatro anillos de sujeci\u00f3n.<\/p>\n<p>Esta espada romana es solo decorativa, o para recreaciones sin combates. De hecho, la hoja no est\u00e1 afilada y, por su fabricaci\u00f3n, no es apta para el combate en ning\u00fan caso.<\/p>\n<h2>Tu Glaive Romano Rojo al mejor precio.<\/h2>\n<p>Le ofrecemos una amplia selecci\u00f3n de espadas y cascos de la \u00e9poca antigua.<\/p>\n<p>Lo primero y m\u00e1s importante,<\/p>\n<ul>\n<li>Le <a href=\"https:\/\/repliquemangacine.fr\/es\/espadas-espada\/gladius-espada-de-los-legionarios-romanos\/\">Gladius, espada legionaria romana<\/a> importado de la India y fabricado por <a href=\"https:\/\/deepeeka.in\/\" target=\"_blank\" rel=\"noopener noreferrer\">Deepeeka<\/a>.<\/li>\n<li>Tambi\u00e9n est\u00e1 la espada Spatha de la caballer\u00eda romana.<\/li>\n<li>As\u00ed como el <a href=\"https:\/\/repliquemangacine.fr\/es\/espadas-katana-y-goodiesserie-de-cine\/casco-de-gladiador-maximus-con-pinchos\/\">Casco Maximus<\/a> en la pel\u00edcula Gladiator.<\/li>\n<li>Y muchos m\u00e1s por descubrir en nuestra tienda en l\u00ednea.<\/li>\n<\/ul>\n<p>Por eso, aqu\u00ed tienes unas ideas fant\u00e1sticas para regalar a todos los apasionados de la Antig\u00fcedad.<\/p>\n<p>En conclusi\u00f3n, puede utilizar este <strong>Espada romana roja<\/strong> para sus recreaciones hist\u00f3ricas o veladas tem\u00e1ticas. Pero, sobre todo, es una pieza de coleccionista y decoraci\u00f3n.<\/p>\n<h2>\u00bfC\u00f3mo mantengo la hoja de mi espada antigua?<\/h2>\n<p>Las espadas de colecci\u00f3n y decorativas se fabrican y ensamblan de forma simplificada. Como su uso es decorativo, no cuentan con los elementos de seguridad necesarios para una espada japonesa destinada al entrenamiento.<\/p>\n<p>Sin embargo, su <strong>Espada romana roja<\/strong> a una hoja de acero que hay que cuidar para evitar que se estropee con el tiempo. Cuando exponga su katana, sus amigos sentir\u00e1n curiosidad por ver la hoja y tocarla. Aqu\u00ed es donde hay que tener cuidado, ya que la acidez de los dedos es muy perjudicial para el acero, sea cual sea su calidad.<\/p>\n<p>Sin embargo, si esto ocurre, no te asustes, todo lo que necesitas es un pa\u00f1o humedecido con un poco de aceite y limpiar las huellas dactilares. Si haces esto, tu espada durar\u00e1 mucho tiempo.<\/p>","protected":false},"excerpt":{"rendered":"<p>Magn\u00edfica r\u00e9plica de la espada romana.<\/p>\n<ul>\n<li>Hoja de acero imitaci\u00f3n Damasco.<\/li>\n<li>Empu\u00f1adura y pomo de acero antiguo.<\/li>\n<li>Asa de metal decorada.<\/li>\n<li>Funda roja de imitaci\u00f3n de cuero.<\/li>\n<li>Cuatro anillas doradas para colgar un arn\u00e9s.<\/li>\n<li>Longitud hoja: 50 cm - Longitud total: 80 cm - Peso: 1680 Grs<\/li>\n<\/ul>\n<p><strong>\u00a0<\/strong><\/p>","protected":false},"featured_media":29108,"template":"","meta":[],"product_brand":[896],"product_cat":[31,25,73],"product_tag":[],"class_list":{"0":"post-29107","1":"product","2":"type-product","3":"status-publish","4":"has-post-thumbnail","6":"product_brand-replique-manga-cine","7":"product_cat-armes-antiques","8":"product_cat-armes-historiques","9":"product_cat-epees-glaives-antique","11":"first","12":"instock","13":"taxable","14":"shipping-taxable","15":"purchasable","16":"product-type-simple"},"yoast_head":"<!-- This site is optimized with the Yoast SEO plugin v27.4 - https:\/\/yoast.com\/product\/yoast-seo-wordpress\/ -->\n<title>Glaive Romain Rouge - Vente \u00e9p\u00e9e, glaive, casque Antique | RMC<\/title>\n<meta name=\"description\" content=\"D\u00e9couvrez ce Glaive Romain Rouge au meilleur prix. Lame acier imitation Damas - Fourreau d\u00e9cor\u00e9 - Symbole du Chrisme Chr\u00e9tien - Longueur totale : 80 cm\" \/>\n<meta name=\"robots\" content=\"index, follow, max-snippet:-1, max-image-preview:large, max-video-preview:-1\" \/>\n<link rel=\"canonical\" href=\"https:\/\/repliquemangacine.fr\/es\/espadas-espada-antigua\/espada-romana-2\/\" \/>\n<meta property=\"og:locale\" content=\"es_ES\" \/>\n<meta property=\"og:type\" content=\"article\" \/>\n<meta property=\"og:title\" content=\"Glaive Romain Rouge - Vente \u00e9p\u00e9e, glaive, casque Antique | RMC\" \/>\n<meta property=\"og:description\" content=\"D\u00e9couvrez ce Glaive Romain Rouge au meilleur prix. Lame acier imitation Damas - Fourreau d\u00e9cor\u00e9 - Symbole du Chrisme Chr\u00e9tien - Longueur totale : 80 cm\" \/>\n<meta property=\"og:url\" content=\"https:\/\/repliquemangacine.fr\/es\/espadas-espada-antigua\/espada-romana-2\/\" \/>\n<meta property=\"og:site_name\" content=\"R\u00e9plique Manga Cin\u00e9\" \/>\n<meta property=\"article:publisher\" content=\"https:\/\/www.facebook.com\/RepliqueMangaCine\" \/>\n<meta property=\"article:modified_time\" content=\"2025-09-23T16:02:33+00:00\" \/>\n<meta property=\"og:image\" content=\"https:\/\/repliquemangacine.fr\/wp-content\/uploads\/2023\/10\/3800-Glaive-cavalerie-romaine.jpg\" \/>\n\t<meta property=\"og:image:width\" content=\"800\" \/>\n\t<meta property=\"og:image:height\" content=\"800\" \/>\n\t<meta property=\"og:image:type\" content=\"image\/jpeg\" \/>\n<meta name=\"twitter:card\" content=\"summary_large_image\" \/>\n<meta name=\"twitter:label1\" content=\"Tiempo de lectura\" \/>\n\t<meta name=\"twitter:data1\" content=\"2 minutos\" \/>\n<script type=\"application\/ld+json\" class=\"yoast-schema-graph\">{\"@context\":\"https:\\\/\\\/schema.org\",\"@graph\":[{\"@type\":\"WebPage\",\"@id\":\"https:\\\/\\\/repliquemangacine.fr\\\/epees-glaives-antique\\\/glaive-romain-2\\\/\",\"url\":\"https:\\\/\\\/repliquemangacine.fr\\\/epees-glaives-antique\\\/glaive-romain-2\\\/\",\"name\":\"Glaive Romain Rouge - Vente \u00e9p\u00e9e, glaive, casque Antique | RMC\",\"isPartOf\":{\"@id\":\"https:\\\/\\\/repliquemangacine.fr\\\/#website\"},\"primaryImageOfPage\":{\"@id\":\"https:\\\/\\\/repliquemangacine.fr\\\/epees-glaives-antique\\\/glaive-romain-2\\\/#primaryimage\"},\"image\":{\"@id\":\"https:\\\/\\\/repliquemangacine.fr\\\/epees-glaives-antique\\\/glaive-romain-2\\\/#primaryimage\"},\"thumbnailUrl\":\"https:\\\/\\\/repliquemangacine.fr\\\/wp-content\\\/uploads\\\/2023\\\/10\\\/3800-Glaive-cavalerie-romaine.jpg\",\"datePublished\":\"2020-10-22T09:48:54+00:00\",\"dateModified\":\"2025-09-23T16:02:33+00:00\",\"description\":\"D\u00e9couvrez ce Glaive Romain Rouge au meilleur prix. Lame acier imitation Damas - Fourreau d\u00e9cor\u00e9 - Symbole du Chrisme Chr\u00e9tien - Longueur totale : 80 cm\",\"breadcrumb\":{\"@id\":\"https:\\\/\\\/repliquemangacine.fr\\\/epees-glaives-antique\\\/glaive-romain-2\\\/#breadcrumb\"},\"inLanguage\":\"es\",\"potentialAction\":[{\"@type\":\"ReadAction\",\"target\":[\"https:\\\/\\\/repliquemangacine.fr\\\/epees-glaives-antique\\\/glaive-romain-2\\\/\"]}]},{\"@type\":\"ImageObject\",\"inLanguage\":\"es\",\"@id\":\"https:\\\/\\\/repliquemangacine.fr\\\/epees-glaives-antique\\\/glaive-romain-2\\\/#primaryimage\",\"url\":\"https:\\\/\\\/repliquemangacine.fr\\\/wp-content\\\/uploads\\\/2023\\\/10\\\/3800-Glaive-cavalerie-romaine.jpg\",\"contentUrl\":\"https:\\\/\\\/repliquemangacine.fr\\\/wp-content\\\/uploads\\\/2023\\\/10\\\/3800-Glaive-cavalerie-romaine.jpg\",\"width\":800,\"height\":800,\"caption\":\"Glaive Romain Rouge\"},{\"@type\":\"BreadcrumbList\",\"@id\":\"https:\\\/\\\/repliquemangacine.fr\\\/epees-glaives-antique\\\/glaive-romain-2\\\/#breadcrumb\",\"itemListElement\":[{\"@type\":\"ListItem\",\"position\":1,\"name\":\"Accueil\",\"item\":\"https:\\\/\\\/repliquemangacine.fr\\\/\"},{\"@type\":\"ListItem\",\"position\":2,\"name\":\"Produits\",\"item\":\"https:\\\/\\\/repliquemangacine.fr\\\/boutique\\\/\"},{\"@type\":\"ListItem\",\"position\":3,\"name\":\"Glaive Romain Rouge\"}]},{\"@type\":\"WebSite\",\"@id\":\"https:\\\/\\\/repliquemangacine.fr\\\/#website\",\"url\":\"https:\\\/\\\/repliquemangacine.fr\\\/\",\"name\":\"R\u00e9plique Manga Cin\u00e9\",\"description\":\"\",\"publisher\":{\"@id\":\"https:\\\/\\\/repliquemangacine.fr\\\/#organization\"},\"potentialAction\":[{\"@type\":\"SearchAction\",\"target\":{\"@type\":\"EntryPoint\",\"urlTemplate\":\"https:\\\/\\\/repliquemangacine.fr\\\/?s={search_term_string}\"},\"query-input\":{\"@type\":\"PropertyValueSpecification\",\"valueRequired\":true,\"valueName\":\"search_term_string\"}}],\"inLanguage\":\"es\"},{\"@type\":\"Organization\",\"@id\":\"https:\\\/\\\/repliquemangacine.fr\\\/#organization\",\"name\":\"R\u00e9plique Manga Cin\u00e9\",\"url\":\"https:\\\/\\\/repliquemangacine.fr\\\/\",\"logo\":{\"@type\":\"ImageObject\",\"inLanguage\":\"es\",\"@id\":\"https:\\\/\\\/repliquemangacine.fr\\\/#\\\/schema\\\/logo\\\/image\\\/\",\"url\":\"https:\\\/\\\/repliquemangacine.fr\\\/wp-content\\\/uploads\\\/2023\\\/10\\\/RMC-500250.png\",\"contentUrl\":\"https:\\\/\\\/repliquemangacine.fr\\\/wp-content\\\/uploads\\\/2023\\\/10\\\/RMC-500250.png\",\"width\":500,\"height\":250,\"caption\":\"R\u00e9plique Manga Cin\u00e9\"},\"image\":{\"@id\":\"https:\\\/\\\/repliquemangacine.fr\\\/#\\\/schema\\\/logo\\\/image\\\/\"},\"sameAs\":[\"https:\\\/\\\/www.facebook.com\\\/RepliqueMangaCine\",\"https:\\\/\\\/www.instagram.com\\\/repliquemangacine.fr\\\/\"]}]}<\/script>\n<!-- \/ Yoast SEO plugin. -->","yoast_head_json":{"title":"Glaive Romain Rouge - Venta de espadas y cascos antiguos | RMC","description":"Descubra este Glaive Romano Rojo al mejor precio. Hoja de imitaci\u00f3n de acero de Damasco - Vaina decorada - S\u00edmbolo del crisma cristiano - Longitud total: 80 cm.","robots":{"index":"index","follow":"follow","max-snippet":"max-snippet:-1","max-image-preview":"max-image-preview:large","max-video-preview":"max-video-preview:-1"},"canonical":"https:\/\/repliquemangacine.fr\/es\/espadas-espada-antigua\/espada-romana-2\/","og_locale":"es_ES","og_type":"article","og_title":"Glaive Romain Rouge - Vente \u00e9p\u00e9e, glaive, casque Antique | RMC","og_description":"D\u00e9couvrez ce Glaive Romain Rouge au meilleur prix. Lame acier imitation Damas - Fourreau d\u00e9cor\u00e9 - Symbole du Chrisme Chr\u00e9tien - Longueur totale : 80 cm","og_url":"https:\/\/repliquemangacine.fr\/es\/espadas-espada-antigua\/espada-romana-2\/","og_site_name":"R\u00e9plique Manga Cin\u00e9","article_publisher":"https:\/\/www.facebook.com\/RepliqueMangaCine","article_modified_time":"2025-09-23T16:02:33+00:00","og_image":[{"width":800,"height":800,"url":"https:\/\/repliquemangacine.fr\/wp-content\/uploads\/2023\/10\/3800-Glaive-cavalerie-romaine.jpg","type":"image\/jpeg"}],"twitter_card":"summary_large_image","twitter_misc":{"Tiempo de lectura":"2 minutos"},"schema":{"@context":"https:\/\/schema.org","@graph":[{"@type":"WebPage","@id":"https:\/\/repliquemangacine.fr\/epees-glaives-antique\/glaive-romain-2\/","url":"https:\/\/repliquemangacine.fr\/epees-glaives-antique\/glaive-romain-2\/","name":"Glaive Romain Rouge - Venta de espadas y cascos antiguos | RMC","isPartOf":{"@id":"https:\/\/repliquemangacine.fr\/#website"},"primaryImageOfPage":{"@id":"https:\/\/repliquemangacine.fr\/epees-glaives-antique\/glaive-romain-2\/#primaryimage"},"image":{"@id":"https:\/\/repliquemangacine.fr\/epees-glaives-antique\/glaive-romain-2\/#primaryimage"},"thumbnailUrl":"https:\/\/repliquemangacine.fr\/wp-content\/uploads\/2023\/10\/3800-Glaive-cavalerie-romaine.jpg","datePublished":"2020-10-22T09:48:54+00:00","dateModified":"2025-09-23T16:02:33+00:00","description":"Descubra este Glaive Romano Rojo al mejor precio. Hoja de imitaci\u00f3n de acero de Damasco - Vaina decorada - S\u00edmbolo del crisma cristiano - Longitud total: 80 cm.","breadcrumb":{"@id":"https:\/\/repliquemangacine.fr\/epees-glaives-antique\/glaive-romain-2\/#breadcrumb"},"inLanguage":"es","potentialAction":[{"@type":"ReadAction","target":["https:\/\/repliquemangacine.fr\/epees-glaives-antique\/glaive-romain-2\/"]}]},{"@type":"ImageObject","inLanguage":"es","@id":"https:\/\/repliquemangacine.fr\/epees-glaives-antique\/glaive-romain-2\/#primaryimage","url":"https:\/\/repliquemangacine.fr\/wp-content\/uploads\/2023\/10\/3800-Glaive-cavalerie-romaine.jpg","contentUrl":"https:\/\/repliquemangacine.fr\/wp-content\/uploads\/2023\/10\/3800-Glaive-cavalerie-romaine.jpg","width":800,"height":800,"caption":"Glaive Romain Rouge"},{"@type":"BreadcrumbList","@id":"https:\/\/repliquemangacine.fr\/epees-glaives-antique\/glaive-romain-2\/#breadcrumb","itemListElement":[{"@type":"ListItem","position":1,"name":"Accueil","item":"https:\/\/repliquemangacine.fr\/"},{"@type":"ListItem","position":2,"name":"Produits","item":"https:\/\/repliquemangacine.fr\/boutique\/"},{"@type":"ListItem","position":3,"name":"Glaive Romain Rouge"}]},{"@type":"WebSite","@id":"https:\/\/repliquemangacine.fr\/#website","url":"https:\/\/repliquemangacine.fr\/","name":"R\u00e9plique Manga Cin\u00e9","description":"","publisher":{"@id":"https:\/\/repliquemangacine.fr\/#organization"},"potentialAction":[{"@type":"SearchAction","target":{"@type":"EntryPoint","urlTemplate":"https:\/\/repliquemangacine.fr\/?s={search_term_string}"},"query-input":{"@type":"PropertyValueSpecification","valueRequired":true,"valueName":"search_term_string"}}],"inLanguage":"es"},{"@type":"Organization","@id":"https:\/\/repliquemangacine.fr\/#organization","name":"R\u00e9plique Manga Cin\u00e9","url":"https:\/\/repliquemangacine.fr\/","logo":{"@type":"ImageObject","inLanguage":"es","@id":"https:\/\/repliquemangacine.fr\/#\/schema\/logo\/image\/","url":"https:\/\/repliquemangacine.fr\/wp-content\/uploads\/2023\/10\/RMC-500250.png","contentUrl":"https:\/\/repliquemangacine.fr\/wp-content\/uploads\/2023\/10\/RMC-500250.png","width":500,"height":250,"caption":"R\u00e9plique Manga Cin\u00e9"},"image":{"@id":"https:\/\/repliquemangacine.fr\/#\/schema\/logo\/image\/"},"sameAs":["https:\/\/www.facebook.com\/RepliqueMangaCine","https:\/\/www.instagram.com\/repliquemangacine.fr\/"]}]}},"_links":{"self":[{"href":"https:\/\/repliquemangacine.fr\/es\/wp-json\/wp\/v2\/product\/29107","targetHints":{"allow":["GET"]}}],"collection":[{"href":"https:\/\/repliquemangacine.fr\/es\/wp-json\/wp\/v2\/product"}],"about":[{"href":"https:\/\/repliquemangacine.fr\/es\/wp-json\/wp\/v2\/types\/product"}],"wp:featuredmedia":[{"embeddable":true,"href":"https:\/\/repliquemangacine.fr\/es\/wp-json\/wp\/v2\/media\/29108"}],"wp:attachment":[{"href":"https:\/\/repliquemangacine.fr\/es\/wp-json\/wp\/v2\/media?parent=29107"}],"wp:term":[{"taxonomy":"product_brand","embeddable":true,"href":"https:\/\/repliquemangacine.fr\/es\/wp-json\/wp\/v2\/product_brand?post=29107"},{"taxonomy":"product_cat","embeddable":true,"href":"https:\/\/repliquemangacine.fr\/es\/wp-json\/wp\/v2\/product_cat?post=29107"},{"taxonomy":"product_tag","embeddable":true,"href":"https:\/\/repliquemangacine.fr\/es\/wp-json\/wp\/v2\/product_tag?post=29107"}],"curies":[{"name":"wp","href":"https:\/\/api.w.org\/{rel}","templated":true}]}}