





{"id":29062,"date":"2020-10-18T14:28:33","date_gmt":"2020-10-18T12:28:33","guid":{"rendered":"https:\/\/repliquemangacine.fr\/?post_type=product&#038;p=29062"},"modified":"2026-03-20T12:41:13","modified_gmt":"2026-03-20T11:41:13","slug":"colt-peacemaker-acabado-jaspe-usa-1873","status":"publish","type":"product","link":"https:\/\/repliquemangacine.fr\/es\/colt-revolver-western\/colt-peacemaker-finition-jaspee-usa-1873\/","title":{"rendered":"Colt Peacemaker acabado Jasper - USA 1873"},"content":{"rendered":"<h2>Colt Peacemaker acabado Jasper - Denix<\/h2>\n<p>Para empezar, el <strong>Colt Peacemaker acabado Rosewood<\/strong> SAA 1873, es una reproducci\u00f3n id\u00e9ntica del original.<\/p>\n<p><em>El jaspeado del acero es un proceso de endurecimiento superficial destinado a conferir una cierta dureza a las carcasas y piezas. El jaspering moderno se reconoce por la importante iridiscencia azul de la pieza tratada. El barniz protector da brillo a toda la pieza.<\/em><\/p>\n<p>Desde La chevauch\u00e9e fantastique con John Wayne hasta R\u00e8glement de comptes \u00e0 OK Corral con Burt Lancaster. La Colt ha recorrido las pantallas de todo el mundo.<\/p>\n<p>Tras la conquista del Oeste, comienza para esta arma la conquista de la memoria. Algo que le resultar\u00e1 f\u00e1cil, ya que sus l\u00edneas y sus haza\u00f1as han marcado la imaginaci\u00f3n de los hombres.<\/p>\n<h2>Tu Colt Peacemaker acabado Jasper al mejor precio.<\/h2>\n<p>Le ofrecemos una amplia selecci\u00f3n de reproducciones de armas Denix a los precios m\u00e1s bajos del mercado.<\/p>\n<p>Lo primero y m\u00e1s importante,<\/p>\n<ul>\n<li>Le <a href=\"https:\/\/repliquemangacine.fr\/es\/revolver-colts\/revolver-colt-navy-1851\/\">Colt Navy<\/a> Rev\u00f3lver (1851) de Denix.<\/li>\n<li>As\u00ed como estuches Colt con balas falsas de la marca <a href=\"https:\/\/repliquemangacine.fr\/es\/pistola-kolser\/\">Kolser<\/a>.<\/li>\n<li>Y muchos m\u00e1s por descubrir en nuestra tienda en l\u00ednea.<\/li>\n<\/ul>\n<p>Por eso es una gran idea de regalo para coleccionistas o aficionados a las pel\u00edculas del Oeste.<\/p>\n<p>En conclusi\u00f3n, puede utilizar el <strong>Colt Peacemaker acabado Rosewood<\/strong> 1873 Denix para tus demostraciones de westerns o tus fiestas tem\u00e1ticas.<\/p>\n<p>Les recordamos que s\u00f3lo son armas ficticias y no suponen ning\u00fan peligro.<\/p>\n<p>R\u00e9plique Manga Cin\u00e9 es una empresa francesa, distribuidora oficial de la marca. <a href=\"https:\/\/www.denix.fr\/fr\/catalogue\/guerre-civile-occidentale-et-americaine-1861-1899\/revolvers\/8186\/\" target=\"_blank\" rel=\"noopener noreferrer\">Denix<\/a>.<\/p>\n<h2>\u00bfC\u00f3mo se fabrican las r\u00e9plicas de armas Denix?<\/h2>\n<p>Utilizadas en recreaciones hist\u00f3ricas, pel\u00edculas, series y por coleccionistas. Las reproducciones Denix est\u00e1n fabricadas con materiales de alta calidad. Cuidadosamente elaboradas y ensambladas para crear armas de colecci\u00f3n realistas.<\/p>\n<ul>\n<li>Los metales se encuentran en una aleaci\u00f3n met\u00e1lica conocida como Zamac, cuya composici\u00f3n b\u00e1sica es zinc en 95%.<\/li>\n<li>Las piezas de pl\u00e1stico de las r\u00e9plicas son de ABS moldeado, que ofrece una gran resistencia.<\/li>\n<li>Las maderas elegidas por su belleza y durabilidad, como la caoba, el olivo o el nogal, dar\u00e1n a sus culatas y barricas un aspecto elegante y aut\u00e9ntico.<\/li>\n<\/ul>\n<p>Cabe se\u00f1alar que todas las reproducciones Denix son id\u00e9nticas a los originales, como su <strong>Colt Peacemaker acabado Rosewood<\/strong>.<\/p>","protected":false},"excerpt":{"rendered":"<p>Peacemaker con ca\u00f1\u00f3n de 4,75 pulgadas, acabado Jasper.<\/p>\n<ul>\n<li>Culata de ABS moldeado imitaci\u00f3n marfil.<\/li>\n<li>Armaz\u00f3n de Zamac cementado.<\/li>\n<li>Dispara y pega como los de verdad, pero no sirve para disparar.<\/li>\n<li>No se requiere autorizaci\u00f3n. Venta y posesi\u00f3n libres<\/li>\n<li>Dimensiones: 29 cm - Peso: 957 g<\/li>\n<\/ul>","protected":false},"featured_media":29063,"template":"","meta":[],"product_brand":[896],"product_cat":[34,33,77,102,28,27],"product_tag":[],"class_list":{"0":"post-29062","1":"product","2":"type-product","3":"status-publish","4":"has-post-thumbnail","6":"product_brand-replique-manga-cine","7":"product_cat-armes-westerns","8":"product_cat-colt-pistolet","9":"product_cat-colt-revolver-western","10":"product_cat-denix","11":"product_cat-repliques-darmes","12":"product_cat-armes-et-accessoires-western","14":"first","15":"instock","16":"sale","17":"taxable","18":"shipping-taxable","19":"purchasable","20":"product-type-simple"},"yoast_head":"<!-- This site is optimized with the Yoast SEO plugin v27.4 - https:\/\/yoast.com\/product\/yoast-seo-wordpress\/ -->\n<title>Colt Peacemaker Finition Jasp\u00e9e - Denix | R\u00e9plique Manga Cin\u00e9<\/title>\n<meta name=\"description\" content=\"D\u00e9couvrez ce Colt Peacemaker Finition Jasp\u00e9e au meilleur prix - En acier finition jasp\u00e9e - M\u00e9canisme fonctionnel - Barillet rotatif - Longueur : 29 cm\" \/>\n<meta name=\"robots\" content=\"index, follow, max-snippet:-1, max-image-preview:large, max-video-preview:-1\" \/>\n<link rel=\"canonical\" href=\"https:\/\/repliquemangacine.fr\/es\/revolver-colt-western\/colt-peacemaker-acabado-jaspe-usa-1873\/\" \/>\n<meta property=\"og:locale\" content=\"es_ES\" \/>\n<meta property=\"og:type\" content=\"article\" \/>\n<meta property=\"og:title\" content=\"Colt Peacemaker Finition Jasp\u00e9e - Denix | R\u00e9plique Manga Cin\u00e9\" \/>\n<meta property=\"og:description\" content=\"D\u00e9couvrez ce Colt Peacemaker Finition Jasp\u00e9e au meilleur prix - En acier finition jasp\u00e9e - M\u00e9canisme fonctionnel - Barillet rotatif - Longueur : 29 cm\" \/>\n<meta property=\"og:url\" content=\"https:\/\/repliquemangacine.fr\/es\/revolver-colt-western\/colt-peacemaker-acabado-jaspe-usa-1873\/\" \/>\n<meta property=\"og:site_name\" content=\"R\u00e9plique Manga Cin\u00e9\" \/>\n<meta property=\"article:publisher\" content=\"https:\/\/www.facebook.com\/RepliqueMangaCine\" \/>\n<meta property=\"article:modified_time\" content=\"2026-03-20T11:41:13+00:00\" \/>\n<meta property=\"og:image\" content=\"https:\/\/repliquemangacine.fr\/wp-content\/uploads\/2023\/10\/3758-Revolver-Peacemaker-finition-Jaspee.jpg\" \/>\n\t<meta property=\"og:image:width\" content=\"800\" \/>\n\t<meta property=\"og:image:height\" content=\"800\" \/>\n\t<meta property=\"og:image:type\" content=\"image\/jpeg\" \/>\n<meta name=\"twitter:card\" content=\"summary_large_image\" \/>\n<meta name=\"twitter:label1\" content=\"Tiempo de lectura\" \/>\n\t<meta name=\"twitter:data1\" content=\"2 minutos\" \/>\n<script type=\"application\/ld+json\" class=\"yoast-schema-graph\">{\"@context\":\"https:\\\/\\\/schema.org\",\"@graph\":[{\"@type\":\"WebPage\",\"@id\":\"https:\\\/\\\/repliquemangacine.fr\\\/colt-revolver-western\\\/colt-peacemaker-finition-jaspee-usa-1873\\\/\",\"url\":\"https:\\\/\\\/repliquemangacine.fr\\\/colt-revolver-western\\\/colt-peacemaker-finition-jaspee-usa-1873\\\/\",\"name\":\"Colt Peacemaker Finition Jasp\u00e9e - Denix | R\u00e9plique Manga Cin\u00e9\",\"isPartOf\":{\"@id\":\"https:\\\/\\\/repliquemangacine.fr\\\/#website\"},\"primaryImageOfPage\":{\"@id\":\"https:\\\/\\\/repliquemangacine.fr\\\/colt-revolver-western\\\/colt-peacemaker-finition-jaspee-usa-1873\\\/#primaryimage\"},\"image\":{\"@id\":\"https:\\\/\\\/repliquemangacine.fr\\\/colt-revolver-western\\\/colt-peacemaker-finition-jaspee-usa-1873\\\/#primaryimage\"},\"thumbnailUrl\":\"https:\\\/\\\/repliquemangacine.fr\\\/wp-content\\\/uploads\\\/2023\\\/10\\\/3758-Revolver-Peacemaker-finition-Jaspee.jpg\",\"datePublished\":\"2020-10-18T12:28:33+00:00\",\"dateModified\":\"2026-03-20T11:41:13+00:00\",\"description\":\"D\u00e9couvrez ce Colt Peacemaker Finition Jasp\u00e9e au meilleur prix - En acier finition jasp\u00e9e - M\u00e9canisme fonctionnel - Barillet rotatif - Longueur : 29 cm\",\"breadcrumb\":{\"@id\":\"https:\\\/\\\/repliquemangacine.fr\\\/colt-revolver-western\\\/colt-peacemaker-finition-jaspee-usa-1873\\\/#breadcrumb\"},\"inLanguage\":\"es\",\"potentialAction\":[{\"@type\":\"ReadAction\",\"target\":[\"https:\\\/\\\/repliquemangacine.fr\\\/colt-revolver-western\\\/colt-peacemaker-finition-jaspee-usa-1873\\\/\"]}]},{\"@type\":\"ImageObject\",\"inLanguage\":\"es\",\"@id\":\"https:\\\/\\\/repliquemangacine.fr\\\/colt-revolver-western\\\/colt-peacemaker-finition-jaspee-usa-1873\\\/#primaryimage\",\"url\":\"https:\\\/\\\/repliquemangacine.fr\\\/wp-content\\\/uploads\\\/2023\\\/10\\\/3758-Revolver-Peacemaker-finition-Jaspee.jpg\",\"contentUrl\":\"https:\\\/\\\/repliquemangacine.fr\\\/wp-content\\\/uploads\\\/2023\\\/10\\\/3758-Revolver-Peacemaker-finition-Jaspee.jpg\",\"width\":800,\"height\":800,\"caption\":\"Revolver Peacemaker finition Jasp\u00e9e\"},{\"@type\":\"BreadcrumbList\",\"@id\":\"https:\\\/\\\/repliquemangacine.fr\\\/colt-revolver-western\\\/colt-peacemaker-finition-jaspee-usa-1873\\\/#breadcrumb\",\"itemListElement\":[{\"@type\":\"ListItem\",\"position\":1,\"name\":\"Accueil\",\"item\":\"https:\\\/\\\/repliquemangacine.fr\\\/\"},{\"@type\":\"ListItem\",\"position\":2,\"name\":\"Produits\",\"item\":\"https:\\\/\\\/repliquemangacine.fr\\\/boutique\\\/\"},{\"@type\":\"ListItem\",\"position\":3,\"name\":\"Colt Peacemaker finition Jasp\u00e9e &#8211; USA 1873\"}]},{\"@type\":\"WebSite\",\"@id\":\"https:\\\/\\\/repliquemangacine.fr\\\/#website\",\"url\":\"https:\\\/\\\/repliquemangacine.fr\\\/\",\"name\":\"R\u00e9plique Manga Cin\u00e9\",\"description\":\"\",\"publisher\":{\"@id\":\"https:\\\/\\\/repliquemangacine.fr\\\/#organization\"},\"potentialAction\":[{\"@type\":\"SearchAction\",\"target\":{\"@type\":\"EntryPoint\",\"urlTemplate\":\"https:\\\/\\\/repliquemangacine.fr\\\/?s={search_term_string}\"},\"query-input\":{\"@type\":\"PropertyValueSpecification\",\"valueRequired\":true,\"valueName\":\"search_term_string\"}}],\"inLanguage\":\"es\"},{\"@type\":\"Organization\",\"@id\":\"https:\\\/\\\/repliquemangacine.fr\\\/#organization\",\"name\":\"R\u00e9plique Manga Cin\u00e9\",\"url\":\"https:\\\/\\\/repliquemangacine.fr\\\/\",\"logo\":{\"@type\":\"ImageObject\",\"inLanguage\":\"es\",\"@id\":\"https:\\\/\\\/repliquemangacine.fr\\\/#\\\/schema\\\/logo\\\/image\\\/\",\"url\":\"https:\\\/\\\/repliquemangacine.fr\\\/wp-content\\\/uploads\\\/2023\\\/10\\\/RMC-500250.png\",\"contentUrl\":\"https:\\\/\\\/repliquemangacine.fr\\\/wp-content\\\/uploads\\\/2023\\\/10\\\/RMC-500250.png\",\"width\":500,\"height\":250,\"caption\":\"R\u00e9plique Manga Cin\u00e9\"},\"image\":{\"@id\":\"https:\\\/\\\/repliquemangacine.fr\\\/#\\\/schema\\\/logo\\\/image\\\/\"},\"sameAs\":[\"https:\\\/\\\/www.facebook.com\\\/RepliqueMangaCine\",\"https:\\\/\\\/www.instagram.com\\\/repliquemangacine.fr\\\/\"]}]}<\/script>\n<!-- \/ Yoast SEO plugin. -->","yoast_head_json":{"title":"Colt Peacemaker Acabado Jaspe - Denix | R\u00e9plique Manga Cin\u00e9","description":"Descubra este Colt Peacemaker acabado Jaspe al mejor precio - En acero acabado Jaspe - Mecanismo funcional - Ca\u00f1\u00f3n giratorio - Longitud: 29 cm","robots":{"index":"index","follow":"follow","max-snippet":"max-snippet:-1","max-image-preview":"max-image-preview:large","max-video-preview":"max-video-preview:-1"},"canonical":"https:\/\/repliquemangacine.fr\/es\/revolver-colt-western\/colt-peacemaker-acabado-jaspe-usa-1873\/","og_locale":"es_ES","og_type":"article","og_title":"Colt Peacemaker Finition Jasp\u00e9e - Denix | R\u00e9plique Manga Cin\u00e9","og_description":"D\u00e9couvrez ce Colt Peacemaker Finition Jasp\u00e9e au meilleur prix - En acier finition jasp\u00e9e - M\u00e9canisme fonctionnel - Barillet rotatif - Longueur : 29 cm","og_url":"https:\/\/repliquemangacine.fr\/es\/revolver-colt-western\/colt-peacemaker-acabado-jaspe-usa-1873\/","og_site_name":"R\u00e9plique Manga Cin\u00e9","article_publisher":"https:\/\/www.facebook.com\/RepliqueMangaCine","article_modified_time":"2026-03-20T11:41:13+00:00","og_image":[{"width":800,"height":800,"url":"https:\/\/repliquemangacine.fr\/wp-content\/uploads\/2023\/10\/3758-Revolver-Peacemaker-finition-Jaspee.jpg","type":"image\/jpeg"}],"twitter_card":"summary_large_image","twitter_misc":{"Tiempo de lectura":"2 minutos"},"schema":{"@context":"https:\/\/schema.org","@graph":[{"@type":"WebPage","@id":"https:\/\/repliquemangacine.fr\/colt-revolver-western\/colt-peacemaker-finition-jaspee-usa-1873\/","url":"https:\/\/repliquemangacine.fr\/colt-revolver-western\/colt-peacemaker-finition-jaspee-usa-1873\/","name":"Colt Peacemaker Acabado Jaspe - Denix | R\u00e9plique Manga Cin\u00e9","isPartOf":{"@id":"https:\/\/repliquemangacine.fr\/#website"},"primaryImageOfPage":{"@id":"https:\/\/repliquemangacine.fr\/colt-revolver-western\/colt-peacemaker-finition-jaspee-usa-1873\/#primaryimage"},"image":{"@id":"https:\/\/repliquemangacine.fr\/colt-revolver-western\/colt-peacemaker-finition-jaspee-usa-1873\/#primaryimage"},"thumbnailUrl":"https:\/\/repliquemangacine.fr\/wp-content\/uploads\/2023\/10\/3758-Revolver-Peacemaker-finition-Jaspee.jpg","datePublished":"2020-10-18T12:28:33+00:00","dateModified":"2026-03-20T11:41:13+00:00","description":"Descubra este Colt Peacemaker acabado Jaspe al mejor precio - En acero acabado Jaspe - Mecanismo funcional - Ca\u00f1\u00f3n giratorio - Longitud: 29 cm","breadcrumb":{"@id":"https:\/\/repliquemangacine.fr\/colt-revolver-western\/colt-peacemaker-finition-jaspee-usa-1873\/#breadcrumb"},"inLanguage":"es","potentialAction":[{"@type":"ReadAction","target":["https:\/\/repliquemangacine.fr\/colt-revolver-western\/colt-peacemaker-finition-jaspee-usa-1873\/"]}]},{"@type":"ImageObject","inLanguage":"es","@id":"https:\/\/repliquemangacine.fr\/colt-revolver-western\/colt-peacemaker-finition-jaspee-usa-1873\/#primaryimage","url":"https:\/\/repliquemangacine.fr\/wp-content\/uploads\/2023\/10\/3758-Revolver-Peacemaker-finition-Jaspee.jpg","contentUrl":"https:\/\/repliquemangacine.fr\/wp-content\/uploads\/2023\/10\/3758-Revolver-Peacemaker-finition-Jaspee.jpg","width":800,"height":800,"caption":"Revolver Peacemaker finition Jasp\u00e9e"},{"@type":"BreadcrumbList","@id":"https:\/\/repliquemangacine.fr\/colt-revolver-western\/colt-peacemaker-finition-jaspee-usa-1873\/#breadcrumb","itemListElement":[{"@type":"ListItem","position":1,"name":"Accueil","item":"https:\/\/repliquemangacine.fr\/"},{"@type":"ListItem","position":2,"name":"Produits","item":"https:\/\/repliquemangacine.fr\/boutique\/"},{"@type":"ListItem","position":3,"name":"Colt Peacemaker finition Jasp\u00e9e &#8211; USA 1873"}]},{"@type":"WebSite","@id":"https:\/\/repliquemangacine.fr\/#website","url":"https:\/\/repliquemangacine.fr\/","name":"R\u00e9plique Manga Cin\u00e9","description":"","publisher":{"@id":"https:\/\/repliquemangacine.fr\/#organization"},"potentialAction":[{"@type":"SearchAction","target":{"@type":"EntryPoint","urlTemplate":"https:\/\/repliquemangacine.fr\/?s={search_term_string}"},"query-input":{"@type":"PropertyValueSpecification","valueRequired":true,"valueName":"search_term_string"}}],"inLanguage":"es"},{"@type":"Organization","@id":"https:\/\/repliquemangacine.fr\/#organization","name":"R\u00e9plique Manga Cin\u00e9","url":"https:\/\/repliquemangacine.fr\/","logo":{"@type":"ImageObject","inLanguage":"es","@id":"https:\/\/repliquemangacine.fr\/#\/schema\/logo\/image\/","url":"https:\/\/repliquemangacine.fr\/wp-content\/uploads\/2023\/10\/RMC-500250.png","contentUrl":"https:\/\/repliquemangacine.fr\/wp-content\/uploads\/2023\/10\/RMC-500250.png","width":500,"height":250,"caption":"R\u00e9plique Manga Cin\u00e9"},"image":{"@id":"https:\/\/repliquemangacine.fr\/#\/schema\/logo\/image\/"},"sameAs":["https:\/\/www.facebook.com\/RepliqueMangaCine","https:\/\/www.instagram.com\/repliquemangacine.fr\/"]}]}},"_links":{"self":[{"href":"https:\/\/repliquemangacine.fr\/es\/wp-json\/wp\/v2\/product\/29062","targetHints":{"allow":["GET"]}}],"collection":[{"href":"https:\/\/repliquemangacine.fr\/es\/wp-json\/wp\/v2\/product"}],"about":[{"href":"https:\/\/repliquemangacine.fr\/es\/wp-json\/wp\/v2\/types\/product"}],"wp:featuredmedia":[{"embeddable":true,"href":"https:\/\/repliquemangacine.fr\/es\/wp-json\/wp\/v2\/media\/29063"}],"wp:attachment":[{"href":"https:\/\/repliquemangacine.fr\/es\/wp-json\/wp\/v2\/media?parent=29062"}],"wp:term":[{"taxonomy":"product_brand","embeddable":true,"href":"https:\/\/repliquemangacine.fr\/es\/wp-json\/wp\/v2\/product_brand?post=29062"},{"taxonomy":"product_cat","embeddable":true,"href":"https:\/\/repliquemangacine.fr\/es\/wp-json\/wp\/v2\/product_cat?post=29062"},{"taxonomy":"product_tag","embeddable":true,"href":"https:\/\/repliquemangacine.fr\/es\/wp-json\/wp\/v2\/product_tag?post=29062"}],"curies":[{"name":"wp","href":"https:\/\/api.w.org\/{rel}","templated":true}]}}