





{"id":29055,"date":"2020-10-17T17:28:02","date_gmt":"2020-10-17T15:28:02","guid":{"rendered":"https:\/\/repliquemangacine.fr\/?post_type=product&#038;p=29055"},"modified":"2026-02-06T15:25:50","modified_gmt":"2026-02-06T14:25:50","slug":"pistola-walther-ppk-7-65-gold","status":"publish","type":"product","link":"https:\/\/repliquemangacine.fr\/es\/reproductions-armes-seconde-guerre-mondiale-denix\/pistolet-walther-ppk-7-65-dore\/","title":{"rendered":"Pistola Walther PPK 7.65 Gold"},"content":{"rendered":"<h2>Pistola Walther PPK 7.65 Gold Denix 1931.<\/h2>\n<p>Para empezar, el <strong>Pistola Walther PPK 7.65 Gold<\/strong> de 1931 es el arma favorita de la mayor\u00eda de los oficiales alemanes en la Segunda Guerra Mundial.<\/p>\n<p>La Walther PP (Polizei Pistole) es una pistola semiautom\u00e1tica de doble acci\u00f3n con rec\u00e1mara por retroceso. Cabe destacar que la mayor\u00eda de estas armas ten\u00edan un calibre de 7,65 mm Browning.<\/p>\n<p>Durante la Segunda Guerra Mundial, la polic\u00eda alemana, la Luftwaffe y los funcionarios del partido nazi la utilizaron. Se dice que Adolf Hitler se suicid\u00f3 con su PPK en su b\u00fanker del F\u00fchrer en Berl\u00edn.<\/p>\n<p>Inmortalizada en su versi\u00f3n PPK por el personaje de James Bond. Aparece en las pel\u00edculas de James Bond 007 contra Dr. No hasta Ma\u00f1ana nunca muere, as\u00ed como en la mayor\u00eda de las pel\u00edculas de la segunda guerra.<\/p>\n<h2>Tu Pistola Walther PPK 7.65 al mejor precio.<\/h2>\n<p>Le ofrecemos una amplia selecci\u00f3n de reproducciones de armas hist\u00f3ricas de la marca Denix.<\/p>\n<p>Lo primero y m\u00e1s importante,<\/p>\n<ul>\n<li>La r\u00e9plica del <a href=\"https:\/\/repliquemangacine.fr\/es\/reproducciones-darmes\/luger-parabellum-p08-kriegsmarine\/\">Luger Parabellum P08<\/a> en diferentes versiones.<\/li>\n<li>Tambi\u00e9n est\u00e1 el Colt <a href=\"https:\/\/repliquemangacine.fr\/es\/reproducciones-darmes\/pistolet-browning-hi-power-gp35-belgique-1935\/\">Browning GP35<\/a> de 1935 con su culata acanalada.<\/li>\n<li>Adem\u00e1s de la reproducci\u00f3n de <a href=\"https:\/\/repliquemangacine.fr\/es\/reproducciones-darmes\/pistolet-mitrailleur-mp40-denix\/\">MP 40 ametrallador<\/a> Maschinenpistole.<\/li>\n<li>Y muchos m\u00e1s por descubrir en nuestra tienda en l\u00ednea.<\/li>\n<\/ul>\n<p>Por eso, aqu\u00ed tienes unas ideas fant\u00e1sticas para regalar a todos los apasionados de la historia y, sobre todo, para no olvidar a nuestros h\u00e9roes.<\/p>\n<p>En conclusi\u00f3n, puede utilizar el <strong>Pistola Walther PPK 7.65 Gold<\/strong> Denix para tus recreaciones hist\u00f3ricas. Pero, ante todo, esta reproducci\u00f3n es un arma de colecci\u00f3n.<\/p>\n<p>R\u00e9plique Manga Cin\u00e9 es una empresa familiar francesa, distribuidora oficial de la marca. <a href=\"https:\/\/www.denix.fr\/fr\/catalogue\/guerres-mondiales-1914-1945\/pistolets\/5277\/\" target=\"_blank\" rel=\"noopener noreferrer\">Denix<\/a>.<\/p>\n<h2>\u00bfC\u00f3mo se fabrican las r\u00e9plicas de armas Denix?<\/h2>\n<p>Utilizadas en recreaciones hist\u00f3ricas, pel\u00edculas, series y por coleccionistas. Las reproducciones Denix est\u00e1n fabricadas con materiales de alta calidad. Cuidadosamente elaboradas y ensambladas para crear armas de colecci\u00f3n realistas.<\/p>\n<ul>\n<li>Los metales se encuentran en una aleaci\u00f3n met\u00e1lica conocida como Zamac, cuya composici\u00f3n b\u00e1sica es zinc en 95%.<\/li>\n<li>Las piezas de pl\u00e1stico de las r\u00e9plicas son de ABS moldeado, que ofrece una gran resistencia.<\/li>\n<li>La madera elegida por su belleza y durabilidad, como la caoba, el olivo o el nogal, dar\u00e1 a sus culatas y barricas un aspecto elegante y aut\u00e9ntico.<\/li>\n<\/ul>\n<p>Cabe se\u00f1alar que todas las reproducciones Denix son id\u00e9nticas a los originales, ya que su <strong>Pistola Walther PPK 7.65 Gold<\/strong>.<\/p>","protected":false},"excerpt":{"rendered":"<p>Esta reproducci\u00f3n de la pistola semiautom\u00e1tica Walther PPK, Alemania 1929.<\/p>\n<ul>\n<li>Marco de Zamac.<\/li>\n<li>Placas de stock en ABS imitaci\u00f3n marfil.<\/li>\n<li>Cargador extra\u00edble.<\/li>\n<li>Calibre 7.65.<\/li>\n<li>Mecanismo\/simulador de carga y descarga.<\/li>\n<li>Dispara y golpea como uno de verdad, pero es totalmente incapaz de disparar.<\/li>\n<li>No se requiere autorizaci\u00f3n. Venta y posesi\u00f3n libres<\/li>\n<li>Dimensiones: 18 cm -Peso: 590 gramos<\/li>\n<\/ul>","protected":false},"featured_media":29056,"template":"","meta":[],"product_brand":[896],"product_cat":[25,102,54,40,28,76],"product_tag":[],"class_list":{"0":"post-29055","1":"product","2":"type-product","3":"status-publish","4":"has-post-thumbnail","6":"product_brand-replique-manga-cine","7":"product_cat-armes-historiques","8":"product_cat-denix","9":"product_cat-armes-accessoires-guerre-mondiale","10":"product_cat-pistolet-moderne","11":"product_cat-repliques-darmes","12":"product_cat-reproductions-armes-seconde-guerre-mondiale-denix","14":"first","15":"instock","16":"sale","17":"taxable","18":"shipping-taxable","19":"purchasable","20":"product-type-simple"},"yoast_head":"<!-- This site is optimized with the Yoast SEO plugin v27.4 - https:\/\/yoast.com\/product\/yoast-seo-wordpress\/ -->\n<title>Pistolet Walther PPK 7.65 Dor\u00e9 - Boutique en ligne | RMC<\/title>\n<meta name=\"description\" content=\"Offrez-vous ce pistolet Walther PPK 7.65 Dor\u00e9 au meilleur prix - En m\u00e9tal - Crosse imitation ivoire - Chargeur amovible - M\u00e9canisme fonctionnel - 18 cm\" \/>\n<meta name=\"robots\" content=\"index, follow, max-snippet:-1, max-image-preview:large, max-video-preview:-1\" \/>\n<link rel=\"canonical\" href=\"https:\/\/repliquemangacine.fr\/es\/denix\/pistola-walther-ppk-7-65-gold\/\" \/>\n<meta property=\"og:locale\" content=\"es_ES\" \/>\n<meta property=\"og:type\" content=\"article\" \/>\n<meta property=\"og:title\" content=\"Pistolet Walther PPK 7.65 Dor\u00e9 - Boutique en ligne | RMC\" \/>\n<meta property=\"og:description\" content=\"Offrez-vous ce pistolet Walther PPK 7.65 Dor\u00e9 au meilleur prix - En m\u00e9tal - Crosse imitation ivoire - Chargeur amovible - M\u00e9canisme fonctionnel - 18 cm\" \/>\n<meta property=\"og:url\" content=\"https:\/\/repliquemangacine.fr\/es\/denix\/pistola-walther-ppk-7-65-gold\/\" \/>\n<meta property=\"og:site_name\" content=\"R\u00e9plique Manga Cin\u00e9\" \/>\n<meta property=\"article:publisher\" content=\"https:\/\/www.facebook.com\/RepliqueMangaCine\" \/>\n<meta property=\"article:modified_time\" content=\"2026-02-06T14:25:50+00:00\" \/>\n<meta property=\"og:image\" content=\"https:\/\/repliquemangacine.fr\/wp-content\/uploads\/2023\/10\/3753-Pistolet-Walther-Dore-Calibre-7.65.jpg\" \/>\n\t<meta property=\"og:image:width\" content=\"800\" \/>\n\t<meta property=\"og:image:height\" content=\"800\" \/>\n\t<meta property=\"og:image:type\" content=\"image\/jpeg\" \/>\n<meta name=\"twitter:card\" content=\"summary_large_image\" \/>\n<meta name=\"twitter:label1\" content=\"Tiempo de lectura\" \/>\n\t<meta name=\"twitter:data1\" content=\"1 minuto\" \/>\n<script type=\"application\/ld+json\" class=\"yoast-schema-graph\">{\"@context\":\"https:\\\/\\\/schema.org\",\"@graph\":[{\"@type\":\"WebPage\",\"@id\":\"https:\\\/\\\/repliquemangacine.fr\\\/denix\\\/pistolet-walther-ppk-7-65-dore\\\/\",\"url\":\"https:\\\/\\\/repliquemangacine.fr\\\/denix\\\/pistolet-walther-ppk-7-65-dore\\\/\",\"name\":\"Pistolet Walther PPK 7.65 Dor\u00e9 - Boutique en ligne | RMC\",\"isPartOf\":{\"@id\":\"https:\\\/\\\/repliquemangacine.fr\\\/#website\"},\"primaryImageOfPage\":{\"@id\":\"https:\\\/\\\/repliquemangacine.fr\\\/denix\\\/pistolet-walther-ppk-7-65-dore\\\/#primaryimage\"},\"image\":{\"@id\":\"https:\\\/\\\/repliquemangacine.fr\\\/denix\\\/pistolet-walther-ppk-7-65-dore\\\/#primaryimage\"},\"thumbnailUrl\":\"https:\\\/\\\/repliquemangacine.fr\\\/wp-content\\\/uploads\\\/2023\\\/10\\\/3753-Pistolet-Walther-Dore-Calibre-7.65.jpg\",\"datePublished\":\"2020-10-17T15:28:02+00:00\",\"dateModified\":\"2026-02-06T14:25:50+00:00\",\"description\":\"Offrez-vous ce pistolet Walther PPK 7.65 Dor\u00e9 au meilleur prix - En m\u00e9tal - Crosse imitation ivoire - Chargeur amovible - M\u00e9canisme fonctionnel - 18 cm\",\"breadcrumb\":{\"@id\":\"https:\\\/\\\/repliquemangacine.fr\\\/denix\\\/pistolet-walther-ppk-7-65-dore\\\/#breadcrumb\"},\"inLanguage\":\"es\",\"potentialAction\":[{\"@type\":\"ReadAction\",\"target\":[\"https:\\\/\\\/repliquemangacine.fr\\\/denix\\\/pistolet-walther-ppk-7-65-dore\\\/\"]}]},{\"@type\":\"ImageObject\",\"inLanguage\":\"es\",\"@id\":\"https:\\\/\\\/repliquemangacine.fr\\\/denix\\\/pistolet-walther-ppk-7-65-dore\\\/#primaryimage\",\"url\":\"https:\\\/\\\/repliquemangacine.fr\\\/wp-content\\\/uploads\\\/2023\\\/10\\\/3753-Pistolet-Walther-Dore-Calibre-7.65.jpg\",\"contentUrl\":\"https:\\\/\\\/repliquemangacine.fr\\\/wp-content\\\/uploads\\\/2023\\\/10\\\/3753-Pistolet-Walther-Dore-Calibre-7.65.jpg\",\"width\":800,\"height\":800,\"caption\":\"Pistolet Walther Dor\u00e9 - Calibre 7.65\"},{\"@type\":\"BreadcrumbList\",\"@id\":\"https:\\\/\\\/repliquemangacine.fr\\\/denix\\\/pistolet-walther-ppk-7-65-dore\\\/#breadcrumb\",\"itemListElement\":[{\"@type\":\"ListItem\",\"position\":1,\"name\":\"Accueil\",\"item\":\"https:\\\/\\\/repliquemangacine.fr\\\/\"},{\"@type\":\"ListItem\",\"position\":2,\"name\":\"Produits\",\"item\":\"https:\\\/\\\/repliquemangacine.fr\\\/boutique\\\/\"},{\"@type\":\"ListItem\",\"position\":3,\"name\":\"Pistolet Walther PPK 7.65 Dor\u00e9\"}]},{\"@type\":\"WebSite\",\"@id\":\"https:\\\/\\\/repliquemangacine.fr\\\/#website\",\"url\":\"https:\\\/\\\/repliquemangacine.fr\\\/\",\"name\":\"R\u00e9plique Manga Cin\u00e9\",\"description\":\"\",\"publisher\":{\"@id\":\"https:\\\/\\\/repliquemangacine.fr\\\/#organization\"},\"potentialAction\":[{\"@type\":\"SearchAction\",\"target\":{\"@type\":\"EntryPoint\",\"urlTemplate\":\"https:\\\/\\\/repliquemangacine.fr\\\/?s={search_term_string}\"},\"query-input\":{\"@type\":\"PropertyValueSpecification\",\"valueRequired\":true,\"valueName\":\"search_term_string\"}}],\"inLanguage\":\"es\"},{\"@type\":\"Organization\",\"@id\":\"https:\\\/\\\/repliquemangacine.fr\\\/#organization\",\"name\":\"R\u00e9plique Manga Cin\u00e9\",\"url\":\"https:\\\/\\\/repliquemangacine.fr\\\/\",\"logo\":{\"@type\":\"ImageObject\",\"inLanguage\":\"es\",\"@id\":\"https:\\\/\\\/repliquemangacine.fr\\\/#\\\/schema\\\/logo\\\/image\\\/\",\"url\":\"https:\\\/\\\/repliquemangacine.fr\\\/wp-content\\\/uploads\\\/2023\\\/10\\\/RMC-500250.png\",\"contentUrl\":\"https:\\\/\\\/repliquemangacine.fr\\\/wp-content\\\/uploads\\\/2023\\\/10\\\/RMC-500250.png\",\"width\":500,\"height\":250,\"caption\":\"R\u00e9plique Manga Cin\u00e9\"},\"image\":{\"@id\":\"https:\\\/\\\/repliquemangacine.fr\\\/#\\\/schema\\\/logo\\\/image\\\/\"},\"sameAs\":[\"https:\\\/\\\/www.facebook.com\\\/RepliqueMangaCine\",\"https:\\\/\\\/www.instagram.com\\\/repliquemangacine.fr\\\/\"]}]}<\/script>\n<!-- \/ Yoast SEO plugin. -->","yoast_head_json":{"title":"Walther PPK 7.65 Gold Pistol - Tienda Online | RMC","description":"Reg\u00e1lese esta pistola Walther PPK 7.65 Gold al mejor precio - Metal - Culata imitaci\u00f3n marfil - Cargador extra\u00edble - Mecanismo funcional - 18 cm","robots":{"index":"index","follow":"follow","max-snippet":"max-snippet:-1","max-image-preview":"max-image-preview:large","max-video-preview":"max-video-preview:-1"},"canonical":"https:\/\/repliquemangacine.fr\/es\/denix\/pistola-walther-ppk-7-65-gold\/","og_locale":"es_ES","og_type":"article","og_title":"Pistolet Walther PPK 7.65 Dor\u00e9 - Boutique en ligne | RMC","og_description":"Offrez-vous ce pistolet Walther PPK 7.65 Dor\u00e9 au meilleur prix - En m\u00e9tal - Crosse imitation ivoire - Chargeur amovible - M\u00e9canisme fonctionnel - 18 cm","og_url":"https:\/\/repliquemangacine.fr\/es\/denix\/pistola-walther-ppk-7-65-gold\/","og_site_name":"R\u00e9plique Manga Cin\u00e9","article_publisher":"https:\/\/www.facebook.com\/RepliqueMangaCine","article_modified_time":"2026-02-06T14:25:50+00:00","og_image":[{"width":800,"height":800,"url":"https:\/\/repliquemangacine.fr\/wp-content\/uploads\/2023\/10\/3753-Pistolet-Walther-Dore-Calibre-7.65.jpg","type":"image\/jpeg"}],"twitter_card":"summary_large_image","twitter_misc":{"Tiempo de lectura":"1 minuto"},"schema":{"@context":"https:\/\/schema.org","@graph":[{"@type":"WebPage","@id":"https:\/\/repliquemangacine.fr\/denix\/pistolet-walther-ppk-7-65-dore\/","url":"https:\/\/repliquemangacine.fr\/denix\/pistolet-walther-ppk-7-65-dore\/","name":"Walther PPK 7.65 Gold Pistol - Tienda Online | RMC","isPartOf":{"@id":"https:\/\/repliquemangacine.fr\/#website"},"primaryImageOfPage":{"@id":"https:\/\/repliquemangacine.fr\/denix\/pistolet-walther-ppk-7-65-dore\/#primaryimage"},"image":{"@id":"https:\/\/repliquemangacine.fr\/denix\/pistolet-walther-ppk-7-65-dore\/#primaryimage"},"thumbnailUrl":"https:\/\/repliquemangacine.fr\/wp-content\/uploads\/2023\/10\/3753-Pistolet-Walther-Dore-Calibre-7.65.jpg","datePublished":"2020-10-17T15:28:02+00:00","dateModified":"2026-02-06T14:25:50+00:00","description":"Reg\u00e1lese esta pistola Walther PPK 7.65 Gold al mejor precio - Metal - Culata imitaci\u00f3n marfil - Cargador extra\u00edble - Mecanismo funcional - 18 cm","breadcrumb":{"@id":"https:\/\/repliquemangacine.fr\/denix\/pistolet-walther-ppk-7-65-dore\/#breadcrumb"},"inLanguage":"es","potentialAction":[{"@type":"ReadAction","target":["https:\/\/repliquemangacine.fr\/denix\/pistolet-walther-ppk-7-65-dore\/"]}]},{"@type":"ImageObject","inLanguage":"es","@id":"https:\/\/repliquemangacine.fr\/denix\/pistolet-walther-ppk-7-65-dore\/#primaryimage","url":"https:\/\/repliquemangacine.fr\/wp-content\/uploads\/2023\/10\/3753-Pistolet-Walther-Dore-Calibre-7.65.jpg","contentUrl":"https:\/\/repliquemangacine.fr\/wp-content\/uploads\/2023\/10\/3753-Pistolet-Walther-Dore-Calibre-7.65.jpg","width":800,"height":800,"caption":"Pistolet Walther Dor\u00e9 - Calibre 7.65"},{"@type":"BreadcrumbList","@id":"https:\/\/repliquemangacine.fr\/denix\/pistolet-walther-ppk-7-65-dore\/#breadcrumb","itemListElement":[{"@type":"ListItem","position":1,"name":"Accueil","item":"https:\/\/repliquemangacine.fr\/"},{"@type":"ListItem","position":2,"name":"Produits","item":"https:\/\/repliquemangacine.fr\/boutique\/"},{"@type":"ListItem","position":3,"name":"Pistolet Walther PPK 7.65 Dor\u00e9"}]},{"@type":"WebSite","@id":"https:\/\/repliquemangacine.fr\/#website","url":"https:\/\/repliquemangacine.fr\/","name":"R\u00e9plique Manga Cin\u00e9","description":"","publisher":{"@id":"https:\/\/repliquemangacine.fr\/#organization"},"potentialAction":[{"@type":"SearchAction","target":{"@type":"EntryPoint","urlTemplate":"https:\/\/repliquemangacine.fr\/?s={search_term_string}"},"query-input":{"@type":"PropertyValueSpecification","valueRequired":true,"valueName":"search_term_string"}}],"inLanguage":"es"},{"@type":"Organization","@id":"https:\/\/repliquemangacine.fr\/#organization","name":"R\u00e9plique Manga Cin\u00e9","url":"https:\/\/repliquemangacine.fr\/","logo":{"@type":"ImageObject","inLanguage":"es","@id":"https:\/\/repliquemangacine.fr\/#\/schema\/logo\/image\/","url":"https:\/\/repliquemangacine.fr\/wp-content\/uploads\/2023\/10\/RMC-500250.png","contentUrl":"https:\/\/repliquemangacine.fr\/wp-content\/uploads\/2023\/10\/RMC-500250.png","width":500,"height":250,"caption":"R\u00e9plique Manga Cin\u00e9"},"image":{"@id":"https:\/\/repliquemangacine.fr\/#\/schema\/logo\/image\/"},"sameAs":["https:\/\/www.facebook.com\/RepliqueMangaCine","https:\/\/www.instagram.com\/repliquemangacine.fr\/"]}]}},"_links":{"self":[{"href":"https:\/\/repliquemangacine.fr\/es\/wp-json\/wp\/v2\/product\/29055","targetHints":{"allow":["GET"]}}],"collection":[{"href":"https:\/\/repliquemangacine.fr\/es\/wp-json\/wp\/v2\/product"}],"about":[{"href":"https:\/\/repliquemangacine.fr\/es\/wp-json\/wp\/v2\/types\/product"}],"wp:featuredmedia":[{"embeddable":true,"href":"https:\/\/repliquemangacine.fr\/es\/wp-json\/wp\/v2\/media\/29056"}],"wp:attachment":[{"href":"https:\/\/repliquemangacine.fr\/es\/wp-json\/wp\/v2\/media?parent=29055"}],"wp:term":[{"taxonomy":"product_brand","embeddable":true,"href":"https:\/\/repliquemangacine.fr\/es\/wp-json\/wp\/v2\/product_brand?post=29055"},{"taxonomy":"product_cat","embeddable":true,"href":"https:\/\/repliquemangacine.fr\/es\/wp-json\/wp\/v2\/product_cat?post=29055"},{"taxonomy":"product_tag","embeddable":true,"href":"https:\/\/repliquemangacine.fr\/es\/wp-json\/wp\/v2\/product_tag?post=29055"}],"curies":[{"name":"wp","href":"https:\/\/api.w.org\/{rel}","templated":true}]}}