





{"id":29040,"date":"2020-08-02T15:29:38","date_gmt":"2020-08-02T13:29:38","guid":{"rendered":"https:\/\/repliquemangacine.fr\/?post_type=product&#038;p=29040"},"modified":"2026-04-09T18:22:16","modified_gmt":"2026-04-09T16:22:16","slug":"cuchillo-rompecorazones-rambo-5","status":"publish","type":"product","link":"https:\/\/repliquemangacine.fr\/es\/couteaux-rambo-poignard-john-rambo\/couteau-rambo-5-heartstopper\/","title":{"rendered":"Rambo 5 Last Blood Cuchillo Heartstopper"},"content":{"rendered":"<h2>R\u00e9plica Rambo 5 Heartstopper Last Blood Cuchillo<\/h2>\n<p>El cuchillo Rambo 5 Heartstopper Last Blood es exactamente el mismo que aparece en la pel\u00edcula. No incluye certificado de autenticidad, pero la alta calidad de la daga har\u00e1 las delicias de todos los fans, \u00a1sobre todo a este precio!<\/p>\n<p>En primer lugar, Rambo es una saga cinematogr\u00e1fica estadounidense compuesta por cinco pel\u00edculas. John James Rambo es el personaje principal de la novela y de las adaptaciones cinematogr\u00e1ficas. Interpretado en la gran pantalla por el actor Sylvester Stallone.<\/p>\n<p>A trav\u00e9s de las pel\u00edculas, en particular la primera y la cuarta, <a href=\"https:\/\/heros.fandom.com\/fr\/wiki\/John_Rambo\" target=\"_blank\" rel=\"noopener noreferrer\">Rambo<\/a> se muestra como un h\u00e9roe tr\u00e1gico que sufre estr\u00e9s postraum\u00e1tico. Luchador experimentado, es capaz de enfrentarse a varios enemigos sin ayuda y con las manos desnudas. Tambi\u00e9n tiene afinidad con los cuchillos, tanto como arma para matar a numerosos enemigos como herramienta de supervivencia.<\/p>\n<h2>Tu Cuchillo Rambo 5 Heartstopper al mejor precio.<\/h2>\n<p>Te ofrecemos todos los cuchillos de Rambo de todas sus pel\u00edculas.<\/p>\n<p>Lo primero y m\u00e1s importante,<\/p>\n<ul>\n<li>El impresionante <a href=\"https:\/\/repliquemangacine.fr\/es\/cuchillos-rambo-daga-john-rambo\/rambo-daga-3\/\">Rambo 3 daga<\/a> que utiliza en esta obra.<\/li>\n<li>Tambi\u00e9n existe la <a href=\"https:\/\/repliquemangacine.fr\/es\/cuchillos-rambo-daga-john-rambo\/machette-rambo-iv\/\">Rambo machete<\/a> visto en las pel\u00edculas 4 y 5<\/li>\n<li>Adem\u00e1s de Le <a href=\"https:\/\/repliquemangacine.fr\/es\/cuchillos-rambo-daga-john-rambo\/cuchillo-rambo-primera-sangre\/\">Pu\u00f1al de Rambo<\/a> con su kit de supervivencia.<\/li>\n<li>Y mucho m\u00e1s por descubrir en nuestra tienda en l\u00ednea.<\/li>\n<\/ul>\n<p>Por eso, aqu\u00ed tienes una idea genial para regalar a todos los fans de Rambo.<\/p>\n<p>En conclusi\u00f3n, puede utilizar el <strong>Cuchillo Rambo 5 Heartstopper<\/strong> para tus fiestas tem\u00e1ticas o Cosplays. Pero sobre todo, este cuchillo es una pieza de coleccionista.<\/p>\n<p>R\u00e9plique Manga Cin\u00e9 es una empresa familiar francesa<\/p>\n<h2>\u00bfC\u00f3mo se mantiene la hoja del cuchillo?<\/h2>\n<p>Los cuchillos de colecci\u00f3n y decorativos se fabrican y ensamblan de forma simplificada. Como su uso es decorativo, no cuentan con los elementos de seguridad exigidos para una espada japonesa destinada al entrenamiento.<\/p>\n<p>Sin embargo, su <strong>Cuchillo Rambo 5 Heartstopper<\/strong> a una hoja de acero que hay que cuidar para evitar que se estropee con el tiempo. Cuando exponga su katana, sus amigos sentir\u00e1n curiosidad por ver la hoja y tocarla. Aqu\u00ed es donde hay que tener cuidado, ya que la acidez de los dedos es muy perjudicial para el acero, sea cual sea su calidad.<\/p>\n<p>Sin embargo, si esto ocurre, no se preocupe, solo tiene que humedecer un pa\u00f1o con un poco de aceite y limpiar las huellas dactilares. De esta forma, conservar\u00e1 su cuchillo durante mucho tiempo.<\/p>","protected":false},"excerpt":{"rendered":"<p>Magn\u00edfico cuchillo de la pel\u00edcula \"Rambo la \u00faltima misi\u00f3n\".<\/p>\n<ul>\n<li>Fabricado en acero inoxidable 440.<\/li>\n<li>Hoja afilada con el logotipo de Rambo grabado.<\/li>\n<li>Inserciones de fibra de vidrio remachadas.<\/li>\n<li>El protector tiene una forma espec\u00edfica con un gancho.<\/li>\n<li>Manilla de ventana.<\/li>\n<li>Funda de cuero con cierre a presi\u00f3n.<\/li>\n<li>Longitud de la hoja: 23 cm - Longitud total: 38 cm<\/li>\n<li>Peso : 561 Grs<\/li>\n<\/ul>","protected":false},"featured_media":29041,"template":"","meta":[],"product_brand":[896],"product_cat":[24,61],"product_tag":[],"class_list":{"0":"post-29040","1":"product","2":"type-product","3":"status-publish","4":"has-post-thumbnail","6":"product_brand-replique-manga-cine","7":"product_cat-films-series-tv-vente-de-katana-epee-et-produits-derives","8":"product_cat-couteaux-rambo-poignard-john-rambo","10":"first","11":"outofstock","12":"taxable","13":"shipping-taxable","14":"purchasable","15":"product-type-simple"},"yoast_head":"<!-- This site is optimized with the Yoast SEO plugin v27.4 - https:\/\/yoast.com\/product\/yoast-seo-wordpress\/ -->\n<title>Couteau Rambo 5 Heartstopper Last Blood - R\u00e9plique Manga Cin\u00e9<\/title>\n<meta name=\"description\" content=\"Offrez-vous cette r\u00e9plique du Couteau Rambo 5 Heartstopper Last Blood au meilleur prix. Lame en acier 440 - Fourreau en cuir - Longueur totale : 38 cm\" \/>\n<meta name=\"robots\" content=\"index, follow, max-snippet:-1, max-image-preview:large, max-video-preview:-1\" \/>\n<link rel=\"canonical\" href=\"https:\/\/repliquemangacine.fr\/es\/cuchillos-rambo-daga-john-rambo\/cuchillo-rompecorazones-rambo-5\/\" \/>\n<meta property=\"og:locale\" content=\"es_ES\" \/>\n<meta property=\"og:type\" content=\"article\" \/>\n<meta property=\"og:title\" content=\"Couteau Rambo 5 Heartstopper Last Blood - R\u00e9plique Manga Cin\u00e9\" \/>\n<meta property=\"og:description\" content=\"Offrez-vous cette r\u00e9plique du Couteau Rambo 5 Heartstopper Last Blood au meilleur prix. Lame en acier 440 - Fourreau en cuir - Longueur totale : 38 cm\" \/>\n<meta property=\"og:url\" content=\"https:\/\/repliquemangacine.fr\/es\/cuchillos-rambo-daga-john-rambo\/cuchillo-rompecorazones-rambo-5\/\" \/>\n<meta property=\"og:site_name\" content=\"R\u00e9plique Manga Cin\u00e9\" \/>\n<meta property=\"article:publisher\" content=\"https:\/\/www.facebook.com\/RepliqueMangaCine\" \/>\n<meta property=\"article:modified_time\" content=\"2026-04-09T16:22:16+00:00\" \/>\n<meta property=\"og:image\" content=\"https:\/\/repliquemangacine.fr\/wp-content\/uploads\/2023\/10\/3752-Couteau-Rambo-V-Last-Blood.jpg\" \/>\n\t<meta property=\"og:image:width\" content=\"800\" \/>\n\t<meta property=\"og:image:height\" content=\"800\" \/>\n\t<meta property=\"og:image:type\" content=\"image\/jpeg\" \/>\n<meta name=\"twitter:card\" content=\"summary_large_image\" \/>\n<meta name=\"twitter:label1\" content=\"Tiempo de lectura\" \/>\n\t<meta name=\"twitter:data1\" content=\"2 minutos\" \/>\n<script type=\"application\/ld+json\" class=\"yoast-schema-graph\">{\"@context\":\"https:\\\/\\\/schema.org\",\"@graph\":[{\"@type\":\"WebPage\",\"@id\":\"https:\\\/\\\/repliquemangacine.fr\\\/couteaux-rambo-poignard-john-rambo\\\/couteau-rambo-5-heartstopper\\\/\",\"url\":\"https:\\\/\\\/repliquemangacine.fr\\\/couteaux-rambo-poignard-john-rambo\\\/couteau-rambo-5-heartstopper\\\/\",\"name\":\"Couteau Rambo 5 Heartstopper Last Blood - R\u00e9plique Manga Cin\u00e9\",\"isPartOf\":{\"@id\":\"https:\\\/\\\/repliquemangacine.fr\\\/#website\"},\"primaryImageOfPage\":{\"@id\":\"https:\\\/\\\/repliquemangacine.fr\\\/couteaux-rambo-poignard-john-rambo\\\/couteau-rambo-5-heartstopper\\\/#primaryimage\"},\"image\":{\"@id\":\"https:\\\/\\\/repliquemangacine.fr\\\/couteaux-rambo-poignard-john-rambo\\\/couteau-rambo-5-heartstopper\\\/#primaryimage\"},\"thumbnailUrl\":\"https:\\\/\\\/repliquemangacine.fr\\\/wp-content\\\/uploads\\\/2023\\\/10\\\/3752-Couteau-Rambo-V-Last-Blood.jpg\",\"datePublished\":\"2020-08-02T13:29:38+00:00\",\"dateModified\":\"2026-04-09T16:22:16+00:00\",\"description\":\"Offrez-vous cette r\u00e9plique du Couteau Rambo 5 Heartstopper Last Blood au meilleur prix. Lame en acier 440 - Fourreau en cuir - Longueur totale : 38 cm\",\"breadcrumb\":{\"@id\":\"https:\\\/\\\/repliquemangacine.fr\\\/couteaux-rambo-poignard-john-rambo\\\/couteau-rambo-5-heartstopper\\\/#breadcrumb\"},\"inLanguage\":\"es\",\"potentialAction\":[{\"@type\":\"ReadAction\",\"target\":[\"https:\\\/\\\/repliquemangacine.fr\\\/couteaux-rambo-poignard-john-rambo\\\/couteau-rambo-5-heartstopper\\\/\"]}]},{\"@type\":\"ImageObject\",\"inLanguage\":\"es\",\"@id\":\"https:\\\/\\\/repliquemangacine.fr\\\/couteaux-rambo-poignard-john-rambo\\\/couteau-rambo-5-heartstopper\\\/#primaryimage\",\"url\":\"https:\\\/\\\/repliquemangacine.fr\\\/wp-content\\\/uploads\\\/2023\\\/10\\\/3752-Couteau-Rambo-V-Last-Blood.jpg\",\"contentUrl\":\"https:\\\/\\\/repliquemangacine.fr\\\/wp-content\\\/uploads\\\/2023\\\/10\\\/3752-Couteau-Rambo-V-Last-Blood.jpg\",\"width\":800,\"height\":800,\"caption\":\"Couteau Rambo V Last Blood\"},{\"@type\":\"BreadcrumbList\",\"@id\":\"https:\\\/\\\/repliquemangacine.fr\\\/couteaux-rambo-poignard-john-rambo\\\/couteau-rambo-5-heartstopper\\\/#breadcrumb\",\"itemListElement\":[{\"@type\":\"ListItem\",\"position\":1,\"name\":\"Accueil\",\"item\":\"https:\\\/\\\/repliquemangacine.fr\\\/\"},{\"@type\":\"ListItem\",\"position\":2,\"name\":\"Produits\",\"item\":\"https:\\\/\\\/repliquemangacine.fr\\\/boutique\\\/\"},{\"@type\":\"ListItem\",\"position\":3,\"name\":\"Couteau Rambo 5 Last Blood Heartstopper\"}]},{\"@type\":\"WebSite\",\"@id\":\"https:\\\/\\\/repliquemangacine.fr\\\/#website\",\"url\":\"https:\\\/\\\/repliquemangacine.fr\\\/\",\"name\":\"R\u00e9plique Manga Cin\u00e9\",\"description\":\"\",\"publisher\":{\"@id\":\"https:\\\/\\\/repliquemangacine.fr\\\/#organization\"},\"potentialAction\":[{\"@type\":\"SearchAction\",\"target\":{\"@type\":\"EntryPoint\",\"urlTemplate\":\"https:\\\/\\\/repliquemangacine.fr\\\/?s={search_term_string}\"},\"query-input\":{\"@type\":\"PropertyValueSpecification\",\"valueRequired\":true,\"valueName\":\"search_term_string\"}}],\"inLanguage\":\"es\"},{\"@type\":\"Organization\",\"@id\":\"https:\\\/\\\/repliquemangacine.fr\\\/#organization\",\"name\":\"R\u00e9plique Manga Cin\u00e9\",\"url\":\"https:\\\/\\\/repliquemangacine.fr\\\/\",\"logo\":{\"@type\":\"ImageObject\",\"inLanguage\":\"es\",\"@id\":\"https:\\\/\\\/repliquemangacine.fr\\\/#\\\/schema\\\/logo\\\/image\\\/\",\"url\":\"https:\\\/\\\/repliquemangacine.fr\\\/wp-content\\\/uploads\\\/2023\\\/10\\\/RMC-500250.png\",\"contentUrl\":\"https:\\\/\\\/repliquemangacine.fr\\\/wp-content\\\/uploads\\\/2023\\\/10\\\/RMC-500250.png\",\"width\":500,\"height\":250,\"caption\":\"R\u00e9plique Manga Cin\u00e9\"},\"image\":{\"@id\":\"https:\\\/\\\/repliquemangacine.fr\\\/#\\\/schema\\\/logo\\\/image\\\/\"},\"sameAs\":[\"https:\\\/\\\/www.facebook.com\\\/RepliqueMangaCine\",\"https:\\\/\\\/www.instagram.com\\\/repliquemangacine.fr\\\/\"]}]}<\/script>\n<!-- \/ Yoast SEO plugin. -->","yoast_head_json":{"title":"Cuchillo Rambo 5 Heartstopper Last Blood - R\u00e9plique Manga Cin\u00e9","description":"Reg\u00e1late esta r\u00e9plica del cuchillo Rambo 5 Heartstopper Last Blood al mejor precio. Hoja de acero 440 - Funda de cuero - Longitud total: 38 cm","robots":{"index":"index","follow":"follow","max-snippet":"max-snippet:-1","max-image-preview":"max-image-preview:large","max-video-preview":"max-video-preview:-1"},"canonical":"https:\/\/repliquemangacine.fr\/es\/cuchillos-rambo-daga-john-rambo\/cuchillo-rompecorazones-rambo-5\/","og_locale":"es_ES","og_type":"article","og_title":"Couteau Rambo 5 Heartstopper Last Blood - R\u00e9plique Manga Cin\u00e9","og_description":"Offrez-vous cette r\u00e9plique du Couteau Rambo 5 Heartstopper Last Blood au meilleur prix. Lame en acier 440 - Fourreau en cuir - Longueur totale : 38 cm","og_url":"https:\/\/repliquemangacine.fr\/es\/cuchillos-rambo-daga-john-rambo\/cuchillo-rompecorazones-rambo-5\/","og_site_name":"R\u00e9plique Manga Cin\u00e9","article_publisher":"https:\/\/www.facebook.com\/RepliqueMangaCine","article_modified_time":"2026-04-09T16:22:16+00:00","og_image":[{"width":800,"height":800,"url":"https:\/\/repliquemangacine.fr\/wp-content\/uploads\/2023\/10\/3752-Couteau-Rambo-V-Last-Blood.jpg","type":"image\/jpeg"}],"twitter_card":"summary_large_image","twitter_misc":{"Tiempo de lectura":"2 minutos"},"schema":{"@context":"https:\/\/schema.org","@graph":[{"@type":"WebPage","@id":"https:\/\/repliquemangacine.fr\/couteaux-rambo-poignard-john-rambo\/couteau-rambo-5-heartstopper\/","url":"https:\/\/repliquemangacine.fr\/couteaux-rambo-poignard-john-rambo\/couteau-rambo-5-heartstopper\/","name":"Cuchillo Rambo 5 Heartstopper Last Blood - R\u00e9plique Manga Cin\u00e9","isPartOf":{"@id":"https:\/\/repliquemangacine.fr\/#website"},"primaryImageOfPage":{"@id":"https:\/\/repliquemangacine.fr\/couteaux-rambo-poignard-john-rambo\/couteau-rambo-5-heartstopper\/#primaryimage"},"image":{"@id":"https:\/\/repliquemangacine.fr\/couteaux-rambo-poignard-john-rambo\/couteau-rambo-5-heartstopper\/#primaryimage"},"thumbnailUrl":"https:\/\/repliquemangacine.fr\/wp-content\/uploads\/2023\/10\/3752-Couteau-Rambo-V-Last-Blood.jpg","datePublished":"2020-08-02T13:29:38+00:00","dateModified":"2026-04-09T16:22:16+00:00","description":"Reg\u00e1late esta r\u00e9plica del cuchillo Rambo 5 Heartstopper Last Blood al mejor precio. Hoja de acero 440 - Funda de cuero - Longitud total: 38 cm","breadcrumb":{"@id":"https:\/\/repliquemangacine.fr\/couteaux-rambo-poignard-john-rambo\/couteau-rambo-5-heartstopper\/#breadcrumb"},"inLanguage":"es","potentialAction":[{"@type":"ReadAction","target":["https:\/\/repliquemangacine.fr\/couteaux-rambo-poignard-john-rambo\/couteau-rambo-5-heartstopper\/"]}]},{"@type":"ImageObject","inLanguage":"es","@id":"https:\/\/repliquemangacine.fr\/couteaux-rambo-poignard-john-rambo\/couteau-rambo-5-heartstopper\/#primaryimage","url":"https:\/\/repliquemangacine.fr\/wp-content\/uploads\/2023\/10\/3752-Couteau-Rambo-V-Last-Blood.jpg","contentUrl":"https:\/\/repliquemangacine.fr\/wp-content\/uploads\/2023\/10\/3752-Couteau-Rambo-V-Last-Blood.jpg","width":800,"height":800,"caption":"Couteau Rambo V Last Blood"},{"@type":"BreadcrumbList","@id":"https:\/\/repliquemangacine.fr\/couteaux-rambo-poignard-john-rambo\/couteau-rambo-5-heartstopper\/#breadcrumb","itemListElement":[{"@type":"ListItem","position":1,"name":"Accueil","item":"https:\/\/repliquemangacine.fr\/"},{"@type":"ListItem","position":2,"name":"Produits","item":"https:\/\/repliquemangacine.fr\/boutique\/"},{"@type":"ListItem","position":3,"name":"Couteau Rambo 5 Last Blood Heartstopper"}]},{"@type":"WebSite","@id":"https:\/\/repliquemangacine.fr\/#website","url":"https:\/\/repliquemangacine.fr\/","name":"R\u00e9plique Manga Cin\u00e9","description":"","publisher":{"@id":"https:\/\/repliquemangacine.fr\/#organization"},"potentialAction":[{"@type":"SearchAction","target":{"@type":"EntryPoint","urlTemplate":"https:\/\/repliquemangacine.fr\/?s={search_term_string}"},"query-input":{"@type":"PropertyValueSpecification","valueRequired":true,"valueName":"search_term_string"}}],"inLanguage":"es"},{"@type":"Organization","@id":"https:\/\/repliquemangacine.fr\/#organization","name":"R\u00e9plique Manga Cin\u00e9","url":"https:\/\/repliquemangacine.fr\/","logo":{"@type":"ImageObject","inLanguage":"es","@id":"https:\/\/repliquemangacine.fr\/#\/schema\/logo\/image\/","url":"https:\/\/repliquemangacine.fr\/wp-content\/uploads\/2023\/10\/RMC-500250.png","contentUrl":"https:\/\/repliquemangacine.fr\/wp-content\/uploads\/2023\/10\/RMC-500250.png","width":500,"height":250,"caption":"R\u00e9plique Manga Cin\u00e9"},"image":{"@id":"https:\/\/repliquemangacine.fr\/#\/schema\/logo\/image\/"},"sameAs":["https:\/\/www.facebook.com\/RepliqueMangaCine","https:\/\/www.instagram.com\/repliquemangacine.fr\/"]}]}},"_links":{"self":[{"href":"https:\/\/repliquemangacine.fr\/es\/wp-json\/wp\/v2\/product\/29040","targetHints":{"allow":["GET"]}}],"collection":[{"href":"https:\/\/repliquemangacine.fr\/es\/wp-json\/wp\/v2\/product"}],"about":[{"href":"https:\/\/repliquemangacine.fr\/es\/wp-json\/wp\/v2\/types\/product"}],"wp:featuredmedia":[{"embeddable":true,"href":"https:\/\/repliquemangacine.fr\/es\/wp-json\/wp\/v2\/media\/29041"}],"wp:attachment":[{"href":"https:\/\/repliquemangacine.fr\/es\/wp-json\/wp\/v2\/media?parent=29040"}],"wp:term":[{"taxonomy":"product_brand","embeddable":true,"href":"https:\/\/repliquemangacine.fr\/es\/wp-json\/wp\/v2\/product_brand?post=29040"},{"taxonomy":"product_cat","embeddable":true,"href":"https:\/\/repliquemangacine.fr\/es\/wp-json\/wp\/v2\/product_cat?post=29040"},{"taxonomy":"product_tag","embeddable":true,"href":"https:\/\/repliquemangacine.fr\/es\/wp-json\/wp\/v2\/product_tag?post=29040"}],"curies":[{"name":"wp","href":"https:\/\/api.w.org\/{rel}","templated":true}]}}