





{"id":29033,"date":"2020-08-02T15:18:31","date_gmt":"2020-08-02T13:18:31","guid":{"rendered":"https:\/\/repliquemangacine.fr\/?post_type=product&#038;p=29033"},"modified":"2026-02-25T06:03:46","modified_gmt":"2026-02-25T05:03:46","slug":"rambo-daga-3","status":"publish","type":"product","link":"https:\/\/repliquemangacine.fr\/es\/couteaux-de-chasse\/poignard-rambo-3\/","title":{"rendered":"Rambo 3 daga"},"content":{"rendered":"<h2>R\u00e9plica de la daga de Rambo 3<\/h2>\n<p>Para empezar, el <strong>Rambo 3 daga<\/strong> es exactamente el mismo que el de la pel\u00edcula. No tiene certificado de autenticidad, pero la alta calidad de la daga har\u00e1 las delicias de todos los aficionados, \u00a1sobre todo a ese precio!<\/p>\n<p>En primer lugar, Rambo es una saga cinematogr\u00e1fica estadounidense compuesta por cinco pel\u00edculas. <a href=\"https:\/\/heros.fandom.com\/fr\/wiki\/John_Rambo\" target=\"_blank\" rel=\"noopener noreferrer\">John James Rambo<\/a> es el personaje principal de la novela y de las adaptaciones cinematogr\u00e1ficas. Interpretado en la gran pantalla por el actor Sylvester Stallone.<\/p>\n<p>Adem\u00e1s, tiene afinidad con los cuchillos, tanto como arma para matar a muchos enemigos como herramienta de supervivencia. Rambo es incre\u00edblemente h\u00e1bil con varios tipos de armas de fuego, pero tambi\u00e9n con el arco, que es su arma preferida cuando necesita actuar con sigilo. Es muy inteligente, habla varios idiomas, es un piloto experto y un cazador talentoso.<\/p>\n<h2>Tu Daga Rambo 3 al mejor precio<\/h2>\n<p>Te ofrecemos todos los cuchillos de Rambo de todas sus pel\u00edculas.<\/p>\n<p>Lo primero y m\u00e1s importante,<\/p>\n<ul>\n<li>Le <a href=\"https:\/\/repliquemangacine.fr\/es\/cuchillos-rambo-daga-john-rambo\/daga-rambo-signature-2\/\">Rambo 2 daga<\/a>\u00a0 con la firma del propio Stallone.<\/li>\n<li>Tambi\u00e9n existe la <a href=\"https:\/\/repliquemangacine.fr\/es\/cuchillos-rambo-daga-john-rambo\/machette-rambo-iv\/\">Rambo machete<\/a> visto en las pel\u00edculas 4 y 5<\/li>\n<li>El m\u00e1s reciente, el <a href=\"https:\/\/repliquemangacine.fr\/es\/cuchillos-rambo-daga-john-rambo\/couteau-rambo-v-last-blood-couteau-rambo-heartstopper\/\">Cuchillo Last Blood<\/a> en el \u00faltimo opus.<\/li>\n<li>Y mucho m\u00e1s por descubrir en nuestra tienda en l\u00ednea.<\/li>\n<\/ul>\n<p>Por eso, aqu\u00ed tienes una idea genial para regalar a todos los fans de Rambo.<\/p>\n<p>En conclusi\u00f3n, puede utilizar el <strong>Rambo 3 daga<\/strong> para tus fiestas tem\u00e1ticas o Cosplays. Pero sobre todo, este cuchillo es una pieza de coleccionista.<\/p>\n<p>R\u00e9plique Manga Cin\u00e9 es una empresa familiar francesa<\/p>\n<h2>\u00bfC\u00f3mo se mantiene la hoja del cuchillo?<\/h2>\n<p>Los cuchillos de colecci\u00f3n y decorativos se fabrican y ensamblan de forma simplificada. Como su uso es decorativo, no cuentan con los elementos de seguridad exigidos para una espada japonesa destinada al entrenamiento.<\/p>\n<p>Sin embargo, su <strong>Rambo 3 daga<\/strong> a una hoja de acero que hay que cuidar para evitar que se estropee con el tiempo. Cuando exponga su katana, sus amigos sentir\u00e1n curiosidad por ver la hoja y tocarla. Aqu\u00ed es donde hay que tener cuidado, ya que la acidez de los dedos es muy perjudicial para el acero, sea cual sea su calidad.<\/p>\n<p>Sin embargo, si esto ocurre, no se preocupe, solo tiene que humedecer un pa\u00f1o con un poco de aceite y limpiar las huellas dactilares. De esta forma, conservar\u00e1 su cuchillo durante mucho tiempo.<\/p>","protected":false},"excerpt":{"rendered":"<p>R\u00e9plica a tama\u00f1o real del cuchillo de Rambo 3.<\/p>\n<ul>\n<li>Hoja de acero 440 grabada, afilada Bowie.<\/li>\n<li>Empu\u00f1adura y pomo de acero macizo.<\/li>\n<li>Mango de madera.<\/li>\n<li>Vaina de cuero cosida a mano con cierre de bot\u00f3n a presi\u00f3n.<\/li>\n<li>Longitud de la hoja: 28,5 cm - Longitud total: 42 cm<\/li>\n<li>Peso 752 grs<\/li>\n<\/ul>","protected":false},"featured_media":29034,"template":"","meta":[],"product_brand":[896],"product_cat":[890,24,61],"product_tag":[],"class_list":{"0":"post-29033","1":"product","2":"type-product","3":"status-publish","4":"has-post-thumbnail","6":"product_brand-replique-manga-cine","7":"product_cat-couteaux-de-chasse","8":"product_cat-films-series-tv-vente-de-katana-epee-et-produits-derives","9":"product_cat-couteaux-rambo-poignard-john-rambo","11":"first","12":"outofstock","13":"taxable","14":"shipping-taxable","15":"purchasable","16":"product-type-simple"},"yoast_head":"<!-- This site is optimized with the Yoast SEO plugin v27.4 - https:\/\/yoast.com\/product\/yoast-seo-wordpress\/ -->\n<title>Poignard Rambo 3 - Vente Couteau Rambo | R\u00e9plique Manga Cin\u00e9<\/title>\n<meta name=\"description\" content=\"Offrez-vous la r\u00e9plique exacte du Poignard Rambo 3 au meilleur prix. Lame aff\u00fbt\u00e9e et grav\u00e9e - Fourreau en cuir - Longueur totale : 42 cm - Envoi 24\/48h\" \/>\n<meta name=\"robots\" content=\"index, follow, max-snippet:-1, max-image-preview:large, max-video-preview:-1\" \/>\n<link rel=\"canonical\" href=\"https:\/\/repliquemangacine.fr\/es\/cuchillos-de-caza\/rambo-daga-3\/\" \/>\n<meta property=\"og:locale\" content=\"es_ES\" \/>\n<meta property=\"og:type\" content=\"article\" \/>\n<meta property=\"og:title\" content=\"Poignard Rambo 3 - Vente Couteau Rambo | R\u00e9plique Manga Cin\u00e9\" \/>\n<meta property=\"og:description\" content=\"Offrez-vous la r\u00e9plique exacte du Poignard Rambo 3 au meilleur prix. Lame aff\u00fbt\u00e9e et grav\u00e9e - Fourreau en cuir - Longueur totale : 42 cm - Envoi 24\/48h\" \/>\n<meta property=\"og:url\" content=\"https:\/\/repliquemangacine.fr\/es\/cuchillos-de-caza\/rambo-daga-3\/\" \/>\n<meta property=\"og:site_name\" content=\"R\u00e9plique Manga Cin\u00e9\" \/>\n<meta property=\"article:publisher\" content=\"https:\/\/www.facebook.com\/RepliqueMangaCine\" \/>\n<meta property=\"article:modified_time\" content=\"2026-02-25T05:03:46+00:00\" \/>\n<meta property=\"og:image\" content=\"https:\/\/repliquemangacine.fr\/wp-content\/uploads\/2023\/10\/3728-Lame-Couteau-Poignard-Rambo-III.jpg\" \/>\n\t<meta property=\"og:image:width\" content=\"800\" \/>\n\t<meta property=\"og:image:height\" content=\"800\" \/>\n\t<meta property=\"og:image:type\" content=\"image\/jpeg\" \/>\n<meta name=\"twitter:card\" content=\"summary_large_image\" \/>\n<meta name=\"twitter:label1\" content=\"Tiempo de lectura\" \/>\n\t<meta name=\"twitter:data1\" content=\"1 minuto\" \/>\n<script type=\"application\/ld+json\" class=\"yoast-schema-graph\">{\"@context\":\"https:\\\/\\\/schema.org\",\"@graph\":[{\"@type\":\"WebPage\",\"@id\":\"https:\\\/\\\/repliquemangacine.fr\\\/couteaux-de-chasse\\\/poignard-rambo-3\\\/\",\"url\":\"https:\\\/\\\/repliquemangacine.fr\\\/couteaux-de-chasse\\\/poignard-rambo-3\\\/\",\"name\":\"Poignard Rambo 3 - Vente Couteau Rambo | R\u00e9plique Manga Cin\u00e9\",\"isPartOf\":{\"@id\":\"https:\\\/\\\/repliquemangacine.fr\\\/#website\"},\"primaryImageOfPage\":{\"@id\":\"https:\\\/\\\/repliquemangacine.fr\\\/couteaux-de-chasse\\\/poignard-rambo-3\\\/#primaryimage\"},\"image\":{\"@id\":\"https:\\\/\\\/repliquemangacine.fr\\\/couteaux-de-chasse\\\/poignard-rambo-3\\\/#primaryimage\"},\"thumbnailUrl\":\"https:\\\/\\\/repliquemangacine.fr\\\/wp-content\\\/uploads\\\/2023\\\/10\\\/3728-Lame-Couteau-Poignard-Rambo-III.jpg\",\"datePublished\":\"2020-08-02T13:18:31+00:00\",\"dateModified\":\"2026-02-25T05:03:46+00:00\",\"description\":\"Offrez-vous la r\u00e9plique exacte du Poignard Rambo 3 au meilleur prix. Lame aff\u00fbt\u00e9e et grav\u00e9e - Fourreau en cuir - Longueur totale : 42 cm - Envoi 24\\\/48h\",\"breadcrumb\":{\"@id\":\"https:\\\/\\\/repliquemangacine.fr\\\/couteaux-de-chasse\\\/poignard-rambo-3\\\/#breadcrumb\"},\"inLanguage\":\"es\",\"potentialAction\":[{\"@type\":\"ReadAction\",\"target\":[\"https:\\\/\\\/repliquemangacine.fr\\\/couteaux-de-chasse\\\/poignard-rambo-3\\\/\"]}]},{\"@type\":\"ImageObject\",\"inLanguage\":\"es\",\"@id\":\"https:\\\/\\\/repliquemangacine.fr\\\/couteaux-de-chasse\\\/poignard-rambo-3\\\/#primaryimage\",\"url\":\"https:\\\/\\\/repliquemangacine.fr\\\/wp-content\\\/uploads\\\/2023\\\/10\\\/3728-Lame-Couteau-Poignard-Rambo-III.jpg\",\"contentUrl\":\"https:\\\/\\\/repliquemangacine.fr\\\/wp-content\\\/uploads\\\/2023\\\/10\\\/3728-Lame-Couteau-Poignard-Rambo-III.jpg\",\"width\":800,\"height\":800,\"caption\":\"Lame Couteau Poignard Rambo III\"},{\"@type\":\"BreadcrumbList\",\"@id\":\"https:\\\/\\\/repliquemangacine.fr\\\/couteaux-de-chasse\\\/poignard-rambo-3\\\/#breadcrumb\",\"itemListElement\":[{\"@type\":\"ListItem\",\"position\":1,\"name\":\"Accueil\",\"item\":\"https:\\\/\\\/repliquemangacine.fr\\\/\"},{\"@type\":\"ListItem\",\"position\":2,\"name\":\"Produits\",\"item\":\"https:\\\/\\\/repliquemangacine.fr\\\/boutique\\\/\"},{\"@type\":\"ListItem\",\"position\":3,\"name\":\"Poignard Rambo 3\"}]},{\"@type\":\"WebSite\",\"@id\":\"https:\\\/\\\/repliquemangacine.fr\\\/#website\",\"url\":\"https:\\\/\\\/repliquemangacine.fr\\\/\",\"name\":\"R\u00e9plique Manga Cin\u00e9\",\"description\":\"\",\"publisher\":{\"@id\":\"https:\\\/\\\/repliquemangacine.fr\\\/#organization\"},\"potentialAction\":[{\"@type\":\"SearchAction\",\"target\":{\"@type\":\"EntryPoint\",\"urlTemplate\":\"https:\\\/\\\/repliquemangacine.fr\\\/?s={search_term_string}\"},\"query-input\":{\"@type\":\"PropertyValueSpecification\",\"valueRequired\":true,\"valueName\":\"search_term_string\"}}],\"inLanguage\":\"es\"},{\"@type\":\"Organization\",\"@id\":\"https:\\\/\\\/repliquemangacine.fr\\\/#organization\",\"name\":\"R\u00e9plique Manga Cin\u00e9\",\"url\":\"https:\\\/\\\/repliquemangacine.fr\\\/\",\"logo\":{\"@type\":\"ImageObject\",\"inLanguage\":\"es\",\"@id\":\"https:\\\/\\\/repliquemangacine.fr\\\/#\\\/schema\\\/logo\\\/image\\\/\",\"url\":\"https:\\\/\\\/repliquemangacine.fr\\\/wp-content\\\/uploads\\\/2023\\\/10\\\/RMC-500250.png\",\"contentUrl\":\"https:\\\/\\\/repliquemangacine.fr\\\/wp-content\\\/uploads\\\/2023\\\/10\\\/RMC-500250.png\",\"width\":500,\"height\":250,\"caption\":\"R\u00e9plique Manga Cin\u00e9\"},\"image\":{\"@id\":\"https:\\\/\\\/repliquemangacine.fr\\\/#\\\/schema\\\/logo\\\/image\\\/\"},\"sameAs\":[\"https:\\\/\\\/www.facebook.com\\\/RepliqueMangaCine\",\"https:\\\/\\\/www.instagram.com\\\/repliquemangacine.fr\\\/\"]}]}<\/script>\n<!-- \/ Yoast SEO plugin. -->","yoast_head_json":{"title":"Rambo daga 3 - Rambo cuchillo venta | R\u00e9plique Manga Cin\u00e9","description":"Reg\u00e1late la r\u00e9plica exacta de la Daga Rambo 3 al mejor precio. Hoja afilada y grabada - Funda de cuero - Longitud total: 42 cm - Env\u00edo 24\/48h","robots":{"index":"index","follow":"follow","max-snippet":"max-snippet:-1","max-image-preview":"max-image-preview:large","max-video-preview":"max-video-preview:-1"},"canonical":"https:\/\/repliquemangacine.fr\/es\/cuchillos-de-caza\/rambo-daga-3\/","og_locale":"es_ES","og_type":"article","og_title":"Poignard Rambo 3 - Vente Couteau Rambo | R\u00e9plique Manga Cin\u00e9","og_description":"Offrez-vous la r\u00e9plique exacte du Poignard Rambo 3 au meilleur prix. Lame aff\u00fbt\u00e9e et grav\u00e9e - Fourreau en cuir - Longueur totale : 42 cm - Envoi 24\/48h","og_url":"https:\/\/repliquemangacine.fr\/es\/cuchillos-de-caza\/rambo-daga-3\/","og_site_name":"R\u00e9plique Manga Cin\u00e9","article_publisher":"https:\/\/www.facebook.com\/RepliqueMangaCine","article_modified_time":"2026-02-25T05:03:46+00:00","og_image":[{"width":800,"height":800,"url":"https:\/\/repliquemangacine.fr\/wp-content\/uploads\/2023\/10\/3728-Lame-Couteau-Poignard-Rambo-III.jpg","type":"image\/jpeg"}],"twitter_card":"summary_large_image","twitter_misc":{"Tiempo de lectura":"1 minuto"},"schema":{"@context":"https:\/\/schema.org","@graph":[{"@type":"WebPage","@id":"https:\/\/repliquemangacine.fr\/couteaux-de-chasse\/poignard-rambo-3\/","url":"https:\/\/repliquemangacine.fr\/couteaux-de-chasse\/poignard-rambo-3\/","name":"Rambo daga 3 - Rambo cuchillo venta | R\u00e9plique Manga Cin\u00e9","isPartOf":{"@id":"https:\/\/repliquemangacine.fr\/#website"},"primaryImageOfPage":{"@id":"https:\/\/repliquemangacine.fr\/couteaux-de-chasse\/poignard-rambo-3\/#primaryimage"},"image":{"@id":"https:\/\/repliquemangacine.fr\/couteaux-de-chasse\/poignard-rambo-3\/#primaryimage"},"thumbnailUrl":"https:\/\/repliquemangacine.fr\/wp-content\/uploads\/2023\/10\/3728-Lame-Couteau-Poignard-Rambo-III.jpg","datePublished":"2020-08-02T13:18:31+00:00","dateModified":"2026-02-25T05:03:46+00:00","description":"Reg\u00e1late la r\u00e9plica exacta de la Daga Rambo 3 al mejor precio. Hoja afilada y grabada - Funda de cuero - Longitud total: 42 cm - Env\u00edo 24\/48h","breadcrumb":{"@id":"https:\/\/repliquemangacine.fr\/couteaux-de-chasse\/poignard-rambo-3\/#breadcrumb"},"inLanguage":"es","potentialAction":[{"@type":"ReadAction","target":["https:\/\/repliquemangacine.fr\/couteaux-de-chasse\/poignard-rambo-3\/"]}]},{"@type":"ImageObject","inLanguage":"es","@id":"https:\/\/repliquemangacine.fr\/couteaux-de-chasse\/poignard-rambo-3\/#primaryimage","url":"https:\/\/repliquemangacine.fr\/wp-content\/uploads\/2023\/10\/3728-Lame-Couteau-Poignard-Rambo-III.jpg","contentUrl":"https:\/\/repliquemangacine.fr\/wp-content\/uploads\/2023\/10\/3728-Lame-Couteau-Poignard-Rambo-III.jpg","width":800,"height":800,"caption":"Lame Couteau Poignard Rambo III"},{"@type":"BreadcrumbList","@id":"https:\/\/repliquemangacine.fr\/couteaux-de-chasse\/poignard-rambo-3\/#breadcrumb","itemListElement":[{"@type":"ListItem","position":1,"name":"Accueil","item":"https:\/\/repliquemangacine.fr\/"},{"@type":"ListItem","position":2,"name":"Produits","item":"https:\/\/repliquemangacine.fr\/boutique\/"},{"@type":"ListItem","position":3,"name":"Poignard Rambo 3"}]},{"@type":"WebSite","@id":"https:\/\/repliquemangacine.fr\/#website","url":"https:\/\/repliquemangacine.fr\/","name":"R\u00e9plique Manga Cin\u00e9","description":"","publisher":{"@id":"https:\/\/repliquemangacine.fr\/#organization"},"potentialAction":[{"@type":"SearchAction","target":{"@type":"EntryPoint","urlTemplate":"https:\/\/repliquemangacine.fr\/?s={search_term_string}"},"query-input":{"@type":"PropertyValueSpecification","valueRequired":true,"valueName":"search_term_string"}}],"inLanguage":"es"},{"@type":"Organization","@id":"https:\/\/repliquemangacine.fr\/#organization","name":"R\u00e9plique Manga Cin\u00e9","url":"https:\/\/repliquemangacine.fr\/","logo":{"@type":"ImageObject","inLanguage":"es","@id":"https:\/\/repliquemangacine.fr\/#\/schema\/logo\/image\/","url":"https:\/\/repliquemangacine.fr\/wp-content\/uploads\/2023\/10\/RMC-500250.png","contentUrl":"https:\/\/repliquemangacine.fr\/wp-content\/uploads\/2023\/10\/RMC-500250.png","width":500,"height":250,"caption":"R\u00e9plique Manga Cin\u00e9"},"image":{"@id":"https:\/\/repliquemangacine.fr\/#\/schema\/logo\/image\/"},"sameAs":["https:\/\/www.facebook.com\/RepliqueMangaCine","https:\/\/www.instagram.com\/repliquemangacine.fr\/"]}]}},"_links":{"self":[{"href":"https:\/\/repliquemangacine.fr\/es\/wp-json\/wp\/v2\/product\/29033","targetHints":{"allow":["GET"]}}],"collection":[{"href":"https:\/\/repliquemangacine.fr\/es\/wp-json\/wp\/v2\/product"}],"about":[{"href":"https:\/\/repliquemangacine.fr\/es\/wp-json\/wp\/v2\/types\/product"}],"wp:featuredmedia":[{"embeddable":true,"href":"https:\/\/repliquemangacine.fr\/es\/wp-json\/wp\/v2\/media\/29034"}],"wp:attachment":[{"href":"https:\/\/repliquemangacine.fr\/es\/wp-json\/wp\/v2\/media?parent=29033"}],"wp:term":[{"taxonomy":"product_brand","embeddable":true,"href":"https:\/\/repliquemangacine.fr\/es\/wp-json\/wp\/v2\/product_brand?post=29033"},{"taxonomy":"product_cat","embeddable":true,"href":"https:\/\/repliquemangacine.fr\/es\/wp-json\/wp\/v2\/product_cat?post=29033"},{"taxonomy":"product_tag","embeddable":true,"href":"https:\/\/repliquemangacine.fr\/es\/wp-json\/wp\/v2\/product_tag?post=29033"}],"curies":[{"name":"wp","href":"https:\/\/api.w.org\/{rel}","templated":true}]}}