





{"id":28995,"date":"2020-07-24T10:46:35","date_gmt":"2020-07-24T08:46:35","guid":{"rendered":"https:\/\/repliquemangacine.fr\/?post_type=product&#038;p=28995"},"modified":"2026-04-15T12:57:48","modified_gmt":"2026-04-15T10:57:48","slug":"culata-colt-m1911a1-desmontable-denix-checkered","status":"publish","type":"product","link":"https:\/\/repliquemangacine.fr\/es\/reproductions-armes-seconde-guerre-mondiale-denix\/colt-m1911a1-demontable-denix-crosse-quadrillee\/","title":{"rendered":"Colt M1911A1 Culata desmontable a cuadros"},"content":{"rendered":"<h2>Colt M1911A1 desmontable Denix USA 1911.<\/h2>\n<p>Para empezar, el <strong>Colt M1911A1 desmontable<\/strong> Denix es un arma autom\u00e1tica fiable, de acci\u00f3n simple, accionada por retroceso directo y alimentada por un cargador de cartuchos del calibre .45. Dise\u00f1ada para uso militar por John M. Browning, quien tambi\u00e9n dise\u00f1\u00f3 el cartucho adecuado para el arma, el .45 ACP.<\/p>\n<p>Aprobada el 29 de marzo de 1911 por la Secretar\u00eda de Estado de los Estados Unidos.<\/p>\n<p>Ampliamente utilizado durante la Primera y Segunda Guerra Mundial, y posteriormente en las guerras de Corea y Vietnam. Permaneci\u00f3 en servicio continuo en el ej\u00e9rcito estadounidense hasta 1985, cuando fue sustituido por la Beretta. Algunas variantes siguen fabric\u00e1ndose, dada su popularidad, y siguen utiliz\u00e1ndose en determinadas unidades de las fuerzas especiales, la marina y los marines.<\/p>\n<h2>Tu Colt M1911A1 desmontable al mejor precio.<\/h2>\n<p>Le ofrecemos una amplia selecci\u00f3n de reproducciones de armas hist\u00f3ricas de la marca Denix.<\/p>\n<p>Lo primero y m\u00e1s importante,<\/p>\n<ul>\n<li>Funda<a href=\"https:\/\/repliquemangacine.fr\/es\/accesorios-para-fundas\/funda-de-hombro-m7\/\"> M7 US ARMY<\/a> para Colt M1911A1 cal. 45.<\/li>\n<li>Tambi\u00e9n est\u00e1 la reproducci\u00f3n de <a href=\"https:\/\/repliquemangacine.fr\/es\/reproducciones-darmes\/fusil-lee-enfield-smle\/\">Fusil Lee Enfield SMLE<\/a>.<\/li>\n<li>Y muchos m\u00e1s por descubrir en nuestra tienda en l\u00ednea.<\/li>\n<\/ul>\n<p>Por eso, aqu\u00ed tienes unas ideas fant\u00e1sticas para regalar a todos los apasionados de la historia y, sobre todo, para no olvidar a nuestros h\u00e9roes.<\/p>\n<p>En conclusi\u00f3n, puede utilizar el <strong>Colt M1911A1 desmontable<\/strong> Denix para tus recreaciones hist\u00f3ricas. Pero, ante todo, esta reproducci\u00f3n es un arma de colecci\u00f3n.<\/p>\n<p>R\u00e9plique Manga Cin\u00e9 es una empresa familiar francesa, distribuidora oficial de la marca. <a href=\"https:\/\/www.denix.fr\/\" target=\"_blank\" rel=\"noopener noreferrer\">Denix<\/a>.<\/p>\n<h2>\u00bfC\u00f3mo se fabrican las r\u00e9plicas de armas Denix?<\/h2>\n<p>Utilizadas en recreaciones hist\u00f3ricas, pel\u00edculas, series y por coleccionistas. Las reproducciones Denix est\u00e1n fabricadas con materiales de alta calidad. Cuidadosamente elaboradas y ensambladas para crear armas de colecci\u00f3n realistas.<\/p>\n<ul>\n<li>Los metales se encuentran en una aleaci\u00f3n met\u00e1lica conocida como Zamac, cuya composici\u00f3n b\u00e1sica es zinc en 95%.<\/li>\n<li>Las piezas de pl\u00e1stico de las r\u00e9plicas son de ABS moldeado, que ofrece una gran resistencia.<\/li>\n<li>La madera elegida por su belleza y durabilidad, como la caoba, el olivo o el nogal, dar\u00e1 a sus culatas y barricas un aspecto elegante y aut\u00e9ntico.<\/li>\n<\/ul>\n<p>Cabe se\u00f1alar que todas las reproducciones Denix son id\u00e9nticas a los originales, ya que su <strong>Colt M1911A1 desmontable<\/strong>.<\/p>","protected":false},"excerpt":{"rendered":"<p>R\u00e9plica id\u00e9ntica del original.<\/p>\n<ul>\n<li>Ca\u00f1\u00f3n desmontable.<\/li>\n<li>En metal ( Zamac ).<\/li>\n<li>Placas cuadradas de madera.<\/li>\n<li>Simulaci\u00f3n de carga y mecanismo de disparo en vac\u00edo.<\/li>\n<li>Culata deslizante.<\/li>\n<li>Ca\u00f1\u00f3n desmontable.<\/li>\n<li>Cargador extra\u00edble.<\/li>\n<li>Longitud: 240 mm - Peso: 920 g<\/li>\n<li><strong>No se requiere autorizaci\u00f3n. Venta y posesi\u00f3n libres.<\/strong><\/li>\n<\/ul>\n<p><iframe title=\"Reproductor de v\u00eddeo YouTube\" src=\"https:\/\/www.youtube.com\/embed\/bmhw7av8vn8\" width=\"560\" height=\"315\" frameborder=\"0\" allowfullscreen=\"allowfullscreen\"><\/iframe><\/p>","protected":false},"featured_media":28996,"template":"","meta":[],"product_brand":[896],"product_cat":[25,102,54,40,28,76],"product_tag":[],"class_list":{"0":"post-28995","1":"product","2":"type-product","3":"status-publish","4":"has-post-thumbnail","6":"product_brand-replique-manga-cine","7":"product_cat-armes-historiques","8":"product_cat-denix","9":"product_cat-armes-accessoires-guerre-mondiale","10":"product_cat-pistolet-moderne","11":"product_cat-repliques-darmes","12":"product_cat-reproductions-armes-seconde-guerre-mondiale-denix","14":"first","15":"instock","16":"sale","17":"taxable","18":"shipping-taxable","19":"purchasable","20":"product-type-simple"},"yoast_head":"<!-- This site is optimized with the Yoast SEO plugin v27.4 - https:\/\/yoast.com\/product\/yoast-seo-wordpress\/ -->\n<title>Colt M1911A1 d\u00e9montable - Crosse bois - R\u00e9plique Manga Cin\u00e9<\/title>\n<meta name=\"description\" content=\"Offrez-vous le Colt M1911A1 d\u00e9montable Denix au meilleur prix - En m\u00e9tal - Crosse quadrill\u00e9e - M\u00e9canisme fonctionnel - Inapte au tir - Longueur : 24 cm\" \/>\n<meta name=\"robots\" content=\"index, follow, max-snippet:-1, max-image-preview:large, max-video-preview:-1\" \/>\n<link rel=\"canonical\" href=\"https:\/\/repliquemangacine.fr\/es\/reproduccion-armas-segunda-guerra-mundial-denix\/culata-colt-m1911a1-desmontable-denix-checkered\/\" \/>\n<meta property=\"og:locale\" content=\"es_ES\" \/>\n<meta property=\"og:type\" content=\"article\" \/>\n<meta property=\"og:title\" content=\"Colt M1911A1 d\u00e9montable - Crosse bois - R\u00e9plique Manga Cin\u00e9\" \/>\n<meta property=\"og:description\" content=\"Offrez-vous le Colt M1911A1 d\u00e9montable Denix au meilleur prix - En m\u00e9tal - Crosse quadrill\u00e9e - M\u00e9canisme fonctionnel - Inapte au tir - Longueur : 24 cm\" \/>\n<meta property=\"og:url\" content=\"https:\/\/repliquemangacine.fr\/es\/reproduccion-armas-segunda-guerra-mundial-denix\/culata-colt-m1911a1-desmontable-denix-checkered\/\" \/>\n<meta property=\"og:site_name\" content=\"R\u00e9plique Manga Cin\u00e9\" \/>\n<meta property=\"article:publisher\" content=\"https:\/\/www.facebook.com\/RepliqueMangaCine\" \/>\n<meta property=\"article:modified_time\" content=\"2026-04-15T10:57:48+00:00\" \/>\n<meta property=\"og:image\" content=\"https:\/\/repliquemangacine.fr\/wp-content\/uploads\/2023\/10\/3676-Pistolet-M1911A1-Demontable-Crosse-Quadrillee.jpg\" \/>\n\t<meta property=\"og:image:width\" content=\"800\" \/>\n\t<meta property=\"og:image:height\" content=\"800\" \/>\n\t<meta property=\"og:image:type\" content=\"image\/jpeg\" \/>\n<meta name=\"twitter:card\" content=\"summary_large_image\" \/>\n<meta name=\"twitter:label1\" content=\"Tiempo de lectura\" \/>\n\t<meta name=\"twitter:data1\" content=\"1 minuto\" \/>\n<script type=\"application\/ld+json\" class=\"yoast-schema-graph\">{\"@context\":\"https:\\\/\\\/schema.org\",\"@graph\":[{\"@type\":\"WebPage\",\"@id\":\"https:\\\/\\\/repliquemangacine.fr\\\/reproductions-armes-seconde-guerre-mondiale-denix\\\/colt-m1911a1-demontable-denix-crosse-quadrillee\\\/\",\"url\":\"https:\\\/\\\/repliquemangacine.fr\\\/reproductions-armes-seconde-guerre-mondiale-denix\\\/colt-m1911a1-demontable-denix-crosse-quadrillee\\\/\",\"name\":\"Colt M1911A1 d\u00e9montable - Crosse bois - R\u00e9plique Manga Cin\u00e9\",\"isPartOf\":{\"@id\":\"https:\\\/\\\/repliquemangacine.fr\\\/#website\"},\"primaryImageOfPage\":{\"@id\":\"https:\\\/\\\/repliquemangacine.fr\\\/reproductions-armes-seconde-guerre-mondiale-denix\\\/colt-m1911a1-demontable-denix-crosse-quadrillee\\\/#primaryimage\"},\"image\":{\"@id\":\"https:\\\/\\\/repliquemangacine.fr\\\/reproductions-armes-seconde-guerre-mondiale-denix\\\/colt-m1911a1-demontable-denix-crosse-quadrillee\\\/#primaryimage\"},\"thumbnailUrl\":\"https:\\\/\\\/repliquemangacine.fr\\\/wp-content\\\/uploads\\\/2023\\\/10\\\/3676-Pistolet-M1911A1-Demontable-Crosse-Quadrillee.jpg\",\"datePublished\":\"2020-07-24T08:46:35+00:00\",\"dateModified\":\"2026-04-15T10:57:48+00:00\",\"description\":\"Offrez-vous le Colt M1911A1 d\u00e9montable Denix au meilleur prix - En m\u00e9tal - Crosse quadrill\u00e9e - M\u00e9canisme fonctionnel - Inapte au tir - Longueur : 24 cm\",\"breadcrumb\":{\"@id\":\"https:\\\/\\\/repliquemangacine.fr\\\/reproductions-armes-seconde-guerre-mondiale-denix\\\/colt-m1911a1-demontable-denix-crosse-quadrillee\\\/#breadcrumb\"},\"inLanguage\":\"es\",\"potentialAction\":[{\"@type\":\"ReadAction\",\"target\":[\"https:\\\/\\\/repliquemangacine.fr\\\/reproductions-armes-seconde-guerre-mondiale-denix\\\/colt-m1911a1-demontable-denix-crosse-quadrillee\\\/\"]}]},{\"@type\":\"ImageObject\",\"inLanguage\":\"es\",\"@id\":\"https:\\\/\\\/repliquemangacine.fr\\\/reproductions-armes-seconde-guerre-mondiale-denix\\\/colt-m1911a1-demontable-denix-crosse-quadrillee\\\/#primaryimage\",\"url\":\"https:\\\/\\\/repliquemangacine.fr\\\/wp-content\\\/uploads\\\/2023\\\/10\\\/3676-Pistolet-M1911A1-Demontable-Crosse-Quadrillee.jpg\",\"contentUrl\":\"https:\\\/\\\/repliquemangacine.fr\\\/wp-content\\\/uploads\\\/2023\\\/10\\\/3676-Pistolet-M1911A1-Demontable-Crosse-Quadrillee.jpg\",\"width\":800,\"height\":800,\"caption\":\"Pistolet M1911A1 D\u00e9montable Crosse Quadrill\u00e9e\"},{\"@type\":\"BreadcrumbList\",\"@id\":\"https:\\\/\\\/repliquemangacine.fr\\\/reproductions-armes-seconde-guerre-mondiale-denix\\\/colt-m1911a1-demontable-denix-crosse-quadrillee\\\/#breadcrumb\",\"itemListElement\":[{\"@type\":\"ListItem\",\"position\":1,\"name\":\"Accueil\",\"item\":\"https:\\\/\\\/repliquemangacine.fr\\\/\"},{\"@type\":\"ListItem\",\"position\":2,\"name\":\"Produits\",\"item\":\"https:\\\/\\\/repliquemangacine.fr\\\/boutique\\\/\"},{\"@type\":\"ListItem\",\"position\":3,\"name\":\"Colt M1911A1 D\u00e9montable crosse quadrill\u00e9e\"}]},{\"@type\":\"WebSite\",\"@id\":\"https:\\\/\\\/repliquemangacine.fr\\\/#website\",\"url\":\"https:\\\/\\\/repliquemangacine.fr\\\/\",\"name\":\"R\u00e9plique Manga Cin\u00e9\",\"description\":\"\",\"publisher\":{\"@id\":\"https:\\\/\\\/repliquemangacine.fr\\\/#organization\"},\"potentialAction\":[{\"@type\":\"SearchAction\",\"target\":{\"@type\":\"EntryPoint\",\"urlTemplate\":\"https:\\\/\\\/repliquemangacine.fr\\\/?s={search_term_string}\"},\"query-input\":{\"@type\":\"PropertyValueSpecification\",\"valueRequired\":true,\"valueName\":\"search_term_string\"}}],\"inLanguage\":\"es\"},{\"@type\":\"Organization\",\"@id\":\"https:\\\/\\\/repliquemangacine.fr\\\/#organization\",\"name\":\"R\u00e9plique Manga Cin\u00e9\",\"url\":\"https:\\\/\\\/repliquemangacine.fr\\\/\",\"logo\":{\"@type\":\"ImageObject\",\"inLanguage\":\"es\",\"@id\":\"https:\\\/\\\/repliquemangacine.fr\\\/#\\\/schema\\\/logo\\\/image\\\/\",\"url\":\"https:\\\/\\\/repliquemangacine.fr\\\/wp-content\\\/uploads\\\/2023\\\/10\\\/RMC-500250.png\",\"contentUrl\":\"https:\\\/\\\/repliquemangacine.fr\\\/wp-content\\\/uploads\\\/2023\\\/10\\\/RMC-500250.png\",\"width\":500,\"height\":250,\"caption\":\"R\u00e9plique Manga Cin\u00e9\"},\"image\":{\"@id\":\"https:\\\/\\\/repliquemangacine.fr\\\/#\\\/schema\\\/logo\\\/image\\\/\"},\"sameAs\":[\"https:\\\/\\\/www.facebook.com\\\/RepliqueMangaCine\",\"https:\\\/\\\/www.instagram.com\\\/repliquemangacine.fr\\\/\"]}]}<\/script>\n<!-- \/ Yoast SEO plugin. -->","yoast_head_json":{"title":"Colt M1911A1 desmontable - Culata de madera - R\u00e9plique Manga Cin\u00e9","description":"Reg\u00e1lese la Denix Colt M1911A1 al mejor precio - En metal - Culata a cuadros - Mecanismo funcional - No dispara - Longitud: 24 cm","robots":{"index":"index","follow":"follow","max-snippet":"max-snippet:-1","max-image-preview":"max-image-preview:large","max-video-preview":"max-video-preview:-1"},"canonical":"https:\/\/repliquemangacine.fr\/es\/reproduccion-armas-segunda-guerra-mundial-denix\/culata-colt-m1911a1-desmontable-denix-checkered\/","og_locale":"es_ES","og_type":"article","og_title":"Colt M1911A1 d\u00e9montable - Crosse bois - R\u00e9plique Manga Cin\u00e9","og_description":"Offrez-vous le Colt M1911A1 d\u00e9montable Denix au meilleur prix - En m\u00e9tal - Crosse quadrill\u00e9e - M\u00e9canisme fonctionnel - Inapte au tir - Longueur : 24 cm","og_url":"https:\/\/repliquemangacine.fr\/es\/reproduccion-armas-segunda-guerra-mundial-denix\/culata-colt-m1911a1-desmontable-denix-checkered\/","og_site_name":"R\u00e9plique Manga Cin\u00e9","article_publisher":"https:\/\/www.facebook.com\/RepliqueMangaCine","article_modified_time":"2026-04-15T10:57:48+00:00","og_image":[{"width":800,"height":800,"url":"https:\/\/repliquemangacine.fr\/wp-content\/uploads\/2023\/10\/3676-Pistolet-M1911A1-Demontable-Crosse-Quadrillee.jpg","type":"image\/jpeg"}],"twitter_card":"summary_large_image","twitter_misc":{"Tiempo de lectura":"1 minuto"},"schema":{"@context":"https:\/\/schema.org","@graph":[{"@type":"WebPage","@id":"https:\/\/repliquemangacine.fr\/reproductions-armes-seconde-guerre-mondiale-denix\/colt-m1911a1-demontable-denix-crosse-quadrillee\/","url":"https:\/\/repliquemangacine.fr\/reproductions-armes-seconde-guerre-mondiale-denix\/colt-m1911a1-demontable-denix-crosse-quadrillee\/","name":"Colt M1911A1 desmontable - Culata de madera - R\u00e9plique Manga Cin\u00e9","isPartOf":{"@id":"https:\/\/repliquemangacine.fr\/#website"},"primaryImageOfPage":{"@id":"https:\/\/repliquemangacine.fr\/reproductions-armes-seconde-guerre-mondiale-denix\/colt-m1911a1-demontable-denix-crosse-quadrillee\/#primaryimage"},"image":{"@id":"https:\/\/repliquemangacine.fr\/reproductions-armes-seconde-guerre-mondiale-denix\/colt-m1911a1-demontable-denix-crosse-quadrillee\/#primaryimage"},"thumbnailUrl":"https:\/\/repliquemangacine.fr\/wp-content\/uploads\/2023\/10\/3676-Pistolet-M1911A1-Demontable-Crosse-Quadrillee.jpg","datePublished":"2020-07-24T08:46:35+00:00","dateModified":"2026-04-15T10:57:48+00:00","description":"Reg\u00e1lese la Denix Colt M1911A1 al mejor precio - En metal - Culata a cuadros - Mecanismo funcional - No dispara - Longitud: 24 cm","breadcrumb":{"@id":"https:\/\/repliquemangacine.fr\/reproductions-armes-seconde-guerre-mondiale-denix\/colt-m1911a1-demontable-denix-crosse-quadrillee\/#breadcrumb"},"inLanguage":"es","potentialAction":[{"@type":"ReadAction","target":["https:\/\/repliquemangacine.fr\/reproductions-armes-seconde-guerre-mondiale-denix\/colt-m1911a1-demontable-denix-crosse-quadrillee\/"]}]},{"@type":"ImageObject","inLanguage":"es","@id":"https:\/\/repliquemangacine.fr\/reproductions-armes-seconde-guerre-mondiale-denix\/colt-m1911a1-demontable-denix-crosse-quadrillee\/#primaryimage","url":"https:\/\/repliquemangacine.fr\/wp-content\/uploads\/2023\/10\/3676-Pistolet-M1911A1-Demontable-Crosse-Quadrillee.jpg","contentUrl":"https:\/\/repliquemangacine.fr\/wp-content\/uploads\/2023\/10\/3676-Pistolet-M1911A1-Demontable-Crosse-Quadrillee.jpg","width":800,"height":800,"caption":"Pistolet M1911A1 D\u00e9montable Crosse Quadrill\u00e9e"},{"@type":"BreadcrumbList","@id":"https:\/\/repliquemangacine.fr\/reproductions-armes-seconde-guerre-mondiale-denix\/colt-m1911a1-demontable-denix-crosse-quadrillee\/#breadcrumb","itemListElement":[{"@type":"ListItem","position":1,"name":"Accueil","item":"https:\/\/repliquemangacine.fr\/"},{"@type":"ListItem","position":2,"name":"Produits","item":"https:\/\/repliquemangacine.fr\/boutique\/"},{"@type":"ListItem","position":3,"name":"Colt M1911A1 D\u00e9montable crosse quadrill\u00e9e"}]},{"@type":"WebSite","@id":"https:\/\/repliquemangacine.fr\/#website","url":"https:\/\/repliquemangacine.fr\/","name":"R\u00e9plique Manga Cin\u00e9","description":"","publisher":{"@id":"https:\/\/repliquemangacine.fr\/#organization"},"potentialAction":[{"@type":"SearchAction","target":{"@type":"EntryPoint","urlTemplate":"https:\/\/repliquemangacine.fr\/?s={search_term_string}"},"query-input":{"@type":"PropertyValueSpecification","valueRequired":true,"valueName":"search_term_string"}}],"inLanguage":"es"},{"@type":"Organization","@id":"https:\/\/repliquemangacine.fr\/#organization","name":"R\u00e9plique Manga Cin\u00e9","url":"https:\/\/repliquemangacine.fr\/","logo":{"@type":"ImageObject","inLanguage":"es","@id":"https:\/\/repliquemangacine.fr\/#\/schema\/logo\/image\/","url":"https:\/\/repliquemangacine.fr\/wp-content\/uploads\/2023\/10\/RMC-500250.png","contentUrl":"https:\/\/repliquemangacine.fr\/wp-content\/uploads\/2023\/10\/RMC-500250.png","width":500,"height":250,"caption":"R\u00e9plique Manga Cin\u00e9"},"image":{"@id":"https:\/\/repliquemangacine.fr\/#\/schema\/logo\/image\/"},"sameAs":["https:\/\/www.facebook.com\/RepliqueMangaCine","https:\/\/www.instagram.com\/repliquemangacine.fr\/"]}]}},"_links":{"self":[{"href":"https:\/\/repliquemangacine.fr\/es\/wp-json\/wp\/v2\/product\/28995","targetHints":{"allow":["GET"]}}],"collection":[{"href":"https:\/\/repliquemangacine.fr\/es\/wp-json\/wp\/v2\/product"}],"about":[{"href":"https:\/\/repliquemangacine.fr\/es\/wp-json\/wp\/v2\/types\/product"}],"wp:featuredmedia":[{"embeddable":true,"href":"https:\/\/repliquemangacine.fr\/es\/wp-json\/wp\/v2\/media\/28996"}],"wp:attachment":[{"href":"https:\/\/repliquemangacine.fr\/es\/wp-json\/wp\/v2\/media?parent=28995"}],"wp:term":[{"taxonomy":"product_brand","embeddable":true,"href":"https:\/\/repliquemangacine.fr\/es\/wp-json\/wp\/v2\/product_brand?post=28995"},{"taxonomy":"product_cat","embeddable":true,"href":"https:\/\/repliquemangacine.fr\/es\/wp-json\/wp\/v2\/product_cat?post=28995"},{"taxonomy":"product_tag","embeddable":true,"href":"https:\/\/repliquemangacine.fr\/es\/wp-json\/wp\/v2\/product_tag?post=28995"}],"curies":[{"name":"wp","href":"https:\/\/api.w.org\/{rel}","templated":true}]}}