





{"id":28947,"date":"2020-04-09T14:52:29","date_gmt":"2020-04-09T12:52:29","guid":{"rendered":"https:\/\/repliquemangacine.fr\/?post_type=product&#038;p=28947"},"modified":"2025-11-19T20:32:32","modified_gmt":"2025-11-19T19:32:32","slug":"3-kunai-naruto-boxed-set","status":"publish","type":"product","link":"https:\/\/repliquemangacine.fr\/es\/kunai-et-shuriken-naruto\/3-kunai-naruto-coffret-naruto\/","title":{"rendered":"3 kunai de Naruto"},"content":{"rendered":"<h2>Juego de 3 Naruto Kunai con bolsa.<\/h2>\n<p>Para empezar, el conjunto de 3 Kuna\u00ef Naruto viene con una funda de transporte.<\/p>\n<p>Un kunai, al igual que un shuriken, es un arma utilizada habitualmente por los ninjas. Se trata de un arma blanca de una longitud media de una mano, destinada a herir en combate cuerpo a cuerpo, aunque tambi\u00e9n puede utilizarse como arma arrojadiza.<\/p>\n<p>Los kunai tambi\u00e9n pueden ocultarse en una manga. Como la mayor\u00eda de las armas, un kunai puede impregnarse de chakra y volverse as\u00ed mucho m\u00e1s temible.<\/p>\n<p>Hay diferentes tipos de kunai. Minato Namikaze usa kunais de tres hojas que tienen un sello especial para su t\u00e9cnica de teletransporte, lo que le ha valido el apodo de \u2019Rayo Amarillo de Konoha\u00ab. Durante la \u00faltima prueba del examen de selecci\u00f3n de ch\u016bnin, Kabuto us\u00f3 un kunai sin anillo para matar a un miembro de los Anbu.<\/p>\n<h2>Tu lote de 3 Naruto Kunai al mejor precio<\/h2>\n<p>Te ofrecemos todas las r\u00e9plicas de tus personajes favoritos de este famoso manga animado Naruto.<\/p>\n<p>Lo primero y m\u00e1s importante,<\/p>\n<ul>\n<li>La r\u00e9plica del<a href=\"https:\/\/repliquemangacine.fr\/es\/katana-goodies-naruto\/espada-zabuza-espada-kubikiribocho\/\">espada de Zabuza<\/a> con su gran helic\u00f3ptero.<\/li>\n<li>As\u00ed como el <a href=\"https:\/\/repliquemangacine.fr\/es\/katana-goodies-naruto\/naruto-juego-de-28-piezas\/\">Caja de regalo de 28 piezas<\/a> para los amantes de Naruto.<\/li>\n<li>Tambi\u00e9n existe la <a href=\"https:\/\/repliquemangacine.fr\/es\/katana-goodies-naruto\/katana-boruto-sasuke-naruto\/\">La katana de Boruto<\/a> El hijo de Naruto. Sasuk\u00e9 le ense\u00f1a c\u00f3mo manejarlo.<\/li>\n<li>Y muchos m\u00e1s por descubrir en nuestra tienda en l\u00ednea.<\/li>\n<\/ul>\n<p>Por eso hemos pensado en algunas ideas para regalar a los fans de <a href=\"https:\/\/naruto.fandom.com\/fr\/wiki\/Accueil\"target=\"_blank\" rel=\"noopener noreferrer\">Naruto<\/a>.<\/p>\n<p>En conclusi\u00f3n, tambi\u00e9n puedes utilizar este conjunto de 3 kunai Naruto para embellecer tu colecci\u00f3n y tu hogar.<\/p>\n<p>Pero, ante todo, los kunai de Naruto son piezas de colecci\u00f3n y decoraci\u00f3n.<\/p>\n<h2>Descubre nuestras \u00faltimas novedades de Naruto a bajo precio<\/h2>\n<p>Siempre en busca de novedades y con el objetivo de satisfacer sus demandas, \u00a1tenemos algunas peque\u00f1as joyas que pronto le presentaremos!<\/p>\n<p>Por ejemplo: el gran Kunai Naruto con su mango blanco. Dentro de poco, tendremos el gran placer de presentaros las figuras de Naruto.<\/p>\n<p>R\u00e9plique Manga Cin\u00e9 es una empresa familiar francesa.<\/p>\n<p><strong>Tenga en cuenta que todas nuestras r\u00e9plicas son objetos de colecci\u00f3n y decoraci\u00f3n. Puede utilizarlas para recreaciones hist\u00f3ricas, desfiles de cosplay o decoraci\u00f3n de interiores. En consecuencia, no es posible acudir a lugares p\u00fablicos con estas r\u00e9plicas.<\/strong><\/p>","protected":false},"excerpt":{"rendered":"<p>Magn\u00edfico conjunto de 3 Naruto Kunai<\/p>\n<ul>\n<li>Todas de acero preafilado de doble bisel.<\/li>\n<li>Cinta de algod\u00f3n negro en el asa.<\/li>\n<li>Se suministra con una funda de cordura negra que se puede llevar en el cintur\u00f3n.<\/li>\n<li>Longitud total de cada kunai: 16,5 cm<\/li>\n<\/ul>","protected":false},"featured_media":28948,"template":"","meta":[],"product_brand":[896],"product_cat":[108,23,42],"product_tag":[],"class_list":{"0":"post-28947","1":"product","2":"type-product","3":"status-publish","4":"has-post-thumbnail","6":"product_brand-replique-manga-cine","7":"product_cat-kunai-et-shuriken-naruto","8":"product_cat-repliques-manga-jeux-video","9":"product_cat-katana-goodies-naruto-kunai","11":"first","12":"instock","13":"taxable","14":"shipping-taxable","15":"purchasable","16":"product-type-simple"},"yoast_head":"<!-- This site is optimized with the Yoast SEO plugin v27.4 - https:\/\/yoast.com\/product\/yoast-seo-wordpress\/ -->\n<title>3 kuna\u00ef de Naruto - Sabre, Coffret Naruto - R\u00e9plique Manga Cin\u00e9<\/title>\n<meta name=\"description\" content=\"Commandez vite! Cet ensemble de 3 Kuna\u00ef de Naruto. Tout en m\u00e9tal. Livr\u00e9 avec sa pochette. Longueur totale :16.5cm. Paiement s\u00e9curis\u00e9. Envoi 24\/48h\" \/>\n<meta name=\"robots\" content=\"index, follow, max-snippet:-1, max-image-preview:large, max-video-preview:-1\" \/>\n<link rel=\"canonical\" href=\"https:\/\/repliquemangacine.fr\/es\/naruto-kunai-y-shuriken\/3-kunai-naruto-boxed-set\/\" \/>\n<meta property=\"og:locale\" content=\"es_ES\" \/>\n<meta property=\"og:type\" content=\"article\" \/>\n<meta property=\"og:title\" content=\"3 kuna\u00ef de Naruto - Sabre, Coffret Naruto - R\u00e9plique Manga Cin\u00e9\" \/>\n<meta property=\"og:description\" content=\"Commandez vite! Cet ensemble de 3 Kuna\u00ef de Naruto. Tout en m\u00e9tal. Livr\u00e9 avec sa pochette. Longueur totale :16.5cm. Paiement s\u00e9curis\u00e9. Envoi 24\/48h\" \/>\n<meta property=\"og:url\" content=\"https:\/\/repliquemangacine.fr\/es\/naruto-kunai-y-shuriken\/3-kunai-naruto-boxed-set\/\" \/>\n<meta property=\"og:site_name\" content=\"R\u00e9plique Manga Cin\u00e9\" \/>\n<meta property=\"article:publisher\" content=\"https:\/\/www.facebook.com\/RepliqueMangaCine\" \/>\n<meta property=\"article:modified_time\" content=\"2025-11-19T19:32:32+00:00\" \/>\n<meta property=\"og:image\" content=\"https:\/\/repliquemangacine.fr\/wp-content\/uploads\/2023\/10\/3632-ensemble-de-kunai-naruto.jpg\" \/>\n\t<meta property=\"og:image:width\" content=\"800\" \/>\n\t<meta property=\"og:image:height\" content=\"800\" \/>\n\t<meta property=\"og:image:type\" content=\"image\/jpeg\" \/>\n<meta name=\"twitter:card\" content=\"summary_large_image\" \/>\n<meta name=\"twitter:label1\" content=\"Tiempo de lectura\" \/>\n\t<meta name=\"twitter:data1\" content=\"1 minuto\" \/>\n<script type=\"application\/ld+json\" class=\"yoast-schema-graph\">{\"@context\":\"https:\\\/\\\/schema.org\",\"@graph\":[{\"@type\":\"WebPage\",\"@id\":\"https:\\\/\\\/repliquemangacine.fr\\\/kunai-et-shuriken-naruto\\\/3-kunai-naruto-coffret-naruto\\\/\",\"url\":\"https:\\\/\\\/repliquemangacine.fr\\\/kunai-et-shuriken-naruto\\\/3-kunai-naruto-coffret-naruto\\\/\",\"name\":\"3 kuna\u00ef de Naruto - Sabre, Coffret Naruto - R\u00e9plique Manga Cin\u00e9\",\"isPartOf\":{\"@id\":\"https:\\\/\\\/repliquemangacine.fr\\\/#website\"},\"primaryImageOfPage\":{\"@id\":\"https:\\\/\\\/repliquemangacine.fr\\\/kunai-et-shuriken-naruto\\\/3-kunai-naruto-coffret-naruto\\\/#primaryimage\"},\"image\":{\"@id\":\"https:\\\/\\\/repliquemangacine.fr\\\/kunai-et-shuriken-naruto\\\/3-kunai-naruto-coffret-naruto\\\/#primaryimage\"},\"thumbnailUrl\":\"https:\\\/\\\/repliquemangacine.fr\\\/wp-content\\\/uploads\\\/2023\\\/10\\\/3632-ensemble-de-kunai-naruto.jpg\",\"datePublished\":\"2020-04-09T12:52:29+00:00\",\"dateModified\":\"2025-11-19T19:32:32+00:00\",\"description\":\"Commandez vite! Cet ensemble de 3 Kuna\u00ef de Naruto. Tout en m\u00e9tal. Livr\u00e9 avec sa pochette. Longueur totale :16.5cm. Paiement s\u00e9curis\u00e9. Envoi 24\\\/48h\",\"breadcrumb\":{\"@id\":\"https:\\\/\\\/repliquemangacine.fr\\\/kunai-et-shuriken-naruto\\\/3-kunai-naruto-coffret-naruto\\\/#breadcrumb\"},\"inLanguage\":\"es\",\"potentialAction\":[{\"@type\":\"ReadAction\",\"target\":[\"https:\\\/\\\/repliquemangacine.fr\\\/kunai-et-shuriken-naruto\\\/3-kunai-naruto-coffret-naruto\\\/\"]}]},{\"@type\":\"ImageObject\",\"inLanguage\":\"es\",\"@id\":\"https:\\\/\\\/repliquemangacine.fr\\\/kunai-et-shuriken-naruto\\\/3-kunai-naruto-coffret-naruto\\\/#primaryimage\",\"url\":\"https:\\\/\\\/repliquemangacine.fr\\\/wp-content\\\/uploads\\\/2023\\\/10\\\/3632-ensemble-de-kunai-naruto.jpg\",\"contentUrl\":\"https:\\\/\\\/repliquemangacine.fr\\\/wp-content\\\/uploads\\\/2023\\\/10\\\/3632-ensemble-de-kunai-naruto.jpg\",\"width\":800,\"height\":800,\"caption\":\"ensemble de kunai naruto\"},{\"@type\":\"BreadcrumbList\",\"@id\":\"https:\\\/\\\/repliquemangacine.fr\\\/kunai-et-shuriken-naruto\\\/3-kunai-naruto-coffret-naruto\\\/#breadcrumb\",\"itemListElement\":[{\"@type\":\"ListItem\",\"position\":1,\"name\":\"Accueil\",\"item\":\"https:\\\/\\\/repliquemangacine.fr\\\/\"},{\"@type\":\"ListItem\",\"position\":2,\"name\":\"Produits\",\"item\":\"https:\\\/\\\/repliquemangacine.fr\\\/boutique\\\/\"},{\"@type\":\"ListItem\",\"position\":3,\"name\":\"3 kuna\u00ef de Naruto\"}]},{\"@type\":\"WebSite\",\"@id\":\"https:\\\/\\\/repliquemangacine.fr\\\/#website\",\"url\":\"https:\\\/\\\/repliquemangacine.fr\\\/\",\"name\":\"R\u00e9plique Manga Cin\u00e9\",\"description\":\"\",\"publisher\":{\"@id\":\"https:\\\/\\\/repliquemangacine.fr\\\/#organization\"},\"potentialAction\":[{\"@type\":\"SearchAction\",\"target\":{\"@type\":\"EntryPoint\",\"urlTemplate\":\"https:\\\/\\\/repliquemangacine.fr\\\/?s={search_term_string}\"},\"query-input\":{\"@type\":\"PropertyValueSpecification\",\"valueRequired\":true,\"valueName\":\"search_term_string\"}}],\"inLanguage\":\"es\"},{\"@type\":\"Organization\",\"@id\":\"https:\\\/\\\/repliquemangacine.fr\\\/#organization\",\"name\":\"R\u00e9plique Manga Cin\u00e9\",\"url\":\"https:\\\/\\\/repliquemangacine.fr\\\/\",\"logo\":{\"@type\":\"ImageObject\",\"inLanguage\":\"es\",\"@id\":\"https:\\\/\\\/repliquemangacine.fr\\\/#\\\/schema\\\/logo\\\/image\\\/\",\"url\":\"https:\\\/\\\/repliquemangacine.fr\\\/wp-content\\\/uploads\\\/2023\\\/10\\\/RMC-500250.png\",\"contentUrl\":\"https:\\\/\\\/repliquemangacine.fr\\\/wp-content\\\/uploads\\\/2023\\\/10\\\/RMC-500250.png\",\"width\":500,\"height\":250,\"caption\":\"R\u00e9plique Manga Cin\u00e9\"},\"image\":{\"@id\":\"https:\\\/\\\/repliquemangacine.fr\\\/#\\\/schema\\\/logo\\\/image\\\/\"},\"sameAs\":[\"https:\\\/\\\/www.facebook.com\\\/RepliqueMangaCine\",\"https:\\\/\\\/www.instagram.com\\\/repliquemangacine.fr\\\/\"]}]}<\/script>\n<!-- \/ Yoast SEO plugin. -->","yoast_head_json":{"title":"3 kunai de Naruto - Sable, Naruto Box Set - R\u00e9plique Manga Cin\u00e9","description":"\u00a1P\u00eddelo ya! Este conjunto de 3 Naruto Kunai. Todo el metal. Viene con su bolsa. Longitud total: 16,5 cm. Pago seguro. Entrega 24\/48h","robots":{"index":"index","follow":"follow","max-snippet":"max-snippet:-1","max-image-preview":"max-image-preview:large","max-video-preview":"max-video-preview:-1"},"canonical":"https:\/\/repliquemangacine.fr\/es\/naruto-kunai-y-shuriken\/3-kunai-naruto-boxed-set\/","og_locale":"es_ES","og_type":"article","og_title":"3 kuna\u00ef de Naruto - Sabre, Coffret Naruto - R\u00e9plique Manga Cin\u00e9","og_description":"Commandez vite! Cet ensemble de 3 Kuna\u00ef de Naruto. Tout en m\u00e9tal. Livr\u00e9 avec sa pochette. Longueur totale :16.5cm. Paiement s\u00e9curis\u00e9. Envoi 24\/48h","og_url":"https:\/\/repliquemangacine.fr\/es\/naruto-kunai-y-shuriken\/3-kunai-naruto-boxed-set\/","og_site_name":"R\u00e9plique Manga Cin\u00e9","article_publisher":"https:\/\/www.facebook.com\/RepliqueMangaCine","article_modified_time":"2025-11-19T19:32:32+00:00","og_image":[{"width":800,"height":800,"url":"https:\/\/repliquemangacine.fr\/wp-content\/uploads\/2023\/10\/3632-ensemble-de-kunai-naruto.jpg","type":"image\/jpeg"}],"twitter_card":"summary_large_image","twitter_misc":{"Tiempo de lectura":"1 minuto"},"schema":{"@context":"https:\/\/schema.org","@graph":[{"@type":"WebPage","@id":"https:\/\/repliquemangacine.fr\/kunai-et-shuriken-naruto\/3-kunai-naruto-coffret-naruto\/","url":"https:\/\/repliquemangacine.fr\/kunai-et-shuriken-naruto\/3-kunai-naruto-coffret-naruto\/","name":"3 kunai de Naruto - Sable, Naruto Box Set - R\u00e9plique Manga Cin\u00e9","isPartOf":{"@id":"https:\/\/repliquemangacine.fr\/#website"},"primaryImageOfPage":{"@id":"https:\/\/repliquemangacine.fr\/kunai-et-shuriken-naruto\/3-kunai-naruto-coffret-naruto\/#primaryimage"},"image":{"@id":"https:\/\/repliquemangacine.fr\/kunai-et-shuriken-naruto\/3-kunai-naruto-coffret-naruto\/#primaryimage"},"thumbnailUrl":"https:\/\/repliquemangacine.fr\/wp-content\/uploads\/2023\/10\/3632-ensemble-de-kunai-naruto.jpg","datePublished":"2020-04-09T12:52:29+00:00","dateModified":"2025-11-19T19:32:32+00:00","description":"\u00a1P\u00eddelo ya! Este conjunto de 3 Naruto Kunai. Todo el metal. Viene con su bolsa. Longitud total: 16,5 cm. Pago seguro. Entrega 24\/48h","breadcrumb":{"@id":"https:\/\/repliquemangacine.fr\/kunai-et-shuriken-naruto\/3-kunai-naruto-coffret-naruto\/#breadcrumb"},"inLanguage":"es","potentialAction":[{"@type":"ReadAction","target":["https:\/\/repliquemangacine.fr\/kunai-et-shuriken-naruto\/3-kunai-naruto-coffret-naruto\/"]}]},{"@type":"ImageObject","inLanguage":"es","@id":"https:\/\/repliquemangacine.fr\/kunai-et-shuriken-naruto\/3-kunai-naruto-coffret-naruto\/#primaryimage","url":"https:\/\/repliquemangacine.fr\/wp-content\/uploads\/2023\/10\/3632-ensemble-de-kunai-naruto.jpg","contentUrl":"https:\/\/repliquemangacine.fr\/wp-content\/uploads\/2023\/10\/3632-ensemble-de-kunai-naruto.jpg","width":800,"height":800,"caption":"ensemble de kunai naruto"},{"@type":"BreadcrumbList","@id":"https:\/\/repliquemangacine.fr\/kunai-et-shuriken-naruto\/3-kunai-naruto-coffret-naruto\/#breadcrumb","itemListElement":[{"@type":"ListItem","position":1,"name":"Accueil","item":"https:\/\/repliquemangacine.fr\/"},{"@type":"ListItem","position":2,"name":"Produits","item":"https:\/\/repliquemangacine.fr\/boutique\/"},{"@type":"ListItem","position":3,"name":"3 kuna\u00ef de Naruto"}]},{"@type":"WebSite","@id":"https:\/\/repliquemangacine.fr\/#website","url":"https:\/\/repliquemangacine.fr\/","name":"R\u00e9plique Manga Cin\u00e9","description":"","publisher":{"@id":"https:\/\/repliquemangacine.fr\/#organization"},"potentialAction":[{"@type":"SearchAction","target":{"@type":"EntryPoint","urlTemplate":"https:\/\/repliquemangacine.fr\/?s={search_term_string}"},"query-input":{"@type":"PropertyValueSpecification","valueRequired":true,"valueName":"search_term_string"}}],"inLanguage":"es"},{"@type":"Organization","@id":"https:\/\/repliquemangacine.fr\/#organization","name":"R\u00e9plique Manga Cin\u00e9","url":"https:\/\/repliquemangacine.fr\/","logo":{"@type":"ImageObject","inLanguage":"es","@id":"https:\/\/repliquemangacine.fr\/#\/schema\/logo\/image\/","url":"https:\/\/repliquemangacine.fr\/wp-content\/uploads\/2023\/10\/RMC-500250.png","contentUrl":"https:\/\/repliquemangacine.fr\/wp-content\/uploads\/2023\/10\/RMC-500250.png","width":500,"height":250,"caption":"R\u00e9plique Manga Cin\u00e9"},"image":{"@id":"https:\/\/repliquemangacine.fr\/#\/schema\/logo\/image\/"},"sameAs":["https:\/\/www.facebook.com\/RepliqueMangaCine","https:\/\/www.instagram.com\/repliquemangacine.fr\/"]}]}},"_links":{"self":[{"href":"https:\/\/repliquemangacine.fr\/es\/wp-json\/wp\/v2\/product\/28947","targetHints":{"allow":["GET"]}}],"collection":[{"href":"https:\/\/repliquemangacine.fr\/es\/wp-json\/wp\/v2\/product"}],"about":[{"href":"https:\/\/repliquemangacine.fr\/es\/wp-json\/wp\/v2\/types\/product"}],"wp:featuredmedia":[{"embeddable":true,"href":"https:\/\/repliquemangacine.fr\/es\/wp-json\/wp\/v2\/media\/28948"}],"wp:attachment":[{"href":"https:\/\/repliquemangacine.fr\/es\/wp-json\/wp\/v2\/media?parent=28947"}],"wp:term":[{"taxonomy":"product_brand","embeddable":true,"href":"https:\/\/repliquemangacine.fr\/es\/wp-json\/wp\/v2\/product_brand?post=28947"},{"taxonomy":"product_cat","embeddable":true,"href":"https:\/\/repliquemangacine.fr\/es\/wp-json\/wp\/v2\/product_cat?post=28947"},{"taxonomy":"product_tag","embeddable":true,"href":"https:\/\/repliquemangacine.fr\/es\/wp-json\/wp\/v2\/product_tag?post=28947"}],"curies":[{"name":"wp","href":"https:\/\/api.w.org\/{rel}","templated":true}]}}