





{"id":28941,"date":"2020-04-09T14:33:27","date_gmt":"2020-04-09T12:33:27","guid":{"rendered":"https:\/\/repliquemangacine.fr\/?post_type=product&#038;p=28941"},"modified":"2026-04-17T20:10:24","modified_gmt":"2026-04-17T18:10:24","slug":"machete-asesino","status":"publish","type":"product","link":"https:\/\/repliquemangacine.fr\/es\/armes-the-walking-dead\/machette-tueuse-killer\/","title":{"rendered":"Machete asesino"},"content":{"rendered":"<h2>Machete asesino<\/h2>\n<p>Para empezar, el <strong>Machete asesino<\/strong> \u00a1Est\u00e1 especialmente dise\u00f1ada para matar zombis en The Walking Dead!.<\/p>\n<p>Una machete es un cuchillo largo con mango corto y hoja gruesa, de unos 40 cm de longitud, dise\u00f1ado como herramienta para cortar vegetaci\u00f3n. De hecho, se utiliza generalmente para abrirse camino entre la vegetaci\u00f3n densa y para abrir frutos de c\u00e1scara dura, como el coco.<\/p>\n<p>Cabe destacar que la <a href=\"https:\/\/fr.wikipedia.org\/wiki\/Machette\">machete<\/a> form\u00f3 parte del armamento del ej\u00e9rcito franc\u00e9s durante la segunda mitad del siglo XIX y la primera mitad del siglo XX con el nombre de \u00absable de abatir\u00bb.<\/p>\n<p>Ampliamente utilizado en el cine y los videojuegos. En Assassin\u2019s Creed III: Liberation, la hero\u00edna Aveline de Grandpr\u00e9 utiliza un machete para el combate cuerpo a cuerpo.<\/p>\n<h2>Tu Machete Asesino al mejor precio.<\/h2>\n<p>Te ofrecemos una amplia selecci\u00f3n de r\u00e9plicas de la serie The Walking Dead.<\/p>\n<p>Lo primero y m\u00e1s importante,<\/p>\n<ul>\n<li>Una r\u00e9plica id\u00e9ntica del <a href=\"https:\/\/repliquemangacine.fr\/es\/los-muertos-vivientes\/daga-daryl-walking-dead\/\">daga<\/a> usado por Daryl contra Lance Hornsby en el episodio 18 de la temporada 11.<\/li>\n<li>Tambi\u00e9n existe la <a href=\"https:\/\/repliquemangacine.fr\/es\/los-muertos-vivientes\/rick-grimes-hacha-the-walking-dead\/\">El hacha de Rick<\/a> Grimes.<\/li>\n<li>Y muchos m\u00e1s por descubrir en nuestra tienda en l\u00ednea.<\/li>\n<\/ul>\n<p>Por eso, esta es una idea estupenda para regalar a todos los fans de la serie The Walking Dead.<\/p>\n<p>En conclusi\u00f3n, tambi\u00e9n puede utilizar este <strong>Machete asesino de zombis<\/strong> para tus fiestas de Halloweens o veladas tem\u00e1ticas. Pero, sobre todo, es una pieza de coleccionista y decoraci\u00f3n.<\/p>\n<h2>\u00bfC\u00f3mo mantengo la hoja de mi espada?<\/h2>\n<p>Las machetes de colecci\u00f3n y decoraci\u00f3n se fabrican y ensamblan de forma simplificada. Dado que su uso es decorativo, no cuentan con los elementos de seguridad necesarios para una espada japonesa destinada al entrenamiento.<\/p>\n<p>Sin embargo, su <strong>Machete asesino de zombis<\/strong> a una hoja de acero que hay que cuidar para evitar que se estropee con el tiempo. Cuando exponga su katana, sus amigos sentir\u00e1n curiosidad por ver la hoja y tocarla. Aqu\u00ed es donde hay que tener cuidado, ya que la acidez de los dedos es muy perjudicial para el acero, sea cual sea su calidad.<\/p>\n<p>Sin embargo, si esto ocurre, no te asustes, todo lo que necesitas es un pa\u00f1o humedecido con un poco de aceite y limpiar las huellas dactilares. Si haces esto, tu espada durar\u00e1 mucho tiempo.<\/p>","protected":false},"excerpt":{"rendered":"<p>Machete asesino de zombis. Fabricado en una sola pieza.<\/p>\n<ul>\n<li>Hoja afilada de acero 440.<\/li>\n<li>Mango de ABS decorado.<\/li>\n<li>Asa desmontable.<\/li>\n<li>Funda de cordura negra.<\/li>\n<li>Longitud hoja: 37 cm - Longitud total: 52 cm - Peso total: 585 Grs<\/li>\n<\/ul>","protected":false},"featured_media":28942,"template":"","meta":[],"product_brand":[896],"product_cat":[24,62],"product_tag":[],"class_list":{"0":"post-28941","1":"product","2":"type-product","3":"status-publish","4":"has-post-thumbnail","6":"product_brand-replique-manga-cine","7":"product_cat-films-series-tv-vente-de-katana-epee-et-produits-derives","8":"product_cat-armes-the-walking-dead","10":"first","11":"instock","12":"taxable","13":"shipping-taxable","14":"purchasable","15":"product-type-simple"},"yoast_head":"<!-- This site is optimized with the Yoast SEO plugin v27.4 - https:\/\/yoast.com\/product\/yoast-seo-wordpress\/ -->\n<title>Machette Tueuse Killer - The Walking Dead - RMC<\/title>\n<meta name=\"description\" content=\"Offrez-lui cette Machette Tueuse Killer au meilleur prix. Lame en acier - Fabriqu\u00e9e d&#039;une seule pi\u00e8ce - Poign\u00e9e ABS - Fourreau - Longueur : 52 cm\" \/>\n<meta name=\"robots\" content=\"index, follow, max-snippet:-1, max-image-preview:large, max-video-preview:-1\" \/>\n<link rel=\"canonical\" href=\"https:\/\/repliquemangacine.fr\/es\/armas-the-walking-dead\/machete-asesino\/\" \/>\n<meta property=\"og:locale\" content=\"es_ES\" \/>\n<meta property=\"og:type\" content=\"article\" \/>\n<meta property=\"og:title\" content=\"Machette Tueuse Killer - The Walking Dead - RMC\" \/>\n<meta property=\"og:description\" content=\"Offrez-lui cette Machette Tueuse Killer au meilleur prix. Lame en acier - Fabriqu\u00e9e d&#039;une seule pi\u00e8ce - Poign\u00e9e ABS - Fourreau - Longueur : 52 cm\" \/>\n<meta property=\"og:url\" content=\"https:\/\/repliquemangacine.fr\/es\/armas-the-walking-dead\/machete-asesino\/\" \/>\n<meta property=\"og:site_name\" content=\"R\u00e9plique Manga Cin\u00e9\" \/>\n<meta property=\"article:publisher\" content=\"https:\/\/www.facebook.com\/RepliqueMangaCine\" \/>\n<meta property=\"article:modified_time\" content=\"2026-04-17T18:10:24+00:00\" \/>\n<meta property=\"og:image\" content=\"https:\/\/repliquemangacine.fr\/wp-content\/uploads\/2023\/10\/3627-Machette-Zombie-Walking-Dead.jpg\" \/>\n\t<meta property=\"og:image:width\" content=\"800\" \/>\n\t<meta property=\"og:image:height\" content=\"800\" \/>\n\t<meta property=\"og:image:type\" content=\"image\/jpeg\" \/>\n<meta name=\"twitter:card\" content=\"summary_large_image\" \/>\n<meta name=\"twitter:label1\" content=\"Tiempo de lectura\" \/>\n\t<meta name=\"twitter:data1\" content=\"3 minutos\" \/>\n<script type=\"application\/ld+json\" class=\"yoast-schema-graph\">{\"@context\":\"https:\\\/\\\/schema.org\",\"@graph\":[{\"@type\":\"WebPage\",\"@id\":\"https:\\\/\\\/repliquemangacine.fr\\\/armes-the-walking-dead\\\/machette-tueuse-killer\\\/\",\"url\":\"https:\\\/\\\/repliquemangacine.fr\\\/armes-the-walking-dead\\\/machette-tueuse-killer\\\/\",\"name\":\"Machette Tueuse Killer - The Walking Dead - RMC\",\"isPartOf\":{\"@id\":\"https:\\\/\\\/repliquemangacine.fr\\\/#website\"},\"primaryImageOfPage\":{\"@id\":\"https:\\\/\\\/repliquemangacine.fr\\\/armes-the-walking-dead\\\/machette-tueuse-killer\\\/#primaryimage\"},\"image\":{\"@id\":\"https:\\\/\\\/repliquemangacine.fr\\\/armes-the-walking-dead\\\/machette-tueuse-killer\\\/#primaryimage\"},\"thumbnailUrl\":\"https:\\\/\\\/repliquemangacine.fr\\\/wp-content\\\/uploads\\\/2023\\\/10\\\/3627-Machette-Zombie-Walking-Dead.jpg\",\"datePublished\":\"2020-04-09T12:33:27+00:00\",\"dateModified\":\"2026-04-17T18:10:24+00:00\",\"description\":\"Offrez-lui cette Machette Tueuse Killer au meilleur prix. Lame en acier - Fabriqu\u00e9e d'une seule pi\u00e8ce - Poign\u00e9e ABS - Fourreau - Longueur : 52 cm\",\"breadcrumb\":{\"@id\":\"https:\\\/\\\/repliquemangacine.fr\\\/armes-the-walking-dead\\\/machette-tueuse-killer\\\/#breadcrumb\"},\"inLanguage\":\"es\",\"potentialAction\":[{\"@type\":\"ReadAction\",\"target\":[\"https:\\\/\\\/repliquemangacine.fr\\\/armes-the-walking-dead\\\/machette-tueuse-killer\\\/\"]}]},{\"@type\":\"ImageObject\",\"inLanguage\":\"es\",\"@id\":\"https:\\\/\\\/repliquemangacine.fr\\\/armes-the-walking-dead\\\/machette-tueuse-killer\\\/#primaryimage\",\"url\":\"https:\\\/\\\/repliquemangacine.fr\\\/wp-content\\\/uploads\\\/2023\\\/10\\\/3627-Machette-Zombie-Walking-Dead.jpg\",\"contentUrl\":\"https:\\\/\\\/repliquemangacine.fr\\\/wp-content\\\/uploads\\\/2023\\\/10\\\/3627-Machette-Zombie-Walking-Dead.jpg\",\"width\":800,\"height\":800,\"caption\":\"Machette Zombie Walking Dead\"},{\"@type\":\"BreadcrumbList\",\"@id\":\"https:\\\/\\\/repliquemangacine.fr\\\/armes-the-walking-dead\\\/machette-tueuse-killer\\\/#breadcrumb\",\"itemListElement\":[{\"@type\":\"ListItem\",\"position\":1,\"name\":\"Accueil\",\"item\":\"https:\\\/\\\/repliquemangacine.fr\\\/\"},{\"@type\":\"ListItem\",\"position\":2,\"name\":\"Produits\",\"item\":\"https:\\\/\\\/repliquemangacine.fr\\\/boutique\\\/\"},{\"@type\":\"ListItem\",\"position\":3,\"name\":\"Machette Tueuse Killer\"}]},{\"@type\":\"WebSite\",\"@id\":\"https:\\\/\\\/repliquemangacine.fr\\\/#website\",\"url\":\"https:\\\/\\\/repliquemangacine.fr\\\/\",\"name\":\"R\u00e9plique Manga Cin\u00e9\",\"description\":\"\",\"publisher\":{\"@id\":\"https:\\\/\\\/repliquemangacine.fr\\\/#organization\"},\"potentialAction\":[{\"@type\":\"SearchAction\",\"target\":{\"@type\":\"EntryPoint\",\"urlTemplate\":\"https:\\\/\\\/repliquemangacine.fr\\\/?s={search_term_string}\"},\"query-input\":{\"@type\":\"PropertyValueSpecification\",\"valueRequired\":true,\"valueName\":\"search_term_string\"}}],\"inLanguage\":\"es\"},{\"@type\":\"Organization\",\"@id\":\"https:\\\/\\\/repliquemangacine.fr\\\/#organization\",\"name\":\"R\u00e9plique Manga Cin\u00e9\",\"url\":\"https:\\\/\\\/repliquemangacine.fr\\\/\",\"logo\":{\"@type\":\"ImageObject\",\"inLanguage\":\"es\",\"@id\":\"https:\\\/\\\/repliquemangacine.fr\\\/#\\\/schema\\\/logo\\\/image\\\/\",\"url\":\"https:\\\/\\\/repliquemangacine.fr\\\/wp-content\\\/uploads\\\/2023\\\/10\\\/RMC-500250.png\",\"contentUrl\":\"https:\\\/\\\/repliquemangacine.fr\\\/wp-content\\\/uploads\\\/2023\\\/10\\\/RMC-500250.png\",\"width\":500,\"height\":250,\"caption\":\"R\u00e9plique Manga Cin\u00e9\"},\"image\":{\"@id\":\"https:\\\/\\\/repliquemangacine.fr\\\/#\\\/schema\\\/logo\\\/image\\\/\"},\"sameAs\":[\"https:\\\/\\\/www.facebook.com\\\/RepliqueMangaCine\",\"https:\\\/\\\/www.instagram.com\\\/repliquemangacine.fr\\\/\"]}]}<\/script>\n<!-- \/ Yoast SEO plugin. -->","yoast_head_json":{"title":"Machete asesino - The Walking Dead - RMC","description":"Reg\u00e1lale este Machete Asesino al mejor precio. Hoja de acero - Fabricado en una sola pieza - Mango de ABS - Vaina - Longitud: 52 cm.","robots":{"index":"index","follow":"follow","max-snippet":"max-snippet:-1","max-image-preview":"max-image-preview:large","max-video-preview":"max-video-preview:-1"},"canonical":"https:\/\/repliquemangacine.fr\/es\/armas-the-walking-dead\/machete-asesino\/","og_locale":"es_ES","og_type":"article","og_title":"Machette Tueuse Killer - The Walking Dead - RMC","og_description":"Offrez-lui cette Machette Tueuse Killer au meilleur prix. Lame en acier - Fabriqu\u00e9e d'une seule pi\u00e8ce - Poign\u00e9e ABS - Fourreau - Longueur : 52 cm","og_url":"https:\/\/repliquemangacine.fr\/es\/armas-the-walking-dead\/machete-asesino\/","og_site_name":"R\u00e9plique Manga Cin\u00e9","article_publisher":"https:\/\/www.facebook.com\/RepliqueMangaCine","article_modified_time":"2026-04-17T18:10:24+00:00","og_image":[{"width":800,"height":800,"url":"https:\/\/repliquemangacine.fr\/wp-content\/uploads\/2023\/10\/3627-Machette-Zombie-Walking-Dead.jpg","type":"image\/jpeg"}],"twitter_card":"summary_large_image","twitter_misc":{"Tiempo de lectura":"3 minutos"},"schema":{"@context":"https:\/\/schema.org","@graph":[{"@type":"WebPage","@id":"https:\/\/repliquemangacine.fr\/armes-the-walking-dead\/machette-tueuse-killer\/","url":"https:\/\/repliquemangacine.fr\/armes-the-walking-dead\/machette-tueuse-killer\/","name":"Machete asesino - The Walking Dead - RMC","isPartOf":{"@id":"https:\/\/repliquemangacine.fr\/#website"},"primaryImageOfPage":{"@id":"https:\/\/repliquemangacine.fr\/armes-the-walking-dead\/machette-tueuse-killer\/#primaryimage"},"image":{"@id":"https:\/\/repliquemangacine.fr\/armes-the-walking-dead\/machette-tueuse-killer\/#primaryimage"},"thumbnailUrl":"https:\/\/repliquemangacine.fr\/wp-content\/uploads\/2023\/10\/3627-Machette-Zombie-Walking-Dead.jpg","datePublished":"2020-04-09T12:33:27+00:00","dateModified":"2026-04-17T18:10:24+00:00","description":"Reg\u00e1lale este Machete Asesino al mejor precio. Hoja de acero - Fabricado en una sola pieza - Mango de ABS - Vaina - Longitud: 52 cm.","breadcrumb":{"@id":"https:\/\/repliquemangacine.fr\/armes-the-walking-dead\/machette-tueuse-killer\/#breadcrumb"},"inLanguage":"es","potentialAction":[{"@type":"ReadAction","target":["https:\/\/repliquemangacine.fr\/armes-the-walking-dead\/machette-tueuse-killer\/"]}]},{"@type":"ImageObject","inLanguage":"es","@id":"https:\/\/repliquemangacine.fr\/armes-the-walking-dead\/machette-tueuse-killer\/#primaryimage","url":"https:\/\/repliquemangacine.fr\/wp-content\/uploads\/2023\/10\/3627-Machette-Zombie-Walking-Dead.jpg","contentUrl":"https:\/\/repliquemangacine.fr\/wp-content\/uploads\/2023\/10\/3627-Machette-Zombie-Walking-Dead.jpg","width":800,"height":800,"caption":"Machette Zombie Walking Dead"},{"@type":"BreadcrumbList","@id":"https:\/\/repliquemangacine.fr\/armes-the-walking-dead\/machette-tueuse-killer\/#breadcrumb","itemListElement":[{"@type":"ListItem","position":1,"name":"Accueil","item":"https:\/\/repliquemangacine.fr\/"},{"@type":"ListItem","position":2,"name":"Produits","item":"https:\/\/repliquemangacine.fr\/boutique\/"},{"@type":"ListItem","position":3,"name":"Machette Tueuse Killer"}]},{"@type":"WebSite","@id":"https:\/\/repliquemangacine.fr\/#website","url":"https:\/\/repliquemangacine.fr\/","name":"R\u00e9plique Manga Cin\u00e9","description":"","publisher":{"@id":"https:\/\/repliquemangacine.fr\/#organization"},"potentialAction":[{"@type":"SearchAction","target":{"@type":"EntryPoint","urlTemplate":"https:\/\/repliquemangacine.fr\/?s={search_term_string}"},"query-input":{"@type":"PropertyValueSpecification","valueRequired":true,"valueName":"search_term_string"}}],"inLanguage":"es"},{"@type":"Organization","@id":"https:\/\/repliquemangacine.fr\/#organization","name":"R\u00e9plique Manga Cin\u00e9","url":"https:\/\/repliquemangacine.fr\/","logo":{"@type":"ImageObject","inLanguage":"es","@id":"https:\/\/repliquemangacine.fr\/#\/schema\/logo\/image\/","url":"https:\/\/repliquemangacine.fr\/wp-content\/uploads\/2023\/10\/RMC-500250.png","contentUrl":"https:\/\/repliquemangacine.fr\/wp-content\/uploads\/2023\/10\/RMC-500250.png","width":500,"height":250,"caption":"R\u00e9plique Manga Cin\u00e9"},"image":{"@id":"https:\/\/repliquemangacine.fr\/#\/schema\/logo\/image\/"},"sameAs":["https:\/\/www.facebook.com\/RepliqueMangaCine","https:\/\/www.instagram.com\/repliquemangacine.fr\/"]}]}},"_links":{"self":[{"href":"https:\/\/repliquemangacine.fr\/es\/wp-json\/wp\/v2\/product\/28941","targetHints":{"allow":["GET"]}}],"collection":[{"href":"https:\/\/repliquemangacine.fr\/es\/wp-json\/wp\/v2\/product"}],"about":[{"href":"https:\/\/repliquemangacine.fr\/es\/wp-json\/wp\/v2\/types\/product"}],"wp:featuredmedia":[{"embeddable":true,"href":"https:\/\/repliquemangacine.fr\/es\/wp-json\/wp\/v2\/media\/28942"}],"wp:attachment":[{"href":"https:\/\/repliquemangacine.fr\/es\/wp-json\/wp\/v2\/media?parent=28941"}],"wp:term":[{"taxonomy":"product_brand","embeddable":true,"href":"https:\/\/repliquemangacine.fr\/es\/wp-json\/wp\/v2\/product_brand?post=28941"},{"taxonomy":"product_cat","embeddable":true,"href":"https:\/\/repliquemangacine.fr\/es\/wp-json\/wp\/v2\/product_cat?post=28941"},{"taxonomy":"product_tag","embeddable":true,"href":"https:\/\/repliquemangacine.fr\/es\/wp-json\/wp\/v2\/product_tag?post=28941"}],"curies":[{"name":"wp","href":"https:\/\/api.w.org\/{rel}","templated":true}]}}