





{"id":28935,"date":"2020-03-28T11:37:47","date_gmt":"2020-03-28T10:37:47","guid":{"rendered":"https:\/\/repliquemangacine.fr\/?post_type=product&#038;p=28935"},"modified":"2025-12-17T20:28:32","modified_gmt":"2025-12-17T19:28:32","slug":"granada-de-mano-alemana-modelo-24","status":"publish","type":"product","link":"https:\/\/repliquemangacine.fr\/es\/dagues-et-accessoires-seconde-guerre-mondiale-materiels-militaria\/grenade-allemande-modele-24-grenade-a-main\/","title":{"rendered":"Granada alemana Modelo 24"},"content":{"rendered":"<h2>Granada alemana modelo 24 Deepeeka<\/h2>\n<p>Para empezar, el <strong>Granada alemana Modelo 24<\/strong> o, en alem\u00e1n Stielhandgranate 24, es una granada de mano de dise\u00f1o alem\u00e1n de la Segunda Guerra Mundial basada en modelos dise\u00f1ados durante la Primera Guerra Mundial. Apodada \u00abPresse-pur\u00e9e\u00bb (pasapur\u00e9s) por su parecido con el utensilio de cocina. El t\u00e9rmino \u00abgranada con mango\u00bb caracteriza a los diversos modelos fabricados entre 1915 y 1945.<\/p>\n<p>Consta de un mango hueco de madera, en cuyo extremo se coloca una carga explosiva. El mecanismo de detonaci\u00f3n se acciona mediante una cuerda situada en el mango. Este se cierra con un tap\u00f3n de seguridad atornillado.<\/p>\n<p>El mango facilita el agarre y aumenta la distancia de lanzamiento gracias al efecto de honda. Existe una versi\u00f3n dise\u00f1ada para funcionar a bajas temperaturas, identificable por la letra K pintada en el cuerpo del cilindro.<\/p>\n<h2>Tu granada alemana modelo M24 al mejor precio.<\/h2>\n<p>Le ofrecemos una amplia selecci\u00f3n de reproducciones de armas y accesorios hist\u00f3ricos.<\/p>\n<p>Lo primero y m\u00e1s importante,<\/p>\n<ul>\n<li>La reproducci\u00f3n de <a href=\"https:\/\/repliquemangacine.fr\/es\/guerra-mundial\/replica-de-ametralladora-mg34-con-tripodes-denix\/\">Ametralladora MG-34<\/a> (Maschinengewehr 34).<\/li>\n<li>Tambi\u00e9n existe la <a href=\"https:\/\/repliquemangacine.fr\/es\/equipamiento-militar\/bande-munitions-pour-mg-34\/\">cintur\u00f3n de municiones<\/a> para la ametralladora MG34.<\/li>\n<li>As\u00ed como el <a href=\"https:\/\/repliquemangacine.fr\/es\/equipamiento-militar\/replique-couteau-de-la-jeunesse-hitlerienne\/\">Cuchillo de las Juventudes Hitlerianas, <\/a>adoptada en 1933 hasta 1942.<\/li>\n<li>Y mucho m\u00e1s.<\/li>\n<\/ul>\n<p>Por eso es una magn\u00edfica idea de regalo para todos los amantes de las armas hist\u00f3ricas.<\/p>\n<p>En conclusi\u00f3n, puede utilizar esta <strong>Granada alemana Modelo 24<\/strong> para sus recreaciones hist\u00f3ricas. Pero, sobre todo, esta arma es una pieza de coleccionista y una pieza decorativa.<\/p>\n<p>R\u00e9plique Manga Cin\u00e9 es una empresa francesa, distribuidora de la marca <a href=\"https:\/\/deepeeka.in\/\" target=\"_blank\" rel=\"noopener noreferrer\">Deepeeka<\/a>.<\/p>\n<h2>\u00bfC\u00f3mo se fabrican sus objetos de colecci\u00f3n?<\/h2>\n<p>Para empezar, todos nuestros productos derivados son de la m\u00e1xima calidad, fabricados con meticulosa atenci\u00f3n al detalle. Una parte se hace a mano, para reproducir hasta el m\u00e1s m\u00ednimo detalle. Las partes m\u00e1s importantes se mecanizan con m\u00e1quinas muy precisas. Los grabados se hacen generalmente con punta de diamante o l\u00e1ser.<\/p>\n<p>Su <strong>Granada alemana modelo 24, <\/strong>fabricados para reproducir cada detalle con exactitud. Para igualar el legado de las obras maestras originales. Se hace hincapi\u00e9 en crear r\u00e9plicas de alta calidad que sean lo m\u00e1s hist\u00f3ricamente exactas posible.<\/p>\n<p>En conclusi\u00f3n, importadas de China, Espa\u00f1a o la India, \u00a1nuestras r\u00e9plicas le sorprender\u00e1n!<\/p>","protected":false},"excerpt":{"rendered":"<p>Granada alemana M24, apodada \"Press-Pur\u00e9e\".<\/p>\n<ul>\n<li>Mango de madera natural<\/li>\n<li>Carga explosiva de imitaci\u00f3n<\/li>\n<li>Inscripci\u00f3n azul alemana.<\/li>\n<li>Tapa met\u00e1lica con tornillos de imitaci\u00f3n.<\/li>\n<li>Hecho en la India por Deepeeka<\/li>\n<li>Longitud total de la granada: 36 cm - Peso: 257 Grs<\/li>\n<\/ul>","protected":false},"featured_media":28936,"template":"","meta":[],"product_brand":[896],"product_cat":[25,54,85],"product_tag":[],"class_list":{"0":"post-28935","1":"product","2":"type-product","3":"status-publish","4":"has-post-thumbnail","6":"product_brand-replique-manga-cine","7":"product_cat-armes-historiques","8":"product_cat-armes-accessoires-guerre-mondiale","9":"product_cat-dagues-et-accessoires-seconde-guerre-mondiale-materiels-militaria","11":"first","12":"instock","13":"taxable","14":"shipping-taxable","15":"purchasable","16":"product-type-simple"},"yoast_head":"<!-- This site is optimized with the Yoast SEO plugin v27.4 - https:\/\/yoast.com\/product\/yoast-seo-wordpress\/ -->\n<title>Grenade Allemande Mod\u00e8le 24 - Deepeeka | R\u00e9plique Manga Cin\u00e9<\/title>\n<meta name=\"description\" content=\"Commandez vite cette r\u00e9plique de la Grenade Allemande Mod\u00e8le 24 dite Presse Pur\u00e9e au meilleur prix - Bois narurel - Longueur totale : 36 cm\" \/>\n<meta name=\"robots\" content=\"index, follow, max-snippet:-1, max-image-preview:large, max-video-preview:-1\" \/>\n<link rel=\"canonical\" href=\"https:\/\/repliquemangacine.fr\/es\/dagas-y-accesorios-material-militar-segunda-guerra-mundial\/granada-de-mano-alemana-modelo-24\/\" \/>\n<meta property=\"og:locale\" content=\"es_ES\" \/>\n<meta property=\"og:type\" content=\"article\" \/>\n<meta property=\"og:title\" content=\"Grenade Allemande Mod\u00e8le 24 - Deepeeka | R\u00e9plique Manga Cin\u00e9\" \/>\n<meta property=\"og:description\" content=\"Commandez vite cette r\u00e9plique de la Grenade Allemande Mod\u00e8le 24 dite Presse Pur\u00e9e au meilleur prix - Bois narurel - Longueur totale : 36 cm\" \/>\n<meta property=\"og:url\" content=\"https:\/\/repliquemangacine.fr\/es\/dagas-y-accesorios-material-militar-segunda-guerra-mundial\/granada-de-mano-alemana-modelo-24\/\" \/>\n<meta property=\"og:site_name\" content=\"R\u00e9plique Manga Cin\u00e9\" \/>\n<meta property=\"article:publisher\" content=\"https:\/\/www.facebook.com\/RepliqueMangaCine\" \/>\n<meta property=\"article:modified_time\" content=\"2025-12-17T19:28:32+00:00\" \/>\n<meta property=\"og:image\" content=\"https:\/\/repliquemangacine.fr\/wp-content\/uploads\/2023\/10\/3622-Grenade-allemande-M24.jpg\" \/>\n\t<meta property=\"og:image:width\" content=\"800\" \/>\n\t<meta property=\"og:image:height\" content=\"800\" \/>\n\t<meta property=\"og:image:type\" content=\"image\/jpeg\" \/>\n<meta name=\"twitter:card\" content=\"summary_large_image\" \/>\n<meta name=\"twitter:label1\" content=\"Tiempo de lectura\" \/>\n\t<meta name=\"twitter:data1\" content=\"2 minutos\" \/>\n<script type=\"application\/ld+json\" class=\"yoast-schema-graph\">{\"@context\":\"https:\\\/\\\/schema.org\",\"@graph\":[{\"@type\":\"WebPage\",\"@id\":\"https:\\\/\\\/repliquemangacine.fr\\\/de\\\/dolche-und-zubehor-zweiter-weltkrieg-militarisches-material\\\/deutsche-handgranate-modell-24-handgranate\\\/\",\"url\":\"https:\\\/\\\/repliquemangacine.fr\\\/de\\\/dolche-und-zubehor-zweiter-weltkrieg-militarisches-material\\\/deutsche-handgranate-modell-24-handgranate\\\/\",\"name\":\"Grenade Allemande Mod\u00e8le 24 - Deepeeka | R\u00e9plique Manga Cin\u00e9\",\"isPartOf\":{\"@id\":\"https:\\\/\\\/repliquemangacine.fr\\\/#website\"},\"primaryImageOfPage\":{\"@id\":\"https:\\\/\\\/repliquemangacine.fr\\\/de\\\/dolche-und-zubehor-zweiter-weltkrieg-militarisches-material\\\/deutsche-handgranate-modell-24-handgranate\\\/#primaryimage\"},\"image\":{\"@id\":\"https:\\\/\\\/repliquemangacine.fr\\\/de\\\/dolche-und-zubehor-zweiter-weltkrieg-militarisches-material\\\/deutsche-handgranate-modell-24-handgranate\\\/#primaryimage\"},\"thumbnailUrl\":\"https:\\\/\\\/repliquemangacine.fr\\\/wp-content\\\/uploads\\\/2023\\\/10\\\/3622-Grenade-allemande-M24.jpg\",\"datePublished\":\"2020-03-28T10:37:47+00:00\",\"dateModified\":\"2025-12-17T19:28:32+00:00\",\"description\":\"Commandez vite cette r\u00e9plique de la Grenade Allemande Mod\u00e8le 24 dite Presse Pur\u00e9e au meilleur prix - Bois narurel - Longueur totale : 36 cm\",\"breadcrumb\":{\"@id\":\"https:\\\/\\\/repliquemangacine.fr\\\/de\\\/dolche-und-zubehor-zweiter-weltkrieg-militarisches-material\\\/deutsche-handgranate-modell-24-handgranate\\\/#breadcrumb\"},\"inLanguage\":\"es\",\"potentialAction\":[{\"@type\":\"ReadAction\",\"target\":[\"https:\\\/\\\/repliquemangacine.fr\\\/de\\\/dolche-und-zubehor-zweiter-weltkrieg-militarisches-material\\\/deutsche-handgranate-modell-24-handgranate\\\/\"]}]},{\"@type\":\"ImageObject\",\"inLanguage\":\"es\",\"@id\":\"https:\\\/\\\/repliquemangacine.fr\\\/de\\\/dolche-und-zubehor-zweiter-weltkrieg-militarisches-material\\\/deutsche-handgranate-modell-24-handgranate\\\/#primaryimage\",\"url\":\"https:\\\/\\\/repliquemangacine.fr\\\/wp-content\\\/uploads\\\/2023\\\/10\\\/3622-Grenade-allemande-M24.jpg\",\"contentUrl\":\"https:\\\/\\\/repliquemangacine.fr\\\/wp-content\\\/uploads\\\/2023\\\/10\\\/3622-Grenade-allemande-M24.jpg\",\"width\":800,\"height\":800,\"caption\":\"Grenade allemande M24\"},{\"@type\":\"BreadcrumbList\",\"@id\":\"https:\\\/\\\/repliquemangacine.fr\\\/de\\\/dolche-und-zubehor-zweiter-weltkrieg-militarisches-material\\\/deutsche-handgranate-modell-24-handgranate\\\/#breadcrumb\",\"itemListElement\":[{\"@type\":\"ListItem\",\"position\":1,\"name\":\"Accueil\",\"item\":\"https:\\\/\\\/repliquemangacine.fr\\\/\"},{\"@type\":\"ListItem\",\"position\":2,\"name\":\"Produits\",\"item\":\"https:\\\/\\\/repliquemangacine.fr\\\/boutique\\\/\"},{\"@type\":\"ListItem\",\"position\":3,\"name\":\"Grenade Allemande Mod\u00e8le 24\"}]},{\"@type\":\"WebSite\",\"@id\":\"https:\\\/\\\/repliquemangacine.fr\\\/#website\",\"url\":\"https:\\\/\\\/repliquemangacine.fr\\\/\",\"name\":\"R\u00e9plique Manga Cin\u00e9\",\"description\":\"\",\"publisher\":{\"@id\":\"https:\\\/\\\/repliquemangacine.fr\\\/#organization\"},\"potentialAction\":[{\"@type\":\"SearchAction\",\"target\":{\"@type\":\"EntryPoint\",\"urlTemplate\":\"https:\\\/\\\/repliquemangacine.fr\\\/?s={search_term_string}\"},\"query-input\":{\"@type\":\"PropertyValueSpecification\",\"valueRequired\":true,\"valueName\":\"search_term_string\"}}],\"inLanguage\":\"es\"},{\"@type\":\"Organization\",\"@id\":\"https:\\\/\\\/repliquemangacine.fr\\\/#organization\",\"name\":\"R\u00e9plique Manga Cin\u00e9\",\"url\":\"https:\\\/\\\/repliquemangacine.fr\\\/\",\"logo\":{\"@type\":\"ImageObject\",\"inLanguage\":\"es\",\"@id\":\"https:\\\/\\\/repliquemangacine.fr\\\/#\\\/schema\\\/logo\\\/image\\\/\",\"url\":\"https:\\\/\\\/repliquemangacine.fr\\\/wp-content\\\/uploads\\\/2023\\\/10\\\/RMC-500250.png\",\"contentUrl\":\"https:\\\/\\\/repliquemangacine.fr\\\/wp-content\\\/uploads\\\/2023\\\/10\\\/RMC-500250.png\",\"width\":500,\"height\":250,\"caption\":\"R\u00e9plique Manga Cin\u00e9\"},\"image\":{\"@id\":\"https:\\\/\\\/repliquemangacine.fr\\\/#\\\/schema\\\/logo\\\/image\\\/\"},\"sameAs\":[\"https:\\\/\\\/www.facebook.com\\\/RepliqueMangaCine\",\"https:\\\/\\\/www.instagram.com\\\/repliquemangacine.fr\\\/\"]}]}<\/script>\n<!-- \/ Yoast SEO plugin. -->","yoast_head_json":{"title":"Granada Alemana Modelo 24 - Deepeeka | R\u00e9plique Manga Cin\u00e9","description":"Pida esta r\u00e9plica de la granada alemana Modelo 24 al mejor precio - Madera de narurel - Longitud total: 36 cm","robots":{"index":"index","follow":"follow","max-snippet":"max-snippet:-1","max-image-preview":"max-image-preview:large","max-video-preview":"max-video-preview:-1"},"canonical":"https:\/\/repliquemangacine.fr\/es\/dagas-y-accesorios-material-militar-segunda-guerra-mundial\/granada-de-mano-alemana-modelo-24\/","og_locale":"es_ES","og_type":"article","og_title":"Grenade Allemande Mod\u00e8le 24 - Deepeeka | R\u00e9plique Manga Cin\u00e9","og_description":"Commandez vite cette r\u00e9plique de la Grenade Allemande Mod\u00e8le 24 dite Presse Pur\u00e9e au meilleur prix - Bois narurel - Longueur totale : 36 cm","og_url":"https:\/\/repliquemangacine.fr\/es\/dagas-y-accesorios-material-militar-segunda-guerra-mundial\/granada-de-mano-alemana-modelo-24\/","og_site_name":"R\u00e9plique Manga Cin\u00e9","article_publisher":"https:\/\/www.facebook.com\/RepliqueMangaCine","article_modified_time":"2025-12-17T19:28:32+00:00","og_image":[{"width":800,"height":800,"url":"https:\/\/repliquemangacine.fr\/wp-content\/uploads\/2023\/10\/3622-Grenade-allemande-M24.jpg","type":"image\/jpeg"}],"twitter_card":"summary_large_image","twitter_misc":{"Tiempo de lectura":"2 minutos"},"schema":{"@context":"https:\/\/schema.org","@graph":[{"@type":"WebPage","@id":"https:\/\/repliquemangacine.fr\/de\/dolche-und-zubehor-zweiter-weltkrieg-militarisches-material\/deutsche-handgranate-modell-24-handgranate\/","url":"https:\/\/repliquemangacine.fr\/de\/dolche-und-zubehor-zweiter-weltkrieg-militarisches-material\/deutsche-handgranate-modell-24-handgranate\/","name":"Granada Alemana Modelo 24 - Deepeeka | R\u00e9plique Manga Cin\u00e9","isPartOf":{"@id":"https:\/\/repliquemangacine.fr\/#website"},"primaryImageOfPage":{"@id":"https:\/\/repliquemangacine.fr\/de\/dolche-und-zubehor-zweiter-weltkrieg-militarisches-material\/deutsche-handgranate-modell-24-handgranate\/#primaryimage"},"image":{"@id":"https:\/\/repliquemangacine.fr\/de\/dolche-und-zubehor-zweiter-weltkrieg-militarisches-material\/deutsche-handgranate-modell-24-handgranate\/#primaryimage"},"thumbnailUrl":"https:\/\/repliquemangacine.fr\/wp-content\/uploads\/2023\/10\/3622-Grenade-allemande-M24.jpg","datePublished":"2020-03-28T10:37:47+00:00","dateModified":"2025-12-17T19:28:32+00:00","description":"Pida esta r\u00e9plica de la granada alemana Modelo 24 al mejor precio - Madera de narurel - Longitud total: 36 cm","breadcrumb":{"@id":"https:\/\/repliquemangacine.fr\/de\/dolche-und-zubehor-zweiter-weltkrieg-militarisches-material\/deutsche-handgranate-modell-24-handgranate\/#breadcrumb"},"inLanguage":"es","potentialAction":[{"@type":"ReadAction","target":["https:\/\/repliquemangacine.fr\/de\/dolche-und-zubehor-zweiter-weltkrieg-militarisches-material\/deutsche-handgranate-modell-24-handgranate\/"]}]},{"@type":"ImageObject","inLanguage":"es","@id":"https:\/\/repliquemangacine.fr\/de\/dolche-und-zubehor-zweiter-weltkrieg-militarisches-material\/deutsche-handgranate-modell-24-handgranate\/#primaryimage","url":"https:\/\/repliquemangacine.fr\/wp-content\/uploads\/2023\/10\/3622-Grenade-allemande-M24.jpg","contentUrl":"https:\/\/repliquemangacine.fr\/wp-content\/uploads\/2023\/10\/3622-Grenade-allemande-M24.jpg","width":800,"height":800,"caption":"Grenade allemande M24"},{"@type":"BreadcrumbList","@id":"https:\/\/repliquemangacine.fr\/de\/dolche-und-zubehor-zweiter-weltkrieg-militarisches-material\/deutsche-handgranate-modell-24-handgranate\/#breadcrumb","itemListElement":[{"@type":"ListItem","position":1,"name":"Accueil","item":"https:\/\/repliquemangacine.fr\/"},{"@type":"ListItem","position":2,"name":"Produits","item":"https:\/\/repliquemangacine.fr\/boutique\/"},{"@type":"ListItem","position":3,"name":"Grenade Allemande Mod\u00e8le 24"}]},{"@type":"WebSite","@id":"https:\/\/repliquemangacine.fr\/#website","url":"https:\/\/repliquemangacine.fr\/","name":"R\u00e9plique Manga Cin\u00e9","description":"","publisher":{"@id":"https:\/\/repliquemangacine.fr\/#organization"},"potentialAction":[{"@type":"SearchAction","target":{"@type":"EntryPoint","urlTemplate":"https:\/\/repliquemangacine.fr\/?s={search_term_string}"},"query-input":{"@type":"PropertyValueSpecification","valueRequired":true,"valueName":"search_term_string"}}],"inLanguage":"es"},{"@type":"Organization","@id":"https:\/\/repliquemangacine.fr\/#organization","name":"R\u00e9plique Manga Cin\u00e9","url":"https:\/\/repliquemangacine.fr\/","logo":{"@type":"ImageObject","inLanguage":"es","@id":"https:\/\/repliquemangacine.fr\/#\/schema\/logo\/image\/","url":"https:\/\/repliquemangacine.fr\/wp-content\/uploads\/2023\/10\/RMC-500250.png","contentUrl":"https:\/\/repliquemangacine.fr\/wp-content\/uploads\/2023\/10\/RMC-500250.png","width":500,"height":250,"caption":"R\u00e9plique Manga Cin\u00e9"},"image":{"@id":"https:\/\/repliquemangacine.fr\/#\/schema\/logo\/image\/"},"sameAs":["https:\/\/www.facebook.com\/RepliqueMangaCine","https:\/\/www.instagram.com\/repliquemangacine.fr\/"]}]}},"_links":{"self":[{"href":"https:\/\/repliquemangacine.fr\/es\/wp-json\/wp\/v2\/product\/28935","targetHints":{"allow":["GET"]}}],"collection":[{"href":"https:\/\/repliquemangacine.fr\/es\/wp-json\/wp\/v2\/product"}],"about":[{"href":"https:\/\/repliquemangacine.fr\/es\/wp-json\/wp\/v2\/types\/product"}],"wp:featuredmedia":[{"embeddable":true,"href":"https:\/\/repliquemangacine.fr\/es\/wp-json\/wp\/v2\/media\/28936"}],"wp:attachment":[{"href":"https:\/\/repliquemangacine.fr\/es\/wp-json\/wp\/v2\/media?parent=28935"}],"wp:term":[{"taxonomy":"product_brand","embeddable":true,"href":"https:\/\/repliquemangacine.fr\/es\/wp-json\/wp\/v2\/product_brand?post=28935"},{"taxonomy":"product_cat","embeddable":true,"href":"https:\/\/repliquemangacine.fr\/es\/wp-json\/wp\/v2\/product_cat?post=28935"},{"taxonomy":"product_tag","embeddable":true,"href":"https:\/\/repliquemangacine.fr\/es\/wp-json\/wp\/v2\/product_tag?post=28935"}],"curies":[{"name":"wp","href":"https:\/\/api.w.org\/{rel}","templated":true}]}}