





{"id":28889,"date":"2020-03-14T16:27:15","date_gmt":"2020-03-14T15:27:15","guid":{"rendered":"https:\/\/repliquemangacine.fr\/?post_type=product&#038;p=28889"},"modified":"2025-12-18T08:55:22","modified_gmt":"2025-12-18T07:55:22","slug":"kanao-demon-slayer-katana","status":"publish","type":"product","link":"https:\/\/repliquemangacine.fr\/es\/katana-demon-slayer-metal\/katana-de-kanao-demon-slayer\/","title":{"rendered":"Katana de Kanao Demon Slayer"},"content":{"rendered":"<h2>Katana de acero Kanao Demon Slayer<\/h2>\n<p>Para empezar, el <strong>Katana Kanao<\/strong> <strong>Cazador de demonios<\/strong> es una espada solar est\u00e1ndar que complementa su estilo de respiraci\u00f3n. Su estilo de lucha es el aliento de la flor.<\/p>\n<p><a href=\"https:\/\/kimetsu-no-yaiba.fandom.com\/fr\/wiki\/Kanao_Tsuyuri#Aptitudes_\u00e0_l'\u00e9p\u00e9e\" target=\"_blank\" rel=\"noopener noreferrer\">Kanao Tsuyuri<\/a> Personaje secundario importante de Demon Slayer. Cazadora de demonios del Ej\u00e9rcito de Cazadores de Demonios, la Tsuguko de Shinobu Kocho. Kanao es extremadamente r\u00e1pida. Como persona inmensamente talentosa, Kanao es una espadachina incre\u00edble. Hasta tal punto que incluso Doma pensaba que ten\u00eda m\u00e1s talento que Shinobu Kocho.<\/p>\n<p>Adem\u00e1s, su estilo de lucha es el Aliento de la Flor. Es un estilo de Aliento derivado del Aliento del Agua. De hecho, lo utilizaban la antigua Pilar de la Flor, Kanae Kocho, y su hermana adoptiva, Kanao Tsuyuri. Para concluir, hay siete movimientos del Aliento de la Flor, incluido un movimiento final.<\/p>\n<h2>Tu Katana de Kanao Demon Slayer al mejor precio.<\/h2>\n<p>Tenemos todas las frases de tus personajes favoritos en este manga anime de Demon Slayer.<\/p>\n<p>Lo primero y m\u00e1s importante,<\/p>\n<ul>\n<li>el <a href=\"https:\/\/repliquemangacine.fr\/es\/cazador-de-demonios\/kokushibo-katana-mata-demonios\/\">Katana Kyokokukamusari usada por Kokushibo<\/a>.<\/li>\n<li>As\u00ed como el <a href=\"https:\/\/repliquemangacine.fr\/es\/cazador-de-demonios\/katana-de-yoriichi-tsugikuni-demon-slayer\/\">Katana de Yoriichi Tsugikuni<\/a> con su hoja negra y una ola de sangre roja.<\/li>\n<li>Y muchos m\u00e1s por descubrir en nuestra tienda en l\u00ednea.<\/li>\n<\/ul>\n<p>Por eso, aqu\u00ed tienes unas ideas estupendas para regalar a los fans de  Demon Slayer o Kimetsu no Yaiba.<\/p>\n<p>En conclusi\u00f3n, tambi\u00e9n puedes utilizar esta espada de Kanao Tsuyuri para tus desfiles de cosplay o tus fiestas tem\u00e1ticas. Pero, ante todo, la espada de Kanao Tsuyuri es tambi\u00e9n una pieza de colecci\u00f3n y decoraci\u00f3n.<\/p>\n<h2>\u00bfC\u00f3mo se mantiene la hoja de la katana?<\/h2>\n<p>Las katanas de colecci\u00f3n y decorativas se fabrican y ensamblan de forma simplificada. Como su uso es decorativo, no cuentan con los elementos de seguridad exigidos a una espada japonesa destinada al entrenamiento.<\/p>\n<p>Sin embargo, <strong>tu katana Kanao<\/strong> <strong>Cazador de demonios<\/strong> a una hoja de acero que hay que cuidar para evitar que se estropee con el tiempo. Cuando exponga su katana, sus amigos sentir\u00e1n curiosidad por ver la hoja y tocarla. Aqu\u00ed es donde hay que tener cuidado, ya que la acidez de los dedos es muy perjudicial para el acero, sea cual sea su calidad.<\/p>\n<p>Si esto ocurre, no te asustes, simplemente utiliza un pa\u00f1o humedecido con un poco de aceite y limpia las huellas dactilares. Si haces esto, tu espada durar\u00e1 mucho tiempo.<\/p>\n<p><strong>\u00a0<\/strong><\/p>","protected":false},"excerpt":{"rendered":"<p>Magn\u00edfica r\u00e9plica de la katana de Kanao Tsuyuri del manga y anime Demon Slayer.<\/p>\n<ul>\n<li>Hoja de acero bicolor rosa y gris, serigrafiada con s\u00edmbolos japoneses.<\/li>\n<li>Guarda redonda de metal decorada con 5 flores grises sobre fondo rosa.<\/li>\n<li>Mango recubierto de trenza de algod\u00f3n blanco.<\/li>\n<li>Vaina de madera negra.<\/li>\n<li>Longitud hoja : 68cm - Longitud total : 104cm Peso : 950 grs<\/li>\n<\/ul>","protected":false},"featured_media":28890,"template":"","meta":[],"product_brand":[896],"product_cat":[63,117,23],"product_tag":[],"class_list":{"0":"post-28889","1":"product","2":"type-product","3":"status-publish","4":"has-post-thumbnail","6":"product_brand-replique-manga-cine","7":"product_cat-katana-demon-slayer","8":"product_cat-katana-demon-slayer-metal","9":"product_cat-repliques-manga-jeux-video","11":"first","12":"instock","13":"taxable","14":"shipping-taxable","15":"purchasable","16":"product-type-simple"},"yoast_head":"<!-- This site is optimized with the Yoast SEO plugin v27.4 - https:\/\/yoast.com\/product\/yoast-seo-wordpress\/ -->\n<title>Katana de Kanao Demon Slayer en acier - R\u00e9plique Manga Cin\u00e9<\/title>\n<meta name=\"description\" content=\"Commandez vite ! Devenez un pourfendeurs de d\u00e9mons avec le Katana de Kanao Demon Slayer. Lame acier. Paiement s\u00e9curis\u00e9 - Livraison gratuite\" \/>\n<meta name=\"robots\" content=\"index, follow, max-snippet:-1, max-image-preview:large, max-video-preview:-1\" \/>\n<link rel=\"canonical\" href=\"https:\/\/repliquemangacine.fr\/es\/katana-demon-slayer-metal\/kanao-demon-slayer-katana\/\" \/>\n<meta property=\"og:locale\" content=\"es_ES\" \/>\n<meta property=\"og:type\" content=\"article\" \/>\n<meta property=\"og:title\" content=\"Katana de Kanao Demon Slayer en acier - R\u00e9plique Manga Cin\u00e9\" \/>\n<meta property=\"og:description\" content=\"Commandez vite ! Devenez un pourfendeurs de d\u00e9mons avec le Katana de Kanao Demon Slayer. Lame acier. Paiement s\u00e9curis\u00e9 - Livraison gratuite\" \/>\n<meta property=\"og:url\" content=\"https:\/\/repliquemangacine.fr\/es\/katana-demon-slayer-metal\/kanao-demon-slayer-katana\/\" \/>\n<meta property=\"og:site_name\" content=\"R\u00e9plique Manga Cin\u00e9\" \/>\n<meta property=\"article:publisher\" content=\"https:\/\/www.facebook.com\/RepliqueMangaCine\" \/>\n<meta property=\"article:modified_time\" content=\"2025-12-18T07:55:22+00:00\" \/>\n<meta property=\"og:image\" content=\"https:\/\/repliquemangacine.fr\/wp-content\/uploads\/2023\/10\/sh663.jpg\" \/>\n\t<meta property=\"og:image:width\" content=\"600\" \/>\n\t<meta property=\"og:image:height\" content=\"600\" \/>\n\t<meta property=\"og:image:type\" content=\"image\/jpeg\" \/>\n<meta name=\"twitter:card\" content=\"summary_large_image\" \/>\n<meta name=\"twitter:label1\" content=\"Tiempo de lectura\" \/>\n\t<meta name=\"twitter:data1\" content=\"2 minutos\" \/>\n<script type=\"application\/ld+json\" class=\"yoast-schema-graph\">{\"@context\":\"https:\\\/\\\/schema.org\",\"@graph\":[{\"@type\":\"WebPage\",\"@id\":\"https:\\\/\\\/repliquemangacine.fr\\\/katana-demon-slayer-metal\\\/katana-de-kanao-demon-slayer\\\/\",\"url\":\"https:\\\/\\\/repliquemangacine.fr\\\/katana-demon-slayer-metal\\\/katana-de-kanao-demon-slayer\\\/\",\"name\":\"Katana de Kanao Demon Slayer en acier - R\u00e9plique Manga Cin\u00e9\",\"isPartOf\":{\"@id\":\"https:\\\/\\\/repliquemangacine.fr\\\/#website\"},\"primaryImageOfPage\":{\"@id\":\"https:\\\/\\\/repliquemangacine.fr\\\/katana-demon-slayer-metal\\\/katana-de-kanao-demon-slayer\\\/#primaryimage\"},\"image\":{\"@id\":\"https:\\\/\\\/repliquemangacine.fr\\\/katana-demon-slayer-metal\\\/katana-de-kanao-demon-slayer\\\/#primaryimage\"},\"thumbnailUrl\":\"https:\\\/\\\/repliquemangacine.fr\\\/wp-content\\\/uploads\\\/2023\\\/10\\\/sh663.jpg\",\"datePublished\":\"2020-03-14T15:27:15+00:00\",\"dateModified\":\"2025-12-18T07:55:22+00:00\",\"description\":\"Commandez vite ! Devenez un pourfendeurs de d\u00e9mons avec le Katana de Kanao Demon Slayer. Lame acier. Paiement s\u00e9curis\u00e9 - Livraison gratuite\",\"breadcrumb\":{\"@id\":\"https:\\\/\\\/repliquemangacine.fr\\\/katana-demon-slayer-metal\\\/katana-de-kanao-demon-slayer\\\/#breadcrumb\"},\"inLanguage\":\"es\",\"potentialAction\":[{\"@type\":\"ReadAction\",\"target\":[\"https:\\\/\\\/repliquemangacine.fr\\\/katana-demon-slayer-metal\\\/katana-de-kanao-demon-slayer\\\/\"]}]},{\"@type\":\"ImageObject\",\"inLanguage\":\"es\",\"@id\":\"https:\\\/\\\/repliquemangacine.fr\\\/katana-demon-slayer-metal\\\/katana-de-kanao-demon-slayer\\\/#primaryimage\",\"url\":\"https:\\\/\\\/repliquemangacine.fr\\\/wp-content\\\/uploads\\\/2023\\\/10\\\/sh663.jpg\",\"contentUrl\":\"https:\\\/\\\/repliquemangacine.fr\\\/wp-content\\\/uploads\\\/2023\\\/10\\\/sh663.jpg\",\"width\":600,\"height\":600,\"caption\":\"Katana de Kanao Demon Slayer lame acier\"},{\"@type\":\"BreadcrumbList\",\"@id\":\"https:\\\/\\\/repliquemangacine.fr\\\/katana-demon-slayer-metal\\\/katana-de-kanao-demon-slayer\\\/#breadcrumb\",\"itemListElement\":[{\"@type\":\"ListItem\",\"position\":1,\"name\":\"Accueil\",\"item\":\"https:\\\/\\\/repliquemangacine.fr\\\/\"},{\"@type\":\"ListItem\",\"position\":2,\"name\":\"Produits\",\"item\":\"https:\\\/\\\/repliquemangacine.fr\\\/boutique\\\/\"},{\"@type\":\"ListItem\",\"position\":3,\"name\":\"Katana de Kanao Demon Slayer\"}]},{\"@type\":\"WebSite\",\"@id\":\"https:\\\/\\\/repliquemangacine.fr\\\/#website\",\"url\":\"https:\\\/\\\/repliquemangacine.fr\\\/\",\"name\":\"R\u00e9plique Manga Cin\u00e9\",\"description\":\"\",\"publisher\":{\"@id\":\"https:\\\/\\\/repliquemangacine.fr\\\/#organization\"},\"potentialAction\":[{\"@type\":\"SearchAction\",\"target\":{\"@type\":\"EntryPoint\",\"urlTemplate\":\"https:\\\/\\\/repliquemangacine.fr\\\/?s={search_term_string}\"},\"query-input\":{\"@type\":\"PropertyValueSpecification\",\"valueRequired\":true,\"valueName\":\"search_term_string\"}}],\"inLanguage\":\"es\"},{\"@type\":\"Organization\",\"@id\":\"https:\\\/\\\/repliquemangacine.fr\\\/#organization\",\"name\":\"R\u00e9plique Manga Cin\u00e9\",\"url\":\"https:\\\/\\\/repliquemangacine.fr\\\/\",\"logo\":{\"@type\":\"ImageObject\",\"inLanguage\":\"es\",\"@id\":\"https:\\\/\\\/repliquemangacine.fr\\\/#\\\/schema\\\/logo\\\/image\\\/\",\"url\":\"https:\\\/\\\/repliquemangacine.fr\\\/wp-content\\\/uploads\\\/2023\\\/10\\\/RMC-500250.png\",\"contentUrl\":\"https:\\\/\\\/repliquemangacine.fr\\\/wp-content\\\/uploads\\\/2023\\\/10\\\/RMC-500250.png\",\"width\":500,\"height\":250,\"caption\":\"R\u00e9plique Manga Cin\u00e9\"},\"image\":{\"@id\":\"https:\\\/\\\/repliquemangacine.fr\\\/#\\\/schema\\\/logo\\\/image\\\/\"},\"sameAs\":[\"https:\\\/\\\/www.facebook.com\\\/RepliqueMangaCine\",\"https:\\\/\\\/www.instagram.com\\\/repliquemangacine.fr\\\/\"]}]}<\/script>\n<!-- \/ Yoast SEO plugin. -->","yoast_head_json":{"title":"Katana de acero Kanao Demon Slayer - R\u00e9plique Manga Cin\u00e9","description":"\u00a1P\u00eddela ya! Convi\u00e9rtete en un asesino de demonios con la Katana Kanao Demon Slayer. Hoja de acero. Pago seguro - Entrega gratuita","robots":{"index":"index","follow":"follow","max-snippet":"max-snippet:-1","max-image-preview":"max-image-preview:large","max-video-preview":"max-video-preview:-1"},"canonical":"https:\/\/repliquemangacine.fr\/es\/katana-demon-slayer-metal\/kanao-demon-slayer-katana\/","og_locale":"es_ES","og_type":"article","og_title":"Katana de Kanao Demon Slayer en acier - R\u00e9plique Manga Cin\u00e9","og_description":"Commandez vite ! Devenez un pourfendeurs de d\u00e9mons avec le Katana de Kanao Demon Slayer. Lame acier. Paiement s\u00e9curis\u00e9 - Livraison gratuite","og_url":"https:\/\/repliquemangacine.fr\/es\/katana-demon-slayer-metal\/kanao-demon-slayer-katana\/","og_site_name":"R\u00e9plique Manga Cin\u00e9","article_publisher":"https:\/\/www.facebook.com\/RepliqueMangaCine","article_modified_time":"2025-12-18T07:55:22+00:00","og_image":[{"width":600,"height":600,"url":"https:\/\/repliquemangacine.fr\/wp-content\/uploads\/2023\/10\/sh663.jpg","type":"image\/jpeg"}],"twitter_card":"summary_large_image","twitter_misc":{"Tiempo de lectura":"2 minutos"},"schema":{"@context":"https:\/\/schema.org","@graph":[{"@type":"WebPage","@id":"https:\/\/repliquemangacine.fr\/katana-demon-slayer-metal\/katana-de-kanao-demon-slayer\/","url":"https:\/\/repliquemangacine.fr\/katana-demon-slayer-metal\/katana-de-kanao-demon-slayer\/","name":"Katana de acero Kanao Demon Slayer - R\u00e9plique Manga Cin\u00e9","isPartOf":{"@id":"https:\/\/repliquemangacine.fr\/#website"},"primaryImageOfPage":{"@id":"https:\/\/repliquemangacine.fr\/katana-demon-slayer-metal\/katana-de-kanao-demon-slayer\/#primaryimage"},"image":{"@id":"https:\/\/repliquemangacine.fr\/katana-demon-slayer-metal\/katana-de-kanao-demon-slayer\/#primaryimage"},"thumbnailUrl":"https:\/\/repliquemangacine.fr\/wp-content\/uploads\/2023\/10\/sh663.jpg","datePublished":"2020-03-14T15:27:15+00:00","dateModified":"2025-12-18T07:55:22+00:00","description":"\u00a1P\u00eddela ya! Convi\u00e9rtete en un asesino de demonios con la Katana Kanao Demon Slayer. Hoja de acero. Pago seguro - Entrega gratuita","breadcrumb":{"@id":"https:\/\/repliquemangacine.fr\/katana-demon-slayer-metal\/katana-de-kanao-demon-slayer\/#breadcrumb"},"inLanguage":"es","potentialAction":[{"@type":"ReadAction","target":["https:\/\/repliquemangacine.fr\/katana-demon-slayer-metal\/katana-de-kanao-demon-slayer\/"]}]},{"@type":"ImageObject","inLanguage":"es","@id":"https:\/\/repliquemangacine.fr\/katana-demon-slayer-metal\/katana-de-kanao-demon-slayer\/#primaryimage","url":"https:\/\/repliquemangacine.fr\/wp-content\/uploads\/2023\/10\/sh663.jpg","contentUrl":"https:\/\/repliquemangacine.fr\/wp-content\/uploads\/2023\/10\/sh663.jpg","width":600,"height":600,"caption":"Katana de Kanao Demon Slayer lame acier"},{"@type":"BreadcrumbList","@id":"https:\/\/repliquemangacine.fr\/katana-demon-slayer-metal\/katana-de-kanao-demon-slayer\/#breadcrumb","itemListElement":[{"@type":"ListItem","position":1,"name":"Accueil","item":"https:\/\/repliquemangacine.fr\/"},{"@type":"ListItem","position":2,"name":"Produits","item":"https:\/\/repliquemangacine.fr\/boutique\/"},{"@type":"ListItem","position":3,"name":"Katana de Kanao Demon Slayer"}]},{"@type":"WebSite","@id":"https:\/\/repliquemangacine.fr\/#website","url":"https:\/\/repliquemangacine.fr\/","name":"R\u00e9plique Manga Cin\u00e9","description":"","publisher":{"@id":"https:\/\/repliquemangacine.fr\/#organization"},"potentialAction":[{"@type":"SearchAction","target":{"@type":"EntryPoint","urlTemplate":"https:\/\/repliquemangacine.fr\/?s={search_term_string}"},"query-input":{"@type":"PropertyValueSpecification","valueRequired":true,"valueName":"search_term_string"}}],"inLanguage":"es"},{"@type":"Organization","@id":"https:\/\/repliquemangacine.fr\/#organization","name":"R\u00e9plique Manga Cin\u00e9","url":"https:\/\/repliquemangacine.fr\/","logo":{"@type":"ImageObject","inLanguage":"es","@id":"https:\/\/repliquemangacine.fr\/#\/schema\/logo\/image\/","url":"https:\/\/repliquemangacine.fr\/wp-content\/uploads\/2023\/10\/RMC-500250.png","contentUrl":"https:\/\/repliquemangacine.fr\/wp-content\/uploads\/2023\/10\/RMC-500250.png","width":500,"height":250,"caption":"R\u00e9plique Manga Cin\u00e9"},"image":{"@id":"https:\/\/repliquemangacine.fr\/#\/schema\/logo\/image\/"},"sameAs":["https:\/\/www.facebook.com\/RepliqueMangaCine","https:\/\/www.instagram.com\/repliquemangacine.fr\/"]}]}},"_links":{"self":[{"href":"https:\/\/repliquemangacine.fr\/es\/wp-json\/wp\/v2\/product\/28889","targetHints":{"allow":["GET"]}}],"collection":[{"href":"https:\/\/repliquemangacine.fr\/es\/wp-json\/wp\/v2\/product"}],"about":[{"href":"https:\/\/repliquemangacine.fr\/es\/wp-json\/wp\/v2\/types\/product"}],"wp:featuredmedia":[{"embeddable":true,"href":"https:\/\/repliquemangacine.fr\/es\/wp-json\/wp\/v2\/media\/28890"}],"wp:attachment":[{"href":"https:\/\/repliquemangacine.fr\/es\/wp-json\/wp\/v2\/media?parent=28889"}],"wp:term":[{"taxonomy":"product_brand","embeddable":true,"href":"https:\/\/repliquemangacine.fr\/es\/wp-json\/wp\/v2\/product_brand?post=28889"},{"taxonomy":"product_cat","embeddable":true,"href":"https:\/\/repliquemangacine.fr\/es\/wp-json\/wp\/v2\/product_cat?post=28889"},{"taxonomy":"product_tag","embeddable":true,"href":"https:\/\/repliquemangacine.fr\/es\/wp-json\/wp\/v2\/product_tag?post=28889"}],"curies":[{"name":"wp","href":"https:\/\/api.w.org\/{rel}","templated":true}]}}