





{"id":28873,"date":"2020-03-13T13:54:11","date_gmt":"2020-03-13T12:54:11","guid":{"rendered":"https:\/\/repliquemangacine.fr\/?post_type=product&#038;p=28873"},"modified":"2026-04-12T23:41:26","modified_gmt":"2026-04-12T21:41:26","slug":"hacha-vikinga-hacha-del-rey-ragnar","status":"publish","type":"product","link":"https:\/\/repliquemangacine.fr\/es\/haches-serie-vikings\/hache-viking-hache-du-roi-ragnar\/","title":{"rendered":"Hacha vikinga Hacha del rey Ragnar"},"content":{"rendered":"<h2>El hacha vikinga de Ragnar<\/h2>\n<p>Para empezar, el hacha vikinga del rey vikingo est\u00e1 fabricada por la empresa Denix.<\/p>\n<p>Durante m\u00e1s de 100 a\u00f1os, los vikingos llevaron a cabo numerosas incursiones sangrientas en Francia. Estos guerreros procedentes de Noruega obtuvieron numerosas victorias. Incluso se establecieron de forma permanente en Normand\u00eda.<\/p>\n<p>Notables navegantes, los vikingos tambi\u00e9n se aventuraron hasta la pen\u00ednsula ib\u00e9rica en 844. Los vikingos penetraron en el Mediterr\u00e1neo por el estrecho de Gibraltar.<\/p>\n<p>Reconocidos como temibles guerreros, los vikingos nunca lograron formar un verdadero ej\u00e9rcito. Su t\u00e1ctica depredadora no puede atribuirse a un arte militar que no dominaban.<\/p>\n<h2>Tu hacha vikinga al mejor precio.<\/h2>\n<p>Le ofrecemos una amplia selecci\u00f3n de espadas, as\u00ed como cascos y escudos de la \u00e9poca vikinga.<\/p>\n<p>Lo primero y m\u00e1s importante,<\/p>\n<ul>\n<li>Este <a href=\"https:\/\/repliquemangacine.fr\/es\/vikingo\/vikingos-lagertha-espada\/\">La espada de Lagertha<\/a> esposa de Ragnar Lothbrok en la serie Vikingos.<\/li>\n<li>Por supuesto, tambi\u00e9n est\u00e1 la espada<a href=\"https:\/\/repliquemangacine.fr\/es\/armas-vikingas\/replica-de-la-espada-del-rey-ragnar-lothbrok-de-la-serie-de-tv-vikingos\/\"> del famoso rey Ragnar Lothbrok<\/a>recreado a partir del atrezo de la serie de televisi\u00f3n \"Vikingos\".<\/li>\n<li>Y muchos m\u00e1s.<\/li>\n<li>Si busca una pulsera, un anillo o incluso un tatuaje, visite nuestra tienda asociada. <a href=\"https:\/\/www.viking-clan.com\/\" target=\"_blank\" rel=\"noopener noreferrer\">Clan vikingo<\/a>.<\/li>\n<\/ul>\n<p>Por eso, es una idea estupenda para regalar a los aficionados a la \u00e9poca vikinga, pero tambi\u00e9n a los fans de la famosa serie.<\/p>\n<p>Tambi\u00e9n puedes utilizar esta hacha viking para tus desfiles de cosplay, fiestas tem\u00e1ticas y recreaciones hist\u00f3ricas. Pero, ante todo, la <strong>Hacha vikinga<\/strong>Es una pieza de coleccionista, adem\u00e1s de decorativa.<\/p>\n<h2>\u00bfC\u00f3mo debo mantener la hoja de mi hacha?<\/h2>\n<p>Las hachas de colecci\u00f3n y decoraci\u00f3n se fabrican y ensamblan de forma simplificada. Dado que su uso es decorativo, no cuentan con los elementos de seguridad necesarios para una espada japonesa destinada al entrenamiento.<\/p>\n<p>Sin embargo, su <strong>Hacha vikinga<\/strong> a una hoja de acero que hay que cuidar para evitar que se estropee con el tiempo. Cuando exponga su katana, sus amigos sentir\u00e1n curiosidad por ver la hoja y tocarla. Aqu\u00ed es donde hay que tener cuidado, ya que la acidez de los dedos es muy perjudicial para el acero, sea cual sea su calidad.<\/p>\n<p>Sin embargo, si esto ocurre, no te asustes, todo lo que necesitas es un pa\u00f1o humedecido con un poco de aceite y limpiar las huellas dactilares. Si haces esto, tu espada durar\u00e1 mucho tiempo.<\/p>","protected":false},"excerpt":{"rendered":"<p>El hacha vikinga del rey Ragnar Lodbrok.<\/p>\n<ul>\n<li>Cabeza de acero con grabado en ambos lados.<\/li>\n<li>Hoja no afilada.<\/li>\n<li>Mango de madera con tejido de polipiel marr\u00f3n.<\/li>\n<li>Longitud total: 60 cm - Anchura de la cabeza: 14 cm<\/li>\n<li>Peso 710 grs<\/li>\n<\/ul>\n<p><strong>\u00a0<\/strong><\/p>","protected":false},"featured_media":28874,"template":"","meta":[],"product_brand":[896],"product_cat":[25,24,92,111,43,103,57],"product_tag":[],"class_list":{"0":"post-28873","1":"product","2":"type-product","3":"status-publish","4":"has-post-thumbnail","6":"product_brand-replique-manga-cine","7":"product_cat-armes-historiques","8":"product_cat-films-series-tv-vente-de-katana-epee-et-produits-derives","9":"product_cat-haches-de-guerre-medievale-et-accessoire-medievaux","10":"product_cat-haches-serie-vikings","11":"product_cat-reproductions-d-armes-et-accessoires-medievales","12":"product_cat-armes-et-accessoires-vikings","13":"product_cat-armes-vikings","15":"first","16":"instock","17":"taxable","18":"shipping-taxable","19":"purchasable","20":"product-type-simple"},"yoast_head":"<!-- This site is optimized with the Yoast SEO plugin v27.4 - https:\/\/yoast.com\/product\/yoast-seo-wordpress\/ -->\n<title>Hache Viking de Ragnar Lothbrok - Vente en ligne de hache | RMC<\/title>\n<meta name=\"description\" content=\"Offrez-vous la Hache Viking au meilleur prix - T\u00eate enti\u00e8rement en acier avec gravures - Manche en bois et lani\u00e8re cuir - Longueur totale : 60 cm\" \/>\n<meta name=\"robots\" content=\"index, follow, max-snippet:-1, max-image-preview:large, max-video-preview:-1\" \/>\n<link rel=\"canonical\" href=\"https:\/\/repliquemangacine.fr\/es\/ejes-de-la-serie-viking\/hacha-vikinga-hacha-del-rey-ragnar\/\" \/>\n<meta property=\"og:locale\" content=\"es_ES\" \/>\n<meta property=\"og:type\" content=\"article\" \/>\n<meta property=\"og:title\" content=\"Hache Viking de Ragnar Lothbrok - Vente en ligne de hache | RMC\" \/>\n<meta property=\"og:description\" content=\"Offrez-vous la Hache Viking au meilleur prix - T\u00eate enti\u00e8rement en acier avec gravures - Manche en bois et lani\u00e8re cuir - Longueur totale : 60 cm\" \/>\n<meta property=\"og:url\" content=\"https:\/\/repliquemangacine.fr\/es\/ejes-de-la-serie-viking\/hacha-vikinga-hacha-del-rey-ragnar\/\" \/>\n<meta property=\"og:site_name\" content=\"R\u00e9plique Manga Cin\u00e9\" \/>\n<meta property=\"article:publisher\" content=\"https:\/\/www.facebook.com\/RepliqueMangaCine\" \/>\n<meta property=\"article:modified_time\" content=\"2026-04-12T21:41:26+00:00\" \/>\n<meta property=\"og:image\" content=\"https:\/\/repliquemangacine.fr\/wp-content\/uploads\/2023\/10\/3562-Hache-Viking-Roi-Ragnar.jpg\" \/>\n\t<meta property=\"og:image:width\" content=\"800\" \/>\n\t<meta property=\"og:image:height\" content=\"800\" \/>\n\t<meta property=\"og:image:type\" content=\"image\/jpeg\" \/>\n<meta name=\"twitter:card\" content=\"summary_large_image\" \/>\n<meta name=\"twitter:label1\" content=\"Tiempo de lectura\" \/>\n\t<meta name=\"twitter:data1\" content=\"1 minuto\" \/>\n<script type=\"application\/ld+json\" class=\"yoast-schema-graph\">{\"@context\":\"https:\\\/\\\/schema.org\",\"@graph\":[{\"@type\":\"WebPage\",\"@id\":\"https:\\\/\\\/repliquemangacine.fr\\\/haches-serie-vikings\\\/hache-viking-hache-du-roi-ragnar\\\/\",\"url\":\"https:\\\/\\\/repliquemangacine.fr\\\/haches-serie-vikings\\\/hache-viking-hache-du-roi-ragnar\\\/\",\"name\":\"Hache Viking de Ragnar Lothbrok - Vente en ligne de hache | RMC\",\"isPartOf\":{\"@id\":\"https:\\\/\\\/repliquemangacine.fr\\\/#website\"},\"primaryImageOfPage\":{\"@id\":\"https:\\\/\\\/repliquemangacine.fr\\\/haches-serie-vikings\\\/hache-viking-hache-du-roi-ragnar\\\/#primaryimage\"},\"image\":{\"@id\":\"https:\\\/\\\/repliquemangacine.fr\\\/haches-serie-vikings\\\/hache-viking-hache-du-roi-ragnar\\\/#primaryimage\"},\"thumbnailUrl\":\"https:\\\/\\\/repliquemangacine.fr\\\/wp-content\\\/uploads\\\/2023\\\/10\\\/3562-Hache-Viking-Roi-Ragnar.jpg\",\"datePublished\":\"2020-03-13T12:54:11+00:00\",\"dateModified\":\"2026-04-12T21:41:26+00:00\",\"description\":\"Offrez-vous la Hache Viking au meilleur prix - T\u00eate enti\u00e8rement en acier avec gravures - Manche en bois et lani\u00e8re cuir - Longueur totale : 60 cm\",\"breadcrumb\":{\"@id\":\"https:\\\/\\\/repliquemangacine.fr\\\/haches-serie-vikings\\\/hache-viking-hache-du-roi-ragnar\\\/#breadcrumb\"},\"inLanguage\":\"es\",\"potentialAction\":[{\"@type\":\"ReadAction\",\"target\":[\"https:\\\/\\\/repliquemangacine.fr\\\/haches-serie-vikings\\\/hache-viking-hache-du-roi-ragnar\\\/\"]}]},{\"@type\":\"ImageObject\",\"inLanguage\":\"es\",\"@id\":\"https:\\\/\\\/repliquemangacine.fr\\\/haches-serie-vikings\\\/hache-viking-hache-du-roi-ragnar\\\/#primaryimage\",\"url\":\"https:\\\/\\\/repliquemangacine.fr\\\/wp-content\\\/uploads\\\/2023\\\/10\\\/3562-Hache-Viking-Roi-Ragnar.jpg\",\"contentUrl\":\"https:\\\/\\\/repliquemangacine.fr\\\/wp-content\\\/uploads\\\/2023\\\/10\\\/3562-Hache-Viking-Roi-Ragnar.jpg\",\"width\":800,\"height\":800,\"caption\":\"Hache Viking Roi Ragnar\"},{\"@type\":\"BreadcrumbList\",\"@id\":\"https:\\\/\\\/repliquemangacine.fr\\\/haches-serie-vikings\\\/hache-viking-hache-du-roi-ragnar\\\/#breadcrumb\",\"itemListElement\":[{\"@type\":\"ListItem\",\"position\":1,\"name\":\"Accueil\",\"item\":\"https:\\\/\\\/repliquemangacine.fr\\\/\"},{\"@type\":\"ListItem\",\"position\":2,\"name\":\"Produits\",\"item\":\"https:\\\/\\\/repliquemangacine.fr\\\/boutique\\\/\"},{\"@type\":\"ListItem\",\"position\":3,\"name\":\"Hache Viking Hache du roi Ragnar\"}]},{\"@type\":\"WebSite\",\"@id\":\"https:\\\/\\\/repliquemangacine.fr\\\/#website\",\"url\":\"https:\\\/\\\/repliquemangacine.fr\\\/\",\"name\":\"R\u00e9plique Manga Cin\u00e9\",\"description\":\"\",\"publisher\":{\"@id\":\"https:\\\/\\\/repliquemangacine.fr\\\/#organization\"},\"potentialAction\":[{\"@type\":\"SearchAction\",\"target\":{\"@type\":\"EntryPoint\",\"urlTemplate\":\"https:\\\/\\\/repliquemangacine.fr\\\/?s={search_term_string}\"},\"query-input\":{\"@type\":\"PropertyValueSpecification\",\"valueRequired\":true,\"valueName\":\"search_term_string\"}}],\"inLanguage\":\"es\"},{\"@type\":\"Organization\",\"@id\":\"https:\\\/\\\/repliquemangacine.fr\\\/#organization\",\"name\":\"R\u00e9plique Manga Cin\u00e9\",\"url\":\"https:\\\/\\\/repliquemangacine.fr\\\/\",\"logo\":{\"@type\":\"ImageObject\",\"inLanguage\":\"es\",\"@id\":\"https:\\\/\\\/repliquemangacine.fr\\\/#\\\/schema\\\/logo\\\/image\\\/\",\"url\":\"https:\\\/\\\/repliquemangacine.fr\\\/wp-content\\\/uploads\\\/2023\\\/10\\\/RMC-500250.png\",\"contentUrl\":\"https:\\\/\\\/repliquemangacine.fr\\\/wp-content\\\/uploads\\\/2023\\\/10\\\/RMC-500250.png\",\"width\":500,\"height\":250,\"caption\":\"R\u00e9plique Manga Cin\u00e9\"},\"image\":{\"@id\":\"https:\\\/\\\/repliquemangacine.fr\\\/#\\\/schema\\\/logo\\\/image\\\/\"},\"sameAs\":[\"https:\\\/\\\/www.facebook.com\\\/RepliqueMangaCine\",\"https:\\\/\\\/www.instagram.com\\\/repliquemangacine.fr\\\/\"]}]}<\/script>\n<!-- \/ Yoast SEO plugin. -->","yoast_head_json":{"title":"El hacha vikinga de Ragnar Lothbrok - Venta de hachas on-line | RMC","description":"Reg\u00e1late el hacha vikinga al mejor precio - Cabeza totalmente de acero con grabado - Mango de madera y correa de cuero - Longitud total: 60 cm","robots":{"index":"index","follow":"follow","max-snippet":"max-snippet:-1","max-image-preview":"max-image-preview:large","max-video-preview":"max-video-preview:-1"},"canonical":"https:\/\/repliquemangacine.fr\/es\/ejes-de-la-serie-viking\/hacha-vikinga-hacha-del-rey-ragnar\/","og_locale":"es_ES","og_type":"article","og_title":"Hache Viking de Ragnar Lothbrok - Vente en ligne de hache | RMC","og_description":"Offrez-vous la Hache Viking au meilleur prix - T\u00eate enti\u00e8rement en acier avec gravures - Manche en bois et lani\u00e8re cuir - Longueur totale : 60 cm","og_url":"https:\/\/repliquemangacine.fr\/es\/ejes-de-la-serie-viking\/hacha-vikinga-hacha-del-rey-ragnar\/","og_site_name":"R\u00e9plique Manga Cin\u00e9","article_publisher":"https:\/\/www.facebook.com\/RepliqueMangaCine","article_modified_time":"2026-04-12T21:41:26+00:00","og_image":[{"width":800,"height":800,"url":"https:\/\/repliquemangacine.fr\/wp-content\/uploads\/2023\/10\/3562-Hache-Viking-Roi-Ragnar.jpg","type":"image\/jpeg"}],"twitter_card":"summary_large_image","twitter_misc":{"Tiempo de lectura":"1 minuto"},"schema":{"@context":"https:\/\/schema.org","@graph":[{"@type":"WebPage","@id":"https:\/\/repliquemangacine.fr\/haches-serie-vikings\/hache-viking-hache-du-roi-ragnar\/","url":"https:\/\/repliquemangacine.fr\/haches-serie-vikings\/hache-viking-hache-du-roi-ragnar\/","name":"El hacha vikinga de Ragnar Lothbrok - Venta de hachas on-line | RMC","isPartOf":{"@id":"https:\/\/repliquemangacine.fr\/#website"},"primaryImageOfPage":{"@id":"https:\/\/repliquemangacine.fr\/haches-serie-vikings\/hache-viking-hache-du-roi-ragnar\/#primaryimage"},"image":{"@id":"https:\/\/repliquemangacine.fr\/haches-serie-vikings\/hache-viking-hache-du-roi-ragnar\/#primaryimage"},"thumbnailUrl":"https:\/\/repliquemangacine.fr\/wp-content\/uploads\/2023\/10\/3562-Hache-Viking-Roi-Ragnar.jpg","datePublished":"2020-03-13T12:54:11+00:00","dateModified":"2026-04-12T21:41:26+00:00","description":"Reg\u00e1late el hacha vikinga al mejor precio - Cabeza totalmente de acero con grabado - Mango de madera y correa de cuero - Longitud total: 60 cm","breadcrumb":{"@id":"https:\/\/repliquemangacine.fr\/haches-serie-vikings\/hache-viking-hache-du-roi-ragnar\/#breadcrumb"},"inLanguage":"es","potentialAction":[{"@type":"ReadAction","target":["https:\/\/repliquemangacine.fr\/haches-serie-vikings\/hache-viking-hache-du-roi-ragnar\/"]}]},{"@type":"ImageObject","inLanguage":"es","@id":"https:\/\/repliquemangacine.fr\/haches-serie-vikings\/hache-viking-hache-du-roi-ragnar\/#primaryimage","url":"https:\/\/repliquemangacine.fr\/wp-content\/uploads\/2023\/10\/3562-Hache-Viking-Roi-Ragnar.jpg","contentUrl":"https:\/\/repliquemangacine.fr\/wp-content\/uploads\/2023\/10\/3562-Hache-Viking-Roi-Ragnar.jpg","width":800,"height":800,"caption":"Hache Viking Roi Ragnar"},{"@type":"BreadcrumbList","@id":"https:\/\/repliquemangacine.fr\/haches-serie-vikings\/hache-viking-hache-du-roi-ragnar\/#breadcrumb","itemListElement":[{"@type":"ListItem","position":1,"name":"Accueil","item":"https:\/\/repliquemangacine.fr\/"},{"@type":"ListItem","position":2,"name":"Produits","item":"https:\/\/repliquemangacine.fr\/boutique\/"},{"@type":"ListItem","position":3,"name":"Hache Viking Hache du roi Ragnar"}]},{"@type":"WebSite","@id":"https:\/\/repliquemangacine.fr\/#website","url":"https:\/\/repliquemangacine.fr\/","name":"R\u00e9plique Manga Cin\u00e9","description":"","publisher":{"@id":"https:\/\/repliquemangacine.fr\/#organization"},"potentialAction":[{"@type":"SearchAction","target":{"@type":"EntryPoint","urlTemplate":"https:\/\/repliquemangacine.fr\/?s={search_term_string}"},"query-input":{"@type":"PropertyValueSpecification","valueRequired":true,"valueName":"search_term_string"}}],"inLanguage":"es"},{"@type":"Organization","@id":"https:\/\/repliquemangacine.fr\/#organization","name":"R\u00e9plique Manga Cin\u00e9","url":"https:\/\/repliquemangacine.fr\/","logo":{"@type":"ImageObject","inLanguage":"es","@id":"https:\/\/repliquemangacine.fr\/#\/schema\/logo\/image\/","url":"https:\/\/repliquemangacine.fr\/wp-content\/uploads\/2023\/10\/RMC-500250.png","contentUrl":"https:\/\/repliquemangacine.fr\/wp-content\/uploads\/2023\/10\/RMC-500250.png","width":500,"height":250,"caption":"R\u00e9plique Manga Cin\u00e9"},"image":{"@id":"https:\/\/repliquemangacine.fr\/#\/schema\/logo\/image\/"},"sameAs":["https:\/\/www.facebook.com\/RepliqueMangaCine","https:\/\/www.instagram.com\/repliquemangacine.fr\/"]}]}},"_links":{"self":[{"href":"https:\/\/repliquemangacine.fr\/es\/wp-json\/wp\/v2\/product\/28873","targetHints":{"allow":["GET"]}}],"collection":[{"href":"https:\/\/repliquemangacine.fr\/es\/wp-json\/wp\/v2\/product"}],"about":[{"href":"https:\/\/repliquemangacine.fr\/es\/wp-json\/wp\/v2\/types\/product"}],"wp:featuredmedia":[{"embeddable":true,"href":"https:\/\/repliquemangacine.fr\/es\/wp-json\/wp\/v2\/media\/28874"}],"wp:attachment":[{"href":"https:\/\/repliquemangacine.fr\/es\/wp-json\/wp\/v2\/media?parent=28873"}],"wp:term":[{"taxonomy":"product_brand","embeddable":true,"href":"https:\/\/repliquemangacine.fr\/es\/wp-json\/wp\/v2\/product_brand?post=28873"},{"taxonomy":"product_cat","embeddable":true,"href":"https:\/\/repliquemangacine.fr\/es\/wp-json\/wp\/v2\/product_cat?post=28873"},{"taxonomy":"product_tag","embeddable":true,"href":"https:\/\/repliquemangacine.fr\/es\/wp-json\/wp\/v2\/product_tag?post=28873"}],"curies":[{"name":"wp","href":"https:\/\/api.w.org\/{rel}","templated":true}]}}