





{"id":28854,"date":"2020-03-07T16:25:09","date_gmt":"2020-03-07T15:25:09","guid":{"rendered":"https:\/\/repliquemangacine.fr\/?post_type=product&#038;p=28854"},"modified":"2025-12-02T10:32:33","modified_gmt":"2025-12-02T09:32:33","slug":"katana-ulquiorra-zanpakuto-murcielago","status":"publish","type":"product","link":"https:\/\/repliquemangacine.fr\/es\/katana-bleach\/katana-ulquiorra-zanpakuto-murcielago\/","title":{"rendered":"Katana Ulquiorra Murci\u00e9lago"},"content":{"rendered":"<h2>R\u00e9plica de la Katana Murci\u00e9lago de Ulquiorra en Bleach.<\/h2>\n<p>Para empezar, la Katana Murci\u00e9lago de Ulquiorra es su Zanpakuto. Su orden de lanzamiento es \"Englobe\" (\"Enferme\" en el anime). Murci\u00e9lago libera un torrente de energ\u00eda espiritual verde y negra que cae alrededor de Ulquiorra en forma de lluvia verde. Adem\u00e1s, en esta forma adquiere un aspecto m\u00e1s parecido al de un murci\u00e9lago.<\/p>\n<p><a href=\"https:\/\/bleach.fandom.com\/fr\/wiki\/Ulquiorra_Cifer#Zanpakut\u014d\" target=\"_blank\" rel=\"noopener noreferrer\">Ulquiorra<\/a> Es la encarnaci\u00f3n del soldado perfecto de Aizen. Tranquilo, reflexivo y observador, es todo lo contrario a Arrancars como Yammy o Grimmjow, que se lanzan directamente a la refriega.<\/p>\n<p>Los antagonistas m\u00e1s poderosos del Arco Arrancar. Como parte del Top 4 de los Espadas, su fuerza es indiscutible. Cabe destacar que Ulquiorra es tan poderoso que Ichigo creer\u00e1 que es el m\u00e1s fuerte de los Espadas y se sentir\u00e1 subyugado cuando descubra que solo ocupa dos puestos m\u00e1s que Grimmjow.<\/p>\n<h2>Tu Katana Ulquiorra Murci\u00e9lago al mejor precio<\/h2>\n<p>Te ofrecemos una amplia selecci\u00f3n de katanas del manga animado Bleach.<\/p>\n<p>Lo primero y m\u00e1s importante,<\/p>\n<ul>\n<li>El primero y m\u00e1s importante <a href=\"https:\/\/repliquemangacine.fr\/es\/blanqueador-katana\/bankai-tensa-zangetsu\/\">bankai d'ichigo<\/a> Tensa Zangetsu en varias versiones.<\/li>\n<li>Tambi\u00e9n est\u00e1 el <a href=\"https:\/\/repliquemangacine.fr\/es\/blanqueador-katana\/shikai-benihime-katana-urahara-kisuke\/\">Kisuk\u00e9 le Shikai Benihime<\/a> y su bast\u00f3n.<\/li>\n<li>As\u00ed como el <a href=\"https:\/\/repliquemangacine.fr\/es\/blanqueador-katana\/zanpakuto-shirayuki-shikai-rukia-kuchiki\/\">La katana de Rukia<\/a> la Zanpakut\u00f4 m\u00e1s bella de la Sociedad de Almas.<\/li>\n<li>Y muchos m\u00e1s por descubrir en nuestra tienda en l\u00ednea.<\/li>\n<\/ul>\n<p>Por eso, esta es una idea genial para regalar a todos los fans de Bleach.<\/p>\n<p>En conclusi\u00f3n, puede utilizar el <strong>Katana Ulquiorra Murci\u00e9lago<\/strong> por sus desfiles de cosplay o su colecci\u00f3n de katanas.<\/p>\n<p>Pero, ante todo, esta katana Bleach es un objeto de colecci\u00f3n y decoraci\u00f3n.<\/p>\n<h2>\u00bfC\u00f3mo se mantiene la hoja de la katana Bleach?<\/h2>\n<p>Las katanas de colecci\u00f3n y decorativas se fabrican y ensamblan de forma simplificada. Como su uso es decorativo, no cuentan con los elementos de seguridad exigidos a una espada japonesa destinada al entrenamiento.<\/p>\n<p>Sin embargo, su <strong>Ulquiorra Murci\u00e9lago katana<\/strong> a una hoja de acero que hay que cuidar para evitar que se estropee con el tiempo. Cuando exponga su katana, sus amigos sentir\u00e1n curiosidad por ver la hoja y tocarla. Aqu\u00ed es donde hay que tener cuidado, ya que la acidez de los dedos es muy perjudicial para el acero, sea cual sea su calidad.<\/p>\n<p>Sin embargo, si esto ocurre, no te asustes, todo lo que necesitas es un pa\u00f1o humedecido con un poco de aceite y limpiar las huellas dactilares. Si haces esto, tu espada durar\u00e1 mucho tiempo.<\/p>\n<p><strong>\u00a0<\/strong><\/p>","protected":false},"excerpt":{"rendered":"<p>Zanpakuto de Ulquiorra Murcielago en el famoso manga Bleach.<\/p>\n<ul>\n<li>Hoja de acero inoxidable no afilada.<\/li>\n<li>Protector de forma espec\u00edfica.<\/li>\n<li>Asa recubierta de trenza de algod\u00f3n beige.<\/li>\n<li>Vaina de madera lacada en negro.<\/li>\n<li>Longitud hoja: 70cm - Longitud total: 103 cm - Peso: 950grs<\/li>\n<\/ul>","protected":false},"featured_media":28855,"template":"","meta":[],"product_brand":[896],"product_cat":[30,23],"product_tag":[],"class_list":{"0":"post-28854","1":"product","2":"type-product","3":"status-publish","4":"has-post-thumbnail","6":"product_brand-replique-manga-cine","7":"product_cat-katana-bleach","8":"product_cat-repliques-manga-jeux-video","10":"first","11":"instock","12":"taxable","13":"shipping-taxable","14":"purchasable","15":"product-type-simple"},"yoast_head":"<!-- This site is optimized with the Yoast SEO plugin v27.4 - https:\/\/yoast.com\/product\/yoast-seo-wordpress\/ -->\n<title>Katana Ulquiorra Murci\u00e9lago - Bleach - Boutique en ligne | RMC<\/title>\n<meta name=\"description\" content=\"Commandez cette superbe r\u00e9plique du Katana Ulquiorra Murci\u00e9lago au meilleur prix. Lame en acier - Longueur totale\u00a0: 103 cm - Envoi 24\/48h\" \/>\n<meta name=\"robots\" content=\"index, follow, max-snippet:-1, max-image-preview:large, max-video-preview:-1\" \/>\n<link rel=\"canonical\" href=\"https:\/\/repliquemangacine.fr\/es\/blanqueador-katana\/katana-ulquiorra-zanpakuto-murcielago\/\" \/>\n<meta property=\"og:locale\" content=\"es_ES\" \/>\n<meta property=\"og:type\" content=\"article\" \/>\n<meta property=\"og:title\" content=\"Katana Ulquiorra Murci\u00e9lago - Bleach - Boutique en ligne | RMC\" \/>\n<meta property=\"og:description\" content=\"Commandez cette superbe r\u00e9plique du Katana Ulquiorra Murci\u00e9lago au meilleur prix. Lame en acier - Longueur totale\u00a0: 103 cm - Envoi 24\/48h\" \/>\n<meta property=\"og:url\" content=\"https:\/\/repliquemangacine.fr\/es\/blanqueador-katana\/katana-ulquiorra-zanpakuto-murcielago\/\" \/>\n<meta property=\"og:site_name\" content=\"R\u00e9plique Manga Cin\u00e9\" \/>\n<meta property=\"article:publisher\" content=\"https:\/\/www.facebook.com\/RepliqueMangaCine\" \/>\n<meta property=\"article:modified_time\" content=\"2025-12-02T09:32:33+00:00\" \/>\n<meta property=\"og:image\" content=\"https:\/\/repliquemangacine.fr\/wp-content\/uploads\/2023\/10\/Katana-Ulquiorra-Murcielago.jpg\" \/>\n\t<meta property=\"og:image:width\" content=\"500\" \/>\n\t<meta property=\"og:image:height\" content=\"500\" \/>\n\t<meta property=\"og:image:type\" content=\"image\/jpeg\" \/>\n<meta name=\"twitter:card\" content=\"summary_large_image\" \/>\n<meta name=\"twitter:label1\" content=\"Tiempo de lectura\" \/>\n\t<meta name=\"twitter:data1\" content=\"1 minuto\" \/>\n<script type=\"application\/ld+json\" class=\"yoast-schema-graph\">{\"@context\":\"https:\\\/\\\/schema.org\",\"@graph\":[{\"@type\":\"WebPage\",\"@id\":\"https:\\\/\\\/repliquemangacine.fr\\\/katana-bleach\\\/katana-ulquiorra-zanpakuto-murcielago\\\/\",\"url\":\"https:\\\/\\\/repliquemangacine.fr\\\/katana-bleach\\\/katana-ulquiorra-zanpakuto-murcielago\\\/\",\"name\":\"Katana Ulquiorra Murci\u00e9lago - Bleach - Boutique en ligne | RMC\",\"isPartOf\":{\"@id\":\"https:\\\/\\\/repliquemangacine.fr\\\/#website\"},\"primaryImageOfPage\":{\"@id\":\"https:\\\/\\\/repliquemangacine.fr\\\/katana-bleach\\\/katana-ulquiorra-zanpakuto-murcielago\\\/#primaryimage\"},\"image\":{\"@id\":\"https:\\\/\\\/repliquemangacine.fr\\\/katana-bleach\\\/katana-ulquiorra-zanpakuto-murcielago\\\/#primaryimage\"},\"thumbnailUrl\":\"https:\\\/\\\/repliquemangacine.fr\\\/wp-content\\\/uploads\\\/2023\\\/10\\\/Katana-Ulquiorra-Murcielago.jpg\",\"datePublished\":\"2020-03-07T15:25:09+00:00\",\"dateModified\":\"2025-12-02T09:32:33+00:00\",\"description\":\"Commandez cette superbe r\u00e9plique du Katana Ulquiorra Murci\u00e9lago au meilleur prix. Lame en acier - Longueur totale\u00a0: 103 cm - Envoi 24\\\/48h\",\"breadcrumb\":{\"@id\":\"https:\\\/\\\/repliquemangacine.fr\\\/katana-bleach\\\/katana-ulquiorra-zanpakuto-murcielago\\\/#breadcrumb\"},\"inLanguage\":\"es\",\"potentialAction\":[{\"@type\":\"ReadAction\",\"target\":[\"https:\\\/\\\/repliquemangacine.fr\\\/katana-bleach\\\/katana-ulquiorra-zanpakuto-murcielago\\\/\"]}]},{\"@type\":\"ImageObject\",\"inLanguage\":\"es\",\"@id\":\"https:\\\/\\\/repliquemangacine.fr\\\/katana-bleach\\\/katana-ulquiorra-zanpakuto-murcielago\\\/#primaryimage\",\"url\":\"https:\\\/\\\/repliquemangacine.fr\\\/wp-content\\\/uploads\\\/2023\\\/10\\\/Katana-Ulquiorra-Murcielago.jpg\",\"contentUrl\":\"https:\\\/\\\/repliquemangacine.fr\\\/wp-content\\\/uploads\\\/2023\\\/10\\\/Katana-Ulquiorra-Murcielago.jpg\",\"width\":500,\"height\":500,\"caption\":\"Katana Ulquiorra Murcielago bleach\"},{\"@type\":\"BreadcrumbList\",\"@id\":\"https:\\\/\\\/repliquemangacine.fr\\\/katana-bleach\\\/katana-ulquiorra-zanpakuto-murcielago\\\/#breadcrumb\",\"itemListElement\":[{\"@type\":\"ListItem\",\"position\":1,\"name\":\"Accueil\",\"item\":\"https:\\\/\\\/repliquemangacine.fr\\\/\"},{\"@type\":\"ListItem\",\"position\":2,\"name\":\"Produits\",\"item\":\"https:\\\/\\\/repliquemangacine.fr\\\/boutique\\\/\"},{\"@type\":\"ListItem\",\"position\":3,\"name\":\"Katana Ulquiorra Murcielago\"}]},{\"@type\":\"WebSite\",\"@id\":\"https:\\\/\\\/repliquemangacine.fr\\\/#website\",\"url\":\"https:\\\/\\\/repliquemangacine.fr\\\/\",\"name\":\"R\u00e9plique Manga Cin\u00e9\",\"description\":\"\",\"publisher\":{\"@id\":\"https:\\\/\\\/repliquemangacine.fr\\\/#organization\"},\"potentialAction\":[{\"@type\":\"SearchAction\",\"target\":{\"@type\":\"EntryPoint\",\"urlTemplate\":\"https:\\\/\\\/repliquemangacine.fr\\\/?s={search_term_string}\"},\"query-input\":{\"@type\":\"PropertyValueSpecification\",\"valueRequired\":true,\"valueName\":\"search_term_string\"}}],\"inLanguage\":\"es\"},{\"@type\":\"Organization\",\"@id\":\"https:\\\/\\\/repliquemangacine.fr\\\/#organization\",\"name\":\"R\u00e9plique Manga Cin\u00e9\",\"url\":\"https:\\\/\\\/repliquemangacine.fr\\\/\",\"logo\":{\"@type\":\"ImageObject\",\"inLanguage\":\"es\",\"@id\":\"https:\\\/\\\/repliquemangacine.fr\\\/#\\\/schema\\\/logo\\\/image\\\/\",\"url\":\"https:\\\/\\\/repliquemangacine.fr\\\/wp-content\\\/uploads\\\/2023\\\/10\\\/RMC-500250.png\",\"contentUrl\":\"https:\\\/\\\/repliquemangacine.fr\\\/wp-content\\\/uploads\\\/2023\\\/10\\\/RMC-500250.png\",\"width\":500,\"height\":250,\"caption\":\"R\u00e9plique Manga Cin\u00e9\"},\"image\":{\"@id\":\"https:\\\/\\\/repliquemangacine.fr\\\/#\\\/schema\\\/logo\\\/image\\\/\"},\"sameAs\":[\"https:\\\/\\\/www.facebook.com\\\/RepliqueMangaCine\",\"https:\\\/\\\/www.instagram.com\\\/repliquemangacine.fr\\\/\"]}]}<\/script>\n<!-- \/ Yoast SEO plugin. -->","yoast_head_json":{"title":"Katana Ulquiorra Murci\u00e9lago - Bleach - Boutique en ligne | RMC","description":"Pida esta magn\u00edfica r\u00e9plica de Katana Ulquiorra Murci\u00e9lago al mejor precio. Hoja de acero - Longitud total: 103 cm - Env\u00edo 24\/48h","robots":{"index":"index","follow":"follow","max-snippet":"max-snippet:-1","max-image-preview":"max-image-preview:large","max-video-preview":"max-video-preview:-1"},"canonical":"https:\/\/repliquemangacine.fr\/es\/blanqueador-katana\/katana-ulquiorra-zanpakuto-murcielago\/","og_locale":"es_ES","og_type":"article","og_title":"Katana Ulquiorra Murci\u00e9lago - Bleach - Boutique en ligne | RMC","og_description":"Commandez cette superbe r\u00e9plique du Katana Ulquiorra Murci\u00e9lago au meilleur prix. Lame en acier - Longueur totale\u00a0: 103 cm - Envoi 24\/48h","og_url":"https:\/\/repliquemangacine.fr\/es\/blanqueador-katana\/katana-ulquiorra-zanpakuto-murcielago\/","og_site_name":"R\u00e9plique Manga Cin\u00e9","article_publisher":"https:\/\/www.facebook.com\/RepliqueMangaCine","article_modified_time":"2025-12-02T09:32:33+00:00","og_image":[{"width":500,"height":500,"url":"https:\/\/repliquemangacine.fr\/wp-content\/uploads\/2023\/10\/Katana-Ulquiorra-Murcielago.jpg","type":"image\/jpeg"}],"twitter_card":"summary_large_image","twitter_misc":{"Tiempo de lectura":"1 minuto"},"schema":{"@context":"https:\/\/schema.org","@graph":[{"@type":"WebPage","@id":"https:\/\/repliquemangacine.fr\/katana-bleach\/katana-ulquiorra-zanpakuto-murcielago\/","url":"https:\/\/repliquemangacine.fr\/katana-bleach\/katana-ulquiorra-zanpakuto-murcielago\/","name":"Katana Ulquiorra Murci\u00e9lago - Bleach - Boutique en ligne | RMC","isPartOf":{"@id":"https:\/\/repliquemangacine.fr\/#website"},"primaryImageOfPage":{"@id":"https:\/\/repliquemangacine.fr\/katana-bleach\/katana-ulquiorra-zanpakuto-murcielago\/#primaryimage"},"image":{"@id":"https:\/\/repliquemangacine.fr\/katana-bleach\/katana-ulquiorra-zanpakuto-murcielago\/#primaryimage"},"thumbnailUrl":"https:\/\/repliquemangacine.fr\/wp-content\/uploads\/2023\/10\/Katana-Ulquiorra-Murcielago.jpg","datePublished":"2020-03-07T15:25:09+00:00","dateModified":"2025-12-02T09:32:33+00:00","description":"Pida esta magn\u00edfica r\u00e9plica de Katana Ulquiorra Murci\u00e9lago al mejor precio. Hoja de acero - Longitud total: 103 cm - Env\u00edo 24\/48h","breadcrumb":{"@id":"https:\/\/repliquemangacine.fr\/katana-bleach\/katana-ulquiorra-zanpakuto-murcielago\/#breadcrumb"},"inLanguage":"es","potentialAction":[{"@type":"ReadAction","target":["https:\/\/repliquemangacine.fr\/katana-bleach\/katana-ulquiorra-zanpakuto-murcielago\/"]}]},{"@type":"ImageObject","inLanguage":"es","@id":"https:\/\/repliquemangacine.fr\/katana-bleach\/katana-ulquiorra-zanpakuto-murcielago\/#primaryimage","url":"https:\/\/repliquemangacine.fr\/wp-content\/uploads\/2023\/10\/Katana-Ulquiorra-Murcielago.jpg","contentUrl":"https:\/\/repliquemangacine.fr\/wp-content\/uploads\/2023\/10\/Katana-Ulquiorra-Murcielago.jpg","width":500,"height":500,"caption":"Katana Ulquiorra Murcielago bleach"},{"@type":"BreadcrumbList","@id":"https:\/\/repliquemangacine.fr\/katana-bleach\/katana-ulquiorra-zanpakuto-murcielago\/#breadcrumb","itemListElement":[{"@type":"ListItem","position":1,"name":"Accueil","item":"https:\/\/repliquemangacine.fr\/"},{"@type":"ListItem","position":2,"name":"Produits","item":"https:\/\/repliquemangacine.fr\/boutique\/"},{"@type":"ListItem","position":3,"name":"Katana Ulquiorra Murcielago"}]},{"@type":"WebSite","@id":"https:\/\/repliquemangacine.fr\/#website","url":"https:\/\/repliquemangacine.fr\/","name":"R\u00e9plique Manga Cin\u00e9","description":"","publisher":{"@id":"https:\/\/repliquemangacine.fr\/#organization"},"potentialAction":[{"@type":"SearchAction","target":{"@type":"EntryPoint","urlTemplate":"https:\/\/repliquemangacine.fr\/?s={search_term_string}"},"query-input":{"@type":"PropertyValueSpecification","valueRequired":true,"valueName":"search_term_string"}}],"inLanguage":"es"},{"@type":"Organization","@id":"https:\/\/repliquemangacine.fr\/#organization","name":"R\u00e9plique Manga Cin\u00e9","url":"https:\/\/repliquemangacine.fr\/","logo":{"@type":"ImageObject","inLanguage":"es","@id":"https:\/\/repliquemangacine.fr\/#\/schema\/logo\/image\/","url":"https:\/\/repliquemangacine.fr\/wp-content\/uploads\/2023\/10\/RMC-500250.png","contentUrl":"https:\/\/repliquemangacine.fr\/wp-content\/uploads\/2023\/10\/RMC-500250.png","width":500,"height":250,"caption":"R\u00e9plique Manga Cin\u00e9"},"image":{"@id":"https:\/\/repliquemangacine.fr\/#\/schema\/logo\/image\/"},"sameAs":["https:\/\/www.facebook.com\/RepliqueMangaCine","https:\/\/www.instagram.com\/repliquemangacine.fr\/"]}]}},"_links":{"self":[{"href":"https:\/\/repliquemangacine.fr\/es\/wp-json\/wp\/v2\/product\/28854","targetHints":{"allow":["GET"]}}],"collection":[{"href":"https:\/\/repliquemangacine.fr\/es\/wp-json\/wp\/v2\/product"}],"about":[{"href":"https:\/\/repliquemangacine.fr\/es\/wp-json\/wp\/v2\/types\/product"}],"wp:featuredmedia":[{"embeddable":true,"href":"https:\/\/repliquemangacine.fr\/es\/wp-json\/wp\/v2\/media\/28855"}],"wp:attachment":[{"href":"https:\/\/repliquemangacine.fr\/es\/wp-json\/wp\/v2\/media?parent=28854"}],"wp:term":[{"taxonomy":"product_brand","embeddable":true,"href":"https:\/\/repliquemangacine.fr\/es\/wp-json\/wp\/v2\/product_brand?post=28854"},{"taxonomy":"product_cat","embeddable":true,"href":"https:\/\/repliquemangacine.fr\/es\/wp-json\/wp\/v2\/product_cat?post=28854"},{"taxonomy":"product_tag","embeddable":true,"href":"https:\/\/repliquemangacine.fr\/es\/wp-json\/wp\/v2\/product_tag?post=28854"}],"curies":[{"name":"wp","href":"https:\/\/api.w.org\/{rel}","templated":true}]}}