





{"id":28820,"date":"2020-02-24T16:25:28","date_gmt":"2020-02-24T15:25:28","guid":{"rendered":"https:\/\/repliquemangacine.fr\/?post_type=product&#038;p=28820"},"modified":"2026-04-15T12:18:09","modified_gmt":"2026-04-15T10:18:09","slug":"shinobu-matademonios-katana","status":"publish","type":"product","link":"https:\/\/repliquemangacine.fr\/es\/katana-demon-slayer-metal\/katana-de-shinobu-demon-slayer\/","title":{"rendered":"Katana de Shinobu Demon Slayer"},"content":{"rendered":"<h2>Katana de acero Shinobu Demon Slayer<\/h2>\n<p>Para empezar, el <strong>Katana de Shinobu Demon Slayer<\/strong>es una espada del sol.<\/p>\n<p>Shinobu Kocho, personaje secundario importante de Demon Slayer: <a href=\"https:\/\/kimetsu-no-yaiba.fandom.com\/fr\/wiki\/Wiki_Kimetsu_no_Yaiba\" target=\"_blank\" rel=\"noopener noreferrer\">Kimetsu no Yaiba<\/a>. Cazadora de demonios del Ej\u00e9rcito de Cazadores de Demonios y actual Pilar del Insecto.<\/p>\n<p>El objetivo principal de este Soplo es apu\u00f1alar, empujar y realizar cortes superficiales con una espada especialmente recubierta y fabricada para infligir m\u00faltiples heridas al objetivo previsto con el fin de inyectarle diversos venenos letales a base de glicinas.<\/p>\n<p>Parece que existen al menos cuatro movimientos del Aliento del Insecto. Tiene un arma \u00fanica muy modificada fabricada por Tecchin Tecchikawahara.<\/p>\n<h2>Tu Shinobu Demon Slayer Katana al mejor precio.<\/h2>\n<p>Tenemos todas las frases de tus personajes favoritos en este manga anime de Demon Slayer.<\/p>\n<p>Lo primero y m\u00e1s importante,<\/p>\n<ul>\n<li>Le <a href=\"https:\/\/repliquemangacine.fr\/es\/cazador-de-demonios\/katana-coupant-kyojuro-rengoku-demon-slayer\/\">Ky\u014djur\u014d Rengoku katana<\/a> en su versi\u00f3n de corte forjado a mano.<\/li>\n<li>As\u00ed como el <a href=\"https:\/\/repliquemangacine.fr\/es\/cazador-de-demonios\/katana-de-kanao-tsuyuri-demon-slayer\/\">Katana de Kanao Tsuyuri<\/a> con la hoja serigrafiada con s\u00edmbolos japoneses.<\/li>\n<li>Y muchos m\u00e1s por descubrir en nuestra tienda en l\u00ednea.<\/li>\n<\/ul>\n<p>Aqu\u00ed tienes algunas ideas para regalar a los fans de Kimetsu no Yaiba o Demon Slayer.<\/p>\n<p>En conclusi\u00f3n, tambi\u00e9n puedes utilizar esta Katana de Shinobu Demon Slayer para tus desfiles de cosplay o tus fiestas tem\u00e1ticas. Pero, ante todo, la espada de Shinobu Kocho es tambi\u00e9n una pieza de colecci\u00f3n y decoraci\u00f3n.<\/p>\n<h2>\u00bfC\u00f3mo puedo mantener la hoja de mi katana Shinobu?<\/h2>\n<p>Las katanas de colecci\u00f3n y decorativas se fabrican y ensamblan de forma simplificada. Como su uso es decorativo, no cuentan con los elementos de seguridad exigidos a una espada japonesa destinada al entrenamiento.<\/p>\n<p>Sin embargo, su <strong>Katana Shinobu Cazademonios<\/strong> a una hoja de acero que hay que cuidar para evitar que se estropee con el tiempo. Cuando exponga su katana, sus amigos sentir\u00e1n curiosidad por ver la hoja y tocarla. Aqu\u00ed es donde hay que tener cuidado, ya que la acidez de los dedos es muy perjudicial para el acero, sea cual sea su calidad.<\/p>\n<p>Si esto ocurre, no te asustes, simplemente utiliza un pa\u00f1o humedecido con un poco de aceite y limpia las huellas dactilares. Si haces esto, tu espada durar\u00e1 mucho tiempo.<\/p>","protected":false},"excerpt":{"rendered":"<p>Magn\u00edfica r\u00e9plica de la espada de Shinobu Koch\u014d del manga animado Demon Slayer.<\/p>\n<ul>\n<li>Hoja de acero que se estrecha a lo largo de la katana y termina en punta.<\/li>\n<li>Empu\u00f1adura de metal pintado con 4 brazos en forma de flor.<\/li>\n<li>Mango recubierto de trenza de algod\u00f3n azul claro.<\/li>\n<li>Vaina de madera con grabado.<\/li>\n<li>Longitud hoja: 67.5cm - Longitud total: 104cm - Peso: 800 grs<\/li>\n<\/ul>\n<p><strong>\u00a0<\/strong><\/p>","protected":false},"featured_media":28821,"template":"","meta":[],"product_brand":[896],"product_cat":[63,117,23],"product_tag":[],"class_list":{"0":"post-28820","1":"product","2":"type-product","3":"status-publish","4":"has-post-thumbnail","6":"product_brand-replique-manga-cine","7":"product_cat-katana-demon-slayer","8":"product_cat-katana-demon-slayer-metal","9":"product_cat-repliques-manga-jeux-video","11":"first","12":"instock","13":"taxable","14":"shipping-taxable","15":"purchasable","16":"product-type-simple"},"yoast_head":"<!-- This site is optimized with the Yoast SEO plugin v27.4 - https:\/\/yoast.com\/product\/yoast-seo-wordpress\/ -->\n<title>Katana de Shinobu Demon Slayer - Boutique en ligne | RMC<\/title>\n<meta name=\"description\" content=\"Achetez vite ! Ce Katana de Shinobu Demon Slayer pas cher. Lame acier - Fourreau d\u00e9cor\u00e9 - Longueur totale\u00a0: 104cm - Poids\u00a0: 800grs - Envoi 24\/48h\" \/>\n<meta name=\"robots\" content=\"index, follow, max-snippet:-1, max-image-preview:large, max-video-preview:-1\" \/>\n<link rel=\"canonical\" href=\"https:\/\/repliquemangacine.fr\/es\/katana-demon-slayer-metal\/shinobu-matademonios-katana\/\" \/>\n<meta property=\"og:locale\" content=\"es_ES\" \/>\n<meta property=\"og:type\" content=\"article\" \/>\n<meta property=\"og:title\" content=\"Katana de Shinobu Demon Slayer - Boutique en ligne | RMC\" \/>\n<meta property=\"og:description\" content=\"Achetez vite ! Ce Katana de Shinobu Demon Slayer pas cher. Lame acier - Fourreau d\u00e9cor\u00e9 - Longueur totale\u00a0: 104cm - Poids\u00a0: 800grs - Envoi 24\/48h\" \/>\n<meta property=\"og:url\" content=\"https:\/\/repliquemangacine.fr\/es\/katana-demon-slayer-metal\/shinobu-matademonios-katana\/\" \/>\n<meta property=\"og:site_name\" content=\"R\u00e9plique Manga Cin\u00e9\" \/>\n<meta property=\"article:publisher\" content=\"https:\/\/www.facebook.com\/RepliqueMangaCine\" \/>\n<meta property=\"article:modified_time\" content=\"2026-04-15T10:18:09+00:00\" \/>\n<meta property=\"og:image\" content=\"https:\/\/repliquemangacine.fr\/wp-content\/uploads\/2023\/10\/sh658.jpg\" \/>\n\t<meta property=\"og:image:width\" content=\"800\" \/>\n\t<meta property=\"og:image:height\" content=\"800\" \/>\n\t<meta property=\"og:image:type\" content=\"image\/jpeg\" \/>\n<meta name=\"twitter:card\" content=\"summary_large_image\" \/>\n<meta name=\"twitter:label1\" content=\"Tiempo de lectura\" \/>\n\t<meta name=\"twitter:data1\" content=\"1 minuto\" \/>\n<script type=\"application\/ld+json\" class=\"yoast-schema-graph\">{\"@context\":\"https:\\\/\\\/schema.org\",\"@graph\":[{\"@type\":\"WebPage\",\"@id\":\"https:\\\/\\\/repliquemangacine.fr\\\/katana-demon-slayer-metal\\\/katana-de-shinobu-demon-slayer\\\/\",\"url\":\"https:\\\/\\\/repliquemangacine.fr\\\/katana-demon-slayer-metal\\\/katana-de-shinobu-demon-slayer\\\/\",\"name\":\"Katana de Shinobu Demon Slayer - Boutique en ligne | RMC\",\"isPartOf\":{\"@id\":\"https:\\\/\\\/repliquemangacine.fr\\\/#website\"},\"primaryImageOfPage\":{\"@id\":\"https:\\\/\\\/repliquemangacine.fr\\\/katana-demon-slayer-metal\\\/katana-de-shinobu-demon-slayer\\\/#primaryimage\"},\"image\":{\"@id\":\"https:\\\/\\\/repliquemangacine.fr\\\/katana-demon-slayer-metal\\\/katana-de-shinobu-demon-slayer\\\/#primaryimage\"},\"thumbnailUrl\":\"https:\\\/\\\/repliquemangacine.fr\\\/wp-content\\\/uploads\\\/2023\\\/10\\\/sh658.jpg\",\"datePublished\":\"2020-02-24T15:25:28+00:00\",\"dateModified\":\"2026-04-15T10:18:09+00:00\",\"description\":\"Achetez vite ! Ce Katana de Shinobu Demon Slayer pas cher. Lame acier - Fourreau d\u00e9cor\u00e9 - Longueur totale\u00a0: 104cm - Poids\u00a0: 800grs - Envoi 24\\\/48h\",\"breadcrumb\":{\"@id\":\"https:\\\/\\\/repliquemangacine.fr\\\/katana-demon-slayer-metal\\\/katana-de-shinobu-demon-slayer\\\/#breadcrumb\"},\"inLanguage\":\"es\",\"potentialAction\":[{\"@type\":\"ReadAction\",\"target\":[\"https:\\\/\\\/repliquemangacine.fr\\\/katana-demon-slayer-metal\\\/katana-de-shinobu-demon-slayer\\\/\"]}]},{\"@type\":\"ImageObject\",\"inLanguage\":\"es\",\"@id\":\"https:\\\/\\\/repliquemangacine.fr\\\/katana-demon-slayer-metal\\\/katana-de-shinobu-demon-slayer\\\/#primaryimage\",\"url\":\"https:\\\/\\\/repliquemangacine.fr\\\/wp-content\\\/uploads\\\/2023\\\/10\\\/sh658.jpg\",\"contentUrl\":\"https:\\\/\\\/repliquemangacine.fr\\\/wp-content\\\/uploads\\\/2023\\\/10\\\/sh658.jpg\",\"width\":800,\"height\":800,\"caption\":\"Katana de Shinobu Demon Slayer lame acier\"},{\"@type\":\"BreadcrumbList\",\"@id\":\"https:\\\/\\\/repliquemangacine.fr\\\/katana-demon-slayer-metal\\\/katana-de-shinobu-demon-slayer\\\/#breadcrumb\",\"itemListElement\":[{\"@type\":\"ListItem\",\"position\":1,\"name\":\"Accueil\",\"item\":\"https:\\\/\\\/repliquemangacine.fr\\\/\"},{\"@type\":\"ListItem\",\"position\":2,\"name\":\"Produits\",\"item\":\"https:\\\/\\\/repliquemangacine.fr\\\/boutique\\\/\"},{\"@type\":\"ListItem\",\"position\":3,\"name\":\"Katana de Shinobu Demon Slayer\"}]},{\"@type\":\"WebSite\",\"@id\":\"https:\\\/\\\/repliquemangacine.fr\\\/#website\",\"url\":\"https:\\\/\\\/repliquemangacine.fr\\\/\",\"name\":\"R\u00e9plique Manga Cin\u00e9\",\"description\":\"\",\"publisher\":{\"@id\":\"https:\\\/\\\/repliquemangacine.fr\\\/#organization\"},\"potentialAction\":[{\"@type\":\"SearchAction\",\"target\":{\"@type\":\"EntryPoint\",\"urlTemplate\":\"https:\\\/\\\/repliquemangacine.fr\\\/?s={search_term_string}\"},\"query-input\":{\"@type\":\"PropertyValueSpecification\",\"valueRequired\":true,\"valueName\":\"search_term_string\"}}],\"inLanguage\":\"es\"},{\"@type\":\"Organization\",\"@id\":\"https:\\\/\\\/repliquemangacine.fr\\\/#organization\",\"name\":\"R\u00e9plique Manga Cin\u00e9\",\"url\":\"https:\\\/\\\/repliquemangacine.fr\\\/\",\"logo\":{\"@type\":\"ImageObject\",\"inLanguage\":\"es\",\"@id\":\"https:\\\/\\\/repliquemangacine.fr\\\/#\\\/schema\\\/logo\\\/image\\\/\",\"url\":\"https:\\\/\\\/repliquemangacine.fr\\\/wp-content\\\/uploads\\\/2023\\\/10\\\/RMC-500250.png\",\"contentUrl\":\"https:\\\/\\\/repliquemangacine.fr\\\/wp-content\\\/uploads\\\/2023\\\/10\\\/RMC-500250.png\",\"width\":500,\"height\":250,\"caption\":\"R\u00e9plique Manga Cin\u00e9\"},\"image\":{\"@id\":\"https:\\\/\\\/repliquemangacine.fr\\\/#\\\/schema\\\/logo\\\/image\\\/\"},\"sameAs\":[\"https:\\\/\\\/www.facebook.com\\\/RepliqueMangaCine\",\"https:\\\/\\\/www.instagram.com\\\/repliquemangacine.fr\\\/\"]}]}<\/script>\n<!-- \/ Yoast SEO plugin. -->","yoast_head_json":{"title":"Katana de Shinobu Demon Slayer - Boutique en ligne | RMC","description":"\u00a1C\u00f3mprala ahora! Esta Katana barata de Shinobu Demon Slayer. Hoja de acero - Vaina decorada - Longitud total: 104cm - Peso: 800grs - Env\u00edo 24\/48h","robots":{"index":"index","follow":"follow","max-snippet":"max-snippet:-1","max-image-preview":"max-image-preview:large","max-video-preview":"max-video-preview:-1"},"canonical":"https:\/\/repliquemangacine.fr\/es\/katana-demon-slayer-metal\/shinobu-matademonios-katana\/","og_locale":"es_ES","og_type":"article","og_title":"Katana de Shinobu Demon Slayer - Boutique en ligne | RMC","og_description":"Achetez vite ! Ce Katana de Shinobu Demon Slayer pas cher. Lame acier - Fourreau d\u00e9cor\u00e9 - Longueur totale\u00a0: 104cm - Poids\u00a0: 800grs - Envoi 24\/48h","og_url":"https:\/\/repliquemangacine.fr\/es\/katana-demon-slayer-metal\/shinobu-matademonios-katana\/","og_site_name":"R\u00e9plique Manga Cin\u00e9","article_publisher":"https:\/\/www.facebook.com\/RepliqueMangaCine","article_modified_time":"2026-04-15T10:18:09+00:00","og_image":[{"width":800,"height":800,"url":"https:\/\/repliquemangacine.fr\/wp-content\/uploads\/2023\/10\/sh658.jpg","type":"image\/jpeg"}],"twitter_card":"summary_large_image","twitter_misc":{"Tiempo de lectura":"1 minuto"},"schema":{"@context":"https:\/\/schema.org","@graph":[{"@type":"WebPage","@id":"https:\/\/repliquemangacine.fr\/katana-demon-slayer-metal\/katana-de-shinobu-demon-slayer\/","url":"https:\/\/repliquemangacine.fr\/katana-demon-slayer-metal\/katana-de-shinobu-demon-slayer\/","name":"Katana de Shinobu Demon Slayer - Boutique en ligne | RMC","isPartOf":{"@id":"https:\/\/repliquemangacine.fr\/#website"},"primaryImageOfPage":{"@id":"https:\/\/repliquemangacine.fr\/katana-demon-slayer-metal\/katana-de-shinobu-demon-slayer\/#primaryimage"},"image":{"@id":"https:\/\/repliquemangacine.fr\/katana-demon-slayer-metal\/katana-de-shinobu-demon-slayer\/#primaryimage"},"thumbnailUrl":"https:\/\/repliquemangacine.fr\/wp-content\/uploads\/2023\/10\/sh658.jpg","datePublished":"2020-02-24T15:25:28+00:00","dateModified":"2026-04-15T10:18:09+00:00","description":"\u00a1C\u00f3mprala ahora! Esta Katana barata de Shinobu Demon Slayer. Hoja de acero - Vaina decorada - Longitud total: 104cm - Peso: 800grs - Env\u00edo 24\/48h","breadcrumb":{"@id":"https:\/\/repliquemangacine.fr\/katana-demon-slayer-metal\/katana-de-shinobu-demon-slayer\/#breadcrumb"},"inLanguage":"es","potentialAction":[{"@type":"ReadAction","target":["https:\/\/repliquemangacine.fr\/katana-demon-slayer-metal\/katana-de-shinobu-demon-slayer\/"]}]},{"@type":"ImageObject","inLanguage":"es","@id":"https:\/\/repliquemangacine.fr\/katana-demon-slayer-metal\/katana-de-shinobu-demon-slayer\/#primaryimage","url":"https:\/\/repliquemangacine.fr\/wp-content\/uploads\/2023\/10\/sh658.jpg","contentUrl":"https:\/\/repliquemangacine.fr\/wp-content\/uploads\/2023\/10\/sh658.jpg","width":800,"height":800,"caption":"Katana de Shinobu Demon Slayer lame acier"},{"@type":"BreadcrumbList","@id":"https:\/\/repliquemangacine.fr\/katana-demon-slayer-metal\/katana-de-shinobu-demon-slayer\/#breadcrumb","itemListElement":[{"@type":"ListItem","position":1,"name":"Accueil","item":"https:\/\/repliquemangacine.fr\/"},{"@type":"ListItem","position":2,"name":"Produits","item":"https:\/\/repliquemangacine.fr\/boutique\/"},{"@type":"ListItem","position":3,"name":"Katana de Shinobu Demon Slayer"}]},{"@type":"WebSite","@id":"https:\/\/repliquemangacine.fr\/#website","url":"https:\/\/repliquemangacine.fr\/","name":"R\u00e9plique Manga Cin\u00e9","description":"","publisher":{"@id":"https:\/\/repliquemangacine.fr\/#organization"},"potentialAction":[{"@type":"SearchAction","target":{"@type":"EntryPoint","urlTemplate":"https:\/\/repliquemangacine.fr\/?s={search_term_string}"},"query-input":{"@type":"PropertyValueSpecification","valueRequired":true,"valueName":"search_term_string"}}],"inLanguage":"es"},{"@type":"Organization","@id":"https:\/\/repliquemangacine.fr\/#organization","name":"R\u00e9plique Manga Cin\u00e9","url":"https:\/\/repliquemangacine.fr\/","logo":{"@type":"ImageObject","inLanguage":"es","@id":"https:\/\/repliquemangacine.fr\/#\/schema\/logo\/image\/","url":"https:\/\/repliquemangacine.fr\/wp-content\/uploads\/2023\/10\/RMC-500250.png","contentUrl":"https:\/\/repliquemangacine.fr\/wp-content\/uploads\/2023\/10\/RMC-500250.png","width":500,"height":250,"caption":"R\u00e9plique Manga Cin\u00e9"},"image":{"@id":"https:\/\/repliquemangacine.fr\/#\/schema\/logo\/image\/"},"sameAs":["https:\/\/www.facebook.com\/RepliqueMangaCine","https:\/\/www.instagram.com\/repliquemangacine.fr\/"]}]}},"_links":{"self":[{"href":"https:\/\/repliquemangacine.fr\/es\/wp-json\/wp\/v2\/product\/28820","targetHints":{"allow":["GET"]}}],"collection":[{"href":"https:\/\/repliquemangacine.fr\/es\/wp-json\/wp\/v2\/product"}],"about":[{"href":"https:\/\/repliquemangacine.fr\/es\/wp-json\/wp\/v2\/types\/product"}],"wp:featuredmedia":[{"embeddable":true,"href":"https:\/\/repliquemangacine.fr\/es\/wp-json\/wp\/v2\/media\/28821"}],"wp:attachment":[{"href":"https:\/\/repliquemangacine.fr\/es\/wp-json\/wp\/v2\/media?parent=28820"}],"wp:term":[{"taxonomy":"product_brand","embeddable":true,"href":"https:\/\/repliquemangacine.fr\/es\/wp-json\/wp\/v2\/product_brand?post=28820"},{"taxonomy":"product_cat","embeddable":true,"href":"https:\/\/repliquemangacine.fr\/es\/wp-json\/wp\/v2\/product_cat?post=28820"},{"taxonomy":"product_tag","embeddable":true,"href":"https:\/\/repliquemangacine.fr\/es\/wp-json\/wp\/v2\/product_tag?post=28820"}],"curies":[{"name":"wp","href":"https:\/\/api.w.org\/{rel}","templated":true}]}}