





{"id":28776,"date":"2020-02-22T16:30:36","date_gmt":"2020-02-22T15:30:36","guid":{"rendered":"https:\/\/repliquemangacine.fr\/?post_type=product&#038;p=28776"},"modified":"2025-11-03T15:21:16","modified_gmt":"2025-11-03T14:21:16","slug":"athena-espada-mujer-maravilla-liga-de-la-justicia","status":"publish","type":"product","link":"https:\/\/repliquemangacine.fr\/es\/super-heros-marvel\/epee-athena-wonder-woman-justice-league\/","title":{"rendered":"Espada Athena Wonder Woman"},"content":{"rendered":"<h2>Espada Athena de Wonder Woman en la Liga de la Justicia.<\/h2>\n<p>Para empezar, el<strong>Espada Athena Wonder Woman<\/strong> Tiene poderes m\u00e1gicos que Wonder Woman usa en combate, reemplazando a la espada God Killer despu\u00e9s de que Ares la destruyera.<\/p>\n<p>Incre\u00edblemente afilada y duradera, no muestra ning\u00fan da\u00f1o aparente tras su uso intensivo por parte de Diana. Probablemente tambi\u00e9n sea de naturaleza m\u00e1gica, como muchas armas de Themysciran, debido a su capacidad para herir a seres que de otro modo ser\u00edan invulnerables, como Superman y Doomsday.<\/p>\n<p>En alg\u00fan momento, la espada fue creada y empu\u00f1ada por la diosa ol\u00edmpica de la sabidur\u00eda, la artesan\u00eda y la estrategia, Atenea. Poco despu\u00e9s de la Primera Guerra Mundial, <a href=\"https:\/\/dc.fandom.com\/fr\/wiki\/Wonder_Woman_(Diana_Prince)\" target=\"_blank\" rel=\"noopener noreferrer\">La Mujer Maravilla<\/a> de alguna manera ha adquirido un reemplazo para el Asesino de Dios, la espada que Ares destruy\u00f3.<\/p>\n<h2>Tu Espada Atenea Wonder Woman al mejor precio.<\/h2>\n<p>Te ofrecemos una amplia selecci\u00f3n de r\u00e9plicas de tus superh\u00e9roes favoritos.<\/p>\n<p>Ante todo<\/p>\n<ul>\n<li>L'<a href=\"https:\/\/repliquemangacine.fr\/es\/superheroes\/replique-epee-god-killer-wonder-woman\/\">Espada God Killer<\/a> La primera espada de Wonder Woman destruida por Ares.<\/li>\n<li>Entonces el <a href=\"https:\/\/repliquemangacine.fr\/es\/superheroes\/daga-de-loki\/\">Daga de Loki<\/a> con su hoja grabada.<\/li>\n<li>Tambi\u00e9n existe la <a href=\"https:\/\/repliquemangacine.fr\/es\/superheroes\/liga-de-la-justicia-replica-aquaman-tridente-186-cm\/\">Tridente de Aquaman<\/a> bajo licencia oficial distribuida por Noble Collection.<\/li>\n<li>Y muchos m\u00e1s por descubrir en nuestra tienda en l\u00ednea.<\/li>\n<\/ul>\n<p>Por eso, aqu\u00ed tienes unas ideas fant\u00e1sticas para regalar a todos los amantes del universo Marvel.<\/p>\n<p>En conclusi\u00f3n, puede utilizar el\u2019<strong>Espada Athena Wonder Woman<\/strong> para tus desfiles de cosplay. Pero, sobre todo, esta espada es una pieza de coleccionista y un objeto decorativo.<\/p>\n<h2>\u00bfC\u00f3mo se mantiene la hoja del sable?<\/h2>\n<p>Las espadas de colecci\u00f3n y decorativas se fabrican y ensamblan de forma simplificada. Como su uso es decorativo, no cuentan con los elementos de seguridad exigidos a un sable japon\u00e9s destinado al entrenamiento.<\/p>\n<p>Sin embargo, su <strong>Espada Athena Wonder Woman<\/strong> a una hoja de acero que hay que cuidar para evitar que se estropee con el tiempo. Cuando exponga su katana, sus amigos sentir\u00e1n curiosidad por ver la hoja y tocarla. Aqu\u00ed es donde hay que tener cuidado, ya que la acidez de los dedos es muy perjudicial para el acero, sea cual sea su calidad.<\/p>\n<p>Sin embargo, si esto ocurre, no te asustes, todo lo que necesitas es un pa\u00f1o humedecido con un poco de aceite y limpiar las huellas dactilares. Si haces esto, tu espada durar\u00e1 mucho tiempo.<\/p>","protected":false},"excerpt":{"rendered":"<p>R\u00e9plica de la espada de Wonder Woman en la Liga de la Justicia.<\/p>\n<ul>\n<li>Hoja de acero inoxidable con \u00e1guila serigrafiada.<\/li>\n<li>Runas \u00e9lficas y tres s\u00edmbolos.<\/li>\n<li>Empu\u00f1adura y pomo de acero.<\/li>\n<li>Asa decorativa de metal pintado.<\/li>\n<li>Funda de polipiel.<\/li>\n<li>Longitud hoja: 79 cm - Longitud total: 105,5 cm - Peso: 1460 grs<\/li>\n<\/ul>","protected":false},"featured_media":28777,"template":"","meta":[],"product_brand":[896],"product_cat":[24,59],"product_tag":[],"class_list":{"0":"post-28776","1":"product","2":"type-product","3":"status-publish","4":"has-post-thumbnail","6":"product_brand-replique-manga-cine","7":"product_cat-films-series-tv-vente-de-katana-epee-et-produits-derives","8":"product_cat-super-heros-marvel","10":"first","11":"instock","12":"taxable","13":"shipping-taxable","14":"purchasable","15":"product-type-simple"},"yoast_head":"<!-- This site is optimized with the Yoast SEO plugin v27.4 - https:\/\/yoast.com\/product\/yoast-seo-wordpress\/ -->\n<title>Ep\u00e9e Ath\u00e9na Wonder Woman - Produits d\u00e9riv\u00e9s Marvel | RMC<\/title>\n<meta name=\"description\" content=\"Offrez-lui l&#039;Ep\u00e9e Ath\u00e9na Wonder Woman dans Justice League au meilleur prix - Lame en acier 440 - Runes Elfiques - Fourreau - Longueur totale : 105.5 cm\" \/>\n<meta name=\"robots\" content=\"index, follow, max-snippet:-1, max-image-preview:large, max-video-preview:-1\" \/>\n<link rel=\"canonical\" href=\"https:\/\/repliquemangacine.fr\/es\/superheroes-marvel\/athena-espada-mujer-maravilla-liga-de-la-justicia\/\" \/>\n<meta property=\"og:locale\" content=\"es_ES\" \/>\n<meta property=\"og:type\" content=\"article\" \/>\n<meta property=\"og:title\" content=\"Ep\u00e9e Ath\u00e9na Wonder Woman - Produits d\u00e9riv\u00e9s Marvel | RMC\" \/>\n<meta property=\"og:description\" content=\"Offrez-lui l&#039;Ep\u00e9e Ath\u00e9na Wonder Woman dans Justice League au meilleur prix - Lame en acier 440 - Runes Elfiques - Fourreau - Longueur totale : 105.5 cm\" \/>\n<meta property=\"og:url\" content=\"https:\/\/repliquemangacine.fr\/es\/superheroes-marvel\/athena-espada-mujer-maravilla-liga-de-la-justicia\/\" \/>\n<meta property=\"og:site_name\" content=\"R\u00e9plique Manga Cin\u00e9\" \/>\n<meta property=\"article:publisher\" content=\"https:\/\/www.facebook.com\/RepliqueMangaCine\" \/>\n<meta property=\"article:modified_time\" content=\"2025-11-03T14:21:16+00:00\" \/>\n<meta property=\"og:image\" content=\"https:\/\/repliquemangacine.fr\/wp-content\/uploads\/2023\/10\/3476-Epee-Wonder-Woman-fourreau.jpg\" \/>\n\t<meta property=\"og:image:width\" content=\"800\" \/>\n\t<meta property=\"og:image:height\" content=\"800\" \/>\n\t<meta property=\"og:image:type\" content=\"image\/jpeg\" \/>\n<meta name=\"twitter:card\" content=\"summary_large_image\" \/>\n<meta name=\"twitter:label1\" content=\"Tiempo de lectura\" \/>\n\t<meta name=\"twitter:data1\" content=\"1 minuto\" \/>\n<script type=\"application\/ld+json\" class=\"yoast-schema-graph\">{\"@context\":\"https:\\\/\\\/schema.org\",\"@graph\":[{\"@type\":\"WebPage\",\"@id\":\"https:\\\/\\\/repliquemangacine.fr\\\/super-heros-marvel\\\/epee-athena-wonder-woman-justice-league\\\/\",\"url\":\"https:\\\/\\\/repliquemangacine.fr\\\/super-heros-marvel\\\/epee-athena-wonder-woman-justice-league\\\/\",\"name\":\"Ep\u00e9e Ath\u00e9na Wonder Woman - Produits d\u00e9riv\u00e9s Marvel | RMC\",\"isPartOf\":{\"@id\":\"https:\\\/\\\/repliquemangacine.fr\\\/#website\"},\"primaryImageOfPage\":{\"@id\":\"https:\\\/\\\/repliquemangacine.fr\\\/super-heros-marvel\\\/epee-athena-wonder-woman-justice-league\\\/#primaryimage\"},\"image\":{\"@id\":\"https:\\\/\\\/repliquemangacine.fr\\\/super-heros-marvel\\\/epee-athena-wonder-woman-justice-league\\\/#primaryimage\"},\"thumbnailUrl\":\"https:\\\/\\\/repliquemangacine.fr\\\/wp-content\\\/uploads\\\/2023\\\/10\\\/3476-Epee-Wonder-Woman-fourreau.jpg\",\"datePublished\":\"2020-02-22T15:30:36+00:00\",\"dateModified\":\"2025-11-03T14:21:16+00:00\",\"description\":\"Offrez-lui l'Ep\u00e9e Ath\u00e9na Wonder Woman dans Justice League au meilleur prix - Lame en acier 440 - Runes Elfiques - Fourreau - Longueur totale : 105.5 cm\",\"breadcrumb\":{\"@id\":\"https:\\\/\\\/repliquemangacine.fr\\\/super-heros-marvel\\\/epee-athena-wonder-woman-justice-league\\\/#breadcrumb\"},\"inLanguage\":\"es\",\"potentialAction\":[{\"@type\":\"ReadAction\",\"target\":[\"https:\\\/\\\/repliquemangacine.fr\\\/super-heros-marvel\\\/epee-athena-wonder-woman-justice-league\\\/\"]}]},{\"@type\":\"ImageObject\",\"inLanguage\":\"es\",\"@id\":\"https:\\\/\\\/repliquemangacine.fr\\\/super-heros-marvel\\\/epee-athena-wonder-woman-justice-league\\\/#primaryimage\",\"url\":\"https:\\\/\\\/repliquemangacine.fr\\\/wp-content\\\/uploads\\\/2023\\\/10\\\/3476-Epee-Wonder-Woman-fourreau.jpg\",\"contentUrl\":\"https:\\\/\\\/repliquemangacine.fr\\\/wp-content\\\/uploads\\\/2023\\\/10\\\/3476-Epee-Wonder-Woman-fourreau.jpg\",\"width\":800,\"height\":800,\"caption\":\"Ep\u00e9e Wonder Woman + fourreau\"},{\"@type\":\"BreadcrumbList\",\"@id\":\"https:\\\/\\\/repliquemangacine.fr\\\/super-heros-marvel\\\/epee-athena-wonder-woman-justice-league\\\/#breadcrumb\",\"itemListElement\":[{\"@type\":\"ListItem\",\"position\":1,\"name\":\"Accueil\",\"item\":\"https:\\\/\\\/repliquemangacine.fr\\\/\"},{\"@type\":\"ListItem\",\"position\":2,\"name\":\"Produits\",\"item\":\"https:\\\/\\\/repliquemangacine.fr\\\/boutique\\\/\"},{\"@type\":\"ListItem\",\"position\":3,\"name\":\"Ep\u00e9e Ath\u00e9na Wonder Woman\"}]},{\"@type\":\"WebSite\",\"@id\":\"https:\\\/\\\/repliquemangacine.fr\\\/#website\",\"url\":\"https:\\\/\\\/repliquemangacine.fr\\\/\",\"name\":\"R\u00e9plique Manga Cin\u00e9\",\"description\":\"\",\"publisher\":{\"@id\":\"https:\\\/\\\/repliquemangacine.fr\\\/#organization\"},\"potentialAction\":[{\"@type\":\"SearchAction\",\"target\":{\"@type\":\"EntryPoint\",\"urlTemplate\":\"https:\\\/\\\/repliquemangacine.fr\\\/?s={search_term_string}\"},\"query-input\":{\"@type\":\"PropertyValueSpecification\",\"valueRequired\":true,\"valueName\":\"search_term_string\"}}],\"inLanguage\":\"es\"},{\"@type\":\"Organization\",\"@id\":\"https:\\\/\\\/repliquemangacine.fr\\\/#organization\",\"name\":\"R\u00e9plique Manga Cin\u00e9\",\"url\":\"https:\\\/\\\/repliquemangacine.fr\\\/\",\"logo\":{\"@type\":\"ImageObject\",\"inLanguage\":\"es\",\"@id\":\"https:\\\/\\\/repliquemangacine.fr\\\/#\\\/schema\\\/logo\\\/image\\\/\",\"url\":\"https:\\\/\\\/repliquemangacine.fr\\\/wp-content\\\/uploads\\\/2023\\\/10\\\/RMC-500250.png\",\"contentUrl\":\"https:\\\/\\\/repliquemangacine.fr\\\/wp-content\\\/uploads\\\/2023\\\/10\\\/RMC-500250.png\",\"width\":500,\"height\":250,\"caption\":\"R\u00e9plique Manga Cin\u00e9\"},\"image\":{\"@id\":\"https:\\\/\\\/repliquemangacine.fr\\\/#\\\/schema\\\/logo\\\/image\\\/\"},\"sameAs\":[\"https:\\\/\\\/www.facebook.com\\\/RepliqueMangaCine\",\"https:\\\/\\\/www.instagram.com\\\/repliquemangacine.fr\\\/\"]}]}<\/script>\n<!-- \/ Yoast SEO plugin. -->","yoast_head_json":{"title":"Espada Athena Wonder Woman - Marvel Merchandising | RMC","description":"Reg\u00e1lale la Espada Athena de Wonder Woman en Liga de la Justicia al mejor precio - Hoja de acero 440 - Runas \u00e9lficas - Vaina - Longitud total: 105,5 cm","robots":{"index":"index","follow":"follow","max-snippet":"max-snippet:-1","max-image-preview":"max-image-preview:large","max-video-preview":"max-video-preview:-1"},"canonical":"https:\/\/repliquemangacine.fr\/es\/superheroes-marvel\/athena-espada-mujer-maravilla-liga-de-la-justicia\/","og_locale":"es_ES","og_type":"article","og_title":"Ep\u00e9e Ath\u00e9na Wonder Woman - Produits d\u00e9riv\u00e9s Marvel | RMC","og_description":"Offrez-lui l'Ep\u00e9e Ath\u00e9na Wonder Woman dans Justice League au meilleur prix - Lame en acier 440 - Runes Elfiques - Fourreau - Longueur totale : 105.5 cm","og_url":"https:\/\/repliquemangacine.fr\/es\/superheroes-marvel\/athena-espada-mujer-maravilla-liga-de-la-justicia\/","og_site_name":"R\u00e9plique Manga Cin\u00e9","article_publisher":"https:\/\/www.facebook.com\/RepliqueMangaCine","article_modified_time":"2025-11-03T14:21:16+00:00","og_image":[{"width":800,"height":800,"url":"https:\/\/repliquemangacine.fr\/wp-content\/uploads\/2023\/10\/3476-Epee-Wonder-Woman-fourreau.jpg","type":"image\/jpeg"}],"twitter_card":"summary_large_image","twitter_misc":{"Tiempo de lectura":"1 minuto"},"schema":{"@context":"https:\/\/schema.org","@graph":[{"@type":"WebPage","@id":"https:\/\/repliquemangacine.fr\/super-heros-marvel\/epee-athena-wonder-woman-justice-league\/","url":"https:\/\/repliquemangacine.fr\/super-heros-marvel\/epee-athena-wonder-woman-justice-league\/","name":"Espada Athena Wonder Woman - Marvel Merchandising | RMC","isPartOf":{"@id":"https:\/\/repliquemangacine.fr\/#website"},"primaryImageOfPage":{"@id":"https:\/\/repliquemangacine.fr\/super-heros-marvel\/epee-athena-wonder-woman-justice-league\/#primaryimage"},"image":{"@id":"https:\/\/repliquemangacine.fr\/super-heros-marvel\/epee-athena-wonder-woman-justice-league\/#primaryimage"},"thumbnailUrl":"https:\/\/repliquemangacine.fr\/wp-content\/uploads\/2023\/10\/3476-Epee-Wonder-Woman-fourreau.jpg","datePublished":"2020-02-22T15:30:36+00:00","dateModified":"2025-11-03T14:21:16+00:00","description":"Reg\u00e1lale la Espada Athena de Wonder Woman en Liga de la Justicia al mejor precio - Hoja de acero 440 - Runas \u00e9lficas - Vaina - Longitud total: 105,5 cm","breadcrumb":{"@id":"https:\/\/repliquemangacine.fr\/super-heros-marvel\/epee-athena-wonder-woman-justice-league\/#breadcrumb"},"inLanguage":"es","potentialAction":[{"@type":"ReadAction","target":["https:\/\/repliquemangacine.fr\/super-heros-marvel\/epee-athena-wonder-woman-justice-league\/"]}]},{"@type":"ImageObject","inLanguage":"es","@id":"https:\/\/repliquemangacine.fr\/super-heros-marvel\/epee-athena-wonder-woman-justice-league\/#primaryimage","url":"https:\/\/repliquemangacine.fr\/wp-content\/uploads\/2023\/10\/3476-Epee-Wonder-Woman-fourreau.jpg","contentUrl":"https:\/\/repliquemangacine.fr\/wp-content\/uploads\/2023\/10\/3476-Epee-Wonder-Woman-fourreau.jpg","width":800,"height":800,"caption":"Ep\u00e9e Wonder Woman + fourreau"},{"@type":"BreadcrumbList","@id":"https:\/\/repliquemangacine.fr\/super-heros-marvel\/epee-athena-wonder-woman-justice-league\/#breadcrumb","itemListElement":[{"@type":"ListItem","position":1,"name":"Accueil","item":"https:\/\/repliquemangacine.fr\/"},{"@type":"ListItem","position":2,"name":"Produits","item":"https:\/\/repliquemangacine.fr\/boutique\/"},{"@type":"ListItem","position":3,"name":"Ep\u00e9e Ath\u00e9na Wonder Woman"}]},{"@type":"WebSite","@id":"https:\/\/repliquemangacine.fr\/#website","url":"https:\/\/repliquemangacine.fr\/","name":"R\u00e9plique Manga Cin\u00e9","description":"","publisher":{"@id":"https:\/\/repliquemangacine.fr\/#organization"},"potentialAction":[{"@type":"SearchAction","target":{"@type":"EntryPoint","urlTemplate":"https:\/\/repliquemangacine.fr\/?s={search_term_string}"},"query-input":{"@type":"PropertyValueSpecification","valueRequired":true,"valueName":"search_term_string"}}],"inLanguage":"es"},{"@type":"Organization","@id":"https:\/\/repliquemangacine.fr\/#organization","name":"R\u00e9plique Manga Cin\u00e9","url":"https:\/\/repliquemangacine.fr\/","logo":{"@type":"ImageObject","inLanguage":"es","@id":"https:\/\/repliquemangacine.fr\/#\/schema\/logo\/image\/","url":"https:\/\/repliquemangacine.fr\/wp-content\/uploads\/2023\/10\/RMC-500250.png","contentUrl":"https:\/\/repliquemangacine.fr\/wp-content\/uploads\/2023\/10\/RMC-500250.png","width":500,"height":250,"caption":"R\u00e9plique Manga Cin\u00e9"},"image":{"@id":"https:\/\/repliquemangacine.fr\/#\/schema\/logo\/image\/"},"sameAs":["https:\/\/www.facebook.com\/RepliqueMangaCine","https:\/\/www.instagram.com\/repliquemangacine.fr\/"]}]}},"_links":{"self":[{"href":"https:\/\/repliquemangacine.fr\/es\/wp-json\/wp\/v2\/product\/28776","targetHints":{"allow":["GET"]}}],"collection":[{"href":"https:\/\/repliquemangacine.fr\/es\/wp-json\/wp\/v2\/product"}],"about":[{"href":"https:\/\/repliquemangacine.fr\/es\/wp-json\/wp\/v2\/types\/product"}],"wp:featuredmedia":[{"embeddable":true,"href":"https:\/\/repliquemangacine.fr\/es\/wp-json\/wp\/v2\/media\/28777"}],"wp:attachment":[{"href":"https:\/\/repliquemangacine.fr\/es\/wp-json\/wp\/v2\/media?parent=28776"}],"wp:term":[{"taxonomy":"product_brand","embeddable":true,"href":"https:\/\/repliquemangacine.fr\/es\/wp-json\/wp\/v2\/product_brand?post=28776"},{"taxonomy":"product_cat","embeddable":true,"href":"https:\/\/repliquemangacine.fr\/es\/wp-json\/wp\/v2\/product_cat?post=28776"},{"taxonomy":"product_tag","embeddable":true,"href":"https:\/\/repliquemangacine.fr\/es\/wp-json\/wp\/v2\/product_tag?post=28776"}],"curies":[{"name":"wp","href":"https:\/\/api.w.org\/{rel}","templated":true}]}}