





{"id":28741,"date":"2020-02-08T10:18:10","date_gmt":"2020-02-08T09:18:10","guid":{"rendered":"https:\/\/repliquemangacine.fr\/?post_type=product&#038;p=28741"},"modified":"2026-03-10T13:14:09","modified_gmt":"2026-03-10T12:14:09","slug":"espada-corta-templaria-vaina-roja","status":"publish","type":"product","link":"https:\/\/repliquemangacine.fr\/es\/epee-templier-medievale\/epee-courte-des-templiers-fourreau-rouge\/","title":{"rendered":"Espada corta templaria, vaina roja"},"content":{"rendered":"<h2>Espada corta templaria, vaina roja.<\/h2>\n<p>Para empezar, el<strong>Espada corta templaria<\/strong>, un elemento imprescindible de extraordinaria calidad para ampliar su colecci\u00f3n.<\/p>\n<p>L'<a href=\"https:\/\/www.histoire-pour-tous.fr\/dossiers\/1505-naissance-des-templiers-13-janvier-1129.html\" target=\"_blank\" rel=\"noopener noreferrer\">Orden del Temple<\/a>, orden religiosa y militar surgida de la caballer\u00eda cristiana de la Edad Media, cuyos miembros se denominaban templarios. La vocaci\u00f3n de la Orden del Temple era proteger a los peregrinos cristianos que se dirig\u00edan a Tierra Santa. Esta peregrinaci\u00f3n era una de las tres m\u00e1s importantes de la cristiandad medieval.<\/p>\n<p>El sello, un distintivo personal que autentifica un acto y certifica una firma. Por cierto, se conocen unos veinte sellos templarios. Los sellos templarios franceses se conservan en el servicio de sellos de los Archivos Nacionales de Francia.<\/p>\n<p>Cabe destacar que la cruz patada indica la pertenencia de los templarios a la cristiandad y el color rojo recuerda la sangre derramada por Cristo.<\/p>\n<h2>Tu espada corta templaria al mejor precio.<\/h2>\n<p>Ofrecemos una amplia gama de r\u00e9plicas de la Edad Media.<\/p>\n<p>Lo primero y m\u00e1s importante,<\/p>\n<ul>\n<li>La legendaria y m\u00e1gica espada del Rey Arturo el<a href=\"https:\/\/repliquemangacine.fr\/es\/reproducciones-medievales\/excalibur-rey-arturo-espada-legendaria\/\">Excalibur<\/a> firmado Denix.<\/li>\n<li>Pero adem\u00e1s, la r\u00e9plica del<a href=\"https:\/\/repliquemangacine.fr\/es\/espada-medieval-2\/espada-de-san-mauricio-de-turin-siglo-xiii\/\">Espada San Mauricio de Tur\u00edn<\/a> Siglo XIII con vaina.<\/li>\n<li>Y muchos m\u00e1s por descubrir en nuestra tienda en l\u00ednea.<\/li>\n<\/ul>\n<p>Por eso, esta es una magn\u00edfica idea de regalo para todos los apasionados de la \u00e9poca medieval.<\/p>\n<p>En conclusi\u00f3n, tambi\u00e9n puede utilizar este <strong>Espada corta templaria<\/strong> para sus recreaciones hist\u00f3ricas o veladas tem\u00e1ticas. Pero, sobre todo, es tambi\u00e9n una pieza de coleccionista y un objeto decorativo.<\/p>\n<h2>\u00bfC\u00f3mo se mantiene la hoja de su espada medieval?<\/h2>\n<p>Las espadas de colecci\u00f3n y decorativas se fabrican y ensamblan de forma simplificada. Como su uso es decorativo, no cuentan con los elementos de seguridad necesarios para una espada japonesa destinada al entrenamiento.<\/p>\n<p>Sin embargo, su <strong>Espada corta templaria<\/strong> a una hoja de acero que hay que mantener para evitar que se da\u00f1e con el tiempo. Cuando muestres tu espada, tus amigos sentir\u00e1n curiosidad por ver la hoja y tocarla. Aqu\u00ed es donde hay que tener cuidado, porque la acidez de los dedos es muy perjudicial para el acero, sea cual sea su calidad.<\/p>\n<p>Sin embargo, si esto ocurre, no te asustes, todo lo que necesitas es un pa\u00f1o humedecido con un poco de aceite y limpiar las huellas dactilares. Si haces esto, tu espada durar\u00e1 mucho tiempo.<\/p>","protected":false},"excerpt":{"rendered":"<p>R\u00e9plica de espada templaria.<\/p>\n<ul>\n<li>Hoja de acero inoxidable con efecto espejo.<\/li>\n<li>Guarda met\u00e1lica con cruz patt\u00e9e.<\/li>\n<li>Mango cubierto de terciopelo rojo.<\/li>\n<li>Pomo de acero.<\/li>\n<li>Funda de polipiel roja.<\/li>\n<li>Longitud hoja: 58,5 cm - Longitud total: 85 cm - Peso: 800 grs<\/li>\n<\/ul>","protected":false},"featured_media":28742,"template":"","meta":[],"product_brand":[896],"product_cat":[25,84,43],"product_tag":[],"class_list":{"0":"post-28741","1":"product","2":"type-product","3":"status-publish","4":"has-post-thumbnail","6":"product_brand-replique-manga-cine","7":"product_cat-armes-historiques","8":"product_cat-epee-templier-medievale","9":"product_cat-reproductions-d-armes-et-accessoires-medievales","11":"first","12":"instock","13":"taxable","14":"shipping-taxable","15":"purchasable","16":"product-type-simple"},"yoast_head":"<!-- This site is optimized with the Yoast SEO plugin v27.4 - https:\/\/yoast.com\/product\/yoast-seo-wordpress\/ -->\n<title>Ep\u00e9e courte des Templiers - Vente d&#039;\u00c9p\u00e9es m\u00e9di\u00e9vale | RMC<\/title>\n<meta name=\"description\" content=\"Venez d\u00e9couvrir l&#039;Ep\u00e9e courte des Templiers au meilleur prix - Lame en acier miroir - Fourreau similicuir - Garde et pommeau acier - Longueur totale : 85 cm\" \/>\n<meta name=\"robots\" content=\"index, follow, max-snippet:-1, max-image-preview:large, max-video-preview:-1\" \/>\n<link rel=\"canonical\" href=\"https:\/\/repliquemangacine.fr\/es\/espada-templaria-medieval\/espada-corta-templaria-vaina-roja\/\" \/>\n<meta property=\"og:locale\" content=\"es_ES\" \/>\n<meta property=\"og:type\" content=\"article\" \/>\n<meta property=\"og:title\" content=\"Ep\u00e9e courte des Templiers - Vente d&#039;\u00c9p\u00e9es m\u00e9di\u00e9vale | RMC\" \/>\n<meta property=\"og:description\" content=\"Venez d\u00e9couvrir l&#039;Ep\u00e9e courte des Templiers au meilleur prix - Lame en acier miroir - Fourreau similicuir - Garde et pommeau acier - Longueur totale : 85 cm\" \/>\n<meta property=\"og:url\" content=\"https:\/\/repliquemangacine.fr\/es\/espada-templaria-medieval\/espada-corta-templaria-vaina-roja\/\" \/>\n<meta property=\"og:site_name\" content=\"R\u00e9plique Manga Cin\u00e9\" \/>\n<meta property=\"article:publisher\" content=\"https:\/\/www.facebook.com\/RepliqueMangaCine\" \/>\n<meta property=\"article:modified_time\" content=\"2026-03-10T12:14:09+00:00\" \/>\n<meta property=\"og:image\" content=\"https:\/\/repliquemangacine.fr\/wp-content\/uploads\/2023\/10\/3443-Epee-courte-des-Templiers-rouge.jpg\" \/>\n\t<meta property=\"og:image:width\" content=\"800\" \/>\n\t<meta property=\"og:image:height\" content=\"800\" \/>\n\t<meta property=\"og:image:type\" content=\"image\/jpeg\" \/>\n<meta name=\"twitter:card\" content=\"summary_large_image\" \/>\n<meta name=\"twitter:label1\" content=\"Tiempo de lectura\" \/>\n\t<meta name=\"twitter:data1\" content=\"2 minutos\" \/>\n<script type=\"application\/ld+json\" class=\"yoast-schema-graph\">{\"@context\":\"https:\\\/\\\/schema.org\",\"@graph\":[{\"@type\":\"WebPage\",\"@id\":\"https:\\\/\\\/repliquemangacine.fr\\\/epee-templier-medievale\\\/epee-courte-des-templiers-fourreau-rouge\\\/\",\"url\":\"https:\\\/\\\/repliquemangacine.fr\\\/epee-templier-medievale\\\/epee-courte-des-templiers-fourreau-rouge\\\/\",\"name\":\"Ep\u00e9e courte des Templiers - Vente d'\u00c9p\u00e9es m\u00e9di\u00e9vale | RMC\",\"isPartOf\":{\"@id\":\"https:\\\/\\\/repliquemangacine.fr\\\/#website\"},\"primaryImageOfPage\":{\"@id\":\"https:\\\/\\\/repliquemangacine.fr\\\/epee-templier-medievale\\\/epee-courte-des-templiers-fourreau-rouge\\\/#primaryimage\"},\"image\":{\"@id\":\"https:\\\/\\\/repliquemangacine.fr\\\/epee-templier-medievale\\\/epee-courte-des-templiers-fourreau-rouge\\\/#primaryimage\"},\"thumbnailUrl\":\"https:\\\/\\\/repliquemangacine.fr\\\/wp-content\\\/uploads\\\/2023\\\/10\\\/3443-Epee-courte-des-Templiers-rouge.jpg\",\"datePublished\":\"2020-02-08T09:18:10+00:00\",\"dateModified\":\"2026-03-10T12:14:09+00:00\",\"description\":\"Venez d\u00e9couvrir l'Ep\u00e9e courte des Templiers au meilleur prix - Lame en acier miroir - Fourreau similicuir - Garde et pommeau acier - Longueur totale : 85 cm\",\"breadcrumb\":{\"@id\":\"https:\\\/\\\/repliquemangacine.fr\\\/epee-templier-medievale\\\/epee-courte-des-templiers-fourreau-rouge\\\/#breadcrumb\"},\"inLanguage\":\"es\",\"potentialAction\":[{\"@type\":\"ReadAction\",\"target\":[\"https:\\\/\\\/repliquemangacine.fr\\\/epee-templier-medievale\\\/epee-courte-des-templiers-fourreau-rouge\\\/\"]}]},{\"@type\":\"ImageObject\",\"inLanguage\":\"es\",\"@id\":\"https:\\\/\\\/repliquemangacine.fr\\\/epee-templier-medievale\\\/epee-courte-des-templiers-fourreau-rouge\\\/#primaryimage\",\"url\":\"https:\\\/\\\/repliquemangacine.fr\\\/wp-content\\\/uploads\\\/2023\\\/10\\\/3443-Epee-courte-des-Templiers-rouge.jpg\",\"contentUrl\":\"https:\\\/\\\/repliquemangacine.fr\\\/wp-content\\\/uploads\\\/2023\\\/10\\\/3443-Epee-courte-des-Templiers-rouge.jpg\",\"width\":800,\"height\":800,\"caption\":\"Ep\u00e9e courte des Templiers rouge\"},{\"@type\":\"BreadcrumbList\",\"@id\":\"https:\\\/\\\/repliquemangacine.fr\\\/epee-templier-medievale\\\/epee-courte-des-templiers-fourreau-rouge\\\/#breadcrumb\",\"itemListElement\":[{\"@type\":\"ListItem\",\"position\":1,\"name\":\"Accueil\",\"item\":\"https:\\\/\\\/repliquemangacine.fr\\\/\"},{\"@type\":\"ListItem\",\"position\":2,\"name\":\"Produits\",\"item\":\"https:\\\/\\\/repliquemangacine.fr\\\/boutique\\\/\"},{\"@type\":\"ListItem\",\"position\":3,\"name\":\"Ep\u00e9e courte Templiers, fourreau rouge\"}]},{\"@type\":\"WebSite\",\"@id\":\"https:\\\/\\\/repliquemangacine.fr\\\/#website\",\"url\":\"https:\\\/\\\/repliquemangacine.fr\\\/\",\"name\":\"R\u00e9plique Manga Cin\u00e9\",\"description\":\"\",\"publisher\":{\"@id\":\"https:\\\/\\\/repliquemangacine.fr\\\/#organization\"},\"potentialAction\":[{\"@type\":\"SearchAction\",\"target\":{\"@type\":\"EntryPoint\",\"urlTemplate\":\"https:\\\/\\\/repliquemangacine.fr\\\/?s={search_term_string}\"},\"query-input\":{\"@type\":\"PropertyValueSpecification\",\"valueRequired\":true,\"valueName\":\"search_term_string\"}}],\"inLanguage\":\"es\"},{\"@type\":\"Organization\",\"@id\":\"https:\\\/\\\/repliquemangacine.fr\\\/#organization\",\"name\":\"R\u00e9plique Manga Cin\u00e9\",\"url\":\"https:\\\/\\\/repliquemangacine.fr\\\/\",\"logo\":{\"@type\":\"ImageObject\",\"inLanguage\":\"es\",\"@id\":\"https:\\\/\\\/repliquemangacine.fr\\\/#\\\/schema\\\/logo\\\/image\\\/\",\"url\":\"https:\\\/\\\/repliquemangacine.fr\\\/wp-content\\\/uploads\\\/2023\\\/10\\\/RMC-500250.png\",\"contentUrl\":\"https:\\\/\\\/repliquemangacine.fr\\\/wp-content\\\/uploads\\\/2023\\\/10\\\/RMC-500250.png\",\"width\":500,\"height\":250,\"caption\":\"R\u00e9plique Manga Cin\u00e9\"},\"image\":{\"@id\":\"https:\\\/\\\/repliquemangacine.fr\\\/#\\\/schema\\\/logo\\\/image\\\/\"},\"sameAs\":[\"https:\\\/\\\/www.facebook.com\\\/RepliqueMangaCine\",\"https:\\\/\\\/www.instagram.com\\\/repliquemangacine.fr\\\/\"]}]}<\/script>\n<!-- \/ Yoast SEO plugin. -->","yoast_head_json":{"title":"Espada corta templaria - Espadas medievales en venta | RMC","description":"Descubra la espada corta templaria al mejor precio - Hoja de acero de espejo - Vaina de cuero de imitaci\u00f3n - Empu\u00f1adura y pomo de acero - Longitud total: 85 cm","robots":{"index":"index","follow":"follow","max-snippet":"max-snippet:-1","max-image-preview":"max-image-preview:large","max-video-preview":"max-video-preview:-1"},"canonical":"https:\/\/repliquemangacine.fr\/es\/espada-templaria-medieval\/espada-corta-templaria-vaina-roja\/","og_locale":"es_ES","og_type":"article","og_title":"Ep\u00e9e courte des Templiers - Vente d'\u00c9p\u00e9es m\u00e9di\u00e9vale | RMC","og_description":"Venez d\u00e9couvrir l'Ep\u00e9e courte des Templiers au meilleur prix - Lame en acier miroir - Fourreau similicuir - Garde et pommeau acier - Longueur totale : 85 cm","og_url":"https:\/\/repliquemangacine.fr\/es\/espada-templaria-medieval\/espada-corta-templaria-vaina-roja\/","og_site_name":"R\u00e9plique Manga Cin\u00e9","article_publisher":"https:\/\/www.facebook.com\/RepliqueMangaCine","article_modified_time":"2026-03-10T12:14:09+00:00","og_image":[{"width":800,"height":800,"url":"https:\/\/repliquemangacine.fr\/wp-content\/uploads\/2023\/10\/3443-Epee-courte-des-Templiers-rouge.jpg","type":"image\/jpeg"}],"twitter_card":"summary_large_image","twitter_misc":{"Tiempo de lectura":"2 minutos"},"schema":{"@context":"https:\/\/schema.org","@graph":[{"@type":"WebPage","@id":"https:\/\/repliquemangacine.fr\/epee-templier-medievale\/epee-courte-des-templiers-fourreau-rouge\/","url":"https:\/\/repliquemangacine.fr\/epee-templier-medievale\/epee-courte-des-templiers-fourreau-rouge\/","name":"Espada corta templaria - Espadas medievales en venta | RMC","isPartOf":{"@id":"https:\/\/repliquemangacine.fr\/#website"},"primaryImageOfPage":{"@id":"https:\/\/repliquemangacine.fr\/epee-templier-medievale\/epee-courte-des-templiers-fourreau-rouge\/#primaryimage"},"image":{"@id":"https:\/\/repliquemangacine.fr\/epee-templier-medievale\/epee-courte-des-templiers-fourreau-rouge\/#primaryimage"},"thumbnailUrl":"https:\/\/repliquemangacine.fr\/wp-content\/uploads\/2023\/10\/3443-Epee-courte-des-Templiers-rouge.jpg","datePublished":"2020-02-08T09:18:10+00:00","dateModified":"2026-03-10T12:14:09+00:00","description":"Descubra la espada corta templaria al mejor precio - Hoja de acero de espejo - Vaina de cuero de imitaci\u00f3n - Empu\u00f1adura y pomo de acero - Longitud total: 85 cm","breadcrumb":{"@id":"https:\/\/repliquemangacine.fr\/epee-templier-medievale\/epee-courte-des-templiers-fourreau-rouge\/#breadcrumb"},"inLanguage":"es","potentialAction":[{"@type":"ReadAction","target":["https:\/\/repliquemangacine.fr\/epee-templier-medievale\/epee-courte-des-templiers-fourreau-rouge\/"]}]},{"@type":"ImageObject","inLanguage":"es","@id":"https:\/\/repliquemangacine.fr\/epee-templier-medievale\/epee-courte-des-templiers-fourreau-rouge\/#primaryimage","url":"https:\/\/repliquemangacine.fr\/wp-content\/uploads\/2023\/10\/3443-Epee-courte-des-Templiers-rouge.jpg","contentUrl":"https:\/\/repliquemangacine.fr\/wp-content\/uploads\/2023\/10\/3443-Epee-courte-des-Templiers-rouge.jpg","width":800,"height":800,"caption":"Ep\u00e9e courte des Templiers rouge"},{"@type":"BreadcrumbList","@id":"https:\/\/repliquemangacine.fr\/epee-templier-medievale\/epee-courte-des-templiers-fourreau-rouge\/#breadcrumb","itemListElement":[{"@type":"ListItem","position":1,"name":"Accueil","item":"https:\/\/repliquemangacine.fr\/"},{"@type":"ListItem","position":2,"name":"Produits","item":"https:\/\/repliquemangacine.fr\/boutique\/"},{"@type":"ListItem","position":3,"name":"Ep\u00e9e courte Templiers, fourreau rouge"}]},{"@type":"WebSite","@id":"https:\/\/repliquemangacine.fr\/#website","url":"https:\/\/repliquemangacine.fr\/","name":"R\u00e9plique Manga Cin\u00e9","description":"","publisher":{"@id":"https:\/\/repliquemangacine.fr\/#organization"},"potentialAction":[{"@type":"SearchAction","target":{"@type":"EntryPoint","urlTemplate":"https:\/\/repliquemangacine.fr\/?s={search_term_string}"},"query-input":{"@type":"PropertyValueSpecification","valueRequired":true,"valueName":"search_term_string"}}],"inLanguage":"es"},{"@type":"Organization","@id":"https:\/\/repliquemangacine.fr\/#organization","name":"R\u00e9plique Manga Cin\u00e9","url":"https:\/\/repliquemangacine.fr\/","logo":{"@type":"ImageObject","inLanguage":"es","@id":"https:\/\/repliquemangacine.fr\/#\/schema\/logo\/image\/","url":"https:\/\/repliquemangacine.fr\/wp-content\/uploads\/2023\/10\/RMC-500250.png","contentUrl":"https:\/\/repliquemangacine.fr\/wp-content\/uploads\/2023\/10\/RMC-500250.png","width":500,"height":250,"caption":"R\u00e9plique Manga Cin\u00e9"},"image":{"@id":"https:\/\/repliquemangacine.fr\/#\/schema\/logo\/image\/"},"sameAs":["https:\/\/www.facebook.com\/RepliqueMangaCine","https:\/\/www.instagram.com\/repliquemangacine.fr\/"]}]}},"_links":{"self":[{"href":"https:\/\/repliquemangacine.fr\/es\/wp-json\/wp\/v2\/product\/28741","targetHints":{"allow":["GET"]}}],"collection":[{"href":"https:\/\/repliquemangacine.fr\/es\/wp-json\/wp\/v2\/product"}],"about":[{"href":"https:\/\/repliquemangacine.fr\/es\/wp-json\/wp\/v2\/types\/product"}],"wp:featuredmedia":[{"embeddable":true,"href":"https:\/\/repliquemangacine.fr\/es\/wp-json\/wp\/v2\/media\/28742"}],"wp:attachment":[{"href":"https:\/\/repliquemangacine.fr\/es\/wp-json\/wp\/v2\/media?parent=28741"}],"wp:term":[{"taxonomy":"product_brand","embeddable":true,"href":"https:\/\/repliquemangacine.fr\/es\/wp-json\/wp\/v2\/product_brand?post=28741"},{"taxonomy":"product_cat","embeddable":true,"href":"https:\/\/repliquemangacine.fr\/es\/wp-json\/wp\/v2\/product_cat?post=28741"},{"taxonomy":"product_tag","embeddable":true,"href":"https:\/\/repliquemangacine.fr\/es\/wp-json\/wp\/v2\/product_tag?post=28741"}],"curies":[{"name":"wp","href":"https:\/\/api.w.org\/{rel}","templated":true}]}}